{"id":10569,"date":"2023-10-27T18:14:57","date_gmt":"2023-10-27T16:14:57","guid":{"rendered":"https:\/\/fredfloris.eu\/?post_type=product&#038;p=10569"},"modified":"2024-04-29T10:04:49","modified_gmt":"2024-04-29T08:04:49","slug":"customize-the-slim-wayfarer","status":"publish","type":"product","link":"https:\/\/fredfloris.eu\/lv\/productpage\/customize-the-slim-wayfarer\/","title":{"rendered":"Piel\u0101go\u0161ana - The Slim Wayfarer"},"content":{"rendered":"<p>\u0160\u012b ir personaliz\u0101cijas lapa <a href=\"https:\/\/fredfloris.eu\/lv\/productpage\/the-slim-wayfarer\/?wmc-currency=EUR\">The Slim Wayfarer<\/a>.<\/p>\n<p>Lai ieg\u016btu visaptvero\u0161u rokasgr\u0101matu par r\u012bka lieto\u0161anu, skatiet m\u016bsu visp\u0101r\u0113jo rokasgr\u0101matu. <a href=\"https:\/\/fredfloris.eu\/lv\/personalize-guide\/?wmc-currency=EUR\">\u0161eit<\/a><\/p>\n<p>&nbsp;<\/p>\n<hr \/>\n<p>&nbsp;<\/p>\n<p>Grav\u0113jamais laukums \u0101das atloka iek\u0161pus\u0113 ir aptuveni 5,0 x 5,5 cm.<\/p>\n<p>Taj\u0101 ir pietiekami daudz vietas, lai atz\u012bm\u0113tu savu z\u012bmi, neapdraudot maku kop\u0113jo est\u0113tiku.<\/p>\n<p>&nbsp;<\/p>\n<p>Ja v\u0113laties piel\u0101got \u0161o produktu, pievienojiet grozam gan preci, gan savu dizainu. Personaliz\u0101cija ir bez papildu maksas, un t\u0101 tiek veikta pie kases, lai m\u0113s var\u0113tu saska\u0146ot j\u016bsu pas\u016bt\u012bjumu ar j\u016bsu personaliz\u0101cijas piepras\u012bjumu.<\/p>\n<p>Pievienojiet produktu grozam. Noklik\u0161\u0137iniet uz pogas \u2018Piel\u0101got\u2019 produkta lap\u0101. Tas j\u016bs novirz\u012bs uz dizaina port\u0101lu. Vair\u0101k inform\u0101cijas par dizaina port\u0101la darb\u012bbu <a href=\"https:\/\/fredfloris.eu\/lv\/personalize-guide\/?wmc-currency=EUR\">var atrast \u0161eit.<\/a> Kad esat apmierin\u0101ts ar dizainu, pievienojiet to savam grozam.<\/p>\n<p>&nbsp;<\/p>\n<hr \/>\n<p>&nbsp;<\/p>\n<p style=\"text-align: left;\">Vai mekl\u0113jat iedvesmu? P\u0101rbaudiet bezmaksas resursus <a href=\"https:\/\/openclipart.org\/\" target=\"_new\" rel=\"noopener\">Atv\u0113rt klipu m\u0101kslu<\/a>, kur var atrast da\u017e\u0101dus l\u0101zergrav\u0113\u0161anai piem\u0113rotus att\u0113lus.<\/p>\n<p>Ja jums ir k\u0101di jaut\u0101jumi par l\u0101zergrav\u0113\u0161anas piepras\u012bjumu, l\u016bdzu, sazinieties ar mums.<\/p>","protected":false},"excerpt":{"rendered":"<p>Uz \u0161\u012b izstr\u0101d\u0101juma var izv\u0113l\u0113ties veikt l\u0101zera grav\u0113jumu uz atloka iek\u0161puses.<\/p>\n<p>Da\u017eu izstr\u0101d\u0101jumu dizain\u0101 var b\u016bt redzamas sarkanas l\u012bnijas, l\u016bdzu, nelieciet neko uz t\u0101m, jo t\u0101s nor\u0101da uz \u0161uves l\u012bnij\u0101m un cit\u0101m liet\u0101m.<\/p>","protected":false},"featured_media":10571,"template":"","meta":[],"pwb-brand":[203],"product_brand":[],"product_cat":[15],"product_tag":[],"woo-feed-brand":[],"class_list":{"0":"post-10569","1":"product","2":"type-product","3":"status-publish","4":"has-post-thumbnail","6":"pwb-brand-fredfloris","7":"product_cat-uncategorized","9":"first","10":"instock","11":"taxable","12":"shipping-taxable","13":"purchasable","14":"product-type-simple"},"yoast_head":"<!-- This site is optimized with the Yoast SEO plugin v27.2 - https:\/\/yoast.com\/product\/yoast-seo-wordpress\/ -->\n<title>Customize - The Slim Wayfarer | FredFloris<\/title>\n<meta name=\"robots\" content=\"index, follow, max-snippet:-1, max-image-preview:large, max-video-preview:-1\" \/>\n<link rel=\"canonical\" href=\"https:\/\/fredfloris.eu\/lv\/productpage\/customize-the-slim-wayfarer\/?wmc-currency=EUR\" \/>\n<meta property=\"og:locale\" content=\"lv_LV\" \/>\n<meta property=\"og:type\" content=\"article\" \/>\n<meta property=\"og:title\" content=\"Customize - The Slim Wayfarer | FredFloris\" \/>\n<meta property=\"og:description\" content=\"On this product you may choose to do a laser engraving on the inside of the flap.  Some product designs may show red lines please do not place anything on these as they indicate stitching lines and other things.\" \/>\n<meta property=\"og:url\" content=\"https:\/\/fredfloris.eu\/lv\/productpage\/customize-the-slim-wayfarer\/?wmc-currency=EUR\" \/>\n<meta property=\"og:site_name\" content=\"FredFloris\" \/>\n<meta property=\"article:publisher\" content=\"https:\/\/www.facebook.com\/FredFloris.Artisan.Studio\/\" \/>\n<meta property=\"article:modified_time\" content=\"2024-04-29T08:04:49+00:00\" \/>\n<meta property=\"og:image\" content=\"https:\/\/fredfloris.eu\/wp-content\/uploads\/2023\/10\/Wallet-3-scaled.jpg\" \/>\n\t<meta property=\"og:image:width\" content=\"2560\" \/>\n\t<meta property=\"og:image:height\" content=\"1954\" \/>\n\t<meta property=\"og:image:type\" content=\"image\/jpeg\" \/>\n<meta name=\"twitter:card\" content=\"summary_large_image\" \/>\n<meta name=\"twitter:site\" content=\"@_fredfloris_\" \/>\n<meta name=\"twitter:label1\" content=\"Est. reading time\" \/>\n\t<meta name=\"twitter:data1\" content=\"2 min\u016btes\" \/>\n<script type=\"application\/ld+json\" class=\"yoast-schema-graph\">{\"@context\":\"https:\/\/schema.org\",\"@graph\":[{\"@type\":\"WebPage\",\"@id\":\"https:\/\/fredfloris.eu\/productpage\/customize-the-slim-wayfarer\/\",\"url\":\"https:\/\/fredfloris.eu\/productpage\/customize-the-slim-wayfarer\/\",\"name\":\"Customize - The Slim Wayfarer | FredFloris\",\"isPartOf\":{\"@id\":\"https:\/\/fredfloris.eu\/#website\"},\"primaryImageOfPage\":{\"@id\":\"https:\/\/fredfloris.eu\/productpage\/customize-the-slim-wayfarer\/#primaryimage\"},\"image\":{\"@id\":\"https:\/\/fredfloris.eu\/productpage\/customize-the-slim-wayfarer\/#primaryimage\"},\"thumbnailUrl\":\"https:\/\/fredfloris.eu\/wp-content\/uploads\/2023\/10\/Wallet-3-scaled.jpg\",\"datePublished\":\"2023-10-27T16:14:57+00:00\",\"dateModified\":\"2024-04-29T08:04:49+00:00\",\"breadcrumb\":{\"@id\":\"https:\/\/fredfloris.eu\/productpage\/customize-the-slim-wayfarer\/#breadcrumb\"},\"inLanguage\":\"lv-LV\",\"potentialAction\":[{\"@type\":\"ReadAction\",\"target\":[\"https:\/\/fredfloris.eu\/productpage\/customize-the-slim-wayfarer\/\"]}]},{\"@type\":\"ImageObject\",\"inLanguage\":\"lv-LV\",\"@id\":\"https:\/\/fredfloris.eu\/productpage\/customize-the-slim-wayfarer\/#primaryimage\",\"url\":\"https:\/\/fredfloris.eu\/wp-content\/uploads\/2023\/10\/Wallet-3-scaled.jpg\",\"contentUrl\":\"https:\/\/fredfloris.eu\/wp-content\/uploads\/2023\/10\/Wallet-3-scaled.jpg\",\"width\":2560,\"height\":1954},{\"@type\":\"BreadcrumbList\",\"@id\":\"https:\/\/fredfloris.eu\/productpage\/customize-the-slim-wayfarer\/#breadcrumb\",\"itemListElement\":[{\"@type\":\"ListItem\",\"position\":1,\"name\":\"Home\",\"item\":\"https:\/\/fredfloris.eu\/\"},{\"@type\":\"ListItem\",\"position\":2,\"name\":\"Shop\",\"item\":\"https:\/\/fredfloris.eu\/shop\/\"},{\"@type\":\"ListItem\",\"position\":3,\"name\":\"Customize &#8211; The Slim Wayfarer\"}]},{\"@type\":\"WebSite\",\"@id\":\"https:\/\/fredfloris.eu\/#website\",\"url\":\"https:\/\/fredfloris.eu\/\",\"name\":\"FredFloris\",\"description\":\"Handcrafted Leathergoods - Made in Sweden\",\"publisher\":{\"@id\":\"https:\/\/fredfloris.eu\/#organization\"},\"potentialAction\":[{\"@type\":\"SearchAction\",\"target\":{\"@type\":\"EntryPoint\",\"urlTemplate\":\"https:\/\/fredfloris.eu\/?s={search_term_string}\"},\"query-input\":{\"@type\":\"PropertyValueSpecification\",\"valueRequired\":true,\"valueName\":\"search_term_string\"}}],\"inLanguage\":\"lv-LV\"},{\"@type\":\"Organization\",\"@id\":\"https:\/\/fredfloris.eu\/#organization\",\"name\":\"FredFloris\",\"url\":\"https:\/\/fredfloris.eu\/\",\"logo\":{\"@type\":\"ImageObject\",\"inLanguage\":\"lv-LV\",\"@id\":\"https:\/\/fredfloris.eu\/#\/schema\/logo\/image\/\",\"url\":\"https:\/\/fredfloris.eu\/wp-content\/uploads\/2022\/03\/FredFloris-med-hel-nal-och-text.png\",\"contentUrl\":\"https:\/\/fredfloris.eu\/wp-content\/uploads\/2022\/03\/FredFloris-med-hel-nal-och-text.png\",\"width\":591,\"height\":283,\"caption\":\"FredFloris\"},\"image\":{\"@id\":\"https:\/\/fredfloris.eu\/#\/schema\/logo\/image\/\"},\"sameAs\":[\"https:\/\/www.facebook.com\/FredFloris.Artisan.Studio\/\",\"https:\/\/x.com\/_fredfloris_\",\"https:\/\/www.instagram.com\/fredfloris.artisan.studio\/\"]}]}<\/script>\n<!-- \/ Yoast SEO plugin. -->","yoast_head_json":{"title":"Piel\u0101go\u0161ana - The Slim Wayfarer | FredFloris","robots":{"index":"index","follow":"follow","max-snippet":"max-snippet:-1","max-image-preview":"max-image-preview:large","max-video-preview":"max-video-preview:-1"},"canonical":"https:\/\/fredfloris.eu\/lv\/productpage\/customize-the-slim-wayfarer\/?wmc-currency=EUR","og_locale":"lv_LV","og_type":"article","og_title":"Customize - The Slim Wayfarer | FredFloris","og_description":"On this product you may choose to do a laser engraving on the inside of the flap.  Some product designs may show red lines please do not place anything on these as they indicate stitching lines and other things.","og_url":"https:\/\/fredfloris.eu\/lv\/productpage\/customize-the-slim-wayfarer\/?wmc-currency=EUR","og_site_name":"FredFloris","article_publisher":"https:\/\/www.facebook.com\/FredFloris.Artisan.Studio\/","article_modified_time":"2024-04-29T08:04:49+00:00","og_image":[{"width":2560,"height":1954,"url":"https:\/\/fredfloris.eu\/wp-content\/uploads\/2023\/10\/Wallet-3-scaled.jpg","type":"image\/jpeg"}],"twitter_card":"summary_large_image","twitter_site":"@_fredfloris_","twitter_misc":{"Est. reading time":"2 min\u016btes"},"schema":{"@context":"https:\/\/schema.org","@graph":[{"@type":"WebPage","@id":"https:\/\/fredfloris.eu\/productpage\/customize-the-slim-wayfarer\/","url":"https:\/\/fredfloris.eu\/productpage\/customize-the-slim-wayfarer\/","name":"Piel\u0101go\u0161ana - The Slim Wayfarer | FredFloris","isPartOf":{"@id":"https:\/\/fredfloris.eu\/#website"},"primaryImageOfPage":{"@id":"https:\/\/fredfloris.eu\/productpage\/customize-the-slim-wayfarer\/#primaryimage"},"image":{"@id":"https:\/\/fredfloris.eu\/productpage\/customize-the-slim-wayfarer\/#primaryimage"},"thumbnailUrl":"https:\/\/fredfloris.eu\/wp-content\/uploads\/2023\/10\/Wallet-3-scaled.jpg","datePublished":"2023-10-27T16:14:57+00:00","dateModified":"2024-04-29T08:04:49+00:00","breadcrumb":{"@id":"https:\/\/fredfloris.eu\/productpage\/customize-the-slim-wayfarer\/#breadcrumb"},"inLanguage":"lv-LV","potentialAction":[{"@type":"ReadAction","target":["https:\/\/fredfloris.eu\/productpage\/customize-the-slim-wayfarer\/"]}]},{"@type":"ImageObject","inLanguage":"lv-LV","@id":"https:\/\/fredfloris.eu\/productpage\/customize-the-slim-wayfarer\/#primaryimage","url":"https:\/\/fredfloris.eu\/wp-content\/uploads\/2023\/10\/Wallet-3-scaled.jpg","contentUrl":"https:\/\/fredfloris.eu\/wp-content\/uploads\/2023\/10\/Wallet-3-scaled.jpg","width":2560,"height":1954},{"@type":"BreadcrumbList","@id":"https:\/\/fredfloris.eu\/productpage\/customize-the-slim-wayfarer\/#breadcrumb","itemListElement":[{"@type":"ListItem","position":1,"name":"Home","item":"https:\/\/fredfloris.eu\/"},{"@type":"ListItem","position":2,"name":"Shop","item":"https:\/\/fredfloris.eu\/shop\/"},{"@type":"ListItem","position":3,"name":"Customize &#8211; The Slim Wayfarer"}]},{"@type":"WebSite","@id":"https:\/\/fredfloris.eu\/#website","url":"https:\/\/fredfloris.eu\/","name":"FredFloris","description":"Ar rok\u0101m darin\u0101ti \u0101das izstr\u0101d\u0101jumi - Ra\u017eots Zviedrij\u0101","publisher":{"@id":"https:\/\/fredfloris.eu\/#organization"},"potentialAction":[{"@type":"SearchAction","target":{"@type":"EntryPoint","urlTemplate":"https:\/\/fredfloris.eu\/?s={search_term_string}"},"query-input":{"@type":"PropertyValueSpecification","valueRequired":true,"valueName":"search_term_string"}}],"inLanguage":"lv-LV"},{"@type":"Organization","@id":"https:\/\/fredfloris.eu\/#organization","name":"FredFloris","url":"https:\/\/fredfloris.eu\/","logo":{"@type":"ImageObject","inLanguage":"lv-LV","@id":"https:\/\/fredfloris.eu\/#\/schema\/logo\/image\/","url":"https:\/\/fredfloris.eu\/wp-content\/uploads\/2022\/03\/FredFloris-med-hel-nal-och-text.png","contentUrl":"https:\/\/fredfloris.eu\/wp-content\/uploads\/2022\/03\/FredFloris-med-hel-nal-och-text.png","width":591,"height":283,"caption":"FredFloris"},"image":{"@id":"https:\/\/fredfloris.eu\/#\/schema\/logo\/image\/"},"sameAs":["https:\/\/www.facebook.com\/FredFloris.Artisan.Studio\/","https:\/\/x.com\/_fredfloris_","https:\/\/www.instagram.com\/fredfloris.artisan.studio\/"]}]}},"brands":[{"id":203,"name":"FredFloris","slug":"fredfloris"}],"_links":{"self":[{"href":"https:\/\/fredfloris.eu\/lv\/wp-json\/wp\/v2\/product\/10569","targetHints":{"allow":["GET"]}}],"collection":[{"href":"https:\/\/fredfloris.eu\/lv\/wp-json\/wp\/v2\/product"}],"about":[{"href":"https:\/\/fredfloris.eu\/lv\/wp-json\/wp\/v2\/types\/product"}],"version-history":[{"count":27,"href":"https:\/\/fredfloris.eu\/lv\/wp-json\/wp\/v2\/product\/10569\/revisions"}],"predecessor-version":[{"id":11339,"href":"https:\/\/fredfloris.eu\/lv\/wp-json\/wp\/v2\/product\/10569\/revisions\/11339"}],"wp:featuredmedia":[{"embeddable":true,"href":"https:\/\/fredfloris.eu\/lv\/wp-json\/wp\/v2\/media\/10571"}],"wp:attachment":[{"href":"https:\/\/fredfloris.eu\/lv\/wp-json\/wp\/v2\/media?parent=10569"}],"wp:term":[{"taxonomy":"pwb-brand","embeddable":true,"href":"https:\/\/fredfloris.eu\/lv\/wp-json\/wp\/v2\/pwb-brand?post=10569"},{"taxonomy":"product_brand","embeddable":true,"href":"https:\/\/fredfloris.eu\/lv\/wp-json\/wp\/v2\/product_brand?post=10569"},{"taxonomy":"product_cat","embeddable":true,"href":"https:\/\/fredfloris.eu\/lv\/wp-json\/wp\/v2\/product_cat?post=10569"},{"taxonomy":"product_tag","embeddable":true,"href":"https:\/\/fredfloris.eu\/lv\/wp-json\/wp\/v2\/product_tag?post=10569"},{"taxonomy":"woo-feed-brand","embeddable":true,"href":"https:\/\/fredfloris.eu\/lv\/wp-json\/wp\/v2\/woo-feed-brand?post=10569"}],"curies":[{"name":"wp","href":"https:\/\/api.w.org\/{rel}","templated":true}]}}