{"id":10605,"date":"2023-10-30T22:16:47","date_gmt":"2023-10-30T20:16:47","guid":{"rendered":"https:\/\/fredfloris.eu\/?post_type=product&#038;p=10605"},"modified":"2024-06-13T18:14:27","modified_gmt":"2024-06-13T16:14:27","slug":"customize-carl-gustaf-hard-glasses-cases","status":"publish","type":"product","link":"https:\/\/fredfloris.eu\/lv\/productpage\/customize-carl-gustaf-hard-glasses-cases\/","title":{"rendered":"Piel\u0101got - Carl-Gustaf - Bri\u013c\u013cu futr\u0101\u013ci"},"content":{"rendered":"<p>\u0160\u012b ir personaliz\u0101cijas lapa <a href=\"https:\/\/fredfloris.eu\/lv\/productpage\/cg-hard-glasses-cases\/?wmc-currency=EUR\">Carl-Gustaf - Bri\u013c\u013cu futr\u0101\u013ci<\/a><\/p>\n<p>Lai ieg\u016btu visaptvero\u0161u rokasgr\u0101matu par r\u012bka lieto\u0161anu, skatiet m\u016bsu visp\u0101r\u0113jo rokasgr\u0101matu. <a href=\"https:\/\/fredfloris.eu\/lv\/personalize-guide\/?wmc-currency=EUR\">\u0161eit<\/a><\/p>\n<p>&nbsp;<\/p>\n<p>Ja v\u0113laties piel\u0101got \u0161o produktu, pievienojiet grozam gan preci, gan savu dizainu. Personaliz\u0101cija ir bez papildu maksas, un t\u0101 tiek veikta pie kases, lai m\u0113s var\u0113tu saska\u0146ot j\u016bsu pas\u016bt\u012bjumu ar j\u016bsu personaliz\u0101cijas piepras\u012bjumu.<\/p>\n<p>Pievienojiet produktu grozam. Noklik\u0161\u0137iniet uz pogas \u2018Piel\u0101got\u2019 produkta lap\u0101. Tas j\u016bs novirz\u012bs uz dizaina port\u0101lu. Vair\u0101k inform\u0101cijas par dizaina port\u0101la darb\u012bbu <a href=\"https:\/\/fredfloris.eu\/lv\/personalize-guide\/?wmc-currency=EUR\">var atrast \u0161eit.<\/a> Kad esat apmierin\u0101ts ar dizainu, pievienojiet to savam grozam.<\/p>\n<p>&nbsp;<\/p>\n<hr \/>\n<p>&nbsp;<\/p>\n<p style=\"text-align: left;\">Vai mekl\u0113jat iedvesmu? P\u0101rbaudiet bezmaksas resursus <a href=\"https:\/\/openclipart.org\/\" target=\"_new\" rel=\"noopener\">Atv\u0113rt klipu m\u0101kslu<\/a>, kur var atrast da\u017e\u0101dus l\u0101zergrav\u0113\u0161anai piem\u0113rotus att\u0113lus.<\/p>\n<p>Ja jums ir k\u0101di jaut\u0101jumi par l\u0101zergrav\u0113\u0161anas piepras\u012bjumu, l\u016bdzu, sazinieties ar mums.<\/p>","protected":false},"excerpt":{"rendered":"<p>\u0160im izstr\u0101d\u0101jumam var izv\u0113l\u0113ties starp l\u0101zera grav\u0113jumu un termospiedes iesp\u0113ju, izmantojot pla\u0161u izvietojuma variantu uz izstr\u0101d\u0101juma.<\/p>\n<p>Da\u017eu izstr\u0101d\u0101jumu dizain\u0101 var b\u016bt redzamas sarkanas l\u012bnijas, l\u016bdzu, nelieciet neko uz t\u0101m, jo t\u0101s nor\u0101da uz \u0161uves l\u012bnij\u0101m un cit\u0101m liet\u0101m.<\/p>","protected":false},"featured_media":10607,"template":"","meta":[],"pwb-brand":[],"product_brand":[],"product_cat":[15],"product_tag":[205,105],"woo-feed-brand":[],"class_list":{"0":"post-10605","1":"product","2":"type-product","3":"status-publish","4":"has-post-thumbnail","6":"product_cat-uncategorized","7":"product_tag-customize","8":"product_tag-made-to-order","10":"first","11":"instock","12":"taxable","13":"shipping-taxable","14":"purchasable","15":"product-type-simple"},"yoast_head":"<!-- This site is optimized with the Yoast SEO plugin v27.2 - https:\/\/yoast.com\/product\/yoast-seo-wordpress\/ -->\n<title>Customize \u2013 Carl-Gustaf \u2013 Glasses Cases | FredFloris<\/title>\n<meta name=\"robots\" content=\"noindex, follow\" \/>\n<meta property=\"og:locale\" content=\"lv_LV\" \/>\n<meta property=\"og:type\" content=\"article\" \/>\n<meta property=\"og:title\" content=\"Customize \u2013 Carl-Gustaf \u2013 Glasses Cases | FredFloris\" \/>\n<meta property=\"og:description\" content=\"On this product you may choose between a laser engraving and a heat press option on a wide alternative of placement on the product.  Some product designs may show red lines please do not place anything on these as they indicate stitching lines and other things.\" \/>\n<meta property=\"og:url\" content=\"https:\/\/fredfloris.eu\/lv\/productpage\/customize-carl-gustaf-hard-glasses-cases\/?wmc-currency=EUR\" \/>\n<meta property=\"og:site_name\" content=\"FredFloris\" \/>\n<meta property=\"article:publisher\" content=\"https:\/\/www.facebook.com\/FredFloris.Artisan.Studio\/\" \/>\n<meta property=\"article:modified_time\" content=\"2024-06-13T16:14:27+00:00\" \/>\n<meta property=\"og:image\" content=\"https:\/\/fredfloris.eu\/wp-content\/uploads\/2023\/10\/Glasses-case-2-Front-scaled.jpg\" \/>\n\t<meta property=\"og:image:width\" content=\"1810\" \/>\n\t<meta property=\"og:image:height\" content=\"2560\" \/>\n\t<meta property=\"og:image:type\" content=\"image\/jpeg\" \/>\n<meta name=\"twitter:card\" content=\"summary_large_image\" \/>\n<meta name=\"twitter:site\" content=\"@_fredfloris_\" \/>\n<meta name=\"twitter:label1\" content=\"Est. reading time\" \/>\n\t<meta name=\"twitter:data1\" content=\"1 min\u016bte\" \/>\n<script type=\"application\/ld+json\" class=\"yoast-schema-graph\">{\"@context\":\"https:\/\/schema.org\",\"@graph\":[{\"@type\":\"WebPage\",\"@id\":\"https:\/\/fredfloris.eu\/productpage\/customize-carl-gustaf-hard-glasses-cases\/\",\"url\":\"https:\/\/fredfloris.eu\/productpage\/customize-carl-gustaf-hard-glasses-cases\/\",\"name\":\"Customize \u2013 Carl-Gustaf \u2013 Glasses Cases | FredFloris\",\"isPartOf\":{\"@id\":\"https:\/\/fredfloris.eu\/#website\"},\"primaryImageOfPage\":{\"@id\":\"https:\/\/fredfloris.eu\/productpage\/customize-carl-gustaf-hard-glasses-cases\/#primaryimage\"},\"image\":{\"@id\":\"https:\/\/fredfloris.eu\/productpage\/customize-carl-gustaf-hard-glasses-cases\/#primaryimage\"},\"thumbnailUrl\":\"https:\/\/fredfloris.eu\/wp-content\/uploads\/2023\/10\/Glasses-case-2-Front-scaled.jpg\",\"datePublished\":\"2023-10-30T20:16:47+00:00\",\"dateModified\":\"2024-06-13T16:14:27+00:00\",\"breadcrumb\":{\"@id\":\"https:\/\/fredfloris.eu\/productpage\/customize-carl-gustaf-hard-glasses-cases\/#breadcrumb\"},\"inLanguage\":\"lv-LV\",\"potentialAction\":[{\"@type\":\"ReadAction\",\"target\":[\"https:\/\/fredfloris.eu\/productpage\/customize-carl-gustaf-hard-glasses-cases\/\"]}]},{\"@type\":\"ImageObject\",\"inLanguage\":\"lv-LV\",\"@id\":\"https:\/\/fredfloris.eu\/productpage\/customize-carl-gustaf-hard-glasses-cases\/#primaryimage\",\"url\":\"https:\/\/fredfloris.eu\/wp-content\/uploads\/2023\/10\/Glasses-case-2-Front-scaled.jpg\",\"contentUrl\":\"https:\/\/fredfloris.eu\/wp-content\/uploads\/2023\/10\/Glasses-case-2-Front-scaled.jpg\",\"width\":1810,\"height\":2560,\"caption\":\"Product: Carl-Gustaf - Hard Glasses Cases, Customize Image Template.\"},{\"@type\":\"BreadcrumbList\",\"@id\":\"https:\/\/fredfloris.eu\/productpage\/customize-carl-gustaf-hard-glasses-cases\/#breadcrumb\",\"itemListElement\":[{\"@type\":\"ListItem\",\"position\":1,\"name\":\"Home\",\"item\":\"https:\/\/fredfloris.eu\/\"},{\"@type\":\"ListItem\",\"position\":2,\"name\":\"Shop\",\"item\":\"https:\/\/fredfloris.eu\/shop\/\"},{\"@type\":\"ListItem\",\"position\":3,\"name\":\"Customize \u2013 Carl-Gustaf \u2013 Glasses Cases\"}]},{\"@type\":\"WebSite\",\"@id\":\"https:\/\/fredfloris.eu\/#website\",\"url\":\"https:\/\/fredfloris.eu\/\",\"name\":\"FredFloris\",\"description\":\"Handcrafted Leathergoods - Made in Sweden\",\"publisher\":{\"@id\":\"https:\/\/fredfloris.eu\/#organization\"},\"potentialAction\":[{\"@type\":\"SearchAction\",\"target\":{\"@type\":\"EntryPoint\",\"urlTemplate\":\"https:\/\/fredfloris.eu\/?s={search_term_string}\"},\"query-input\":{\"@type\":\"PropertyValueSpecification\",\"valueRequired\":true,\"valueName\":\"search_term_string\"}}],\"inLanguage\":\"lv-LV\"},{\"@type\":\"Organization\",\"@id\":\"https:\/\/fredfloris.eu\/#organization\",\"name\":\"FredFloris\",\"url\":\"https:\/\/fredfloris.eu\/\",\"logo\":{\"@type\":\"ImageObject\",\"inLanguage\":\"lv-LV\",\"@id\":\"https:\/\/fredfloris.eu\/#\/schema\/logo\/image\/\",\"url\":\"https:\/\/fredfloris.eu\/wp-content\/uploads\/2022\/03\/FredFloris-med-hel-nal-och-text.png\",\"contentUrl\":\"https:\/\/fredfloris.eu\/wp-content\/uploads\/2022\/03\/FredFloris-med-hel-nal-och-text.png\",\"width\":591,\"height\":283,\"caption\":\"FredFloris\"},\"image\":{\"@id\":\"https:\/\/fredfloris.eu\/#\/schema\/logo\/image\/\"},\"sameAs\":[\"https:\/\/www.facebook.com\/FredFloris.Artisan.Studio\/\",\"https:\/\/x.com\/_fredfloris_\",\"https:\/\/www.instagram.com\/fredfloris.artisan.studio\/\"]}]}<\/script>\n<!-- \/ Yoast SEO plugin. -->","yoast_head_json":{"title":"Piel\u0101go\u0161ana - Carl-Gustaf - Bri\u013c\u013cu futr\u0101\u013ci | FredFloris","robots":{"index":"noindex","follow":"follow"},"og_locale":"lv_LV","og_type":"article","og_title":"Customize \u2013 Carl-Gustaf \u2013 Glasses Cases | FredFloris","og_description":"On this product you may choose between a laser engraving and a heat press option on a wide alternative of placement on the product.  Some product designs may show red lines please do not place anything on these as they indicate stitching lines and other things.","og_url":"https:\/\/fredfloris.eu\/lv\/productpage\/customize-carl-gustaf-hard-glasses-cases\/?wmc-currency=EUR","og_site_name":"FredFloris","article_publisher":"https:\/\/www.facebook.com\/FredFloris.Artisan.Studio\/","article_modified_time":"2024-06-13T16:14:27+00:00","og_image":[{"width":1810,"height":2560,"url":"https:\/\/fredfloris.eu\/wp-content\/uploads\/2023\/10\/Glasses-case-2-Front-scaled.jpg","type":"image\/jpeg"}],"twitter_card":"summary_large_image","twitter_site":"@_fredfloris_","twitter_misc":{"Est. reading time":"1 min\u016bte"},"schema":{"@context":"https:\/\/schema.org","@graph":[{"@type":"WebPage","@id":"https:\/\/fredfloris.eu\/productpage\/customize-carl-gustaf-hard-glasses-cases\/","url":"https:\/\/fredfloris.eu\/productpage\/customize-carl-gustaf-hard-glasses-cases\/","name":"Piel\u0101go\u0161ana - Carl-Gustaf - Bri\u013c\u013cu futr\u0101\u013ci | FredFloris","isPartOf":{"@id":"https:\/\/fredfloris.eu\/#website"},"primaryImageOfPage":{"@id":"https:\/\/fredfloris.eu\/productpage\/customize-carl-gustaf-hard-glasses-cases\/#primaryimage"},"image":{"@id":"https:\/\/fredfloris.eu\/productpage\/customize-carl-gustaf-hard-glasses-cases\/#primaryimage"},"thumbnailUrl":"https:\/\/fredfloris.eu\/wp-content\/uploads\/2023\/10\/Glasses-case-2-Front-scaled.jpg","datePublished":"2023-10-30T20:16:47+00:00","dateModified":"2024-06-13T16:14:27+00:00","breadcrumb":{"@id":"https:\/\/fredfloris.eu\/productpage\/customize-carl-gustaf-hard-glasses-cases\/#breadcrumb"},"inLanguage":"lv-LV","potentialAction":[{"@type":"ReadAction","target":["https:\/\/fredfloris.eu\/productpage\/customize-carl-gustaf-hard-glasses-cases\/"]}]},{"@type":"ImageObject","inLanguage":"lv-LV","@id":"https:\/\/fredfloris.eu\/productpage\/customize-carl-gustaf-hard-glasses-cases\/#primaryimage","url":"https:\/\/fredfloris.eu\/wp-content\/uploads\/2023\/10\/Glasses-case-2-Front-scaled.jpg","contentUrl":"https:\/\/fredfloris.eu\/wp-content\/uploads\/2023\/10\/Glasses-case-2-Front-scaled.jpg","width":1810,"height":2560,"caption":"Product: Carl-Gustaf - Hard Glasses Cases, Customize Image Template."},{"@type":"BreadcrumbList","@id":"https:\/\/fredfloris.eu\/productpage\/customize-carl-gustaf-hard-glasses-cases\/#breadcrumb","itemListElement":[{"@type":"ListItem","position":1,"name":"Home","item":"https:\/\/fredfloris.eu\/"},{"@type":"ListItem","position":2,"name":"Shop","item":"https:\/\/fredfloris.eu\/shop\/"},{"@type":"ListItem","position":3,"name":"Customize \u2013 Carl-Gustaf \u2013 Glasses Cases"}]},{"@type":"WebSite","@id":"https:\/\/fredfloris.eu\/#website","url":"https:\/\/fredfloris.eu\/","name":"FredFloris","description":"Ar rok\u0101m darin\u0101ti \u0101das izstr\u0101d\u0101jumi - Ra\u017eots Zviedrij\u0101","publisher":{"@id":"https:\/\/fredfloris.eu\/#organization"},"potentialAction":[{"@type":"SearchAction","target":{"@type":"EntryPoint","urlTemplate":"https:\/\/fredfloris.eu\/?s={search_term_string}"},"query-input":{"@type":"PropertyValueSpecification","valueRequired":true,"valueName":"search_term_string"}}],"inLanguage":"lv-LV"},{"@type":"Organization","@id":"https:\/\/fredfloris.eu\/#organization","name":"FredFloris","url":"https:\/\/fredfloris.eu\/","logo":{"@type":"ImageObject","inLanguage":"lv-LV","@id":"https:\/\/fredfloris.eu\/#\/schema\/logo\/image\/","url":"https:\/\/fredfloris.eu\/wp-content\/uploads\/2022\/03\/FredFloris-med-hel-nal-och-text.png","contentUrl":"https:\/\/fredfloris.eu\/wp-content\/uploads\/2022\/03\/FredFloris-med-hel-nal-och-text.png","width":591,"height":283,"caption":"FredFloris"},"image":{"@id":"https:\/\/fredfloris.eu\/#\/schema\/logo\/image\/"},"sameAs":["https:\/\/www.facebook.com\/FredFloris.Artisan.Studio\/","https:\/\/x.com\/_fredfloris_","https:\/\/www.instagram.com\/fredfloris.artisan.studio\/"]}]}},"brands":[],"_links":{"self":[{"href":"https:\/\/fredfloris.eu\/lv\/wp-json\/wp\/v2\/product\/10605","targetHints":{"allow":["GET"]}}],"collection":[{"href":"https:\/\/fredfloris.eu\/lv\/wp-json\/wp\/v2\/product"}],"about":[{"href":"https:\/\/fredfloris.eu\/lv\/wp-json\/wp\/v2\/types\/product"}],"version-history":[{"count":4,"href":"https:\/\/fredfloris.eu\/lv\/wp-json\/wp\/v2\/product\/10605\/revisions"}],"predecessor-version":[{"id":11397,"href":"https:\/\/fredfloris.eu\/lv\/wp-json\/wp\/v2\/product\/10605\/revisions\/11397"}],"wp:featuredmedia":[{"embeddable":true,"href":"https:\/\/fredfloris.eu\/lv\/wp-json\/wp\/v2\/media\/10607"}],"wp:attachment":[{"href":"https:\/\/fredfloris.eu\/lv\/wp-json\/wp\/v2\/media?parent=10605"}],"wp:term":[{"taxonomy":"pwb-brand","embeddable":true,"href":"https:\/\/fredfloris.eu\/lv\/wp-json\/wp\/v2\/pwb-brand?post=10605"},{"taxonomy":"product_brand","embeddable":true,"href":"https:\/\/fredfloris.eu\/lv\/wp-json\/wp\/v2\/product_brand?post=10605"},{"taxonomy":"product_cat","embeddable":true,"href":"https:\/\/fredfloris.eu\/lv\/wp-json\/wp\/v2\/product_cat?post=10605"},{"taxonomy":"product_tag","embeddable":true,"href":"https:\/\/fredfloris.eu\/lv\/wp-json\/wp\/v2\/product_tag?post=10605"},{"taxonomy":"woo-feed-brand","embeddable":true,"href":"https:\/\/fredfloris.eu\/lv\/wp-json\/wp\/v2\/woo-feed-brand?post=10605"}],"curies":[{"name":"wp","href":"https:\/\/api.w.org\/{rel}","templated":true}]}}