{"id":10760,"date":"2024-02-27T20:41:14","date_gmt":"2024-02-27T18:41:14","guid":{"rendered":"https:\/\/fredfloris.eu\/?post_type=product&#038;p=10760"},"modified":"2025-01-05T12:22:59","modified_gmt":"2025-01-05T10:22:59","slug":"personalised-leather-labels","status":"publish","type":"product","link":"https:\/\/fredfloris.eu\/lv\/productpage\/personalised-leather-labels\/","title":{"rendered":"Personaliz\u0113tas \u0101das eti\u0137etes"},"content":{"rendered":"<p><strong>Personaliz\u0113\u0161ana:<\/strong> Lai pa\u0161i piel\u0101gotu savu dizainu, pievienojiet iepirkumu maisi\u0146\u0101 gan preci, gan izv\u0113l\u0113to dizainu.<\/p>\n<p><a class=\"lumise-customize-button button alt\" href=\"https:\/\/fredfloris.eu\/lv\/productpage\/customize-leather-labels\/?wmc-currency=EUR\" name=\"customize\">Piel\u0101gojiet<\/a><\/p>\n<p>Pie\u0161\u0137iriet saviem ar rok\u0101m darin\u0101tajiem izstr\u0101d\u0101jumiem izsmalcin\u0101t\u0101ko apdari ar personaliz\u0113tu \u0101das eti\u0137eti. Katra eti\u0137ete ir ne tikai aksesu\u0101rs, bet ar\u012b kvalit\u0101tes un individualit\u0101tes apliecin\u0101jums.<\/p>\n<p>M\u016bsu eti\u0137etes tiek izgatavotas, izmantojot prec\u012bzu l\u0101zergrav\u0113\u0161anas un grie\u0161anas procesu, kas katrai eti\u0137etei pie\u0161\u0137ir izteiksm\u012bgu tum\u0161u malu, pie\u0161\u0137irot tai izsmalcin\u0101tas apdares elementu. Katra eti\u0137ete tiek apstr\u0101d\u0101ta, lai samazin\u0101tu dabisko deguma smar\u017eu, un ar laiku atliku\u0161\u0101 smar\u017ea izz\u016bd. \u0160\u012bs eti\u0137etes ir lieliski piem\u0113rotas, lai pievienotu personisku piesk\u0101rienu t\u0101diem izstr\u0101d\u0101jumiem k\u0101 ad\u012btas \u0161alles vai cepures.<\/p>\n<p>&nbsp;<\/p>\n<p><strong>Kr\u0101sas un biezums:<\/strong><\/p>\n<ul>\n<li><strong>Cognac<\/strong>: 2 mm augu izcelsmes miec\u0113ta \u0101da no It\u0101lijas<\/li>\n<li><strong>Gai\u0161i br\u016bns<\/strong>: 1 mm augu izcelsmes miec\u0113ta \u0101da no It\u0101lijas<\/li>\n<li><strong>Dabas<\/strong>: Nekr\u0101sota \u0101da, 1 mm augu izcelsmes miec\u0113ta \u0101da no It\u0101lijas.<\/li>\n<\/ul>\n<p>&nbsp;<\/p>\n<p>Ja jums nepiecie\u0161ama piel\u0101gota kr\u0101sa vai biezums, l\u016bdzu, sazinieties ar mums, lai izp\u0113t\u012btu m\u016bsu pa\u0161reiz\u0113j\u0101s kr\u0101jumu iesp\u0113jas.<\/p>\n<p>&nbsp;<\/p>\n<p><strong>Izm\u0113ri un formas:<\/strong><\/p>\n<ul>\n<li><strong>Aplis:<\/strong> Pieejamie diametri ir 15 mm, 20 mm, 25 mm, 30 mm un 35 mm.<\/li>\n<li><strong>Kvadr\u0101ts:<\/strong> 20\u00d720 mm, 25\u00d725 mm un 30\u00d730 mm izm\u0113ri.<\/li>\n<li><strong>Taisnst\u016bris:<\/strong> Pieejami izm\u0113ri l\u012bdz 40 \u00d7 15 mm un 70 \u00d7 20 mm.<\/li>\n<\/ul>\n<p>&nbsp;<\/p>\n<p>Ir pieejami piel\u0101gotie izm\u0113ri, lai nodro\u0161in\u0101tu ide\u0101lu atbilst\u012bbu j\u016bsu dizainparaugiem. L\u016bdzu, sazinieties ar mums pirms pas\u016bt\u012bjuma veik\u0161anas, lai pas\u016bt\u012btu piel\u0101gotus izm\u0113rus, vai ar\u012b m\u0113s sazin\u0101simies ar jums, ja pas\u016bt\u012bsiet izm\u0113ru, kas ir \u2018maz\u0101ks par\u2019, lai apspriestu specifiku.<\/p>\n<p><strong>Piestiprin\u0101\u0161anas opcijas:<\/strong><\/p>\n<ul>\n<li>Caurumi knied\u0113m vai skr\u016bv\u0113m<\/li>\n<li>Caurumi \u0161\u016b\u0161anai ar rok\u0101m<\/li>\n<li>Vado\u0161\u0101s atz\u012bmes ma\u0161\u012bniz\u0161\u016b\u0161anai<\/li>\n<li>P\u0113c piepras\u012bjuma ir pieejamas opcijas bez caurumiem vai mar\u0137\u0113jumiem.<\/li>\n<\/ul>\n<p>&nbsp;<\/p>\n<p><strong>Atbalsts un pakalpojumi:<\/strong><\/p>\n<p>M\u016bsu komanda ir gatava pal\u012bdz\u0113t ar visiem j\u016bsu jaut\u0101jumiem vai \u012bpa\u0161iem piepras\u012bjumiem. Nelielas dizaina korekcijas ir iek\u013cautas cen\u0101.<\/p>\n<p><em><strong>P\u0113c tam, kad b\u016bsiet veicis pas\u016bt\u012bjumu, m\u0113s apkoposim sniegto inform\u0101ciju un l\u016bgsim j\u016bs to p\u0101rbaud\u012bt, lai nov\u0113rstu p\u0101rpratumus.<\/strong><\/em><\/p>\n<p><em><strong>M\u0113s izveidosim ar\u012b j\u016bsu dizaina paraugu un nos\u016bt\u012bsim jums att\u0113lu apstiprin\u0101\u0161anai pirms gal\u012bg\u0101 produkta nos\u016bt\u012b\u0161anas.<\/strong><\/em><\/p>\n<p>Lai veiktu pla\u0161\u0101kas korekcijas, izmantojiet m\u016bsu dizaina pakalpojumus, piem\u0113ram, failu p\u0101rbaudi un labo\u0161anu vai redi\u0123\u0113\u0161anu un projekt\u0113\u0161anu.<\/p>\n<p>FredFloris m\u0113s nov\u0113rt\u0113jam ar rok\u0101m darin\u0101tu priek\u0161metu skaistumu, kas ir ide\u0101li piem\u0113roti person\u012bgai lieto\u0161anai vai k\u0101 \u012bpa\u0161as d\u0101vanas.<\/p>\n<p>&nbsp;<\/p>\n<p>&nbsp;<\/p>\n<p>Atsl\u0113gas v\u0101rdi: \u0100das eti\u0137etes, \u0101das eti\u0137ete, tambor\u0113\u0161anas eti\u0137ete, ad\u012b\u0161anas eti\u0137ete, \u0101das eti\u0137etes ad\u012b\u0161anai DIY, personaliz\u0113tas \u0101das eti\u0137etes, piel\u0101gotas \u0161\u016b\u0161anas eti\u0137etes.<\/p>","protected":false},"excerpt":{"rendered":"<p>SKU: per\/lea\/lab<\/p>","protected":false},"featured_media":11712,"template":"","meta":[],"pwb-brand":[203],"product_brand":[],"product_cat":[392],"product_tag":[105],"woo-feed-brand":[],"class_list":{"0":"post-10760","1":"product","2":"type-product","3":"status-publish","4":"has-post-thumbnail","6":"pwb-brand-fredfloris","7":"product_cat-sewing-labels","8":"product_tag-made-to-order","9":"product_shipping_class-small-goods","10":"pa_leather-colour-cognac-pull-up","11":"pa_leather-colour-light-brown-no1","12":"pa_leather-colour-natural","14":"first","15":"instock","16":"taxable","17":"shipping-taxable","18":"purchasable","19":"product-type-variable","20":"has-default-attributes"},"yoast_head":"<!-- This site is optimized with the Yoast SEO plugin v27.2 - https:\/\/yoast.com\/product\/yoast-seo-wordpress\/ -->\n<title>Custom Leather Labels for Crafting | Personalised Sewing Tags<\/title>\n<meta name=\"description\" content=\"Elevate your handmade creations with our Custom Leather Labels. Perfect for knitters, crocheters, and crafters, these personalised sewing tags, add a unique touch to any project.\" \/>\n<meta name=\"robots\" content=\"index, follow, max-snippet:-1, max-image-preview:large, max-video-preview:-1\" \/>\n<link rel=\"canonical\" href=\"https:\/\/fredfloris.eu\/lv\/productpage\/personalised-leather-labels\/?wmc-currency=EUR\" \/>\n<meta property=\"og:locale\" content=\"lv_LV\" \/>\n<meta property=\"og:type\" content=\"article\" \/>\n<meta property=\"og:title\" content=\"Custom Leather Labels for Crafting | Personalised Sewing Tags\" \/>\n<meta property=\"og:description\" content=\"Elevate your handmade creations with our Custom Leather Labels. Perfect for knitters, crocheters, and crafters, these personalised sewing tags, add a unique touch to any project.\" \/>\n<meta property=\"og:url\" content=\"https:\/\/fredfloris.eu\/lv\/productpage\/personalised-leather-labels\/?wmc-currency=EUR\" \/>\n<meta property=\"og:site_name\" content=\"FredFloris\" \/>\n<meta property=\"article:publisher\" content=\"https:\/\/www.facebook.com\/FredFloris.Artisan.Studio\/\" \/>\n<meta property=\"article:modified_time\" content=\"2025-01-05T10:22:59+00:00\" \/>\n<meta property=\"og:image\" content=\"https:\/\/fredfloris.eu\/wp-content\/uploads\/2025\/01\/IMG_6475-scaled.jpg\" \/>\n\t<meta property=\"og:image:width\" content=\"2560\" \/>\n\t<meta property=\"og:image:height\" content=\"1707\" \/>\n\t<meta property=\"og:image:type\" content=\"image\/jpeg\" \/>\n<meta name=\"twitter:card\" content=\"summary_large_image\" \/>\n<meta name=\"twitter:site\" content=\"@_fredfloris_\" \/>\n<meta name=\"twitter:label1\" content=\"Est. reading time\" \/>\n\t<meta name=\"twitter:data1\" content=\"2 min\u016btes\" \/>\n<script type=\"application\/ld+json\" class=\"yoast-schema-graph\">{\"@context\":\"https:\/\/schema.org\",\"@graph\":[{\"@type\":\"WebPage\",\"@id\":\"https:\/\/fredfloris.eu\/productpage\/personalised-leather-labels\/\",\"url\":\"https:\/\/fredfloris.eu\/productpage\/personalised-leather-labels\/\",\"name\":\"Custom Leather Labels for Crafting | Personalised Sewing Tags\",\"isPartOf\":{\"@id\":\"https:\/\/fredfloris.eu\/#website\"},\"primaryImageOfPage\":{\"@id\":\"https:\/\/fredfloris.eu\/productpage\/personalised-leather-labels\/#primaryimage\"},\"image\":{\"@id\":\"https:\/\/fredfloris.eu\/productpage\/personalised-leather-labels\/#primaryimage\"},\"thumbnailUrl\":\"https:\/\/fredfloris.eu\/wp-content\/uploads\/2025\/01\/IMG_6475-scaled.jpg\",\"datePublished\":\"2024-02-27T18:41:14+00:00\",\"dateModified\":\"2025-01-05T10:22:59+00:00\",\"description\":\"Elevate your handmade creations with our Custom Leather Labels. Perfect for knitters, crocheters, and crafters, these personalised sewing tags, add a unique touch to any project.\",\"breadcrumb\":{\"@id\":\"https:\/\/fredfloris.eu\/productpage\/personalised-leather-labels\/#breadcrumb\"},\"inLanguage\":\"lv-LV\",\"potentialAction\":[{\"@type\":\"ReadAction\",\"target\":[\"https:\/\/fredfloris.eu\/productpage\/personalised-leather-labels\/\"]}]},{\"@type\":\"ImageObject\",\"inLanguage\":\"lv-LV\",\"@id\":\"https:\/\/fredfloris.eu\/productpage\/personalised-leather-labels\/#primaryimage\",\"url\":\"https:\/\/fredfloris.eu\/wp-content\/uploads\/2025\/01\/IMG_6475-scaled.jpg\",\"contentUrl\":\"https:\/\/fredfloris.eu\/wp-content\/uploads\/2025\/01\/IMG_6475-scaled.jpg\",\"width\":2560,\"height\":1707,\"caption\":\"Product: Personalised Leather Labels\"},{\"@type\":\"BreadcrumbList\",\"@id\":\"https:\/\/fredfloris.eu\/productpage\/personalised-leather-labels\/#breadcrumb\",\"itemListElement\":[{\"@type\":\"ListItem\",\"position\":1,\"name\":\"Home\",\"item\":\"https:\/\/fredfloris.eu\/\"},{\"@type\":\"ListItem\",\"position\":2,\"name\":\"Shop\",\"item\":\"https:\/\/fredfloris.eu\/shop\/\"},{\"@type\":\"ListItem\",\"position\":3,\"name\":\"Personalised Leather Labels\"}]},{\"@type\":\"WebSite\",\"@id\":\"https:\/\/fredfloris.eu\/#website\",\"url\":\"https:\/\/fredfloris.eu\/\",\"name\":\"FredFloris\",\"description\":\"Handcrafted Leathergoods - Made in Sweden\",\"publisher\":{\"@id\":\"https:\/\/fredfloris.eu\/#organization\"},\"potentialAction\":[{\"@type\":\"SearchAction\",\"target\":{\"@type\":\"EntryPoint\",\"urlTemplate\":\"https:\/\/fredfloris.eu\/?s={search_term_string}\"},\"query-input\":{\"@type\":\"PropertyValueSpecification\",\"valueRequired\":true,\"valueName\":\"search_term_string\"}}],\"inLanguage\":\"lv-LV\"},{\"@type\":\"Organization\",\"@id\":\"https:\/\/fredfloris.eu\/#organization\",\"name\":\"FredFloris\",\"url\":\"https:\/\/fredfloris.eu\/\",\"logo\":{\"@type\":\"ImageObject\",\"inLanguage\":\"lv-LV\",\"@id\":\"https:\/\/fredfloris.eu\/#\/schema\/logo\/image\/\",\"url\":\"https:\/\/fredfloris.eu\/wp-content\/uploads\/2022\/03\/FredFloris-med-hel-nal-och-text.png\",\"contentUrl\":\"https:\/\/fredfloris.eu\/wp-content\/uploads\/2022\/03\/FredFloris-med-hel-nal-och-text.png\",\"width\":591,\"height\":283,\"caption\":\"FredFloris\"},\"image\":{\"@id\":\"https:\/\/fredfloris.eu\/#\/schema\/logo\/image\/\"},\"sameAs\":[\"https:\/\/www.facebook.com\/FredFloris.Artisan.Studio\/\",\"https:\/\/x.com\/_fredfloris_\",\"https:\/\/www.instagram.com\/fredfloris.artisan.studio\/\"]}]}<\/script>\n<!-- \/ Yoast SEO plugin. -->","yoast_head_json":{"title":"Piel\u0101gotas \u0101das eti\u0137etes amatniec\u012bbai | Personaliz\u0113tas \u0161\u016b\u0161anas birkas","description":"Uzlabojiet savus ar rok\u0101m darin\u0101tos darbus ar m\u016bsu piel\u0101gotaj\u0101m \u0101das eti\u0137et\u0113m. \u0160\u012bs personaliz\u0113t\u0101s \u0161\u016b\u0161anas birkas ir lieliski piem\u0113rotas ad\u012bt\u0101j\u0101m, tambor\u0113t\u0101j\u0101m un amatniec\u0113m, un t\u0101s pie\u0161\u0137ir unik\u0101lu akcentu jebkuram projektam.","robots":{"index":"index","follow":"follow","max-snippet":"max-snippet:-1","max-image-preview":"max-image-preview:large","max-video-preview":"max-video-preview:-1"},"canonical":"https:\/\/fredfloris.eu\/lv\/productpage\/personalised-leather-labels\/?wmc-currency=EUR","og_locale":"lv_LV","og_type":"article","og_title":"Custom Leather Labels for Crafting | Personalised Sewing Tags","og_description":"Elevate your handmade creations with our Custom Leather Labels. Perfect for knitters, crocheters, and crafters, these personalised sewing tags, add a unique touch to any project.","og_url":"https:\/\/fredfloris.eu\/lv\/productpage\/personalised-leather-labels\/?wmc-currency=EUR","og_site_name":"FredFloris","article_publisher":"https:\/\/www.facebook.com\/FredFloris.Artisan.Studio\/","article_modified_time":"2025-01-05T10:22:59+00:00","og_image":[{"width":2560,"height":1707,"url":"https:\/\/fredfloris.eu\/wp-content\/uploads\/2025\/01\/IMG_6475-scaled.jpg","type":"image\/jpeg"}],"twitter_card":"summary_large_image","twitter_site":"@_fredfloris_","twitter_misc":{"Est. reading time":"2 min\u016btes"},"schema":{"@context":"https:\/\/schema.org","@graph":[{"@type":"WebPage","@id":"https:\/\/fredfloris.eu\/productpage\/personalised-leather-labels\/","url":"https:\/\/fredfloris.eu\/productpage\/personalised-leather-labels\/","name":"Piel\u0101gotas \u0101das eti\u0137etes amatniec\u012bbai | Personaliz\u0113tas \u0161\u016b\u0161anas birkas","isPartOf":{"@id":"https:\/\/fredfloris.eu\/#website"},"primaryImageOfPage":{"@id":"https:\/\/fredfloris.eu\/productpage\/personalised-leather-labels\/#primaryimage"},"image":{"@id":"https:\/\/fredfloris.eu\/productpage\/personalised-leather-labels\/#primaryimage"},"thumbnailUrl":"https:\/\/fredfloris.eu\/wp-content\/uploads\/2025\/01\/IMG_6475-scaled.jpg","datePublished":"2024-02-27T18:41:14+00:00","dateModified":"2025-01-05T10:22:59+00:00","description":"Uzlabojiet savus ar rok\u0101m darin\u0101tos darbus ar m\u016bsu piel\u0101gotaj\u0101m \u0101das eti\u0137et\u0113m. \u0160\u012bs personaliz\u0113t\u0101s \u0161\u016b\u0161anas birkas ir lieliski piem\u0113rotas ad\u012bt\u0101j\u0101m, tambor\u0113t\u0101j\u0101m un amatniec\u0113m, un t\u0101s pie\u0161\u0137ir unik\u0101lu akcentu jebkuram projektam.","breadcrumb":{"@id":"https:\/\/fredfloris.eu\/productpage\/personalised-leather-labels\/#breadcrumb"},"inLanguage":"lv-LV","potentialAction":[{"@type":"ReadAction","target":["https:\/\/fredfloris.eu\/productpage\/personalised-leather-labels\/"]}]},{"@type":"ImageObject","inLanguage":"lv-LV","@id":"https:\/\/fredfloris.eu\/productpage\/personalised-leather-labels\/#primaryimage","url":"https:\/\/fredfloris.eu\/wp-content\/uploads\/2025\/01\/IMG_6475-scaled.jpg","contentUrl":"https:\/\/fredfloris.eu\/wp-content\/uploads\/2025\/01\/IMG_6475-scaled.jpg","width":2560,"height":1707,"caption":"Product: Personalised Leather Labels"},{"@type":"BreadcrumbList","@id":"https:\/\/fredfloris.eu\/productpage\/personalised-leather-labels\/#breadcrumb","itemListElement":[{"@type":"ListItem","position":1,"name":"Home","item":"https:\/\/fredfloris.eu\/"},{"@type":"ListItem","position":2,"name":"Shop","item":"https:\/\/fredfloris.eu\/shop\/"},{"@type":"ListItem","position":3,"name":"Personalised Leather Labels"}]},{"@type":"WebSite","@id":"https:\/\/fredfloris.eu\/#website","url":"https:\/\/fredfloris.eu\/","name":"FredFloris","description":"Ar rok\u0101m darin\u0101ti \u0101das izstr\u0101d\u0101jumi - Ra\u017eots Zviedrij\u0101","publisher":{"@id":"https:\/\/fredfloris.eu\/#organization"},"potentialAction":[{"@type":"SearchAction","target":{"@type":"EntryPoint","urlTemplate":"https:\/\/fredfloris.eu\/?s={search_term_string}"},"query-input":{"@type":"PropertyValueSpecification","valueRequired":true,"valueName":"search_term_string"}}],"inLanguage":"lv-LV"},{"@type":"Organization","@id":"https:\/\/fredfloris.eu\/#organization","name":"FredFloris","url":"https:\/\/fredfloris.eu\/","logo":{"@type":"ImageObject","inLanguage":"lv-LV","@id":"https:\/\/fredfloris.eu\/#\/schema\/logo\/image\/","url":"https:\/\/fredfloris.eu\/wp-content\/uploads\/2022\/03\/FredFloris-med-hel-nal-och-text.png","contentUrl":"https:\/\/fredfloris.eu\/wp-content\/uploads\/2022\/03\/FredFloris-med-hel-nal-och-text.png","width":591,"height":283,"caption":"FredFloris"},"image":{"@id":"https:\/\/fredfloris.eu\/#\/schema\/logo\/image\/"},"sameAs":["https:\/\/www.facebook.com\/FredFloris.Artisan.Studio\/","https:\/\/x.com\/_fredfloris_","https:\/\/www.instagram.com\/fredfloris.artisan.studio\/"]}]}},"brands":[{"id":203,"name":"FredFloris","slug":"fredfloris"}],"_links":{"self":[{"href":"https:\/\/fredfloris.eu\/lv\/wp-json\/wp\/v2\/product\/10760","targetHints":{"allow":["GET"]}}],"collection":[{"href":"https:\/\/fredfloris.eu\/lv\/wp-json\/wp\/v2\/product"}],"about":[{"href":"https:\/\/fredfloris.eu\/lv\/wp-json\/wp\/v2\/types\/product"}],"version-history":[{"count":38,"href":"https:\/\/fredfloris.eu\/lv\/wp-json\/wp\/v2\/product\/10760\/revisions"}],"predecessor-version":[{"id":11131,"href":"https:\/\/fredfloris.eu\/lv\/wp-json\/wp\/v2\/product\/10760\/revisions\/11131"}],"wp:featuredmedia":[{"embeddable":true,"href":"https:\/\/fredfloris.eu\/lv\/wp-json\/wp\/v2\/media\/11712"}],"wp:attachment":[{"href":"https:\/\/fredfloris.eu\/lv\/wp-json\/wp\/v2\/media?parent=10760"}],"wp:term":[{"taxonomy":"pwb-brand","embeddable":true,"href":"https:\/\/fredfloris.eu\/lv\/wp-json\/wp\/v2\/pwb-brand?post=10760"},{"taxonomy":"product_brand","embeddable":true,"href":"https:\/\/fredfloris.eu\/lv\/wp-json\/wp\/v2\/product_brand?post=10760"},{"taxonomy":"product_cat","embeddable":true,"href":"https:\/\/fredfloris.eu\/lv\/wp-json\/wp\/v2\/product_cat?post=10760"},{"taxonomy":"product_tag","embeddable":true,"href":"https:\/\/fredfloris.eu\/lv\/wp-json\/wp\/v2\/product_tag?post=10760"},{"taxonomy":"woo-feed-brand","embeddable":true,"href":"https:\/\/fredfloris.eu\/lv\/wp-json\/wp\/v2\/woo-feed-brand?post=10760"}],"curies":[{"name":"wp","href":"https:\/\/api.w.org\/{rel}","templated":true}]}}