{"id":12142,"date":"2025-05-13T20:25:41","date_gmt":"2025-05-13T18:25:41","guid":{"rendered":"https:\/\/fredfloris.eu\/?post_type=product&#038;p=12142"},"modified":"2026-01-30T13:57:43","modified_gmt":"2026-01-30T12:57:43","slug":"heritage-40-mm-belt","status":"publish","type":"product","link":"https:\/\/fredfloris.eu\/lv\/productpage\/heritage-40-mm-belt\/","title":{"rendered":"Heritage - 40 mm josta"},"content":{"rendered":"<p><strong>Personaliz\u0113\u0161ana:<\/strong> Pievienojiet v\u0101rdu, att\u0113lu vai zi\u0146u bez papildu maksas. Lai piel\u0101gotu savu dizainu, vienk\u0101r\u0161i pievienojiet preci un izv\u0113l\u0113to dizainu savam grozam.<\/p>\n<p><a class=\"lumise-customize-button button alt\" href=\"https:\/\/fredfloris.eu\/lv\/productpage\/customize-fredfloris-leather-belt\/?wmc-currency=EUR\" name=\"customize\">Piel\u0101gojiet<\/a><\/p>\n<p class=\"\" data-start=\"169\" data-end=\"513\"><strong data-start=\"169\" data-end=\"283\">Iepaz\u012bstin\u0101m ar Heritage - \u0101das jostu, kas l\u012bdzsvaro iztur\u012bgumu un izsmalcin\u0101tu meistar\u012bbu.<\/strong> Heritage ir izgatavots ar rok\u0101m, izmantojot tradicion\u0101los pa\u0146\u0113mienus, un ir paredz\u0113ts ilgsto\u0161am komfortam un uzticamam valk\u0101\u0161anai dienu p\u0113c dienas.<\/p>\n<p class=\"\" data-start=\"128\" data-end=\"336\"><strong data-start=\"128\" data-end=\"155\">M\u016b\u017e\u012bgs un daudzpus\u012bgs:<\/strong><br data-start=\"155\" data-end=\"158\" \/>Heritage josta ir izstr\u0101d\u0101ta t\u0101, lai t\u0101 der\u0113tu da\u017e\u0101diem t\u0113rpiem - no d\u017einsiem un ikdienas ap\u0123\u0113rba l\u012bdz form\u0101l\u0101kam ap\u0123\u0113rbam. T\u0101 pie\u0161\u0137ir izsmalcin\u0101tu vienk\u0101r\u0161\u012bbu neatkar\u012bgi no gad\u012bjuma.<\/p>\n<p class=\"\" data-start=\"338\" data-end=\"546\">Heritage josta ir izgatavota p\u0113c pas\u016bt\u012bjuma, izmantojot j\u016bsu prec\u012bzus izm\u0113rus, un t\u0101 ir pieejama da\u017e\u0101da platuma, diegu kr\u0101su un stiprin\u0101jumu stilu variantos, kas \u013cauj jums piln\u012bb\u0101 piel\u0101got jostu j\u016bsu gaumei un piem\u0113rot\u012bbai.<\/p>\n<p><strong data-start=\"976\" data-end=\"1003\">Produkta specifik\u0101cijas:<\/strong><\/p>\n<ul>\n<li><strong>Izgatavots tikai ar rok\u0101m m\u016bsu \u0123imenes \u012bpa\u0161um\u0101 eso\u0161aj\u0101 \u0101das m\u0101kslas studij\u0101<\/strong><\/li>\n<li><strong>Platums<\/strong>: 30 \/ 35 \/ 40 mm \u00b11 mm<\/li>\n<li><strong>\u0100das biezums:<\/strong> Aptuveni 4 mm<\/li>\n<li><strong>Piel\u0101gota piel\u0101go\u0161ana:<\/strong> Izgatavots p\u0113c izm\u0113ra (MTM), pieejams ar 5, 7 vai 9 caurumiem.<\/li>\n<li><strong>Kr\u0101su opcijas<\/strong>: Melns, Cognac, tum\u0161i br\u016bns vai iedegums<\/li>\n<li><strong>Materi\u0101ls:<\/strong> Ve\u0123etat\u012bvi miec\u0113ta pilngraudu bu\u013c\u013ca \u0101da, kas ieg\u016bta no It\u0101lijas<\/li>\n<li><strong>Apdare:<\/strong> Anil\u012bna kr\u0101sas \u0101da ar vasku\/ sve\u0137u mugurpusi ilgsto\u0161ai lieto\u0161anai<\/li>\n<li><strong>V\u012btne<\/strong>: \u0160\u016btas ar Tiger Ritza 25<\/li>\n<li><strong>Aparat\u016bra<\/strong>: AISI 304 ner\u016bs\u0113jo\u0161ais t\u0113rauds vai mas\u012bvs misi\u0146\u0161 - spr\u0101dze, kniedes un \u010cik\u0101gas skr\u016bves.<\/li>\n<li><strong>Detaliz\u0113\u0161ana:<\/strong> Ar ov\u0101liem jostas caurumiem un English point izsmalcin\u0101tam izskatam.<\/li>\n<li><strong>Personaliz\u0113\u0161ana<\/strong>: Iesp\u0113jams l\u0101zera grav\u0113jums inici\u0101\u013ciem, v\u0101rdiem vai piel\u0101gotam dizainam.<\/li>\n<li><strong>Stiprin\u0101juma iesp\u0113jas<\/strong>: Izv\u0113lieties starp tradicion\u0101laj\u0101m knied\u0113m vai \u010cik\u0101gas skr\u016bv\u0113m.<\/li>\n<li><strong data-start=\"45\" data-end=\"70\">FredFloris Paraksts:<\/strong> Katrai jostai ir FredFloris paraksts, kas ie\u0161\u016bts uz jostas m\u0113les gala. Pirc\u0113js var izv\u0113l\u0113ties no da\u017e\u0101d\u0101m diegu kr\u0101s\u0101m.<\/li>\n<\/ul>\n<p>&nbsp;<\/p>\n<p><strong data-start=\"1880\" data-end=\"1909\">Heritage \u0101das josta<\/strong> ir rad\u012bts tiem, kas nov\u0113rt\u0113 ilgsto\u0161u kvalit\u0101ti - iztur\u012bgs, labi izgatavots un piem\u0113rots laika p\u0101rbaud\u012bjumam.<\/p>\n<p>&nbsp;<\/p>\n<p data-start=\"1880\" data-end=\"2016\">Mekl\u0113\u0161anas v\u0101rdi: Pilngraudainas \u0101das josta<\/p>","protected":false},"excerpt":{"rendered":"<p>Izgatavots ar rok\u0101m tepat m\u016bsu darbn\u012bc\u0101. Parasti m\u0113s ar rok\u0101m izgrie\u017eam \u0161\u012bs \u0101das siksnas no 4 mm biezas dubult\u0101 dups\u012b\u0161a veid\u0101 miec\u0113tas pilngraudu \u0101das \u0101das, bet da\u017ek\u0101rt m\u0113s sa\u0146emam \u0101du jau sagrieztu siksn\u0101s no miec\u0113tavas.\u0160is lieliskais \u0101das gabals ir miec\u0113ts Tosk\u0101n\u0101, It\u0101lij\u0101, izmantojot anil\u012bna kr\u0101svielu, lai pie\u0161\u0137irtu tai dzi\u013cu, bag\u0101t\u012bgu kr\u0101su. \u0100das mugur\u0113j\u0101 puse ir apstr\u0101d\u0101ta ar vasku un sve\u0137iem, kas ir tikai augst\u0101k\u0101s kvalit\u0101tes \u0101dai paredz\u0113ta apstr\u0101de un nodro\u0161ina ilgsto\u0161u valk\u0101\u0161anu.<\/p>\n<pre><\/pre>\n<p>Izgatavojot jostu, t\u0101s garums ir MTM, lai t\u0101 \u012bpa\u0161i atbilstu j\u016bsu viduklim. Kad siksnas ir sagrieztas siksn\u0101s, to malas tiek noapa\u013cotas, sl\u012bp\u0113tas, kr\u0101sotas un visbeidzot spodrin\u0101tas, lai nodro\u0161in\u0101tu \u0113rtu valk\u0101\u0161anu; katrs posms tiek veikts ar rok\u0101m, un t\u0101 pabeig\u0161ana aiz\u0146em vair\u0101kas dienas. Malas tiek apstr\u0101d\u0101tas, lai t\u0101s b\u016btu \u016bdensiztur\u012bg\u0101kas.<\/p>","protected":false},"featured_media":12001,"template":"","meta":[],"pwb-brand":[203],"product_brand":[],"product_cat":[107,100],"product_tag":[123,136,105],"woo-feed-brand":[],"class_list":{"0":"post-12142","1":"product","2":"type-product","3":"status-publish","4":"has-post-thumbnail","6":"pwb-brand-fredfloris","7":"product_cat-belts","8":"product_cat-leathergoods","9":"product_tag-full-grain-leather","10":"product_tag-handmade","11":"product_tag-made-to-order","12":"product_shipping_class-midsized-goods","13":"pa_leather-colour-black-belt","14":"pa_leather-colour-cognac-no3","15":"pa_leather-colour-dbrown-belt","16":"pa_leather-colour-tan-belt","18":"first","19":"instock","20":"taxable","21":"shipping-taxable","22":"purchasable","23":"product-type-variable","24":"has-default-attributes"},"yoast_head":"<!-- This site is optimized with the Yoast SEO plugin v27.2 - https:\/\/yoast.com\/product\/yoast-seo-wordpress\/ -->\n<title>Heritage - 40 mm Belt | FredFloris<\/title>\n<meta name=\"description\" content=\"Discover The Heritage \u2013 a handcrafted, full-grain leather belt made to measure in Sweden. Customisable in size, colour, and finish.\" \/>\n<meta name=\"robots\" content=\"index, follow, max-snippet:-1, max-image-preview:large, max-video-preview:-1\" \/>\n<link rel=\"canonical\" href=\"https:\/\/fredfloris.eu\/lv\/productpage\/heritage-40-mm-belt\/?wmc-currency=EUR\" \/>\n<meta property=\"og:locale\" content=\"lv_LV\" \/>\n<meta property=\"og:type\" content=\"article\" \/>\n<meta property=\"og:title\" content=\"Heritage - 40 mm Belt | FredFloris\" \/>\n<meta property=\"og:description\" content=\"Discover The Heritage \u2013 a handcrafted, full-grain leather belt made to measure in Sweden. Customisable in size, colour, and finish.\" \/>\n<meta property=\"og:url\" content=\"https:\/\/fredfloris.eu\/lv\/productpage\/heritage-40-mm-belt\/?wmc-currency=EUR\" \/>\n<meta property=\"og:site_name\" content=\"FredFloris\" \/>\n<meta property=\"article:publisher\" content=\"https:\/\/www.facebook.com\/FredFloris.Artisan.Studio\/\" \/>\n<meta property=\"article:modified_time\" content=\"2026-01-30T12:57:43+00:00\" \/>\n<meta property=\"og:image\" content=\"https:\/\/fredfloris.eu\/wp-content\/uploads\/2025\/05\/IMG_6738-scaled.jpg\" \/>\n\t<meta property=\"og:image:width\" content=\"2560\" \/>\n\t<meta property=\"og:image:height\" content=\"1706\" \/>\n\t<meta property=\"og:image:type\" content=\"image\/jpeg\" \/>\n<meta name=\"twitter:card\" content=\"summary_large_image\" \/>\n<meta name=\"twitter:site\" content=\"@_fredfloris_\" \/>\n<meta name=\"twitter:label1\" content=\"Est. reading time\" \/>\n\t<meta name=\"twitter:data1\" content=\"2 min\u016btes\" \/>\n<script type=\"application\/ld+json\" class=\"yoast-schema-graph\">{\"@context\":\"https:\/\/schema.org\",\"@graph\":[{\"@type\":\"WebPage\",\"@id\":\"https:\/\/fredfloris.eu\/productpage\/heritage-40-mm-belt\/\",\"url\":\"https:\/\/fredfloris.eu\/productpage\/heritage-40-mm-belt\/\",\"name\":\"Heritage - 40 mm Belt | FredFloris\",\"isPartOf\":{\"@id\":\"https:\/\/fredfloris.eu\/#website\"},\"primaryImageOfPage\":{\"@id\":\"https:\/\/fredfloris.eu\/productpage\/heritage-40-mm-belt\/#primaryimage\"},\"image\":{\"@id\":\"https:\/\/fredfloris.eu\/productpage\/heritage-40-mm-belt\/#primaryimage\"},\"thumbnailUrl\":\"https:\/\/fredfloris.eu\/wp-content\/uploads\/2025\/05\/IMG_6738-scaled.jpg\",\"datePublished\":\"2025-05-13T18:25:41+00:00\",\"dateModified\":\"2026-01-30T12:57:43+00:00\",\"description\":\"Discover The Heritage \u2013 a handcrafted, full-grain leather belt made to measure in Sweden. Customisable in size, colour, and finish.\",\"breadcrumb\":{\"@id\":\"https:\/\/fredfloris.eu\/productpage\/heritage-40-mm-belt\/#breadcrumb\"},\"inLanguage\":\"lv-LV\",\"potentialAction\":[{\"@type\":\"ReadAction\",\"target\":[\"https:\/\/fredfloris.eu\/productpage\/heritage-40-mm-belt\/\"]}]},{\"@type\":\"ImageObject\",\"inLanguage\":\"lv-LV\",\"@id\":\"https:\/\/fredfloris.eu\/productpage\/heritage-40-mm-belt\/#primaryimage\",\"url\":\"https:\/\/fredfloris.eu\/wp-content\/uploads\/2025\/05\/IMG_6738-scaled.jpg\",\"contentUrl\":\"https:\/\/fredfloris.eu\/wp-content\/uploads\/2025\/05\/IMG_6738-scaled.jpg\",\"width\":2560,\"height\":1706,\"caption\":\"Product: Heritage, Belt Buckle: Brass\/Stainless Steel, Width: 40 mm, Colour: All Colours available\"},{\"@type\":\"BreadcrumbList\",\"@id\":\"https:\/\/fredfloris.eu\/productpage\/heritage-40-mm-belt\/#breadcrumb\",\"itemListElement\":[{\"@type\":\"ListItem\",\"position\":1,\"name\":\"Home\",\"item\":\"https:\/\/fredfloris.eu\/\"},{\"@type\":\"ListItem\",\"position\":2,\"name\":\"Shop\",\"item\":\"https:\/\/fredfloris.eu\/shop\/\"},{\"@type\":\"ListItem\",\"position\":3,\"name\":\"Heritage &#8211; 40 mm Belt\"}]},{\"@type\":\"WebSite\",\"@id\":\"https:\/\/fredfloris.eu\/#website\",\"url\":\"https:\/\/fredfloris.eu\/\",\"name\":\"FredFloris\",\"description\":\"Handcrafted Leathergoods - Made in Sweden\",\"publisher\":{\"@id\":\"https:\/\/fredfloris.eu\/#organization\"},\"potentialAction\":[{\"@type\":\"SearchAction\",\"target\":{\"@type\":\"EntryPoint\",\"urlTemplate\":\"https:\/\/fredfloris.eu\/?s={search_term_string}\"},\"query-input\":{\"@type\":\"PropertyValueSpecification\",\"valueRequired\":true,\"valueName\":\"search_term_string\"}}],\"inLanguage\":\"lv-LV\"},{\"@type\":\"Organization\",\"@id\":\"https:\/\/fredfloris.eu\/#organization\",\"name\":\"FredFloris\",\"url\":\"https:\/\/fredfloris.eu\/\",\"logo\":{\"@type\":\"ImageObject\",\"inLanguage\":\"lv-LV\",\"@id\":\"https:\/\/fredfloris.eu\/#\/schema\/logo\/image\/\",\"url\":\"https:\/\/fredfloris.eu\/wp-content\/uploads\/2022\/03\/FredFloris-med-hel-nal-och-text.png\",\"contentUrl\":\"https:\/\/fredfloris.eu\/wp-content\/uploads\/2022\/03\/FredFloris-med-hel-nal-och-text.png\",\"width\":591,\"height\":283,\"caption\":\"FredFloris\"},\"image\":{\"@id\":\"https:\/\/fredfloris.eu\/#\/schema\/logo\/image\/\"},\"sameAs\":[\"https:\/\/www.facebook.com\/FredFloris.Artisan.Studio\/\",\"https:\/\/x.com\/_fredfloris_\",\"https:\/\/www.instagram.com\/fredfloris.artisan.studio\/\"]}]}<\/script>\n<!-- \/ Yoast SEO plugin. -->","yoast_head_json":{"title":"Heritage - 40 mm josta | FredFloris","description":"Atkl\u0101jiet Heritage - ar rok\u0101m darin\u0101tu, p\u0113c pas\u016bt\u012bjuma Zviedrij\u0101 izgatavotu jostu no pilngraudainas \u0101das. Piel\u0101gojams izm\u0113rs, kr\u0101sa un apdare.","robots":{"index":"index","follow":"follow","max-snippet":"max-snippet:-1","max-image-preview":"max-image-preview:large","max-video-preview":"max-video-preview:-1"},"canonical":"https:\/\/fredfloris.eu\/lv\/productpage\/heritage-40-mm-belt\/?wmc-currency=EUR","og_locale":"lv_LV","og_type":"article","og_title":"Heritage - 40 mm Belt | FredFloris","og_description":"Discover The Heritage \u2013 a handcrafted, full-grain leather belt made to measure in Sweden. Customisable in size, colour, and finish.","og_url":"https:\/\/fredfloris.eu\/lv\/productpage\/heritage-40-mm-belt\/?wmc-currency=EUR","og_site_name":"FredFloris","article_publisher":"https:\/\/www.facebook.com\/FredFloris.Artisan.Studio\/","article_modified_time":"2026-01-30T12:57:43+00:00","og_image":[{"width":2560,"height":1706,"url":"https:\/\/fredfloris.eu\/wp-content\/uploads\/2025\/05\/IMG_6738-scaled.jpg","type":"image\/jpeg"}],"twitter_card":"summary_large_image","twitter_site":"@_fredfloris_","twitter_misc":{"Est. reading time":"2 min\u016btes"},"schema":{"@context":"https:\/\/schema.org","@graph":[{"@type":"WebPage","@id":"https:\/\/fredfloris.eu\/productpage\/heritage-40-mm-belt\/","url":"https:\/\/fredfloris.eu\/productpage\/heritage-40-mm-belt\/","name":"Heritage - 40 mm josta | FredFloris","isPartOf":{"@id":"https:\/\/fredfloris.eu\/#website"},"primaryImageOfPage":{"@id":"https:\/\/fredfloris.eu\/productpage\/heritage-40-mm-belt\/#primaryimage"},"image":{"@id":"https:\/\/fredfloris.eu\/productpage\/heritage-40-mm-belt\/#primaryimage"},"thumbnailUrl":"https:\/\/fredfloris.eu\/wp-content\/uploads\/2025\/05\/IMG_6738-scaled.jpg","datePublished":"2025-05-13T18:25:41+00:00","dateModified":"2026-01-30T12:57:43+00:00","description":"Atkl\u0101jiet Heritage - ar rok\u0101m darin\u0101tu, p\u0113c pas\u016bt\u012bjuma Zviedrij\u0101 izgatavotu jostu no pilngraudainas \u0101das. Piel\u0101gojams izm\u0113rs, kr\u0101sa un apdare.","breadcrumb":{"@id":"https:\/\/fredfloris.eu\/productpage\/heritage-40-mm-belt\/#breadcrumb"},"inLanguage":"lv-LV","potentialAction":[{"@type":"ReadAction","target":["https:\/\/fredfloris.eu\/productpage\/heritage-40-mm-belt\/"]}]},{"@type":"ImageObject","inLanguage":"lv-LV","@id":"https:\/\/fredfloris.eu\/productpage\/heritage-40-mm-belt\/#primaryimage","url":"https:\/\/fredfloris.eu\/wp-content\/uploads\/2025\/05\/IMG_6738-scaled.jpg","contentUrl":"https:\/\/fredfloris.eu\/wp-content\/uploads\/2025\/05\/IMG_6738-scaled.jpg","width":2560,"height":1706,"caption":"Product: Heritage, Belt Buckle: Brass\/Stainless Steel, Width: 40 mm, Colour: All Colours available"},{"@type":"BreadcrumbList","@id":"https:\/\/fredfloris.eu\/productpage\/heritage-40-mm-belt\/#breadcrumb","itemListElement":[{"@type":"ListItem","position":1,"name":"Home","item":"https:\/\/fredfloris.eu\/"},{"@type":"ListItem","position":2,"name":"Shop","item":"https:\/\/fredfloris.eu\/shop\/"},{"@type":"ListItem","position":3,"name":"Heritage &#8211; 40 mm Belt"}]},{"@type":"WebSite","@id":"https:\/\/fredfloris.eu\/#website","url":"https:\/\/fredfloris.eu\/","name":"FredFloris","description":"Ar rok\u0101m darin\u0101ti \u0101das izstr\u0101d\u0101jumi - Ra\u017eots Zviedrij\u0101","publisher":{"@id":"https:\/\/fredfloris.eu\/#organization"},"potentialAction":[{"@type":"SearchAction","target":{"@type":"EntryPoint","urlTemplate":"https:\/\/fredfloris.eu\/?s={search_term_string}"},"query-input":{"@type":"PropertyValueSpecification","valueRequired":true,"valueName":"search_term_string"}}],"inLanguage":"lv-LV"},{"@type":"Organization","@id":"https:\/\/fredfloris.eu\/#organization","name":"FredFloris","url":"https:\/\/fredfloris.eu\/","logo":{"@type":"ImageObject","inLanguage":"lv-LV","@id":"https:\/\/fredfloris.eu\/#\/schema\/logo\/image\/","url":"https:\/\/fredfloris.eu\/wp-content\/uploads\/2022\/03\/FredFloris-med-hel-nal-och-text.png","contentUrl":"https:\/\/fredfloris.eu\/wp-content\/uploads\/2022\/03\/FredFloris-med-hel-nal-och-text.png","width":591,"height":283,"caption":"FredFloris"},"image":{"@id":"https:\/\/fredfloris.eu\/#\/schema\/logo\/image\/"},"sameAs":["https:\/\/www.facebook.com\/FredFloris.Artisan.Studio\/","https:\/\/x.com\/_fredfloris_","https:\/\/www.instagram.com\/fredfloris.artisan.studio\/"]}]}},"brands":[{"id":203,"name":"FredFloris","slug":"fredfloris"}],"_links":{"self":[{"href":"https:\/\/fredfloris.eu\/lv\/wp-json\/wp\/v2\/product\/12142","targetHints":{"allow":["GET"]}}],"collection":[{"href":"https:\/\/fredfloris.eu\/lv\/wp-json\/wp\/v2\/product"}],"about":[{"href":"https:\/\/fredfloris.eu\/lv\/wp-json\/wp\/v2\/types\/product"}],"version-history":[{"count":3,"href":"https:\/\/fredfloris.eu\/lv\/wp-json\/wp\/v2\/product\/12142\/revisions"}],"predecessor-version":[{"id":12347,"href":"https:\/\/fredfloris.eu\/lv\/wp-json\/wp\/v2\/product\/12142\/revisions\/12347"}],"wp:featuredmedia":[{"embeddable":true,"href":"https:\/\/fredfloris.eu\/lv\/wp-json\/wp\/v2\/media\/12001"}],"wp:attachment":[{"href":"https:\/\/fredfloris.eu\/lv\/wp-json\/wp\/v2\/media?parent=12142"}],"wp:term":[{"taxonomy":"pwb-brand","embeddable":true,"href":"https:\/\/fredfloris.eu\/lv\/wp-json\/wp\/v2\/pwb-brand?post=12142"},{"taxonomy":"product_brand","embeddable":true,"href":"https:\/\/fredfloris.eu\/lv\/wp-json\/wp\/v2\/product_brand?post=12142"},{"taxonomy":"product_cat","embeddable":true,"href":"https:\/\/fredfloris.eu\/lv\/wp-json\/wp\/v2\/product_cat?post=12142"},{"taxonomy":"product_tag","embeddable":true,"href":"https:\/\/fredfloris.eu\/lv\/wp-json\/wp\/v2\/product_tag?post=12142"},{"taxonomy":"woo-feed-brand","embeddable":true,"href":"https:\/\/fredfloris.eu\/lv\/wp-json\/wp\/v2\/woo-feed-brand?post=12142"}],"curies":[{"name":"wp","href":"https:\/\/api.w.org\/{rel}","templated":true}]}}