{"id":5009,"date":"2022-05-15T22:44:55","date_gmt":"2022-05-15T20:44:55","guid":{"rendered":"https:\/\/fredfloris.eu\/?post_type=product&#038;p=5009"},"modified":"2025-01-18T23:06:18","modified_gmt":"2025-01-18T21:06:18","slug":"saf-bookmarks","status":"publish","type":"product","link":"https:\/\/fredfloris.eu\/lv\/productpage\/saf-bookmarks\/","title":{"rendered":"Selma, Astrid or Fredrika - Gr\u0101matz\u012bmes"},"content":{"rendered":"<p><strong>Atz\u012bm\u0113jiet ikoniskus varo\u0146us ar m\u016bsu \u0101das gr\u0101matz\u012bmi ar neaizmirstamiem cit\u0101tiem no Maikla Skota no seri\u0101la \u2018Birojs\u2019 un Buzza Gaismk\u0101ja no \u2018Rota\u013clietu st\u0101sta\u2019.<\/strong> \u0160\u012b gr\u0101matz\u012bme apvieno jautr\u012bbu un funkcionalit\u0101ti, kas ir ide\u0101li piem\u0113rota gan gr\u0101matu m\u012b\u013cot\u0101jiem, gan faniem. Neatkar\u012bgi no t\u0101, vai \u0161ie cit\u0101ti ir termiski reljefi vai zelt\u012bti, tie pie\u0161\u0137irs iedvesmu un humoru j\u016bsu las\u012b\u0161anas sesij\u0101m.<\/p>\n<p><strong>Produkta specifik\u0101cijas:<\/strong><\/p>\n<ul>\n<li><strong>Materi\u0101ls:<\/strong> Izgatavots no Tosk\u0101n\u0101, It\u0101lij\u0101, miec\u0113tas augu izcelsmes pilngraudu bu\u013c\u013ca \u0101das.<\/li>\n<li><strong>Personaliz\u0113\u0161ana:<\/strong> Cit\u0101ti, ko var izgrebt ar karstumu vai apzelt\u012bt ar zelta foliju.<\/li>\n<li><strong>Apdare:<\/strong> Anil\u012bna kr\u0101sas \u0101da ar vasku\/ sve\u0137u mugurpusi papildu elast\u012bbai.<\/li>\n<li><strong>Pielikums:<\/strong> Komplekt\u0101 iek\u013cauta ka\u0146epju \u0161\u0137iedras aukla, lai saglab\u0101tu j\u016bsu vietu<\/li>\n<li><strong>Izm\u0113ri:<\/strong> Platums: 33 mm, garums: 200 mm<\/li>\n<\/ul>\n<p>&nbsp;<\/p>\n<p>\u0160\u012b \u0101das gr\u0101matz\u012bme ir ne tikai praktisks las\u012b\u0161anas piederums, bet ar\u012b izteiksm\u012bgs priek\u0161mets, kas apvieno m\u012blest\u012bbu pret iem\u012b\u013cotiem filmu un TV varo\u0146iem ar m\u016b\u017e\u012bgo las\u012b\u0161anas prieku.<\/p>\n<p>&nbsp;<\/p>\n<p>Mekl\u0113\u0161anas v\u0101rdi: Gr\u0101matz\u012bme ar cit\u0101tiem, \u0100das gr\u0101matz\u012bme, \u0100das gr\u0101matz\u012bme, Termiski pres\u0113ta \u0101das gr\u0101matz\u012bme<\/p>","protected":false},"excerpt":{"rendered":"<p>\u0160\u012b gr\u0101matz\u012bme ir izgatavota no augu miec\u0113tas pilngraudu \u0101das, ko nodro\u0161ina It\u0101lijas uz\u0146\u0113mums Mapel &amp; C sadarb\u012bb\u0101 ar Tosk\u0101nas miec\u0113\u0161anas apgabala uz\u0146\u0113mumiem. \u0160\u012b gr\u0101matz\u012bme ir izgriezta no t\u0101s pa\u0161as Eiropas bu\u013c\u013ca \u0101das, no kuras ir izgatavota m\u016bsu josta, un t\u0101 ir kr\u0101sota, izmantojot anil\u012bnu, un tai ir br\u012bni\u0161\u0137\u012bga puspermeta vaska apdare. M\u0113s izmantoj\u0101m dab\u012bgas ka\u0146epju \u0161\u0137iedras auklu, kas padara to vienk\u0101r\u0161u un smalkj\u016bt\u012bgu.<\/p>","protected":false},"featured_media":3087,"template":"","meta":[],"pwb-brand":[203],"product_brand":[],"product_cat":[108,100],"product_tag":[123,136,147,105],"woo-feed-brand":[],"class_list":{"0":"post-5009","1":"product","2":"type-product","3":"status-publish","4":"has-post-thumbnail","6":"pwb-brand-fredfloris","7":"product_cat-bookmarks","8":"product_cat-leathergoods","9":"product_tag-full-grain-leather","10":"product_tag-handmade","11":"product_tag-heat-imprint","12":"product_tag-made-to-order","13":"product_shipping_class-small-goods","14":"pa_leather-colour-tan-belt","16":"first","17":"instock","18":"taxable","19":"shipping-taxable","20":"purchasable","21":"product-type-variable"},"yoast_head":"<!-- This site is optimized with the Yoast SEO plugin v27.2 - https:\/\/yoast.com\/product\/yoast-seo-wordpress\/ -->\n<title>Leather Bookmark With Quotes | FredFloris<\/title>\n<meta name=\"description\" content=\"Our bookmarks are handcrafted from premium vegetable-tanned leather. Personalize your bookmark with a custom message using heat imprint.\" \/>\n<meta name=\"robots\" content=\"index, follow, max-snippet:-1, max-image-preview:large, max-video-preview:-1\" \/>\n<link rel=\"canonical\" href=\"https:\/\/fredfloris.eu\/lv\/productpage\/saf-bookmarks\/?wmc-currency=EUR\" \/>\n<meta property=\"og:locale\" content=\"lv_LV\" \/>\n<meta property=\"og:type\" content=\"article\" \/>\n<meta property=\"og:title\" content=\"Leather Bookmark With Quotes | FredFloris\" \/>\n<meta property=\"og:description\" content=\"Our bookmarks are handcrafted from premium vegetable-tanned leather. Personalize your bookmark with a custom message using heat imprint.\" \/>\n<meta property=\"og:url\" content=\"https:\/\/fredfloris.eu\/lv\/productpage\/saf-bookmarks\/?wmc-currency=EUR\" \/>\n<meta property=\"og:site_name\" content=\"FredFloris\" \/>\n<meta property=\"article:publisher\" content=\"https:\/\/www.facebook.com\/FredFloris.Artisan.Studio\/\" \/>\n<meta property=\"article:modified_time\" content=\"2025-01-18T21:06:18+00:00\" \/>\n<meta property=\"og:image\" content=\"https:\/\/fredfloris.eu\/wp-content\/uploads\/2022\/04\/IMG_1521-scaled.jpg\" \/>\n\t<meta property=\"og:image:width\" content=\"2560\" \/>\n\t<meta property=\"og:image:height\" content=\"1707\" \/>\n\t<meta property=\"og:image:type\" content=\"image\/jpeg\" \/>\n<meta name=\"twitter:card\" content=\"summary_large_image\" \/>\n<meta name=\"twitter:site\" content=\"@_fredfloris_\" \/>\n<meta name=\"twitter:label1\" content=\"Est. reading time\" \/>\n\t<meta name=\"twitter:data1\" content=\"1 min\u016bte\" \/>\n<script type=\"application\/ld+json\" class=\"yoast-schema-graph\">{\"@context\":\"https:\/\/schema.org\",\"@graph\":[{\"@type\":\"WebPage\",\"@id\":\"https:\/\/fredfloris.eu\/productpage\/saf-bookmarks\/\",\"url\":\"https:\/\/fredfloris.eu\/productpage\/saf-bookmarks\/\",\"name\":\"Leather Bookmark With Quotes | FredFloris\",\"isPartOf\":{\"@id\":\"https:\/\/fredfloris.eu\/#website\"},\"primaryImageOfPage\":{\"@id\":\"https:\/\/fredfloris.eu\/productpage\/saf-bookmarks\/#primaryimage\"},\"image\":{\"@id\":\"https:\/\/fredfloris.eu\/productpage\/saf-bookmarks\/#primaryimage\"},\"thumbnailUrl\":\"https:\/\/fredfloris.eu\/wp-content\/uploads\/2022\/04\/IMG_1521-scaled.jpg\",\"datePublished\":\"2022-05-15T20:44:55+00:00\",\"dateModified\":\"2025-01-18T21:06:18+00:00\",\"description\":\"Our bookmarks are handcrafted from premium vegetable-tanned leather. Personalize your bookmark with a custom message using heat imprint.\",\"breadcrumb\":{\"@id\":\"https:\/\/fredfloris.eu\/productpage\/saf-bookmarks\/#breadcrumb\"},\"inLanguage\":\"lv-LV\",\"potentialAction\":[{\"@type\":\"ReadAction\",\"target\":[\"https:\/\/fredfloris.eu\/productpage\/saf-bookmarks\/\"]}]},{\"@type\":\"ImageObject\",\"inLanguage\":\"lv-LV\",\"@id\":\"https:\/\/fredfloris.eu\/productpage\/saf-bookmarks\/#primaryimage\",\"url\":\"https:\/\/fredfloris.eu\/wp-content\/uploads\/2022\/04\/IMG_1521-scaled.jpg\",\"contentUrl\":\"https:\/\/fredfloris.eu\/wp-content\/uploads\/2022\/04\/IMG_1521-scaled.jpg\",\"width\":2560,\"height\":1707,\"caption\":\"Tan leather bookmark, with Toy Story quote, heat pressed option without gold foil.\"},{\"@type\":\"BreadcrumbList\",\"@id\":\"https:\/\/fredfloris.eu\/productpage\/saf-bookmarks\/#breadcrumb\",\"itemListElement\":[{\"@type\":\"ListItem\",\"position\":1,\"name\":\"Home\",\"item\":\"https:\/\/fredfloris.eu\/\"},{\"@type\":\"ListItem\",\"position\":2,\"name\":\"Shop\",\"item\":\"https:\/\/fredfloris.eu\/shop\/\"},{\"@type\":\"ListItem\",\"position\":3,\"name\":\"Selma, Astrid or Fredrika &#8211; Bookmarks\"}]},{\"@type\":\"WebSite\",\"@id\":\"https:\/\/fredfloris.eu\/#website\",\"url\":\"https:\/\/fredfloris.eu\/\",\"name\":\"FredFloris\",\"description\":\"Handcrafted Leathergoods - Made in Sweden\",\"publisher\":{\"@id\":\"https:\/\/fredfloris.eu\/#organization\"},\"potentialAction\":[{\"@type\":\"SearchAction\",\"target\":{\"@type\":\"EntryPoint\",\"urlTemplate\":\"https:\/\/fredfloris.eu\/?s={search_term_string}\"},\"query-input\":{\"@type\":\"PropertyValueSpecification\",\"valueRequired\":true,\"valueName\":\"search_term_string\"}}],\"inLanguage\":\"lv-LV\"},{\"@type\":\"Organization\",\"@id\":\"https:\/\/fredfloris.eu\/#organization\",\"name\":\"FredFloris\",\"url\":\"https:\/\/fredfloris.eu\/\",\"logo\":{\"@type\":\"ImageObject\",\"inLanguage\":\"lv-LV\",\"@id\":\"https:\/\/fredfloris.eu\/#\/schema\/logo\/image\/\",\"url\":\"https:\/\/fredfloris.eu\/wp-content\/uploads\/2022\/03\/FredFloris-med-hel-nal-och-text.png\",\"contentUrl\":\"https:\/\/fredfloris.eu\/wp-content\/uploads\/2022\/03\/FredFloris-med-hel-nal-och-text.png\",\"width\":591,\"height\":283,\"caption\":\"FredFloris\"},\"image\":{\"@id\":\"https:\/\/fredfloris.eu\/#\/schema\/logo\/image\/\"},\"sameAs\":[\"https:\/\/www.facebook.com\/FredFloris.Artisan.Studio\/\",\"https:\/\/x.com\/_fredfloris_\",\"https:\/\/www.instagram.com\/fredfloris.artisan.studio\/\"]}]}<\/script>\n<!-- \/ Yoast SEO plugin. -->","yoast_head_json":{"title":"\u0100das gr\u0101matz\u012bme ar cit\u0101tiem | FredFloris","description":"M\u016bsu gr\u0101matz\u012bmes ir izgatavotas ar rok\u0101m no augst\u0101k\u0101s kvalit\u0101tes augu miec\u0113tas \u0101das. Personaliz\u0113jiet gr\u0101matz\u012bmi ar piel\u0101gotu v\u0113st\u012bjumu, izmantojot termoprintes apdruku.","robots":{"index":"index","follow":"follow","max-snippet":"max-snippet:-1","max-image-preview":"max-image-preview:large","max-video-preview":"max-video-preview:-1"},"canonical":"https:\/\/fredfloris.eu\/lv\/productpage\/saf-bookmarks\/?wmc-currency=EUR","og_locale":"lv_LV","og_type":"article","og_title":"Leather Bookmark With Quotes | FredFloris","og_description":"Our bookmarks are handcrafted from premium vegetable-tanned leather. Personalize your bookmark with a custom message using heat imprint.","og_url":"https:\/\/fredfloris.eu\/lv\/productpage\/saf-bookmarks\/?wmc-currency=EUR","og_site_name":"FredFloris","article_publisher":"https:\/\/www.facebook.com\/FredFloris.Artisan.Studio\/","article_modified_time":"2025-01-18T21:06:18+00:00","og_image":[{"width":2560,"height":1707,"url":"https:\/\/fredfloris.eu\/wp-content\/uploads\/2022\/04\/IMG_1521-scaled.jpg","type":"image\/jpeg"}],"twitter_card":"summary_large_image","twitter_site":"@_fredfloris_","twitter_misc":{"Est. reading time":"1 min\u016bte"},"schema":{"@context":"https:\/\/schema.org","@graph":[{"@type":"WebPage","@id":"https:\/\/fredfloris.eu\/productpage\/saf-bookmarks\/","url":"https:\/\/fredfloris.eu\/productpage\/saf-bookmarks\/","name":"\u0100das gr\u0101matz\u012bme ar cit\u0101tiem | FredFloris","isPartOf":{"@id":"https:\/\/fredfloris.eu\/#website"},"primaryImageOfPage":{"@id":"https:\/\/fredfloris.eu\/productpage\/saf-bookmarks\/#primaryimage"},"image":{"@id":"https:\/\/fredfloris.eu\/productpage\/saf-bookmarks\/#primaryimage"},"thumbnailUrl":"https:\/\/fredfloris.eu\/wp-content\/uploads\/2022\/04\/IMG_1521-scaled.jpg","datePublished":"2022-05-15T20:44:55+00:00","dateModified":"2025-01-18T21:06:18+00:00","description":"M\u016bsu gr\u0101matz\u012bmes ir izgatavotas ar rok\u0101m no augst\u0101k\u0101s kvalit\u0101tes augu miec\u0113tas \u0101das. Personaliz\u0113jiet gr\u0101matz\u012bmi ar piel\u0101gotu v\u0113st\u012bjumu, izmantojot termoprintes apdruku.","breadcrumb":{"@id":"https:\/\/fredfloris.eu\/productpage\/saf-bookmarks\/#breadcrumb"},"inLanguage":"lv-LV","potentialAction":[{"@type":"ReadAction","target":["https:\/\/fredfloris.eu\/productpage\/saf-bookmarks\/"]}]},{"@type":"ImageObject","inLanguage":"lv-LV","@id":"https:\/\/fredfloris.eu\/productpage\/saf-bookmarks\/#primaryimage","url":"https:\/\/fredfloris.eu\/wp-content\/uploads\/2022\/04\/IMG_1521-scaled.jpg","contentUrl":"https:\/\/fredfloris.eu\/wp-content\/uploads\/2022\/04\/IMG_1521-scaled.jpg","width":2560,"height":1707,"caption":"Tan leather bookmark, with Toy Story quote, heat pressed option without gold foil."},{"@type":"BreadcrumbList","@id":"https:\/\/fredfloris.eu\/productpage\/saf-bookmarks\/#breadcrumb","itemListElement":[{"@type":"ListItem","position":1,"name":"Home","item":"https:\/\/fredfloris.eu\/"},{"@type":"ListItem","position":2,"name":"Shop","item":"https:\/\/fredfloris.eu\/shop\/"},{"@type":"ListItem","position":3,"name":"Selma, Astrid or Fredrika &#8211; Bookmarks"}]},{"@type":"WebSite","@id":"https:\/\/fredfloris.eu\/#website","url":"https:\/\/fredfloris.eu\/","name":"FredFloris","description":"Ar rok\u0101m darin\u0101ti \u0101das izstr\u0101d\u0101jumi - Ra\u017eots Zviedrij\u0101","publisher":{"@id":"https:\/\/fredfloris.eu\/#organization"},"potentialAction":[{"@type":"SearchAction","target":{"@type":"EntryPoint","urlTemplate":"https:\/\/fredfloris.eu\/?s={search_term_string}"},"query-input":{"@type":"PropertyValueSpecification","valueRequired":true,"valueName":"search_term_string"}}],"inLanguage":"lv-LV"},{"@type":"Organization","@id":"https:\/\/fredfloris.eu\/#organization","name":"FredFloris","url":"https:\/\/fredfloris.eu\/","logo":{"@type":"ImageObject","inLanguage":"lv-LV","@id":"https:\/\/fredfloris.eu\/#\/schema\/logo\/image\/","url":"https:\/\/fredfloris.eu\/wp-content\/uploads\/2022\/03\/FredFloris-med-hel-nal-och-text.png","contentUrl":"https:\/\/fredfloris.eu\/wp-content\/uploads\/2022\/03\/FredFloris-med-hel-nal-och-text.png","width":591,"height":283,"caption":"FredFloris"},"image":{"@id":"https:\/\/fredfloris.eu\/#\/schema\/logo\/image\/"},"sameAs":["https:\/\/www.facebook.com\/FredFloris.Artisan.Studio\/","https:\/\/x.com\/_fredfloris_","https:\/\/www.instagram.com\/fredfloris.artisan.studio\/"]}]}},"brands":[{"id":203,"name":"FredFloris","slug":"fredfloris"}],"_links":{"self":[{"href":"https:\/\/fredfloris.eu\/lv\/wp-json\/wp\/v2\/product\/5009","targetHints":{"allow":["GET"]}}],"collection":[{"href":"https:\/\/fredfloris.eu\/lv\/wp-json\/wp\/v2\/product"}],"about":[{"href":"https:\/\/fredfloris.eu\/lv\/wp-json\/wp\/v2\/types\/product"}],"version-history":[{"count":8,"href":"https:\/\/fredfloris.eu\/lv\/wp-json\/wp\/v2\/product\/5009\/revisions"}],"predecessor-version":[{"id":11552,"href":"https:\/\/fredfloris.eu\/lv\/wp-json\/wp\/v2\/product\/5009\/revisions\/11552"}],"wp:featuredmedia":[{"embeddable":true,"href":"https:\/\/fredfloris.eu\/lv\/wp-json\/wp\/v2\/media\/3087"}],"wp:attachment":[{"href":"https:\/\/fredfloris.eu\/lv\/wp-json\/wp\/v2\/media?parent=5009"}],"wp:term":[{"taxonomy":"pwb-brand","embeddable":true,"href":"https:\/\/fredfloris.eu\/lv\/wp-json\/wp\/v2\/pwb-brand?post=5009"},{"taxonomy":"product_brand","embeddable":true,"href":"https:\/\/fredfloris.eu\/lv\/wp-json\/wp\/v2\/product_brand?post=5009"},{"taxonomy":"product_cat","embeddable":true,"href":"https:\/\/fredfloris.eu\/lv\/wp-json\/wp\/v2\/product_cat?post=5009"},{"taxonomy":"product_tag","embeddable":true,"href":"https:\/\/fredfloris.eu\/lv\/wp-json\/wp\/v2\/product_tag?post=5009"},{"taxonomy":"woo-feed-brand","embeddable":true,"href":"https:\/\/fredfloris.eu\/lv\/wp-json\/wp\/v2\/woo-feed-brand?post=5009"}],"curies":[{"name":"wp","href":"https:\/\/api.w.org\/{rel}","templated":true}]}}