{"id":5025,"date":"2022-05-15T23:05:02","date_gmt":"2022-05-15T21:05:02","guid":{"rendered":"https:\/\/fredfloris.eu\/?post_type=product&#038;p=5025"},"modified":"2025-01-18T23:05:50","modified_gmt":"2025-01-18T21:05:50","slug":"llb-bookmarks","status":"publish","type":"product","link":"https:\/\/fredfloris.eu\/lv\/productpage\/llb-bookmarks\/","title":{"rendered":"Lagerl\u00f6f, Lindgren or Bremmer - Gr\u0101matz\u012bmes"},"content":{"rendered":"<p><a href=\"https:\/\/fredfloris.eu\/lv\/personalize-guide\/?wmc-currency=EUR\">L\u016bdzu, izlasiet m\u016bsu rokasgr\u0101matu par to, k\u0101 personaliz\u0113t \u0161o produktu.<\/a><\/p>\n<p><strong>Atkl\u0101jiet m\u016bsu personaliz\u0113t\u0101s \u0101das gr\u0101matz\u012bmes vienk\u0101r\u0161o prieku.<\/strong> \u0160\u012b gr\u0101matz\u012bme ir ide\u0101li piem\u0113rota tiem, kas nov\u0113rt\u0113 gr\u0101matas saj\u016btu, un t\u0101 ir izgatavota no augu miec\u0113tas pilngraudu \u0101das, un t\u0101 ir ide\u0101li piem\u0113rota, lai apst\u0101tos un p\u0101rdom\u0101tu izlas\u012bto. T\u0101 ir tikpat taust\u0101ma un iztur\u012bga k\u0101 pap\u012bra lapas, kuras t\u0101 iez\u012bm\u0113s.<\/p>\n<p><strong>Lieliska d\u0101vana:<\/strong> \u0160\u012b gr\u0101matz\u012bme ir ide\u0101li piem\u0113rota rakstniekiem, las\u012bt\u0101jiem vai skolot\u0101jiem, kuri nov\u0113rt\u0113 v\u0101rda sp\u0113ku, un t\u0101 ir palieko\u0161a d\u0101vana, kas uzlabos las\u012b\u0161anas pieredzi.<\/p>\n<p><strong>Produkta specifik\u0101cijas:<\/strong><\/p>\n<ul>\n<li><strong>Izgatavots tikai ar rok\u0101m m\u016bsu \u0123imenes \u012bpa\u0161um\u0101 eso\u0161aj\u0101 \u0101das m\u0101kslas studij\u0101<\/strong><\/li>\n<li><strong>\u0100das kvalit\u0101te:<\/strong> Izgatavots no augu miec\u0113tas pilngraudu bu\u013c\u013ca \u0101das, kas miec\u0113ta Tosk\u0101n\u0101, It\u0101lij\u0101.<\/li>\n<li><strong>Personaliz\u0113\u0161ana:<\/strong> Ietver l\u0101zergrav\u0113tas deta\u013cas unik\u0101lam piesk\u0101rienam.<\/li>\n<li><strong>Kr\u0101sa un apdare:<\/strong> Anil\u012bna kr\u0101sas \u0101da ar vasku\/ sve\u0137u mugurpusi, kas nodro\u0161ina ilgm\u016b\u017e\u012bbu<\/li>\n<li><strong>Pielikums:<\/strong> Ar ka\u0146epju \u0161\u0137iedras aukli\u0146u, kas notur j\u016bsu vietu<\/li>\n<li><strong>Izm\u0113ri:<\/strong> Platums: 33 mm, garums: 200 mm<\/li>\n<\/ul>\n<p>&nbsp;<\/p>\n<p>Mekl\u0113\u0161anas v\u0101rdi: \u0100das gr\u0101matz\u012bmes, personaliz\u0113tas \u0101das gr\u0101matz\u012bmes, l\u0101zergrav\u0113tas \u0101das gr\u0101matz\u012bmes<\/p>","protected":false},"excerpt":{"rendered":"<p>\u0160\u012b gr\u0101matz\u012bme ir izgatavota no augst\u0101k\u0101s kvalit\u0101tes augu miec\u0113tas pilngraudu \u0101das, ko nodro\u0161ina It\u0101lijas uz\u0146\u0113mums Mapel &amp; C sadarb\u012bb\u0101 ar Tosk\u0101nas miec\u0113\u0161anas apgabala uz\u0146\u0113mumiem. \u0160\u012b gr\u0101matz\u012bme ir izgriezta no t\u0101s pa\u0161as Eiropas bu\u013c\u013ca \u0101das, no kuras izgriezta m\u016bsu Maggie May josta, un t\u0101 ir dabiski iekr\u0101sota, izmantojot anil\u012bnu, un tai ir skaista da\u013c\u0113ji notur\u012bga vaska apdare. M\u0113s izmantoj\u0101m dab\u012bgas ka\u0146epju \u0161\u0137iedras auklu, kas to padara vienk\u0101r\u0161u un smalku.<\/p>","protected":false},"featured_media":3078,"template":"","meta":[],"pwb-brand":[203],"product_brand":[],"product_cat":[108,100],"product_tag":[123,136,146,105],"woo-feed-brand":[],"class_list":{"0":"post-5025","1":"product","2":"type-product","3":"status-publish","4":"has-post-thumbnail","6":"pwb-brand-fredfloris","7":"product_cat-bookmarks","8":"product_cat-leathergoods","9":"product_tag-full-grain-leather","10":"product_tag-handmade","11":"product_tag-laser-engraving","12":"product_tag-made-to-order","13":"product_shipping_class-small-goods","14":"pa_leather-colour-tan-belt","16":"first","17":"instock","18":"taxable","19":"shipping-taxable","20":"purchasable","21":"product-type-simple"},"yoast_head":"<!-- This site is optimized with the Yoast SEO plugin v27.2 - https:\/\/yoast.com\/product\/yoast-seo-wordpress\/ -->\n<title>Laser Engraved Leather Bookmark | FredFloris<\/title>\n<meta name=\"description\" content=\"Beautiful leather bookmark, personalised bookmarks with your own design. This laser engraved bookmark is a perfect gift for any bookworm.\" \/>\n<meta name=\"robots\" content=\"index, follow, max-snippet:-1, max-image-preview:large, max-video-preview:-1\" \/>\n<link rel=\"canonical\" href=\"https:\/\/fredfloris.eu\/lv\/productpage\/llb-bookmarks\/?wmc-currency=EUR\" \/>\n<meta property=\"og:locale\" content=\"lv_LV\" \/>\n<meta property=\"og:type\" content=\"article\" \/>\n<meta property=\"og:title\" content=\"Laser Engraved Leather Bookmark | FredFloris\" \/>\n<meta property=\"og:description\" content=\"Beautiful leather bookmark, personalised bookmarks with your own design. This laser engraved bookmark is a perfect gift for any bookworm.\" \/>\n<meta property=\"og:url\" content=\"https:\/\/fredfloris.eu\/lv\/productpage\/llb-bookmarks\/?wmc-currency=EUR\" \/>\n<meta property=\"og:site_name\" content=\"FredFloris\" \/>\n<meta property=\"article:publisher\" content=\"https:\/\/www.facebook.com\/FredFloris.Artisan.Studio\/\" \/>\n<meta property=\"article:modified_time\" content=\"2025-01-18T21:05:50+00:00\" \/>\n<meta property=\"og:image\" content=\"https:\/\/fredfloris.eu\/wp-content\/uploads\/2022\/04\/IMG_1500-scaled.jpg\" \/>\n\t<meta property=\"og:image:width\" content=\"2560\" \/>\n\t<meta property=\"og:image:height\" content=\"1722\" \/>\n\t<meta property=\"og:image:type\" content=\"image\/jpeg\" \/>\n<meta name=\"twitter:card\" content=\"summary_large_image\" \/>\n<meta name=\"twitter:site\" content=\"@_fredfloris_\" \/>\n<meta name=\"twitter:label1\" content=\"Est. reading time\" \/>\n\t<meta name=\"twitter:data1\" content=\"1 min\u016bte\" \/>\n<script type=\"application\/ld+json\" class=\"yoast-schema-graph\">{\"@context\":\"https:\/\/schema.org\",\"@graph\":[{\"@type\":\"WebPage\",\"@id\":\"https:\/\/fredfloris.eu\/productpage\/llb-bookmarks\/\",\"url\":\"https:\/\/fredfloris.eu\/productpage\/llb-bookmarks\/\",\"name\":\"Laser Engraved Leather Bookmark | FredFloris\",\"isPartOf\":{\"@id\":\"https:\/\/fredfloris.eu\/#website\"},\"primaryImageOfPage\":{\"@id\":\"https:\/\/fredfloris.eu\/productpage\/llb-bookmarks\/#primaryimage\"},\"image\":{\"@id\":\"https:\/\/fredfloris.eu\/productpage\/llb-bookmarks\/#primaryimage\"},\"thumbnailUrl\":\"https:\/\/fredfloris.eu\/wp-content\/uploads\/2022\/04\/IMG_1500-scaled.jpg\",\"datePublished\":\"2022-05-15T21:05:02+00:00\",\"dateModified\":\"2025-01-18T21:05:50+00:00\",\"description\":\"Beautiful leather bookmark, personalised bookmarks with your own design. This laser engraved bookmark is a perfect gift for any bookworm.\",\"breadcrumb\":{\"@id\":\"https:\/\/fredfloris.eu\/productpage\/llb-bookmarks\/#breadcrumb\"},\"inLanguage\":\"lv-LV\",\"potentialAction\":[{\"@type\":\"ReadAction\",\"target\":[\"https:\/\/fredfloris.eu\/productpage\/llb-bookmarks\/\"]}]},{\"@type\":\"ImageObject\",\"inLanguage\":\"lv-LV\",\"@id\":\"https:\/\/fredfloris.eu\/productpage\/llb-bookmarks\/#primaryimage\",\"url\":\"https:\/\/fredfloris.eu\/wp-content\/uploads\/2022\/04\/IMG_1500-scaled.jpg\",\"contentUrl\":\"https:\/\/fredfloris.eu\/wp-content\/uploads\/2022\/04\/IMG_1500-scaled.jpg\",\"width\":2560,\"height\":1722,\"caption\":\"Tan leather bookmark, with laser engraving\"},{\"@type\":\"BreadcrumbList\",\"@id\":\"https:\/\/fredfloris.eu\/productpage\/llb-bookmarks\/#breadcrumb\",\"itemListElement\":[{\"@type\":\"ListItem\",\"position\":1,\"name\":\"Home\",\"item\":\"https:\/\/fredfloris.eu\/\"},{\"@type\":\"ListItem\",\"position\":2,\"name\":\"Shop\",\"item\":\"https:\/\/fredfloris.eu\/shop\/\"},{\"@type\":\"ListItem\",\"position\":3,\"name\":\"Lagerl\u00f6f, Lindgren or Bremmer &#8211; Bookmarks\"}]},{\"@type\":\"WebSite\",\"@id\":\"https:\/\/fredfloris.eu\/#website\",\"url\":\"https:\/\/fredfloris.eu\/\",\"name\":\"FredFloris\",\"description\":\"Handcrafted Leathergoods - Made in Sweden\",\"publisher\":{\"@id\":\"https:\/\/fredfloris.eu\/#organization\"},\"potentialAction\":[{\"@type\":\"SearchAction\",\"target\":{\"@type\":\"EntryPoint\",\"urlTemplate\":\"https:\/\/fredfloris.eu\/?s={search_term_string}\"},\"query-input\":{\"@type\":\"PropertyValueSpecification\",\"valueRequired\":true,\"valueName\":\"search_term_string\"}}],\"inLanguage\":\"lv-LV\"},{\"@type\":\"Organization\",\"@id\":\"https:\/\/fredfloris.eu\/#organization\",\"name\":\"FredFloris\",\"url\":\"https:\/\/fredfloris.eu\/\",\"logo\":{\"@type\":\"ImageObject\",\"inLanguage\":\"lv-LV\",\"@id\":\"https:\/\/fredfloris.eu\/#\/schema\/logo\/image\/\",\"url\":\"https:\/\/fredfloris.eu\/wp-content\/uploads\/2022\/03\/FredFloris-med-hel-nal-och-text.png\",\"contentUrl\":\"https:\/\/fredfloris.eu\/wp-content\/uploads\/2022\/03\/FredFloris-med-hel-nal-och-text.png\",\"width\":591,\"height\":283,\"caption\":\"FredFloris\"},\"image\":{\"@id\":\"https:\/\/fredfloris.eu\/#\/schema\/logo\/image\/\"},\"sameAs\":[\"https:\/\/www.facebook.com\/FredFloris.Artisan.Studio\/\",\"https:\/\/x.com\/_fredfloris_\",\"https:\/\/www.instagram.com\/fredfloris.artisan.studio\/\"]}]}<\/script>\n<!-- \/ Yoast SEO plugin. -->","yoast_head_json":{"title":"L\u0101zera grav\u0113ts \u0101das gr\u0101matz\u012bme | FredFloris","description":"Skaista \u0101das gr\u0101matz\u012bme, personaliz\u0113ta gr\u0101matz\u012bme ar savu dizainu. \u0160\u012b l\u0101zergrav\u0113t\u0101 gr\u0101matz\u012bme ir lieliska d\u0101vana jebkuram gr\u0101matu t\u0101rpam.","robots":{"index":"index","follow":"follow","max-snippet":"max-snippet:-1","max-image-preview":"max-image-preview:large","max-video-preview":"max-video-preview:-1"},"canonical":"https:\/\/fredfloris.eu\/lv\/productpage\/llb-bookmarks\/?wmc-currency=EUR","og_locale":"lv_LV","og_type":"article","og_title":"Laser Engraved Leather Bookmark | FredFloris","og_description":"Beautiful leather bookmark, personalised bookmarks with your own design. This laser engraved bookmark is a perfect gift for any bookworm.","og_url":"https:\/\/fredfloris.eu\/lv\/productpage\/llb-bookmarks\/?wmc-currency=EUR","og_site_name":"FredFloris","article_publisher":"https:\/\/www.facebook.com\/FredFloris.Artisan.Studio\/","article_modified_time":"2025-01-18T21:05:50+00:00","og_image":[{"width":2560,"height":1722,"url":"https:\/\/fredfloris.eu\/wp-content\/uploads\/2022\/04\/IMG_1500-scaled.jpg","type":"image\/jpeg"}],"twitter_card":"summary_large_image","twitter_site":"@_fredfloris_","twitter_misc":{"Est. reading time":"1 min\u016bte"},"schema":{"@context":"https:\/\/schema.org","@graph":[{"@type":"WebPage","@id":"https:\/\/fredfloris.eu\/productpage\/llb-bookmarks\/","url":"https:\/\/fredfloris.eu\/productpage\/llb-bookmarks\/","name":"L\u0101zera grav\u0113ts \u0101das gr\u0101matz\u012bme | FredFloris","isPartOf":{"@id":"https:\/\/fredfloris.eu\/#website"},"primaryImageOfPage":{"@id":"https:\/\/fredfloris.eu\/productpage\/llb-bookmarks\/#primaryimage"},"image":{"@id":"https:\/\/fredfloris.eu\/productpage\/llb-bookmarks\/#primaryimage"},"thumbnailUrl":"https:\/\/fredfloris.eu\/wp-content\/uploads\/2022\/04\/IMG_1500-scaled.jpg","datePublished":"2022-05-15T21:05:02+00:00","dateModified":"2025-01-18T21:05:50+00:00","description":"Skaista \u0101das gr\u0101matz\u012bme, personaliz\u0113ta gr\u0101matz\u012bme ar savu dizainu. \u0160\u012b l\u0101zergrav\u0113t\u0101 gr\u0101matz\u012bme ir lieliska d\u0101vana jebkuram gr\u0101matu t\u0101rpam.","breadcrumb":{"@id":"https:\/\/fredfloris.eu\/productpage\/llb-bookmarks\/#breadcrumb"},"inLanguage":"lv-LV","potentialAction":[{"@type":"ReadAction","target":["https:\/\/fredfloris.eu\/productpage\/llb-bookmarks\/"]}]},{"@type":"ImageObject","inLanguage":"lv-LV","@id":"https:\/\/fredfloris.eu\/productpage\/llb-bookmarks\/#primaryimage","url":"https:\/\/fredfloris.eu\/wp-content\/uploads\/2022\/04\/IMG_1500-scaled.jpg","contentUrl":"https:\/\/fredfloris.eu\/wp-content\/uploads\/2022\/04\/IMG_1500-scaled.jpg","width":2560,"height":1722,"caption":"Tan leather bookmark, with laser engraving"},{"@type":"BreadcrumbList","@id":"https:\/\/fredfloris.eu\/productpage\/llb-bookmarks\/#breadcrumb","itemListElement":[{"@type":"ListItem","position":1,"name":"Home","item":"https:\/\/fredfloris.eu\/"},{"@type":"ListItem","position":2,"name":"Shop","item":"https:\/\/fredfloris.eu\/shop\/"},{"@type":"ListItem","position":3,"name":"Lagerl\u00f6f, Lindgren or Bremmer &#8211; Bookmarks"}]},{"@type":"WebSite","@id":"https:\/\/fredfloris.eu\/#website","url":"https:\/\/fredfloris.eu\/","name":"FredFloris","description":"Ar rok\u0101m darin\u0101ti \u0101das izstr\u0101d\u0101jumi - Ra\u017eots Zviedrij\u0101","publisher":{"@id":"https:\/\/fredfloris.eu\/#organization"},"potentialAction":[{"@type":"SearchAction","target":{"@type":"EntryPoint","urlTemplate":"https:\/\/fredfloris.eu\/?s={search_term_string}"},"query-input":{"@type":"PropertyValueSpecification","valueRequired":true,"valueName":"search_term_string"}}],"inLanguage":"lv-LV"},{"@type":"Organization","@id":"https:\/\/fredfloris.eu\/#organization","name":"FredFloris","url":"https:\/\/fredfloris.eu\/","logo":{"@type":"ImageObject","inLanguage":"lv-LV","@id":"https:\/\/fredfloris.eu\/#\/schema\/logo\/image\/","url":"https:\/\/fredfloris.eu\/wp-content\/uploads\/2022\/03\/FredFloris-med-hel-nal-och-text.png","contentUrl":"https:\/\/fredfloris.eu\/wp-content\/uploads\/2022\/03\/FredFloris-med-hel-nal-och-text.png","width":591,"height":283,"caption":"FredFloris"},"image":{"@id":"https:\/\/fredfloris.eu\/#\/schema\/logo\/image\/"},"sameAs":["https:\/\/www.facebook.com\/FredFloris.Artisan.Studio\/","https:\/\/x.com\/_fredfloris_","https:\/\/www.instagram.com\/fredfloris.artisan.studio\/"]}]}},"brands":[{"id":203,"name":"FredFloris","slug":"fredfloris"}],"_links":{"self":[{"href":"https:\/\/fredfloris.eu\/lv\/wp-json\/wp\/v2\/product\/5025","targetHints":{"allow":["GET"]}}],"collection":[{"href":"https:\/\/fredfloris.eu\/lv\/wp-json\/wp\/v2\/product"}],"about":[{"href":"https:\/\/fredfloris.eu\/lv\/wp-json\/wp\/v2\/types\/product"}],"version-history":[{"count":9,"href":"https:\/\/fredfloris.eu\/lv\/wp-json\/wp\/v2\/product\/5025\/revisions"}],"predecessor-version":[{"id":11323,"href":"https:\/\/fredfloris.eu\/lv\/wp-json\/wp\/v2\/product\/5025\/revisions\/11323"}],"wp:featuredmedia":[{"embeddable":true,"href":"https:\/\/fredfloris.eu\/lv\/wp-json\/wp\/v2\/media\/3078"}],"wp:attachment":[{"href":"https:\/\/fredfloris.eu\/lv\/wp-json\/wp\/v2\/media?parent=5025"}],"wp:term":[{"taxonomy":"pwb-brand","embeddable":true,"href":"https:\/\/fredfloris.eu\/lv\/wp-json\/wp\/v2\/pwb-brand?post=5025"},{"taxonomy":"product_brand","embeddable":true,"href":"https:\/\/fredfloris.eu\/lv\/wp-json\/wp\/v2\/product_brand?post=5025"},{"taxonomy":"product_cat","embeddable":true,"href":"https:\/\/fredfloris.eu\/lv\/wp-json\/wp\/v2\/product_cat?post=5025"},{"taxonomy":"product_tag","embeddable":true,"href":"https:\/\/fredfloris.eu\/lv\/wp-json\/wp\/v2\/product_tag?post=5025"},{"taxonomy":"woo-feed-brand","embeddable":true,"href":"https:\/\/fredfloris.eu\/lv\/wp-json\/wp\/v2\/woo-feed-brand?post=5025"}],"curies":[{"name":"wp","href":"https:\/\/api.w.org\/{rel}","templated":true}]}}