{"id":5145,"date":"2022-05-16T17:07:29","date_gmt":"2022-05-16T15:07:29","guid":{"rendered":"https:\/\/fredfloris.eu\/?post_type=product&#038;p=5145"},"modified":"2026-05-09T11:55:36","modified_gmt":"2026-05-09T10:55:36","slug":"cg-hard-glasses-cases","status":"publish","type":"product","link":"https:\/\/fredfloris.eu\/lv\/productpage\/cg-hard-glasses-cases\/","title":{"rendered":"Carl-Gustaf - Bri\u013c\u013cu futr\u0101\u013ci"},"content":{"rendered":"<p><strong>Personaliz\u0113\u0161ana:<\/strong> Pievienojiet v\u0101rdu, att\u0113lu vai zi\u0146u bez papildu maksas. Lai piel\u0101gotu savu dizainu, vienk\u0101r\u0161i pievienojiet grozam gan produktu, gan izv\u0113l\u0113to dizainu.<\/p>\n<p><a class=\"lumise-customize-button button alt\" href=\"https:\/\/fredfloris.eu\/lv\/productpage\/customize-carl-gustaf-hard-glasses-cases\/?wmc-currency=EUR\" name=\"customize\">Piel\u0101gojiet<\/a><\/p>\n<p><strong>Ar Carl-Gustaf bri\u013c\u013cu futr\u0101l\u012bti izbaudiet pasauli ar p\u0101rliec\u012bbu un gatav\u012bbu.<\/strong> \u0160is futr\u0101lis ir izstr\u0101d\u0101ts, lai pasarg\u0101tu j\u016bsu brilles no salau\u0161anas un skr\u0101p\u0113jumiem, nodro\u0161inot, ka t\u0101s ir dro\u0161i ievietotas cietas r\u016bd\u012btas \u0101das strukt\u016br\u0101. Ar dubulto kniedi un cinkotu pogu, kas pieejama misi\u0146a vai dzelzs kr\u0101s\u0101, \u0161is futr\u0101lis ne\u013cauj j\u016bsu brill\u0113m atsl\u0101bin\u0101ties som\u0101, pasarg\u0101jot t\u0101s no ikdienas dz\u012bves un piedz\u012bvojumu p\u0101rbaud\u012bjumiem.<\/p>\n<p><strong>Produkta specifik\u0101cijas:<\/strong><\/p>\n<ul>\n<li><strong>Izgatavots tikai ar rok\u0101m m\u016bsu \u0123imenes \u012bpa\u0161um\u0101 eso\u0161aj\u0101 \u0101das m\u0101kslas studij\u0101<\/strong><\/li>\n<li><strong>Izm\u0113ri:<\/strong> Platums: ~ 190 mm, augstums: ~ 65 mm<\/li>\n<li><strong>Materi\u0101ls:<\/strong> Izgatavots no augu miec\u0113tas pilngraudu \u0101das, kas ieg\u016bta no It\u0101lijas\/Francijas govs \u0101das plecu da\u013cas.<\/li>\n<li><strong>Kr\u0101sa:<\/strong> Pieejams sarkankoka kr\u0101s\u0101<\/li>\n<li><strong>Apdare:<\/strong> Anil\u012bna kr\u0101sas \u0101da ar vaska\/res\u012bna mugurpusi<\/li>\n<li><strong>\u0160\u016b\u0161ana:<\/strong> Ar rok\u0101m \u0161\u016btas tradicion\u0101l\u0101s seglinieku \u0161uves<\/li>\n<li><strong>Aparat\u016bra:<\/strong> Izv\u0113lieties aler\u0123ijai draudz\u012bgu mas\u012bva misi\u0146a kniedes ar dubulto v\u0101ci\u0146u vai ner\u016bs\u0113jo\u0161\u0101 t\u0113rauda AISI 304 aparat\u016bru. Abi varianti ir ni\u0137e\u013ca un laboratoriski p\u0101rbaud\u012bti k\u0101 higi\u0113niski dro\u0161i.<\/li>\n<li><strong>Poga:<\/strong> Iesp\u0113jam\u0101s opcijas ir cinkota dzelzs poga vai misi\u0146a poga.<\/li>\n<li><strong>V\u012btne:<\/strong> Izgatavots no Tiger Ritza 25 diega, kas paz\u012bstams ar savu iztur\u012bbu un elast\u012bbu.<\/li>\n<\/ul>\n<p>&nbsp;<\/p>\n<p>Carl-Gustaf bri\u013c\u013cu futr\u0101lis ir uzticams aksesu\u0101rs, kas apvieno stilu un praktisku aizsardz\u012bbu, padarot to par ce\u013cojumiem nepiecie\u0161amu sast\u0101vda\u013cu.<\/p>\n<p>&nbsp;<\/p>\n<p>Mekl\u0113\u0161anas v\u0101rdi: \u0101das cietais bri\u013c\u013cu futr\u0101lis<\/p>\n<p>&nbsp;<\/p>","protected":false},"excerpt":{"rendered":"<p>Izgatavota no lab\u0101k\u0101s Francijas un It\u0101lijas govs \u0101das, un t\u0101s pilngraudu \u0101da ir augu miec\u0113ta It\u0101lijas miec\u0113tav\u0101 LA RUOTA S.r.l. Cuoi &amp; Pellami. \u0100da ir apstr\u0101d\u0101ta ar vasku un sve\u0137iem, kas paredz\u0113ti tikai augst\u0101k\u0101s kvalit\u0101tes \u0101dai.<\/p>\n<pre><\/pre>\n<p>Izgatavo\u0161anas proces\u0101 \u0101du sagrie\u017e, un \u0161uves l\u012bnija tiek ieskic\u0113ta un p\u0113c tam caurdurta ar \u0161uves caurumot\u0101ju. Malas tiek noapa\u013cotas, sl\u012bp\u0113tas, kr\u0101sotas ar vair\u0101k\u0101m malu kr\u0101sas k\u0101rt\u0101m un p\u0113c tam ap\u017eogotas. Apmales kr\u0101so\u0161ana tiek veikta \u013coti prec\u012bzi, lai nodro\u0161in\u0101tu \u0101das \u0161\u0137iedras saglab\u0101\u0161anu. Korpuss ir sa\u0161\u016bts kop\u0101, izmantojot tradicion\u0101lo seglinieku d\u016brienu tehniku. \u0160\u012b \u0161\u016b\u0161anas metode nodro\u0161ina futr\u0101\u013ca iztur\u012bbu, jo \u012bpa\u0161i pie liel\u0101m slodz\u0113m un slodzes.<\/p>","protected":false},"featured_media":3187,"template":"","meta":[],"pwb-brand":[203],"product_brand":[],"product_cat":[102,100],"product_tag":[123,136,105],"woo-feed-brand":[],"class_list":{"0":"post-5145","1":"product","2":"type-product","3":"status-publish","4":"has-post-thumbnail","6":"pwb-brand-fredfloris","7":"product_cat-glasses-cases","8":"product_cat-leathergoods","9":"product_tag-full-grain-leather","10":"product_tag-handmade","11":"product_tag-made-to-order","12":"product_shipping_class-midsized-goods","13":"pa_leather-colour-mahogany","15":"first","16":"instock","17":"taxable","18":"shipping-taxable","19":"purchasable","20":"product-type-variable","21":"has-default-attributes"},"yoast_head":"<!-- This site is optimized with the Yoast SEO plugin v27.2 - https:\/\/yoast.com\/product\/yoast-seo-wordpress\/ -->\n<title>Handmade Full-Grain European Leather Glasses Case | FredFloris<\/title>\n<meta name=\"description\" content=\"The Italian full-grain hard leather glasses case is handmade in Sweden. Featuring a large interior and snap closure for all different specs.\" \/>\n<meta name=\"robots\" content=\"index, follow, max-snippet:-1, max-image-preview:large, max-video-preview:-1\" \/>\n<link rel=\"canonical\" href=\"https:\/\/fredfloris.eu\/lv\/productpage\/cg-hard-glasses-cases\/?wmc-currency=EUR\" \/>\n<meta property=\"og:locale\" content=\"lv_LV\" \/>\n<meta property=\"og:type\" content=\"article\" \/>\n<meta property=\"og:title\" content=\"Handmade Full-Grain European Leather Glasses Case | FredFloris\" \/>\n<meta property=\"og:description\" content=\"The Italian full-grain hard leather glasses case is handmade in Sweden. Featuring a large interior and snap closure for all different specs.\" \/>\n<meta property=\"og:url\" content=\"https:\/\/fredfloris.eu\/lv\/productpage\/cg-hard-glasses-cases\/?wmc-currency=EUR\" \/>\n<meta property=\"og:site_name\" content=\"FredFloris\" \/>\n<meta property=\"article:publisher\" content=\"https:\/\/www.facebook.com\/FredFloris.Artisan.Studio\/\" \/>\n<meta property=\"article:modified_time\" content=\"2026-05-09T10:55:36+00:00\" \/>\n<meta property=\"og:image\" content=\"https:\/\/fredfloris.eu\/wp-content\/uploads\/2022\/04\/IMG_0275-scaled.jpg\" \/>\n\t<meta property=\"og:image:width\" content=\"2560\" \/>\n\t<meta property=\"og:image:height\" content=\"1707\" \/>\n\t<meta property=\"og:image:type\" content=\"image\/jpeg\" \/>\n<meta name=\"twitter:card\" content=\"summary_large_image\" \/>\n<meta name=\"twitter:site\" content=\"@_fredfloris_\" \/>\n<meta name=\"twitter:label1\" content=\"Est. reading time\" \/>\n\t<meta name=\"twitter:data1\" content=\"2 min\u016btes\" \/>\n<script type=\"application\/ld+json\" class=\"yoast-schema-graph\">{\"@context\":\"https:\/\/schema.org\",\"@graph\":[{\"@type\":\"WebPage\",\"@id\":\"https:\/\/fredfloris.eu\/productpage\/cg-hard-glasses-cases\/\",\"url\":\"https:\/\/fredfloris.eu\/productpage\/cg-hard-glasses-cases\/\",\"name\":\"Handmade Full-Grain European Leather Glasses Case | FredFloris\",\"isPartOf\":{\"@id\":\"https:\/\/fredfloris.eu\/#website\"},\"primaryImageOfPage\":{\"@id\":\"https:\/\/fredfloris.eu\/productpage\/cg-hard-glasses-cases\/#primaryimage\"},\"image\":{\"@id\":\"https:\/\/fredfloris.eu\/productpage\/cg-hard-glasses-cases\/#primaryimage\"},\"thumbnailUrl\":\"https:\/\/fredfloris.eu\/wp-content\/uploads\/2022\/04\/IMG_0275-scaled.jpg\",\"datePublished\":\"2022-05-16T15:07:29+00:00\",\"dateModified\":\"2026-05-09T10:55:36+00:00\",\"description\":\"The Italian full-grain hard leather glasses case is handmade in Sweden. Featuring a large interior and snap closure for all different specs.\",\"breadcrumb\":{\"@id\":\"https:\/\/fredfloris.eu\/productpage\/cg-hard-glasses-cases\/#breadcrumb\"},\"inLanguage\":\"lv-LV\",\"potentialAction\":[{\"@type\":\"ReadAction\",\"target\":[\"https:\/\/fredfloris.eu\/productpage\/cg-hard-glasses-cases\/\"]}]},{\"@type\":\"ImageObject\",\"inLanguage\":\"lv-LV\",\"@id\":\"https:\/\/fredfloris.eu\/productpage\/cg-hard-glasses-cases\/#primaryimage\",\"url\":\"https:\/\/fredfloris.eu\/wp-content\/uploads\/2022\/04\/IMG_0275-scaled.jpg\",\"contentUrl\":\"https:\/\/fredfloris.eu\/wp-content\/uploads\/2022\/04\/IMG_0275-scaled.jpg\",\"width\":2560,\"height\":1707,\"caption\":\"Product: Carl-Gustaf - Hard Glasses Cases, Colour: Mahogany, Thread Colour: Black, Button: Galvanised Brass\"},{\"@type\":\"BreadcrumbList\",\"@id\":\"https:\/\/fredfloris.eu\/productpage\/cg-hard-glasses-cases\/#breadcrumb\",\"itemListElement\":[{\"@type\":\"ListItem\",\"position\":1,\"name\":\"Home\",\"item\":\"https:\/\/fredfloris.eu\/\"},{\"@type\":\"ListItem\",\"position\":2,\"name\":\"Shop\",\"item\":\"https:\/\/fredfloris.eu\/shop\/\"},{\"@type\":\"ListItem\",\"position\":3,\"name\":\"Carl-Gustaf &#8211; Glasses Cases\"}]},{\"@type\":\"WebSite\",\"@id\":\"https:\/\/fredfloris.eu\/#website\",\"url\":\"https:\/\/fredfloris.eu\/\",\"name\":\"FredFloris\",\"description\":\"Handcrafted Leathergoods - Made in Sweden\",\"publisher\":{\"@id\":\"https:\/\/fredfloris.eu\/#organization\"},\"potentialAction\":[{\"@type\":\"SearchAction\",\"target\":{\"@type\":\"EntryPoint\",\"urlTemplate\":\"https:\/\/fredfloris.eu\/?s={search_term_string}\"},\"query-input\":{\"@type\":\"PropertyValueSpecification\",\"valueRequired\":true,\"valueName\":\"search_term_string\"}}],\"inLanguage\":\"lv-LV\"},{\"@type\":\"Organization\",\"@id\":\"https:\/\/fredfloris.eu\/#organization\",\"name\":\"FredFloris\",\"url\":\"https:\/\/fredfloris.eu\/\",\"logo\":{\"@type\":\"ImageObject\",\"inLanguage\":\"lv-LV\",\"@id\":\"https:\/\/fredfloris.eu\/#\/schema\/logo\/image\/\",\"url\":\"https:\/\/fredfloris.eu\/wp-content\/uploads\/2022\/03\/FredFloris-med-hel-nal-och-text.png\",\"contentUrl\":\"https:\/\/fredfloris.eu\/wp-content\/uploads\/2022\/03\/FredFloris-med-hel-nal-och-text.png\",\"width\":591,\"height\":283,\"caption\":\"FredFloris\"},\"image\":{\"@id\":\"https:\/\/fredfloris.eu\/#\/schema\/logo\/image\/\"},\"sameAs\":[\"https:\/\/www.facebook.com\/FredFloris.Artisan.Studio\/\",\"https:\/\/x.com\/_fredfloris_\",\"https:\/\/www.instagram.com\/fredfloris.artisan.studio\/\"]}]}<\/script>\n<!-- \/ Yoast SEO plugin. -->","yoast_head_json":{"title":"Ar rok\u0101m darin\u0101ts pilngraudu Eiropas \u0101das bri\u013c\u013cu futr\u0101lis | FredFloris","description":"It\u0101\u013cu pilngraudu cietas \u0101das bri\u013c\u013cu futr\u0101lis ir izgatavots ar rok\u0101m Zviedrij\u0101. Tam ir liels iek\u0161puse un aizdare ar aizdari, kas paredz\u0113ta da\u017e\u0101diem bri\u013c\u013cu piederumiem.","robots":{"index":"index","follow":"follow","max-snippet":"max-snippet:-1","max-image-preview":"max-image-preview:large","max-video-preview":"max-video-preview:-1"},"canonical":"https:\/\/fredfloris.eu\/lv\/productpage\/cg-hard-glasses-cases\/?wmc-currency=EUR","og_locale":"lv_LV","og_type":"article","og_title":"Handmade Full-Grain European Leather Glasses Case | FredFloris","og_description":"The Italian full-grain hard leather glasses case is handmade in Sweden. Featuring a large interior and snap closure for all different specs.","og_url":"https:\/\/fredfloris.eu\/lv\/productpage\/cg-hard-glasses-cases\/?wmc-currency=EUR","og_site_name":"FredFloris","article_publisher":"https:\/\/www.facebook.com\/FredFloris.Artisan.Studio\/","article_modified_time":"2026-05-09T10:55:36+00:00","og_image":[{"width":2560,"height":1707,"url":"https:\/\/fredfloris.eu\/wp-content\/uploads\/2022\/04\/IMG_0275-scaled.jpg","type":"image\/jpeg"}],"twitter_card":"summary_large_image","twitter_site":"@_fredfloris_","twitter_misc":{"Est. reading time":"2 min\u016btes"},"schema":{"@context":"https:\/\/schema.org","@graph":[{"@type":"WebPage","@id":"https:\/\/fredfloris.eu\/productpage\/cg-hard-glasses-cases\/","url":"https:\/\/fredfloris.eu\/productpage\/cg-hard-glasses-cases\/","name":"Ar rok\u0101m darin\u0101ts pilngraudu Eiropas \u0101das bri\u013c\u013cu futr\u0101lis | FredFloris","isPartOf":{"@id":"https:\/\/fredfloris.eu\/#website"},"primaryImageOfPage":{"@id":"https:\/\/fredfloris.eu\/productpage\/cg-hard-glasses-cases\/#primaryimage"},"image":{"@id":"https:\/\/fredfloris.eu\/productpage\/cg-hard-glasses-cases\/#primaryimage"},"thumbnailUrl":"https:\/\/fredfloris.eu\/wp-content\/uploads\/2022\/04\/IMG_0275-scaled.jpg","datePublished":"2022-05-16T15:07:29+00:00","dateModified":"2026-05-09T10:55:36+00:00","description":"It\u0101\u013cu pilngraudu cietas \u0101das bri\u013c\u013cu futr\u0101lis ir izgatavots ar rok\u0101m Zviedrij\u0101. Tam ir liels iek\u0161puse un aizdare ar aizdari, kas paredz\u0113ta da\u017e\u0101diem bri\u013c\u013cu piederumiem.","breadcrumb":{"@id":"https:\/\/fredfloris.eu\/productpage\/cg-hard-glasses-cases\/#breadcrumb"},"inLanguage":"lv-LV","potentialAction":[{"@type":"ReadAction","target":["https:\/\/fredfloris.eu\/productpage\/cg-hard-glasses-cases\/"]}]},{"@type":"ImageObject","inLanguage":"lv-LV","@id":"https:\/\/fredfloris.eu\/productpage\/cg-hard-glasses-cases\/#primaryimage","url":"https:\/\/fredfloris.eu\/wp-content\/uploads\/2022\/04\/IMG_0275-scaled.jpg","contentUrl":"https:\/\/fredfloris.eu\/wp-content\/uploads\/2022\/04\/IMG_0275-scaled.jpg","width":2560,"height":1707,"caption":"Product: Carl-Gustaf - Hard Glasses Cases, Colour: Mahogany, Thread Colour: Black, Button: Galvanised Brass"},{"@type":"BreadcrumbList","@id":"https:\/\/fredfloris.eu\/productpage\/cg-hard-glasses-cases\/#breadcrumb","itemListElement":[{"@type":"ListItem","position":1,"name":"Home","item":"https:\/\/fredfloris.eu\/"},{"@type":"ListItem","position":2,"name":"Shop","item":"https:\/\/fredfloris.eu\/shop\/"},{"@type":"ListItem","position":3,"name":"Carl-Gustaf &#8211; Glasses Cases"}]},{"@type":"WebSite","@id":"https:\/\/fredfloris.eu\/#website","url":"https:\/\/fredfloris.eu\/","name":"FredFloris","description":"Ar rok\u0101m darin\u0101ti \u0101das izstr\u0101d\u0101jumi - Ra\u017eots Zviedrij\u0101","publisher":{"@id":"https:\/\/fredfloris.eu\/#organization"},"potentialAction":[{"@type":"SearchAction","target":{"@type":"EntryPoint","urlTemplate":"https:\/\/fredfloris.eu\/?s={search_term_string}"},"query-input":{"@type":"PropertyValueSpecification","valueRequired":true,"valueName":"search_term_string"}}],"inLanguage":"lv-LV"},{"@type":"Organization","@id":"https:\/\/fredfloris.eu\/#organization","name":"FredFloris","url":"https:\/\/fredfloris.eu\/","logo":{"@type":"ImageObject","inLanguage":"lv-LV","@id":"https:\/\/fredfloris.eu\/#\/schema\/logo\/image\/","url":"https:\/\/fredfloris.eu\/wp-content\/uploads\/2022\/03\/FredFloris-med-hel-nal-och-text.png","contentUrl":"https:\/\/fredfloris.eu\/wp-content\/uploads\/2022\/03\/FredFloris-med-hel-nal-och-text.png","width":591,"height":283,"caption":"FredFloris"},"image":{"@id":"https:\/\/fredfloris.eu\/#\/schema\/logo\/image\/"},"sameAs":["https:\/\/www.facebook.com\/FredFloris.Artisan.Studio\/","https:\/\/x.com\/_fredfloris_","https:\/\/www.instagram.com\/fredfloris.artisan.studio\/"]}]}},"brands":[{"id":203,"name":"FredFloris","slug":"fredfloris"}],"_links":{"self":[{"href":"https:\/\/fredfloris.eu\/lv\/wp-json\/wp\/v2\/product\/5145","targetHints":{"allow":["GET"]}}],"collection":[{"href":"https:\/\/fredfloris.eu\/lv\/wp-json\/wp\/v2\/product"}],"about":[{"href":"https:\/\/fredfloris.eu\/lv\/wp-json\/wp\/v2\/types\/product"}],"version-history":[{"count":11,"href":"https:\/\/fredfloris.eu\/lv\/wp-json\/wp\/v2\/product\/5145\/revisions"}],"predecessor-version":[{"id":11547,"href":"https:\/\/fredfloris.eu\/lv\/wp-json\/wp\/v2\/product\/5145\/revisions\/11547"}],"wp:featuredmedia":[{"embeddable":true,"href":"https:\/\/fredfloris.eu\/lv\/wp-json\/wp\/v2\/media\/3187"}],"wp:attachment":[{"href":"https:\/\/fredfloris.eu\/lv\/wp-json\/wp\/v2\/media?parent=5145"}],"wp:term":[{"taxonomy":"pwb-brand","embeddable":true,"href":"https:\/\/fredfloris.eu\/lv\/wp-json\/wp\/v2\/pwb-brand?post=5145"},{"taxonomy":"product_brand","embeddable":true,"href":"https:\/\/fredfloris.eu\/lv\/wp-json\/wp\/v2\/product_brand?post=5145"},{"taxonomy":"product_cat","embeddable":true,"href":"https:\/\/fredfloris.eu\/lv\/wp-json\/wp\/v2\/product_cat?post=5145"},{"taxonomy":"product_tag","embeddable":true,"href":"https:\/\/fredfloris.eu\/lv\/wp-json\/wp\/v2\/product_tag?post=5145"},{"taxonomy":"woo-feed-brand","embeddable":true,"href":"https:\/\/fredfloris.eu\/lv\/wp-json\/wp\/v2\/woo-feed-brand?post=5145"}],"curies":[{"name":"wp","href":"https:\/\/api.w.org\/{rel}","templated":true}]}}