{"id":5148,"date":"2022-05-16T17:20:21","date_gmt":"2022-05-16T15:20:21","guid":{"rendered":"https:\/\/fredfloris.eu\/?post_type=product&#038;p=5148"},"modified":"2026-05-09T11:53:34","modified_gmt":"2026-05-09T10:53:34","slug":"a5-daybook","status":"publish","type":"product","link":"https:\/\/fredfloris.eu\/lv\/productpage\/a5-daybook\/","title":{"rendered":"Dikenss, \u0160ellijs vai K\u012btss - A5 \u0100das dienasgr\u0101matas v\u0101ki"},"content":{"rendered":"<p><strong>Personaliz\u0113\u0161ana:<\/strong> Pievienojiet v\u0101rdu vai zi\u0146u bez papildu maksas. Lai piel\u0101gotu savu dizainu, vienk\u0101r\u0161i pievienojiet grozam gan produktu, gan izv\u0113l\u0113to dizainu.<\/p>\n<p><a class=\"lumise-customize-button button alt\" href=\"https:\/\/fredfloris.eu\/lv\/productpage\/customize-dickens-shelley-or-keats-a5-journals\/?wmc-currency=EUR\" name=\"customize\">Piel\u0101gojiet<\/a><\/p>\n<p><strong>Uzlabojiet savu profesion\u0101lo t\u0113lu ar m\u016bsu \u0101das dienasgr\u0101matas v\u0101ku.<\/strong> \u0160is dienasgr\u0101matas v\u0101ks ir veidots t\u0101, lai rad\u012btu pareizo pirmo iespaidu, un nodro\u0161ina, ka vienm\u0113r esat gatavs. Neatkar\u012bgi no t\u0101, vai runa ir par steidzam\u0101m tik\u0161an\u0101s reiz\u0113m, nejau\u0161\u0101m tik\u0161an\u0101s reiz\u0113m vai negaid\u012btiem iedvesmas br\u012b\u017eiem, pildspalva un pap\u012brs ir nenov\u0113rt\u0113jami. Rakst\u012b\u0161ana ar pildspalvu un pap\u012bru ne tikai sniedz br\u012bv\u012bbu, bet ar\u012b vienk\u0101r\u0161o j\u016bsu ideju fiks\u0113\u0161anas procesu, lieliski piel\u0101gojoties personiskaj\u0101m v\u0113lm\u0113m.<\/p>\n<p><strong>Optim\u0101ls izm\u0113rs un uzglab\u0101\u0161ana:<\/strong> \u0160is dienasgr\u0101matas v\u0101ci\u0146\u0161 ir veidots t\u0101, lai ietilptu A5 form\u0101ta bloci\u0146\u0101, un ir ide\u0101la izm\u0113ra, lai to var\u0113tu n\u0113s\u0101t l\u012bdzi. Tam ir viena liela kabata aiz v\u0101ka un divas maz\u0101kas kabatas iek\u0161pus\u0113, kas ir ide\u0101li piem\u0113rotas j\u016bsu iecien\u012bt\u0101k\u0101s pildspalvas glab\u0101\u0161anai, lai t\u0101 vienm\u0113r b\u016btu pa rokai.<\/p>\n<p>Katrai \u0101das dienasgr\u0101matai bez maksas ir iek\u013cauts viens no m\u016bsu <a href=\"https:\/\/fredfloris.eu\/lv\/productpage\/notebooks-journals\/?wmc-currency=EUR\">Nordic Swan un Easy on The Planet ekomar\u0137\u0113juma bloci\u0146i<\/a>.<\/p>\n<p><strong>Produkta specifik\u0101cijas:<\/strong><\/p>\n<ul>\n<li><strong>Izgatavots tikai ar rok\u0101m m\u016bsu \u0123imenes \u012bpa\u0161um\u0101 eso\u0161aj\u0101 \u0101das m\u0101kslas studij\u0101<\/strong><\/li>\n<li><strong>Materi\u0101li:<\/strong> Izmanto tr\u012bs da\u017e\u0101dus \u0101das veidus, no kuriem katrs izv\u0113l\u0113ts, lai nodro\u0161in\u0101tu atbilsto\u0161u saj\u016btu un elast\u012bbu, kas nepiecie\u0161ama konkr\u0113t\u0101m dienasgr\u0101matas sada\u013c\u0101m.<\/li>\n<li><strong>Kr\u0101su opcijas:<\/strong>\n<ul>\n<li><strong>Eksterjers:<\/strong> Pieejams meln\u0101 kr\u0101s\u0101<\/li>\n<li><strong>Atloka un maz\u0101ka iek\u0161\u0113j\u0101 kabata:<\/strong> Izv\u0113l\u0113ties no tum\u0161\u0101s Cognac, tum\u0161i dzelten\u0101s, zili za\u013c\u0101s, zilganza\u013c\u0101s un tum\u0161i dzelten\u0101s kr\u0101sas<\/li>\n<\/ul>\n<\/li>\n<li><strong>Izm\u0113ri:<\/strong> Platums saloc\u012bt\u0101 veid\u0101: 170 mm, augstums: 235 mm.<\/li>\n<li><strong>Broguing:<\/strong> Ar rok\u0101m perfor\u0113tas bro\u0161\u0113\u0161anas deta\u013cas pie\u0161\u0137ir dizainam izsmalcin\u0101t\u012bbu un izteiksm\u012bgumu.<\/li>\n<li><strong>\u0160\u016b\u0161ana<\/strong>: Tradicion\u0101lais seglinieku \u0161uvums, \u0161\u016bts ar rok\u0101m.<\/li>\n<li><strong>Funkcijas:<\/strong> \u0160\u012b dienasgr\u0101mata ir atk\u0101rtoti aizpild\u0101ma, padarot to par palieko\u0161u aksesu\u0101ru.<\/li>\n<li><strong>V\u012btne:<\/strong> Izgatavots no Tiger Ritza 25 diega, kas paz\u012bstams ar savu iztur\u012bbu un elast\u012bbu.<\/li>\n<\/ul>\n<p>&nbsp;<\/p>\n<p>Mekl\u0113\u0161anas v\u0101rdi: \u0100das dienasgr\u0101mata, \u0101das dienasgr\u0101matas v\u0101ks, \u0101das dienasgr\u0101matas v\u0101ks<\/p>","protected":false},"excerpt":{"rendered":"<p>Izgatavots no tr\u012bs da\u017e\u0101du veidu \u0101das, m\u016bsu dienasgr\u0101matas \u0101rpusei m\u0113s izmantojam augu izcelsmes miec\u0113tu pilngraudu \u0101du no bu\u013c\u013ca pleciem, kuras biezums ir aptuveni 3,5 mm, tom\u0113r tai ir iztur\u012bgs raksturs, padarot to par \u013coti smalku variantu dienasgr\u0101matas izgatavo\u0161anai.<\/p>\n<pre><\/pre>\n<p>Otr\u0101 \u0101da, ko izmantoj\u0101m, ir liel\u0101kajai iek\u0161\u0113jai kabatai. M\u0113s izmantoj\u0101m 2 mm biezu \u0101du, kas ir pat\u012bkam\u0101ka un m\u012bkst\u0101ka, \u013caujot elast\u012bg\u0101k ievietot priek\u0161metus. Visbeidzot, maz\u0101k\u0101s iek\u0161\u0113j\u0101s kabatas un atloks tika veidoti, izmantojot 1,8 mm vaskotu \u0101du, kas pie\u0161\u0137ir kop\u0113jam iek\u0161puses veidam pat\u012bkamu sp\u012bdumu. Bro\u0161\u0113\u0161anas deta\u013cas uz atloka ir izgatavotas ar rok\u0101m, izmantojot caurumu caurdur\u0161anas caurumu.<\/p>\n<pre><\/pre>\n<p>Visas \u0161\u012bs ar rok\u0101m darin\u0101t\u0101s \u0101das dienasgr\u0101matas malas ir noapa\u013cotas, sl\u012bp\u0113tas un kr\u0101sotas ar lielu precizit\u0101ti, lai nodro\u0161in\u0101tu pilngraudainas \u0101das saglab\u0101\u0161anu, un papildin\u0101tas ar misi\u0146a p\u0101rkl\u0101juma t\u0113rauda st\u016bru aizsargiem. \u0100das dienasgr\u0101mata ir pabeigta ar elast\u012bgu siksni\u0146u, kas lieliski savieno \u0161o labi izstr\u0101d\u0101to dienasgr\u0101matu.<\/p>\n<pre><\/pre>\n<p>\u0100du ar anil\u012bna apdari pieg\u0101d\u0101 Mapel &amp; C, bet vilnas\/vaskoto \u0101du pieg\u0101d\u0101 Badalassi Carlo. Abas miec\u0113tavas \u0101das miec\u0113\u0161anai izmanto seno Tosk\u0101nas Vacchetta recepti, un abas ir da\u013ca no respektabl\u0101m organiz\u0101cij\u0101m - attiec\u012bgi Tosk\u0101nas miec\u0113\u0161anas apgabala uz\u0146\u0113mumiem un Pelle Conciata al Vegetale konsorcija.<\/p>","protected":false},"featured_media":10226,"template":"","meta":[],"pwb-brand":[203],"product_brand":[],"product_cat":[110,100],"product_tag":[123,136,105],"woo-feed-brand":[],"class_list":{"0":"post-5148","1":"product","2":"type-product","3":"status-publish","4":"has-post-thumbnail","6":"pwb-brand-fredfloris","7":"product_cat-journals","8":"product_cat-leathergoods","9":"product_tag-full-grain-leather","10":"product_tag-handmade","11":"product_tag-made-to-order","12":"product_shipping_class-large-goods","13":"pa_leather-colour-petrol-waxed","14":"pa_leather-colour-dark-cognac-waxed","15":"pa_leather-colour-mustard-waxed","16":"pa_primary-leather-colour-black-mapelec-thick2","18":"first","19":"instock","20":"taxable","21":"shipping-taxable","22":"purchasable","23":"product-type-variable","24":"has-default-attributes"},"yoast_head":"<!-- This site is optimized with the Yoast SEO plugin v27.2 - https:\/\/yoast.com\/product\/yoast-seo-wordpress\/ -->\n<title>Personalized Refillable Leather daybook| FredFloris<\/title>\n<meta name=\"description\" content=\"Experience a luxury handmade leather daybook. Made using the finest Italian vegetable-tanned full-grain leather. Refillable leather daybook\" \/>\n<meta name=\"robots\" content=\"index, follow, max-snippet:-1, max-image-preview:large, max-video-preview:-1\" \/>\n<link rel=\"canonical\" href=\"https:\/\/fredfloris.eu\/lv\/productpage\/a5-daybook\/?wmc-currency=EUR\" \/>\n<meta property=\"og:locale\" content=\"lv_LV\" \/>\n<meta property=\"og:type\" content=\"article\" \/>\n<meta property=\"og:title\" content=\"Personalized Refillable Leather daybook| FredFloris\" \/>\n<meta property=\"og:description\" content=\"Experience a luxury handmade leather daybook. Made using the finest Italian vegetable-tanned full-grain leather. Refillable leather daybook\" \/>\n<meta property=\"og:url\" content=\"https:\/\/fredfloris.eu\/lv\/productpage\/a5-daybook\/?wmc-currency=EUR\" \/>\n<meta property=\"og:site_name\" content=\"FredFloris\" \/>\n<meta property=\"article:publisher\" content=\"https:\/\/www.facebook.com\/FredFloris.Artisan.Studio\/\" \/>\n<meta property=\"article:modified_time\" content=\"2026-05-09T10:53:34+00:00\" \/>\n<meta property=\"og:image\" content=\"https:\/\/fredfloris.eu\/wp-content\/uploads\/2022\/11\/IMG_3892-scaled.jpg\" \/>\n\t<meta property=\"og:image:width\" content=\"2560\" \/>\n\t<meta property=\"og:image:height\" content=\"1707\" \/>\n\t<meta property=\"og:image:type\" content=\"image\/jpeg\" \/>\n<meta name=\"twitter:card\" content=\"summary_large_image\" \/>\n<meta name=\"twitter:site\" content=\"@_fredfloris_\" \/>\n<meta name=\"twitter:label1\" content=\"Est. reading time\" \/>\n\t<meta name=\"twitter:data1\" content=\"2 min\u016btes\" \/>\n<script type=\"application\/ld+json\" class=\"yoast-schema-graph\">{\"@context\":\"https:\/\/schema.org\",\"@graph\":[{\"@type\":\"WebPage\",\"@id\":\"https:\/\/fredfloris.eu\/productpage\/a5-daybook\/\",\"url\":\"https:\/\/fredfloris.eu\/productpage\/a5-daybook\/\",\"name\":\"Personalized Refillable Leather daybook| FredFloris\",\"isPartOf\":{\"@id\":\"https:\/\/fredfloris.eu\/#website\"},\"primaryImageOfPage\":{\"@id\":\"https:\/\/fredfloris.eu\/productpage\/a5-daybook\/#primaryimage\"},\"image\":{\"@id\":\"https:\/\/fredfloris.eu\/productpage\/a5-daybook\/#primaryimage\"},\"thumbnailUrl\":\"https:\/\/fredfloris.eu\/wp-content\/uploads\/2022\/11\/IMG_3892-scaled.jpg\",\"datePublished\":\"2022-05-16T15:20:21+00:00\",\"dateModified\":\"2026-05-09T10:53:34+00:00\",\"description\":\"Experience a luxury handmade leather daybook. Made using the finest Italian vegetable-tanned full-grain leather. Refillable leather daybook\",\"breadcrumb\":{\"@id\":\"https:\/\/fredfloris.eu\/productpage\/a5-daybook\/#breadcrumb\"},\"inLanguage\":\"lv-LV\",\"potentialAction\":[{\"@type\":\"ReadAction\",\"target\":[\"https:\/\/fredfloris.eu\/productpage\/a5-daybook\/\"]}]},{\"@type\":\"ImageObject\",\"inLanguage\":\"lv-LV\",\"@id\":\"https:\/\/fredfloris.eu\/productpage\/a5-daybook\/#primaryimage\",\"url\":\"https:\/\/fredfloris.eu\/wp-content\/uploads\/2022\/11\/IMG_3892-scaled.jpg\",\"contentUrl\":\"https:\/\/fredfloris.eu\/wp-content\/uploads\/2022\/11\/IMG_3892-scaled.jpg\",\"width\":2560,\"height\":1707,\"caption\":\"Product: Dickens, Shelley or Keats - A5 Journals, Interior, Colour: Black, Dark Cognac, Corner Protectors: Solid Brass\"},{\"@type\":\"BreadcrumbList\",\"@id\":\"https:\/\/fredfloris.eu\/productpage\/a5-daybook\/#breadcrumb\",\"itemListElement\":[{\"@type\":\"ListItem\",\"position\":1,\"name\":\"Home\",\"item\":\"https:\/\/fredfloris.eu\/\"},{\"@type\":\"ListItem\",\"position\":2,\"name\":\"Shop\",\"item\":\"https:\/\/fredfloris.eu\/shop\/\"},{\"@type\":\"ListItem\",\"position\":3,\"name\":\"Dickens, Shelley or Keats &#8211; A5 Leather Daybook Covers\"}]},{\"@type\":\"WebSite\",\"@id\":\"https:\/\/fredfloris.eu\/#website\",\"url\":\"https:\/\/fredfloris.eu\/\",\"name\":\"FredFloris\",\"description\":\"Handcrafted Leathergoods - Made in Sweden\",\"publisher\":{\"@id\":\"https:\/\/fredfloris.eu\/#organization\"},\"potentialAction\":[{\"@type\":\"SearchAction\",\"target\":{\"@type\":\"EntryPoint\",\"urlTemplate\":\"https:\/\/fredfloris.eu\/?s={search_term_string}\"},\"query-input\":{\"@type\":\"PropertyValueSpecification\",\"valueRequired\":true,\"valueName\":\"search_term_string\"}}],\"inLanguage\":\"lv-LV\"},{\"@type\":\"Organization\",\"@id\":\"https:\/\/fredfloris.eu\/#organization\",\"name\":\"FredFloris\",\"url\":\"https:\/\/fredfloris.eu\/\",\"logo\":{\"@type\":\"ImageObject\",\"inLanguage\":\"lv-LV\",\"@id\":\"https:\/\/fredfloris.eu\/#\/schema\/logo\/image\/\",\"url\":\"https:\/\/fredfloris.eu\/wp-content\/uploads\/2022\/03\/FredFloris-med-hel-nal-och-text.png\",\"contentUrl\":\"https:\/\/fredfloris.eu\/wp-content\/uploads\/2022\/03\/FredFloris-med-hel-nal-och-text.png\",\"width\":591,\"height\":283,\"caption\":\"FredFloris\"},\"image\":{\"@id\":\"https:\/\/fredfloris.eu\/#\/schema\/logo\/image\/\"},\"sameAs\":[\"https:\/\/www.facebook.com\/FredFloris.Artisan.Studio\/\",\"https:\/\/x.com\/_fredfloris_\",\"https:\/\/www.instagram.com\/fredfloris.artisan.studio\/\"]}]}<\/script>\n<!-- \/ Yoast SEO plugin. -->","yoast_head_json":{"title":"Personaliz\u0113ta uzpild\u0101ma \u0101das dienasgr\u0101mata| FredFloris","description":"Izbaudiet luksusa ar rok\u0101m darin\u0101tu \u0101das dienasgr\u0101matu. Izgatavota, izmantojot vislab\u0101ko it\u0101\u013cu augu izcelsmes miec\u0113tu pilngraudu \u0101du. Atk\u0101rtoti aizpild\u0101ma \u0101das dienasgr\u0101mata","robots":{"index":"index","follow":"follow","max-snippet":"max-snippet:-1","max-image-preview":"max-image-preview:large","max-video-preview":"max-video-preview:-1"},"canonical":"https:\/\/fredfloris.eu\/lv\/productpage\/a5-daybook\/?wmc-currency=EUR","og_locale":"lv_LV","og_type":"article","og_title":"Personalized Refillable Leather daybook| FredFloris","og_description":"Experience a luxury handmade leather daybook. Made using the finest Italian vegetable-tanned full-grain leather. Refillable leather daybook","og_url":"https:\/\/fredfloris.eu\/lv\/productpage\/a5-daybook\/?wmc-currency=EUR","og_site_name":"FredFloris","article_publisher":"https:\/\/www.facebook.com\/FredFloris.Artisan.Studio\/","article_modified_time":"2026-05-09T10:53:34+00:00","og_image":[{"width":2560,"height":1707,"url":"https:\/\/fredfloris.eu\/wp-content\/uploads\/2022\/11\/IMG_3892-scaled.jpg","type":"image\/jpeg"}],"twitter_card":"summary_large_image","twitter_site":"@_fredfloris_","twitter_misc":{"Est. reading time":"2 min\u016btes"},"schema":{"@context":"https:\/\/schema.org","@graph":[{"@type":"WebPage","@id":"https:\/\/fredfloris.eu\/productpage\/a5-daybook\/","url":"https:\/\/fredfloris.eu\/productpage\/a5-daybook\/","name":"Personaliz\u0113ta uzpild\u0101ma \u0101das dienasgr\u0101mata| FredFloris","isPartOf":{"@id":"https:\/\/fredfloris.eu\/#website"},"primaryImageOfPage":{"@id":"https:\/\/fredfloris.eu\/productpage\/a5-daybook\/#primaryimage"},"image":{"@id":"https:\/\/fredfloris.eu\/productpage\/a5-daybook\/#primaryimage"},"thumbnailUrl":"https:\/\/fredfloris.eu\/wp-content\/uploads\/2022\/11\/IMG_3892-scaled.jpg","datePublished":"2022-05-16T15:20:21+00:00","dateModified":"2026-05-09T10:53:34+00:00","description":"Izbaudiet luksusa ar rok\u0101m darin\u0101tu \u0101das dienasgr\u0101matu. Izgatavota, izmantojot vislab\u0101ko it\u0101\u013cu augu izcelsmes miec\u0113tu pilngraudu \u0101du. Atk\u0101rtoti aizpild\u0101ma \u0101das dienasgr\u0101mata","breadcrumb":{"@id":"https:\/\/fredfloris.eu\/productpage\/a5-daybook\/#breadcrumb"},"inLanguage":"lv-LV","potentialAction":[{"@type":"ReadAction","target":["https:\/\/fredfloris.eu\/productpage\/a5-daybook\/"]}]},{"@type":"ImageObject","inLanguage":"lv-LV","@id":"https:\/\/fredfloris.eu\/productpage\/a5-daybook\/#primaryimage","url":"https:\/\/fredfloris.eu\/wp-content\/uploads\/2022\/11\/IMG_3892-scaled.jpg","contentUrl":"https:\/\/fredfloris.eu\/wp-content\/uploads\/2022\/11\/IMG_3892-scaled.jpg","width":2560,"height":1707,"caption":"Product: Dickens, Shelley or Keats - A5 Journals, Interior, Colour: Black, Dark Cognac, Corner Protectors: Solid Brass"},{"@type":"BreadcrumbList","@id":"https:\/\/fredfloris.eu\/productpage\/a5-daybook\/#breadcrumb","itemListElement":[{"@type":"ListItem","position":1,"name":"Home","item":"https:\/\/fredfloris.eu\/"},{"@type":"ListItem","position":2,"name":"Shop","item":"https:\/\/fredfloris.eu\/shop\/"},{"@type":"ListItem","position":3,"name":"Dickens, Shelley or Keats &#8211; A5 Leather Daybook Covers"}]},{"@type":"WebSite","@id":"https:\/\/fredfloris.eu\/#website","url":"https:\/\/fredfloris.eu\/","name":"FredFloris","description":"Ar rok\u0101m darin\u0101ti \u0101das izstr\u0101d\u0101jumi - Ra\u017eots Zviedrij\u0101","publisher":{"@id":"https:\/\/fredfloris.eu\/#organization"},"potentialAction":[{"@type":"SearchAction","target":{"@type":"EntryPoint","urlTemplate":"https:\/\/fredfloris.eu\/?s={search_term_string}"},"query-input":{"@type":"PropertyValueSpecification","valueRequired":true,"valueName":"search_term_string"}}],"inLanguage":"lv-LV"},{"@type":"Organization","@id":"https:\/\/fredfloris.eu\/#organization","name":"FredFloris","url":"https:\/\/fredfloris.eu\/","logo":{"@type":"ImageObject","inLanguage":"lv-LV","@id":"https:\/\/fredfloris.eu\/#\/schema\/logo\/image\/","url":"https:\/\/fredfloris.eu\/wp-content\/uploads\/2022\/03\/FredFloris-med-hel-nal-och-text.png","contentUrl":"https:\/\/fredfloris.eu\/wp-content\/uploads\/2022\/03\/FredFloris-med-hel-nal-och-text.png","width":591,"height":283,"caption":"FredFloris"},"image":{"@id":"https:\/\/fredfloris.eu\/#\/schema\/logo\/image\/"},"sameAs":["https:\/\/www.facebook.com\/FredFloris.Artisan.Studio\/","https:\/\/x.com\/_fredfloris_","https:\/\/www.instagram.com\/fredfloris.artisan.studio\/"]}]}},"brands":[{"id":203,"name":"FredFloris","slug":"fredfloris"}],"_links":{"self":[{"href":"https:\/\/fredfloris.eu\/lv\/wp-json\/wp\/v2\/product\/5148","targetHints":{"allow":["GET"]}}],"collection":[{"href":"https:\/\/fredfloris.eu\/lv\/wp-json\/wp\/v2\/product"}],"about":[{"href":"https:\/\/fredfloris.eu\/lv\/wp-json\/wp\/v2\/types\/product"}],"version-history":[{"count":14,"href":"https:\/\/fredfloris.eu\/lv\/wp-json\/wp\/v2\/product\/5148\/revisions"}],"predecessor-version":[{"id":11312,"href":"https:\/\/fredfloris.eu\/lv\/wp-json\/wp\/v2\/product\/5148\/revisions\/11312"}],"wp:featuredmedia":[{"embeddable":true,"href":"https:\/\/fredfloris.eu\/lv\/wp-json\/wp\/v2\/media\/10226"}],"wp:attachment":[{"href":"https:\/\/fredfloris.eu\/lv\/wp-json\/wp\/v2\/media?parent=5148"}],"wp:term":[{"taxonomy":"pwb-brand","embeddable":true,"href":"https:\/\/fredfloris.eu\/lv\/wp-json\/wp\/v2\/pwb-brand?post=5148"},{"taxonomy":"product_brand","embeddable":true,"href":"https:\/\/fredfloris.eu\/lv\/wp-json\/wp\/v2\/product_brand?post=5148"},{"taxonomy":"product_cat","embeddable":true,"href":"https:\/\/fredfloris.eu\/lv\/wp-json\/wp\/v2\/product_cat?post=5148"},{"taxonomy":"product_tag","embeddable":true,"href":"https:\/\/fredfloris.eu\/lv\/wp-json\/wp\/v2\/product_tag?post=5148"},{"taxonomy":"woo-feed-brand","embeddable":true,"href":"https:\/\/fredfloris.eu\/lv\/wp-json\/wp\/v2\/woo-feed-brand?post=5148"}],"curies":[{"name":"wp","href":"https:\/\/api.w.org\/{rel}","templated":true}]}}