{"id":5158,"date":"2022-05-16T17:48:39","date_gmt":"2022-05-16T15:48:39","guid":{"rendered":"https:\/\/fredfloris.eu\/?post_type=product&#038;p=5158"},"modified":"2026-05-09T11:50:00","modified_gmt":"2026-05-09T10:50:00","slug":"vasa-key-wallet","status":"publish","type":"product","link":"https:\/\/fredfloris.eu\/lv\/productpage\/vasa-key-wallet\/","title":{"rendered":"Vasa - Atsl\u0113gu maksts"},"content":{"rendered":"<p><strong>Personaliz\u0113\u0161ana:<\/strong> Pievienojiet v\u0101rdu, att\u0113lu vai zi\u0146u bez papildu maksas. Lai piel\u0101gotu savu dizainu, vienk\u0101r\u0161i pievienojiet grozam gan produktu, gan izv\u0113l\u0113to dizainu.<\/p>\n<p><a class=\"lumise-customize-button button alt\" href=\"https:\/\/fredfloris.eu\/lv\/productpage\/customize-vasa-soft-key-wallet\/?wmc-currency=EUR\" name=\"customize\">Piel\u0101gojiet<\/a><\/p>\n<p><strong>Izp\u0113tiet atsl\u0113gu m\u012bklain\u012bbu ar m\u016bsu \u0101das atsl\u0113gu maku.<\/strong> Ar atsl\u0113g\u0101m var piek\u013c\u016bt m\u016bsu dz\u012bves v\u0113rt\u012bg\u0101kajiem aspektiem - m\u0101jok\u013ciem, transportl\u012bdzek\u013ciem un person\u012bgajiem seifiem. T\u0101s ir unik\u0101las un sola vair\u0101k, t\u0101p\u0113c ir peln\u012bju\u0161as r\u016bp\u012bgu p\u0101rvald\u012bbu un aizsardz\u012bbu. M\u016bsu atsl\u0113gu maksts nodro\u0161ina, ka visas j\u016bsu atsl\u0113gas ir dro\u0161i sak\u0101rtotas un pasarg\u0101tas m\u012bkst\u0101 \u0101das v\u0101ci\u0146\u0101, kas aiztais\u012bts ar dzelzs pogu. Ner\u016bs\u0113jo\u0161\u0101 t\u0113rauda kniedes uztur k\u0101rt\u012bbu, padarot j\u016bsu atsl\u0113gas viegli atrodamas, pieejamas un n\u0113s\u0101jamas som\u0101 vai kabat\u0101, nerisk\u0113jot saskr\u0101p\u0113t t\u0101lruni vai citas v\u0113rtslietas.<\/p>\n<p><strong>Produkta specifik\u0101cijas:<\/strong><\/p>\n<ul>\n<li><strong>Izgatavots tikai ar rok\u0101m m\u016bsu \u0123imenes \u012bpa\u0161um\u0101 eso\u0161aj\u0101 \u0101das m\u0101kslas studij\u0101<\/strong><\/li>\n<li><strong>Piel\u0101got\u0101s opcijas:<\/strong> Izv\u0113lieties lab\u0101s vai kreis\u0101s rokas versiju<\/li>\n<li><strong>Izm\u0113rs:<\/strong> Platums: 80 mm, garums: 125 mm<\/li>\n<li><strong>Kr\u0101sas:<\/strong> Pieejams vid\u0113ji br\u016bn\u0101 kr\u0101s\u0101 un Cognac<\/li>\n<li><strong>Materi\u0101ls:<\/strong> Izgatavots no pilngraudu \u0101das, miec\u0113tas It\u0101lij\u0101.<\/li>\n<li><strong>Draudz\u012bgs aler\u0123ij\u0101m:<\/strong> Ar dubult\u0101 v\u0101ci\u0146a kniedi, kas ir piem\u0113rota aler\u0123ijai. Piez\u012bme: atsl\u0113gas kron\u0161teins nav test\u0113ts attiec\u012bb\u0101 uz aler\u0123ij\u0101m.<\/li>\n<\/ul>\n<p>&nbsp;<\/p>\n<p>Mekl\u0113\u0161anas v\u0101rdi: \u0101das atsl\u0113gu maks, atsl\u0113gu piekari\u0146\u0161, atsl\u0113gu tur\u0113t\u0101js maks<\/p>","protected":false},"excerpt":{"rendered":"<p>M\u016bsu \u0101das atsl\u0113gu maksts ir izgatavots no Eiropas te\u013ca \u0101das, ko nodro\u0161ina It\u0101lijas miec\u0113tava Mapel &amp; C sadarb\u012bb\u0101 ar Tosk\u0101nas miec\u0113\u0161anas apgabala uz\u0146\u0113mumiem. Miec\u0113\u0161anas procesa laik\u0101 \u0101dai tiek pievienots viegls e\u013c\u013cas p\u0101rkl\u0101jums, lai rad\u012btu t\u0101 d\u0113v\u0113to \"pull-up\" \u0101du. \u0160\u012b miec\u0113\u0161anas metode pie\u0161\u0137ir Key Wallet izskatu, kas ir vair\u0101k izst\u012bdz\u0113jis un rustik\u0101l\u0101ks.<\/p>\n<p>P\u0113c sa\u0146em\u0161anas m\u016bsu darbn\u012bc\u0101 \u0101da tiek izgriezta no \u0101das, malas tiek noapa\u013cotas, sl\u012bp\u0113tas, sl\u012bp\u0113tas, ar rok\u0101m spodrin\u0101tas un p\u0113c tam malas tiek kr\u0101sotas ar rok\u0101m. \u0160aj\u0101 proces\u0101 m\u0113s piev\u0113r\u0161am lielu uzman\u012bbu deta\u013c\u0101m, lai saglab\u0101tu \u0101das tekst\u016bru.<\/p>","protected":false},"featured_media":9758,"template":"","meta":[],"pwb-brand":[203],"product_brand":[],"product_cat":[112,100],"product_tag":[123,136,105],"woo-feed-brand":[],"class_list":{"0":"post-5158","1":"product","2":"type-product","3":"status-publish","4":"has-post-thumbnail","6":"pwb-brand-fredfloris","7":"product_cat-key-wallets","8":"product_cat-leathergoods","9":"product_tag-full-grain-leather","10":"product_tag-handmade","11":"product_tag-made-to-order","12":"product_shipping_class-small-goods","13":"pa_leather-colour-cognac-pull-up","14":"pa_leather-colour-medium-brown-pull-up","16":"first","17":"instock","18":"taxable","19":"shipping-taxable","20":"purchasable","21":"product-type-variable","22":"has-default-attributes"},"yoast_head":"<!-- This site is optimized with the Yoast SEO plugin v27.2 - https:\/\/yoast.com\/product\/yoast-seo-wordpress\/ -->\n<title>Leather Key Wallet - Handmade in Sweden | FredFloris<\/title>\n<meta name=\"description\" content=\"Our leather key wallet is handmade from full-grain European leather. The key wallet can hold over 6 keys. Replace your key chain!\" \/>\n<meta name=\"robots\" content=\"index, follow, max-snippet:-1, max-image-preview:large, max-video-preview:-1\" \/>\n<link rel=\"canonical\" href=\"https:\/\/fredfloris.eu\/lv\/productpage\/vasa-key-wallet\/?wmc-currency=EUR\" \/>\n<meta property=\"og:locale\" content=\"lv_LV\" \/>\n<meta property=\"og:type\" content=\"article\" \/>\n<meta property=\"og:title\" content=\"Leather Key Wallet - Handmade in Sweden | FredFloris\" \/>\n<meta property=\"og:description\" content=\"Our leather key wallet is handmade from full-grain European leather. The key wallet can hold over 6 keys. Replace your key chain!\" \/>\n<meta property=\"og:url\" content=\"https:\/\/fredfloris.eu\/lv\/productpage\/vasa-key-wallet\/?wmc-currency=EUR\" \/>\n<meta property=\"og:site_name\" content=\"FredFloris\" \/>\n<meta property=\"article:publisher\" content=\"https:\/\/www.facebook.com\/FredFloris.Artisan.Studio\/\" \/>\n<meta property=\"article:modified_time\" content=\"2026-05-09T10:50:00+00:00\" \/>\n<meta property=\"og:image\" content=\"https:\/\/fredfloris.eu\/wp-content\/uploads\/2022\/05\/IMG_1482-scaled.jpg\" \/>\n\t<meta property=\"og:image:width\" content=\"2560\" \/>\n\t<meta property=\"og:image:height\" content=\"1707\" \/>\n\t<meta property=\"og:image:type\" content=\"image\/jpeg\" \/>\n<meta name=\"twitter:card\" content=\"summary_large_image\" \/>\n<meta name=\"twitter:site\" content=\"@_fredfloris_\" \/>\n<meta name=\"twitter:label1\" content=\"Est. reading time\" \/>\n\t<meta name=\"twitter:data1\" content=\"2 min\u016btes\" \/>\n<script type=\"application\/ld+json\" class=\"yoast-schema-graph\">{\"@context\":\"https:\/\/schema.org\",\"@graph\":[{\"@type\":\"WebPage\",\"@id\":\"https:\/\/fredfloris.eu\/productpage\/vasa-key-wallet\/\",\"url\":\"https:\/\/fredfloris.eu\/productpage\/vasa-key-wallet\/\",\"name\":\"Leather Key Wallet - Handmade in Sweden | FredFloris\",\"isPartOf\":{\"@id\":\"https:\/\/fredfloris.eu\/#website\"},\"primaryImageOfPage\":{\"@id\":\"https:\/\/fredfloris.eu\/productpage\/vasa-key-wallet\/#primaryimage\"},\"image\":{\"@id\":\"https:\/\/fredfloris.eu\/productpage\/vasa-key-wallet\/#primaryimage\"},\"thumbnailUrl\":\"https:\/\/fredfloris.eu\/wp-content\/uploads\/2022\/05\/IMG_1482-scaled.jpg\",\"datePublished\":\"2022-05-16T15:48:39+00:00\",\"dateModified\":\"2026-05-09T10:50:00+00:00\",\"description\":\"Our leather key wallet is handmade from full-grain European leather. The key wallet can hold over 6 keys. Replace your key chain!\",\"breadcrumb\":{\"@id\":\"https:\/\/fredfloris.eu\/productpage\/vasa-key-wallet\/#breadcrumb\"},\"inLanguage\":\"lv-LV\",\"potentialAction\":[{\"@type\":\"ReadAction\",\"target\":[\"https:\/\/fredfloris.eu\/productpage\/vasa-key-wallet\/\"]}]},{\"@type\":\"ImageObject\",\"inLanguage\":\"lv-LV\",\"@id\":\"https:\/\/fredfloris.eu\/productpage\/vasa-key-wallet\/#primaryimage\",\"url\":\"https:\/\/fredfloris.eu\/wp-content\/uploads\/2022\/05\/IMG_1482-scaled.jpg\",\"contentUrl\":\"https:\/\/fredfloris.eu\/wp-content\/uploads\/2022\/05\/IMG_1482-scaled.jpg\",\"width\":2560,\"height\":1707,\"caption\":\"Product: Dickens, Vasa - Key Wallet, Colour: Cognac, Left & Right Handed Options\"},{\"@type\":\"BreadcrumbList\",\"@id\":\"https:\/\/fredfloris.eu\/productpage\/vasa-key-wallet\/#breadcrumb\",\"itemListElement\":[{\"@type\":\"ListItem\",\"position\":1,\"name\":\"Home\",\"item\":\"https:\/\/fredfloris.eu\/\"},{\"@type\":\"ListItem\",\"position\":2,\"name\":\"Shop\",\"item\":\"https:\/\/fredfloris.eu\/shop\/\"},{\"@type\":\"ListItem\",\"position\":3,\"name\":\"Vasa &#8211; Key Wallet\"}]},{\"@type\":\"WebSite\",\"@id\":\"https:\/\/fredfloris.eu\/#website\",\"url\":\"https:\/\/fredfloris.eu\/\",\"name\":\"FredFloris\",\"description\":\"Handcrafted Leathergoods - Made in Sweden\",\"publisher\":{\"@id\":\"https:\/\/fredfloris.eu\/#organization\"},\"potentialAction\":[{\"@type\":\"SearchAction\",\"target\":{\"@type\":\"EntryPoint\",\"urlTemplate\":\"https:\/\/fredfloris.eu\/?s={search_term_string}\"},\"query-input\":{\"@type\":\"PropertyValueSpecification\",\"valueRequired\":true,\"valueName\":\"search_term_string\"}}],\"inLanguage\":\"lv-LV\"},{\"@type\":\"Organization\",\"@id\":\"https:\/\/fredfloris.eu\/#organization\",\"name\":\"FredFloris\",\"url\":\"https:\/\/fredfloris.eu\/\",\"logo\":{\"@type\":\"ImageObject\",\"inLanguage\":\"lv-LV\",\"@id\":\"https:\/\/fredfloris.eu\/#\/schema\/logo\/image\/\",\"url\":\"https:\/\/fredfloris.eu\/wp-content\/uploads\/2022\/03\/FredFloris-med-hel-nal-och-text.png\",\"contentUrl\":\"https:\/\/fredfloris.eu\/wp-content\/uploads\/2022\/03\/FredFloris-med-hel-nal-och-text.png\",\"width\":591,\"height\":283,\"caption\":\"FredFloris\"},\"image\":{\"@id\":\"https:\/\/fredfloris.eu\/#\/schema\/logo\/image\/\"},\"sameAs\":[\"https:\/\/www.facebook.com\/FredFloris.Artisan.Studio\/\",\"https:\/\/x.com\/_fredfloris_\",\"https:\/\/www.instagram.com\/fredfloris.artisan.studio\/\"]}]}<\/script>\n<!-- \/ Yoast SEO plugin. -->","yoast_head_json":{"title":"\u0100das maksts atsl\u0113g\u0101m - roku darbs Zviedrij\u0101 | FredFloris","description":"M\u016bsu \u0101das atsl\u0113gu maksts ir izgatavots ar rok\u0101m no pilngraudu Eiropas \u0101das. Atsl\u0113gu mak\u0101 var ievietot vair\u0101k nek\u0101 6 atsl\u0113gas. Aizst\u0101jiet savu atsl\u0113gu \u0137\u0113d\u012bti!","robots":{"index":"index","follow":"follow","max-snippet":"max-snippet:-1","max-image-preview":"max-image-preview:large","max-video-preview":"max-video-preview:-1"},"canonical":"https:\/\/fredfloris.eu\/lv\/productpage\/vasa-key-wallet\/?wmc-currency=EUR","og_locale":"lv_LV","og_type":"article","og_title":"Leather Key Wallet - Handmade in Sweden | FredFloris","og_description":"Our leather key wallet is handmade from full-grain European leather. The key wallet can hold over 6 keys. Replace your key chain!","og_url":"https:\/\/fredfloris.eu\/lv\/productpage\/vasa-key-wallet\/?wmc-currency=EUR","og_site_name":"FredFloris","article_publisher":"https:\/\/www.facebook.com\/FredFloris.Artisan.Studio\/","article_modified_time":"2026-05-09T10:50:00+00:00","og_image":[{"width":2560,"height":1707,"url":"https:\/\/fredfloris.eu\/wp-content\/uploads\/2022\/05\/IMG_1482-scaled.jpg","type":"image\/jpeg"}],"twitter_card":"summary_large_image","twitter_site":"@_fredfloris_","twitter_misc":{"Est. reading time":"2 min\u016btes"},"schema":{"@context":"https:\/\/schema.org","@graph":[{"@type":"WebPage","@id":"https:\/\/fredfloris.eu\/productpage\/vasa-key-wallet\/","url":"https:\/\/fredfloris.eu\/productpage\/vasa-key-wallet\/","name":"\u0100das maksts atsl\u0113g\u0101m - roku darbs Zviedrij\u0101 | FredFloris","isPartOf":{"@id":"https:\/\/fredfloris.eu\/#website"},"primaryImageOfPage":{"@id":"https:\/\/fredfloris.eu\/productpage\/vasa-key-wallet\/#primaryimage"},"image":{"@id":"https:\/\/fredfloris.eu\/productpage\/vasa-key-wallet\/#primaryimage"},"thumbnailUrl":"https:\/\/fredfloris.eu\/wp-content\/uploads\/2022\/05\/IMG_1482-scaled.jpg","datePublished":"2022-05-16T15:48:39+00:00","dateModified":"2026-05-09T10:50:00+00:00","description":"M\u016bsu \u0101das atsl\u0113gu maksts ir izgatavots ar rok\u0101m no pilngraudu Eiropas \u0101das. Atsl\u0113gu mak\u0101 var ievietot vair\u0101k nek\u0101 6 atsl\u0113gas. Aizst\u0101jiet savu atsl\u0113gu \u0137\u0113d\u012bti!","breadcrumb":{"@id":"https:\/\/fredfloris.eu\/productpage\/vasa-key-wallet\/#breadcrumb"},"inLanguage":"lv-LV","potentialAction":[{"@type":"ReadAction","target":["https:\/\/fredfloris.eu\/productpage\/vasa-key-wallet\/"]}]},{"@type":"ImageObject","inLanguage":"lv-LV","@id":"https:\/\/fredfloris.eu\/productpage\/vasa-key-wallet\/#primaryimage","url":"https:\/\/fredfloris.eu\/wp-content\/uploads\/2022\/05\/IMG_1482-scaled.jpg","contentUrl":"https:\/\/fredfloris.eu\/wp-content\/uploads\/2022\/05\/IMG_1482-scaled.jpg","width":2560,"height":1707,"caption":"Product: Dickens, Vasa - Key Wallet, Colour: Cognac, Left & Right Handed Options"},{"@type":"BreadcrumbList","@id":"https:\/\/fredfloris.eu\/productpage\/vasa-key-wallet\/#breadcrumb","itemListElement":[{"@type":"ListItem","position":1,"name":"Home","item":"https:\/\/fredfloris.eu\/"},{"@type":"ListItem","position":2,"name":"Shop","item":"https:\/\/fredfloris.eu\/shop\/"},{"@type":"ListItem","position":3,"name":"Vasa &#8211; Key Wallet"}]},{"@type":"WebSite","@id":"https:\/\/fredfloris.eu\/#website","url":"https:\/\/fredfloris.eu\/","name":"FredFloris","description":"Ar rok\u0101m darin\u0101ti \u0101das izstr\u0101d\u0101jumi - Ra\u017eots Zviedrij\u0101","publisher":{"@id":"https:\/\/fredfloris.eu\/#organization"},"potentialAction":[{"@type":"SearchAction","target":{"@type":"EntryPoint","urlTemplate":"https:\/\/fredfloris.eu\/?s={search_term_string}"},"query-input":{"@type":"PropertyValueSpecification","valueRequired":true,"valueName":"search_term_string"}}],"inLanguage":"lv-LV"},{"@type":"Organization","@id":"https:\/\/fredfloris.eu\/#organization","name":"FredFloris","url":"https:\/\/fredfloris.eu\/","logo":{"@type":"ImageObject","inLanguage":"lv-LV","@id":"https:\/\/fredfloris.eu\/#\/schema\/logo\/image\/","url":"https:\/\/fredfloris.eu\/wp-content\/uploads\/2022\/03\/FredFloris-med-hel-nal-och-text.png","contentUrl":"https:\/\/fredfloris.eu\/wp-content\/uploads\/2022\/03\/FredFloris-med-hel-nal-och-text.png","width":591,"height":283,"caption":"FredFloris"},"image":{"@id":"https:\/\/fredfloris.eu\/#\/schema\/logo\/image\/"},"sameAs":["https:\/\/www.facebook.com\/FredFloris.Artisan.Studio\/","https:\/\/x.com\/_fredfloris_","https:\/\/www.instagram.com\/fredfloris.artisan.studio\/"]}]}},"brands":[{"id":203,"name":"FredFloris","slug":"fredfloris"}],"_links":{"self":[{"href":"https:\/\/fredfloris.eu\/lv\/wp-json\/wp\/v2\/product\/5158","targetHints":{"allow":["GET"]}}],"collection":[{"href":"https:\/\/fredfloris.eu\/lv\/wp-json\/wp\/v2\/product"}],"about":[{"href":"https:\/\/fredfloris.eu\/lv\/wp-json\/wp\/v2\/types\/product"}],"version-history":[{"count":18,"href":"https:\/\/fredfloris.eu\/lv\/wp-json\/wp\/v2\/product\/5158\/revisions"}],"predecessor-version":[{"id":11307,"href":"https:\/\/fredfloris.eu\/lv\/wp-json\/wp\/v2\/product\/5158\/revisions\/11307"}],"wp:featuredmedia":[{"embeddable":true,"href":"https:\/\/fredfloris.eu\/lv\/wp-json\/wp\/v2\/media\/9758"}],"wp:attachment":[{"href":"https:\/\/fredfloris.eu\/lv\/wp-json\/wp\/v2\/media?parent=5158"}],"wp:term":[{"taxonomy":"pwb-brand","embeddable":true,"href":"https:\/\/fredfloris.eu\/lv\/wp-json\/wp\/v2\/pwb-brand?post=5158"},{"taxonomy":"product_brand","embeddable":true,"href":"https:\/\/fredfloris.eu\/lv\/wp-json\/wp\/v2\/product_brand?post=5158"},{"taxonomy":"product_cat","embeddable":true,"href":"https:\/\/fredfloris.eu\/lv\/wp-json\/wp\/v2\/product_cat?post=5158"},{"taxonomy":"product_tag","embeddable":true,"href":"https:\/\/fredfloris.eu\/lv\/wp-json\/wp\/v2\/product_tag?post=5158"},{"taxonomy":"woo-feed-brand","embeddable":true,"href":"https:\/\/fredfloris.eu\/lv\/wp-json\/wp\/v2\/woo-feed-brand?post=5158"}],"curies":[{"name":"wp","href":"https:\/\/api.w.org\/{rel}","templated":true}]}}