{"id":5169,"date":"2022-05-16T19:01:56","date_gmt":"2022-05-16T17:01:56","guid":{"rendered":"https:\/\/fredfloris.eu\/?post_type=product&#038;p=5169"},"modified":"2025-02-22T15:44:39","modified_gmt":"2025-02-22T13:44:39","slug":"slim-pocket-card-wallets","status":"publish","type":"product","link":"https:\/\/fredfloris.eu\/lv\/productpage\/slim-pocket-card-wallets\/","title":{"rendered":"Slim kar\u0161u maki"},"content":{"rendered":"<p><strong>Personaliz\u0113\u0161ana:<\/strong> Pievienojiet v\u0101rdu vai zi\u0146u bez papildu maksas. Lai piel\u0101gotu savu dizainu, vienk\u0101r\u0161i pievienojiet grozam gan produktu, gan izv\u0113l\u0113to dizainu.<\/p>\n<p><a class=\"lumise-customize-button button alt\" href=\"https:\/\/fredfloris.eu\/lv\/productpage\/customize-slim-pocket-card-wallets\/?wmc-currency=EUR\" name=\"customize\">Piel\u0101gojiet<\/a><\/p>\n<p><strong>Izmantojiet m\u016bsdien\u012bgu efektivit\u0101ti ar m\u016bsu tievajiem kar\u0161u makiem, kas izstr\u0101d\u0101ti bezskaidras naudas laikmetam.<\/strong> \u0160ie maki ir lieliski piem\u0113roti tiem, kas nov\u0113rt\u0113 \u0101trus, elegantus un dro\u0161us dar\u012bjumus. Tie ir pieejami divos izm\u0113ros, lai atbilstu j\u016bsu dz\u012bvesveidam: lielaj\u0101 versij\u0101 var ievietot l\u012bdz 8 kart\u0113m, bet mazaj\u0101 - l\u012bdz 4 kart\u0113m. Izv\u0113lieties sav\u0101m vajadz\u012bb\u0101m atbilsto\u0161\u0101ko izm\u0113ru un ikdien\u0101 paudiet savu individualit\u0101ti.<\/p>\n<p><strong>Produkta specifik\u0101cijas:<\/strong><\/p>\n<ul>\n<li><strong>Izgatavots tikai ar rok\u0101m m\u016bsu \u0123imenes \u012bpa\u0161um\u0101 eso\u0161aj\u0101 \u0101das m\u0101kslas studij\u0101<\/strong><\/li>\n<li><strong>Jaudas opcijas:<\/strong> Liel\u0101 mak\u0101 ir l\u012bdz 8 kart\u0113m; mazaj\u0101 mak\u0101 ir l\u012bdz 4 kart\u0113m.<\/li>\n<li><strong>Materi\u0101ls:<\/strong> Izgatavots no pilngraudu \u0101das, kas apstr\u0101d\u0101ta ar augu izcelsmes miecviel\u0101m It\u0101lij\u0101, izmantojot tradicion\u0101lo Tosk\u0101nas Vacchetta recepti.<\/li>\n<li><strong>\u0160\u016b\u0161ana:<\/strong> Ar rok\u0101m \u0161\u016btas tradicion\u0101l\u0101s seglinieku \u0161uves<\/li>\n<li><strong>V\u012btne:<\/strong> Izgatavots no Tiger Ritza 25, kas paz\u012bstams ar savu izcilo iztur\u012bbu.<\/li>\n<li><strong>Izm\u0113ri:<\/strong>\n<ul>\n<li><strong>Liels maks:<\/strong> Platums: 80 mm, augstums: 75 mm, aizv\u0113rt\u0101 st\u0101vokl\u012b<\/li>\n<li><strong>Mazs maci\u0146\u0161:<\/strong> Platums: 70 mm, augstums: 75 mm, kad aizv\u0113rts<\/li>\n<\/ul>\n<\/li>\n<li><strong>Kr\u0101su opcijas:<\/strong> Pieejams meln\u0101, tum\u0161i dzelten\u0101, tum\u0161i dzelten\u0101, tum\u0161i dzelten\u0101, zili za\u013c\u0101, meln\u0101, tum\u0161i zil\u0101, Cognac, silt\u0101 Cognac, tum\u0161i dzelten\u0101, zili za\u013c\u0101 kr\u0101s\u0101.<\/li>\n<li><strong>Pogas opcijas:<\/strong> Izv\u0113lieties starp cinkota dzelzs vai cinkota misi\u0146a pogu<\/li>\n<li><strong>Dro\u0161\u012bbas funkcija:<\/strong> Ietver bezmaksas <a href=\"https:\/\/fredfloris.eu\/lv\/productpage\/nfc-card-rfid-blocking\/?wmc-currency=EUR\" rel=\"noopener\">pretapledo\u0161anas karte<\/a><\/li>\n<\/ul>\n<p>&nbsp;<\/p>\n<p>Mekl\u0113\u0161anas v\u0101rdi: Slim \u0101das kred\u012btkar\u0161u maks, Slim \u0101das maks, Slim \u0101das maks<\/p>","protected":false},"excerpt":{"rendered":"<p>Izgatavots no augu miec\u0113tas pilngraudu \u0101das, t\u0101 ir izgriezta no \u0101das, saloc\u012bta un sa\u0161\u016bta kop\u0101 ar augstas kvalit\u0101tes vaskotiem poliestera diegiem, izmantojot tradicion\u0101lo seglinieku roku \u0161\u016b\u0161anas tehniku. \u0160\u012b \u0161\u016b\u0161anas metode nodro\u0161ina maka iztur\u012bbu, jo \u012bpa\u0161i pie liel\u0101m slodz\u0113m un slodzes. Dekorat\u012bv\u0101s l\u012bnijas, kas ir pievienotas makam, ir izgatavotas ar karst\u0101s brekinga iek\u0101rtas pal\u012bdz\u012bbu zem kar\u0161u atver\u0113m. Malas ir noapa\u013cotas, sl\u012bp\u0113tas un p\u0113c tam kr\u0101sotas ar rok\u0101m, izmantojot vair\u0101kas malu kr\u0101sas k\u0101rtas. Malas kr\u0101so\u0161ana tiek veikta \u013coti prec\u012bzi, lai nodro\u0161in\u0101tu \u0101das \u0161\u0137iedras saglab\u0101\u0161anu.<\/p>\n<pre><\/pre>\n<p>\u0100du ar anil\u012bna apdari pieg\u0101d\u0101 Mapel &amp; C, bet vilnas\/vaskoto \u0101du pieg\u0101d\u0101 Badalassi Carlo. Abas miec\u0113tavas \u0101das miec\u0113\u0161anai izmanto seno Tosk\u0101nas Vacchetta recepti, un abas ir da\u013ca no respektabl\u0101m organiz\u0101cij\u0101m - attiec\u012bgi Tosk\u0101nas miec\u0113\u0161anas apgabala uz\u0146\u0113mumiem un Pelle Conciata al Vegetale konsorcija.<\/p>","protected":false},"featured_media":3277,"template":"","meta":[],"pwb-brand":[203],"product_brand":[],"product_cat":[100,104],"product_tag":[123,136,105],"woo-feed-brand":[],"class_list":{"0":"post-5169","1":"product","2":"type-product","3":"status-publish","4":"has-post-thumbnail","6":"pwb-brand-fredfloris","7":"product_cat-leathergoods","8":"product_cat-wallets","9":"product_tag-full-grain-leather","10":"product_tag-handmade","11":"product_tag-made-to-order","12":"product_shipping_class-small-goods","13":"pa_leather-colour-black-mapelec-thin","14":"pa_leather-colour-petrol-waxed","15":"pa_leather-colour-cognac","16":"pa_leather-colour-dark-cognac-waxed","17":"pa_leather-colour-mustard-waxed","18":"pa_leather-colour-navy","19":"pa_leather-colour-warm-cognac","21":"first","22":"instock","23":"taxable","24":"shipping-taxable","25":"purchasable","26":"product-type-variable","27":"has-default-attributes"},"yoast_head":"<!-- This site is optimized with the Yoast SEO plugin v27.2 - https:\/\/yoast.com\/product\/yoast-seo-wordpress\/ -->\n<title>Slim Leather Credit Card Wallet | Free Anti-Skimming Card | FredFloris<\/title>\n<meta name=\"description\" content=\"Slim leather credit card wallet made in Sweden. Free anti-skimming card that blocks RFID signals is included with e very leather wallet\" \/>\n<meta name=\"robots\" content=\"index, follow, max-snippet:-1, max-image-preview:large, max-video-preview:-1\" \/>\n<link rel=\"canonical\" href=\"https:\/\/fredfloris.eu\/lv\/productpage\/slim-pocket-card-wallets\/?wmc-currency=EUR\" \/>\n<meta property=\"og:locale\" content=\"lv_LV\" \/>\n<meta property=\"og:type\" content=\"article\" \/>\n<meta property=\"og:title\" content=\"Slim Leather Credit Card Wallet | Free Anti-Skimming Card | FredFloris\" \/>\n<meta property=\"og:description\" content=\"Slim leather credit card wallet made in Sweden. Free anti-skimming card that blocks RFID signals is included with e very leather wallet\" \/>\n<meta property=\"og:url\" content=\"https:\/\/fredfloris.eu\/lv\/productpage\/slim-pocket-card-wallets\/?wmc-currency=EUR\" \/>\n<meta property=\"og:site_name\" content=\"FredFloris\" \/>\n<meta property=\"article:publisher\" content=\"https:\/\/www.facebook.com\/FredFloris.Artisan.Studio\/\" \/>\n<meta property=\"article:modified_time\" content=\"2025-02-22T13:44:39+00:00\" \/>\n<meta property=\"og:image\" content=\"https:\/\/fredfloris.eu\/wp-content\/uploads\/2022\/04\/IMG_1928-scaled.jpg\" \/>\n\t<meta property=\"og:image:width\" content=\"2560\" \/>\n\t<meta property=\"og:image:height\" content=\"1679\" \/>\n\t<meta property=\"og:image:type\" content=\"image\/jpeg\" \/>\n<meta name=\"twitter:card\" content=\"summary_large_image\" \/>\n<meta name=\"twitter:site\" content=\"@_fredfloris_\" \/>\n<meta name=\"twitter:label1\" content=\"Est. reading time\" \/>\n\t<meta name=\"twitter:data1\" content=\"2 min\u016btes\" \/>\n<script type=\"application\/ld+json\" class=\"yoast-schema-graph\">{\"@context\":\"https:\/\/schema.org\",\"@graph\":[{\"@type\":\"WebPage\",\"@id\":\"https:\/\/fredfloris.eu\/productpage\/slim-pocket-card-wallets\/\",\"url\":\"https:\/\/fredfloris.eu\/productpage\/slim-pocket-card-wallets\/\",\"name\":\"Slim Leather Credit Card Wallet | Free Anti-Skimming Card | FredFloris\",\"isPartOf\":{\"@id\":\"https:\/\/fredfloris.eu\/#website\"},\"primaryImageOfPage\":{\"@id\":\"https:\/\/fredfloris.eu\/productpage\/slim-pocket-card-wallets\/#primaryimage\"},\"image\":{\"@id\":\"https:\/\/fredfloris.eu\/productpage\/slim-pocket-card-wallets\/#primaryimage\"},\"thumbnailUrl\":\"https:\/\/fredfloris.eu\/wp-content\/uploads\/2022\/04\/IMG_1928-scaled-e1740231568996.jpg\",\"datePublished\":\"2022-05-16T17:01:56+00:00\",\"dateModified\":\"2025-02-22T13:44:39+00:00\",\"description\":\"Slim leather credit card wallet made in Sweden. Free anti-skimming card that blocks RFID signals is included with e very leather wallet\",\"breadcrumb\":{\"@id\":\"https:\/\/fredfloris.eu\/productpage\/slim-pocket-card-wallets\/#breadcrumb\"},\"inLanguage\":\"lv-LV\",\"potentialAction\":[{\"@type\":\"ReadAction\",\"target\":[\"https:\/\/fredfloris.eu\/productpage\/slim-pocket-card-wallets\/\"]}]},{\"@type\":\"ImageObject\",\"inLanguage\":\"lv-LV\",\"@id\":\"https:\/\/fredfloris.eu\/productpage\/slim-pocket-card-wallets\/#primaryimage\",\"url\":\"https:\/\/fredfloris.eu\/wp-content\/uploads\/2022\/04\/IMG_1928-scaled-e1740231568996.jpg\",\"contentUrl\":\"https:\/\/fredfloris.eu\/wp-content\/uploads\/2022\/04\/IMG_1928-scaled-e1740231568996.jpg\",\"width\":2517,\"height\":1679,\"caption\":\"Product: Pocket Card Wallets \u2013 from left to right, Navy Blue, Dark Cognac, Cognac, Dark Yellow, Blue-Green and Black\"},{\"@type\":\"BreadcrumbList\",\"@id\":\"https:\/\/fredfloris.eu\/productpage\/slim-pocket-card-wallets\/#breadcrumb\",\"itemListElement\":[{\"@type\":\"ListItem\",\"position\":1,\"name\":\"Home\",\"item\":\"https:\/\/fredfloris.eu\/\"},{\"@type\":\"ListItem\",\"position\":2,\"name\":\"Shop\",\"item\":\"https:\/\/fredfloris.eu\/shop\/\"},{\"@type\":\"ListItem\",\"position\":3,\"name\":\"Slim Card Wallets\"}]},{\"@type\":\"WebSite\",\"@id\":\"https:\/\/fredfloris.eu\/#website\",\"url\":\"https:\/\/fredfloris.eu\/\",\"name\":\"FredFloris\",\"description\":\"Handcrafted Leathergoods - Made in Sweden\",\"publisher\":{\"@id\":\"https:\/\/fredfloris.eu\/#organization\"},\"potentialAction\":[{\"@type\":\"SearchAction\",\"target\":{\"@type\":\"EntryPoint\",\"urlTemplate\":\"https:\/\/fredfloris.eu\/?s={search_term_string}\"},\"query-input\":{\"@type\":\"PropertyValueSpecification\",\"valueRequired\":true,\"valueName\":\"search_term_string\"}}],\"inLanguage\":\"lv-LV\"},{\"@type\":\"Organization\",\"@id\":\"https:\/\/fredfloris.eu\/#organization\",\"name\":\"FredFloris\",\"url\":\"https:\/\/fredfloris.eu\/\",\"logo\":{\"@type\":\"ImageObject\",\"inLanguage\":\"lv-LV\",\"@id\":\"https:\/\/fredfloris.eu\/#\/schema\/logo\/image\/\",\"url\":\"https:\/\/fredfloris.eu\/wp-content\/uploads\/2022\/03\/FredFloris-med-hel-nal-och-text.png\",\"contentUrl\":\"https:\/\/fredfloris.eu\/wp-content\/uploads\/2022\/03\/FredFloris-med-hel-nal-och-text.png\",\"width\":591,\"height\":283,\"caption\":\"FredFloris\"},\"image\":{\"@id\":\"https:\/\/fredfloris.eu\/#\/schema\/logo\/image\/\"},\"sameAs\":[\"https:\/\/www.facebook.com\/FredFloris.Artisan.Studio\/\",\"https:\/\/x.com\/_fredfloris_\",\"https:\/\/www.instagram.com\/fredfloris.artisan.studio\/\"]}]}<\/script>\n<!-- \/ Yoast SEO plugin. -->","yoast_head_json":{"title":"Pl\u0101ns \u0101das kred\u012btkar\u0161u maksts | Bezmaksas karte pret kr\u0101p\u0161anu | FredFloris","description":"Zviedrij\u0101 ra\u017eots pl\u0101ns \u0101das kred\u012btkar\u0161u maks. \u0100das makam ir pievienota bezmaksas pretapskalo\u0161anas karte, kas blo\u0137\u0113 RFID sign\u0101lus.","robots":{"index":"index","follow":"follow","max-snippet":"max-snippet:-1","max-image-preview":"max-image-preview:large","max-video-preview":"max-video-preview:-1"},"canonical":"https:\/\/fredfloris.eu\/lv\/productpage\/slim-pocket-card-wallets\/?wmc-currency=EUR","og_locale":"lv_LV","og_type":"article","og_title":"Slim Leather Credit Card Wallet | Free Anti-Skimming Card | FredFloris","og_description":"Slim leather credit card wallet made in Sweden. Free anti-skimming card that blocks RFID signals is included with e very leather wallet","og_url":"https:\/\/fredfloris.eu\/lv\/productpage\/slim-pocket-card-wallets\/?wmc-currency=EUR","og_site_name":"FredFloris","article_publisher":"https:\/\/www.facebook.com\/FredFloris.Artisan.Studio\/","article_modified_time":"2025-02-22T13:44:39+00:00","og_image":[{"width":2560,"height":1679,"url":"https:\/\/fredfloris.eu\/wp-content\/uploads\/2022\/04\/IMG_1928-scaled.jpg","type":"image\/jpeg"}],"twitter_card":"summary_large_image","twitter_site":"@_fredfloris_","twitter_misc":{"Est. reading time":"2 min\u016btes"},"schema":{"@context":"https:\/\/schema.org","@graph":[{"@type":"WebPage","@id":"https:\/\/fredfloris.eu\/productpage\/slim-pocket-card-wallets\/","url":"https:\/\/fredfloris.eu\/productpage\/slim-pocket-card-wallets\/","name":"Pl\u0101ns \u0101das kred\u012btkar\u0161u maksts | Bezmaksas karte pret kr\u0101p\u0161anu | FredFloris","isPartOf":{"@id":"https:\/\/fredfloris.eu\/#website"},"primaryImageOfPage":{"@id":"https:\/\/fredfloris.eu\/productpage\/slim-pocket-card-wallets\/#primaryimage"},"image":{"@id":"https:\/\/fredfloris.eu\/productpage\/slim-pocket-card-wallets\/#primaryimage"},"thumbnailUrl":"https:\/\/fredfloris.eu\/wp-content\/uploads\/2022\/04\/IMG_1928-scaled-e1740231568996.jpg","datePublished":"2022-05-16T17:01:56+00:00","dateModified":"2025-02-22T13:44:39+00:00","description":"Zviedrij\u0101 ra\u017eots pl\u0101ns \u0101das kred\u012btkar\u0161u maks. \u0100das makam ir pievienota bezmaksas pretapskalo\u0161anas karte, kas blo\u0137\u0113 RFID sign\u0101lus.","breadcrumb":{"@id":"https:\/\/fredfloris.eu\/productpage\/slim-pocket-card-wallets\/#breadcrumb"},"inLanguage":"lv-LV","potentialAction":[{"@type":"ReadAction","target":["https:\/\/fredfloris.eu\/productpage\/slim-pocket-card-wallets\/"]}]},{"@type":"ImageObject","inLanguage":"lv-LV","@id":"https:\/\/fredfloris.eu\/productpage\/slim-pocket-card-wallets\/#primaryimage","url":"https:\/\/fredfloris.eu\/wp-content\/uploads\/2022\/04\/IMG_1928-scaled-e1740231568996.jpg","contentUrl":"https:\/\/fredfloris.eu\/wp-content\/uploads\/2022\/04\/IMG_1928-scaled-e1740231568996.jpg","width":2517,"height":1679,"caption":"Product: Pocket Card Wallets \u2013 from left to right, Navy Blue, Dark Cognac, Cognac, Dark Yellow, Blue-Green and Black"},{"@type":"BreadcrumbList","@id":"https:\/\/fredfloris.eu\/productpage\/slim-pocket-card-wallets\/#breadcrumb","itemListElement":[{"@type":"ListItem","position":1,"name":"Home","item":"https:\/\/fredfloris.eu\/"},{"@type":"ListItem","position":2,"name":"Shop","item":"https:\/\/fredfloris.eu\/shop\/"},{"@type":"ListItem","position":3,"name":"Slim Card Wallets"}]},{"@type":"WebSite","@id":"https:\/\/fredfloris.eu\/#website","url":"https:\/\/fredfloris.eu\/","name":"FredFloris","description":"Ar rok\u0101m darin\u0101ti \u0101das izstr\u0101d\u0101jumi - Ra\u017eots Zviedrij\u0101","publisher":{"@id":"https:\/\/fredfloris.eu\/#organization"},"potentialAction":[{"@type":"SearchAction","target":{"@type":"EntryPoint","urlTemplate":"https:\/\/fredfloris.eu\/?s={search_term_string}"},"query-input":{"@type":"PropertyValueSpecification","valueRequired":true,"valueName":"search_term_string"}}],"inLanguage":"lv-LV"},{"@type":"Organization","@id":"https:\/\/fredfloris.eu\/#organization","name":"FredFloris","url":"https:\/\/fredfloris.eu\/","logo":{"@type":"ImageObject","inLanguage":"lv-LV","@id":"https:\/\/fredfloris.eu\/#\/schema\/logo\/image\/","url":"https:\/\/fredfloris.eu\/wp-content\/uploads\/2022\/03\/FredFloris-med-hel-nal-och-text.png","contentUrl":"https:\/\/fredfloris.eu\/wp-content\/uploads\/2022\/03\/FredFloris-med-hel-nal-och-text.png","width":591,"height":283,"caption":"FredFloris"},"image":{"@id":"https:\/\/fredfloris.eu\/#\/schema\/logo\/image\/"},"sameAs":["https:\/\/www.facebook.com\/FredFloris.Artisan.Studio\/","https:\/\/x.com\/_fredfloris_","https:\/\/www.instagram.com\/fredfloris.artisan.studio\/"]}]}},"brands":[{"id":203,"name":"FredFloris","slug":"fredfloris"}],"_links":{"self":[{"href":"https:\/\/fredfloris.eu\/lv\/wp-json\/wp\/v2\/product\/5169","targetHints":{"allow":["GET"]}}],"collection":[{"href":"https:\/\/fredfloris.eu\/lv\/wp-json\/wp\/v2\/product"}],"about":[{"href":"https:\/\/fredfloris.eu\/lv\/wp-json\/wp\/v2\/types\/product"}],"version-history":[{"count":22,"href":"https:\/\/fredfloris.eu\/lv\/wp-json\/wp\/v2\/product\/5169\/revisions"}],"predecessor-version":[{"id":11601,"href":"https:\/\/fredfloris.eu\/lv\/wp-json\/wp\/v2\/product\/5169\/revisions\/11601"}],"wp:featuredmedia":[{"embeddable":true,"href":"https:\/\/fredfloris.eu\/lv\/wp-json\/wp\/v2\/media\/3277"}],"wp:attachment":[{"href":"https:\/\/fredfloris.eu\/lv\/wp-json\/wp\/v2\/media?parent=5169"}],"wp:term":[{"taxonomy":"pwb-brand","embeddable":true,"href":"https:\/\/fredfloris.eu\/lv\/wp-json\/wp\/v2\/pwb-brand?post=5169"},{"taxonomy":"product_brand","embeddable":true,"href":"https:\/\/fredfloris.eu\/lv\/wp-json\/wp\/v2\/product_brand?post=5169"},{"taxonomy":"product_cat","embeddable":true,"href":"https:\/\/fredfloris.eu\/lv\/wp-json\/wp\/v2\/product_cat?post=5169"},{"taxonomy":"product_tag","embeddable":true,"href":"https:\/\/fredfloris.eu\/lv\/wp-json\/wp\/v2\/product_tag?post=5169"},{"taxonomy":"woo-feed-brand","embeddable":true,"href":"https:\/\/fredfloris.eu\/lv\/wp-json\/wp\/v2\/woo-feed-brand?post=5169"}],"curies":[{"name":"wp","href":"https:\/\/api.w.org\/{rel}","templated":true}]}}