{"id":5195,"date":"2022-05-16T19:43:41","date_gmt":"2022-05-16T17:43:41","guid":{"rendered":"https:\/\/fredfloris.eu\/?post_type=product&#038;p=5195"},"modified":"2024-06-24T21:05:35","modified_gmt":"2024-06-24T19:05:35","slug":"hl-travel-tags","status":"publish","type":"product","link":"https:\/\/fredfloris.eu\/lv\/productpage\/hl-travel-tags\/","title":{"rendered":"Haningeleden - Ce\u013cojuma birkas som\u0101m"},"content":{"rendered":"<p><strong>Personaliz\u0113\u0161ana:<\/strong> Pievienojiet v\u0101rdu, att\u0113lu vai zi\u0146u bez papildu maksas. Lai piel\u0101gotu savu dizainu, vienk\u0101r\u0161i pievienojiet grozam gan produktu, gan izv\u0113l\u0113to dizainu.<\/p>\n<p><a class=\"lumise-customize-button button alt\" href=\"https:\/\/fredfloris.eu\/lv\/productpage\/customize-travel-tags\/?wmc-currency=EUR\" name=\"customize\">Piel\u0101gojiet<\/a><\/p>\n<p><strong>\u012apa\u0161ais pied\u0101v\u0101jums:<\/strong> Personaliz\u0113ts <a href=\"https:\/\/fredfloris.eu\/lv\/productpage\/address-notes\/?wmc-currency=EUR\">Adreses eti\u0137ete<\/a> ir iek\u013cauts katr\u0101 ce\u013cojuma birkas ieg\u0101d\u0113. Adre\u0161u piez\u012bmes ir uzskait\u012btas atsevi\u0161\u0137i, lai j\u016bs var\u0113tu pas\u016bt\u012bt jaunu piez\u012bmi, ja p\u0101rce\u013caties vai v\u0113laties nodeva \u017eetonu t\u0101l\u0101k. <a href=\"https:\/\/fredfloris.eu\/lv\/productpage\/address-notes\/?wmc-currency=EUR\">Noklik\u0161\u0137iniet \u0161eit <\/a>un pievienojiet to savam grozam. Ieg\u0101d\u0101joties kop\u0101, cena groz\u0101 tiks autom\u0101tiski piel\u0101gota.<\/p>\n<p>-<\/p>\n<p><strong>Ce\u013cojiet ar p\u0101rliec\u012bbu:<\/strong> Iziet cauri termin\u0101lim ar savu v\u0101rdu, adresi un kontaktinform\u0101ciju, kas redzama uz \u0161\u012bs stil\u012bg\u0101s ce\u013cojuma birkas. \u0160\u012b modernam ce\u013cot\u0101jam paredz\u0113t\u0101 birka simboliz\u0113 aizraut\u012bbu un praktiskumu - uzticams sabiedrotais visos ce\u013cojumos.<\/p>\n<p><strong>Produkta specifik\u0101cijas:<\/strong><\/p>\n<ul>\n<li><strong>Izgatavots tikai ar rok\u0101m m\u016bsu \u0123imenes \u012bpa\u0161um\u0101 eso\u0161aj\u0101 \u0101das m\u0101kslas studij\u0101<\/strong><\/li>\n<li><strong>Bag\u0101t\u012bgi kr\u0101su varianti:<\/strong> Izv\u0113lieties melnu, tum\u0161i zilu, tum\u0161i dzeltenu, tum\u0161i dzeltenu un zili za\u013cu, siltu Cognac, siltu Cognac, tum\u0161i dzeltenu un zili za\u013cu. Katra kr\u0101sa ir pies\u0101tin\u0101ta un izteiksm\u012bga, t\u0101p\u0113c j\u016bsu bag\u0101\u017eu b\u016bs viegli paman\u012bt ierodoties.<\/li>\n<li><strong>Dro\u0161a piestiprin\u0101\u0161ana:<\/strong> Izstr\u0101d\u0101ts detaliz\u0113ts met\u0101la zieds un vied\u0101 Concho skr\u016bv\u0113jam\u0101 sl\u0113dzene ar savstarp\u0113ji savienot\u0101m \u0101das cilp\u0101m, kas nodro\u0161ina, ka birka ir dro\u0161i piestiprin\u0101ta pie somas visu ce\u013cojumu laik\u0101, ta\u010du vajadz\u012bbas gad\u012bjum\u0101 to var viegli no\u0146emt.<\/li>\n<li><strong>Materi\u0101ls:<\/strong> Pilngraudaina \u0101da, miec\u0113ta It\u0101lij\u0101 p\u0113c sen\u0101s Tosk\u0101nas Vacchetta receptes.<\/li>\n<li><strong>\u0160\u016b\u0161ana<\/strong>: Tradicion\u0101lais seglinieku \u0161uvums, \u0161\u016bts ar rok\u0101m.<\/li>\n<li><strong>Aparat\u016bra:<\/strong> Hrom\u0113ta misi\u0146a poga (sudraba kr\u0101s\u0101) un Smart Concho skr\u016bvju sl\u0113dzene<\/li>\n<li><strong>Diegi:<\/strong> Tiger Ritza 25 lieliskai iztur\u012bbai<\/li>\n<\/ul>\n<p>&nbsp;<\/p>\n<p>Neatkar\u012bgi no t\u0101, vai ce\u013cojat dar\u012bjumu vai izklaides nol\u016bk\u0101, pa j\u016bru vai ar lidma\u0161\u012bnu, varat b\u016bt dro\u0161i, ka j\u016bsu bag\u0101\u017ea ir dro\u0161i un stil\u012bgi mar\u0137\u0113ta un gatava atgriezties, ja t\u0101 k\u0101dreiz tiks pazaud\u0113ta.<\/p>\n<p>&nbsp;<\/p>\n<p>Mekl\u0113\u0161anas v\u0101rdi: personaliz\u0113ta \u0101das bag\u0101\u017eas birka, \u0101das bag\u0101\u017eas birka<\/p>","protected":false},"excerpt":{"rendered":"<p>M\u016bsu darbn\u012bc\u0101 ar rok\u0101m darin\u0101t\u0101 ce\u013cojuma birka ir izgatavota no augu miec\u0113tas pilngraudu \u0101das, kas ieg\u016bta no bu\u013c\u013ca pleciem. Ce\u013cojumu birkas izgatavo\u0161anai paredz\u0113t\u0101s deta\u013cas tiek izgrieztas no \u0101das, un to malas tiek noapa\u013cotas, sl\u012bp\u0113tas un p\u0113c tam kr\u0101sotas ar rok\u0101m ar lielu precizit\u0101ti, lai nodro\u0161in\u0101tu \u0101das \u0161\u0137iedras saglab\u0101\u0161anu. \u0100d\u0101 tiek iespiesta d\u016briena l\u012bnija, un abas da\u013cas tiek sa\u0161\u016btas kop\u0101, izmantojot vissmalk\u0101kos vaskotus poliestera diegus, izmantojot tradicion\u0101lo seglinieku roku d\u016brienu tehniku. \u0160\u0101da \u0161\u016b\u0161anas metode nodro\u0161ina izstr\u0101d\u0101juma iztur\u012bbu, jo \u012bpa\u0161i pie liel\u0101m slodz\u0113m un sasprindzin\u0101jumiem.<\/p>\n<pre><\/pre>\n<p>\u0100du ar anil\u012bna apdari pieg\u0101d\u0101 Mapel &amp; C, bet vilnas\/vaskoto \u0101du pieg\u0101d\u0101 Badalassi Carlo. Abas miec\u0113tavas \u0101das miec\u0113\u0161anai izmanto seno Tosk\u0101nas Vacchetta recepti, un abas ir da\u013ca no respektabl\u0101m organiz\u0101cij\u0101m - attiec\u012bgi Tosk\u0101nas miec\u0113\u0161anas apgabala uz\u0146\u0113mumiem un Pelle Conciata al Vegetale konsorcija.<\/p>","protected":false},"featured_media":3378,"template":"","meta":[],"pwb-brand":[203],"product_brand":[],"product_cat":[100,103],"product_tag":[156,123,136,146,105],"woo-feed-brand":[],"class_list":{"0":"post-5195","1":"product","2":"type-product","3":"status-publish","4":"has-post-thumbnail","6":"pwb-brand-fredfloris","7":"product_cat-leathergoods","8":"product_cat-travel-tags","9":"product_tag-concho-screw","10":"product_tag-full-grain-leather","11":"product_tag-handmade","12":"product_tag-laser-engraving","13":"product_tag-made-to-order","14":"product_shipping_class-small-goods","15":"pa_leather-colour-black-mapelec-thin","16":"pa_leather-colour-petrol-waxed","17":"pa_leather-colour-cognac","18":"pa_leather-colour-dark-cognac-waxed","19":"pa_leather-colour-mustard-waxed","20":"pa_leather-colour-navy","21":"pa_leather-colour-warm-cognac","23":"first","24":"instock","25":"taxable","26":"shipping-taxable","27":"purchasable","28":"product-type-variable","29":"has-default-attributes"},"yoast_head":"<!-- This site is optimized with the Yoast SEO plugin v27.2 - https:\/\/yoast.com\/product\/yoast-seo-wordpress\/ -->\n<title>Handmade Personalised Leather Luggage Tags | FredFloris<\/title>\n<meta name=\"description\" content=\"Personalised leather luggage tag, handmade from Italian leather. The leather luggage tag is the perfect gift for anyone who loves to travel.\" \/>\n<meta name=\"robots\" content=\"index, follow, max-snippet:-1, max-image-preview:large, max-video-preview:-1\" \/>\n<link rel=\"canonical\" href=\"https:\/\/fredfloris.eu\/lv\/productpage\/hl-travel-tags\/?wmc-currency=EUR\" \/>\n<meta property=\"og:locale\" content=\"lv_LV\" \/>\n<meta property=\"og:type\" content=\"article\" \/>\n<meta property=\"og:title\" content=\"Handmade Personalised Leather Luggage Tags | FredFloris\" \/>\n<meta property=\"og:description\" content=\"Personalised leather luggage tag, handmade from Italian leather. The leather luggage tag is the perfect gift for anyone who loves to travel.\" \/>\n<meta property=\"og:url\" content=\"https:\/\/fredfloris.eu\/lv\/productpage\/hl-travel-tags\/?wmc-currency=EUR\" \/>\n<meta property=\"og:site_name\" content=\"FredFloris\" \/>\n<meta property=\"article:publisher\" content=\"https:\/\/www.facebook.com\/FredFloris.Artisan.Studio\/\" \/>\n<meta property=\"article:modified_time\" content=\"2024-06-24T19:05:35+00:00\" \/>\n<meta property=\"og:image\" content=\"https:\/\/fredfloris.eu\/wp-content\/uploads\/2022\/04\/IMG_1647-scaled.jpg\" \/>\n\t<meta property=\"og:image:width\" content=\"2560\" \/>\n\t<meta property=\"og:image:height\" content=\"1707\" \/>\n\t<meta property=\"og:image:type\" content=\"image\/jpeg\" \/>\n<meta name=\"twitter:card\" content=\"summary_large_image\" \/>\n<meta name=\"twitter:site\" content=\"@_fredfloris_\" \/>\n<meta name=\"twitter:label1\" content=\"Est. reading time\" \/>\n\t<meta name=\"twitter:data1\" content=\"2 min\u016btes\" \/>\n<script type=\"application\/ld+json\" class=\"yoast-schema-graph\">{\"@context\":\"https:\/\/schema.org\",\"@graph\":[{\"@type\":\"WebPage\",\"@id\":\"https:\/\/fredfloris.eu\/productpage\/hl-travel-tags\/\",\"url\":\"https:\/\/fredfloris.eu\/productpage\/hl-travel-tags\/\",\"name\":\"Handmade Personalised Leather Luggage Tags | FredFloris\",\"isPartOf\":{\"@id\":\"https:\/\/fredfloris.eu\/#website\"},\"primaryImageOfPage\":{\"@id\":\"https:\/\/fredfloris.eu\/productpage\/hl-travel-tags\/#primaryimage\"},\"image\":{\"@id\":\"https:\/\/fredfloris.eu\/productpage\/hl-travel-tags\/#primaryimage\"},\"thumbnailUrl\":\"https:\/\/fredfloris.eu\/wp-content\/uploads\/2022\/04\/IMG_1647-scaled.jpg\",\"datePublished\":\"2022-05-16T17:43:41+00:00\",\"dateModified\":\"2024-06-24T19:05:35+00:00\",\"description\":\"Personalised leather luggage tag, handmade from Italian leather. The leather luggage tag is the perfect gift for anyone who loves to travel.\",\"breadcrumb\":{\"@id\":\"https:\/\/fredfloris.eu\/productpage\/hl-travel-tags\/#breadcrumb\"},\"inLanguage\":\"lv-LV\",\"potentialAction\":[{\"@type\":\"ReadAction\",\"target\":[\"https:\/\/fredfloris.eu\/productpage\/hl-travel-tags\/\"]}]},{\"@type\":\"ImageObject\",\"inLanguage\":\"lv-LV\",\"@id\":\"https:\/\/fredfloris.eu\/productpage\/hl-travel-tags\/#primaryimage\",\"url\":\"https:\/\/fredfloris.eu\/wp-content\/uploads\/2022\/04\/IMG_1647-scaled.jpg\",\"contentUrl\":\"https:\/\/fredfloris.eu\/wp-content\/uploads\/2022\/04\/IMG_1647-scaled.jpg\",\"width\":2560,\"height\":1707,\"caption\":\"Product: Haningeleden - Travel Tags for Bags, Whole Selection of Available Colours\"},{\"@type\":\"BreadcrumbList\",\"@id\":\"https:\/\/fredfloris.eu\/productpage\/hl-travel-tags\/#breadcrumb\",\"itemListElement\":[{\"@type\":\"ListItem\",\"position\":1,\"name\":\"Home\",\"item\":\"https:\/\/fredfloris.eu\/\"},{\"@type\":\"ListItem\",\"position\":2,\"name\":\"Shop\",\"item\":\"https:\/\/fredfloris.eu\/shop\/\"},{\"@type\":\"ListItem\",\"position\":3,\"name\":\"Haningeleden &#8211; Travel Tags for Bags\"}]},{\"@type\":\"WebSite\",\"@id\":\"https:\/\/fredfloris.eu\/#website\",\"url\":\"https:\/\/fredfloris.eu\/\",\"name\":\"FredFloris\",\"description\":\"Handcrafted Leathergoods - Made in Sweden\",\"publisher\":{\"@id\":\"https:\/\/fredfloris.eu\/#organization\"},\"potentialAction\":[{\"@type\":\"SearchAction\",\"target\":{\"@type\":\"EntryPoint\",\"urlTemplate\":\"https:\/\/fredfloris.eu\/?s={search_term_string}\"},\"query-input\":{\"@type\":\"PropertyValueSpecification\",\"valueRequired\":true,\"valueName\":\"search_term_string\"}}],\"inLanguage\":\"lv-LV\"},{\"@type\":\"Organization\",\"@id\":\"https:\/\/fredfloris.eu\/#organization\",\"name\":\"FredFloris\",\"url\":\"https:\/\/fredfloris.eu\/\",\"logo\":{\"@type\":\"ImageObject\",\"inLanguage\":\"lv-LV\",\"@id\":\"https:\/\/fredfloris.eu\/#\/schema\/logo\/image\/\",\"url\":\"https:\/\/fredfloris.eu\/wp-content\/uploads\/2022\/03\/FredFloris-med-hel-nal-och-text.png\",\"contentUrl\":\"https:\/\/fredfloris.eu\/wp-content\/uploads\/2022\/03\/FredFloris-med-hel-nal-och-text.png\",\"width\":591,\"height\":283,\"caption\":\"FredFloris\"},\"image\":{\"@id\":\"https:\/\/fredfloris.eu\/#\/schema\/logo\/image\/\"},\"sameAs\":[\"https:\/\/www.facebook.com\/FredFloris.Artisan.Studio\/\",\"https:\/\/x.com\/_fredfloris_\",\"https:\/\/www.instagram.com\/fredfloris.artisan.studio\/\"]}]}<\/script>\n<!-- \/ Yoast SEO plugin. -->","yoast_head_json":{"title":"Ar rok\u0101m darin\u0101tas personaliz\u0113tas \u0101das bag\u0101\u017eas birkas | FredFloris","description":"Personaliz\u0113ta \u0101das bag\u0101\u017eas birka, ar rok\u0101m darin\u0101ta no it\u0101\u013cu \u0101das. \u0100das bag\u0101\u017eas birka ir lieliska d\u0101vana ikvienam, kam pat\u012bk ce\u013cot.","robots":{"index":"index","follow":"follow","max-snippet":"max-snippet:-1","max-image-preview":"max-image-preview:large","max-video-preview":"max-video-preview:-1"},"canonical":"https:\/\/fredfloris.eu\/lv\/productpage\/hl-travel-tags\/?wmc-currency=EUR","og_locale":"lv_LV","og_type":"article","og_title":"Handmade Personalised Leather Luggage Tags | FredFloris","og_description":"Personalised leather luggage tag, handmade from Italian leather. The leather luggage tag is the perfect gift for anyone who loves to travel.","og_url":"https:\/\/fredfloris.eu\/lv\/productpage\/hl-travel-tags\/?wmc-currency=EUR","og_site_name":"FredFloris","article_publisher":"https:\/\/www.facebook.com\/FredFloris.Artisan.Studio\/","article_modified_time":"2024-06-24T19:05:35+00:00","og_image":[{"width":2560,"height":1707,"url":"https:\/\/fredfloris.eu\/wp-content\/uploads\/2022\/04\/IMG_1647-scaled.jpg","type":"image\/jpeg"}],"twitter_card":"summary_large_image","twitter_site":"@_fredfloris_","twitter_misc":{"Est. reading time":"2 min\u016btes"},"schema":{"@context":"https:\/\/schema.org","@graph":[{"@type":"WebPage","@id":"https:\/\/fredfloris.eu\/productpage\/hl-travel-tags\/","url":"https:\/\/fredfloris.eu\/productpage\/hl-travel-tags\/","name":"Ar rok\u0101m darin\u0101tas personaliz\u0113tas \u0101das bag\u0101\u017eas birkas | FredFloris","isPartOf":{"@id":"https:\/\/fredfloris.eu\/#website"},"primaryImageOfPage":{"@id":"https:\/\/fredfloris.eu\/productpage\/hl-travel-tags\/#primaryimage"},"image":{"@id":"https:\/\/fredfloris.eu\/productpage\/hl-travel-tags\/#primaryimage"},"thumbnailUrl":"https:\/\/fredfloris.eu\/wp-content\/uploads\/2022\/04\/IMG_1647-scaled.jpg","datePublished":"2022-05-16T17:43:41+00:00","dateModified":"2024-06-24T19:05:35+00:00","description":"Personaliz\u0113ta \u0101das bag\u0101\u017eas birka, ar rok\u0101m darin\u0101ta no it\u0101\u013cu \u0101das. \u0100das bag\u0101\u017eas birka ir lieliska d\u0101vana ikvienam, kam pat\u012bk ce\u013cot.","breadcrumb":{"@id":"https:\/\/fredfloris.eu\/productpage\/hl-travel-tags\/#breadcrumb"},"inLanguage":"lv-LV","potentialAction":[{"@type":"ReadAction","target":["https:\/\/fredfloris.eu\/productpage\/hl-travel-tags\/"]}]},{"@type":"ImageObject","inLanguage":"lv-LV","@id":"https:\/\/fredfloris.eu\/productpage\/hl-travel-tags\/#primaryimage","url":"https:\/\/fredfloris.eu\/wp-content\/uploads\/2022\/04\/IMG_1647-scaled.jpg","contentUrl":"https:\/\/fredfloris.eu\/wp-content\/uploads\/2022\/04\/IMG_1647-scaled.jpg","width":2560,"height":1707,"caption":"Product: Haningeleden - Travel Tags for Bags, Whole Selection of Available Colours"},{"@type":"BreadcrumbList","@id":"https:\/\/fredfloris.eu\/productpage\/hl-travel-tags\/#breadcrumb","itemListElement":[{"@type":"ListItem","position":1,"name":"Home","item":"https:\/\/fredfloris.eu\/"},{"@type":"ListItem","position":2,"name":"Shop","item":"https:\/\/fredfloris.eu\/shop\/"},{"@type":"ListItem","position":3,"name":"Haningeleden &#8211; Travel Tags for Bags"}]},{"@type":"WebSite","@id":"https:\/\/fredfloris.eu\/#website","url":"https:\/\/fredfloris.eu\/","name":"FredFloris","description":"Ar rok\u0101m darin\u0101ti \u0101das izstr\u0101d\u0101jumi - Ra\u017eots Zviedrij\u0101","publisher":{"@id":"https:\/\/fredfloris.eu\/#organization"},"potentialAction":[{"@type":"SearchAction","target":{"@type":"EntryPoint","urlTemplate":"https:\/\/fredfloris.eu\/?s={search_term_string}"},"query-input":{"@type":"PropertyValueSpecification","valueRequired":true,"valueName":"search_term_string"}}],"inLanguage":"lv-LV"},{"@type":"Organization","@id":"https:\/\/fredfloris.eu\/#organization","name":"FredFloris","url":"https:\/\/fredfloris.eu\/","logo":{"@type":"ImageObject","inLanguage":"lv-LV","@id":"https:\/\/fredfloris.eu\/#\/schema\/logo\/image\/","url":"https:\/\/fredfloris.eu\/wp-content\/uploads\/2022\/03\/FredFloris-med-hel-nal-och-text.png","contentUrl":"https:\/\/fredfloris.eu\/wp-content\/uploads\/2022\/03\/FredFloris-med-hel-nal-och-text.png","width":591,"height":283,"caption":"FredFloris"},"image":{"@id":"https:\/\/fredfloris.eu\/#\/schema\/logo\/image\/"},"sameAs":["https:\/\/www.facebook.com\/FredFloris.Artisan.Studio\/","https:\/\/x.com\/_fredfloris_","https:\/\/www.instagram.com\/fredfloris.artisan.studio\/"]}]}},"brands":[{"id":203,"name":"FredFloris","slug":"fredfloris"}],"_links":{"self":[{"href":"https:\/\/fredfloris.eu\/lv\/wp-json\/wp\/v2\/product\/5195","targetHints":{"allow":["GET"]}}],"collection":[{"href":"https:\/\/fredfloris.eu\/lv\/wp-json\/wp\/v2\/product"}],"about":[{"href":"https:\/\/fredfloris.eu\/lv\/wp-json\/wp\/v2\/types\/product"}],"version-history":[{"count":19,"href":"https:\/\/fredfloris.eu\/lv\/wp-json\/wp\/v2\/product\/5195\/revisions"}],"predecessor-version":[{"id":11541,"href":"https:\/\/fredfloris.eu\/lv\/wp-json\/wp\/v2\/product\/5195\/revisions\/11541"}],"wp:featuredmedia":[{"embeddable":true,"href":"https:\/\/fredfloris.eu\/lv\/wp-json\/wp\/v2\/media\/3378"}],"wp:attachment":[{"href":"https:\/\/fredfloris.eu\/lv\/wp-json\/wp\/v2\/media?parent=5195"}],"wp:term":[{"taxonomy":"pwb-brand","embeddable":true,"href":"https:\/\/fredfloris.eu\/lv\/wp-json\/wp\/v2\/pwb-brand?post=5195"},{"taxonomy":"product_brand","embeddable":true,"href":"https:\/\/fredfloris.eu\/lv\/wp-json\/wp\/v2\/product_brand?post=5195"},{"taxonomy":"product_cat","embeddable":true,"href":"https:\/\/fredfloris.eu\/lv\/wp-json\/wp\/v2\/product_cat?post=5195"},{"taxonomy":"product_tag","embeddable":true,"href":"https:\/\/fredfloris.eu\/lv\/wp-json\/wp\/v2\/product_tag?post=5195"},{"taxonomy":"woo-feed-brand","embeddable":true,"href":"https:\/\/fredfloris.eu\/lv\/wp-json\/wp\/v2\/woo-feed-brand?post=5195"}],"curies":[{"name":"wp","href":"https:\/\/api.w.org\/{rel}","templated":true}]}}