{"id":5210,"date":"2022-05-16T20:25:45","date_gmt":"2022-05-16T18:25:45","guid":{"rendered":"https:\/\/fredfloris.eu\/?post_type=product&#038;p=5210"},"modified":"2024-06-24T22:09:15","modified_gmt":"2024-06-24T20:09:15","slug":"address-notes","status":"publish","type":"product","link":"https:\/\/fredfloris.eu\/lv\/productpage\/address-notes\/","title":{"rendered":"Adreses eti\u0137ete ce\u013cojumu birk\u0101m"},"content":{"rendered":"<p><strong>Ar m\u016bsu stil\u012bgaj\u0101m personaliz\u0113taj\u0101m adreses uzl\u012bm\u0113m nodro\u0161in\u0101siet, ka j\u016bsu bag\u0101\u017ea vienm\u0113r atrad\u012bs ce\u013cu atpaka\u013c pie jums.<\/strong>\u00a0Iek\u013cauts katr\u0101 <a href=\"https:\/\/fredfloris.eu\/lv\/productpage\/hl-travel-tags\/?wmc-currency=EUR\">Ce\u013cojuma birka<\/a> pirkums ir bezmaksas personaliz\u0113ta l\u0101zergrav\u0113\u0161ana (atlaide tiks autom\u0101tiski piem\u0113rota j\u016bsu groz\u0101).<\/p>\n<p><strong>Uzziniet, k\u0101 piel\u0101got:<\/strong> \u00a0<a href=\"https:\/\/fredfloris.eu\/lv\/personalize-guide\/?wmc-currency=EUR\">Izlasiet m\u016bsu rokasgr\u0101matu par to, k\u0101 personaliz\u0113t \u0161o produktu.<\/a><\/p>\n<p><strong>Augst\u0101k\u0101s kvalit\u0101tes materi\u0101li:<\/strong> M\u016bsu adre\u0161u eti\u0137etes ir izgatavotas no augu izcelsmes miec\u0113tas te\u013ca \u0101das. \u0100da ir ievesta no It\u0101lijas, nodro\u0161inot augst\u0101k\u0101s kvalit\u0101tes kvalit\u0101ti, kas iztur ce\u013co\u0161anas gr\u016bt\u012bbas.<\/p>\n<p><strong>Produkta specifik\u0101cijas:<\/strong><\/p>\n<ul>\n<li><strong>Izgatavots tikai ar rok\u0101m m\u016bsu \u0123imenes \u012bpa\u0161um\u0101 eso\u0161aj\u0101 \u0101das m\u0101kslas studij\u0101<\/strong><\/li>\n<li><strong>Personaliz\u0113ta l\u0101zera grav\u0113\u0161ana:<\/strong> Pievienojiet savu person\u012bgo piesk\u0101rienu ar piel\u0101gotu grav\u0113jumu, padarot savu ce\u013cojuma birku unik\u0101li j\u016bsu.<\/li>\n<li><strong>Augstas kvalit\u0101tes \u0101da:<\/strong> Izgatavots no augu miec\u0113tas pilngraudu te\u013ca \u0101das, kas nodro\u0161ina izsmalcin\u0101tu izskatu un iztur\u012bbu.<\/li>\n<\/ul>\n<p>&nbsp;<\/p>","protected":false},"excerpt":{"rendered":"<p>\u0160o \u0101du ar anil\u012bna apdari nodro\u0161ina Mapel sadarb\u012bb\u0101 ar Tosk\u0101nas miec\u0113\u0161anas apgabala uz\u0146\u0113mumiem, miec\u0113jot to p\u0113c sen\u0101s Tosk\u0101nas Vacchetta receptes.<\/p>","protected":false},"featured_media":5206,"template":"","meta":[],"pwb-brand":[203],"product_brand":[],"product_cat":[157,100,103],"product_tag":[123,136,146,105],"woo-feed-brand":[],"class_list":{"0":"post-5210","1":"product","2":"type-product","3":"status-publish","4":"has-post-thumbnail","6":"pwb-brand-fredfloris","7":"product_cat-address-notes","8":"product_cat-leathergoods","9":"product_cat-travel-tags","10":"product_tag-full-grain-leather","11":"product_tag-handmade","12":"product_tag-laser-engraving","13":"product_tag-made-to-order","14":"product_shipping_class-small-goods","15":"pa_leather-colour-natural","17":"first","18":"instock","19":"taxable","20":"shipping-taxable","21":"purchasable","22":"product-type-simple"},"yoast_head":"<!-- This site is optimized with the Yoast SEO plugin v27.2 - https:\/\/yoast.com\/product\/yoast-seo-wordpress\/ -->\n<title>Personalised Address Label for FredFloris Travel Tags | FredFloris<\/title>\n<meta name=\"description\" content=\"Choose words and style of the personalised laser engraving on the address label, perfectly fits our travel tags.\" \/>\n<meta name=\"robots\" content=\"index, follow, max-snippet:-1, max-image-preview:large, max-video-preview:-1\" \/>\n<link rel=\"canonical\" href=\"https:\/\/fredfloris.eu\/lv\/productpage\/address-notes\/?wmc-currency=EUR\" \/>\n<meta property=\"og:locale\" content=\"lv_LV\" \/>\n<meta property=\"og:type\" content=\"article\" \/>\n<meta property=\"og:title\" content=\"Personalised Address Label for FredFloris Travel Tags | FredFloris\" \/>\n<meta property=\"og:description\" content=\"Choose words and style of the personalised laser engraving on the address label, perfectly fits our travel tags.\" \/>\n<meta property=\"og:url\" content=\"https:\/\/fredfloris.eu\/lv\/productpage\/address-notes\/?wmc-currency=EUR\" \/>\n<meta property=\"og:site_name\" content=\"FredFloris\" \/>\n<meta property=\"article:publisher\" content=\"https:\/\/www.facebook.com\/FredFloris.Artisan.Studio\/\" \/>\n<meta property=\"article:modified_time\" content=\"2024-06-24T20:09:15+00:00\" \/>\n<meta property=\"og:image\" content=\"https:\/\/fredfloris.eu\/wp-content\/uploads\/2022\/05\/IMG_2710-1-scaled.jpg\" \/>\n\t<meta property=\"og:image:width\" content=\"2560\" \/>\n\t<meta property=\"og:image:height\" content=\"1707\" \/>\n\t<meta property=\"og:image:type\" content=\"image\/jpeg\" \/>\n<meta name=\"twitter:card\" content=\"summary_large_image\" \/>\n<meta name=\"twitter:site\" content=\"@_fredfloris_\" \/>\n<meta name=\"twitter:label1\" content=\"Est. reading time\" \/>\n\t<meta name=\"twitter:data1\" content=\"1 min\u016bte\" \/>\n<script type=\"application\/ld+json\" class=\"yoast-schema-graph\">{\"@context\":\"https:\/\/schema.org\",\"@graph\":[{\"@type\":\"WebPage\",\"@id\":\"https:\/\/fredfloris.eu\/productpage\/address-notes\/\",\"url\":\"https:\/\/fredfloris.eu\/productpage\/address-notes\/\",\"name\":\"Personalised Address Label for FredFloris Travel Tags | FredFloris\",\"isPartOf\":{\"@id\":\"https:\/\/fredfloris.eu\/#website\"},\"primaryImageOfPage\":{\"@id\":\"https:\/\/fredfloris.eu\/productpage\/address-notes\/#primaryimage\"},\"image\":{\"@id\":\"https:\/\/fredfloris.eu\/productpage\/address-notes\/#primaryimage\"},\"thumbnailUrl\":\"https:\/\/fredfloris.eu\/wp-content\/uploads\/2022\/05\/IMG_2710-1-scaled.jpg\",\"datePublished\":\"2022-05-16T18:25:45+00:00\",\"dateModified\":\"2024-06-24T20:09:15+00:00\",\"description\":\"Choose words and style of the personalised laser engraving on the address label, perfectly fits our travel tags.\",\"breadcrumb\":{\"@id\":\"https:\/\/fredfloris.eu\/productpage\/address-notes\/#breadcrumb\"},\"inLanguage\":\"lv-LV\",\"potentialAction\":[{\"@type\":\"ReadAction\",\"target\":[\"https:\/\/fredfloris.eu\/productpage\/address-notes\/\"]}]},{\"@type\":\"ImageObject\",\"inLanguage\":\"lv-LV\",\"@id\":\"https:\/\/fredfloris.eu\/productpage\/address-notes\/#primaryimage\",\"url\":\"https:\/\/fredfloris.eu\/wp-content\/uploads\/2022\/05\/IMG_2710-1-scaled.jpg\",\"contentUrl\":\"https:\/\/fredfloris.eu\/wp-content\/uploads\/2022\/05\/IMG_2710-1-scaled.jpg\",\"width\":2560,\"height\":1707,\"caption\":\"Product: Address Label for Travel Tags, Laser Engraving Available, Colour: Natural\"},{\"@type\":\"BreadcrumbList\",\"@id\":\"https:\/\/fredfloris.eu\/productpage\/address-notes\/#breadcrumb\",\"itemListElement\":[{\"@type\":\"ListItem\",\"position\":1,\"name\":\"Home\",\"item\":\"https:\/\/fredfloris.eu\/\"},{\"@type\":\"ListItem\",\"position\":2,\"name\":\"Shop\",\"item\":\"https:\/\/fredfloris.eu\/shop\/\"},{\"@type\":\"ListItem\",\"position\":3,\"name\":\"Address Label for Travel Tags\"}]},{\"@type\":\"WebSite\",\"@id\":\"https:\/\/fredfloris.eu\/#website\",\"url\":\"https:\/\/fredfloris.eu\/\",\"name\":\"FredFloris\",\"description\":\"Handcrafted Leathergoods - Made in Sweden\",\"publisher\":{\"@id\":\"https:\/\/fredfloris.eu\/#organization\"},\"potentialAction\":[{\"@type\":\"SearchAction\",\"target\":{\"@type\":\"EntryPoint\",\"urlTemplate\":\"https:\/\/fredfloris.eu\/?s={search_term_string}\"},\"query-input\":{\"@type\":\"PropertyValueSpecification\",\"valueRequired\":true,\"valueName\":\"search_term_string\"}}],\"inLanguage\":\"lv-LV\"},{\"@type\":\"Organization\",\"@id\":\"https:\/\/fredfloris.eu\/#organization\",\"name\":\"FredFloris\",\"url\":\"https:\/\/fredfloris.eu\/\",\"logo\":{\"@type\":\"ImageObject\",\"inLanguage\":\"lv-LV\",\"@id\":\"https:\/\/fredfloris.eu\/#\/schema\/logo\/image\/\",\"url\":\"https:\/\/fredfloris.eu\/wp-content\/uploads\/2022\/03\/FredFloris-med-hel-nal-och-text.png\",\"contentUrl\":\"https:\/\/fredfloris.eu\/wp-content\/uploads\/2022\/03\/FredFloris-med-hel-nal-och-text.png\",\"width\":591,\"height\":283,\"caption\":\"FredFloris\"},\"image\":{\"@id\":\"https:\/\/fredfloris.eu\/#\/schema\/logo\/image\/\"},\"sameAs\":[\"https:\/\/www.facebook.com\/FredFloris.Artisan.Studio\/\",\"https:\/\/x.com\/_fredfloris_\",\"https:\/\/www.instagram.com\/fredfloris.artisan.studio\/\"]}]}<\/script>\n<!-- \/ Yoast SEO plugin. -->","yoast_head_json":{"title":"Personaliz\u0113ta adreses eti\u0137ete FredFloris ce\u013cojumu birk\u0101m | FredFloris","description":"Izv\u0113lieties v\u0101rdus un stilu personaliz\u0113tajam l\u0101zera grav\u0113jumam uz adreses eti\u0137etes, kas lieliski iederas m\u016bsu ce\u013cojuma birk\u0101m.","robots":{"index":"index","follow":"follow","max-snippet":"max-snippet:-1","max-image-preview":"max-image-preview:large","max-video-preview":"max-video-preview:-1"},"canonical":"https:\/\/fredfloris.eu\/lv\/productpage\/address-notes\/?wmc-currency=EUR","og_locale":"lv_LV","og_type":"article","og_title":"Personalised Address Label for FredFloris Travel Tags | FredFloris","og_description":"Choose words and style of the personalised laser engraving on the address label, perfectly fits our travel tags.","og_url":"https:\/\/fredfloris.eu\/lv\/productpage\/address-notes\/?wmc-currency=EUR","og_site_name":"FredFloris","article_publisher":"https:\/\/www.facebook.com\/FredFloris.Artisan.Studio\/","article_modified_time":"2024-06-24T20:09:15+00:00","og_image":[{"width":2560,"height":1707,"url":"https:\/\/fredfloris.eu\/wp-content\/uploads\/2022\/05\/IMG_2710-1-scaled.jpg","type":"image\/jpeg"}],"twitter_card":"summary_large_image","twitter_site":"@_fredfloris_","twitter_misc":{"Est. reading time":"1 min\u016bte"},"schema":{"@context":"https:\/\/schema.org","@graph":[{"@type":"WebPage","@id":"https:\/\/fredfloris.eu\/productpage\/address-notes\/","url":"https:\/\/fredfloris.eu\/productpage\/address-notes\/","name":"Personaliz\u0113ta adreses eti\u0137ete FredFloris ce\u013cojumu birk\u0101m | FredFloris","isPartOf":{"@id":"https:\/\/fredfloris.eu\/#website"},"primaryImageOfPage":{"@id":"https:\/\/fredfloris.eu\/productpage\/address-notes\/#primaryimage"},"image":{"@id":"https:\/\/fredfloris.eu\/productpage\/address-notes\/#primaryimage"},"thumbnailUrl":"https:\/\/fredfloris.eu\/wp-content\/uploads\/2022\/05\/IMG_2710-1-scaled.jpg","datePublished":"2022-05-16T18:25:45+00:00","dateModified":"2024-06-24T20:09:15+00:00","description":"Izv\u0113lieties v\u0101rdus un stilu personaliz\u0113tajam l\u0101zera grav\u0113jumam uz adreses eti\u0137etes, kas lieliski iederas m\u016bsu ce\u013cojuma birk\u0101m.","breadcrumb":{"@id":"https:\/\/fredfloris.eu\/productpage\/address-notes\/#breadcrumb"},"inLanguage":"lv-LV","potentialAction":[{"@type":"ReadAction","target":["https:\/\/fredfloris.eu\/productpage\/address-notes\/"]}]},{"@type":"ImageObject","inLanguage":"lv-LV","@id":"https:\/\/fredfloris.eu\/productpage\/address-notes\/#primaryimage","url":"https:\/\/fredfloris.eu\/wp-content\/uploads\/2022\/05\/IMG_2710-1-scaled.jpg","contentUrl":"https:\/\/fredfloris.eu\/wp-content\/uploads\/2022\/05\/IMG_2710-1-scaled.jpg","width":2560,"height":1707,"caption":"Product: Address Label for Travel Tags, Laser Engraving Available, Colour: Natural"},{"@type":"BreadcrumbList","@id":"https:\/\/fredfloris.eu\/productpage\/address-notes\/#breadcrumb","itemListElement":[{"@type":"ListItem","position":1,"name":"Home","item":"https:\/\/fredfloris.eu\/"},{"@type":"ListItem","position":2,"name":"Shop","item":"https:\/\/fredfloris.eu\/shop\/"},{"@type":"ListItem","position":3,"name":"Address Label for Travel Tags"}]},{"@type":"WebSite","@id":"https:\/\/fredfloris.eu\/#website","url":"https:\/\/fredfloris.eu\/","name":"FredFloris","description":"Ar rok\u0101m darin\u0101ti \u0101das izstr\u0101d\u0101jumi - Ra\u017eots Zviedrij\u0101","publisher":{"@id":"https:\/\/fredfloris.eu\/#organization"},"potentialAction":[{"@type":"SearchAction","target":{"@type":"EntryPoint","urlTemplate":"https:\/\/fredfloris.eu\/?s={search_term_string}"},"query-input":{"@type":"PropertyValueSpecification","valueRequired":true,"valueName":"search_term_string"}}],"inLanguage":"lv-LV"},{"@type":"Organization","@id":"https:\/\/fredfloris.eu\/#organization","name":"FredFloris","url":"https:\/\/fredfloris.eu\/","logo":{"@type":"ImageObject","inLanguage":"lv-LV","@id":"https:\/\/fredfloris.eu\/#\/schema\/logo\/image\/","url":"https:\/\/fredfloris.eu\/wp-content\/uploads\/2022\/03\/FredFloris-med-hel-nal-och-text.png","contentUrl":"https:\/\/fredfloris.eu\/wp-content\/uploads\/2022\/03\/FredFloris-med-hel-nal-och-text.png","width":591,"height":283,"caption":"FredFloris"},"image":{"@id":"https:\/\/fredfloris.eu\/#\/schema\/logo\/image\/"},"sameAs":["https:\/\/www.facebook.com\/FredFloris.Artisan.Studio\/","https:\/\/x.com\/_fredfloris_","https:\/\/www.instagram.com\/fredfloris.artisan.studio\/"]}]}},"brands":[{"id":203,"name":"FredFloris","slug":"fredfloris"}],"_links":{"self":[{"href":"https:\/\/fredfloris.eu\/lv\/wp-json\/wp\/v2\/product\/5210","targetHints":{"allow":["GET"]}}],"collection":[{"href":"https:\/\/fredfloris.eu\/lv\/wp-json\/wp\/v2\/product"}],"about":[{"href":"https:\/\/fredfloris.eu\/lv\/wp-json\/wp\/v2\/types\/product"}],"version-history":[{"count":11,"href":"https:\/\/fredfloris.eu\/lv\/wp-json\/wp\/v2\/product\/5210\/revisions"}],"predecessor-version":[{"id":11560,"href":"https:\/\/fredfloris.eu\/lv\/wp-json\/wp\/v2\/product\/5210\/revisions\/11560"}],"wp:featuredmedia":[{"embeddable":true,"href":"https:\/\/fredfloris.eu\/lv\/wp-json\/wp\/v2\/media\/5206"}],"wp:attachment":[{"href":"https:\/\/fredfloris.eu\/lv\/wp-json\/wp\/v2\/media?parent=5210"}],"wp:term":[{"taxonomy":"pwb-brand","embeddable":true,"href":"https:\/\/fredfloris.eu\/lv\/wp-json\/wp\/v2\/pwb-brand?post=5210"},{"taxonomy":"product_brand","embeddable":true,"href":"https:\/\/fredfloris.eu\/lv\/wp-json\/wp\/v2\/product_brand?post=5210"},{"taxonomy":"product_cat","embeddable":true,"href":"https:\/\/fredfloris.eu\/lv\/wp-json\/wp\/v2\/product_cat?post=5210"},{"taxonomy":"product_tag","embeddable":true,"href":"https:\/\/fredfloris.eu\/lv\/wp-json\/wp\/v2\/product_tag?post=5210"},{"taxonomy":"woo-feed-brand","embeddable":true,"href":"https:\/\/fredfloris.eu\/lv\/wp-json\/wp\/v2\/woo-feed-brand?post=5210"}],"curies":[{"name":"wp","href":"https:\/\/api.w.org\/{rel}","templated":true}]}}