{"id":5235,"date":"2022-05-17T19:02:11","date_gmt":"2022-05-17T17:02:11","guid":{"rendered":"https:\/\/fredfloris.eu\/?post_type=product&#038;p=5235"},"modified":"2024-07-23T20:22:55","modified_gmt":"2024-07-23T18:22:55","slug":"midsommardans-leverback-earrings","status":"publish","type":"product","link":"https:\/\/fredfloris.eu\/lv\/productpage\/midsommardans-leverback-earrings\/","title":{"rendered":"Midsommardans - P\u0113r\u013cu m\u0101te - apa\u013c\u0161 kulons ar svira auskari"},"content":{"rendered":"<p><strong>Izbaudiet m\u016bsu balto perlamutra m\u0101tes apa\u013co auskaru ar piekari\u0146iem burv\u012bgo valdzin\u0101jumu.<\/strong> Katr\u0101 ausekl\u012b ir baltas p\u0113r\u013cu dzimteni rot\u0101jo\u0161s disks, kas iestr\u0101d\u0101ts d\u0101rgmet\u0101la ietvar\u0101. Kad gaisma uzr\u0101da mirdzo\u0161o virsmu, t\u0101 atkl\u0101j hipnotiz\u0113jo\u0161us zilus, roz\u0101 un za\u013cus to\u0146us, kas atg\u0101dina mistisku d\u016bmu deju. \u0160ie auskari ir maigi piek\u0101rti uz sviras veida aizdares, \u013caujot br\u012bvi kust\u0113ties un atstarot gaismu, pie\u0161\u0137irot eleganci un mirdzumu jebkuram ansamblim.<\/p>\n<p><strong>Izgatavots no dab\u012bgiem avotiem:<\/strong> M\u016bsu auskari ir izgatavoti no Jaunz\u0113landes sald\u016bdens gliemju glieme\u017ev\u0101ku iek\u0161\u0113j\u0101 sl\u0101\u0146a, kas iet\u012bts 925 sudrab\u0101 ar 24k zelta p\u0101rkl\u0101jumu.<\/p>\n<p><strong>P\u0113r\u013cu m\u0101te:<\/strong> \u0160o auskaru balt\u0101 p\u0113rle, kas paz\u012bstama ar sav\u0101m valdzino\u0161aj\u0101m atstarojo\u0161aj\u0101m \u012bpa\u0161\u012bb\u0101m, ir dro\u0161i iestr\u0101d\u0101ta apzelt\u012bt\u0101 ietvar\u0101, \u013caujot jums ap\u017eilbin\u0101t skat\u012bt\u0101ju ik uz so\u013ca.<\/p>\n<p><strong>Sudraba sudrabs Izgatavo\u0161ana:<\/strong> Uz katra auskaru p\u0101ra ir mar\u0137\u0113jums \u201c925\u201d. sudraba z\u012bmogs, kas apliecina to augsto kvalit\u0101ti. Iztur\u012bgi un m\u016b\u017e\u012bgi, tie ir lielisks papildin\u0101jums jebkurai rotaslietu kolekcijai.<\/p>\n<p><strong>Hipoaler\u0123isks:<\/strong> Izgatavots ar ni\u0137e\u013ca nesaturo\u0161u sudraba svira, kas nov\u0113r\u0161 \u0101das kairin\u0101jumu un boj\u0101\u0161anos laika gait\u0101. Dro\u0161a aizdares konstrukcija nodro\u0161ina, ka auskari \u0113rti turas sav\u0101 viet\u0101.<\/p>\n<p><strong>Juvelierizstr\u0101d\u0101jumu kop\u0161ana:<\/strong> Lai saglab\u0101tu to nevainojamo st\u0101vokli, glab\u0101jiet auskarus m\u012bkst\u0101 kast\u012bt\u0113 vai maisi\u0146\u0101 atsevi\u0161\u0137i no cit\u0101m rotasliet\u0101m. Izvairieties no \u0137\u012bmisko vielu iedarb\u012bbas, lai nov\u0113rstu boj\u0101jumus. Plat\u012bna vai zelta p\u0101rkl\u0101jums ir maigs un, t\u0101pat k\u0101 visi p\u0101rkl\u0101jumi, laika gait\u0101 izbal\u0113. Ierobe\u017eojiet saskares ar \u0137\u012bmisk\u0101m viel\u0101m un \u0101du, lai paildzin\u0101tu p\u0101rkl\u0101juma kalpo\u0161anas laiku.<\/p>\n<p>&nbsp;<\/p>\n<p>Mekl\u0113\u0161anas v\u0101rdi: P\u0113r\u013cu auskari, P\u0113r\u013cu m\u0101te, P\u0113r\u013cu auskari, Drop auskari<\/p>","protected":false},"excerpt":{"rendered":"<p><strong>PRODUKTA IZM\u0112RI - <\/strong>Produkta svars: 4 g (p\u0101ris)<\/p>\n<p>Piekari\u0146a pamatne - izgatavota no 925 sudraba\/24K zelta p\u0101rkl\u0101juma. Pamatnes augstums: Pamatnes augstums: 14,60 mm, platums: 10,50 mm.<\/p>\n<p>Auskari ar piespraudi - Izgatavoti no 925 sudraba\/24K zelta p\u0101rkl\u0101juma - 0,4 \u00b5m. Augstums: 17 mm, platums: 11,50 mm.<\/p>\n<p>SKU: mid\/ear\/gol\/mop<br \/>\nZ\u012bmols: FredFloris &amp; Partner<\/p>\n<pre><\/pre>\n<p>M\u016bsu pieredz\u0113ju\u0161ais partneris Polij\u0101 izgatavo auskaru pamatni. M\u0113s izmantojam 0,4 \u00b5m biezu sudraba p\u0101rkl\u0101jumu, jo tas nepadara rotaslietas tum\u0161\u0101kas vai bl\u0101v\u0101kas. Izstr\u0101d\u0101jumam ir neliela iztur\u012bba pret kr\u0101sas mai\u0146u, bet noteikti iev\u0113rojiet m\u016bsu kop\u0161anas nor\u0101d\u012bjumus, lai pagarin\u0101tu j\u016bsu jaun\u0101s rotaslietas kalpo\u0161anas laiku. D\u0101rgakmeni uz auskara m\u0113s piestiprin\u0101m m\u016bsu studij\u0101 Zviedrij\u0101.<\/p>\n<pre><\/pre>\n<p>\u0160is produkts ir izgatavots no dab\u012bga materi\u0101la: forma, kr\u0101sa un biezums var at\u0161\u0137irties.<\/p>","protected":false},"featured_media":10260,"template":"","meta":[],"pwb-brand":[204],"product_brand":[],"product_cat":[115,113,101],"product_tag":[163,136,135],"woo-feed-brand":[],"class_list":{"0":"post-5235","1":"product","2":"type-product","3":"status-publish","4":"has-post-thumbnail","6":"pwb-brand-fredfloris-partner","7":"product_cat-drop-earrings","8":"product_cat-earrings","9":"product_cat-jewelry","10":"product_tag-gold","11":"product_tag-handmade","12":"product_tag-stocked","13":"product_shipping_class-small-goods","15":"first","16":"instock","17":"taxable","18":"shipping-taxable","19":"purchasable","20":"product-type-simple"},"yoast_head":"<!-- This site is optimized with the Yoast SEO plugin v27.2 - https:\/\/yoast.com\/product\/yoast-seo-wordpress\/ -->\n<title>Mother of Pearl Drop Earrings | FredFloris<\/title>\n<meta name=\"description\" content=\"Our white Mother of Pearl drop earrings are made from the inside layer of New Zealand freshwater mussel shell. Available in sterling silver.\" \/>\n<meta name=\"robots\" content=\"index, follow, max-snippet:-1, max-image-preview:large, max-video-preview:-1\" \/>\n<link rel=\"canonical\" href=\"https:\/\/fredfloris.eu\/lv\/productpage\/midsommardans-leverback-earrings\/?wmc-currency=EUR\" \/>\n<meta property=\"og:locale\" content=\"lv_LV\" \/>\n<meta property=\"og:type\" content=\"article\" \/>\n<meta property=\"og:title\" content=\"Mother of Pearl Drop Earrings | FredFloris\" \/>\n<meta property=\"og:description\" content=\"Our white Mother of Pearl drop earrings are made from the inside layer of New Zealand freshwater mussel shell. Available in sterling silver.\" \/>\n<meta property=\"og:url\" content=\"https:\/\/fredfloris.eu\/lv\/productpage\/midsommardans-leverback-earrings\/?wmc-currency=EUR\" \/>\n<meta property=\"og:site_name\" content=\"FredFloris\" \/>\n<meta property=\"article:publisher\" content=\"https:\/\/www.facebook.com\/FredFloris.Artisan.Studio\/\" \/>\n<meta property=\"article:modified_time\" content=\"2024-07-23T18:22:55+00:00\" \/>\n<meta property=\"og:image\" content=\"https:\/\/fredfloris.eu\/wp-content\/uploads\/2022\/11\/IMG_7365-scaled.jpg\" \/>\n\t<meta property=\"og:image:width\" content=\"1920\" \/>\n\t<meta property=\"og:image:height\" content=\"2560\" \/>\n\t<meta property=\"og:image:type\" content=\"image\/jpeg\" \/>\n<meta name=\"twitter:card\" content=\"summary_large_image\" \/>\n<meta name=\"twitter:site\" content=\"@_fredfloris_\" \/>\n<meta name=\"twitter:label1\" content=\"Est. reading time\" \/>\n\t<meta name=\"twitter:data1\" content=\"2 min\u016btes\" \/>\n<script type=\"application\/ld+json\" class=\"yoast-schema-graph\">{\"@context\":\"https:\/\/schema.org\",\"@graph\":[{\"@type\":\"WebPage\",\"@id\":\"https:\/\/fredfloris.eu\/productpage\/midsommardans-leverback-earrings\/\",\"url\":\"https:\/\/fredfloris.eu\/productpage\/midsommardans-leverback-earrings\/\",\"name\":\"Mother of Pearl Drop Earrings | FredFloris\",\"isPartOf\":{\"@id\":\"https:\/\/fredfloris.eu\/#website\"},\"primaryImageOfPage\":{\"@id\":\"https:\/\/fredfloris.eu\/productpage\/midsommardans-leverback-earrings\/#primaryimage\"},\"image\":{\"@id\":\"https:\/\/fredfloris.eu\/productpage\/midsommardans-leverback-earrings\/#primaryimage\"},\"thumbnailUrl\":\"https:\/\/fredfloris.eu\/wp-content\/uploads\/2022\/11\/IMG_7365-scaled-e1740241757636.jpg\",\"datePublished\":\"2022-05-17T17:02:11+00:00\",\"dateModified\":\"2024-07-23T18:22:55+00:00\",\"description\":\"Our white Mother of Pearl drop earrings are made from the inside layer of New Zealand freshwater mussel shell. Available in sterling silver.\",\"breadcrumb\":{\"@id\":\"https:\/\/fredfloris.eu\/productpage\/midsommardans-leverback-earrings\/#breadcrumb\"},\"inLanguage\":\"lv-LV\",\"potentialAction\":[{\"@type\":\"ReadAction\",\"target\":[\"https:\/\/fredfloris.eu\/productpage\/midsommardans-leverback-earrings\/\"]}]},{\"@type\":\"ImageObject\",\"inLanguage\":\"lv-LV\",\"@id\":\"https:\/\/fredfloris.eu\/productpage\/midsommardans-leverback-earrings\/#primaryimage\",\"url\":\"https:\/\/fredfloris.eu\/wp-content\/uploads\/2022\/11\/IMG_7365-scaled-e1740241757636.jpg\",\"contentUrl\":\"https:\/\/fredfloris.eu\/wp-content\/uploads\/2022\/11\/IMG_7365-scaled-e1740241757636.jpg\",\"width\":1920,\"height\":1281,\"caption\":\"Product: Mother of Pearls Round Pendant \u2013 Gold Plated Silver\"},{\"@type\":\"BreadcrumbList\",\"@id\":\"https:\/\/fredfloris.eu\/productpage\/midsommardans-leverback-earrings\/#breadcrumb\",\"itemListElement\":[{\"@type\":\"ListItem\",\"position\":1,\"name\":\"Home\",\"item\":\"https:\/\/fredfloris.eu\/\"},{\"@type\":\"ListItem\",\"position\":2,\"name\":\"Shop\",\"item\":\"https:\/\/fredfloris.eu\/shop\/\"},{\"@type\":\"ListItem\",\"position\":3,\"name\":\"Midsommardans &#8211; Mother of Pearls Round Pendant Leverback Earrings\"}]},{\"@type\":\"WebSite\",\"@id\":\"https:\/\/fredfloris.eu\/#website\",\"url\":\"https:\/\/fredfloris.eu\/\",\"name\":\"FredFloris\",\"description\":\"Handcrafted Leathergoods - Made in Sweden\",\"publisher\":{\"@id\":\"https:\/\/fredfloris.eu\/#organization\"},\"potentialAction\":[{\"@type\":\"SearchAction\",\"target\":{\"@type\":\"EntryPoint\",\"urlTemplate\":\"https:\/\/fredfloris.eu\/?s={search_term_string}\"},\"query-input\":{\"@type\":\"PropertyValueSpecification\",\"valueRequired\":true,\"valueName\":\"search_term_string\"}}],\"inLanguage\":\"lv-LV\"},{\"@type\":\"Organization\",\"@id\":\"https:\/\/fredfloris.eu\/#organization\",\"name\":\"FredFloris\",\"url\":\"https:\/\/fredfloris.eu\/\",\"logo\":{\"@type\":\"ImageObject\",\"inLanguage\":\"lv-LV\",\"@id\":\"https:\/\/fredfloris.eu\/#\/schema\/logo\/image\/\",\"url\":\"https:\/\/fredfloris.eu\/wp-content\/uploads\/2022\/03\/FredFloris-med-hel-nal-och-text.png\",\"contentUrl\":\"https:\/\/fredfloris.eu\/wp-content\/uploads\/2022\/03\/FredFloris-med-hel-nal-och-text.png\",\"width\":591,\"height\":283,\"caption\":\"FredFloris\"},\"image\":{\"@id\":\"https:\/\/fredfloris.eu\/#\/schema\/logo\/image\/\"},\"sameAs\":[\"https:\/\/www.facebook.com\/FredFloris.Artisan.Studio\/\",\"https:\/\/x.com\/_fredfloris_\",\"https:\/\/www.instagram.com\/fredfloris.artisan.studio\/\"]}]}<\/script>\n<!-- \/ Yoast SEO plugin. -->","yoast_head_json":{"title":"P\u0113r\u013cu m\u0101tes auskari | FredFloris","description":"M\u016bsu baltie p\u0113r\u013cu m\u0101tes auskari ir izgatavoti no Jaunz\u0113landes sald\u016bdens gliemenes \u010daulas iek\u0161\u0113j\u0101 sl\u0101\u0146a. Pieejami sudrab\u0101.","robots":{"index":"index","follow":"follow","max-snippet":"max-snippet:-1","max-image-preview":"max-image-preview:large","max-video-preview":"max-video-preview:-1"},"canonical":"https:\/\/fredfloris.eu\/lv\/productpage\/midsommardans-leverback-earrings\/?wmc-currency=EUR","og_locale":"lv_LV","og_type":"article","og_title":"Mother of Pearl Drop Earrings | FredFloris","og_description":"Our white Mother of Pearl drop earrings are made from the inside layer of New Zealand freshwater mussel shell. Available in sterling silver.","og_url":"https:\/\/fredfloris.eu\/lv\/productpage\/midsommardans-leverback-earrings\/?wmc-currency=EUR","og_site_name":"FredFloris","article_publisher":"https:\/\/www.facebook.com\/FredFloris.Artisan.Studio\/","article_modified_time":"2024-07-23T18:22:55+00:00","og_image":[{"width":1920,"height":2560,"url":"https:\/\/fredfloris.eu\/wp-content\/uploads\/2022\/11\/IMG_7365-scaled.jpg","type":"image\/jpeg"}],"twitter_card":"summary_large_image","twitter_site":"@_fredfloris_","twitter_misc":{"Est. reading time":"2 min\u016btes"},"schema":{"@context":"https:\/\/schema.org","@graph":[{"@type":"WebPage","@id":"https:\/\/fredfloris.eu\/productpage\/midsommardans-leverback-earrings\/","url":"https:\/\/fredfloris.eu\/productpage\/midsommardans-leverback-earrings\/","name":"P\u0113r\u013cu m\u0101tes auskari | FredFloris","isPartOf":{"@id":"https:\/\/fredfloris.eu\/#website"},"primaryImageOfPage":{"@id":"https:\/\/fredfloris.eu\/productpage\/midsommardans-leverback-earrings\/#primaryimage"},"image":{"@id":"https:\/\/fredfloris.eu\/productpage\/midsommardans-leverback-earrings\/#primaryimage"},"thumbnailUrl":"https:\/\/fredfloris.eu\/wp-content\/uploads\/2022\/11\/IMG_7365-scaled-e1740241757636.jpg","datePublished":"2022-05-17T17:02:11+00:00","dateModified":"2024-07-23T18:22:55+00:00","description":"M\u016bsu baltie p\u0113r\u013cu m\u0101tes auskari ir izgatavoti no Jaunz\u0113landes sald\u016bdens gliemenes \u010daulas iek\u0161\u0113j\u0101 sl\u0101\u0146a. Pieejami sudrab\u0101.","breadcrumb":{"@id":"https:\/\/fredfloris.eu\/productpage\/midsommardans-leverback-earrings\/#breadcrumb"},"inLanguage":"lv-LV","potentialAction":[{"@type":"ReadAction","target":["https:\/\/fredfloris.eu\/productpage\/midsommardans-leverback-earrings\/"]}]},{"@type":"ImageObject","inLanguage":"lv-LV","@id":"https:\/\/fredfloris.eu\/productpage\/midsommardans-leverback-earrings\/#primaryimage","url":"https:\/\/fredfloris.eu\/wp-content\/uploads\/2022\/11\/IMG_7365-scaled-e1740241757636.jpg","contentUrl":"https:\/\/fredfloris.eu\/wp-content\/uploads\/2022\/11\/IMG_7365-scaled-e1740241757636.jpg","width":1920,"height":1281,"caption":"Product: Mother of Pearls Round Pendant \u2013 Gold Plated Silver"},{"@type":"BreadcrumbList","@id":"https:\/\/fredfloris.eu\/productpage\/midsommardans-leverback-earrings\/#breadcrumb","itemListElement":[{"@type":"ListItem","position":1,"name":"Home","item":"https:\/\/fredfloris.eu\/"},{"@type":"ListItem","position":2,"name":"Shop","item":"https:\/\/fredfloris.eu\/shop\/"},{"@type":"ListItem","position":3,"name":"Midsommardans &#8211; Mother of Pearls Round Pendant Leverback Earrings"}]},{"@type":"WebSite","@id":"https:\/\/fredfloris.eu\/#website","url":"https:\/\/fredfloris.eu\/","name":"FredFloris","description":"Ar rok\u0101m darin\u0101ti \u0101das izstr\u0101d\u0101jumi - Ra\u017eots Zviedrij\u0101","publisher":{"@id":"https:\/\/fredfloris.eu\/#organization"},"potentialAction":[{"@type":"SearchAction","target":{"@type":"EntryPoint","urlTemplate":"https:\/\/fredfloris.eu\/?s={search_term_string}"},"query-input":{"@type":"PropertyValueSpecification","valueRequired":true,"valueName":"search_term_string"}}],"inLanguage":"lv-LV"},{"@type":"Organization","@id":"https:\/\/fredfloris.eu\/#organization","name":"FredFloris","url":"https:\/\/fredfloris.eu\/","logo":{"@type":"ImageObject","inLanguage":"lv-LV","@id":"https:\/\/fredfloris.eu\/#\/schema\/logo\/image\/","url":"https:\/\/fredfloris.eu\/wp-content\/uploads\/2022\/03\/FredFloris-med-hel-nal-och-text.png","contentUrl":"https:\/\/fredfloris.eu\/wp-content\/uploads\/2022\/03\/FredFloris-med-hel-nal-och-text.png","width":591,"height":283,"caption":"FredFloris"},"image":{"@id":"https:\/\/fredfloris.eu\/#\/schema\/logo\/image\/"},"sameAs":["https:\/\/www.facebook.com\/FredFloris.Artisan.Studio\/","https:\/\/x.com\/_fredfloris_","https:\/\/www.instagram.com\/fredfloris.artisan.studio\/"]}]}},"brands":[{"id":204,"name":"FredFloris &amp; Partner","slug":"fredfloris-partner"}],"_links":{"self":[{"href":"https:\/\/fredfloris.eu\/lv\/wp-json\/wp\/v2\/product\/5235","targetHints":{"allow":["GET"]}}],"collection":[{"href":"https:\/\/fredfloris.eu\/lv\/wp-json\/wp\/v2\/product"}],"about":[{"href":"https:\/\/fredfloris.eu\/lv\/wp-json\/wp\/v2\/types\/product"}],"version-history":[{"count":8,"href":"https:\/\/fredfloris.eu\/lv\/wp-json\/wp\/v2\/product\/5235\/revisions"}],"predecessor-version":[{"id":11591,"href":"https:\/\/fredfloris.eu\/lv\/wp-json\/wp\/v2\/product\/5235\/revisions\/11591"}],"wp:featuredmedia":[{"embeddable":true,"href":"https:\/\/fredfloris.eu\/lv\/wp-json\/wp\/v2\/media\/10260"}],"wp:attachment":[{"href":"https:\/\/fredfloris.eu\/lv\/wp-json\/wp\/v2\/media?parent=5235"}],"wp:term":[{"taxonomy":"pwb-brand","embeddable":true,"href":"https:\/\/fredfloris.eu\/lv\/wp-json\/wp\/v2\/pwb-brand?post=5235"},{"taxonomy":"product_brand","embeddable":true,"href":"https:\/\/fredfloris.eu\/lv\/wp-json\/wp\/v2\/product_brand?post=5235"},{"taxonomy":"product_cat","embeddable":true,"href":"https:\/\/fredfloris.eu\/lv\/wp-json\/wp\/v2\/product_cat?post=5235"},{"taxonomy":"product_tag","embeddable":true,"href":"https:\/\/fredfloris.eu\/lv\/wp-json\/wp\/v2\/product_tag?post=5235"},{"taxonomy":"woo-feed-brand","embeddable":true,"href":"https:\/\/fredfloris.eu\/lv\/wp-json\/wp\/v2\/woo-feed-brand?post=5235"}],"curies":[{"name":"wp","href":"https:\/\/api.w.org\/{rel}","templated":true}]}}