{"id":5315,"date":"2022-05-18T19:01:53","date_gmt":"2022-05-18T17:01:53","guid":{"rendered":"https:\/\/fredfloris.eu\/?post_type=product&#038;p=5315"},"modified":"2024-07-23T20:26:35","modified_gmt":"2024-07-23T18:26:35","slug":"hoop-40-mm-earrings","status":"publish","type":"product","link":"https:\/\/fredfloris.eu\/lv\/productpage\/hoop-40-mm-earrings\/","title":{"rendered":"V\u00e5r - Apa\u013ci 40 mm auskari"},"content":{"rendered":"<p><strong>Apg\u016bstiet p\u0101rlaic\u012bgu stilu ar m\u016bsu lielajiem, 40 mm platajiem auskariem.<\/strong> To drosm\u012bg\u0101 vienk\u0101r\u0161\u012bba padara tos par elegantu papildin\u0101jumu jebkurai garderobei. \u0160ie ap\u013ci ir piem\u0113roti vis\u0101m sejas form\u0101m, un tos var viegli kombin\u0113t ar jebkuru ap\u0123\u0113rbu, t\u0101p\u0113c tie ir ide\u0101li piem\u0113roti \u012bpa\u0161iem gad\u012bjumiem, k\u0101z\u0101m, ball\u012bt\u0113m, darba pas\u0101kumiem un \u0123imenes pas\u0101kumiem.<\/p>\n<p><strong>Pieejam\u0101s opcijas:<\/strong> Izgatavots no 925 sudraba ar plat\u012bna vai 24k zelta p\u0101rkl\u0101jumu.<\/p>\n<p><strong>Klasisks dizains:<\/strong> Apa\u013cie auskari ir klasiska izv\u0113le, kas papildin\u0101s ikvienu sejas formu, \u0101das toni un stilu. To neuzkr\u012bto\u0161ais, bet greznais dizains padara tos par v\u0113rt\u012bgu ieguld\u012bjumu j\u016bsu modes repertu\u0101r\u0101.<\/p>\n<p><strong>Noz\u012bm\u012bga d\u0101vana:<\/strong> \u0160ie apa\u013cie auskari ir ide\u0101la d\u0101vana ikvienam, kam pat\u012bk rotaslietas. Tie ir pietic\u012bgas cenas, ta\u010du augstas kvalit\u0101tes, un tie ir piem\u0113roti jebkuram gad\u012bjumam.<\/p>\n<p><strong>Hipoaler\u0123isks:<\/strong> M\u016bsu auskari nesatur ni\u0137eli, t\u0101p\u0113c tie ir dro\u0161i jut\u012bgai \u0101dai un nov\u0113r\u0161 kairin\u0101jumu un boj\u0101\u0161anos laika gait\u0101. Dro\u0161a aizdare nodro\u0161ina, ka auskari \u0113rti turas sav\u0101 viet\u0101.<\/p>\n<p><strong>Juvelierizstr\u0101d\u0101jumu kop\u0161ana:<\/strong> Lai saglab\u0101tu to nevainojamo st\u0101vokli, glab\u0101jiet auskarus m\u012bkst\u0101 kast\u012bt\u0113 vai maisi\u0146\u0101 atsevi\u0161\u0137i no cit\u0101m rotasliet\u0101m. Izvairieties no \u0137\u012bmisko vielu iedarb\u012bbas, lai nov\u0113rstu boj\u0101jumus. Plat\u012bna vai zelta p\u0101rkl\u0101jums ir maigs un, t\u0101pat k\u0101 visi p\u0101rkl\u0101jumi, laika gait\u0101 izbal\u0113. Ierobe\u017eojiet saskares ar \u0137\u012bmisk\u0101m viel\u0101m un \u0101du, lai paildzin\u0101tu p\u0101rkl\u0101juma kalpo\u0161anas laiku.<\/p>\n<p>&nbsp;<\/p>\n<p>Mekl\u0113\u0161anas v\u0101rdi: sudraba apa\u013cie auskari, Zelts, sudraba apa\u013cie auskari<\/p>","protected":false},"excerpt":{"rendered":"<p><strong>PRODUKTA IZM\u0112RI - <\/strong>Izstr\u0101d\u0101juma svars: 3 g (p\u0101ris)<\/p>\n<p>Iek\u0161\u0113j\u0101 ri\u0146\u0137a diametrs: 37 mm. \u0100r\u0113jais ri\u0146\u0137a diametrs: 40 mm. Biezums: 1,50 mm. Pieejams ar sudraba\/plat\u012bna\/24K zelta p\u0101rkl\u0101jumu - 0,4 \u00b5m.<\/p>\n<pre><\/pre>\n<p>M\u016bsu pieredz\u0113ju\u0161ais partneris Polij\u0101 izgatavo auskaru pamatni. M\u0113s izmantojam 0,4 \u00b5m biezu sudraba p\u0101rkl\u0101jumu, jo tas nepadara rotaslietas tum\u0161\u0101kas vai bl\u0101v\u0101kas. Izstr\u0101d\u0101jumam ir neliela iztur\u012bba pret kr\u0101sas mai\u0146u, bet noteikti iev\u0113rojiet m\u016bsu kop\u0161anas nor\u0101d\u012bjumus, lai pagarin\u0101tu j\u016bsu jaun\u0101s rotaslietas m\u016b\u017eu.<\/p>","protected":false},"featured_media":4757,"template":"","meta":[],"pwb-brand":[204],"product_brand":[],"product_cat":[113,116,101],"product_tag":[163,165,164,135],"woo-feed-brand":[],"class_list":{"0":"post-5315","1":"product","2":"type-product","3":"status-publish","4":"has-post-thumbnail","6":"pwb-brand-fredfloris-partner","7":"product_cat-earrings","8":"product_cat-hoop-earrings","9":"product_cat-jewelry","10":"product_tag-gold","11":"product_tag-platinum","12":"product_tag-silver","13":"product_tag-stocked","14":"product_shipping_class-small-goods","15":"pa_hoops-40-mm-ag-925-24k-gold-plated-04-m","16":"pa_hoops-40-mm-ag-925-platinum-plated-04-m","18":"first","19":"instock","20":"taxable","21":"shipping-taxable","22":"purchasable","23":"product-type-variable"},"yoast_head":"<!-- This site is optimized with the Yoast SEO plugin v27.2 - https:\/\/yoast.com\/product\/yoast-seo-wordpress\/ -->\n<title>V\u00e5r - Round Hoop 40 mm Earrings | FredFloris<\/title>\n<meta name=\"description\" content=\"The large round hoop earrings feature an infinity clasp, available in 925 sterling silver with platinum plating or 24k gold plating.\" \/>\n<meta name=\"robots\" content=\"index, follow, max-snippet:-1, max-image-preview:large, max-video-preview:-1\" \/>\n<link rel=\"canonical\" href=\"https:\/\/fredfloris.eu\/lv\/productpage\/hoop-40-mm-earrings\/?wmc-currency=EUR\" \/>\n<meta property=\"og:locale\" content=\"lv_LV\" \/>\n<meta property=\"og:type\" content=\"article\" \/>\n<meta property=\"og:title\" content=\"V\u00e5r - Round Hoop 40 mm Earrings | FredFloris\" \/>\n<meta property=\"og:description\" content=\"The large round hoop earrings feature an infinity clasp, available in 925 sterling silver with platinum plating or 24k gold plating.\" \/>\n<meta property=\"og:url\" content=\"https:\/\/fredfloris.eu\/lv\/productpage\/hoop-40-mm-earrings\/?wmc-currency=EUR\" \/>\n<meta property=\"og:site_name\" content=\"FredFloris\" \/>\n<meta property=\"article:publisher\" content=\"https:\/\/www.facebook.com\/FredFloris.Artisan.Studio\/\" \/>\n<meta property=\"article:modified_time\" content=\"2024-07-23T18:26:35+00:00\" \/>\n<meta property=\"og:image\" content=\"https:\/\/fredfloris.eu\/wp-content\/uploads\/2022\/05\/IMG_2214-scaled.jpg\" \/>\n\t<meta property=\"og:image:width\" content=\"2560\" \/>\n\t<meta property=\"og:image:height\" content=\"1707\" \/>\n\t<meta property=\"og:image:type\" content=\"image\/jpeg\" \/>\n<meta name=\"twitter:card\" content=\"summary_large_image\" \/>\n<meta name=\"twitter:site\" content=\"@_fredfloris_\" \/>\n<meta name=\"twitter:label1\" content=\"Est. reading time\" \/>\n\t<meta name=\"twitter:data1\" content=\"2 min\u016btes\" \/>\n<script type=\"application\/ld+json\" class=\"yoast-schema-graph\">{\"@context\":\"https:\/\/schema.org\",\"@graph\":[{\"@type\":\"WebPage\",\"@id\":\"https:\/\/fredfloris.eu\/productpage\/hoop-40-mm-earrings\/\",\"url\":\"https:\/\/fredfloris.eu\/productpage\/hoop-40-mm-earrings\/\",\"name\":\"V\u00e5r - Round Hoop 40 mm Earrings | FredFloris\",\"isPartOf\":{\"@id\":\"https:\/\/fredfloris.eu\/#website\"},\"primaryImageOfPage\":{\"@id\":\"https:\/\/fredfloris.eu\/productpage\/hoop-40-mm-earrings\/#primaryimage\"},\"image\":{\"@id\":\"https:\/\/fredfloris.eu\/productpage\/hoop-40-mm-earrings\/#primaryimage\"},\"thumbnailUrl\":\"https:\/\/fredfloris.eu\/wp-content\/uploads\/2022\/05\/IMG_2214-scaled-e1740245591133.jpg\",\"datePublished\":\"2022-05-18T17:01:53+00:00\",\"dateModified\":\"2024-07-23T18:26:35+00:00\",\"description\":\"The large round hoop earrings feature an infinity clasp, available in 925 sterling silver with platinum plating or 24k gold plating.\",\"breadcrumb\":{\"@id\":\"https:\/\/fredfloris.eu\/productpage\/hoop-40-mm-earrings\/#breadcrumb\"},\"inLanguage\":\"lv-LV\",\"potentialAction\":[{\"@type\":\"ReadAction\",\"target\":[\"https:\/\/fredfloris.eu\/productpage\/hoop-40-mm-earrings\/\"]}]},{\"@type\":\"ImageObject\",\"inLanguage\":\"lv-LV\",\"@id\":\"https:\/\/fredfloris.eu\/productpage\/hoop-40-mm-earrings\/#primaryimage\",\"url\":\"https:\/\/fredfloris.eu\/wp-content\/uploads\/2022\/05\/IMG_2214-scaled-e1740245591133.jpg\",\"contentUrl\":\"https:\/\/fredfloris.eu\/wp-content\/uploads\/2022\/05\/IMG_2214-scaled-e1740245591133.jpg\",\"width\":1937,\"height\":1292,\"caption\":\"Product: Round Hoop 40 mm \u2013 Gold and Platinum Plated Silver\"},{\"@type\":\"BreadcrumbList\",\"@id\":\"https:\/\/fredfloris.eu\/productpage\/hoop-40-mm-earrings\/#breadcrumb\",\"itemListElement\":[{\"@type\":\"ListItem\",\"position\":1,\"name\":\"Home\",\"item\":\"https:\/\/fredfloris.eu\/\"},{\"@type\":\"ListItem\",\"position\":2,\"name\":\"Shop\",\"item\":\"https:\/\/fredfloris.eu\/shop\/\"},{\"@type\":\"ListItem\",\"position\":3,\"name\":\"V\u00e5r &#8211; Round Hoop 40 mm Earrings\"}]},{\"@type\":\"WebSite\",\"@id\":\"https:\/\/fredfloris.eu\/#website\",\"url\":\"https:\/\/fredfloris.eu\/\",\"name\":\"FredFloris\",\"description\":\"Handcrafted Leathergoods - Made in Sweden\",\"publisher\":{\"@id\":\"https:\/\/fredfloris.eu\/#organization\"},\"potentialAction\":[{\"@type\":\"SearchAction\",\"target\":{\"@type\":\"EntryPoint\",\"urlTemplate\":\"https:\/\/fredfloris.eu\/?s={search_term_string}\"},\"query-input\":{\"@type\":\"PropertyValueSpecification\",\"valueRequired\":true,\"valueName\":\"search_term_string\"}}],\"inLanguage\":\"lv-LV\"},{\"@type\":\"Organization\",\"@id\":\"https:\/\/fredfloris.eu\/#organization\",\"name\":\"FredFloris\",\"url\":\"https:\/\/fredfloris.eu\/\",\"logo\":{\"@type\":\"ImageObject\",\"inLanguage\":\"lv-LV\",\"@id\":\"https:\/\/fredfloris.eu\/#\/schema\/logo\/image\/\",\"url\":\"https:\/\/fredfloris.eu\/wp-content\/uploads\/2022\/03\/FredFloris-med-hel-nal-och-text.png\",\"contentUrl\":\"https:\/\/fredfloris.eu\/wp-content\/uploads\/2022\/03\/FredFloris-med-hel-nal-och-text.png\",\"width\":591,\"height\":283,\"caption\":\"FredFloris\"},\"image\":{\"@id\":\"https:\/\/fredfloris.eu\/#\/schema\/logo\/image\/\"},\"sameAs\":[\"https:\/\/www.facebook.com\/FredFloris.Artisan.Studio\/\",\"https:\/\/x.com\/_fredfloris_\",\"https:\/\/www.instagram.com\/fredfloris.artisan.studio\/\"]}]}<\/script>\n<!-- \/ Yoast SEO plugin. -->","yoast_head_json":{"title":"V\u00e5r - Apa\u013ci 40 mm auskari ar apa\u013cu cilpu | FredFloris","description":"Lielie apa\u013cie auskari ar bezgal\u012bbas aizdari ir pieejami no 925. kal. sudraba ar plat\u012bna p\u0101rkl\u0101jumu vai 24k zelta p\u0101rkl\u0101jumu.","robots":{"index":"index","follow":"follow","max-snippet":"max-snippet:-1","max-image-preview":"max-image-preview:large","max-video-preview":"max-video-preview:-1"},"canonical":"https:\/\/fredfloris.eu\/lv\/productpage\/hoop-40-mm-earrings\/?wmc-currency=EUR","og_locale":"lv_LV","og_type":"article","og_title":"V\u00e5r - Round Hoop 40 mm Earrings | FredFloris","og_description":"The large round hoop earrings feature an infinity clasp, available in 925 sterling silver with platinum plating or 24k gold plating.","og_url":"https:\/\/fredfloris.eu\/lv\/productpage\/hoop-40-mm-earrings\/?wmc-currency=EUR","og_site_name":"FredFloris","article_publisher":"https:\/\/www.facebook.com\/FredFloris.Artisan.Studio\/","article_modified_time":"2024-07-23T18:26:35+00:00","og_image":[{"width":2560,"height":1707,"url":"https:\/\/fredfloris.eu\/wp-content\/uploads\/2022\/05\/IMG_2214-scaled.jpg","type":"image\/jpeg"}],"twitter_card":"summary_large_image","twitter_site":"@_fredfloris_","twitter_misc":{"Est. reading time":"2 min\u016btes"},"schema":{"@context":"https:\/\/schema.org","@graph":[{"@type":"WebPage","@id":"https:\/\/fredfloris.eu\/productpage\/hoop-40-mm-earrings\/","url":"https:\/\/fredfloris.eu\/productpage\/hoop-40-mm-earrings\/","name":"V\u00e5r - Apa\u013ci 40 mm auskari ar apa\u013cu cilpu | FredFloris","isPartOf":{"@id":"https:\/\/fredfloris.eu\/#website"},"primaryImageOfPage":{"@id":"https:\/\/fredfloris.eu\/productpage\/hoop-40-mm-earrings\/#primaryimage"},"image":{"@id":"https:\/\/fredfloris.eu\/productpage\/hoop-40-mm-earrings\/#primaryimage"},"thumbnailUrl":"https:\/\/fredfloris.eu\/wp-content\/uploads\/2022\/05\/IMG_2214-scaled-e1740245591133.jpg","datePublished":"2022-05-18T17:01:53+00:00","dateModified":"2024-07-23T18:26:35+00:00","description":"Lielie apa\u013cie auskari ar bezgal\u012bbas aizdari ir pieejami no 925. kal. sudraba ar plat\u012bna p\u0101rkl\u0101jumu vai 24k zelta p\u0101rkl\u0101jumu.","breadcrumb":{"@id":"https:\/\/fredfloris.eu\/productpage\/hoop-40-mm-earrings\/#breadcrumb"},"inLanguage":"lv-LV","potentialAction":[{"@type":"ReadAction","target":["https:\/\/fredfloris.eu\/productpage\/hoop-40-mm-earrings\/"]}]},{"@type":"ImageObject","inLanguage":"lv-LV","@id":"https:\/\/fredfloris.eu\/productpage\/hoop-40-mm-earrings\/#primaryimage","url":"https:\/\/fredfloris.eu\/wp-content\/uploads\/2022\/05\/IMG_2214-scaled-e1740245591133.jpg","contentUrl":"https:\/\/fredfloris.eu\/wp-content\/uploads\/2022\/05\/IMG_2214-scaled-e1740245591133.jpg","width":1937,"height":1292,"caption":"Product: Round Hoop 40 mm \u2013 Gold and Platinum Plated Silver"},{"@type":"BreadcrumbList","@id":"https:\/\/fredfloris.eu\/productpage\/hoop-40-mm-earrings\/#breadcrumb","itemListElement":[{"@type":"ListItem","position":1,"name":"Home","item":"https:\/\/fredfloris.eu\/"},{"@type":"ListItem","position":2,"name":"Shop","item":"https:\/\/fredfloris.eu\/shop\/"},{"@type":"ListItem","position":3,"name":"V\u00e5r &#8211; Round Hoop 40 mm Earrings"}]},{"@type":"WebSite","@id":"https:\/\/fredfloris.eu\/#website","url":"https:\/\/fredfloris.eu\/","name":"FredFloris","description":"Ar rok\u0101m darin\u0101ti \u0101das izstr\u0101d\u0101jumi - Ra\u017eots Zviedrij\u0101","publisher":{"@id":"https:\/\/fredfloris.eu\/#organization"},"potentialAction":[{"@type":"SearchAction","target":{"@type":"EntryPoint","urlTemplate":"https:\/\/fredfloris.eu\/?s={search_term_string}"},"query-input":{"@type":"PropertyValueSpecification","valueRequired":true,"valueName":"search_term_string"}}],"inLanguage":"lv-LV"},{"@type":"Organization","@id":"https:\/\/fredfloris.eu\/#organization","name":"FredFloris","url":"https:\/\/fredfloris.eu\/","logo":{"@type":"ImageObject","inLanguage":"lv-LV","@id":"https:\/\/fredfloris.eu\/#\/schema\/logo\/image\/","url":"https:\/\/fredfloris.eu\/wp-content\/uploads\/2022\/03\/FredFloris-med-hel-nal-och-text.png","contentUrl":"https:\/\/fredfloris.eu\/wp-content\/uploads\/2022\/03\/FredFloris-med-hel-nal-och-text.png","width":591,"height":283,"caption":"FredFloris"},"image":{"@id":"https:\/\/fredfloris.eu\/#\/schema\/logo\/image\/"},"sameAs":["https:\/\/www.facebook.com\/FredFloris.Artisan.Studio\/","https:\/\/x.com\/_fredfloris_","https:\/\/www.instagram.com\/fredfloris.artisan.studio\/"]}]}},"brands":[{"id":204,"name":"FredFloris &amp; Partner","slug":"fredfloris-partner"}],"_links":{"self":[{"href":"https:\/\/fredfloris.eu\/lv\/wp-json\/wp\/v2\/product\/5315","targetHints":{"allow":["GET"]}}],"collection":[{"href":"https:\/\/fredfloris.eu\/lv\/wp-json\/wp\/v2\/product"}],"about":[{"href":"https:\/\/fredfloris.eu\/lv\/wp-json\/wp\/v2\/types\/product"}],"version-history":[{"count":8,"href":"https:\/\/fredfloris.eu\/lv\/wp-json\/wp\/v2\/product\/5315\/revisions"}],"predecessor-version":[{"id":11586,"href":"https:\/\/fredfloris.eu\/lv\/wp-json\/wp\/v2\/product\/5315\/revisions\/11586"}],"wp:featuredmedia":[{"embeddable":true,"href":"https:\/\/fredfloris.eu\/lv\/wp-json\/wp\/v2\/media\/4757"}],"wp:attachment":[{"href":"https:\/\/fredfloris.eu\/lv\/wp-json\/wp\/v2\/media?parent=5315"}],"wp:term":[{"taxonomy":"pwb-brand","embeddable":true,"href":"https:\/\/fredfloris.eu\/lv\/wp-json\/wp\/v2\/pwb-brand?post=5315"},{"taxonomy":"product_brand","embeddable":true,"href":"https:\/\/fredfloris.eu\/lv\/wp-json\/wp\/v2\/product_brand?post=5315"},{"taxonomy":"product_cat","embeddable":true,"href":"https:\/\/fredfloris.eu\/lv\/wp-json\/wp\/v2\/product_cat?post=5315"},{"taxonomy":"product_tag","embeddable":true,"href":"https:\/\/fredfloris.eu\/lv\/wp-json\/wp\/v2\/product_tag?post=5315"},{"taxonomy":"woo-feed-brand","embeddable":true,"href":"https:\/\/fredfloris.eu\/lv\/wp-json\/wp\/v2\/woo-feed-brand?post=5315"}],"curies":[{"name":"wp","href":"https:\/\/api.w.org\/{rel}","templated":true}]}}