{"id":5340,"date":"2022-05-18T20:01:13","date_gmt":"2022-05-18T18:01:13","guid":{"rendered":"https:\/\/fredfloris.eu\/?post_type=product&#038;p=5340"},"modified":"2024-07-23T20:29:23","modified_gmt":"2024-07-23T18:29:23","slug":"bermuda-blue-swarovski-earrings","status":"publish","type":"product","link":"https:\/\/fredfloris.eu\/lv\/productpage\/bermuda-blue-swarovski-earrings\/","title":{"rendered":"Bermuda Blue - Krist\u0101la auskari ar svira Swarovski"},"content":{"rendered":"<p><strong>Izbaudiet m\u016bsu Bermuda Blue auskaru valdzin\u0101jumu, ko iedvesmoju\u0161i Bermudu oke\u0101na dzi\u013cie un nosl\u0113pumainie \u016bde\u0146i.<\/strong> Drosm\u012bgi un skaisti, \u0161ie elegantie izstr\u0101d\u0101jumi pie\u0161\u0137ir sievi\u0161\u0137\u012bgu noska\u0146u jebkuram ap\u0123\u0113rbam. Bultas form\u0101 veidot\u0101 svira dro\u0161i notur krist\u0101lu, piev\u0113r\u0161ot uzman\u012bbu \u017eilbino\u0161ajiem Swarovski krist\u0101liem. Pieejams ar plat\u012bna vai zelta p\u0101rkl\u0101jumu, balsts papla\u0161in\u0101s krist\u0101la virzien\u0101, pastiprinot Swarovski rakstur\u012bgo sp\u012bdumu.<\/p>\n<p><strong>Viegli stil\u012bgs:<\/strong> \u0160ie auskari izstaro izsmalcin\u0101t\u012bbu un klasi, t\u0101p\u0113c tie ir ide\u0101li piem\u0113roti pas\u0101kumiem, vakariem un ikdienas valk\u0101\u0161anai.<\/p>\n<p><strong>Swarovski krist\u0101li:<\/strong> Swarovski krist\u0101li, kas izv\u0113l\u0113ti to m\u016b\u017e\u012bg\u0101 dizaina d\u0113\u013c, papildina visus \u0101das to\u0146us un sejas formas. \u0160ie krist\u0101li ir prasm\u012bgi griezti, lai uztvertu un atstarotu gaismu, un nodro\u0161ina, ka valk\u0101t\u0101js \u017eilbina no jebkura le\u0146\u0137a. Izgatavots Vatten\u0101, Austrij\u0101.<\/p>\n<p><strong>Lieliski piem\u0113rots d\u0101vin\u0101\u0161anai:<\/strong> \u0160ie izsmalcin\u0101tie auskari ir v\u0113rt\u012bga d\u0101vana jebkuram rotaslietu entuziastam. Tie ir ide\u0101li piem\u0113roti k\u0101 k\u0101zu d\u0101vana un var kalpot ar\u012b k\u0101 ide\u0101ls \u201ckaut kas zils\u201d l\u012bgavai.<\/p>\n<p><strong>Hipoaler\u0123isks:<\/strong> Sviras stiprin\u0101jums ir izgatavots no sudraba, kas nesatur ni\u0137eli, nov\u0113r\u0161ot \u0101das kairin\u0101jumu un boj\u0101\u0161anos. \u0160\u012b konstrukcija \u013cauj auskariem dro\u0161i tur\u0113ties viet\u0101, vienlaikus nodro\u0161inot valk\u0101t\u0101ja komfortu.<\/p>\n<p><strong>Juvelierizstr\u0101d\u0101jumu kop\u0161ana:<\/strong> Lai saglab\u0101tu to nevainojamo st\u0101vokli, glab\u0101jiet auskarus m\u012bkst\u0101 kast\u012bt\u0113 vai maisi\u0146\u0101 atsevi\u0161\u0137i no cit\u0101m rotasliet\u0101m. Izvairieties no \u0137\u012bmisko vielu iedarb\u012bbas, lai nov\u0113rstu boj\u0101jumus. Plat\u012bna vai zelta p\u0101rkl\u0101jums ir maigs un, t\u0101pat k\u0101 visi p\u0101rkl\u0101jumi, laika gait\u0101 izbal\u0113. Ierobe\u017eojiet saskares ar \u0137\u012bmisk\u0101m viel\u0101m un \u0101du, lai paildzin\u0101tu p\u0101rkl\u0101juma kalpo\u0161anas laiku.<\/p>\n<p>&nbsp;<\/p>\n<p>Mekl\u0113\u0161anas v\u0101rdi: Krist\u0101la auskari no Swarovski, Zelta krist\u0101la auskari, Sudraba krist\u0101la auskari, Sudraba krist\u0101la auskari<\/p>","protected":false},"excerpt":{"rendered":"<p><strong>PRODUKTA IZM\u0112RI - <\/strong>Produkta svars: 6 g (p\u0101ris)<\/p>\n<p>Krist\u0101la izm\u0113rs: 24 mm. Svira augstums: 18 mm, platums: 11,80 mm.<\/p>\n<p>Pieejams ar 925 sudraba\/plat\u012bna\/24K zelta p\u0101rkl\u0101jumu - 0,4 \u00b5m.<\/p>\n<pre><\/pre>\n<p>M\u016bsu pieredz\u0113ju\u0161ais partneris Polij\u0101 izgatavo auskaru pamatni. M\u0113s izmantojam 0,4 \u00b5m biezu sudraba p\u0101rkl\u0101jumu, jo tas nepadara rotaslietas tum\u0161\u0101kas vai bl\u0101v\u0101kas. Izstr\u0101d\u0101jumam ir neliela iztur\u012bba pret kr\u0101sas mai\u0146u, bet noteikti iev\u0113rojiet m\u016bsu kop\u0161anas nor\u0101d\u012bjumus, lai pagarin\u0101tu j\u016bsu jaun\u0101s rotaslietas m\u016b\u017eu.<\/p>","protected":false},"featured_media":4880,"template":"","meta":[],"pwb-brand":[204],"product_brand":[],"product_cat":[115,113,101],"product_tag":[163,165,164,135,195],"woo-feed-brand":[],"class_list":{"0":"post-5340","1":"product","2":"type-product","3":"status-publish","4":"has-post-thumbnail","6":"pwb-brand-fredfloris-partner","7":"product_cat-drop-earrings","8":"product_cat-earrings","9":"product_cat-jewelry","10":"product_tag-gold","11":"product_tag-platinum","12":"product_tag-silver","13":"product_tag-stocked","14":"product_tag-swarovski","15":"product_shipping_class-small-goods","16":"pa_leverback-ag-925-24k-gold-plated-04-m","17":"pa_leverback-ag-925-platinum-plated-04-m","18":"pa_swarovski-crystal-swarovski-24mm-bermuda-blue","20":"first","21":"instock","22":"taxable","23":"shipping-taxable","24":"purchasable","25":"product-type-variable"},"yoast_head":"<!-- This site is optimized with the Yoast SEO plugin v27.2 - https:\/\/yoast.com\/product\/yoast-seo-wordpress\/ -->\n<title>Bermuda Blue - Leverback Crystal Earrings From Swarovski | FredFloris<\/title>\n<meta name=\"description\" content=\"Crystal earrings from Swarovski. These crystal earrings are available in 925 sterling silver with platinum plating or 24k gold plating.\" \/>\n<meta name=\"robots\" content=\"index, follow, max-snippet:-1, max-image-preview:large, max-video-preview:-1\" \/>\n<link rel=\"canonical\" href=\"https:\/\/fredfloris.eu\/lv\/productpage\/bermuda-blue-swarovski-earrings\/?wmc-currency=EUR\" \/>\n<meta property=\"og:locale\" content=\"lv_LV\" \/>\n<meta property=\"og:type\" content=\"article\" \/>\n<meta property=\"og:title\" content=\"Bermuda Blue - Leverback Crystal Earrings From Swarovski | FredFloris\" \/>\n<meta property=\"og:description\" content=\"Crystal earrings from Swarovski. These crystal earrings are available in 925 sterling silver with platinum plating or 24k gold plating.\" \/>\n<meta property=\"og:url\" content=\"https:\/\/fredfloris.eu\/lv\/productpage\/bermuda-blue-swarovski-earrings\/?wmc-currency=EUR\" \/>\n<meta property=\"og:site_name\" content=\"FredFloris\" \/>\n<meta property=\"article:publisher\" content=\"https:\/\/www.facebook.com\/FredFloris.Artisan.Studio\/\" \/>\n<meta property=\"article:modified_time\" content=\"2024-07-23T18:29:23+00:00\" \/>\n<meta property=\"og:image\" content=\"https:\/\/fredfloris.eu\/wp-content\/uploads\/2022\/05\/IMG_0725-scaled.jpg\" \/>\n\t<meta property=\"og:image:width\" content=\"2560\" \/>\n\t<meta property=\"og:image:height\" content=\"1707\" \/>\n\t<meta property=\"og:image:type\" content=\"image\/jpeg\" \/>\n<meta name=\"twitter:card\" content=\"summary_large_image\" \/>\n<meta name=\"twitter:site\" content=\"@_fredfloris_\" \/>\n<meta name=\"twitter:label1\" content=\"Est. reading time\" \/>\n\t<meta name=\"twitter:data1\" content=\"2 min\u016btes\" \/>\n<script type=\"application\/ld+json\" class=\"yoast-schema-graph\">{\"@context\":\"https:\/\/schema.org\",\"@graph\":[{\"@type\":\"WebPage\",\"@id\":\"https:\/\/fredfloris.eu\/productpage\/bermuda-blue-swarovski-earrings\/\",\"url\":\"https:\/\/fredfloris.eu\/productpage\/bermuda-blue-swarovski-earrings\/\",\"name\":\"Bermuda Blue - Leverback Crystal Earrings From Swarovski | FredFloris\",\"isPartOf\":{\"@id\":\"https:\/\/fredfloris.eu\/#website\"},\"primaryImageOfPage\":{\"@id\":\"https:\/\/fredfloris.eu\/productpage\/bermuda-blue-swarovski-earrings\/#primaryimage\"},\"image\":{\"@id\":\"https:\/\/fredfloris.eu\/productpage\/bermuda-blue-swarovski-earrings\/#primaryimage\"},\"thumbnailUrl\":\"https:\/\/fredfloris.eu\/wp-content\/uploads\/2022\/05\/IMG_0725-scaled.jpg\",\"datePublished\":\"2022-05-18T18:01:13+00:00\",\"dateModified\":\"2024-07-23T18:29:23+00:00\",\"description\":\"Crystal earrings from Swarovski. These crystal earrings are available in 925 sterling silver with platinum plating or 24k gold plating.\",\"breadcrumb\":{\"@id\":\"https:\/\/fredfloris.eu\/productpage\/bermuda-blue-swarovski-earrings\/#breadcrumb\"},\"inLanguage\":\"lv-LV\",\"potentialAction\":[{\"@type\":\"ReadAction\",\"target\":[\"https:\/\/fredfloris.eu\/productpage\/bermuda-blue-swarovski-earrings\/\"]}]},{\"@type\":\"ImageObject\",\"inLanguage\":\"lv-LV\",\"@id\":\"https:\/\/fredfloris.eu\/productpage\/bermuda-blue-swarovski-earrings\/#primaryimage\",\"url\":\"https:\/\/fredfloris.eu\/wp-content\/uploads\/2022\/05\/IMG_0725-scaled.jpg\",\"contentUrl\":\"https:\/\/fredfloris.eu\/wp-content\/uploads\/2022\/05\/IMG_0725-scaled.jpg\",\"width\":2560,\"height\":1707,\"caption\":\"Product: Bermuda Blue \u2013 Gold and Platinum Plated Silver\"},{\"@type\":\"BreadcrumbList\",\"@id\":\"https:\/\/fredfloris.eu\/productpage\/bermuda-blue-swarovski-earrings\/#breadcrumb\",\"itemListElement\":[{\"@type\":\"ListItem\",\"position\":1,\"name\":\"Home\",\"item\":\"https:\/\/fredfloris.eu\/\"},{\"@type\":\"ListItem\",\"position\":2,\"name\":\"Shop\",\"item\":\"https:\/\/fredfloris.eu\/shop\/\"},{\"@type\":\"ListItem\",\"position\":3,\"name\":\"Bermuda Blue &#8211; Leverback Swarovski Crystal Earrings\"}]},{\"@type\":\"WebSite\",\"@id\":\"https:\/\/fredfloris.eu\/#website\",\"url\":\"https:\/\/fredfloris.eu\/\",\"name\":\"FredFloris\",\"description\":\"Handcrafted Leathergoods - Made in Sweden\",\"publisher\":{\"@id\":\"https:\/\/fredfloris.eu\/#organization\"},\"potentialAction\":[{\"@type\":\"SearchAction\",\"target\":{\"@type\":\"EntryPoint\",\"urlTemplate\":\"https:\/\/fredfloris.eu\/?s={search_term_string}\"},\"query-input\":{\"@type\":\"PropertyValueSpecification\",\"valueRequired\":true,\"valueName\":\"search_term_string\"}}],\"inLanguage\":\"lv-LV\"},{\"@type\":\"Organization\",\"@id\":\"https:\/\/fredfloris.eu\/#organization\",\"name\":\"FredFloris\",\"url\":\"https:\/\/fredfloris.eu\/\",\"logo\":{\"@type\":\"ImageObject\",\"inLanguage\":\"lv-LV\",\"@id\":\"https:\/\/fredfloris.eu\/#\/schema\/logo\/image\/\",\"url\":\"https:\/\/fredfloris.eu\/wp-content\/uploads\/2022\/03\/FredFloris-med-hel-nal-och-text.png\",\"contentUrl\":\"https:\/\/fredfloris.eu\/wp-content\/uploads\/2022\/03\/FredFloris-med-hel-nal-och-text.png\",\"width\":591,\"height\":283,\"caption\":\"FredFloris\"},\"image\":{\"@id\":\"https:\/\/fredfloris.eu\/#\/schema\/logo\/image\/\"},\"sameAs\":[\"https:\/\/www.facebook.com\/FredFloris.Artisan.Studio\/\",\"https:\/\/x.com\/_fredfloris_\",\"https:\/\/www.instagram.com\/fredfloris.artisan.studio\/\"]}]}<\/script>\n<!-- \/ Yoast SEO plugin. -->","yoast_head_json":{"title":"Bermuda Blue - Krist\u0101la auskari ar svira no Swarovski | FredFloris","description":"Krist\u0101la auskari no Swarovski. \u0160ie krist\u0101la auskari ir pieejami no 925 sudraba ar plat\u012bna vai 24k zelta p\u0101rkl\u0101jumu.","robots":{"index":"index","follow":"follow","max-snippet":"max-snippet:-1","max-image-preview":"max-image-preview:large","max-video-preview":"max-video-preview:-1"},"canonical":"https:\/\/fredfloris.eu\/lv\/productpage\/bermuda-blue-swarovski-earrings\/?wmc-currency=EUR","og_locale":"lv_LV","og_type":"article","og_title":"Bermuda Blue - Leverback Crystal Earrings From Swarovski | FredFloris","og_description":"Crystal earrings from Swarovski. These crystal earrings are available in 925 sterling silver with platinum plating or 24k gold plating.","og_url":"https:\/\/fredfloris.eu\/lv\/productpage\/bermuda-blue-swarovski-earrings\/?wmc-currency=EUR","og_site_name":"FredFloris","article_publisher":"https:\/\/www.facebook.com\/FredFloris.Artisan.Studio\/","article_modified_time":"2024-07-23T18:29:23+00:00","og_image":[{"width":2560,"height":1707,"url":"https:\/\/fredfloris.eu\/wp-content\/uploads\/2022\/05\/IMG_0725-scaled.jpg","type":"image\/jpeg"}],"twitter_card":"summary_large_image","twitter_site":"@_fredfloris_","twitter_misc":{"Est. reading time":"2 min\u016btes"},"schema":{"@context":"https:\/\/schema.org","@graph":[{"@type":"WebPage","@id":"https:\/\/fredfloris.eu\/productpage\/bermuda-blue-swarovski-earrings\/","url":"https:\/\/fredfloris.eu\/productpage\/bermuda-blue-swarovski-earrings\/","name":"Bermuda Blue - Krist\u0101la auskari ar svira no Swarovski | FredFloris","isPartOf":{"@id":"https:\/\/fredfloris.eu\/#website"},"primaryImageOfPage":{"@id":"https:\/\/fredfloris.eu\/productpage\/bermuda-blue-swarovski-earrings\/#primaryimage"},"image":{"@id":"https:\/\/fredfloris.eu\/productpage\/bermuda-blue-swarovski-earrings\/#primaryimage"},"thumbnailUrl":"https:\/\/fredfloris.eu\/wp-content\/uploads\/2022\/05\/IMG_0725-scaled.jpg","datePublished":"2022-05-18T18:01:13+00:00","dateModified":"2024-07-23T18:29:23+00:00","description":"Krist\u0101la auskari no Swarovski. \u0160ie krist\u0101la auskari ir pieejami no 925 sudraba ar plat\u012bna vai 24k zelta p\u0101rkl\u0101jumu.","breadcrumb":{"@id":"https:\/\/fredfloris.eu\/productpage\/bermuda-blue-swarovski-earrings\/#breadcrumb"},"inLanguage":"lv-LV","potentialAction":[{"@type":"ReadAction","target":["https:\/\/fredfloris.eu\/productpage\/bermuda-blue-swarovski-earrings\/"]}]},{"@type":"ImageObject","inLanguage":"lv-LV","@id":"https:\/\/fredfloris.eu\/productpage\/bermuda-blue-swarovski-earrings\/#primaryimage","url":"https:\/\/fredfloris.eu\/wp-content\/uploads\/2022\/05\/IMG_0725-scaled.jpg","contentUrl":"https:\/\/fredfloris.eu\/wp-content\/uploads\/2022\/05\/IMG_0725-scaled.jpg","width":2560,"height":1707,"caption":"Product: Bermuda Blue \u2013 Gold and Platinum Plated Silver"},{"@type":"BreadcrumbList","@id":"https:\/\/fredfloris.eu\/productpage\/bermuda-blue-swarovski-earrings\/#breadcrumb","itemListElement":[{"@type":"ListItem","position":1,"name":"Home","item":"https:\/\/fredfloris.eu\/"},{"@type":"ListItem","position":2,"name":"Shop","item":"https:\/\/fredfloris.eu\/shop\/"},{"@type":"ListItem","position":3,"name":"Bermuda Blue &#8211; Leverback Swarovski Crystal Earrings"}]},{"@type":"WebSite","@id":"https:\/\/fredfloris.eu\/#website","url":"https:\/\/fredfloris.eu\/","name":"FredFloris","description":"Ar rok\u0101m darin\u0101ti \u0101das izstr\u0101d\u0101jumi - Ra\u017eots Zviedrij\u0101","publisher":{"@id":"https:\/\/fredfloris.eu\/#organization"},"potentialAction":[{"@type":"SearchAction","target":{"@type":"EntryPoint","urlTemplate":"https:\/\/fredfloris.eu\/?s={search_term_string}"},"query-input":{"@type":"PropertyValueSpecification","valueRequired":true,"valueName":"search_term_string"}}],"inLanguage":"lv-LV"},{"@type":"Organization","@id":"https:\/\/fredfloris.eu\/#organization","name":"FredFloris","url":"https:\/\/fredfloris.eu\/","logo":{"@type":"ImageObject","inLanguage":"lv-LV","@id":"https:\/\/fredfloris.eu\/#\/schema\/logo\/image\/","url":"https:\/\/fredfloris.eu\/wp-content\/uploads\/2022\/03\/FredFloris-med-hel-nal-och-text.png","contentUrl":"https:\/\/fredfloris.eu\/wp-content\/uploads\/2022\/03\/FredFloris-med-hel-nal-och-text.png","width":591,"height":283,"caption":"FredFloris"},"image":{"@id":"https:\/\/fredfloris.eu\/#\/schema\/logo\/image\/"},"sameAs":["https:\/\/www.facebook.com\/FredFloris.Artisan.Studio\/","https:\/\/x.com\/_fredfloris_","https:\/\/www.instagram.com\/fredfloris.artisan.studio\/"]}]}},"brands":[{"id":204,"name":"FredFloris &amp; Partner","slug":"fredfloris-partner"}],"_links":{"self":[{"href":"https:\/\/fredfloris.eu\/lv\/wp-json\/wp\/v2\/product\/5340","targetHints":{"allow":["GET"]}}],"collection":[{"href":"https:\/\/fredfloris.eu\/lv\/wp-json\/wp\/v2\/product"}],"about":[{"href":"https:\/\/fredfloris.eu\/lv\/wp-json\/wp\/v2\/types\/product"}],"version-history":[{"count":7,"href":"https:\/\/fredfloris.eu\/lv\/wp-json\/wp\/v2\/product\/5340\/revisions"}],"predecessor-version":[{"id":11584,"href":"https:\/\/fredfloris.eu\/lv\/wp-json\/wp\/v2\/product\/5340\/revisions\/11584"}],"wp:featuredmedia":[{"embeddable":true,"href":"https:\/\/fredfloris.eu\/lv\/wp-json\/wp\/v2\/media\/4880"}],"wp:attachment":[{"href":"https:\/\/fredfloris.eu\/lv\/wp-json\/wp\/v2\/media?parent=5340"}],"wp:term":[{"taxonomy":"pwb-brand","embeddable":true,"href":"https:\/\/fredfloris.eu\/lv\/wp-json\/wp\/v2\/pwb-brand?post=5340"},{"taxonomy":"product_brand","embeddable":true,"href":"https:\/\/fredfloris.eu\/lv\/wp-json\/wp\/v2\/product_brand?post=5340"},{"taxonomy":"product_cat","embeddable":true,"href":"https:\/\/fredfloris.eu\/lv\/wp-json\/wp\/v2\/product_cat?post=5340"},{"taxonomy":"product_tag","embeddable":true,"href":"https:\/\/fredfloris.eu\/lv\/wp-json\/wp\/v2\/product_tag?post=5340"},{"taxonomy":"woo-feed-brand","embeddable":true,"href":"https:\/\/fredfloris.eu\/lv\/wp-json\/wp\/v2\/woo-feed-brand?post=5340"}],"curies":[{"name":"wp","href":"https:\/\/api.w.org\/{rel}","templated":true}]}}