{"id":5344,"date":"2022-05-18T20:14:17","date_gmt":"2022-05-18T18:14:17","guid":{"rendered":"https:\/\/fredfloris.eu\/?post_type=product&#038;p=5344"},"modified":"2024-07-23T20:32:47","modified_gmt":"2024-07-23T18:32:47","slug":"light-sapphire-swarovski-earrings","status":"publish","type":"product","link":"https:\/\/fredfloris.eu\/lv\/productpage\/light-sapphire-swarovski-earrings\/","title":{"rendered":"Light Sapphire - Krist\u0101la auskari ar svira Swarovski"},"content":{"rendered":"<p><strong>Izbaudiet p\u0101rlaic\u012bgu eleganci ar m\u016bsu krist\u0101la pilienu auskariem.<\/strong> Vienk\u0101r\u0161\u0101, bet satrieco\u0161\u0101 d\u0101rgmet\u0101la un caursp\u012bd\u012bg\u0101 krist\u0101la kombin\u0101cija padara \u0161os auskarus par modes v\u0113rt\u012bbu. To n\u0113s\u0101\u0161ana atg\u0101dina klasiskas kinozvaigznes skaistumu. \u0160iem elegantajiem auskariem ir sp\u0113c\u012bgs zils tonis, un tiem ir piekari\u0146a forma, kas pagarina seju un glaimo j\u016bsu sejas vaibstiem. Tie ir lieliski piem\u0113roti \u012bpa\u0161iem gad\u012bjumiem, piem\u0113ram, k\u0101z\u0101m, ball\u012bt\u0113m, darba pas\u0101kumiem un \u0123imenes salidojumiem.<\/p>\n<p><strong>Pieejamie materi\u0101li:<\/strong> \u0160ie auskari ir pieejami no 925 sudraba ar plat\u012bna vai 24k zelta p\u0101rkl\u0101jumu.<\/p>\n<p><strong>Swarovski krist\u0101li:<\/strong> \u0160ie Swarovski krist\u0101la auskari, kas slaveni ar savu spo\u017eo, gaismu atstarojo\u0161o griezumu un nosl\u0113pumaino kr\u0101su, ir uzticama izv\u0113le jebkuram pas\u0101kumam. Katrs izstr\u0101d\u0101jums ir izgatavots Vatten\u0101, Austrij\u0101.<\/p>\n<p><strong>P\u0101rdom\u0101ta d\u0101vana:<\/strong> \u0160o auskaru sp\u012bd\u012bgais, gai\u0161ais saf\u012bra tonis padara tos par m\u016b\u017e\u012bgu papildin\u0101jumu jebkurai rotaslietu kolekcijai un ide\u0101lu \u201ckaut ko zilu\u201d l\u012bgavai.<\/p>\n<p><strong>Hipoaler\u0123isks:<\/strong> Sviras stiprin\u0101jums ir izgatavots no sudraba, kas nesatur ni\u0137eli un nov\u0113r\u0161 \u0101das kairin\u0101jumu un boj\u0101\u0161anos. Sviras aizmugures konstrukcija \u013cauj auskariem dro\u0161i tur\u0113ties sav\u0101 viet\u0101, vienlaikus saglab\u0101jot valk\u0101t\u0101ja komfortu.<\/p>\n<p><strong>Juvelierizstr\u0101d\u0101jumu kop\u0161ana:<\/strong> Lai saglab\u0101tu to nevainojamo st\u0101vokli, glab\u0101jiet auskarus m\u012bkst\u0101 kast\u012bt\u0113 vai maisi\u0146\u0101 atsevi\u0161\u0137i no cit\u0101m rotasliet\u0101m. Izvairieties no \u0137\u012bmisko vielu iedarb\u012bbas, lai nov\u0113rstu boj\u0101jumus. Plat\u012bna vai zelta p\u0101rkl\u0101jums ir maigs un, t\u0101pat k\u0101 visi p\u0101rkl\u0101jumi, laika gait\u0101 izbal\u0113. Ierobe\u017eojiet saskares ar \u0137\u012bmisk\u0101m viel\u0101m un \u0101du, lai paildzin\u0101tu p\u0101rkl\u0101juma kalpo\u0161anas laiku.<\/p>\n<p>&nbsp;<\/p>\n<p>Mekl\u0113\u0161anas v\u0101rdi: Swarovski krist\u0101la auskari, krist\u0101la krist\u0101la auskari, krist\u0101la krist\u0101la auskari<\/p>","protected":false},"excerpt":{"rendered":"<p><strong>PRODUKTA IZM\u0112RI - <\/strong>Produkta svars: 6 g (p\u0101ris)<\/p>\n<p>Krist\u0101la izm\u0113rs: 22 mm. Aizdares augstums: 18 mm, platums: 11,80 mm.<\/p>\n<p>Pieejams ar 925 sudraba\/plat\u012bna\/24K zelta p\u0101rkl\u0101jumu - 0,4 \u00b5m.<\/p>\n<pre><\/pre>\n<p>M\u016bsu pieredz\u0113ju\u0161ais partneris Polij\u0101 izgatavo auskaru pamatni. M\u0113s izmantojam 0,4 \u00b5m biezu sudraba p\u0101rkl\u0101jumu, jo tas nepadara rotaslietas tum\u0161\u0101kas vai bl\u0101v\u0101kas. Izstr\u0101d\u0101jumam ir neliela iztur\u012bba pret kr\u0101sas mai\u0146u, bet noteikti iev\u0113rojiet m\u016bsu kop\u0161anas nor\u0101d\u012bjumus, lai pagarin\u0101tu j\u016bsu jaun\u0101s rotaslietas m\u016b\u017eu.<\/p>","protected":false},"featured_media":4855,"template":"","meta":[],"pwb-brand":[204],"product_brand":[],"product_cat":[115,113,101],"product_tag":[163,165,164,135,195],"woo-feed-brand":[],"class_list":{"0":"post-5344","1":"product","2":"type-product","3":"status-publish","4":"has-post-thumbnail","6":"pwb-brand-fredfloris-partner","7":"product_cat-drop-earrings","8":"product_cat-earrings","9":"product_cat-jewelry","10":"product_tag-gold","11":"product_tag-platinum","12":"product_tag-silver","13":"product_tag-stocked","14":"product_tag-swarovski","15":"product_shipping_class-small-goods","16":"pa_leverback-ag-925-24k-gold-plated-04-m","17":"pa_leverback-ag-925-platinum-plated-04-m","18":"pa_swarovski-crystal-swarovski-22mm-light-sapphire","20":"first","21":"instock","22":"taxable","23":"shipping-taxable","24":"purchasable","25":"product-type-variable"},"yoast_head":"<!-- This site is optimized with the Yoast SEO plugin v27.2 - https:\/\/yoast.com\/product\/yoast-seo-wordpress\/ -->\n<title>Light Sapphire - Leverback Swarovski Crystal Earrings | FredFloris<\/title>\n<meta name=\"description\" content=\"Swarovski leverback crystal earrings, Platinum &amp; 24K Gold Plated 925 Sterling Silver crystal drop earrings, Gifts for her.\" \/>\n<meta name=\"robots\" content=\"index, follow, max-snippet:-1, max-image-preview:large, max-video-preview:-1\" \/>\n<link rel=\"canonical\" href=\"https:\/\/fredfloris.eu\/lv\/productpage\/light-sapphire-swarovski-earrings\/?wmc-currency=EUR\" \/>\n<meta property=\"og:locale\" content=\"lv_LV\" \/>\n<meta property=\"og:type\" content=\"article\" \/>\n<meta property=\"og:title\" content=\"Light Sapphire - Leverback Swarovski Crystal Earrings | FredFloris\" \/>\n<meta property=\"og:description\" content=\"Swarovski leverback crystal earrings, Platinum &amp; 24K Gold Plated 925 Sterling Silver crystal drop earrings, Gifts for her.\" \/>\n<meta property=\"og:url\" content=\"https:\/\/fredfloris.eu\/lv\/productpage\/light-sapphire-swarovski-earrings\/?wmc-currency=EUR\" \/>\n<meta property=\"og:site_name\" content=\"FredFloris\" \/>\n<meta property=\"article:publisher\" content=\"https:\/\/www.facebook.com\/FredFloris.Artisan.Studio\/\" \/>\n<meta property=\"article:modified_time\" content=\"2024-07-23T18:32:47+00:00\" \/>\n<meta property=\"og:image\" content=\"https:\/\/fredfloris.eu\/wp-content\/uploads\/2022\/05\/IMG_2193-scaled.jpg\" \/>\n\t<meta property=\"og:image:width\" content=\"2560\" \/>\n\t<meta property=\"og:image:height\" content=\"1707\" \/>\n\t<meta property=\"og:image:type\" content=\"image\/jpeg\" \/>\n<meta name=\"twitter:card\" content=\"summary_large_image\" \/>\n<meta name=\"twitter:site\" content=\"@_fredfloris_\" \/>\n<meta name=\"twitter:label1\" content=\"Est. reading time\" \/>\n\t<meta name=\"twitter:data1\" content=\"2 min\u016btes\" \/>\n<script type=\"application\/ld+json\" class=\"yoast-schema-graph\">{\"@context\":\"https:\/\/schema.org\",\"@graph\":[{\"@type\":\"WebPage\",\"@id\":\"https:\/\/fredfloris.eu\/productpage\/light-sapphire-swarovski-earrings\/\",\"url\":\"https:\/\/fredfloris.eu\/productpage\/light-sapphire-swarovski-earrings\/\",\"name\":\"Light Sapphire - Leverback Swarovski Crystal Earrings | FredFloris\",\"isPartOf\":{\"@id\":\"https:\/\/fredfloris.eu\/#website\"},\"primaryImageOfPage\":{\"@id\":\"https:\/\/fredfloris.eu\/productpage\/light-sapphire-swarovski-earrings\/#primaryimage\"},\"image\":{\"@id\":\"https:\/\/fredfloris.eu\/productpage\/light-sapphire-swarovski-earrings\/#primaryimage\"},\"thumbnailUrl\":\"https:\/\/fredfloris.eu\/wp-content\/uploads\/2022\/05\/IMG_2193-scaled-e1740244068830.jpg\",\"datePublished\":\"2022-05-18T18:14:17+00:00\",\"dateModified\":\"2024-07-23T18:32:47+00:00\",\"description\":\"Swarovski leverback crystal earrings, Platinum & 24K Gold Plated 925 Sterling Silver crystal drop earrings, Gifts for her.\",\"breadcrumb\":{\"@id\":\"https:\/\/fredfloris.eu\/productpage\/light-sapphire-swarovski-earrings\/#breadcrumb\"},\"inLanguage\":\"lv-LV\",\"potentialAction\":[{\"@type\":\"ReadAction\",\"target\":[\"https:\/\/fredfloris.eu\/productpage\/light-sapphire-swarovski-earrings\/\"]}]},{\"@type\":\"ImageObject\",\"inLanguage\":\"lv-LV\",\"@id\":\"https:\/\/fredfloris.eu\/productpage\/light-sapphire-swarovski-earrings\/#primaryimage\",\"url\":\"https:\/\/fredfloris.eu\/wp-content\/uploads\/2022\/05\/IMG_2193-scaled-e1740244068830.jpg\",\"contentUrl\":\"https:\/\/fredfloris.eu\/wp-content\/uploads\/2022\/05\/IMG_2193-scaled-e1740244068830.jpg\",\"width\":1502,\"height\":1002,\"caption\":\"Product: Light Sapphire \u2013 Gold and Platinum Plated Silver\"},{\"@type\":\"BreadcrumbList\",\"@id\":\"https:\/\/fredfloris.eu\/productpage\/light-sapphire-swarovski-earrings\/#breadcrumb\",\"itemListElement\":[{\"@type\":\"ListItem\",\"position\":1,\"name\":\"Home\",\"item\":\"https:\/\/fredfloris.eu\/\"},{\"@type\":\"ListItem\",\"position\":2,\"name\":\"Shop\",\"item\":\"https:\/\/fredfloris.eu\/shop\/\"},{\"@type\":\"ListItem\",\"position\":3,\"name\":\"Light Sapphire &#8211; Leverback Swarovski Crystal Earrings\"}]},{\"@type\":\"WebSite\",\"@id\":\"https:\/\/fredfloris.eu\/#website\",\"url\":\"https:\/\/fredfloris.eu\/\",\"name\":\"FredFloris\",\"description\":\"Handcrafted Leathergoods - Made in Sweden\",\"publisher\":{\"@id\":\"https:\/\/fredfloris.eu\/#organization\"},\"potentialAction\":[{\"@type\":\"SearchAction\",\"target\":{\"@type\":\"EntryPoint\",\"urlTemplate\":\"https:\/\/fredfloris.eu\/?s={search_term_string}\"},\"query-input\":{\"@type\":\"PropertyValueSpecification\",\"valueRequired\":true,\"valueName\":\"search_term_string\"}}],\"inLanguage\":\"lv-LV\"},{\"@type\":\"Organization\",\"@id\":\"https:\/\/fredfloris.eu\/#organization\",\"name\":\"FredFloris\",\"url\":\"https:\/\/fredfloris.eu\/\",\"logo\":{\"@type\":\"ImageObject\",\"inLanguage\":\"lv-LV\",\"@id\":\"https:\/\/fredfloris.eu\/#\/schema\/logo\/image\/\",\"url\":\"https:\/\/fredfloris.eu\/wp-content\/uploads\/2022\/03\/FredFloris-med-hel-nal-och-text.png\",\"contentUrl\":\"https:\/\/fredfloris.eu\/wp-content\/uploads\/2022\/03\/FredFloris-med-hel-nal-och-text.png\",\"width\":591,\"height\":283,\"caption\":\"FredFloris\"},\"image\":{\"@id\":\"https:\/\/fredfloris.eu\/#\/schema\/logo\/image\/\"},\"sameAs\":[\"https:\/\/www.facebook.com\/FredFloris.Artisan.Studio\/\",\"https:\/\/x.com\/_fredfloris_\",\"https:\/\/www.instagram.com\/fredfloris.artisan.studio\/\"]}]}<\/script>\n<!-- \/ Yoast SEO plugin. -->","yoast_head_json":{"title":"Light Sapphire - Krist\u0101la auskari ar svira Swarovski | FredFloris","description":"Swarovski krist\u0101la auskari, plat\u012bna un 24K zelts, 925 sudraba krist\u0101la krist\u0101la auskari, D\u0101vanas vi\u0146ai.","robots":{"index":"index","follow":"follow","max-snippet":"max-snippet:-1","max-image-preview":"max-image-preview:large","max-video-preview":"max-video-preview:-1"},"canonical":"https:\/\/fredfloris.eu\/lv\/productpage\/light-sapphire-swarovski-earrings\/?wmc-currency=EUR","og_locale":"lv_LV","og_type":"article","og_title":"Light Sapphire - Leverback Swarovski Crystal Earrings | FredFloris","og_description":"Swarovski leverback crystal earrings, Platinum & 24K Gold Plated 925 Sterling Silver crystal drop earrings, Gifts for her.","og_url":"https:\/\/fredfloris.eu\/lv\/productpage\/light-sapphire-swarovski-earrings\/?wmc-currency=EUR","og_site_name":"FredFloris","article_publisher":"https:\/\/www.facebook.com\/FredFloris.Artisan.Studio\/","article_modified_time":"2024-07-23T18:32:47+00:00","og_image":[{"width":2560,"height":1707,"url":"https:\/\/fredfloris.eu\/wp-content\/uploads\/2022\/05\/IMG_2193-scaled.jpg","type":"image\/jpeg"}],"twitter_card":"summary_large_image","twitter_site":"@_fredfloris_","twitter_misc":{"Est. reading time":"2 min\u016btes"},"schema":{"@context":"https:\/\/schema.org","@graph":[{"@type":"WebPage","@id":"https:\/\/fredfloris.eu\/productpage\/light-sapphire-swarovski-earrings\/","url":"https:\/\/fredfloris.eu\/productpage\/light-sapphire-swarovski-earrings\/","name":"Light Sapphire - Krist\u0101la auskari ar svira Swarovski | FredFloris","isPartOf":{"@id":"https:\/\/fredfloris.eu\/#website"},"primaryImageOfPage":{"@id":"https:\/\/fredfloris.eu\/productpage\/light-sapphire-swarovski-earrings\/#primaryimage"},"image":{"@id":"https:\/\/fredfloris.eu\/productpage\/light-sapphire-swarovski-earrings\/#primaryimage"},"thumbnailUrl":"https:\/\/fredfloris.eu\/wp-content\/uploads\/2022\/05\/IMG_2193-scaled-e1740244068830.jpg","datePublished":"2022-05-18T18:14:17+00:00","dateModified":"2024-07-23T18:32:47+00:00","description":"Swarovski krist\u0101la auskari, plat\u012bna un 24K zelts, 925 sudraba krist\u0101la krist\u0101la auskari, D\u0101vanas vi\u0146ai.","breadcrumb":{"@id":"https:\/\/fredfloris.eu\/productpage\/light-sapphire-swarovski-earrings\/#breadcrumb"},"inLanguage":"lv-LV","potentialAction":[{"@type":"ReadAction","target":["https:\/\/fredfloris.eu\/productpage\/light-sapphire-swarovski-earrings\/"]}]},{"@type":"ImageObject","inLanguage":"lv-LV","@id":"https:\/\/fredfloris.eu\/productpage\/light-sapphire-swarovski-earrings\/#primaryimage","url":"https:\/\/fredfloris.eu\/wp-content\/uploads\/2022\/05\/IMG_2193-scaled-e1740244068830.jpg","contentUrl":"https:\/\/fredfloris.eu\/wp-content\/uploads\/2022\/05\/IMG_2193-scaled-e1740244068830.jpg","width":1502,"height":1002,"caption":"Product: Light Sapphire \u2013 Gold and Platinum Plated Silver"},{"@type":"BreadcrumbList","@id":"https:\/\/fredfloris.eu\/productpage\/light-sapphire-swarovski-earrings\/#breadcrumb","itemListElement":[{"@type":"ListItem","position":1,"name":"Home","item":"https:\/\/fredfloris.eu\/"},{"@type":"ListItem","position":2,"name":"Shop","item":"https:\/\/fredfloris.eu\/shop\/"},{"@type":"ListItem","position":3,"name":"Light Sapphire &#8211; Leverback Swarovski Crystal Earrings"}]},{"@type":"WebSite","@id":"https:\/\/fredfloris.eu\/#website","url":"https:\/\/fredfloris.eu\/","name":"FredFloris","description":"Ar rok\u0101m darin\u0101ti \u0101das izstr\u0101d\u0101jumi - Ra\u017eots Zviedrij\u0101","publisher":{"@id":"https:\/\/fredfloris.eu\/#organization"},"potentialAction":[{"@type":"SearchAction","target":{"@type":"EntryPoint","urlTemplate":"https:\/\/fredfloris.eu\/?s={search_term_string}"},"query-input":{"@type":"PropertyValueSpecification","valueRequired":true,"valueName":"search_term_string"}}],"inLanguage":"lv-LV"},{"@type":"Organization","@id":"https:\/\/fredfloris.eu\/#organization","name":"FredFloris","url":"https:\/\/fredfloris.eu\/","logo":{"@type":"ImageObject","inLanguage":"lv-LV","@id":"https:\/\/fredfloris.eu\/#\/schema\/logo\/image\/","url":"https:\/\/fredfloris.eu\/wp-content\/uploads\/2022\/03\/FredFloris-med-hel-nal-och-text.png","contentUrl":"https:\/\/fredfloris.eu\/wp-content\/uploads\/2022\/03\/FredFloris-med-hel-nal-och-text.png","width":591,"height":283,"caption":"FredFloris"},"image":{"@id":"https:\/\/fredfloris.eu\/#\/schema\/logo\/image\/"},"sameAs":["https:\/\/www.facebook.com\/FredFloris.Artisan.Studio\/","https:\/\/x.com\/_fredfloris_","https:\/\/www.instagram.com\/fredfloris.artisan.studio\/"]}]}},"brands":[{"id":204,"name":"FredFloris &amp; Partner","slug":"fredfloris-partner"}],"_links":{"self":[{"href":"https:\/\/fredfloris.eu\/lv\/wp-json\/wp\/v2\/product\/5344","targetHints":{"allow":["GET"]}}],"collection":[{"href":"https:\/\/fredfloris.eu\/lv\/wp-json\/wp\/v2\/product"}],"about":[{"href":"https:\/\/fredfloris.eu\/lv\/wp-json\/wp\/v2\/types\/product"}],"version-history":[{"count":9,"href":"https:\/\/fredfloris.eu\/lv\/wp-json\/wp\/v2\/product\/5344\/revisions"}],"predecessor-version":[{"id":11582,"href":"https:\/\/fredfloris.eu\/lv\/wp-json\/wp\/v2\/product\/5344\/revisions\/11582"}],"wp:featuredmedia":[{"embeddable":true,"href":"https:\/\/fredfloris.eu\/lv\/wp-json\/wp\/v2\/media\/4855"}],"wp:attachment":[{"href":"https:\/\/fredfloris.eu\/lv\/wp-json\/wp\/v2\/media?parent=5344"}],"wp:term":[{"taxonomy":"pwb-brand","embeddable":true,"href":"https:\/\/fredfloris.eu\/lv\/wp-json\/wp\/v2\/pwb-brand?post=5344"},{"taxonomy":"product_brand","embeddable":true,"href":"https:\/\/fredfloris.eu\/lv\/wp-json\/wp\/v2\/product_brand?post=5344"},{"taxonomy":"product_cat","embeddable":true,"href":"https:\/\/fredfloris.eu\/lv\/wp-json\/wp\/v2\/product_cat?post=5344"},{"taxonomy":"product_tag","embeddable":true,"href":"https:\/\/fredfloris.eu\/lv\/wp-json\/wp\/v2\/product_tag?post=5344"},{"taxonomy":"woo-feed-brand","embeddable":true,"href":"https:\/\/fredfloris.eu\/lv\/wp-json\/wp\/v2\/woo-feed-brand?post=5344"}],"curies":[{"name":"wp","href":"https:\/\/api.w.org\/{rel}","templated":true}]}}