{"id":5348,"date":"2022-05-18T20:27:09","date_gmt":"2022-05-18T18:27:09","guid":{"rendered":"https:\/\/fredfloris.eu\/?post_type=product&#038;p=5348"},"modified":"2024-07-23T20:33:47","modified_gmt":"2024-07-23T18:33:47","slug":"crystal-golden-swarovski-earrings","status":"publish","type":"product","link":"https:\/\/fredfloris.eu\/lv\/productpage\/crystal-golden-swarovski-earrings\/","title":{"rendered":"Crystal Golden - Krist\u0101la auskari ar svira Swarovski"},"content":{"rendered":"<p><strong>Izbaudiet smalku eleganci ar m\u016bsu Swarovski krist\u0101la zelta auskariem.<\/strong> \u0160is dizains ne tikai pagarina kaklu, bet ar\u012b pie\u0161\u0137ir tam sievi\u0161\u0137\u012bgu \u0161armu. K\u0101 bulta veidot\u0101 svira dro\u0161i notur krist\u0101lu, virzot skatienu uz \u017eilbino\u0161ajiem Swarovski krist\u0101liem. Tuvojoties krist\u0101lam, balsts papla\u0161in\u0101s, pastiprinot Swarovski rakstur\u012bgo sp\u012bdumu, padarot \u0161os auskarus viegli stil\u012bgus un piem\u0113rotus jebkuram gad\u012bjumam.<\/p>\n<p><strong>Ide\u0101li piem\u0113rots da\u017e\u0101diem gad\u012bjumiem:<\/strong> Ide\u0101li piem\u0113rots \u012bpa\u0161iem pas\u0101kumiem, vakariem un ikdienas valk\u0101\u0161anai. Pieejams ar plat\u012bna p\u0101rkl\u0101jumu vai zelt\u012btu sudrabu 925. raudzes.<\/p>\n<p><strong>K\u0101p\u0113c Swarovski krist\u0101li:<\/strong> M\u0113s izmantojam Swarovski krist\u0101lus to m\u016b\u017e\u012bg\u0101 dizaina un univers\u0101l\u0101s pievilc\u012bbas d\u0113\u013c. \u0160ie krist\u0101li ir slaveni ar savu spilgto toni un izcilaj\u0101m gaismu atstarojo\u0161aj\u0101m \u012bpa\u0161\u012bb\u0101m, un tie ir izgatavoti Vatten\u0101, Austrij\u0101.<\/p>\n<p><strong>Ide\u0101li piem\u0113rots d\u0101vin\u0101\u0161anai:<\/strong> \u0160ie auskari ir p\u0101rdom\u0101ta d\u0101vana jebkuram rotaslietu m\u012b\u013cot\u0101jam, un tiem ir augstas kvalit\u0101tes dizains, kas izce\u013cas k\u0101 d\u0101vana.<\/p>\n<p><strong>Hipoaler\u0123isks:<\/strong> Sterlinga sudraba svira nesatur ni\u0137eli, kas nov\u0113r\u0161 \u0101das kairin\u0101jumu un trauslumu. Svira nodro\u0161ina, ka auskari dro\u0161i turas sav\u0101 viet\u0101 un vienlaikus ir \u0113rti valk\u0101t\u0101jam.<\/p>\n<p><strong>Juvelierizstr\u0101d\u0101jumu kop\u0161ana:<\/strong> Lai saglab\u0101tu to nevainojamo st\u0101vokli, glab\u0101jiet auskarus m\u012bkst\u0101 kast\u012bt\u0113 vai maisi\u0146\u0101 atsevi\u0161\u0137i no cit\u0101m rotasliet\u0101m. Izvairieties no \u0137\u012bmisko vielu iedarb\u012bbas, lai nov\u0113rstu boj\u0101jumus. Plat\u012bna vai zelta p\u0101rkl\u0101jums ir maigs un, t\u0101pat k\u0101 visi p\u0101rkl\u0101jumi, laika gait\u0101 izbal\u0113. Ierobe\u017eojiet saskares ar \u0137\u012bmisk\u0101m viel\u0101m un \u0101du, lai paildzin\u0101tu p\u0101rkl\u0101juma kalpo\u0161anas laiku.<\/p>\n<p>&nbsp;<\/p>\n<p>Mekl\u0113\u0161anas v\u0101rdi: Swarovski krist\u0101la krist\u0101la auskari, Zelta auskari, Zelta auskari, Sudraba auskari ar aizmugur\u0113jo svira.<\/p>","protected":false},"excerpt":{"rendered":"<p><strong>PRODUKTA IZM\u0112RI - <\/strong>Produkta svars: 6 g (p\u0101ris)<\/p>\n<p>Krist\u0101la izm\u0113rs: 18 mm. Svira augstums: 18 mm, platums: 11,80 mm.<\/p>\n<p>Pieejams 925 sudrabs ar plat\u012bna p\u0101rkl\u0101jumu\/24K zelta p\u0101rkl\u0101jumu - 0,4 \u00b5m.<\/p>\n<pre><\/pre>\n<p>M\u016bsu pieredz\u0113ju\u0161ais partneris Polij\u0101 izgatavo auskaru pamatni. M\u0113s izmantojam 0,4 \u00b5m biezu sudraba p\u0101rkl\u0101jumu, jo tas nepadara rotaslietas tum\u0161\u0101kas vai bl\u0101v\u0101kas. Izstr\u0101d\u0101jumam ir neliela iztur\u012bba pret kr\u0101sas mai\u0146u, bet noteikti iev\u0113rojiet m\u016bsu kop\u0161anas nor\u0101d\u012bjumus, lai pagarin\u0101tu j\u016bsu jaun\u0101s rotaslietas m\u016b\u017eu.<\/p>","protected":false},"featured_media":4836,"template":"","meta":[],"pwb-brand":[204],"product_brand":[],"product_cat":[115,113,101],"product_tag":[163,165,164,135,195],"woo-feed-brand":[],"class_list":{"0":"post-5348","1":"product","2":"type-product","3":"status-publish","4":"has-post-thumbnail","6":"pwb-brand-fredfloris-partner","7":"product_cat-drop-earrings","8":"product_cat-earrings","9":"product_cat-jewelry","10":"product_tag-gold","11":"product_tag-platinum","12":"product_tag-silver","13":"product_tag-stocked","14":"product_tag-swarovski","15":"product_shipping_class-small-goods","16":"pa_leverback-ag-925-24k-gold-plated-04-m","17":"pa_leverback-ag-925-platinum-plated-04-m","18":"pa_swarovski-crystal-swarovski-mm-180-crystal-golden-shadow-gsha","20":"first","21":"instock","22":"taxable","23":"shipping-taxable","24":"purchasable","25":"product-type-variable"},"yoast_head":"<!-- This site is optimized with the Yoast SEO plugin v27.2 - https:\/\/yoast.com\/product\/yoast-seo-wordpress\/ -->\n<title>Swarovski Crystal Drop Earrings with Sterling Silver Leverback | FredFloris<\/title>\n<meta name=\"description\" content=\"Our Swarovski crystal drop earrings are available with Platinum Plated &amp; 24K Golden Plated 925 Sterling Silver leverback. The Perfect Birthday Present!\" \/>\n<meta name=\"robots\" content=\"index, follow, max-snippet:-1, max-image-preview:large, max-video-preview:-1\" \/>\n<link rel=\"canonical\" href=\"https:\/\/fredfloris.eu\/lv\/productpage\/crystal-golden-swarovski-earrings\/?wmc-currency=EUR\" \/>\n<meta property=\"og:locale\" content=\"lv_LV\" \/>\n<meta property=\"og:type\" content=\"article\" \/>\n<meta property=\"og:title\" content=\"Swarovski Crystal Drop Earrings with Sterling Silver Leverback | FredFloris\" \/>\n<meta property=\"og:description\" content=\"Our Swarovski crystal drop earrings are available with Platinum Plated &amp; 24K Golden Plated 925 Sterling Silver leverback. The Perfect Birthday Present!\" \/>\n<meta property=\"og:url\" content=\"https:\/\/fredfloris.eu\/lv\/productpage\/crystal-golden-swarovski-earrings\/?wmc-currency=EUR\" \/>\n<meta property=\"og:site_name\" content=\"FredFloris\" \/>\n<meta property=\"article:publisher\" content=\"https:\/\/www.facebook.com\/FredFloris.Artisan.Studio\/\" \/>\n<meta property=\"article:modified_time\" content=\"2024-07-23T18:33:47+00:00\" \/>\n<meta property=\"og:image\" content=\"https:\/\/fredfloris.eu\/wp-content\/uploads\/2022\/05\/IMG_2228-scaled.jpg\" \/>\n\t<meta property=\"og:image:width\" content=\"2560\" \/>\n\t<meta property=\"og:image:height\" content=\"1707\" \/>\n\t<meta property=\"og:image:type\" content=\"image\/jpeg\" \/>\n<meta name=\"twitter:card\" content=\"summary_large_image\" \/>\n<meta name=\"twitter:site\" content=\"@_fredfloris_\" \/>\n<meta name=\"twitter:label1\" content=\"Est. reading time\" \/>\n\t<meta name=\"twitter:data1\" content=\"2 min\u016btes\" \/>\n<script type=\"application\/ld+json\" class=\"yoast-schema-graph\">{\"@context\":\"https:\/\/schema.org\",\"@graph\":[{\"@type\":\"WebPage\",\"@id\":\"https:\/\/fredfloris.eu\/productpage\/crystal-golden-swarovski-earrings\/\",\"url\":\"https:\/\/fredfloris.eu\/productpage\/crystal-golden-swarovski-earrings\/\",\"name\":\"Swarovski Crystal Drop Earrings with Sterling Silver Leverback | FredFloris\",\"isPartOf\":{\"@id\":\"https:\/\/fredfloris.eu\/#website\"},\"primaryImageOfPage\":{\"@id\":\"https:\/\/fredfloris.eu\/productpage\/crystal-golden-swarovski-earrings\/#primaryimage\"},\"image\":{\"@id\":\"https:\/\/fredfloris.eu\/productpage\/crystal-golden-swarovski-earrings\/#primaryimage\"},\"thumbnailUrl\":\"https:\/\/fredfloris.eu\/wp-content\/uploads\/2022\/05\/IMG_2228-scaled-e1740244428667.jpg\",\"datePublished\":\"2022-05-18T18:27:09+00:00\",\"dateModified\":\"2024-07-23T18:33:47+00:00\",\"description\":\"Our Swarovski crystal drop earrings are available with Platinum Plated & 24K Golden Plated 925 Sterling Silver leverback. The Perfect Birthday Present!\",\"breadcrumb\":{\"@id\":\"https:\/\/fredfloris.eu\/productpage\/crystal-golden-swarovski-earrings\/#breadcrumb\"},\"inLanguage\":\"lv-LV\",\"potentialAction\":[{\"@type\":\"ReadAction\",\"target\":[\"https:\/\/fredfloris.eu\/productpage\/crystal-golden-swarovski-earrings\/\"]}]},{\"@type\":\"ImageObject\",\"inLanguage\":\"lv-LV\",\"@id\":\"https:\/\/fredfloris.eu\/productpage\/crystal-golden-swarovski-earrings\/#primaryimage\",\"url\":\"https:\/\/fredfloris.eu\/wp-content\/uploads\/2022\/05\/IMG_2228-scaled-e1740244428667.jpg\",\"contentUrl\":\"https:\/\/fredfloris.eu\/wp-content\/uploads\/2022\/05\/IMG_2228-scaled-e1740244428667.jpg\",\"width\":1574,\"height\":1050,\"caption\":\"Product: Crystal Golden \u2013 Gold and Platinum Plated Silver\"},{\"@type\":\"BreadcrumbList\",\"@id\":\"https:\/\/fredfloris.eu\/productpage\/crystal-golden-swarovski-earrings\/#breadcrumb\",\"itemListElement\":[{\"@type\":\"ListItem\",\"position\":1,\"name\":\"Home\",\"item\":\"https:\/\/fredfloris.eu\/\"},{\"@type\":\"ListItem\",\"position\":2,\"name\":\"Shop\",\"item\":\"https:\/\/fredfloris.eu\/shop\/\"},{\"@type\":\"ListItem\",\"position\":3,\"name\":\"Crystal Golden &#8211; Leverback Swarovski Crystal Earrings\"}]},{\"@type\":\"WebSite\",\"@id\":\"https:\/\/fredfloris.eu\/#website\",\"url\":\"https:\/\/fredfloris.eu\/\",\"name\":\"FredFloris\",\"description\":\"Handcrafted Leathergoods - Made in Sweden\",\"publisher\":{\"@id\":\"https:\/\/fredfloris.eu\/#organization\"},\"potentialAction\":[{\"@type\":\"SearchAction\",\"target\":{\"@type\":\"EntryPoint\",\"urlTemplate\":\"https:\/\/fredfloris.eu\/?s={search_term_string}\"},\"query-input\":{\"@type\":\"PropertyValueSpecification\",\"valueRequired\":true,\"valueName\":\"search_term_string\"}}],\"inLanguage\":\"lv-LV\"},{\"@type\":\"Organization\",\"@id\":\"https:\/\/fredfloris.eu\/#organization\",\"name\":\"FredFloris\",\"url\":\"https:\/\/fredfloris.eu\/\",\"logo\":{\"@type\":\"ImageObject\",\"inLanguage\":\"lv-LV\",\"@id\":\"https:\/\/fredfloris.eu\/#\/schema\/logo\/image\/\",\"url\":\"https:\/\/fredfloris.eu\/wp-content\/uploads\/2022\/03\/FredFloris-med-hel-nal-och-text.png\",\"contentUrl\":\"https:\/\/fredfloris.eu\/wp-content\/uploads\/2022\/03\/FredFloris-med-hel-nal-och-text.png\",\"width\":591,\"height\":283,\"caption\":\"FredFloris\"},\"image\":{\"@id\":\"https:\/\/fredfloris.eu\/#\/schema\/logo\/image\/\"},\"sameAs\":[\"https:\/\/www.facebook.com\/FredFloris.Artisan.Studio\/\",\"https:\/\/x.com\/_fredfloris_\",\"https:\/\/www.instagram.com\/fredfloris.artisan.studio\/\"]}]}<\/script>\n<!-- \/ Yoast SEO plugin. -->","yoast_head_json":{"title":"Swarovski Krist\u0101la krist\u0101la auskari ar sudraba svira | FredFloris","description":"M\u016bsu Swarovski krist\u0101la krist\u0101la auskari ir pieejami ar plat\u012bna p\u0101rkl\u0101jumu un 24K zelta p\u0101rkl\u0101jumu 925 sudraba svira. Lieliska dzim\u0161anas dienas d\u0101vana!","robots":{"index":"index","follow":"follow","max-snippet":"max-snippet:-1","max-image-preview":"max-image-preview:large","max-video-preview":"max-video-preview:-1"},"canonical":"https:\/\/fredfloris.eu\/lv\/productpage\/crystal-golden-swarovski-earrings\/?wmc-currency=EUR","og_locale":"lv_LV","og_type":"article","og_title":"Swarovski Crystal Drop Earrings with Sterling Silver Leverback | FredFloris","og_description":"Our Swarovski crystal drop earrings are available with Platinum Plated & 24K Golden Plated 925 Sterling Silver leverback. The Perfect Birthday Present!","og_url":"https:\/\/fredfloris.eu\/lv\/productpage\/crystal-golden-swarovski-earrings\/?wmc-currency=EUR","og_site_name":"FredFloris","article_publisher":"https:\/\/www.facebook.com\/FredFloris.Artisan.Studio\/","article_modified_time":"2024-07-23T18:33:47+00:00","og_image":[{"width":2560,"height":1707,"url":"https:\/\/fredfloris.eu\/wp-content\/uploads\/2022\/05\/IMG_2228-scaled.jpg","type":"image\/jpeg"}],"twitter_card":"summary_large_image","twitter_site":"@_fredfloris_","twitter_misc":{"Est. reading time":"2 min\u016btes"},"schema":{"@context":"https:\/\/schema.org","@graph":[{"@type":"WebPage","@id":"https:\/\/fredfloris.eu\/productpage\/crystal-golden-swarovski-earrings\/","url":"https:\/\/fredfloris.eu\/productpage\/crystal-golden-swarovski-earrings\/","name":"Swarovski Krist\u0101la krist\u0101la auskari ar sudraba svira | FredFloris","isPartOf":{"@id":"https:\/\/fredfloris.eu\/#website"},"primaryImageOfPage":{"@id":"https:\/\/fredfloris.eu\/productpage\/crystal-golden-swarovski-earrings\/#primaryimage"},"image":{"@id":"https:\/\/fredfloris.eu\/productpage\/crystal-golden-swarovski-earrings\/#primaryimage"},"thumbnailUrl":"https:\/\/fredfloris.eu\/wp-content\/uploads\/2022\/05\/IMG_2228-scaled-e1740244428667.jpg","datePublished":"2022-05-18T18:27:09+00:00","dateModified":"2024-07-23T18:33:47+00:00","description":"M\u016bsu Swarovski krist\u0101la krist\u0101la auskari ir pieejami ar plat\u012bna p\u0101rkl\u0101jumu un 24K zelta p\u0101rkl\u0101jumu 925 sudraba svira. Lieliska dzim\u0161anas dienas d\u0101vana!","breadcrumb":{"@id":"https:\/\/fredfloris.eu\/productpage\/crystal-golden-swarovski-earrings\/#breadcrumb"},"inLanguage":"lv-LV","potentialAction":[{"@type":"ReadAction","target":["https:\/\/fredfloris.eu\/productpage\/crystal-golden-swarovski-earrings\/"]}]},{"@type":"ImageObject","inLanguage":"lv-LV","@id":"https:\/\/fredfloris.eu\/productpage\/crystal-golden-swarovski-earrings\/#primaryimage","url":"https:\/\/fredfloris.eu\/wp-content\/uploads\/2022\/05\/IMG_2228-scaled-e1740244428667.jpg","contentUrl":"https:\/\/fredfloris.eu\/wp-content\/uploads\/2022\/05\/IMG_2228-scaled-e1740244428667.jpg","width":1574,"height":1050,"caption":"Product: Crystal Golden \u2013 Gold and Platinum Plated Silver"},{"@type":"BreadcrumbList","@id":"https:\/\/fredfloris.eu\/productpage\/crystal-golden-swarovski-earrings\/#breadcrumb","itemListElement":[{"@type":"ListItem","position":1,"name":"Home","item":"https:\/\/fredfloris.eu\/"},{"@type":"ListItem","position":2,"name":"Shop","item":"https:\/\/fredfloris.eu\/shop\/"},{"@type":"ListItem","position":3,"name":"Crystal Golden &#8211; Leverback Swarovski Crystal Earrings"}]},{"@type":"WebSite","@id":"https:\/\/fredfloris.eu\/#website","url":"https:\/\/fredfloris.eu\/","name":"FredFloris","description":"Ar rok\u0101m darin\u0101ti \u0101das izstr\u0101d\u0101jumi - Ra\u017eots Zviedrij\u0101","publisher":{"@id":"https:\/\/fredfloris.eu\/#organization"},"potentialAction":[{"@type":"SearchAction","target":{"@type":"EntryPoint","urlTemplate":"https:\/\/fredfloris.eu\/?s={search_term_string}"},"query-input":{"@type":"PropertyValueSpecification","valueRequired":true,"valueName":"search_term_string"}}],"inLanguage":"lv-LV"},{"@type":"Organization","@id":"https:\/\/fredfloris.eu\/#organization","name":"FredFloris","url":"https:\/\/fredfloris.eu\/","logo":{"@type":"ImageObject","inLanguage":"lv-LV","@id":"https:\/\/fredfloris.eu\/#\/schema\/logo\/image\/","url":"https:\/\/fredfloris.eu\/wp-content\/uploads\/2022\/03\/FredFloris-med-hel-nal-och-text.png","contentUrl":"https:\/\/fredfloris.eu\/wp-content\/uploads\/2022\/03\/FredFloris-med-hel-nal-och-text.png","width":591,"height":283,"caption":"FredFloris"},"image":{"@id":"https:\/\/fredfloris.eu\/#\/schema\/logo\/image\/"},"sameAs":["https:\/\/www.facebook.com\/FredFloris.Artisan.Studio\/","https:\/\/x.com\/_fredfloris_","https:\/\/www.instagram.com\/fredfloris.artisan.studio\/"]}]}},"brands":[{"id":204,"name":"FredFloris &amp; Partner","slug":"fredfloris-partner"}],"_links":{"self":[{"href":"https:\/\/fredfloris.eu\/lv\/wp-json\/wp\/v2\/product\/5348","targetHints":{"allow":["GET"]}}],"collection":[{"href":"https:\/\/fredfloris.eu\/lv\/wp-json\/wp\/v2\/product"}],"about":[{"href":"https:\/\/fredfloris.eu\/lv\/wp-json\/wp\/v2\/types\/product"}],"version-history":[{"count":10,"href":"https:\/\/fredfloris.eu\/lv\/wp-json\/wp\/v2\/product\/5348\/revisions"}],"predecessor-version":[{"id":11165,"href":"https:\/\/fredfloris.eu\/lv\/wp-json\/wp\/v2\/product\/5348\/revisions\/11165"}],"wp:featuredmedia":[{"embeddable":true,"href":"https:\/\/fredfloris.eu\/lv\/wp-json\/wp\/v2\/media\/4836"}],"wp:attachment":[{"href":"https:\/\/fredfloris.eu\/lv\/wp-json\/wp\/v2\/media?parent=5348"}],"wp:term":[{"taxonomy":"pwb-brand","embeddable":true,"href":"https:\/\/fredfloris.eu\/lv\/wp-json\/wp\/v2\/pwb-brand?post=5348"},{"taxonomy":"product_brand","embeddable":true,"href":"https:\/\/fredfloris.eu\/lv\/wp-json\/wp\/v2\/product_brand?post=5348"},{"taxonomy":"product_cat","embeddable":true,"href":"https:\/\/fredfloris.eu\/lv\/wp-json\/wp\/v2\/product_cat?post=5348"},{"taxonomy":"product_tag","embeddable":true,"href":"https:\/\/fredfloris.eu\/lv\/wp-json\/wp\/v2\/product_tag?post=5348"},{"taxonomy":"woo-feed-brand","embeddable":true,"href":"https:\/\/fredfloris.eu\/lv\/wp-json\/wp\/v2\/woo-feed-brand?post=5348"}],"curies":[{"name":"wp","href":"https:\/\/api.w.org\/{rel}","templated":true}]}}