{"id":5392,"date":"2022-05-19T18:18:03","date_gmt":"2022-05-19T16:18:03","guid":{"rendered":"https:\/\/fredfloris.eu\/?post_type=product&#038;p=5392"},"modified":"2024-06-24T21:36:21","modified_gmt":"2024-06-24T19:36:21","slug":"notebooks-journals","status":"publish","type":"product","link":"https:\/\/fredfloris.eu\/lv\/productpage\/notebooks-journals\/","title":{"rendered":"Pap\u012bra lapas FredFloris dienasgr\u0101mat\u0101m"},"content":{"rendered":"<p><strong>Atkl\u0101jiet m\u016bsu daudzpus\u012bg\u0101s A5 form\u0101ta perfor\u0113t\u0101s lappuses ar l\u012bnijlap\u0101m, kas lieliski piem\u0113rotas \u0101tr\u0101m piez\u012bm\u0113m vai k\u0101 m\u0101kslas ski\u010du burtn\u012bca.<\/strong> \u0160\u012bs lappuses ir izstr\u0101d\u0101tas kop\u0101 ar m\u016bsu A5 <a href=\"https:\/\/fredfloris.eu\/lv\/productpage\/a5-journals\/?wmc-currency=EUR\">dienasgr\u0101matas <\/a>, kas \u013cauj izveidot stil\u012bgu un funkcion\u0101lu lapu komplektu cietajos v\u0101kos. Ide\u0101li piem\u0113rots person\u012bgai lieto\u0161anai vai biroj\u0101, kur ir svar\u012bgi \u0101tri veikt piez\u012bmes.<\/p>\n<p><strong>Produkta specifik\u0101cijas:<\/strong><\/p>\n<ul>\n<li><strong>Izm\u0113rs:<\/strong> A5<\/li>\n<li><strong>Videi draudz\u012bgi sertifik\u0101ti:<\/strong> pie\u0161\u0137irts Zieme\u013cvalstu gulbja ekomar\u0137\u0113jums un Easy On the Planet ekomar\u0137\u0113jums par vides ilgtsp\u0113ju.<\/li>\n<li><strong>Dizains:<\/strong> Perfor\u0113tas rindas, lai viegli izraut, un izkl\u0101ta l\u012bnija, lai rakst\u012btu gl\u012bti.<\/li>\n<li><strong>Lappu\u0161u skaits:<\/strong> 100<\/li>\n<li><strong>Saisto\u0161s:<\/strong> Aug\u0161pus\u0113 sa\u0161\u016bts ar skav\u0101m un nostiprin\u0101ts ar tekstilmateri\u0101la lentu, lai nodro\u0161in\u0101tu ilgm\u016b\u017e\u012bbu.<\/li>\n<\/ul>\n<p>&nbsp;<\/p>\n<p>\u0160\u012bs lapas ir lieliski piem\u0113rotas ikvienam - gan studentiem, gan profesion\u0101\u013ciem, nodro\u0161inot uzticamu un videi draudz\u012bgu izv\u0113li j\u016bsu rakst\u012b\u0161anas vajadz\u012bb\u0101m.<\/p>\n<p>&nbsp;<\/p>","protected":false},"excerpt":{"rendered":"<h5>Zieme\u013cvalstu gulbja ekomar\u0137\u0113jums<\/h5>\n<pre><\/pre>\n<p>S\u0101kot ar Zviedrijas, Norv\u0113\u0123ijas, Somijas un Islandes kop\u012bgiem centieniem par ilgtsp\u0113j\u012bg\u0101ku plan\u0113tu, 1989. gad\u0101 tika izveidots Zieme\u013cvalstu gulbju ekomar\u0137\u0113jums k\u0101 krit\u0113rijs bateriju ra\u017eo\u0161anai. Palielinoties pat\u0113r\u0113t\u0101ju izpratnei par vides jaut\u0101jumiem, pieauga ar\u012b Zieme\u013cvalstu gulbju ekomar\u0137\u0113juma p\u0101rkl\u0101jums. \u0160odien t\u0101 ir k\u013cuvusi par lielu organiz\u0101ciju, kas nodarbojas ar sabiedr\u012bbas ilgtsp\u0113jas veicin\u0101\u0161anu. Izmantojot stingru p\u0101rbaudes procesu, Nordic Swan ekomar\u0137\u0113jums p\u0101rbauda katra produkta \u0137\u012bmisko vielu izmanto\u0161anu, sertifik\u0101ciju un dokument\u0101ciju, lai nodro\u0161in\u0101tu atbilst\u012bbu Nordic Swan ekomar\u0137\u0113juma standartam. Nordic Swan Ecolabel katru gadu p\u0101rskata visu produktu un pakalpojumu krit\u0113rijus, lai nodro\u0161in\u0101tu, ka pras\u012bbas ir aktu\u0101las un atbilst tirgus pras\u012bb\u0101m.<\/p>\n<pre><\/pre>\n<h5>Viegli uz plan\u0113tas<\/h5>\n<pre><\/pre>\n<p>Programma Easy on the Planet sadarbojas ar klientiem, lai samazin\u0101tu ra\u017eo\u0161anas un materi\u0101lo pre\u010du ietekmi uz vidi. Ar \u0161\u012bm eti\u0137et\u0113m mar\u0137\u0113ti produkti, kas izgatavoti, iev\u0113rojot vides aizsardz\u012bbas pras\u012bbas, ir apz\u012bm\u0113ti ar iev\u0113rojamu Easy on the Plant vai EasyTree simbolu. Lai produktu var\u0113tu uzskat\u012bt par Easy on the Planet sertific\u0113tu, tas nedr\u012bkst satur\u0113t nek\u0101das vielas, kas rada lielas ba\u017eas, k\u0101 nor\u0101d\u012bts REACH kandid\u0101tvielu sarakst\u0101. Ieg\u0101d\u0101joties \u0161os produktus, pirc\u0113ji ne tikai pozit\u012bvi ietekm\u0113 vidi, bet ar\u012b samazina savu oglek\u013ca dioks\u012bda emisijas nospiedumu. Par katru ieg\u0101d\u0101tu Easy on the Planet sertific\u0113tu produktu Easy on the Planet organiz\u0101cija klienta v\u0101rd\u0101 iest\u0101d\u012bs vienu koku.<\/p>","protected":false},"featured_media":5367,"template":"","meta":[],"pwb-brand":[],"product_brand":[],"product_cat":[187,186],"product_tag":[193,191,135,192],"woo-feed-brand":[],"class_list":{"0":"post-5392","1":"product","2":"type-product","3":"status-publish","4":"has-post-thumbnail","6":"product_cat-accessories","7":"product_cat-notebooks","8":"product_tag-a5","9":"product_tag-draw","10":"product_tag-stocked","11":"product_tag-write","12":"product_shipping_class-midsized-goods","14":"first","15":"instock","16":"taxable","17":"shipping-taxable","18":"purchasable","19":"product-type-variable"},"yoast_head":"<!-- This site is optimized with the Yoast SEO plugin v27.2 - https:\/\/yoast.com\/product\/yoast-seo-wordpress\/ -->\n<title>Perforated Lined Notebooks For FredFloris Journals | FredFloris<\/title>\n<meta name=\"description\" content=\"Perforated lined notebooks and sketchbooks. Nordic Swan ecolabel notebook &amp; Easy on the Planet ecolabeled notebooks, perfect for quick notes\" \/>\n<meta name=\"robots\" content=\"index, follow, max-snippet:-1, max-image-preview:large, max-video-preview:-1\" \/>\n<link rel=\"canonical\" href=\"https:\/\/fredfloris.eu\/lv\/productpage\/notebooks-journals\/?wmc-currency=EUR\" \/>\n<meta property=\"og:locale\" content=\"lv_LV\" \/>\n<meta property=\"og:type\" content=\"article\" \/>\n<meta property=\"og:title\" content=\"Perforated Lined Notebooks For FredFloris Journals | FredFloris\" \/>\n<meta property=\"og:description\" content=\"Perforated lined notebooks and sketchbooks. Nordic Swan ecolabel notebook &amp; Easy on the Planet ecolabeled notebooks, perfect for quick notes\" \/>\n<meta property=\"og:url\" content=\"https:\/\/fredfloris.eu\/lv\/productpage\/notebooks-journals\/?wmc-currency=EUR\" \/>\n<meta property=\"og:site_name\" content=\"FredFloris\" \/>\n<meta property=\"article:publisher\" content=\"https:\/\/www.facebook.com\/FredFloris.Artisan.Studio\/\" \/>\n<meta property=\"article:modified_time\" content=\"2024-06-24T19:36:21+00:00\" \/>\n<meta property=\"og:image\" content=\"https:\/\/fredfloris.eu\/wp-content\/uploads\/2022\/05\/IMG_2765-scaled.jpg\" \/>\n\t<meta property=\"og:image:width\" content=\"2560\" \/>\n\t<meta property=\"og:image:height\" content=\"1707\" \/>\n\t<meta property=\"og:image:type\" content=\"image\/jpeg\" \/>\n<meta name=\"twitter:card\" content=\"summary_large_image\" \/>\n<meta name=\"twitter:site\" content=\"@_fredfloris_\" \/>\n<meta name=\"twitter:label1\" content=\"Est. reading time\" \/>\n\t<meta name=\"twitter:data1\" content=\"1 min\u016bte\" \/>\n<script type=\"application\/ld+json\" class=\"yoast-schema-graph\">{\"@context\":\"https:\/\/schema.org\",\"@graph\":[{\"@type\":\"WebPage\",\"@id\":\"https:\/\/fredfloris.eu\/productpage\/notebooks-journals\/\",\"url\":\"https:\/\/fredfloris.eu\/productpage\/notebooks-journals\/\",\"name\":\"Perforated Lined Notebooks For FredFloris Journals | FredFloris\",\"isPartOf\":{\"@id\":\"https:\/\/fredfloris.eu\/#website\"},\"primaryImageOfPage\":{\"@id\":\"https:\/\/fredfloris.eu\/productpage\/notebooks-journals\/#primaryimage\"},\"image\":{\"@id\":\"https:\/\/fredfloris.eu\/productpage\/notebooks-journals\/#primaryimage\"},\"thumbnailUrl\":\"https:\/\/fredfloris.eu\/wp-content\/uploads\/2022\/05\/IMG_2765-scaled.jpg\",\"datePublished\":\"2022-05-19T16:18:03+00:00\",\"dateModified\":\"2024-06-24T19:36:21+00:00\",\"description\":\"Perforated lined notebooks and sketchbooks. Nordic Swan ecolabel notebook & Easy on the Planet ecolabeled notebooks, perfect for quick notes\",\"breadcrumb\":{\"@id\":\"https:\/\/fredfloris.eu\/productpage\/notebooks-journals\/#breadcrumb\"},\"inLanguage\":\"lv-LV\",\"potentialAction\":[{\"@type\":\"ReadAction\",\"target\":[\"https:\/\/fredfloris.eu\/productpage\/notebooks-journals\/\"]}]},{\"@type\":\"ImageObject\",\"inLanguage\":\"lv-LV\",\"@id\":\"https:\/\/fredfloris.eu\/productpage\/notebooks-journals\/#primaryimage\",\"url\":\"https:\/\/fredfloris.eu\/wp-content\/uploads\/2022\/05\/IMG_2765-scaled.jpg\",\"contentUrl\":\"https:\/\/fredfloris.eu\/wp-content\/uploads\/2022\/05\/IMG_2765-scaled.jpg\",\"width\":2560,\"height\":1707,\"caption\":\"Product: Notebooks for FredFloris Journals\"},{\"@type\":\"BreadcrumbList\",\"@id\":\"https:\/\/fredfloris.eu\/productpage\/notebooks-journals\/#breadcrumb\",\"itemListElement\":[{\"@type\":\"ListItem\",\"position\":1,\"name\":\"Home\",\"item\":\"https:\/\/fredfloris.eu\/\"},{\"@type\":\"ListItem\",\"position\":2,\"name\":\"Shop\",\"item\":\"https:\/\/fredfloris.eu\/shop\/\"},{\"@type\":\"ListItem\",\"position\":3,\"name\":\"Papper Pages for FredFloris Daybooks\"}]},{\"@type\":\"WebSite\",\"@id\":\"https:\/\/fredfloris.eu\/#website\",\"url\":\"https:\/\/fredfloris.eu\/\",\"name\":\"FredFloris\",\"description\":\"Handcrafted Leathergoods - Made in Sweden\",\"publisher\":{\"@id\":\"https:\/\/fredfloris.eu\/#organization\"},\"potentialAction\":[{\"@type\":\"SearchAction\",\"target\":{\"@type\":\"EntryPoint\",\"urlTemplate\":\"https:\/\/fredfloris.eu\/?s={search_term_string}\"},\"query-input\":{\"@type\":\"PropertyValueSpecification\",\"valueRequired\":true,\"valueName\":\"search_term_string\"}}],\"inLanguage\":\"lv-LV\"},{\"@type\":\"Organization\",\"@id\":\"https:\/\/fredfloris.eu\/#organization\",\"name\":\"FredFloris\",\"url\":\"https:\/\/fredfloris.eu\/\",\"logo\":{\"@type\":\"ImageObject\",\"inLanguage\":\"lv-LV\",\"@id\":\"https:\/\/fredfloris.eu\/#\/schema\/logo\/image\/\",\"url\":\"https:\/\/fredfloris.eu\/wp-content\/uploads\/2022\/03\/FredFloris-med-hel-nal-och-text.png\",\"contentUrl\":\"https:\/\/fredfloris.eu\/wp-content\/uploads\/2022\/03\/FredFloris-med-hel-nal-och-text.png\",\"width\":591,\"height\":283,\"caption\":\"FredFloris\"},\"image\":{\"@id\":\"https:\/\/fredfloris.eu\/#\/schema\/logo\/image\/\"},\"sameAs\":[\"https:\/\/www.facebook.com\/FredFloris.Artisan.Studio\/\",\"https:\/\/x.com\/_fredfloris_\",\"https:\/\/www.instagram.com\/fredfloris.artisan.studio\/\"]}]}<\/script>\n<!-- \/ Yoast SEO plugin. -->","yoast_head_json":{"title":"Perfor\u0113ti bloci\u0146i FredFloris dienasgr\u0101mat\u0101m | FredFloris","description":"Perfor\u0113tas bloci\u0146i ar l\u012bnij\u0101m un ski\u010du burtn\u012bcas. Nordic Swan ekomar\u0137\u0113juma bloci\u0146\u0161 un Easy on the Planet ekomar\u0137\u0113juma bloci\u0146\u0161, kas lieliski piem\u0113rots \u0101tr\u0101m piez\u012bm\u0113m.","robots":{"index":"index","follow":"follow","max-snippet":"max-snippet:-1","max-image-preview":"max-image-preview:large","max-video-preview":"max-video-preview:-1"},"canonical":"https:\/\/fredfloris.eu\/lv\/productpage\/notebooks-journals\/?wmc-currency=EUR","og_locale":"lv_LV","og_type":"article","og_title":"Perforated Lined Notebooks For FredFloris Journals | FredFloris","og_description":"Perforated lined notebooks and sketchbooks. Nordic Swan ecolabel notebook & Easy on the Planet ecolabeled notebooks, perfect for quick notes","og_url":"https:\/\/fredfloris.eu\/lv\/productpage\/notebooks-journals\/?wmc-currency=EUR","og_site_name":"FredFloris","article_publisher":"https:\/\/www.facebook.com\/FredFloris.Artisan.Studio\/","article_modified_time":"2024-06-24T19:36:21+00:00","og_image":[{"width":2560,"height":1707,"url":"https:\/\/fredfloris.eu\/wp-content\/uploads\/2022\/05\/IMG_2765-scaled.jpg","type":"image\/jpeg"}],"twitter_card":"summary_large_image","twitter_site":"@_fredfloris_","twitter_misc":{"Est. reading time":"1 min\u016bte"},"schema":{"@context":"https:\/\/schema.org","@graph":[{"@type":"WebPage","@id":"https:\/\/fredfloris.eu\/productpage\/notebooks-journals\/","url":"https:\/\/fredfloris.eu\/productpage\/notebooks-journals\/","name":"Perfor\u0113ti bloci\u0146i FredFloris dienasgr\u0101mat\u0101m | FredFloris","isPartOf":{"@id":"https:\/\/fredfloris.eu\/#website"},"primaryImageOfPage":{"@id":"https:\/\/fredfloris.eu\/productpage\/notebooks-journals\/#primaryimage"},"image":{"@id":"https:\/\/fredfloris.eu\/productpage\/notebooks-journals\/#primaryimage"},"thumbnailUrl":"https:\/\/fredfloris.eu\/wp-content\/uploads\/2022\/05\/IMG_2765-scaled.jpg","datePublished":"2022-05-19T16:18:03+00:00","dateModified":"2024-06-24T19:36:21+00:00","description":"Perfor\u0113tas bloci\u0146i ar l\u012bnij\u0101m un ski\u010du burtn\u012bcas. Nordic Swan ekomar\u0137\u0113juma bloci\u0146\u0161 un Easy on the Planet ekomar\u0137\u0113juma bloci\u0146\u0161, kas lieliski piem\u0113rots \u0101tr\u0101m piez\u012bm\u0113m.","breadcrumb":{"@id":"https:\/\/fredfloris.eu\/productpage\/notebooks-journals\/#breadcrumb"},"inLanguage":"lv-LV","potentialAction":[{"@type":"ReadAction","target":["https:\/\/fredfloris.eu\/productpage\/notebooks-journals\/"]}]},{"@type":"ImageObject","inLanguage":"lv-LV","@id":"https:\/\/fredfloris.eu\/productpage\/notebooks-journals\/#primaryimage","url":"https:\/\/fredfloris.eu\/wp-content\/uploads\/2022\/05\/IMG_2765-scaled.jpg","contentUrl":"https:\/\/fredfloris.eu\/wp-content\/uploads\/2022\/05\/IMG_2765-scaled.jpg","width":2560,"height":1707,"caption":"Product: Notebooks for FredFloris Journals"},{"@type":"BreadcrumbList","@id":"https:\/\/fredfloris.eu\/productpage\/notebooks-journals\/#breadcrumb","itemListElement":[{"@type":"ListItem","position":1,"name":"Home","item":"https:\/\/fredfloris.eu\/"},{"@type":"ListItem","position":2,"name":"Shop","item":"https:\/\/fredfloris.eu\/shop\/"},{"@type":"ListItem","position":3,"name":"Papper Pages for FredFloris Daybooks"}]},{"@type":"WebSite","@id":"https:\/\/fredfloris.eu\/#website","url":"https:\/\/fredfloris.eu\/","name":"FredFloris","description":"Ar rok\u0101m darin\u0101ti \u0101das izstr\u0101d\u0101jumi - Ra\u017eots Zviedrij\u0101","publisher":{"@id":"https:\/\/fredfloris.eu\/#organization"},"potentialAction":[{"@type":"SearchAction","target":{"@type":"EntryPoint","urlTemplate":"https:\/\/fredfloris.eu\/?s={search_term_string}"},"query-input":{"@type":"PropertyValueSpecification","valueRequired":true,"valueName":"search_term_string"}}],"inLanguage":"lv-LV"},{"@type":"Organization","@id":"https:\/\/fredfloris.eu\/#organization","name":"FredFloris","url":"https:\/\/fredfloris.eu\/","logo":{"@type":"ImageObject","inLanguage":"lv-LV","@id":"https:\/\/fredfloris.eu\/#\/schema\/logo\/image\/","url":"https:\/\/fredfloris.eu\/wp-content\/uploads\/2022\/03\/FredFloris-med-hel-nal-och-text.png","contentUrl":"https:\/\/fredfloris.eu\/wp-content\/uploads\/2022\/03\/FredFloris-med-hel-nal-och-text.png","width":591,"height":283,"caption":"FredFloris"},"image":{"@id":"https:\/\/fredfloris.eu\/#\/schema\/logo\/image\/"},"sameAs":["https:\/\/www.facebook.com\/FredFloris.Artisan.Studio\/","https:\/\/x.com\/_fredfloris_","https:\/\/www.instagram.com\/fredfloris.artisan.studio\/"]}]}},"brands":[],"_links":{"self":[{"href":"https:\/\/fredfloris.eu\/lv\/wp-json\/wp\/v2\/product\/5392","targetHints":{"allow":["GET"]}}],"collection":[{"href":"https:\/\/fredfloris.eu\/lv\/wp-json\/wp\/v2\/product"}],"about":[{"href":"https:\/\/fredfloris.eu\/lv\/wp-json\/wp\/v2\/types\/product"}],"version-history":[{"count":6,"href":"https:\/\/fredfloris.eu\/lv\/wp-json\/wp\/v2\/product\/5392\/revisions"}],"predecessor-version":[{"id":11556,"href":"https:\/\/fredfloris.eu\/lv\/wp-json\/wp\/v2\/product\/5392\/revisions\/11556"}],"wp:featuredmedia":[{"embeddable":true,"href":"https:\/\/fredfloris.eu\/lv\/wp-json\/wp\/v2\/media\/5367"}],"wp:attachment":[{"href":"https:\/\/fredfloris.eu\/lv\/wp-json\/wp\/v2\/media?parent=5392"}],"wp:term":[{"taxonomy":"pwb-brand","embeddable":true,"href":"https:\/\/fredfloris.eu\/lv\/wp-json\/wp\/v2\/pwb-brand?post=5392"},{"taxonomy":"product_brand","embeddable":true,"href":"https:\/\/fredfloris.eu\/lv\/wp-json\/wp\/v2\/product_brand?post=5392"},{"taxonomy":"product_cat","embeddable":true,"href":"https:\/\/fredfloris.eu\/lv\/wp-json\/wp\/v2\/product_cat?post=5392"},{"taxonomy":"product_tag","embeddable":true,"href":"https:\/\/fredfloris.eu\/lv\/wp-json\/wp\/v2\/product_tag?post=5392"},{"taxonomy":"woo-feed-brand","embeddable":true,"href":"https:\/\/fredfloris.eu\/lv\/wp-json\/wp\/v2\/woo-feed-brand?post=5392"}],"curies":[{"name":"wp","href":"https:\/\/api.w.org\/{rel}","templated":true}]}}