{"id":8676,"date":"2022-06-22T22:09:00","date_gmt":"2022-06-22T20:09:00","guid":{"rendered":"https:\/\/fredfloris.eu\/?post_type=product&#038;p=8676"},"modified":"2024-06-24T19:37:43","modified_gmt":"2024-06-24T17:37:43","slug":"customize-dickens-shelley-or-keats-a5-journals","status":"publish","type":"product","link":"https:\/\/fredfloris.eu\/lv\/productpage\/customize-dickens-shelley-or-keats-a5-journals\/","title":{"rendered":"Piel\u0101got - Dikenss, \u0160ellijs vai K\u012btss - A5 \u017durn\u0101li"},"content":{"rendered":"<p>\u0160\u012b ir personaliz\u0101cijas lapa <a href=\"https:\/\/fredfloris.eu\/lv\/productpage\/a5-journals\/?wmc-currency=EUR\">Dikenss, \u0160ellijs vai K\u012btss - A5 \u017eurn\u0101li<\/a><\/p>\n<p>Lai ieg\u016btu visaptvero\u0161u rokasgr\u0101matu par r\u012bka lieto\u0161anu, skatiet m\u016bsu visp\u0101r\u0113jo rokasgr\u0101matu. <a href=\"https:\/\/fredfloris.eu\/lv\/personalize-guide\/?wmc-currency=EUR\">\u0161eit<\/a><\/p>\n<p>&nbsp;<\/p>\n<p>Ja v\u0113laties piel\u0101got \u0161o produktu, pievienojiet grozam gan produktu, gan savu dizainu. Personaliz\u0101cija nav papildus j\u0101maks\u0101, un t\u0101 tiek veikta, veicot apmaksu, lai m\u0113s var\u0113tu saska\u0146ot j\u016bsu pas\u016bt\u012bjumu ar j\u016bsu dizaina piepras\u012bjumu.<\/p>\n<p>Pievienojiet produktu groz\u0101 un p\u0113c tam redi\u0123\u0113jiet produktu dizaina port\u0101l\u0101. Vair\u0101k inform\u0101cijas par dizaina port\u0101la darb\u012bbu <a href=\"https:\/\/fredfloris.eu\/lv\/personalize-guide\/?wmc-currency=EUR\">var atrast \u0161eit.<\/a> Kad esat apmierin\u0101ts ar dizainu, pievienojiet to grozam.<\/p>\n<p>&nbsp;<\/p>\n<hr \/>\n<p>&nbsp;<\/p>\n<p style=\"text-align: left;\">Vai mekl\u0113jat iedvesmu? P\u0101rbaudiet bezmaksas resursus <a href=\"https:\/\/openclipart.org\/\" target=\"_new\" rel=\"noopener\">Atv\u0113rt klipu m\u0101kslu<\/a>, kur var atrast da\u017e\u0101dus l\u0101zergrav\u0113\u0161anai piem\u0113rotus att\u0113lus.<\/p>\n<p>Ja jums ir k\u0101di jaut\u0101jumi par l\u0101zergrav\u0113\u0161anas piepras\u012bjumu, l\u016bdzu, sazinieties ar mums.<\/p>\n<p>&nbsp;<\/p>","protected":false},"excerpt":{"rendered":"<p>\u0160im izstr\u0101d\u0101jumam varat izv\u0113l\u0113ties starp l\u0101zera grav\u0113jumu un termospiedes iesp\u0113ju uz \u0101r\u0113j\u0101s priek\u0161\u0113j\u0101s da\u013cas apak\u0161\u0113j\u0101 labaj\u0101 pus\u0113.<\/p>\n<p>Da\u017eu izstr\u0101d\u0101jumu dizain\u0101 var b\u016bt redzamas sarkanas l\u012bnijas, l\u016bdzu, nelieciet neko uz t\u0101m, jo t\u0101s nor\u0101da uz \u0161uves l\u012bnij\u0101m un cit\u0101m liet\u0101m.<\/p>","protected":false},"featured_media":8674,"template":"","meta":[],"pwb-brand":[],"product_brand":[],"product_cat":[15],"product_tag":[205,105],"woo-feed-brand":[],"class_list":{"0":"post-8676","1":"product","2":"type-product","3":"status-publish","4":"has-post-thumbnail","6":"product_cat-uncategorized","7":"product_tag-customize","8":"product_tag-made-to-order","10":"first","11":"instock","12":"taxable","13":"shipping-taxable","14":"purchasable","15":"product-type-simple"},"yoast_head":"<!-- This site is optimized with the Yoast SEO plugin v27.2 - https:\/\/yoast.com\/product\/yoast-seo-wordpress\/ -->\n<title>Customize - Dickens, Shelley or Keats - A5 Journals | FredFloris<\/title>\n<meta name=\"robots\" content=\"noindex, follow\" \/>\n<meta property=\"og:locale\" content=\"lv_LV\" \/>\n<meta property=\"og:type\" content=\"article\" \/>\n<meta property=\"og:title\" content=\"Customize - Dickens, Shelley or Keats - A5 Journals | FredFloris\" \/>\n<meta property=\"og:description\" content=\"On this product you may choose between a laser engraving and a heat press option on the exterior front bottom right.  Some product designs may show red lines please do not place anything on these as they indicate stitching lines and other things.\" \/>\n<meta property=\"og:url\" content=\"https:\/\/fredfloris.eu\/lv\/productpage\/customize-dickens-shelley-or-keats-a5-journals\/?wmc-currency=EUR\" \/>\n<meta property=\"og:site_name\" content=\"FredFloris\" \/>\n<meta property=\"article:publisher\" content=\"https:\/\/www.facebook.com\/FredFloris.Artisan.Studio\/\" \/>\n<meta property=\"article:modified_time\" content=\"2024-06-24T17:37:43+00:00\" \/>\n<meta property=\"og:image\" content=\"https:\/\/fredfloris.eu\/wp-content\/uploads\/2022\/06\/Journal-A5-Inside-scaled.jpg\" \/>\n\t<meta property=\"og:image:width\" content=\"2560\" \/>\n\t<meta property=\"og:image:height\" content=\"2134\" \/>\n\t<meta property=\"og:image:type\" content=\"image\/jpeg\" \/>\n<meta name=\"twitter:card\" content=\"summary_large_image\" \/>\n<meta name=\"twitter:site\" content=\"@_fredfloris_\" \/>\n<meta name=\"twitter:label1\" content=\"Est. reading time\" \/>\n\t<meta name=\"twitter:data1\" content=\"1 min\u016bte\" \/>\n<script type=\"application\/ld+json\" class=\"yoast-schema-graph\">{\"@context\":\"https:\/\/schema.org\",\"@graph\":[{\"@type\":\"WebPage\",\"@id\":\"https:\/\/fredfloris.eu\/productpage\/customize-dickens-shelley-or-keats-a5-journals\/\",\"url\":\"https:\/\/fredfloris.eu\/productpage\/customize-dickens-shelley-or-keats-a5-journals\/\",\"name\":\"Customize - Dickens, Shelley or Keats - A5 Journals | FredFloris\",\"isPartOf\":{\"@id\":\"https:\/\/fredfloris.eu\/#website\"},\"primaryImageOfPage\":{\"@id\":\"https:\/\/fredfloris.eu\/productpage\/customize-dickens-shelley-or-keats-a5-journals\/#primaryimage\"},\"image\":{\"@id\":\"https:\/\/fredfloris.eu\/productpage\/customize-dickens-shelley-or-keats-a5-journals\/#primaryimage\"},\"thumbnailUrl\":\"https:\/\/fredfloris.eu\/wp-content\/uploads\/2022\/06\/Journal-A5-Inside-scaled.jpg\",\"datePublished\":\"2022-06-22T20:09:00+00:00\",\"dateModified\":\"2024-06-24T17:37:43+00:00\",\"breadcrumb\":{\"@id\":\"https:\/\/fredfloris.eu\/productpage\/customize-dickens-shelley-or-keats-a5-journals\/#breadcrumb\"},\"inLanguage\":\"lv-LV\",\"potentialAction\":[{\"@type\":\"ReadAction\",\"target\":[\"https:\/\/fredfloris.eu\/productpage\/customize-dickens-shelley-or-keats-a5-journals\/\"]}]},{\"@type\":\"ImageObject\",\"inLanguage\":\"lv-LV\",\"@id\":\"https:\/\/fredfloris.eu\/productpage\/customize-dickens-shelley-or-keats-a5-journals\/#primaryimage\",\"url\":\"https:\/\/fredfloris.eu\/wp-content\/uploads\/2022\/06\/Journal-A5-Inside-scaled.jpg\",\"contentUrl\":\"https:\/\/fredfloris.eu\/wp-content\/uploads\/2022\/06\/Journal-A5-Inside-scaled.jpg\",\"width\":2560,\"height\":2134,\"caption\":\"Product: Dickens, Shelley or Keats - A5 Journals CUSTOMIZE\"},{\"@type\":\"BreadcrumbList\",\"@id\":\"https:\/\/fredfloris.eu\/productpage\/customize-dickens-shelley-or-keats-a5-journals\/#breadcrumb\",\"itemListElement\":[{\"@type\":\"ListItem\",\"position\":1,\"name\":\"Home\",\"item\":\"https:\/\/fredfloris.eu\/\"},{\"@type\":\"ListItem\",\"position\":2,\"name\":\"Shop\",\"item\":\"https:\/\/fredfloris.eu\/shop\/\"},{\"@type\":\"ListItem\",\"position\":3,\"name\":\"Customize &#8211; Dickens, Shelley or Keats &#8211; A5 Journals\"}]},{\"@type\":\"WebSite\",\"@id\":\"https:\/\/fredfloris.eu\/#website\",\"url\":\"https:\/\/fredfloris.eu\/\",\"name\":\"FredFloris\",\"description\":\"Handcrafted Leathergoods - Made in Sweden\",\"publisher\":{\"@id\":\"https:\/\/fredfloris.eu\/#organization\"},\"potentialAction\":[{\"@type\":\"SearchAction\",\"target\":{\"@type\":\"EntryPoint\",\"urlTemplate\":\"https:\/\/fredfloris.eu\/?s={search_term_string}\"},\"query-input\":{\"@type\":\"PropertyValueSpecification\",\"valueRequired\":true,\"valueName\":\"search_term_string\"}}],\"inLanguage\":\"lv-LV\"},{\"@type\":\"Organization\",\"@id\":\"https:\/\/fredfloris.eu\/#organization\",\"name\":\"FredFloris\",\"url\":\"https:\/\/fredfloris.eu\/\",\"logo\":{\"@type\":\"ImageObject\",\"inLanguage\":\"lv-LV\",\"@id\":\"https:\/\/fredfloris.eu\/#\/schema\/logo\/image\/\",\"url\":\"https:\/\/fredfloris.eu\/wp-content\/uploads\/2022\/03\/FredFloris-med-hel-nal-och-text.png\",\"contentUrl\":\"https:\/\/fredfloris.eu\/wp-content\/uploads\/2022\/03\/FredFloris-med-hel-nal-och-text.png\",\"width\":591,\"height\":283,\"caption\":\"FredFloris\"},\"image\":{\"@id\":\"https:\/\/fredfloris.eu\/#\/schema\/logo\/image\/\"},\"sameAs\":[\"https:\/\/www.facebook.com\/FredFloris.Artisan.Studio\/\",\"https:\/\/x.com\/_fredfloris_\",\"https:\/\/www.instagram.com\/fredfloris.artisan.studio\/\"]}]}<\/script>\n<!-- \/ Yoast SEO plugin. -->","yoast_head_json":{"title":"Piel\u0101go\u0161ana - Dickens, Shelley or Keats - A5 Journals | FredFloris","robots":{"index":"noindex","follow":"follow"},"og_locale":"lv_LV","og_type":"article","og_title":"Customize - Dickens, Shelley or Keats - A5 Journals | FredFloris","og_description":"On this product you may choose between a laser engraving and a heat press option on the exterior front bottom right.  Some product designs may show red lines please do not place anything on these as they indicate stitching lines and other things.","og_url":"https:\/\/fredfloris.eu\/lv\/productpage\/customize-dickens-shelley-or-keats-a5-journals\/?wmc-currency=EUR","og_site_name":"FredFloris","article_publisher":"https:\/\/www.facebook.com\/FredFloris.Artisan.Studio\/","article_modified_time":"2024-06-24T17:37:43+00:00","og_image":[{"width":2560,"height":2134,"url":"https:\/\/fredfloris.eu\/wp-content\/uploads\/2022\/06\/Journal-A5-Inside-scaled.jpg","type":"image\/jpeg"}],"twitter_card":"summary_large_image","twitter_site":"@_fredfloris_","twitter_misc":{"Est. reading time":"1 min\u016bte"},"schema":{"@context":"https:\/\/schema.org","@graph":[{"@type":"WebPage","@id":"https:\/\/fredfloris.eu\/productpage\/customize-dickens-shelley-or-keats-a5-journals\/","url":"https:\/\/fredfloris.eu\/productpage\/customize-dickens-shelley-or-keats-a5-journals\/","name":"Piel\u0101go\u0161ana - Dickens, Shelley or Keats - A5 Journals | FredFloris","isPartOf":{"@id":"https:\/\/fredfloris.eu\/#website"},"primaryImageOfPage":{"@id":"https:\/\/fredfloris.eu\/productpage\/customize-dickens-shelley-or-keats-a5-journals\/#primaryimage"},"image":{"@id":"https:\/\/fredfloris.eu\/productpage\/customize-dickens-shelley-or-keats-a5-journals\/#primaryimage"},"thumbnailUrl":"https:\/\/fredfloris.eu\/wp-content\/uploads\/2022\/06\/Journal-A5-Inside-scaled.jpg","datePublished":"2022-06-22T20:09:00+00:00","dateModified":"2024-06-24T17:37:43+00:00","breadcrumb":{"@id":"https:\/\/fredfloris.eu\/productpage\/customize-dickens-shelley-or-keats-a5-journals\/#breadcrumb"},"inLanguage":"lv-LV","potentialAction":[{"@type":"ReadAction","target":["https:\/\/fredfloris.eu\/productpage\/customize-dickens-shelley-or-keats-a5-journals\/"]}]},{"@type":"ImageObject","inLanguage":"lv-LV","@id":"https:\/\/fredfloris.eu\/productpage\/customize-dickens-shelley-or-keats-a5-journals\/#primaryimage","url":"https:\/\/fredfloris.eu\/wp-content\/uploads\/2022\/06\/Journal-A5-Inside-scaled.jpg","contentUrl":"https:\/\/fredfloris.eu\/wp-content\/uploads\/2022\/06\/Journal-A5-Inside-scaled.jpg","width":2560,"height":2134,"caption":"Product: Dickens, Shelley or Keats - A5 Journals CUSTOMIZE"},{"@type":"BreadcrumbList","@id":"https:\/\/fredfloris.eu\/productpage\/customize-dickens-shelley-or-keats-a5-journals\/#breadcrumb","itemListElement":[{"@type":"ListItem","position":1,"name":"Home","item":"https:\/\/fredfloris.eu\/"},{"@type":"ListItem","position":2,"name":"Shop","item":"https:\/\/fredfloris.eu\/shop\/"},{"@type":"ListItem","position":3,"name":"Customize &#8211; Dickens, Shelley or Keats &#8211; A5 Journals"}]},{"@type":"WebSite","@id":"https:\/\/fredfloris.eu\/#website","url":"https:\/\/fredfloris.eu\/","name":"FredFloris","description":"Ar rok\u0101m darin\u0101ti \u0101das izstr\u0101d\u0101jumi - Ra\u017eots Zviedrij\u0101","publisher":{"@id":"https:\/\/fredfloris.eu\/#organization"},"potentialAction":[{"@type":"SearchAction","target":{"@type":"EntryPoint","urlTemplate":"https:\/\/fredfloris.eu\/?s={search_term_string}"},"query-input":{"@type":"PropertyValueSpecification","valueRequired":true,"valueName":"search_term_string"}}],"inLanguage":"lv-LV"},{"@type":"Organization","@id":"https:\/\/fredfloris.eu\/#organization","name":"FredFloris","url":"https:\/\/fredfloris.eu\/","logo":{"@type":"ImageObject","inLanguage":"lv-LV","@id":"https:\/\/fredfloris.eu\/#\/schema\/logo\/image\/","url":"https:\/\/fredfloris.eu\/wp-content\/uploads\/2022\/03\/FredFloris-med-hel-nal-och-text.png","contentUrl":"https:\/\/fredfloris.eu\/wp-content\/uploads\/2022\/03\/FredFloris-med-hel-nal-och-text.png","width":591,"height":283,"caption":"FredFloris"},"image":{"@id":"https:\/\/fredfloris.eu\/#\/schema\/logo\/image\/"},"sameAs":["https:\/\/www.facebook.com\/FredFloris.Artisan.Studio\/","https:\/\/x.com\/_fredfloris_","https:\/\/www.instagram.com\/fredfloris.artisan.studio\/"]}]}},"brands":[],"_links":{"self":[{"href":"https:\/\/fredfloris.eu\/lv\/wp-json\/wp\/v2\/product\/8676","targetHints":{"allow":["GET"]}}],"collection":[{"href":"https:\/\/fredfloris.eu\/lv\/wp-json\/wp\/v2\/product"}],"about":[{"href":"https:\/\/fredfloris.eu\/lv\/wp-json\/wp\/v2\/types\/product"}],"version-history":[{"count":10,"href":"https:\/\/fredfloris.eu\/lv\/wp-json\/wp\/v2\/product\/8676\/revisions"}],"predecessor-version":[{"id":11499,"href":"https:\/\/fredfloris.eu\/lv\/wp-json\/wp\/v2\/product\/8676\/revisions\/11499"}],"wp:featuredmedia":[{"embeddable":true,"href":"https:\/\/fredfloris.eu\/lv\/wp-json\/wp\/v2\/media\/8674"}],"wp:attachment":[{"href":"https:\/\/fredfloris.eu\/lv\/wp-json\/wp\/v2\/media?parent=8676"}],"wp:term":[{"taxonomy":"pwb-brand","embeddable":true,"href":"https:\/\/fredfloris.eu\/lv\/wp-json\/wp\/v2\/pwb-brand?post=8676"},{"taxonomy":"product_brand","embeddable":true,"href":"https:\/\/fredfloris.eu\/lv\/wp-json\/wp\/v2\/product_brand?post=8676"},{"taxonomy":"product_cat","embeddable":true,"href":"https:\/\/fredfloris.eu\/lv\/wp-json\/wp\/v2\/product_cat?post=8676"},{"taxonomy":"product_tag","embeddable":true,"href":"https:\/\/fredfloris.eu\/lv\/wp-json\/wp\/v2\/product_tag?post=8676"},{"taxonomy":"woo-feed-brand","embeddable":true,"href":"https:\/\/fredfloris.eu\/lv\/wp-json\/wp\/v2\/woo-feed-brand?post=8676"}],"curies":[{"name":"wp","href":"https:\/\/api.w.org\/{rel}","templated":true}]}}