{"id":9905,"date":"2022-08-21T15:06:55","date_gmt":"2022-08-21T13:06:55","guid":{"rendered":"https:\/\/fredfloris.eu\/?post_type=product&#038;p=9905"},"modified":"2025-02-22T19:54:15","modified_gmt":"2025-02-22T17:54:15","slug":"smalandijs-leather-cufflinks","status":"publish","type":"product","link":"https:\/\/fredfloris.eu\/lv\/productpage\/smalandijs-leather-cufflinks\/","title":{"rendered":"Smalandijs - \u0100das apro\u010du pogas"},"content":{"rendered":"<p><strong>Ieguldiet sav\u0101 identit\u0101t\u0113 ar m\u016bsu \u0101das apro\u010du pog\u0101m. Personaliz\u0113jiet t\u0101s ar saviem inici\u0101\u013ciem, kas uzspiesti ar termopreses vai zelta folijas pal\u012bdz\u012bbu. T\u0101s simboliz\u0113 pan\u0101kumus un apliecina j\u016bsu centienus. Sav\u0101 dz\u012bv\u0113 j\u016bs tiecaties izveidot palieko\u0161u mantojumu - vai t\u0101 b\u016btu karjera, \u0123imene vai abi.<\/strong><\/p>\n<p><strong>Lieliski piem\u0113rots k\u0101 person\u012bga d\u0101vana:<\/strong> \u0160\u012bs apro\u010du pogas ir ide\u0101la d\u0101vana \u0123imenes locek\u013ciem. Neatkar\u012bgi no t\u0101, vai t\u0101 ir d\u0101vana no t\u0113va vai sievas, tas ir v\u0113rt\u012bgs atg\u0101din\u0101jums par j\u016bsu m\u012blest\u012bbu.<\/p>\n<p><strong>Produkta specifik\u0101cijas:<\/strong><\/p>\n<ul>\n<li><strong>Materi\u0101ls:<\/strong> Zviedru augu miec\u0113ta pilngraudu \u0101da ar ner\u016bs\u0113jo\u0161\u0101 t\u0113rauda pamatni<\/li>\n<li><strong>Personaliz\u0113\u0161ana:<\/strong> Pieejams bezmaksas piel\u0101gotais iz\u0161uvums<\/li>\n<li><strong>Iek\u0161\u0113jais diametrs:<\/strong> 16 mm<\/li>\n<li><strong>Svars:<\/strong> Aptuveni 12 grami uz p\u0101ri<\/li>\n<li><strong>Pieejam\u0101s kr\u0101sas:<\/strong> Melns, tum\u0161i br\u016bns, br\u016bns, zili za\u013c\u0161, tum\u0161i dzeltens un tum\u0161s Cognac<\/li>\n<li><strong>Funkcijas:<\/strong> Nesatur ni\u0137eli un ir hipoaler\u0123isks, t\u0101p\u0113c nerada \u0101das kairin\u0101jumu.<\/li>\n<\/ul>\n<p>&nbsp;<\/p>\n<p>Mekl\u0113\u0161anas v\u0101rdi: Personaliz\u0113tas klasisk\u0101s apro\u010du pogas, \u0101das apro\u010du pogas<\/p>","protected":false},"excerpt":{"rendered":"<p><strong>PRODUKTA IZM\u0112RI - <\/strong>Izstr\u0101d\u0101juma svars: 12 g (p\u0101ris), Man\u0161etes iek\u0161\u0113jais diametrs: 16 mm.<\/p>\n<p>Pieejams ar ner\u016bs\u0113jo\u0161\u0101 t\u0113rauda pamatni<\/p>\n<pre><\/pre>\n<p>\u0160is produkts ir izgatavots no dab\u012bga materi\u0101la: kr\u0101sa un biezums var at\u0161\u0137irties.<\/p>","protected":false},"featured_media":9910,"template":"","meta":[],"pwb-brand":[204],"product_brand":[],"product_cat":[118,101,119],"product_tag":[123,147,105],"woo-feed-brand":[],"class_list":{"0":"post-9905","1":"product","2":"type-product","3":"status-publish","4":"has-post-thumbnail","6":"pwb-brand-fredfloris-partner","7":"product_cat-cufflinks","8":"product_cat-jewelry","9":"product_cat-personalised-cufflinks","10":"product_tag-full-grain-leather","11":"product_tag-heat-imprint","12":"product_tag-made-to-order","13":"product_shipping_class-small-goods","14":"pa_cufflink-base-stainless-steel-aisi","15":"pa_leather-colour-black-croupon-swedish","16":"pa_leather-colour-petrol-waxed","17":"pa_leather-colour-brown-croupon-swedish","18":"pa_leather-colour-dbrown-croupon-swedish","19":"pa_leather-colour-dark-cognac-waxed","20":"pa_leather-colour-mustard-waxed","22":"first","23":"instock","24":"taxable","25":"shipping-taxable","26":"purchasable","27":"product-type-variable","28":"has-default-attributes"},"yoast_head":"<!-- This site is optimized with the Yoast SEO plugin v27.2 - https:\/\/yoast.com\/product\/yoast-seo-wordpress\/ -->\n<title>Smalandijs - Leather Cufflinks | FredFloris<\/title>\n<meta name=\"description\" content=\"With our personalised leather cufflinks, you can invest in your name. Your initials can be applied by heat press or gold foiling making it custom to you.\" \/>\n<meta name=\"robots\" content=\"index, follow, max-snippet:-1, max-image-preview:large, max-video-preview:-1\" \/>\n<link rel=\"canonical\" href=\"https:\/\/fredfloris.eu\/lv\/productpage\/smalandijs-leather-cufflinks\/?wmc-currency=EUR\" \/>\n<meta property=\"og:locale\" content=\"lv_LV\" \/>\n<meta property=\"og:type\" content=\"article\" \/>\n<meta property=\"og:title\" content=\"Smalandijs - Leather Cufflinks | FredFloris\" \/>\n<meta property=\"og:description\" content=\"With our personalised leather cufflinks, you can invest in your name. Your initials can be applied by heat press or gold foiling making it custom to you.\" \/>\n<meta property=\"og:url\" content=\"https:\/\/fredfloris.eu\/lv\/productpage\/smalandijs-leather-cufflinks\/?wmc-currency=EUR\" \/>\n<meta property=\"og:site_name\" content=\"FredFloris\" \/>\n<meta property=\"article:publisher\" content=\"https:\/\/www.facebook.com\/FredFloris.Artisan.Studio\/\" \/>\n<meta property=\"article:modified_time\" content=\"2025-02-22T17:54:15+00:00\" \/>\n<meta property=\"og:image\" content=\"https:\/\/fredfloris.eu\/wp-content\/uploads\/2022\/08\/IMG_2925-scaled.jpg\" \/>\n\t<meta property=\"og:image:width\" content=\"2560\" \/>\n\t<meta property=\"og:image:height\" content=\"1707\" \/>\n\t<meta property=\"og:image:type\" content=\"image\/jpeg\" \/>\n<meta name=\"twitter:card\" content=\"summary_large_image\" \/>\n<meta name=\"twitter:site\" content=\"@_fredfloris_\" \/>\n<meta name=\"twitter:label1\" content=\"Est. reading time\" \/>\n\t<meta name=\"twitter:data1\" content=\"1 min\u016bte\" \/>\n<script type=\"application\/ld+json\" class=\"yoast-schema-graph\">{\"@context\":\"https:\/\/schema.org\",\"@graph\":[{\"@type\":\"WebPage\",\"@id\":\"https:\/\/fredfloris.eu\/productpage\/smalandijs-leather-cufflinks\/\",\"url\":\"https:\/\/fredfloris.eu\/productpage\/smalandijs-leather-cufflinks\/\",\"name\":\"Smalandijs - Leather Cufflinks | FredFloris\",\"isPartOf\":{\"@id\":\"https:\/\/fredfloris.eu\/#website\"},\"primaryImageOfPage\":{\"@id\":\"https:\/\/fredfloris.eu\/productpage\/smalandijs-leather-cufflinks\/#primaryimage\"},\"image\":{\"@id\":\"https:\/\/fredfloris.eu\/productpage\/smalandijs-leather-cufflinks\/#primaryimage\"},\"thumbnailUrl\":\"https:\/\/fredfloris.eu\/wp-content\/uploads\/2022\/08\/IMG_2925-scaled.jpg\",\"datePublished\":\"2022-08-21T13:06:55+00:00\",\"dateModified\":\"2025-02-22T17:54:15+00:00\",\"description\":\"With our personalised leather cufflinks, you can invest in your name. Your initials can be applied by heat press or gold foiling making it custom to you.\",\"breadcrumb\":{\"@id\":\"https:\/\/fredfloris.eu\/productpage\/smalandijs-leather-cufflinks\/#breadcrumb\"},\"inLanguage\":\"lv-LV\",\"potentialAction\":[{\"@type\":\"ReadAction\",\"target\":[\"https:\/\/fredfloris.eu\/productpage\/smalandijs-leather-cufflinks\/\"]}]},{\"@type\":\"ImageObject\",\"inLanguage\":\"lv-LV\",\"@id\":\"https:\/\/fredfloris.eu\/productpage\/smalandijs-leather-cufflinks\/#primaryimage\",\"url\":\"https:\/\/fredfloris.eu\/wp-content\/uploads\/2022\/08\/IMG_2925-scaled.jpg\",\"contentUrl\":\"https:\/\/fredfloris.eu\/wp-content\/uploads\/2022\/08\/IMG_2925-scaled.jpg\",\"width\":2560,\"height\":1707,\"caption\":\"Product: Smalandijs - Leather Cufflinks \u2013 Dark Brown, Brown and Black Leather \u2013 Stainless Steel\"},{\"@type\":\"BreadcrumbList\",\"@id\":\"https:\/\/fredfloris.eu\/productpage\/smalandijs-leather-cufflinks\/#breadcrumb\",\"itemListElement\":[{\"@type\":\"ListItem\",\"position\":1,\"name\":\"Home\",\"item\":\"https:\/\/fredfloris.eu\/\"},{\"@type\":\"ListItem\",\"position\":2,\"name\":\"Shop\",\"item\":\"https:\/\/fredfloris.eu\/shop\/\"},{\"@type\":\"ListItem\",\"position\":3,\"name\":\"Smalandijs &#8211; Leather Cufflinks\"}]},{\"@type\":\"WebSite\",\"@id\":\"https:\/\/fredfloris.eu\/#website\",\"url\":\"https:\/\/fredfloris.eu\/\",\"name\":\"FredFloris\",\"description\":\"Handcrafted Leathergoods - Made in Sweden\",\"publisher\":{\"@id\":\"https:\/\/fredfloris.eu\/#organization\"},\"potentialAction\":[{\"@type\":\"SearchAction\",\"target\":{\"@type\":\"EntryPoint\",\"urlTemplate\":\"https:\/\/fredfloris.eu\/?s={search_term_string}\"},\"query-input\":{\"@type\":\"PropertyValueSpecification\",\"valueRequired\":true,\"valueName\":\"search_term_string\"}}],\"inLanguage\":\"lv-LV\"},{\"@type\":\"Organization\",\"@id\":\"https:\/\/fredfloris.eu\/#organization\",\"name\":\"FredFloris\",\"url\":\"https:\/\/fredfloris.eu\/\",\"logo\":{\"@type\":\"ImageObject\",\"inLanguage\":\"lv-LV\",\"@id\":\"https:\/\/fredfloris.eu\/#\/schema\/logo\/image\/\",\"url\":\"https:\/\/fredfloris.eu\/wp-content\/uploads\/2022\/03\/FredFloris-med-hel-nal-och-text.png\",\"contentUrl\":\"https:\/\/fredfloris.eu\/wp-content\/uploads\/2022\/03\/FredFloris-med-hel-nal-och-text.png\",\"width\":591,\"height\":283,\"caption\":\"FredFloris\"},\"image\":{\"@id\":\"https:\/\/fredfloris.eu\/#\/schema\/logo\/image\/\"},\"sameAs\":[\"https:\/\/www.facebook.com\/FredFloris.Artisan.Studio\/\",\"https:\/\/x.com\/_fredfloris_\",\"https:\/\/www.instagram.com\/fredfloris.artisan.studio\/\"]}]}<\/script>\n<!-- \/ Yoast SEO plugin. -->","yoast_head_json":{"title":"Smalandijs - \u0100das apro\u010du pogas | FredFloris","description":"Izmantojot m\u016bsu personaliz\u0113t\u0101s \u0101das apro\u010du pogas, j\u016bs varat ieguld\u012bt savu v\u0101rdu. J\u016bsu inici\u0101\u013cus var uzspiest, izmantojot termopresi vai zelta foliju, padarot tos piel\u0101gotus jums.","robots":{"index":"index","follow":"follow","max-snippet":"max-snippet:-1","max-image-preview":"max-image-preview:large","max-video-preview":"max-video-preview:-1"},"canonical":"https:\/\/fredfloris.eu\/lv\/productpage\/smalandijs-leather-cufflinks\/?wmc-currency=EUR","og_locale":"lv_LV","og_type":"article","og_title":"Smalandijs - Leather Cufflinks | FredFloris","og_description":"With our personalised leather cufflinks, you can invest in your name. Your initials can be applied by heat press or gold foiling making it custom to you.","og_url":"https:\/\/fredfloris.eu\/lv\/productpage\/smalandijs-leather-cufflinks\/?wmc-currency=EUR","og_site_name":"FredFloris","article_publisher":"https:\/\/www.facebook.com\/FredFloris.Artisan.Studio\/","article_modified_time":"2025-02-22T17:54:15+00:00","og_image":[{"width":2560,"height":1707,"url":"https:\/\/fredfloris.eu\/wp-content\/uploads\/2022\/08\/IMG_2925-scaled.jpg","type":"image\/jpeg"}],"twitter_card":"summary_large_image","twitter_site":"@_fredfloris_","twitter_misc":{"Est. reading time":"1 min\u016bte"},"schema":{"@context":"https:\/\/schema.org","@graph":[{"@type":"WebPage","@id":"https:\/\/fredfloris.eu\/productpage\/smalandijs-leather-cufflinks\/","url":"https:\/\/fredfloris.eu\/productpage\/smalandijs-leather-cufflinks\/","name":"Smalandijs - \u0100das apro\u010du pogas | FredFloris","isPartOf":{"@id":"https:\/\/fredfloris.eu\/#website"},"primaryImageOfPage":{"@id":"https:\/\/fredfloris.eu\/productpage\/smalandijs-leather-cufflinks\/#primaryimage"},"image":{"@id":"https:\/\/fredfloris.eu\/productpage\/smalandijs-leather-cufflinks\/#primaryimage"},"thumbnailUrl":"https:\/\/fredfloris.eu\/wp-content\/uploads\/2022\/08\/IMG_2925-scaled.jpg","datePublished":"2022-08-21T13:06:55+00:00","dateModified":"2025-02-22T17:54:15+00:00","description":"Izmantojot m\u016bsu personaliz\u0113t\u0101s \u0101das apro\u010du pogas, j\u016bs varat ieguld\u012bt savu v\u0101rdu. J\u016bsu inici\u0101\u013cus var uzspiest, izmantojot termopresi vai zelta foliju, padarot tos piel\u0101gotus jums.","breadcrumb":{"@id":"https:\/\/fredfloris.eu\/productpage\/smalandijs-leather-cufflinks\/#breadcrumb"},"inLanguage":"lv-LV","potentialAction":[{"@type":"ReadAction","target":["https:\/\/fredfloris.eu\/productpage\/smalandijs-leather-cufflinks\/"]}]},{"@type":"ImageObject","inLanguage":"lv-LV","@id":"https:\/\/fredfloris.eu\/productpage\/smalandijs-leather-cufflinks\/#primaryimage","url":"https:\/\/fredfloris.eu\/wp-content\/uploads\/2022\/08\/IMG_2925-scaled.jpg","contentUrl":"https:\/\/fredfloris.eu\/wp-content\/uploads\/2022\/08\/IMG_2925-scaled.jpg","width":2560,"height":1707,"caption":"Product: Smalandijs - Leather Cufflinks \u2013 Dark Brown, Brown and Black Leather \u2013 Stainless Steel"},{"@type":"BreadcrumbList","@id":"https:\/\/fredfloris.eu\/productpage\/smalandijs-leather-cufflinks\/#breadcrumb","itemListElement":[{"@type":"ListItem","position":1,"name":"Home","item":"https:\/\/fredfloris.eu\/"},{"@type":"ListItem","position":2,"name":"Shop","item":"https:\/\/fredfloris.eu\/shop\/"},{"@type":"ListItem","position":3,"name":"Smalandijs &#8211; Leather Cufflinks"}]},{"@type":"WebSite","@id":"https:\/\/fredfloris.eu\/#website","url":"https:\/\/fredfloris.eu\/","name":"FredFloris","description":"Ar rok\u0101m darin\u0101ti \u0101das izstr\u0101d\u0101jumi - Ra\u017eots Zviedrij\u0101","publisher":{"@id":"https:\/\/fredfloris.eu\/#organization"},"potentialAction":[{"@type":"SearchAction","target":{"@type":"EntryPoint","urlTemplate":"https:\/\/fredfloris.eu\/?s={search_term_string}"},"query-input":{"@type":"PropertyValueSpecification","valueRequired":true,"valueName":"search_term_string"}}],"inLanguage":"lv-LV"},{"@type":"Organization","@id":"https:\/\/fredfloris.eu\/#organization","name":"FredFloris","url":"https:\/\/fredfloris.eu\/","logo":{"@type":"ImageObject","inLanguage":"lv-LV","@id":"https:\/\/fredfloris.eu\/#\/schema\/logo\/image\/","url":"https:\/\/fredfloris.eu\/wp-content\/uploads\/2022\/03\/FredFloris-med-hel-nal-och-text.png","contentUrl":"https:\/\/fredfloris.eu\/wp-content\/uploads\/2022\/03\/FredFloris-med-hel-nal-och-text.png","width":591,"height":283,"caption":"FredFloris"},"image":{"@id":"https:\/\/fredfloris.eu\/#\/schema\/logo\/image\/"},"sameAs":["https:\/\/www.facebook.com\/FredFloris.Artisan.Studio\/","https:\/\/x.com\/_fredfloris_","https:\/\/www.instagram.com\/fredfloris.artisan.studio\/"]}]}},"brands":[{"id":204,"name":"FredFloris &amp; Partner","slug":"fredfloris-partner"}],"_links":{"self":[{"href":"https:\/\/fredfloris.eu\/lv\/wp-json\/wp\/v2\/product\/9905","targetHints":{"allow":["GET"]}}],"collection":[{"href":"https:\/\/fredfloris.eu\/lv\/wp-json\/wp\/v2\/product"}],"about":[{"href":"https:\/\/fredfloris.eu\/lv\/wp-json\/wp\/v2\/types\/product"}],"version-history":[{"count":12,"href":"https:\/\/fredfloris.eu\/lv\/wp-json\/wp\/v2\/product\/9905\/revisions"}],"predecessor-version":[{"id":11530,"href":"https:\/\/fredfloris.eu\/lv\/wp-json\/wp\/v2\/product\/9905\/revisions\/11530"}],"wp:featuredmedia":[{"embeddable":true,"href":"https:\/\/fredfloris.eu\/lv\/wp-json\/wp\/v2\/media\/9910"}],"wp:attachment":[{"href":"https:\/\/fredfloris.eu\/lv\/wp-json\/wp\/v2\/media?parent=9905"}],"wp:term":[{"taxonomy":"pwb-brand","embeddable":true,"href":"https:\/\/fredfloris.eu\/lv\/wp-json\/wp\/v2\/pwb-brand?post=9905"},{"taxonomy":"product_brand","embeddable":true,"href":"https:\/\/fredfloris.eu\/lv\/wp-json\/wp\/v2\/product_brand?post=9905"},{"taxonomy":"product_cat","embeddable":true,"href":"https:\/\/fredfloris.eu\/lv\/wp-json\/wp\/v2\/product_cat?post=9905"},{"taxonomy":"product_tag","embeddable":true,"href":"https:\/\/fredfloris.eu\/lv\/wp-json\/wp\/v2\/product_tag?post=9905"},{"taxonomy":"woo-feed-brand","embeddable":true,"href":"https:\/\/fredfloris.eu\/lv\/wp-json\/wp\/v2\/woo-feed-brand?post=9905"}],"curies":[{"name":"wp","href":"https:\/\/api.w.org\/{rel}","templated":true}]}}