{"id":9925,"date":"2022-08-21T16:08:19","date_gmt":"2022-08-21T14:08:19","guid":{"rendered":"https:\/\/fredfloris.eu\/?post_type=product&#038;p=9925"},"modified":"2024-06-24T20:34:54","modified_gmt":"2024-06-24T18:34:54","slug":"varend-mother-of-pearls-cufflinks","status":"publish","type":"product","link":"https:\/\/fredfloris.eu\/lv\/productpage\/varend-mother-of-pearls-cufflinks\/","title":{"rendered":"V\u00e4rend - P\u0113r\u013cu m\u0101tes apro\u010du pogas"},"content":{"rendered":"<p><strong>Iepaz\u012bstin\u0101m ar m\u016bsu V\u00e4rend apro\u010du pog\u0101m ar baltas p\u0113r\u013cu dzimteni.<\/strong> \u0160is izsmalcin\u0101tais organiskais d\u0101rgakmens, kas ieg\u016bts no gliemju \u010daulas iek\u0161\u0113j\u0101 sl\u0101\u0146a, ir tas pats materi\u0101ls, no kura tiek izgatavotas dabisk\u0101s p\u0113rles. Tas ir slavens ar savu iztur\u012bbu, elast\u012bbu un valdzino\u0161o mirdzumu. Apro\u010du pog\u0101s ir pan\u0101kts ide\u0101ls l\u012bdzsvars starp maigaj\u0101m, neuzkr\u012bto\u0161aj\u0101m kr\u0101s\u0101m un cieto, uzticamo materi\u0101lu, kas iemieso bag\u0101t\u012bbu, uztic\u012bbu un uzticam\u012bbu.<\/p>\n<p>P\u0113r\u013cu apro\u010du pogas gadsimtiem ilgi ir biju\u0161as p\u0101rliec\u012bbas, klases un kontroles simbols. T\u0101s unik\u0101li atstaro gaismu, atkl\u0101jot smalkas zilas, roz\u0101 un za\u013cas kr\u0101sas nokr\u0101sas, kas pie\u0161\u0137ir izsmalcin\u0101t\u012bbu gan baltiem, gan kr\u0101sainiem krekliem. \u0160\u012bs apro\u010du pogas, kas iestr\u0101d\u0101tas d\u0101rgmet\u0101la ietvar\u0101, ir ne tikai aksesu\u0101ri, bet ar\u012b logs uz pasaules dabisko skaistumu, pie\u0161\u0137irot eleganci un mirdzumu jebkuram svin\u012bgajam t\u0113rpam.<\/p>\n<p><strong>Ide\u0101la d\u0101vana:<\/strong> \u0160\u012bs p\u0113r\u013cu dzintaru pogas ir lieliska d\u0101vana l\u012bgavainim vai ved\u0113jam. Turkl\u0101t, t\u0101 k\u0101 p\u0113rles ir tradicion\u0101la d\u0101vana 30. k\u0101zu gadadien\u0101, t\u0101s ir ar\u012b p\u0101rdom\u0101ta d\u0101vana j\u016bsu v\u012bram.<\/p>\n<p><strong>Produkta specifik\u0101cijas:<\/strong><\/p>\n<ul>\n<li><strong>Pamatmateri\u0101ls:<\/strong> Sudrabs ar zelta p\u0101rkl\u0101jumu, sudrabs 925<\/li>\n<li><strong>Iek\u0161\u0113jais diametrs:<\/strong> 18 mm<\/li>\n<li><strong>Svars:<\/strong> Aptuveni 11 grami uz p\u0101ri<\/li>\n<li><strong>Funkcijas:<\/strong> Nesatur ni\u0137eli un ir hipoaler\u0123isks, lai nov\u0113rstu \u0101das kairin\u0101jumu.<\/li>\n<\/ul>\n<p>&nbsp;<\/p>\n<p>Mekl\u0113\u0161anas v\u0101rdi: P\u0113r\u013cu m\u0101tes d\u0101rgakmens apro\u010du pogas, Klasisk\u0101s zelta krekla apro\u010du pogas<\/p>","protected":false},"excerpt":{"rendered":"<p><strong>PRODUKTA IZM\u0112RI - <\/strong>Izstr\u0101d\u0101juma svars: 11 g (p\u0101ris), Man\u0161etes iek\u0161\u0113jais diametrs: 18 mm.<\/p>\n<p>Pieejams no 925 sudraba ar 24K zelta p\u0101rkl\u0101jumu - 0,4 \u00b5m.<\/p>\n<p>SKU: var\/cuf\/gol\/mop<br \/>\nZ\u012bmols: FredFloris &amp; Partner<\/p>\n<pre><\/pre>\n<p>M\u016bsu pieredz\u0113ju\u0161ais partneris Polij\u0101 izgatavo auskaru pamatni. M\u0113s izmantojam 0,4 \u00b5m biezu sudraba p\u0101rkl\u0101jumu, jo tas nepadara rotaslietas tum\u0161\u0101kas vai bl\u0101v\u0101kas. Izstr\u0101d\u0101jumam ir neliela iztur\u012bba pret kr\u0101sas mai\u0146u, bet noteikti iev\u0113rojiet m\u016bsu kop\u0161anas nor\u0101d\u012bjumus, lai pagarin\u0101tu j\u016bsu jaun\u0101s rotaslietas kalpo\u0161anas laiku. D\u0101rgakmeni uz pamatnes m\u0113s piestiprin\u0101m m\u016bsu studij\u0101 Zviedrij\u0101.<\/p>\n<pre><\/pre>\n<p>\u0160is produkts ir izgatavots no dab\u012bga materi\u0101la: forma, kr\u0101sa un biezums var at\u0161\u0137irties.<\/p>","protected":false},"featured_media":9890,"template":"","meta":[],"pwb-brand":[204],"product_brand":[],"product_cat":[118,121,101],"product_tag":[357,163,358,135],"woo-feed-brand":[],"class_list":{"0":"post-9925","1":"product","2":"type-product","3":"status-publish","4":"has-post-thumbnail","6":"pwb-brand-fredfloris-partner","7":"product_cat-cufflinks","8":"product_cat-gem-cufflinks","9":"product_cat-jewelry","10":"product_tag-gemstone","11":"product_tag-gold","12":"product_tag-mother-of-pearls","13":"product_tag-stocked","14":"product_shipping_class-small-goods","16":"first","17":"instock","18":"taxable","19":"shipping-taxable","20":"purchasable","21":"product-type-simple"},"yoast_head":"<!-- This site is optimized with the Yoast SEO plugin v27.2 - https:\/\/yoast.com\/product\/yoast-seo-wordpress\/ -->\n<title>V\u00e4rend - Mother of Pearls Cufflinks | FredFloris<\/title>\n<meta name=\"description\" content=\"Check out our Mother of Pearls natural gemstone cufflinks in gold plated silver, a true classic design, made to last! Make for a great gift!\" \/>\n<meta name=\"robots\" content=\"index, follow, max-snippet:-1, max-image-preview:large, max-video-preview:-1\" \/>\n<link rel=\"canonical\" href=\"https:\/\/fredfloris.eu\/lv\/productpage\/varend-mother-of-pearls-cufflinks\/?wmc-currency=EUR\" \/>\n<meta property=\"og:locale\" content=\"lv_LV\" \/>\n<meta property=\"og:type\" content=\"article\" \/>\n<meta property=\"og:title\" content=\"V\u00e4rend - Mother of Pearls Cufflinks | FredFloris\" \/>\n<meta property=\"og:description\" content=\"Check out our Mother of Pearls natural gemstone cufflinks in gold plated silver, a true classic design, made to last! Make for a great gift!\" \/>\n<meta property=\"og:url\" content=\"https:\/\/fredfloris.eu\/lv\/productpage\/varend-mother-of-pearls-cufflinks\/?wmc-currency=EUR\" \/>\n<meta property=\"og:site_name\" content=\"FredFloris\" \/>\n<meta property=\"article:publisher\" content=\"https:\/\/www.facebook.com\/FredFloris.Artisan.Studio\/\" \/>\n<meta property=\"article:modified_time\" content=\"2024-06-24T18:34:54+00:00\" \/>\n<meta property=\"og:image\" content=\"https:\/\/fredfloris.eu\/wp-content\/uploads\/2022\/08\/IMG_3245-scaled.jpg\" \/>\n\t<meta property=\"og:image:width\" content=\"2560\" \/>\n\t<meta property=\"og:image:height\" content=\"1707\" \/>\n\t<meta property=\"og:image:type\" content=\"image\/jpeg\" \/>\n<meta name=\"twitter:card\" content=\"summary_large_image\" \/>\n<meta name=\"twitter:site\" content=\"@_fredfloris_\" \/>\n<meta name=\"twitter:label1\" content=\"Est. reading time\" \/>\n\t<meta name=\"twitter:data1\" content=\"2 min\u016btes\" \/>\n<script type=\"application\/ld+json\" class=\"yoast-schema-graph\">{\"@context\":\"https:\/\/schema.org\",\"@graph\":[{\"@type\":\"WebPage\",\"@id\":\"https:\/\/fredfloris.eu\/productpage\/varend-mother-of-pearls-cufflinks\/\",\"url\":\"https:\/\/fredfloris.eu\/productpage\/varend-mother-of-pearls-cufflinks\/\",\"name\":\"V\u00e4rend - Mother of Pearls Cufflinks | FredFloris\",\"isPartOf\":{\"@id\":\"https:\/\/fredfloris.eu\/#website\"},\"primaryImageOfPage\":{\"@id\":\"https:\/\/fredfloris.eu\/productpage\/varend-mother-of-pearls-cufflinks\/#primaryimage\"},\"image\":{\"@id\":\"https:\/\/fredfloris.eu\/productpage\/varend-mother-of-pearls-cufflinks\/#primaryimage\"},\"thumbnailUrl\":\"https:\/\/fredfloris.eu\/wp-content\/uploads\/2022\/08\/IMG_3245-scaled.jpg\",\"datePublished\":\"2022-08-21T14:08:19+00:00\",\"dateModified\":\"2024-06-24T18:34:54+00:00\",\"description\":\"Check out our Mother of Pearls natural gemstone cufflinks in gold plated silver, a true classic design, made to last! Make for a great gift!\",\"breadcrumb\":{\"@id\":\"https:\/\/fredfloris.eu\/productpage\/varend-mother-of-pearls-cufflinks\/#breadcrumb\"},\"inLanguage\":\"lv-LV\",\"potentialAction\":[{\"@type\":\"ReadAction\",\"target\":[\"https:\/\/fredfloris.eu\/productpage\/varend-mother-of-pearls-cufflinks\/\"]}]},{\"@type\":\"ImageObject\",\"inLanguage\":\"lv-LV\",\"@id\":\"https:\/\/fredfloris.eu\/productpage\/varend-mother-of-pearls-cufflinks\/#primaryimage\",\"url\":\"https:\/\/fredfloris.eu\/wp-content\/uploads\/2022\/08\/IMG_3245-scaled.jpg\",\"contentUrl\":\"https:\/\/fredfloris.eu\/wp-content\/uploads\/2022\/08\/IMG_3245-scaled.jpg\",\"width\":2560,\"height\":1707,\"caption\":\"Product: V\u00e4rend - Mother of Pearls Cufflinks \u2013 Gold Plated Silver\"},{\"@type\":\"BreadcrumbList\",\"@id\":\"https:\/\/fredfloris.eu\/productpage\/varend-mother-of-pearls-cufflinks\/#breadcrumb\",\"itemListElement\":[{\"@type\":\"ListItem\",\"position\":1,\"name\":\"Home\",\"item\":\"https:\/\/fredfloris.eu\/\"},{\"@type\":\"ListItem\",\"position\":2,\"name\":\"Shop\",\"item\":\"https:\/\/fredfloris.eu\/shop\/\"},{\"@type\":\"ListItem\",\"position\":3,\"name\":\"V\u00e4rend &#8211; Mother of Pearls Cufflinks\"}]},{\"@type\":\"WebSite\",\"@id\":\"https:\/\/fredfloris.eu\/#website\",\"url\":\"https:\/\/fredfloris.eu\/\",\"name\":\"FredFloris\",\"description\":\"Handcrafted Leathergoods - Made in Sweden\",\"publisher\":{\"@id\":\"https:\/\/fredfloris.eu\/#organization\"},\"potentialAction\":[{\"@type\":\"SearchAction\",\"target\":{\"@type\":\"EntryPoint\",\"urlTemplate\":\"https:\/\/fredfloris.eu\/?s={search_term_string}\"},\"query-input\":{\"@type\":\"PropertyValueSpecification\",\"valueRequired\":true,\"valueName\":\"search_term_string\"}}],\"inLanguage\":\"lv-LV\"},{\"@type\":\"Organization\",\"@id\":\"https:\/\/fredfloris.eu\/#organization\",\"name\":\"FredFloris\",\"url\":\"https:\/\/fredfloris.eu\/\",\"logo\":{\"@type\":\"ImageObject\",\"inLanguage\":\"lv-LV\",\"@id\":\"https:\/\/fredfloris.eu\/#\/schema\/logo\/image\/\",\"url\":\"https:\/\/fredfloris.eu\/wp-content\/uploads\/2022\/03\/FredFloris-med-hel-nal-och-text.png\",\"contentUrl\":\"https:\/\/fredfloris.eu\/wp-content\/uploads\/2022\/03\/FredFloris-med-hel-nal-och-text.png\",\"width\":591,\"height\":283,\"caption\":\"FredFloris\"},\"image\":{\"@id\":\"https:\/\/fredfloris.eu\/#\/schema\/logo\/image\/\"},\"sameAs\":[\"https:\/\/www.facebook.com\/FredFloris.Artisan.Studio\/\",\"https:\/\/x.com\/_fredfloris_\",\"https:\/\/www.instagram.com\/fredfloris.artisan.studio\/\"]}]}<\/script>\n<!-- \/ Yoast SEO plugin. -->","yoast_head_json":{"title":"V\u00e4rend - P\u0113r\u013cu dzintari\u0146i | FredFloris","description":"Apskatiet m\u016bsu p\u0113r\u013cu m\u0101tes dab\u012bg\u0101 d\u0101rgakmens apro\u010du pogas ar zelt\u012btu sudrabu, kas ir \u012bsts klasisks dizains un ir izgatavotas, lai kalpotu ilgi! Lieliska d\u0101vana!","robots":{"index":"index","follow":"follow","max-snippet":"max-snippet:-1","max-image-preview":"max-image-preview:large","max-video-preview":"max-video-preview:-1"},"canonical":"https:\/\/fredfloris.eu\/lv\/productpage\/varend-mother-of-pearls-cufflinks\/?wmc-currency=EUR","og_locale":"lv_LV","og_type":"article","og_title":"V\u00e4rend - Mother of Pearls Cufflinks | FredFloris","og_description":"Check out our Mother of Pearls natural gemstone cufflinks in gold plated silver, a true classic design, made to last! Make for a great gift!","og_url":"https:\/\/fredfloris.eu\/lv\/productpage\/varend-mother-of-pearls-cufflinks\/?wmc-currency=EUR","og_site_name":"FredFloris","article_publisher":"https:\/\/www.facebook.com\/FredFloris.Artisan.Studio\/","article_modified_time":"2024-06-24T18:34:54+00:00","og_image":[{"width":2560,"height":1707,"url":"https:\/\/fredfloris.eu\/wp-content\/uploads\/2022\/08\/IMG_3245-scaled.jpg","type":"image\/jpeg"}],"twitter_card":"summary_large_image","twitter_site":"@_fredfloris_","twitter_misc":{"Est. reading time":"2 min\u016btes"},"schema":{"@context":"https:\/\/schema.org","@graph":[{"@type":"WebPage","@id":"https:\/\/fredfloris.eu\/productpage\/varend-mother-of-pearls-cufflinks\/","url":"https:\/\/fredfloris.eu\/productpage\/varend-mother-of-pearls-cufflinks\/","name":"V\u00e4rend - P\u0113r\u013cu dzintari\u0146i | FredFloris","isPartOf":{"@id":"https:\/\/fredfloris.eu\/#website"},"primaryImageOfPage":{"@id":"https:\/\/fredfloris.eu\/productpage\/varend-mother-of-pearls-cufflinks\/#primaryimage"},"image":{"@id":"https:\/\/fredfloris.eu\/productpage\/varend-mother-of-pearls-cufflinks\/#primaryimage"},"thumbnailUrl":"https:\/\/fredfloris.eu\/wp-content\/uploads\/2022\/08\/IMG_3245-scaled.jpg","datePublished":"2022-08-21T14:08:19+00:00","dateModified":"2024-06-24T18:34:54+00:00","description":"Apskatiet m\u016bsu p\u0113r\u013cu m\u0101tes dab\u012bg\u0101 d\u0101rgakmens apro\u010du pogas ar zelt\u012btu sudrabu, kas ir \u012bsts klasisks dizains un ir izgatavotas, lai kalpotu ilgi! Lieliska d\u0101vana!","breadcrumb":{"@id":"https:\/\/fredfloris.eu\/productpage\/varend-mother-of-pearls-cufflinks\/#breadcrumb"},"inLanguage":"lv-LV","potentialAction":[{"@type":"ReadAction","target":["https:\/\/fredfloris.eu\/productpage\/varend-mother-of-pearls-cufflinks\/"]}]},{"@type":"ImageObject","inLanguage":"lv-LV","@id":"https:\/\/fredfloris.eu\/productpage\/varend-mother-of-pearls-cufflinks\/#primaryimage","url":"https:\/\/fredfloris.eu\/wp-content\/uploads\/2022\/08\/IMG_3245-scaled.jpg","contentUrl":"https:\/\/fredfloris.eu\/wp-content\/uploads\/2022\/08\/IMG_3245-scaled.jpg","width":2560,"height":1707,"caption":"Product: V\u00e4rend - Mother of Pearls Cufflinks \u2013 Gold Plated Silver"},{"@type":"BreadcrumbList","@id":"https:\/\/fredfloris.eu\/productpage\/varend-mother-of-pearls-cufflinks\/#breadcrumb","itemListElement":[{"@type":"ListItem","position":1,"name":"Home","item":"https:\/\/fredfloris.eu\/"},{"@type":"ListItem","position":2,"name":"Shop","item":"https:\/\/fredfloris.eu\/shop\/"},{"@type":"ListItem","position":3,"name":"V\u00e4rend &#8211; Mother of Pearls Cufflinks"}]},{"@type":"WebSite","@id":"https:\/\/fredfloris.eu\/#website","url":"https:\/\/fredfloris.eu\/","name":"FredFloris","description":"Ar rok\u0101m darin\u0101ti \u0101das izstr\u0101d\u0101jumi - Ra\u017eots Zviedrij\u0101","publisher":{"@id":"https:\/\/fredfloris.eu\/#organization"},"potentialAction":[{"@type":"SearchAction","target":{"@type":"EntryPoint","urlTemplate":"https:\/\/fredfloris.eu\/?s={search_term_string}"},"query-input":{"@type":"PropertyValueSpecification","valueRequired":true,"valueName":"search_term_string"}}],"inLanguage":"lv-LV"},{"@type":"Organization","@id":"https:\/\/fredfloris.eu\/#organization","name":"FredFloris","url":"https:\/\/fredfloris.eu\/","logo":{"@type":"ImageObject","inLanguage":"lv-LV","@id":"https:\/\/fredfloris.eu\/#\/schema\/logo\/image\/","url":"https:\/\/fredfloris.eu\/wp-content\/uploads\/2022\/03\/FredFloris-med-hel-nal-och-text.png","contentUrl":"https:\/\/fredfloris.eu\/wp-content\/uploads\/2022\/03\/FredFloris-med-hel-nal-och-text.png","width":591,"height":283,"caption":"FredFloris"},"image":{"@id":"https:\/\/fredfloris.eu\/#\/schema\/logo\/image\/"},"sameAs":["https:\/\/www.facebook.com\/FredFloris.Artisan.Studio\/","https:\/\/x.com\/_fredfloris_","https:\/\/www.instagram.com\/fredfloris.artisan.studio\/"]}]}},"brands":[{"id":204,"name":"FredFloris &amp; Partner","slug":"fredfloris-partner"}],"_links":{"self":[{"href":"https:\/\/fredfloris.eu\/lv\/wp-json\/wp\/v2\/product\/9925","targetHints":{"allow":["GET"]}}],"collection":[{"href":"https:\/\/fredfloris.eu\/lv\/wp-json\/wp\/v2\/product"}],"about":[{"href":"https:\/\/fredfloris.eu\/lv\/wp-json\/wp\/v2\/types\/product"}],"version-history":[{"count":9,"href":"https:\/\/fredfloris.eu\/lv\/wp-json\/wp\/v2\/product\/9925\/revisions"}],"predecessor-version":[{"id":11526,"href":"https:\/\/fredfloris.eu\/lv\/wp-json\/wp\/v2\/product\/9925\/revisions\/11526"}],"wp:featuredmedia":[{"embeddable":true,"href":"https:\/\/fredfloris.eu\/lv\/wp-json\/wp\/v2\/media\/9890"}],"wp:attachment":[{"href":"https:\/\/fredfloris.eu\/lv\/wp-json\/wp\/v2\/media?parent=9925"}],"wp:term":[{"taxonomy":"pwb-brand","embeddable":true,"href":"https:\/\/fredfloris.eu\/lv\/wp-json\/wp\/v2\/pwb-brand?post=9925"},{"taxonomy":"product_brand","embeddable":true,"href":"https:\/\/fredfloris.eu\/lv\/wp-json\/wp\/v2\/product_brand?post=9925"},{"taxonomy":"product_cat","embeddable":true,"href":"https:\/\/fredfloris.eu\/lv\/wp-json\/wp\/v2\/product_cat?post=9925"},{"taxonomy":"product_tag","embeddable":true,"href":"https:\/\/fredfloris.eu\/lv\/wp-json\/wp\/v2\/product_tag?post=9925"},{"taxonomy":"woo-feed-brand","embeddable":true,"href":"https:\/\/fredfloris.eu\/lv\/wp-json\/wp\/v2\/woo-feed-brand?post=9925"}],"curies":[{"name":"wp","href":"https:\/\/api.w.org\/{rel}","templated":true}]}}