{"id":9964,"date":"2022-08-28T15:18:40","date_gmt":"2022-08-28T13:18:40","guid":{"rendered":"https:\/\/fredfloris.eu\/?page_id=9964"},"modified":"2024-04-13T11:00:48","modified_gmt":"2024-04-13T09:00:48","slug":"after-sale","status":"publish","type":"page","link":"https:\/\/fredfloris.eu\/nb\/after-sale\/","title":{"rendered":"Service etter salg"},"content":{"rendered":"<div data-elementor-type=\"wp-page\" data-elementor-id=\"9964\" class=\"elementor elementor-9964\" data-elementor-post-type=\"page\">\n\t\t\t\t\t\t<section class=\"elementor-section elementor-top-section elementor-element elementor-element-efd9c59 elementor-section-boxed elementor-section-height-default elementor-section-height-default\" data-id=\"efd9c59\" data-element_type=\"section\" data-e-type=\"section\" data-settings=\"{&quot;ekit_has_onepagescroll_dot&quot;:&quot;yes&quot;}\">\n\t\t\t\t\t\t<div class=\"elementor-container elementor-column-gap-default\">\n\t\t\t\t\t<div class=\"elementor-column elementor-col-100 elementor-top-column elementor-element elementor-element-fdf3e88\" data-id=\"fdf3e88\" data-element_type=\"column\" data-e-type=\"column\">\n\t\t\t<div class=\"elementor-widget-wrap elementor-element-populated\">\n\t\t\t\t\t\t<div class=\"elementor-element elementor-element-73dec92 elementor-widget elementor-widget-heading\" data-id=\"73dec92\" data-element_type=\"widget\" data-e-type=\"widget\" data-settings=\"{&quot;ekit_we_effect_on&quot;:&quot;none&quot;}\" data-widget_type=\"heading.default\">\n\t\t\t\t<div class=\"elementor-widget-container\">\n\t\t\t\t\t<h1 class=\"elementor-heading-title elementor-size-default\">Service etter salg<\/h1>\t\t\t\t<\/div>\n\t\t\t\t<\/div>\n\t\t\t\t<div class=\"elementor-element elementor-element-8473bb2 elementor-widget elementor-widget-text-editor\" data-id=\"8473bb2\" data-element_type=\"widget\" data-e-type=\"widget\" data-settings=\"{&quot;ekit_we_effect_on&quot;:&quot;none&quot;}\" data-widget_type=\"text-editor.default\">\n\t\t\t\t<div class=\"elementor-widget-container\">\n\t\t\t\t\t\t\t\t\t<p>Hos FredFloris er vi stolte av \u00e5 lage produkter av h\u00f8y kvalitet som ikke bare er stilige og elegante, men som ogs\u00e5 er b\u00e6rekraftige og laget for \u00e5 vare. Vi mener at b\u00e6rekraft ikke bare er en forbig\u00e5ende trend, men en livslang forpliktelse, og vi \u00f8nsker at kundene v\u00e5re skal ha glede av produktene v\u00e5re i generasjoner fremover.<\/p><p>Produktene v\u00e5re er laget av de beste materialene som kan kj\u00f8pes for penger, noe som sikrer holdbarhet og lang levetid. Vi forst\u00e5r imidlertid at selv de best produserte produktene kan kreve pleie og oppmerksomhet over tid. Derfor tilbyr vi ekstra pleie- og reparasjonstjenester for alle FredFloris' skinnprodukter. V\u00e5re dyktige h\u00e5ndverkere kan h\u00e5ndtere reparasjoner og restaureringer p\u00e5 en fagmessig m\u00e5te. Enten produktet ditt trenger en ny glidel\u00e5s, ny farge for \u00e5 gjenopplive den opprinnelige glansen, ny polering for \u00e5 gjenopprette glansen eller ny s\u00f8m for \u00e5 forsterke strukturen, vil v\u00e5re h\u00e5ndverkere s\u00f8rge for at produktet ditt blir s\u00e5 godt som nytt.<\/p><p>Vi tror p\u00e5 verdien av godt h\u00e5ndverk og viktigheten av \u00e5 bevare skj\u00f8nnheten og funksjonaliteten til produktene v\u00e5re. Ved \u00e5 tilby pleie- og reparasjonstjenester har vi som m\u00e5l \u00e5 forlenge levetiden til produktene v\u00e5re og redusere avfallsmengden, noe som bidrar til en mer b\u00e6rekraftig tiln\u00e6rming til mote. Hos FredFloris er ikke v\u00e5r omsorg begrenset til kj\u00f8psstedet. Vi er opptatt av \u00e5 tilby eksepsjonell ettersalgsservice til kundene v\u00e5re, slik at du kan ha glede av FredFloris-produktene dine i mange \u00e5r fremover. Teamet v\u00e5rt st\u00e5r alltid klart til \u00e5 hjelpe deg med vedlikehold eller reparasjoner, og vi streber etter \u00e5 overg\u00e5 dine forventninger i alle aspekter av v\u00e5r service.<\/p><p>Hos FredFloris ser b\u00e6rekraft bra ut p\u00e5 deg, og vi er her for \u00e5 s\u00f8rge for at du ser bra ut resten av livet. Stol p\u00e5 at vi kan gi deg eksepsjonell pleie og reparasjonstjenester som holder FredFloris-produktene dine i best mulig stand, bevarer deres eleganse og s\u00f8rger for at de kan verdsettes i generasjoner fremover.<\/p>\t\t\t\t\t\t\t\t<\/div>\n\t\t\t\t<\/div>\n\t\t\t\t\t<\/div>\n\t\t<\/div>\n\t\t\t\t\t<\/div>\n\t\t<\/section>\n\t\t\t\t<\/div>","protected":false},"excerpt":{"rendered":"<p>After-Sale Service At FredFloris, we take pride in crafting high-quality products that are not only stylish and elegant but also sustainable and built to last. We believe that sustainability is not just a passing trend but a lifelong commitment, and we want our customers to enjoy our products for generations to come. Our products are [&hellip;]<\/p>\n","protected":false},"author":1,"featured_media":0,"parent":0,"menu_order":0,"comment_status":"closed","ping_status":"closed","template":"","meta":{"footnotes":""},"class_list":["post-9964","page","type-page","status-publish","hentry"],"yoast_head":"<!-- This site is optimized with the Yoast SEO plugin v27.2 - https:\/\/yoast.com\/product\/yoast-seo-wordpress\/ -->\n<title>Sustainable Leather Care &amp; Repair Services | FredFloris<\/title>\n<meta name=\"description\" content=\"Extend the lifespan of your FredFloris leather products with our expert care &amp; repair services. Trust us for sustainable craftsmanship &amp; exceptional after-sale service.\" \/>\n<meta name=\"robots\" content=\"index, follow, max-snippet:-1, max-image-preview:large, max-video-preview:-1\" \/>\n<link rel=\"canonical\" href=\"https:\/\/fredfloris.eu\/nb\/after-sale\/?wmc-currency=NOK\" \/>\n<meta property=\"og:locale\" content=\"nb_NO\" \/>\n<meta property=\"og:type\" content=\"article\" \/>\n<meta property=\"og:title\" content=\"Sustainable Leather Care &amp; Repair Services | FredFloris\" \/>\n<meta property=\"og:description\" content=\"Extend the lifespan of your FredFloris leather products with our expert care &amp; repair services. Trust us for sustainable craftsmanship &amp; exceptional after-sale service.\" \/>\n<meta property=\"og:url\" content=\"https:\/\/fredfloris.eu\/nb\/after-sale\/?wmc-currency=NOK\" \/>\n<meta property=\"og:site_name\" content=\"FredFloris\" \/>\n<meta property=\"article:publisher\" content=\"https:\/\/www.facebook.com\/FredFloris.Artisan.Studio\/\" \/>\n<meta property=\"article:modified_time\" content=\"2024-04-13T09:00:48+00:00\" \/>\n<meta name=\"twitter:card\" content=\"summary_large_image\" \/>\n<meta name=\"twitter:site\" content=\"@_fredfloris_\" \/>\n<meta name=\"twitter:label1\" content=\"Ansl. lesetid\" \/>\n\t<meta name=\"twitter:data1\" content=\"2 minutter\" \/>\n<script type=\"application\/ld+json\" class=\"yoast-schema-graph\">{\"@context\":\"https:\/\/schema.org\",\"@graph\":[{\"@type\":\"WebPage\",\"@id\":\"https:\/\/fredfloris.eu\/after-sale\/\",\"url\":\"https:\/\/fredfloris.eu\/after-sale\/\",\"name\":\"Sustainable Leather Care & Repair Services | FredFloris\",\"isPartOf\":{\"@id\":\"https:\/\/fredfloris.eu\/#website\"},\"datePublished\":\"2022-08-28T13:18:40+00:00\",\"dateModified\":\"2024-04-13T09:00:48+00:00\",\"description\":\"Extend the lifespan of your FredFloris leather products with our expert care & repair services. Trust us for sustainable craftsmanship & exceptional after-sale service.\",\"breadcrumb\":{\"@id\":\"https:\/\/fredfloris.eu\/after-sale\/#breadcrumb\"},\"inLanguage\":\"nb-NO\",\"potentialAction\":[{\"@type\":\"ReadAction\",\"target\":[\"https:\/\/fredfloris.eu\/after-sale\/\"]}]},{\"@type\":\"BreadcrumbList\",\"@id\":\"https:\/\/fredfloris.eu\/after-sale\/#breadcrumb\",\"itemListElement\":[{\"@type\":\"ListItem\",\"position\":1,\"name\":\"Home\",\"item\":\"https:\/\/fredfloris.eu\/\"},{\"@type\":\"ListItem\",\"position\":2,\"name\":\"After-Sale Service\"}]},{\"@type\":\"WebSite\",\"@id\":\"https:\/\/fredfloris.eu\/#website\",\"url\":\"https:\/\/fredfloris.eu\/\",\"name\":\"FredFloris\",\"description\":\"Handcrafted Leathergoods - Made in Sweden\",\"publisher\":{\"@id\":\"https:\/\/fredfloris.eu\/#organization\"},\"potentialAction\":[{\"@type\":\"SearchAction\",\"target\":{\"@type\":\"EntryPoint\",\"urlTemplate\":\"https:\/\/fredfloris.eu\/?s={search_term_string}\"},\"query-input\":{\"@type\":\"PropertyValueSpecification\",\"valueRequired\":true,\"valueName\":\"search_term_string\"}}],\"inLanguage\":\"nb-NO\"},{\"@type\":\"Organization\",\"@id\":\"https:\/\/fredfloris.eu\/#organization\",\"name\":\"FredFloris\",\"url\":\"https:\/\/fredfloris.eu\/\",\"logo\":{\"@type\":\"ImageObject\",\"inLanguage\":\"nb-NO\",\"@id\":\"https:\/\/fredfloris.eu\/#\/schema\/logo\/image\/\",\"url\":\"https:\/\/fredfloris.eu\/wp-content\/uploads\/2022\/03\/FredFloris-med-hel-nal-och-text.png\",\"contentUrl\":\"https:\/\/fredfloris.eu\/wp-content\/uploads\/2022\/03\/FredFloris-med-hel-nal-och-text.png\",\"width\":591,\"height\":283,\"caption\":\"FredFloris\"},\"image\":{\"@id\":\"https:\/\/fredfloris.eu\/#\/schema\/logo\/image\/\"},\"sameAs\":[\"https:\/\/www.facebook.com\/FredFloris.Artisan.Studio\/\",\"https:\/\/x.com\/_fredfloris_\",\"https:\/\/www.instagram.com\/fredfloris.artisan.studio\/\"]}]}<\/script>\n<!-- \/ Yoast SEO plugin. -->","yoast_head_json":{"title":"B\u00e6rekraftig l\u00e6rpleie og reparasjonstjenester | FredFloris","description":"Forleng levetiden til FredFloris' skinnprodukter med v\u00e5re ekspert- og reparasjonstjenester. Stol p\u00e5 oss for b\u00e6rekraftig h\u00e5ndverk og eksepsjonell ettersalgsservice.","robots":{"index":"index","follow":"follow","max-snippet":"max-snippet:-1","max-image-preview":"max-image-preview:large","max-video-preview":"max-video-preview:-1"},"canonical":"https:\/\/fredfloris.eu\/nb\/after-sale\/?wmc-currency=NOK","og_locale":"nb_NO","og_type":"article","og_title":"Sustainable Leather Care & Repair Services | FredFloris","og_description":"Extend the lifespan of your FredFloris leather products with our expert care & repair services. Trust us for sustainable craftsmanship & exceptional after-sale service.","og_url":"https:\/\/fredfloris.eu\/nb\/after-sale\/?wmc-currency=NOK","og_site_name":"FredFloris","article_publisher":"https:\/\/www.facebook.com\/FredFloris.Artisan.Studio\/","article_modified_time":"2024-04-13T09:00:48+00:00","twitter_card":"summary_large_image","twitter_site":"@_fredfloris_","twitter_misc":{"Ansl. lesetid":"2 minutter"},"schema":{"@context":"https:\/\/schema.org","@graph":[{"@type":"WebPage","@id":"https:\/\/fredfloris.eu\/after-sale\/","url":"https:\/\/fredfloris.eu\/after-sale\/","name":"B\u00e6rekraftig l\u00e6rpleie og reparasjonstjenester | FredFloris","isPartOf":{"@id":"https:\/\/fredfloris.eu\/#website"},"datePublished":"2022-08-28T13:18:40+00:00","dateModified":"2024-04-13T09:00:48+00:00","description":"Forleng levetiden til FredFloris' skinnprodukter med v\u00e5re ekspert- og reparasjonstjenester. Stol p\u00e5 oss for b\u00e6rekraftig h\u00e5ndverk og eksepsjonell ettersalgsservice.","breadcrumb":{"@id":"https:\/\/fredfloris.eu\/after-sale\/#breadcrumb"},"inLanguage":"nb-NO","potentialAction":[{"@type":"ReadAction","target":["https:\/\/fredfloris.eu\/after-sale\/"]}]},{"@type":"BreadcrumbList","@id":"https:\/\/fredfloris.eu\/after-sale\/#breadcrumb","itemListElement":[{"@type":"ListItem","position":1,"name":"Home","item":"https:\/\/fredfloris.eu\/"},{"@type":"ListItem","position":2,"name":"After-Sale Service"}]},{"@type":"WebSite","@id":"https:\/\/fredfloris.eu\/#website","url":"https:\/\/fredfloris.eu\/","name":"FredFloris","description":"H\u00e5ndlagde skinnvarer - laget i Sverige","publisher":{"@id":"https:\/\/fredfloris.eu\/#organization"},"potentialAction":[{"@type":"SearchAction","target":{"@type":"EntryPoint","urlTemplate":"https:\/\/fredfloris.eu\/?s={search_term_string}"},"query-input":{"@type":"PropertyValueSpecification","valueRequired":true,"valueName":"search_term_string"}}],"inLanguage":"nb-NO"},{"@type":"Organization","@id":"https:\/\/fredfloris.eu\/#organization","name":"FredFloris","url":"https:\/\/fredfloris.eu\/","logo":{"@type":"ImageObject","inLanguage":"nb-NO","@id":"https:\/\/fredfloris.eu\/#\/schema\/logo\/image\/","url":"https:\/\/fredfloris.eu\/wp-content\/uploads\/2022\/03\/FredFloris-med-hel-nal-och-text.png","contentUrl":"https:\/\/fredfloris.eu\/wp-content\/uploads\/2022\/03\/FredFloris-med-hel-nal-och-text.png","width":591,"height":283,"caption":"FredFloris"},"image":{"@id":"https:\/\/fredfloris.eu\/#\/schema\/logo\/image\/"},"sameAs":["https:\/\/www.facebook.com\/FredFloris.Artisan.Studio\/","https:\/\/x.com\/_fredfloris_","https:\/\/www.instagram.com\/fredfloris.artisan.studio\/"]}]}},"_links":{"self":[{"href":"https:\/\/fredfloris.eu\/nb\/wp-json\/wp\/v2\/pages\/9964","targetHints":{"allow":["GET"]}}],"collection":[{"href":"https:\/\/fredfloris.eu\/nb\/wp-json\/wp\/v2\/pages"}],"about":[{"href":"https:\/\/fredfloris.eu\/nb\/wp-json\/wp\/v2\/types\/page"}],"author":[{"embeddable":true,"href":"https:\/\/fredfloris.eu\/nb\/wp-json\/wp\/v2\/users\/1"}],"replies":[{"embeddable":true,"href":"https:\/\/fredfloris.eu\/nb\/wp-json\/wp\/v2\/comments?post=9964"}],"version-history":[{"count":20,"href":"https:\/\/fredfloris.eu\/nb\/wp-json\/wp\/v2\/pages\/9964\/revisions"}],"predecessor-version":[{"id":11045,"href":"https:\/\/fredfloris.eu\/nb\/wp-json\/wp\/v2\/pages\/9964\/revisions\/11045"}],"wp:attachment":[{"href":"https:\/\/fredfloris.eu\/nb\/wp-json\/wp\/v2\/media?parent=9964"}],"curies":[{"name":"wp","href":"https:\/\/api.w.org\/{rel}","templated":true}]}}