{"id":10050,"date":"2022-10-10T17:33:02","date_gmt":"2022-10-10T15:33:02","guid":{"rendered":"https:\/\/fredfloris.eu\/?post_type=product&#038;p=10050"},"modified":"2024-07-23T20:05:03","modified_gmt":"2024-07-23T18:05:03","slug":"natural-stain-removing-bile-soap","status":"publish","type":"product","link":"https:\/\/fredfloris.eu\/nb\/productpage\/natural-stain-removing-bile-soap\/","title":{"rendered":"Naturlig galles\u00e5pe for flekkfjerning"},"content":{"rendered":"<p><strong>Denne flekkfjernende galles\u00e5pen takler effektivt olje-, fett-, gress- og fruktflekker. Den er t\u00f8ff mot flekker, men sk\u00e5nsom mot milj\u00f8et.<\/strong><\/p>\n<p>Galls\u00e5pen er et utmerket valg for milj\u00f8bevisste brukere. Den inneholder kun naturlige ingredienser - ingen kjemikalier, parfyme eller konserveringsmidler, og ingen genmodifiserte materialer. S\u00e5pen er 100% biologisk nedbrytbar og sertifisert som et \"Godt milj\u00f8valg\", noe som sikrer at den oppfyller h\u00f8ye milj\u00f8standarder. S\u00e5pen inneholder palmeolje fra Fair Trade-prosjekter i Brasil og Den dominikanske republikk, noe som sikrer at den ikke bidrar til avskoging.<\/p>\n<p>S\u00e5pens holdbarhet er ubegrenset p\u00e5 grunn av oksegallen i formelen, som forhindrer vekst av mikroorganismer.<\/p>\n<p><strong>Slik fungerer det:<\/strong> Effektiviteten til denne s\u00e5pen kommer fra oksegalle, et naturlig biprodukt fra kj\u00f8ttindustrien som utmerker seg ved \u00e5 bryte ned fett. Ingen dyr blir skadet utelukkende for \u00e5 produsere galles\u00e5pe.<\/p>\n<p><strong>Produktspesifikasjoner:<\/strong><\/p>\n<ul>\n<li><strong>100% Biologisk nedbrytbar<\/strong><\/li>\n<li><strong>Sertifisert som et godt milj\u00f8valg<\/strong><\/li>\n<li><strong>St\u00f8rrelse:<\/strong> 100g<\/li>\n<li><strong>Produsert i Tyskland<\/strong><\/li>\n<li><strong>Dette produktet er ikke testet p\u00e5 dyr<\/strong><\/li>\n<\/ul>\n<p>&nbsp;<\/p>\n<p>Denne flekkfjerneren er et ansvarlig valg for \u00e5 takle vanskelige flekker og samtidig ta vare p\u00e5 planeten.<\/p>\n<p>Dette produktet kan ogs\u00e5 kj\u00f8pes som en del av v\u00e5r <a href=\"https:\/\/fredfloris.eu\/nb\/productpage\/cashmere-care-kit\/?wmc-currency=NOK\">Pleiesett<\/a><\/p>\n<p>&nbsp;<\/p>\n<p>S\u00f8keord: Mildt ullvaskemiddel, flekkfjerner, naturlig \u00f8kologisk s\u00e5pe<\/p>","protected":false},"excerpt":{"rendered":"<p>SKU: mil\/car\/bil<br \/>\nMerkevare: Galltv\u00e5l Sverige AB<\/p>","protected":false},"featured_media":10020,"template":"","meta":[],"pwb-brand":[],"product_brand":[],"product_cat":[361,362],"product_tag":[380,135],"woo-feed-brand":[],"class_list":{"0":"post-10050","1":"product","2":"type-product","3":"status-publish","4":"has-post-thumbnail","6":"product_cat-knitwear","7":"product_cat-knitwear-care-products","8":"product_tag-knitwear-care","9":"product_tag-stocked","10":"product_shipping_class-midsized-goods","12":"first","13":"instock","14":"taxable","15":"shipping-taxable","16":"purchasable","17":"product-type-simple"},"yoast_head":"<!-- This site is optimized with the Yoast SEO plugin v27.2 - https:\/\/yoast.com\/product\/yoast-seo-wordpress\/ -->\n<title>Natural Stain Removing Bile Soap | FredFloris<\/title>\n<meta name=\"description\" content=\"Our Bile Soap Bar is tough on stains while staying kind on the environment. An organic and natural stain remover soap, used as a wool wash detergent.\" \/>\n<meta name=\"robots\" content=\"index, follow, max-snippet:-1, max-image-preview:large, max-video-preview:-1\" \/>\n<link rel=\"canonical\" href=\"https:\/\/fredfloris.eu\/nb\/productpage\/natural-stain-removing-bile-soap\/?wmc-currency=NOK\" \/>\n<meta property=\"og:locale\" content=\"nb_NO\" \/>\n<meta property=\"og:type\" content=\"article\" \/>\n<meta property=\"og:title\" content=\"Natural Stain Removing Bile Soap | FredFloris\" \/>\n<meta property=\"og:description\" content=\"Our Bile Soap Bar is tough on stains while staying kind on the environment. An organic and natural stain remover soap, used as a wool wash detergent.\" \/>\n<meta property=\"og:url\" content=\"https:\/\/fredfloris.eu\/nb\/productpage\/natural-stain-removing-bile-soap\/?wmc-currency=NOK\" \/>\n<meta property=\"og:site_name\" content=\"FredFloris\" \/>\n<meta property=\"article:publisher\" content=\"https:\/\/www.facebook.com\/FredFloris.Artisan.Studio\/\" \/>\n<meta property=\"article:modified_time\" content=\"2024-07-23T18:05:03+00:00\" \/>\n<meta property=\"og:image\" content=\"https:\/\/fredfloris.eu\/wp-content\/uploads\/2022\/10\/IMG_3617-scaled.jpg\" \/>\n\t<meta property=\"og:image:width\" content=\"2560\" \/>\n\t<meta property=\"og:image:height\" content=\"1707\" \/>\n\t<meta property=\"og:image:type\" content=\"image\/jpeg\" \/>\n<meta name=\"twitter:card\" content=\"summary_large_image\" \/>\n<meta name=\"twitter:site\" content=\"@_fredfloris_\" \/>\n<meta name=\"twitter:label1\" content=\"Ansl. lesetid\" \/>\n\t<meta name=\"twitter:data1\" content=\"2 minutter\" \/>\n<script type=\"application\/ld+json\" class=\"yoast-schema-graph\">{\"@context\":\"https:\/\/schema.org\",\"@graph\":[{\"@type\":\"WebPage\",\"@id\":\"https:\/\/fredfloris.eu\/productpage\/natural-stain-removing-bile-soap\/\",\"url\":\"https:\/\/fredfloris.eu\/productpage\/natural-stain-removing-bile-soap\/\",\"name\":\"Natural Stain Removing Bile Soap | FredFloris\",\"isPartOf\":{\"@id\":\"https:\/\/fredfloris.eu\/#website\"},\"primaryImageOfPage\":{\"@id\":\"https:\/\/fredfloris.eu\/productpage\/natural-stain-removing-bile-soap\/#primaryimage\"},\"image\":{\"@id\":\"https:\/\/fredfloris.eu\/productpage\/natural-stain-removing-bile-soap\/#primaryimage\"},\"thumbnailUrl\":\"https:\/\/fredfloris.eu\/wp-content\/uploads\/2022\/10\/IMG_3617-scaled.jpg\",\"datePublished\":\"2022-10-10T15:33:02+00:00\",\"dateModified\":\"2024-07-23T18:05:03+00:00\",\"description\":\"Our Bile Soap Bar is tough on stains while staying kind on the environment. An organic and natural stain remover soap, used as a wool wash detergent.\",\"breadcrumb\":{\"@id\":\"https:\/\/fredfloris.eu\/productpage\/natural-stain-removing-bile-soap\/#breadcrumb\"},\"inLanguage\":\"nb-NO\",\"potentialAction\":[{\"@type\":\"ReadAction\",\"target\":[\"https:\/\/fredfloris.eu\/productpage\/natural-stain-removing-bile-soap\/\"]}]},{\"@type\":\"ImageObject\",\"inLanguage\":\"nb-NO\",\"@id\":\"https:\/\/fredfloris.eu\/productpage\/natural-stain-removing-bile-soap\/#primaryimage\",\"url\":\"https:\/\/fredfloris.eu\/wp-content\/uploads\/2022\/10\/IMG_3617-scaled.jpg\",\"contentUrl\":\"https:\/\/fredfloris.eu\/wp-content\/uploads\/2022\/10\/IMG_3617-scaled.jpg\",\"width\":2560,\"height\":1707,\"caption\":\"Product: Mild Natural Bile Soap\"},{\"@type\":\"BreadcrumbList\",\"@id\":\"https:\/\/fredfloris.eu\/productpage\/natural-stain-removing-bile-soap\/#breadcrumb\",\"itemListElement\":[{\"@type\":\"ListItem\",\"position\":1,\"name\":\"Home\",\"item\":\"https:\/\/fredfloris.eu\/\"},{\"@type\":\"ListItem\",\"position\":2,\"name\":\"Shop\",\"item\":\"https:\/\/fredfloris.eu\/shop\/\"},{\"@type\":\"ListItem\",\"position\":3,\"name\":\"Natural Stain Removing Bile Soap\"}]},{\"@type\":\"WebSite\",\"@id\":\"https:\/\/fredfloris.eu\/#website\",\"url\":\"https:\/\/fredfloris.eu\/\",\"name\":\"FredFloris\",\"description\":\"Handcrafted Leathergoods - Made in Sweden\",\"publisher\":{\"@id\":\"https:\/\/fredfloris.eu\/#organization\"},\"potentialAction\":[{\"@type\":\"SearchAction\",\"target\":{\"@type\":\"EntryPoint\",\"urlTemplate\":\"https:\/\/fredfloris.eu\/?s={search_term_string}\"},\"query-input\":{\"@type\":\"PropertyValueSpecification\",\"valueRequired\":true,\"valueName\":\"search_term_string\"}}],\"inLanguage\":\"nb-NO\"},{\"@type\":\"Organization\",\"@id\":\"https:\/\/fredfloris.eu\/#organization\",\"name\":\"FredFloris\",\"url\":\"https:\/\/fredfloris.eu\/\",\"logo\":{\"@type\":\"ImageObject\",\"inLanguage\":\"nb-NO\",\"@id\":\"https:\/\/fredfloris.eu\/#\/schema\/logo\/image\/\",\"url\":\"https:\/\/fredfloris.eu\/wp-content\/uploads\/2022\/03\/FredFloris-med-hel-nal-och-text.png\",\"contentUrl\":\"https:\/\/fredfloris.eu\/wp-content\/uploads\/2022\/03\/FredFloris-med-hel-nal-och-text.png\",\"width\":591,\"height\":283,\"caption\":\"FredFloris\"},\"image\":{\"@id\":\"https:\/\/fredfloris.eu\/#\/schema\/logo\/image\/\"},\"sameAs\":[\"https:\/\/www.facebook.com\/FredFloris.Artisan.Studio\/\",\"https:\/\/x.com\/_fredfloris_\",\"https:\/\/www.instagram.com\/fredfloris.artisan.studio\/\"]}]}<\/script>\n<!-- \/ Yoast SEO plugin. -->","yoast_head_json":{"title":"Naturlig galles\u00e5pe for flekkfjerning | FredFloris","description":"V\u00e5r Bile Soap Bar er t\u00f8ff mot flekker samtidig som den er sk\u00e5nsom mot milj\u00f8et. En \u00f8kologisk og naturlig flekkfjerningss\u00e5pe som brukes som ullvaskemiddel.","robots":{"index":"index","follow":"follow","max-snippet":"max-snippet:-1","max-image-preview":"max-image-preview:large","max-video-preview":"max-video-preview:-1"},"canonical":"https:\/\/fredfloris.eu\/nb\/productpage\/natural-stain-removing-bile-soap\/?wmc-currency=NOK","og_locale":"nb_NO","og_type":"article","og_title":"Natural Stain Removing Bile Soap | FredFloris","og_description":"Our Bile Soap Bar is tough on stains while staying kind on the environment. An organic and natural stain remover soap, used as a wool wash detergent.","og_url":"https:\/\/fredfloris.eu\/nb\/productpage\/natural-stain-removing-bile-soap\/?wmc-currency=NOK","og_site_name":"FredFloris","article_publisher":"https:\/\/www.facebook.com\/FredFloris.Artisan.Studio\/","article_modified_time":"2024-07-23T18:05:03+00:00","og_image":[{"width":2560,"height":1707,"url":"https:\/\/fredfloris.eu\/wp-content\/uploads\/2022\/10\/IMG_3617-scaled.jpg","type":"image\/jpeg"}],"twitter_card":"summary_large_image","twitter_site":"@_fredfloris_","twitter_misc":{"Ansl. lesetid":"2 minutter"},"schema":{"@context":"https:\/\/schema.org","@graph":[{"@type":"WebPage","@id":"https:\/\/fredfloris.eu\/productpage\/natural-stain-removing-bile-soap\/","url":"https:\/\/fredfloris.eu\/productpage\/natural-stain-removing-bile-soap\/","name":"Naturlig galles\u00e5pe for flekkfjerning | FredFloris","isPartOf":{"@id":"https:\/\/fredfloris.eu\/#website"},"primaryImageOfPage":{"@id":"https:\/\/fredfloris.eu\/productpage\/natural-stain-removing-bile-soap\/#primaryimage"},"image":{"@id":"https:\/\/fredfloris.eu\/productpage\/natural-stain-removing-bile-soap\/#primaryimage"},"thumbnailUrl":"https:\/\/fredfloris.eu\/wp-content\/uploads\/2022\/10\/IMG_3617-scaled.jpg","datePublished":"2022-10-10T15:33:02+00:00","dateModified":"2024-07-23T18:05:03+00:00","description":"V\u00e5r Bile Soap Bar er t\u00f8ff mot flekker samtidig som den er sk\u00e5nsom mot milj\u00f8et. En \u00f8kologisk og naturlig flekkfjerningss\u00e5pe som brukes som ullvaskemiddel.","breadcrumb":{"@id":"https:\/\/fredfloris.eu\/productpage\/natural-stain-removing-bile-soap\/#breadcrumb"},"inLanguage":"nb-NO","potentialAction":[{"@type":"ReadAction","target":["https:\/\/fredfloris.eu\/productpage\/natural-stain-removing-bile-soap\/"]}]},{"@type":"ImageObject","inLanguage":"nb-NO","@id":"https:\/\/fredfloris.eu\/productpage\/natural-stain-removing-bile-soap\/#primaryimage","url":"https:\/\/fredfloris.eu\/wp-content\/uploads\/2022\/10\/IMG_3617-scaled.jpg","contentUrl":"https:\/\/fredfloris.eu\/wp-content\/uploads\/2022\/10\/IMG_3617-scaled.jpg","width":2560,"height":1707,"caption":"Product: Mild Natural Bile Soap"},{"@type":"BreadcrumbList","@id":"https:\/\/fredfloris.eu\/productpage\/natural-stain-removing-bile-soap\/#breadcrumb","itemListElement":[{"@type":"ListItem","position":1,"name":"Home","item":"https:\/\/fredfloris.eu\/"},{"@type":"ListItem","position":2,"name":"Shop","item":"https:\/\/fredfloris.eu\/shop\/"},{"@type":"ListItem","position":3,"name":"Natural Stain Removing Bile Soap"}]},{"@type":"WebSite","@id":"https:\/\/fredfloris.eu\/#website","url":"https:\/\/fredfloris.eu\/","name":"FredFloris","description":"H\u00e5ndlagde skinnvarer - laget i Sverige","publisher":{"@id":"https:\/\/fredfloris.eu\/#organization"},"potentialAction":[{"@type":"SearchAction","target":{"@type":"EntryPoint","urlTemplate":"https:\/\/fredfloris.eu\/?s={search_term_string}"},"query-input":{"@type":"PropertyValueSpecification","valueRequired":true,"valueName":"search_term_string"}}],"inLanguage":"nb-NO"},{"@type":"Organization","@id":"https:\/\/fredfloris.eu\/#organization","name":"FredFloris","url":"https:\/\/fredfloris.eu\/","logo":{"@type":"ImageObject","inLanguage":"nb-NO","@id":"https:\/\/fredfloris.eu\/#\/schema\/logo\/image\/","url":"https:\/\/fredfloris.eu\/wp-content\/uploads\/2022\/03\/FredFloris-med-hel-nal-och-text.png","contentUrl":"https:\/\/fredfloris.eu\/wp-content\/uploads\/2022\/03\/FredFloris-med-hel-nal-och-text.png","width":591,"height":283,"caption":"FredFloris"},"image":{"@id":"https:\/\/fredfloris.eu\/#\/schema\/logo\/image\/"},"sameAs":["https:\/\/www.facebook.com\/FredFloris.Artisan.Studio\/","https:\/\/x.com\/_fredfloris_","https:\/\/www.instagram.com\/fredfloris.artisan.studio\/"]}]}},"brands":[],"_links":{"self":[{"href":"https:\/\/fredfloris.eu\/nb\/wp-json\/wp\/v2\/product\/10050","targetHints":{"allow":["GET"]}}],"collection":[{"href":"https:\/\/fredfloris.eu\/nb\/wp-json\/wp\/v2\/product"}],"about":[{"href":"https:\/\/fredfloris.eu\/nb\/wp-json\/wp\/v2\/types\/product"}],"version-history":[{"count":13,"href":"https:\/\/fredfloris.eu\/nb\/wp-json\/wp\/v2\/product\/10050\/revisions"}],"predecessor-version":[{"id":11578,"href":"https:\/\/fredfloris.eu\/nb\/wp-json\/wp\/v2\/product\/10050\/revisions\/11578"}],"wp:featuredmedia":[{"embeddable":true,"href":"https:\/\/fredfloris.eu\/nb\/wp-json\/wp\/v2\/media\/10020"}],"wp:attachment":[{"href":"https:\/\/fredfloris.eu\/nb\/wp-json\/wp\/v2\/media?parent=10050"}],"wp:term":[{"taxonomy":"pwb-brand","embeddable":true,"href":"https:\/\/fredfloris.eu\/nb\/wp-json\/wp\/v2\/pwb-brand?post=10050"},{"taxonomy":"product_brand","embeddable":true,"href":"https:\/\/fredfloris.eu\/nb\/wp-json\/wp\/v2\/product_brand?post=10050"},{"taxonomy":"product_cat","embeddable":true,"href":"https:\/\/fredfloris.eu\/nb\/wp-json\/wp\/v2\/product_cat?post=10050"},{"taxonomy":"product_tag","embeddable":true,"href":"https:\/\/fredfloris.eu\/nb\/wp-json\/wp\/v2\/product_tag?post=10050"},{"taxonomy":"woo-feed-brand","embeddable":true,"href":"https:\/\/fredfloris.eu\/nb\/wp-json\/wp\/v2\/woo-feed-brand?post=10050"}],"curies":[{"name":"wp","href":"https:\/\/api.w.org\/{rel}","templated":true}]}}