{"id":10760,"date":"2024-02-27T20:41:14","date_gmt":"2024-02-27T18:41:14","guid":{"rendered":"https:\/\/fredfloris.eu\/?post_type=product&#038;p=10760"},"modified":"2025-01-05T12:22:59","modified_gmt":"2025-01-05T10:22:59","slug":"personalised-leather-labels","status":"publish","type":"product","link":"https:\/\/fredfloris.eu\/nb\/productpage\/personalised-leather-labels\/","title":{"rendered":"Personaliserte l\u00e6retiketter"},"content":{"rendered":"<p><strong>Personalisering:<\/strong> Hvis du vil tilpasse med ditt eget design, legger du b\u00e5de varen og det valgte designet i handleposen din.<\/p>\n<p><a class=\"lumise-customize-button button alt\" href=\"https:\/\/fredfloris.eu\/nb\/productpage\/customize-leather-labels\/?wmc-currency=NOK\" name=\"customize\">Tilpass<\/a><\/p>\n<p>Sett prikken over i-en p\u00e5 dine h\u00e5ndlagde produkter med en personlig l\u00e6retikett. Hver etikett er ikke bare et tilbeh\u00f8r, men et uttrykk for kvalitet og individualitet.<\/p>\n<p>Etikettene v\u00e5re produseres ved hjelp av en presis lasergraverings- og skj\u00e6reprosess, som gir hver etikett en s\u00e6regen m\u00f8rk kant som gir den en raffinert finish. Hver etikett er behandlet for \u00e5 minimere den naturlige lukten av brenning, og eventuell gjenv\u00e6rende lukt forsvinner over tid. Disse etikettene er perfekte for \u00e5 sette et personlig preg p\u00e5 for eksempel strikkede skjerf eller luer.<\/p>\n<p>&nbsp;<\/p>\n<p><strong>Farger og tykkelse:<\/strong><\/p>\n<ul>\n<li><strong>Cognac<\/strong>: 2 mm vegetabilsk garvet skinn fra Italia<\/li>\n<li><strong>Lysebrun<\/strong>: 1 mm vegetabilsk garvet skinn fra Italia<\/li>\n<li><strong>Naturlig<\/strong>: Ufarget skinn, 1 mm vegetabilsk garvet skinn fra Italia<\/li>\n<\/ul>\n<p>&nbsp;<\/p>\n<p>Hvis du trenger en spesialtilpasset farge eller tykkelse, kan du kontakte oss for \u00e5 finne ut mer om hvilke alternativer vi har p\u00e5 lager.<\/p>\n<p>&nbsp;<\/p>\n<p><strong>St\u00f8rrelser og former:<\/strong><\/p>\n<ul>\n<li><strong>Sirkel:<\/strong> Tilgjengelige diametre er 15 mm, 20 mm, 25 mm, 30 mm og 35 mm<\/li>\n<li><strong>Firkantet:<\/strong> St\u00f8rrelsene inkluderer 20\u00d720 mm, 25\u00d725 mm og 30\u00d730 mm<\/li>\n<li><strong>Rektangel:<\/strong> Tilgjengelig i st\u00f8rrelser opp til 40\u00d715 mm og 70\u00d720 mm<\/li>\n<\/ul>\n<p>&nbsp;<\/p>\n<p>Tilpassede st\u00f8rrelser er tilgjengelige for \u00e5 sikre perfekt passform for dine design. Ta kontakt med oss f\u00f8r du bestiller en spesialtilpasset st\u00f8rrelse, eller s\u00e5 tar vi kontakt hvis du bestiller en \"mindre enn\" st\u00f8rrelse for \u00e5 diskutere detaljer.<\/p>\n<p><strong>Alternativer for vedlegg:<\/strong><\/p>\n<ul>\n<li>Hull for nagler eller skruer<\/li>\n<li>Hull for h\u00e5nds\u00f8m<\/li>\n<li>Veiledende markeringer for maskins\u00f8m<\/li>\n<li>Alternativer uten hull eller markeringer er tilgjengelige p\u00e5 foresp\u00f8rsel.<\/li>\n<\/ul>\n<p>&nbsp;<\/p>\n<p><strong>St\u00f8tte og tjenester:<\/strong><\/p>\n<p>Teamet v\u00e5rt er her for \u00e5 hjelpe deg med eventuelle sp\u00f8rsm\u00e5l eller spesifikke \u00f8nsker du m\u00e5tte ha. Mindre korrigeringer av designet ditt er inkludert i prisen.<\/p>\n<p><em><strong>Etter at du har lagt inn bestillingen, vil vi sammenstille informasjonen du har oppgitt, og be deg om \u00e5 bekrefte den for \u00e5 sikre at det ikke oppst\u00e5r misforst\u00e5elser.<\/strong><\/em><\/p>\n<p><em><strong>Vi lager ogs\u00e5 en pr\u00f8ve av designet ditt og sender deg et bilde for godkjenning f\u00f8r vi sender det endelige produktet.<\/strong><\/em><\/p>\n<p>Hvis du trenger mer omfattende justeringer, kan du vurdere designtjenestene v\u00e5re, for eksempel File Check &amp; Fix eller Editing &amp; Designing.<\/p>\n<p>Hos FredFloris verdsetter vi skj\u00f8nnheten i h\u00e5ndlagde gjenstander, perfekt for personlig bruk eller som spesielle gaver.<\/p>\n<p>&nbsp;<\/p>\n<p>&nbsp;<\/p>\n<p>N\u00f8kkelord: Personlige l\u00e6retiketter, tilpassede syetiketter, l\u00e6retikett, hekleetikett, l\u00e6retiketter for strikking DIY<\/p>","protected":false},"excerpt":{"rendered":"<p>SKU: per\/lea\/lab<\/p>","protected":false},"featured_media":11712,"template":"","meta":[],"pwb-brand":[203],"product_brand":[],"product_cat":[392],"product_tag":[105],"woo-feed-brand":[],"class_list":{"0":"post-10760","1":"product","2":"type-product","3":"status-publish","4":"has-post-thumbnail","6":"pwb-brand-fredfloris","7":"product_cat-sewing-labels","8":"product_tag-made-to-order","9":"product_shipping_class-small-goods","10":"pa_leather-colour-cognac-pull-up","11":"pa_leather-colour-light-brown-no1","12":"pa_leather-colour-natural","14":"first","15":"instock","16":"taxable","17":"shipping-taxable","18":"purchasable","19":"product-type-variable","20":"has-default-attributes"},"yoast_head":"<!-- This site is optimized with the Yoast SEO plugin v27.2 - https:\/\/yoast.com\/product\/yoast-seo-wordpress\/ -->\n<title>Custom Leather Labels for Crafting | Personalised Sewing Tags<\/title>\n<meta name=\"description\" content=\"Elevate your handmade creations with our Custom Leather Labels. Perfect for knitters, crocheters, and crafters, these personalised sewing tags, add a unique touch to any project.\" \/>\n<meta name=\"robots\" content=\"index, follow, max-snippet:-1, max-image-preview:large, max-video-preview:-1\" \/>\n<link rel=\"canonical\" href=\"https:\/\/fredfloris.eu\/nb\/productpage\/personalised-leather-labels\/?wmc-currency=NOK\" \/>\n<meta property=\"og:locale\" content=\"nb_NO\" \/>\n<meta property=\"og:type\" content=\"article\" \/>\n<meta property=\"og:title\" content=\"Custom Leather Labels for Crafting | Personalised Sewing Tags\" \/>\n<meta property=\"og:description\" content=\"Elevate your handmade creations with our Custom Leather Labels. Perfect for knitters, crocheters, and crafters, these personalised sewing tags, add a unique touch to any project.\" \/>\n<meta property=\"og:url\" content=\"https:\/\/fredfloris.eu\/nb\/productpage\/personalised-leather-labels\/?wmc-currency=NOK\" \/>\n<meta property=\"og:site_name\" content=\"FredFloris\" \/>\n<meta property=\"article:publisher\" content=\"https:\/\/www.facebook.com\/FredFloris.Artisan.Studio\/\" \/>\n<meta property=\"article:modified_time\" content=\"2025-01-05T10:22:59+00:00\" \/>\n<meta property=\"og:image\" content=\"https:\/\/fredfloris.eu\/wp-content\/uploads\/2025\/01\/IMG_6475-scaled.jpg\" \/>\n\t<meta property=\"og:image:width\" content=\"2560\" \/>\n\t<meta property=\"og:image:height\" content=\"1707\" \/>\n\t<meta property=\"og:image:type\" content=\"image\/jpeg\" \/>\n<meta name=\"twitter:card\" content=\"summary_large_image\" \/>\n<meta name=\"twitter:site\" content=\"@_fredfloris_\" \/>\n<meta name=\"twitter:label1\" content=\"Ansl. lesetid\" \/>\n\t<meta name=\"twitter:data1\" content=\"2 minutter\" \/>\n<script type=\"application\/ld+json\" class=\"yoast-schema-graph\">{\"@context\":\"https:\/\/schema.org\",\"@graph\":[{\"@type\":\"WebPage\",\"@id\":\"https:\/\/fredfloris.eu\/productpage\/personalised-leather-labels\/\",\"url\":\"https:\/\/fredfloris.eu\/productpage\/personalised-leather-labels\/\",\"name\":\"Custom Leather Labels for Crafting | Personalised Sewing Tags\",\"isPartOf\":{\"@id\":\"https:\/\/fredfloris.eu\/#website\"},\"primaryImageOfPage\":{\"@id\":\"https:\/\/fredfloris.eu\/productpage\/personalised-leather-labels\/#primaryimage\"},\"image\":{\"@id\":\"https:\/\/fredfloris.eu\/productpage\/personalised-leather-labels\/#primaryimage\"},\"thumbnailUrl\":\"https:\/\/fredfloris.eu\/wp-content\/uploads\/2025\/01\/IMG_6475-scaled.jpg\",\"datePublished\":\"2024-02-27T18:41:14+00:00\",\"dateModified\":\"2025-01-05T10:22:59+00:00\",\"description\":\"Elevate your handmade creations with our Custom Leather Labels. Perfect for knitters, crocheters, and crafters, these personalised sewing tags, add a unique touch to any project.\",\"breadcrumb\":{\"@id\":\"https:\/\/fredfloris.eu\/productpage\/personalised-leather-labels\/#breadcrumb\"},\"inLanguage\":\"nb-NO\",\"potentialAction\":[{\"@type\":\"ReadAction\",\"target\":[\"https:\/\/fredfloris.eu\/productpage\/personalised-leather-labels\/\"]}]},{\"@type\":\"ImageObject\",\"inLanguage\":\"nb-NO\",\"@id\":\"https:\/\/fredfloris.eu\/productpage\/personalised-leather-labels\/#primaryimage\",\"url\":\"https:\/\/fredfloris.eu\/wp-content\/uploads\/2025\/01\/IMG_6475-scaled.jpg\",\"contentUrl\":\"https:\/\/fredfloris.eu\/wp-content\/uploads\/2025\/01\/IMG_6475-scaled.jpg\",\"width\":2560,\"height\":1707,\"caption\":\"Product: Personalised Leather Labels\"},{\"@type\":\"BreadcrumbList\",\"@id\":\"https:\/\/fredfloris.eu\/productpage\/personalised-leather-labels\/#breadcrumb\",\"itemListElement\":[{\"@type\":\"ListItem\",\"position\":1,\"name\":\"Home\",\"item\":\"https:\/\/fredfloris.eu\/\"},{\"@type\":\"ListItem\",\"position\":2,\"name\":\"Shop\",\"item\":\"https:\/\/fredfloris.eu\/shop\/\"},{\"@type\":\"ListItem\",\"position\":3,\"name\":\"Personalised Leather Labels\"}]},{\"@type\":\"WebSite\",\"@id\":\"https:\/\/fredfloris.eu\/#website\",\"url\":\"https:\/\/fredfloris.eu\/\",\"name\":\"FredFloris\",\"description\":\"Handcrafted Leathergoods - Made in Sweden\",\"publisher\":{\"@id\":\"https:\/\/fredfloris.eu\/#organization\"},\"potentialAction\":[{\"@type\":\"SearchAction\",\"target\":{\"@type\":\"EntryPoint\",\"urlTemplate\":\"https:\/\/fredfloris.eu\/?s={search_term_string}\"},\"query-input\":{\"@type\":\"PropertyValueSpecification\",\"valueRequired\":true,\"valueName\":\"search_term_string\"}}],\"inLanguage\":\"nb-NO\"},{\"@type\":\"Organization\",\"@id\":\"https:\/\/fredfloris.eu\/#organization\",\"name\":\"FredFloris\",\"url\":\"https:\/\/fredfloris.eu\/\",\"logo\":{\"@type\":\"ImageObject\",\"inLanguage\":\"nb-NO\",\"@id\":\"https:\/\/fredfloris.eu\/#\/schema\/logo\/image\/\",\"url\":\"https:\/\/fredfloris.eu\/wp-content\/uploads\/2022\/03\/FredFloris-med-hel-nal-och-text.png\",\"contentUrl\":\"https:\/\/fredfloris.eu\/wp-content\/uploads\/2022\/03\/FredFloris-med-hel-nal-och-text.png\",\"width\":591,\"height\":283,\"caption\":\"FredFloris\"},\"image\":{\"@id\":\"https:\/\/fredfloris.eu\/#\/schema\/logo\/image\/\"},\"sameAs\":[\"https:\/\/www.facebook.com\/FredFloris.Artisan.Studio\/\",\"https:\/\/x.com\/_fredfloris_\",\"https:\/\/www.instagram.com\/fredfloris.artisan.studio\/\"]}]}<\/script>\n<!-- \/ Yoast SEO plugin. -->","yoast_head_json":{"title":"Egendefinerte l\u00e6retiketter for h\u00e5ndverk | Personlige symerker","description":"L\u00f8ft frem dine h\u00e5ndlagde kreasjoner med v\u00e5re egendefinerte l\u00e6retiketter. Disse personlige symerkene er perfekte for strikkere, heklere og h\u00e5ndverkere, og gir et unikt preg til ethvert prosjekt.","robots":{"index":"index","follow":"follow","max-snippet":"max-snippet:-1","max-image-preview":"max-image-preview:large","max-video-preview":"max-video-preview:-1"},"canonical":"https:\/\/fredfloris.eu\/nb\/productpage\/personalised-leather-labels\/?wmc-currency=NOK","og_locale":"nb_NO","og_type":"article","og_title":"Custom Leather Labels for Crafting | Personalised Sewing Tags","og_description":"Elevate your handmade creations with our Custom Leather Labels. Perfect for knitters, crocheters, and crafters, these personalised sewing tags, add a unique touch to any project.","og_url":"https:\/\/fredfloris.eu\/nb\/productpage\/personalised-leather-labels\/?wmc-currency=NOK","og_site_name":"FredFloris","article_publisher":"https:\/\/www.facebook.com\/FredFloris.Artisan.Studio\/","article_modified_time":"2025-01-05T10:22:59+00:00","og_image":[{"width":2560,"height":1707,"url":"https:\/\/fredfloris.eu\/wp-content\/uploads\/2025\/01\/IMG_6475-scaled.jpg","type":"image\/jpeg"}],"twitter_card":"summary_large_image","twitter_site":"@_fredfloris_","twitter_misc":{"Ansl. lesetid":"2 minutter"},"schema":{"@context":"https:\/\/schema.org","@graph":[{"@type":"WebPage","@id":"https:\/\/fredfloris.eu\/productpage\/personalised-leather-labels\/","url":"https:\/\/fredfloris.eu\/productpage\/personalised-leather-labels\/","name":"Egendefinerte l\u00e6retiketter for h\u00e5ndverk | Personlige symerker","isPartOf":{"@id":"https:\/\/fredfloris.eu\/#website"},"primaryImageOfPage":{"@id":"https:\/\/fredfloris.eu\/productpage\/personalised-leather-labels\/#primaryimage"},"image":{"@id":"https:\/\/fredfloris.eu\/productpage\/personalised-leather-labels\/#primaryimage"},"thumbnailUrl":"https:\/\/fredfloris.eu\/wp-content\/uploads\/2025\/01\/IMG_6475-scaled.jpg","datePublished":"2024-02-27T18:41:14+00:00","dateModified":"2025-01-05T10:22:59+00:00","description":"L\u00f8ft frem dine h\u00e5ndlagde kreasjoner med v\u00e5re egendefinerte l\u00e6retiketter. Disse personlige symerkene er perfekte for strikkere, heklere og h\u00e5ndverkere, og gir et unikt preg til ethvert prosjekt.","breadcrumb":{"@id":"https:\/\/fredfloris.eu\/productpage\/personalised-leather-labels\/#breadcrumb"},"inLanguage":"nb-NO","potentialAction":[{"@type":"ReadAction","target":["https:\/\/fredfloris.eu\/productpage\/personalised-leather-labels\/"]}]},{"@type":"ImageObject","inLanguage":"nb-NO","@id":"https:\/\/fredfloris.eu\/productpage\/personalised-leather-labels\/#primaryimage","url":"https:\/\/fredfloris.eu\/wp-content\/uploads\/2025\/01\/IMG_6475-scaled.jpg","contentUrl":"https:\/\/fredfloris.eu\/wp-content\/uploads\/2025\/01\/IMG_6475-scaled.jpg","width":2560,"height":1707,"caption":"Product: Personalised Leather Labels"},{"@type":"BreadcrumbList","@id":"https:\/\/fredfloris.eu\/productpage\/personalised-leather-labels\/#breadcrumb","itemListElement":[{"@type":"ListItem","position":1,"name":"Home","item":"https:\/\/fredfloris.eu\/"},{"@type":"ListItem","position":2,"name":"Shop","item":"https:\/\/fredfloris.eu\/shop\/"},{"@type":"ListItem","position":3,"name":"Personalised Leather Labels"}]},{"@type":"WebSite","@id":"https:\/\/fredfloris.eu\/#website","url":"https:\/\/fredfloris.eu\/","name":"FredFloris","description":"H\u00e5ndlagde skinnvarer - laget i Sverige","publisher":{"@id":"https:\/\/fredfloris.eu\/#organization"},"potentialAction":[{"@type":"SearchAction","target":{"@type":"EntryPoint","urlTemplate":"https:\/\/fredfloris.eu\/?s={search_term_string}"},"query-input":{"@type":"PropertyValueSpecification","valueRequired":true,"valueName":"search_term_string"}}],"inLanguage":"nb-NO"},{"@type":"Organization","@id":"https:\/\/fredfloris.eu\/#organization","name":"FredFloris","url":"https:\/\/fredfloris.eu\/","logo":{"@type":"ImageObject","inLanguage":"nb-NO","@id":"https:\/\/fredfloris.eu\/#\/schema\/logo\/image\/","url":"https:\/\/fredfloris.eu\/wp-content\/uploads\/2022\/03\/FredFloris-med-hel-nal-och-text.png","contentUrl":"https:\/\/fredfloris.eu\/wp-content\/uploads\/2022\/03\/FredFloris-med-hel-nal-och-text.png","width":591,"height":283,"caption":"FredFloris"},"image":{"@id":"https:\/\/fredfloris.eu\/#\/schema\/logo\/image\/"},"sameAs":["https:\/\/www.facebook.com\/FredFloris.Artisan.Studio\/","https:\/\/x.com\/_fredfloris_","https:\/\/www.instagram.com\/fredfloris.artisan.studio\/"]}]}},"brands":[{"id":203,"name":"FredFloris","slug":"fredfloris"}],"_links":{"self":[{"href":"https:\/\/fredfloris.eu\/nb\/wp-json\/wp\/v2\/product\/10760","targetHints":{"allow":["GET"]}}],"collection":[{"href":"https:\/\/fredfloris.eu\/nb\/wp-json\/wp\/v2\/product"}],"about":[{"href":"https:\/\/fredfloris.eu\/nb\/wp-json\/wp\/v2\/types\/product"}],"version-history":[{"count":38,"href":"https:\/\/fredfloris.eu\/nb\/wp-json\/wp\/v2\/product\/10760\/revisions"}],"predecessor-version":[{"id":11131,"href":"https:\/\/fredfloris.eu\/nb\/wp-json\/wp\/v2\/product\/10760\/revisions\/11131"}],"wp:featuredmedia":[{"embeddable":true,"href":"https:\/\/fredfloris.eu\/nb\/wp-json\/wp\/v2\/media\/11712"}],"wp:attachment":[{"href":"https:\/\/fredfloris.eu\/nb\/wp-json\/wp\/v2\/media?parent=10760"}],"wp:term":[{"taxonomy":"pwb-brand","embeddable":true,"href":"https:\/\/fredfloris.eu\/nb\/wp-json\/wp\/v2\/pwb-brand?post=10760"},{"taxonomy":"product_brand","embeddable":true,"href":"https:\/\/fredfloris.eu\/nb\/wp-json\/wp\/v2\/product_brand?post=10760"},{"taxonomy":"product_cat","embeddable":true,"href":"https:\/\/fredfloris.eu\/nb\/wp-json\/wp\/v2\/product_cat?post=10760"},{"taxonomy":"product_tag","embeddable":true,"href":"https:\/\/fredfloris.eu\/nb\/wp-json\/wp\/v2\/product_tag?post=10760"},{"taxonomy":"woo-feed-brand","embeddable":true,"href":"https:\/\/fredfloris.eu\/nb\/wp-json\/wp\/v2\/woo-feed-brand?post=10760"}],"curies":[{"name":"wp","href":"https:\/\/api.w.org\/{rel}","templated":true}]}}