{"id":5009,"date":"2022-05-15T22:44:55","date_gmt":"2022-05-15T20:44:55","guid":{"rendered":"https:\/\/fredfloris.eu\/?post_type=product&#038;p=5009"},"modified":"2025-01-18T23:06:18","modified_gmt":"2025-01-18T21:06:18","slug":"saf-bookmarks","status":"publish","type":"product","link":"https:\/\/fredfloris.eu\/nb\/productpage\/saf-bookmarks\/","title":{"rendered":"Selma, Astrid or Fredrika - Bokmerker"},"content":{"rendered":"<p><strong>Hyll ikoniske karakterer med v\u00e5rt bokmerke i l\u00e6r, med minneverdige sitater fra Michael Scott fra \"The Office\" og Buzz Lightyear fra \"Toy Story\".<\/strong> Dette bokmerket kombinerer moro med funksjonalitet, perfekt for b\u00e5de bokelskere og fans. Enten de er preget med varme eller gullfoliert, vil disse sitatene tilf\u00f8re et snev av inspirasjon og humor til lesestundene dine.<\/p>\n<p><strong>Produktspesifikasjoner:<\/strong><\/p>\n<ul>\n<li><strong>Materiale:<\/strong> Laget av vegetabilsk garvet fullnarvet okseskinn, garvet i Toscana, Italia<\/li>\n<li><strong>Personalisering:<\/strong> Har sitater som kan varmepreges eller gullfolieres<\/li>\n<li><strong>Avslutt:<\/strong> Anilinfarget skinn med voks\/harpiks-bakside for ekstra slitestyrke<\/li>\n<li><strong>Vedlegg:<\/strong> Inkluderer en hampfibersnor for \u00e5 holde deg p\u00e5 plass<\/li>\n<li><strong>Dimensjoner:<\/strong> Bredde: 33 mm, lengde: 200 mm<\/li>\n<\/ul>\n<p>&nbsp;<\/p>\n<p>Dette bokmerket i skinn er ikke bare et praktisk lesetilbeh\u00f8r, men ogs\u00e5 et statement-piece som kombinerer kj\u00e6rligheten til elskede film- og TV-figurer med den tidl\u00f8se gleden ved \u00e5 lese.<\/p>\n<p>&nbsp;<\/p>\n<p>S\u00f8keord: Bokmerke med sitater, Bokmerke i l\u00e6r, Varmepresset bokmerke i l\u00e6r<\/p>","protected":false},"excerpt":{"rendered":"<p>Dette bokmerket er laget av vegetabilsk garvet fullnarvet skinn som leveres av det italienske selskapet Mapel &amp; C i samarbeid med Tuscany Tanning District Companies. Bokmerket er laget av det samme europeiske okseskinnet som beltet v\u00e5rt, og er farget med anilin og har en vakker semi-permanent voksfinish. Vi har brukt en naturlig hampfibersnor til dusken, noe som gj\u00f8r det enkelt og delikat.<\/p>","protected":false},"featured_media":3087,"template":"","meta":[],"pwb-brand":[203],"product_brand":[],"product_cat":[108,100],"product_tag":[123,136,147,105],"woo-feed-brand":[],"class_list":{"0":"post-5009","1":"product","2":"type-product","3":"status-publish","4":"has-post-thumbnail","6":"pwb-brand-fredfloris","7":"product_cat-bookmarks","8":"product_cat-leathergoods","9":"product_tag-full-grain-leather","10":"product_tag-handmade","11":"product_tag-heat-imprint","12":"product_tag-made-to-order","13":"product_shipping_class-small-goods","14":"pa_leather-colour-tan-belt","16":"first","17":"instock","18":"taxable","19":"shipping-taxable","20":"purchasable","21":"product-type-variable"},"yoast_head":"<!-- This site is optimized with the Yoast SEO plugin v27.2 - https:\/\/yoast.com\/product\/yoast-seo-wordpress\/ -->\n<title>Leather Bookmark With Quotes | FredFloris<\/title>\n<meta name=\"description\" content=\"Our bookmarks are handcrafted from premium vegetable-tanned leather. Personalize your bookmark with a custom message using heat imprint.\" \/>\n<meta name=\"robots\" content=\"index, follow, max-snippet:-1, max-image-preview:large, max-video-preview:-1\" \/>\n<link rel=\"canonical\" href=\"https:\/\/fredfloris.eu\/nb\/productpage\/saf-bookmarks\/?wmc-currency=NOK\" \/>\n<meta property=\"og:locale\" content=\"nb_NO\" \/>\n<meta property=\"og:type\" content=\"article\" \/>\n<meta property=\"og:title\" content=\"Leather Bookmark With Quotes | FredFloris\" \/>\n<meta property=\"og:description\" content=\"Our bookmarks are handcrafted from premium vegetable-tanned leather. Personalize your bookmark with a custom message using heat imprint.\" \/>\n<meta property=\"og:url\" content=\"https:\/\/fredfloris.eu\/nb\/productpage\/saf-bookmarks\/?wmc-currency=NOK\" \/>\n<meta property=\"og:site_name\" content=\"FredFloris\" \/>\n<meta property=\"article:publisher\" content=\"https:\/\/www.facebook.com\/FredFloris.Artisan.Studio\/\" \/>\n<meta property=\"article:modified_time\" content=\"2025-01-18T21:06:18+00:00\" \/>\n<meta property=\"og:image\" content=\"https:\/\/fredfloris.eu\/wp-content\/uploads\/2022\/04\/IMG_1521-scaled.jpg\" \/>\n\t<meta property=\"og:image:width\" content=\"2560\" \/>\n\t<meta property=\"og:image:height\" content=\"1707\" \/>\n\t<meta property=\"og:image:type\" content=\"image\/jpeg\" \/>\n<meta name=\"twitter:card\" content=\"summary_large_image\" \/>\n<meta name=\"twitter:site\" content=\"@_fredfloris_\" \/>\n<meta name=\"twitter:label1\" content=\"Ansl. lesetid\" \/>\n\t<meta name=\"twitter:data1\" content=\"1 minutt\" \/>\n<script type=\"application\/ld+json\" class=\"yoast-schema-graph\">{\"@context\":\"https:\/\/schema.org\",\"@graph\":[{\"@type\":\"WebPage\",\"@id\":\"https:\/\/fredfloris.eu\/productpage\/saf-bookmarks\/\",\"url\":\"https:\/\/fredfloris.eu\/productpage\/saf-bookmarks\/\",\"name\":\"Leather Bookmark With Quotes | FredFloris\",\"isPartOf\":{\"@id\":\"https:\/\/fredfloris.eu\/#website\"},\"primaryImageOfPage\":{\"@id\":\"https:\/\/fredfloris.eu\/productpage\/saf-bookmarks\/#primaryimage\"},\"image\":{\"@id\":\"https:\/\/fredfloris.eu\/productpage\/saf-bookmarks\/#primaryimage\"},\"thumbnailUrl\":\"https:\/\/fredfloris.eu\/wp-content\/uploads\/2022\/04\/IMG_1521-scaled.jpg\",\"datePublished\":\"2022-05-15T20:44:55+00:00\",\"dateModified\":\"2025-01-18T21:06:18+00:00\",\"description\":\"Our bookmarks are handcrafted from premium vegetable-tanned leather. Personalize your bookmark with a custom message using heat imprint.\",\"breadcrumb\":{\"@id\":\"https:\/\/fredfloris.eu\/productpage\/saf-bookmarks\/#breadcrumb\"},\"inLanguage\":\"nb-NO\",\"potentialAction\":[{\"@type\":\"ReadAction\",\"target\":[\"https:\/\/fredfloris.eu\/productpage\/saf-bookmarks\/\"]}]},{\"@type\":\"ImageObject\",\"inLanguage\":\"nb-NO\",\"@id\":\"https:\/\/fredfloris.eu\/productpage\/saf-bookmarks\/#primaryimage\",\"url\":\"https:\/\/fredfloris.eu\/wp-content\/uploads\/2022\/04\/IMG_1521-scaled.jpg\",\"contentUrl\":\"https:\/\/fredfloris.eu\/wp-content\/uploads\/2022\/04\/IMG_1521-scaled.jpg\",\"width\":2560,\"height\":1707,\"caption\":\"Tan leather bookmark, with Toy Story quote, heat pressed option without gold foil.\"},{\"@type\":\"BreadcrumbList\",\"@id\":\"https:\/\/fredfloris.eu\/productpage\/saf-bookmarks\/#breadcrumb\",\"itemListElement\":[{\"@type\":\"ListItem\",\"position\":1,\"name\":\"Home\",\"item\":\"https:\/\/fredfloris.eu\/\"},{\"@type\":\"ListItem\",\"position\":2,\"name\":\"Shop\",\"item\":\"https:\/\/fredfloris.eu\/shop\/\"},{\"@type\":\"ListItem\",\"position\":3,\"name\":\"Selma, Astrid or Fredrika &#8211; Bookmarks\"}]},{\"@type\":\"WebSite\",\"@id\":\"https:\/\/fredfloris.eu\/#website\",\"url\":\"https:\/\/fredfloris.eu\/\",\"name\":\"FredFloris\",\"description\":\"Handcrafted Leathergoods - Made in Sweden\",\"publisher\":{\"@id\":\"https:\/\/fredfloris.eu\/#organization\"},\"potentialAction\":[{\"@type\":\"SearchAction\",\"target\":{\"@type\":\"EntryPoint\",\"urlTemplate\":\"https:\/\/fredfloris.eu\/?s={search_term_string}\"},\"query-input\":{\"@type\":\"PropertyValueSpecification\",\"valueRequired\":true,\"valueName\":\"search_term_string\"}}],\"inLanguage\":\"nb-NO\"},{\"@type\":\"Organization\",\"@id\":\"https:\/\/fredfloris.eu\/#organization\",\"name\":\"FredFloris\",\"url\":\"https:\/\/fredfloris.eu\/\",\"logo\":{\"@type\":\"ImageObject\",\"inLanguage\":\"nb-NO\",\"@id\":\"https:\/\/fredfloris.eu\/#\/schema\/logo\/image\/\",\"url\":\"https:\/\/fredfloris.eu\/wp-content\/uploads\/2022\/03\/FredFloris-med-hel-nal-och-text.png\",\"contentUrl\":\"https:\/\/fredfloris.eu\/wp-content\/uploads\/2022\/03\/FredFloris-med-hel-nal-och-text.png\",\"width\":591,\"height\":283,\"caption\":\"FredFloris\"},\"image\":{\"@id\":\"https:\/\/fredfloris.eu\/#\/schema\/logo\/image\/\"},\"sameAs\":[\"https:\/\/www.facebook.com\/FredFloris.Artisan.Studio\/\",\"https:\/\/x.com\/_fredfloris_\",\"https:\/\/www.instagram.com\/fredfloris.artisan.studio\/\"]}]}<\/script>\n<!-- \/ Yoast SEO plugin. -->","yoast_head_json":{"title":"Bokmerke i l\u00e6r med sitater | FredFloris","description":"V\u00e5re bokmerker er h\u00e5ndlaget av f\u00f8rsteklasses vegetabilsk garvet l\u00e6r. Gi bokmerket ditt et personlig budskap ved hjelp av varmetrykk.","robots":{"index":"index","follow":"follow","max-snippet":"max-snippet:-1","max-image-preview":"max-image-preview:large","max-video-preview":"max-video-preview:-1"},"canonical":"https:\/\/fredfloris.eu\/nb\/productpage\/saf-bookmarks\/?wmc-currency=NOK","og_locale":"nb_NO","og_type":"article","og_title":"Leather Bookmark With Quotes | FredFloris","og_description":"Our bookmarks are handcrafted from premium vegetable-tanned leather. Personalize your bookmark with a custom message using heat imprint.","og_url":"https:\/\/fredfloris.eu\/nb\/productpage\/saf-bookmarks\/?wmc-currency=NOK","og_site_name":"FredFloris","article_publisher":"https:\/\/www.facebook.com\/FredFloris.Artisan.Studio\/","article_modified_time":"2025-01-18T21:06:18+00:00","og_image":[{"width":2560,"height":1707,"url":"https:\/\/fredfloris.eu\/wp-content\/uploads\/2022\/04\/IMG_1521-scaled.jpg","type":"image\/jpeg"}],"twitter_card":"summary_large_image","twitter_site":"@_fredfloris_","twitter_misc":{"Ansl. lesetid":"1 minutt"},"schema":{"@context":"https:\/\/schema.org","@graph":[{"@type":"WebPage","@id":"https:\/\/fredfloris.eu\/productpage\/saf-bookmarks\/","url":"https:\/\/fredfloris.eu\/productpage\/saf-bookmarks\/","name":"Bokmerke i l\u00e6r med sitater | FredFloris","isPartOf":{"@id":"https:\/\/fredfloris.eu\/#website"},"primaryImageOfPage":{"@id":"https:\/\/fredfloris.eu\/productpage\/saf-bookmarks\/#primaryimage"},"image":{"@id":"https:\/\/fredfloris.eu\/productpage\/saf-bookmarks\/#primaryimage"},"thumbnailUrl":"https:\/\/fredfloris.eu\/wp-content\/uploads\/2022\/04\/IMG_1521-scaled.jpg","datePublished":"2022-05-15T20:44:55+00:00","dateModified":"2025-01-18T21:06:18+00:00","description":"V\u00e5re bokmerker er h\u00e5ndlaget av f\u00f8rsteklasses vegetabilsk garvet l\u00e6r. Gi bokmerket ditt et personlig budskap ved hjelp av varmetrykk.","breadcrumb":{"@id":"https:\/\/fredfloris.eu\/productpage\/saf-bookmarks\/#breadcrumb"},"inLanguage":"nb-NO","potentialAction":[{"@type":"ReadAction","target":["https:\/\/fredfloris.eu\/productpage\/saf-bookmarks\/"]}]},{"@type":"ImageObject","inLanguage":"nb-NO","@id":"https:\/\/fredfloris.eu\/productpage\/saf-bookmarks\/#primaryimage","url":"https:\/\/fredfloris.eu\/wp-content\/uploads\/2022\/04\/IMG_1521-scaled.jpg","contentUrl":"https:\/\/fredfloris.eu\/wp-content\/uploads\/2022\/04\/IMG_1521-scaled.jpg","width":2560,"height":1707,"caption":"Tan leather bookmark, with Toy Story quote, heat pressed option without gold foil."},{"@type":"BreadcrumbList","@id":"https:\/\/fredfloris.eu\/productpage\/saf-bookmarks\/#breadcrumb","itemListElement":[{"@type":"ListItem","position":1,"name":"Home","item":"https:\/\/fredfloris.eu\/"},{"@type":"ListItem","position":2,"name":"Shop","item":"https:\/\/fredfloris.eu\/shop\/"},{"@type":"ListItem","position":3,"name":"Selma, Astrid or Fredrika &#8211; Bookmarks"}]},{"@type":"WebSite","@id":"https:\/\/fredfloris.eu\/#website","url":"https:\/\/fredfloris.eu\/","name":"FredFloris","description":"H\u00e5ndlagde skinnvarer - laget i Sverige","publisher":{"@id":"https:\/\/fredfloris.eu\/#organization"},"potentialAction":[{"@type":"SearchAction","target":{"@type":"EntryPoint","urlTemplate":"https:\/\/fredfloris.eu\/?s={search_term_string}"},"query-input":{"@type":"PropertyValueSpecification","valueRequired":true,"valueName":"search_term_string"}}],"inLanguage":"nb-NO"},{"@type":"Organization","@id":"https:\/\/fredfloris.eu\/#organization","name":"FredFloris","url":"https:\/\/fredfloris.eu\/","logo":{"@type":"ImageObject","inLanguage":"nb-NO","@id":"https:\/\/fredfloris.eu\/#\/schema\/logo\/image\/","url":"https:\/\/fredfloris.eu\/wp-content\/uploads\/2022\/03\/FredFloris-med-hel-nal-och-text.png","contentUrl":"https:\/\/fredfloris.eu\/wp-content\/uploads\/2022\/03\/FredFloris-med-hel-nal-och-text.png","width":591,"height":283,"caption":"FredFloris"},"image":{"@id":"https:\/\/fredfloris.eu\/#\/schema\/logo\/image\/"},"sameAs":["https:\/\/www.facebook.com\/FredFloris.Artisan.Studio\/","https:\/\/x.com\/_fredfloris_","https:\/\/www.instagram.com\/fredfloris.artisan.studio\/"]}]}},"brands":[{"id":203,"name":"FredFloris","slug":"fredfloris"}],"_links":{"self":[{"href":"https:\/\/fredfloris.eu\/nb\/wp-json\/wp\/v2\/product\/5009","targetHints":{"allow":["GET"]}}],"collection":[{"href":"https:\/\/fredfloris.eu\/nb\/wp-json\/wp\/v2\/product"}],"about":[{"href":"https:\/\/fredfloris.eu\/nb\/wp-json\/wp\/v2\/types\/product"}],"version-history":[{"count":8,"href":"https:\/\/fredfloris.eu\/nb\/wp-json\/wp\/v2\/product\/5009\/revisions"}],"predecessor-version":[{"id":11552,"href":"https:\/\/fredfloris.eu\/nb\/wp-json\/wp\/v2\/product\/5009\/revisions\/11552"}],"wp:featuredmedia":[{"embeddable":true,"href":"https:\/\/fredfloris.eu\/nb\/wp-json\/wp\/v2\/media\/3087"}],"wp:attachment":[{"href":"https:\/\/fredfloris.eu\/nb\/wp-json\/wp\/v2\/media?parent=5009"}],"wp:term":[{"taxonomy":"pwb-brand","embeddable":true,"href":"https:\/\/fredfloris.eu\/nb\/wp-json\/wp\/v2\/pwb-brand?post=5009"},{"taxonomy":"product_brand","embeddable":true,"href":"https:\/\/fredfloris.eu\/nb\/wp-json\/wp\/v2\/product_brand?post=5009"},{"taxonomy":"product_cat","embeddable":true,"href":"https:\/\/fredfloris.eu\/nb\/wp-json\/wp\/v2\/product_cat?post=5009"},{"taxonomy":"product_tag","embeddable":true,"href":"https:\/\/fredfloris.eu\/nb\/wp-json\/wp\/v2\/product_tag?post=5009"},{"taxonomy":"woo-feed-brand","embeddable":true,"href":"https:\/\/fredfloris.eu\/nb\/wp-json\/wp\/v2\/woo-feed-brand?post=5009"}],"curies":[{"name":"wp","href":"https:\/\/api.w.org\/{rel}","templated":true}]}}