{"id":5121,"date":"2022-05-16T16:45:25","date_gmt":"2022-05-16T14:45:25","guid":{"rendered":"https:\/\/fredfloris.eu\/?post_type=product&#038;p=5121"},"modified":"2024-06-24T21:26:17","modified_gmt":"2024-06-24T19:26:17","slug":"birka-coasters","status":"publish","type":"product","link":"https:\/\/fredfloris.eu\/nb\/productpage\/birka-coasters\/","title":{"rendered":"Birka - Underleggere i l\u00e6r"},"content":{"rendered":"<p><strong>Prisen gjelder for et sett med 6 skinnunderlegg<\/strong><\/p>\n<p><strong>Personalisering:<\/strong> Legg til et navn, bilde eller en melding uten ekstra kostnad. Hvis du vil tilpasse med ditt eget design, legger du bare b\u00e5de produktet og det valgte designet i handlekurven.<\/p>\n<p><a class=\"lumise-customize-button button alt\" href=\"https:\/\/fredfloris.eu\/nb\/productpage\/customize-birka-leather-coasters\/?wmc-currency=NOK\" name=\"customize\">Tilpass<\/a><\/p>\n<p><strong>Gj\u00f8r hjemmet ditt enda bedre med v\u00e5rt sett med 6 skinnunderlegg, designet for \u00e5 beskytte overflatene dine og komplementere m\u00f8blene dine.<\/strong> Disse bordsk\u00e5nerne kombinerer en moderne, sirkul\u00e6r form med skinnets tidl\u00f8se uttrykk, og bygger s\u00f8ml\u00f8st bro mellom tradisjonelle og moderne stiler. Enten du nyter lyden av is som klirrer i et glass eller en skje i keramikk, s\u00f8rger disse bordsk\u00e5nerne for at drinken din f\u00e5r en sofistikert hvileplass.<\/p>\n<p><strong>Produktspesifikasjoner:<\/strong><\/p>\n<ul>\n<li><strong>Laget helt for h\u00e5nd i v\u00e5rt familieeide Leather Art Studio<\/strong><\/li>\n<li><strong>Materiale:<\/strong> Laget av vegetabilsk garvet svensk fullnarvet skinn<\/li>\n<li><strong>Backing:<\/strong> Portugisisk kork p\u00e5 baksiden gir bedre stabilitet og et ekstra lag med beskyttelse for m\u00f8blene dine<\/li>\n<li><strong>Vannbestandighet:<\/strong> Designet for \u00e5 t\u00e5le kondens fra drikken din, slik at overflatene holdes t\u00f8rre og rene<\/li>\n<li><strong>St\u00f8rrelse:<\/strong> Hver dalbane har en diameter p\u00e5 100 mm<\/li>\n<li><strong>Fargealternativer:<\/strong> Finnes i svart og brunt, slik at du kan matche innredningen din eller legge til en kontrastfull aksent<\/li>\n<\/ul>\n<p>&nbsp;<\/p>\n<p>&nbsp;<\/p>\n<p>S\u00f8keord: Bordsk\u00e5ner i svart skinn, Bord, drikke bordsk\u00e5ner i skinn<\/p>","protected":false},"excerpt":{"rendered":"<p>Fullnarvet skinn er hentet fra lokale svenske g\u00e5rder og vegetabilsk garvet av det svenske garveriet T\u00e4rnsj\u00f6 Garveri. Garveriet i T\u00e4rnsj\u00f6 har Organic 100- og TUV-sertifikatene som sikrer at produktene som produseres p\u00e5 garveriet, er henholdsvis 95% \u00f8kologiske og produsert i et trygt og sikkert anlegg.<\/p>\n<pre><\/pre>\n<p>N\u00e5r vi har f\u00e5tt l\u00e6ret, lager verkstedet v\u00e5rt bordsk\u00e5nerne helt for h\u00e5nd. Underleggsbrikkene v\u00e5re er sk\u00e5ret ut av det tykke svenske l\u00e6ret og deretter foret med naturlig portugisisk kork. For \u00e5 fullf\u00f8re utseendet er bordsk\u00e5neren preget med v\u00e5r signaturlogo.<\/p>\n<pre><\/pre>\n<p>SKU: bir\/coa\/lea\/bla Merkevare: FredFloris<\/p>","protected":false},"featured_media":10483,"template":"","meta":[],"pwb-brand":[203],"product_brand":[],"product_cat":[109,100],"product_tag":[123,136,105],"woo-feed-brand":[],"class_list":{"0":"post-5121","1":"product","2":"type-product","3":"status-publish","4":"has-post-thumbnail","6":"pwb-brand-fredfloris","7":"product_cat-coasters","8":"product_cat-leathergoods","9":"product_tag-full-grain-leather","10":"product_tag-handmade","11":"product_tag-made-to-order","12":"product_shipping_class-small-goods","13":"pa_leather-colour-black-croupon-swedish","14":"pa_leather-colour-brown-croupon-swedish","16":"first","17":"instock","18":"taxable","19":"shipping-taxable","20":"purchasable","21":"product-type-variable"},"yoast_head":"<!-- This site is optimized with the Yoast SEO plugin v27.2 - https:\/\/yoast.com\/product\/yoast-seo-wordpress\/ -->\n<title>Black Leather Coaster With Cork Backing | FredFloris<\/title>\n<meta name=\"description\" content=\"Black leather coaster that is minimalistic in appearance and sourced from Swedish farms. Perfect as a drink coaster and table coaster.\" \/>\n<meta name=\"robots\" content=\"index, follow, max-snippet:-1, max-image-preview:large, max-video-preview:-1\" \/>\n<link rel=\"canonical\" href=\"https:\/\/fredfloris.eu\/nb\/productpage\/birka-coasters\/?wmc-currency=NOK\" \/>\n<meta property=\"og:locale\" content=\"nb_NO\" \/>\n<meta property=\"og:type\" content=\"article\" \/>\n<meta property=\"og:title\" content=\"Black Leather Coaster With Cork Backing | FredFloris\" \/>\n<meta property=\"og:description\" content=\"Black leather coaster that is minimalistic in appearance and sourced from Swedish farms. Perfect as a drink coaster and table coaster.\" \/>\n<meta property=\"og:url\" content=\"https:\/\/fredfloris.eu\/nb\/productpage\/birka-coasters\/?wmc-currency=NOK\" \/>\n<meta property=\"og:site_name\" content=\"FredFloris\" \/>\n<meta property=\"article:publisher\" content=\"https:\/\/www.facebook.com\/FredFloris.Artisan.Studio\/\" \/>\n<meta property=\"article:modified_time\" content=\"2024-06-24T19:26:17+00:00\" \/>\n<meta property=\"og:image\" content=\"https:\/\/fredfloris.eu\/wp-content\/uploads\/2023\/09\/IMG_5580-scaled.jpg\" \/>\n\t<meta property=\"og:image:width\" content=\"2560\" \/>\n\t<meta property=\"og:image:height\" content=\"1707\" \/>\n\t<meta property=\"og:image:type\" content=\"image\/jpeg\" \/>\n<meta name=\"twitter:card\" content=\"summary_large_image\" \/>\n<meta name=\"twitter:site\" content=\"@_fredfloris_\" \/>\n<meta name=\"twitter:label1\" content=\"Ansl. lesetid\" \/>\n\t<meta name=\"twitter:data1\" content=\"2 minutter\" \/>\n<script type=\"application\/ld+json\" class=\"yoast-schema-graph\">{\"@context\":\"https:\/\/schema.org\",\"@graph\":[{\"@type\":\"WebPage\",\"@id\":\"https:\/\/fredfloris.eu\/productpage\/birka-coasters\/\",\"url\":\"https:\/\/fredfloris.eu\/productpage\/birka-coasters\/\",\"name\":\"Black Leather Coaster With Cork Backing | FredFloris\",\"isPartOf\":{\"@id\":\"https:\/\/fredfloris.eu\/#website\"},\"primaryImageOfPage\":{\"@id\":\"https:\/\/fredfloris.eu\/productpage\/birka-coasters\/#primaryimage\"},\"image\":{\"@id\":\"https:\/\/fredfloris.eu\/productpage\/birka-coasters\/#primaryimage\"},\"thumbnailUrl\":\"https:\/\/fredfloris.eu\/wp-content\/uploads\/2023\/09\/IMG_5580-scaled.jpg\",\"datePublished\":\"2022-05-16T14:45:25+00:00\",\"dateModified\":\"2024-06-24T19:26:17+00:00\",\"description\":\"Black leather coaster that is minimalistic in appearance and sourced from Swedish farms. Perfect as a drink coaster and table coaster.\",\"breadcrumb\":{\"@id\":\"https:\/\/fredfloris.eu\/productpage\/birka-coasters\/#breadcrumb\"},\"inLanguage\":\"nb-NO\",\"potentialAction\":[{\"@type\":\"ReadAction\",\"target\":[\"https:\/\/fredfloris.eu\/productpage\/birka-coasters\/\"]}]},{\"@type\":\"ImageObject\",\"inLanguage\":\"nb-NO\",\"@id\":\"https:\/\/fredfloris.eu\/productpage\/birka-coasters\/#primaryimage\",\"url\":\"https:\/\/fredfloris.eu\/wp-content\/uploads\/2023\/09\/IMG_5580-scaled.jpg\",\"contentUrl\":\"https:\/\/fredfloris.eu\/wp-content\/uploads\/2023\/09\/IMG_5580-scaled.jpg\",\"width\":2560,\"height\":1707,\"caption\":\"Product: Birka - Leather Coasters, Colour: Black & Brown, Cork Backing For Coasters\"},{\"@type\":\"BreadcrumbList\",\"@id\":\"https:\/\/fredfloris.eu\/productpage\/birka-coasters\/#breadcrumb\",\"itemListElement\":[{\"@type\":\"ListItem\",\"position\":1,\"name\":\"Home\",\"item\":\"https:\/\/fredfloris.eu\/\"},{\"@type\":\"ListItem\",\"position\":2,\"name\":\"Shop\",\"item\":\"https:\/\/fredfloris.eu\/shop\/\"},{\"@type\":\"ListItem\",\"position\":3,\"name\":\"Birka &#8211; Leather Coasters\"}]},{\"@type\":\"WebSite\",\"@id\":\"https:\/\/fredfloris.eu\/#website\",\"url\":\"https:\/\/fredfloris.eu\/\",\"name\":\"FredFloris\",\"description\":\"Handcrafted Leathergoods - Made in Sweden\",\"publisher\":{\"@id\":\"https:\/\/fredfloris.eu\/#organization\"},\"potentialAction\":[{\"@type\":\"SearchAction\",\"target\":{\"@type\":\"EntryPoint\",\"urlTemplate\":\"https:\/\/fredfloris.eu\/?s={search_term_string}\"},\"query-input\":{\"@type\":\"PropertyValueSpecification\",\"valueRequired\":true,\"valueName\":\"search_term_string\"}}],\"inLanguage\":\"nb-NO\"},{\"@type\":\"Organization\",\"@id\":\"https:\/\/fredfloris.eu\/#organization\",\"name\":\"FredFloris\",\"url\":\"https:\/\/fredfloris.eu\/\",\"logo\":{\"@type\":\"ImageObject\",\"inLanguage\":\"nb-NO\",\"@id\":\"https:\/\/fredfloris.eu\/#\/schema\/logo\/image\/\",\"url\":\"https:\/\/fredfloris.eu\/wp-content\/uploads\/2022\/03\/FredFloris-med-hel-nal-och-text.png\",\"contentUrl\":\"https:\/\/fredfloris.eu\/wp-content\/uploads\/2022\/03\/FredFloris-med-hel-nal-och-text.png\",\"width\":591,\"height\":283,\"caption\":\"FredFloris\"},\"image\":{\"@id\":\"https:\/\/fredfloris.eu\/#\/schema\/logo\/image\/\"},\"sameAs\":[\"https:\/\/www.facebook.com\/FredFloris.Artisan.Studio\/\",\"https:\/\/x.com\/_fredfloris_\",\"https:\/\/www.instagram.com\/fredfloris.artisan.studio\/\"]}]}<\/script>\n<!-- \/ Yoast SEO plugin. -->","yoast_head_json":{"title":"Underlegg i svart l\u00e6r med korkunderlag | FredFloris","description":"Svart skinnunderlegg med minimalistisk utseende og opprinnelse fra svenske g\u00e5rder. Perfekt som drinkunderlegg og bordsk\u00e5ner.","robots":{"index":"index","follow":"follow","max-snippet":"max-snippet:-1","max-image-preview":"max-image-preview:large","max-video-preview":"max-video-preview:-1"},"canonical":"https:\/\/fredfloris.eu\/nb\/productpage\/birka-coasters\/?wmc-currency=NOK","og_locale":"nb_NO","og_type":"article","og_title":"Black Leather Coaster With Cork Backing | FredFloris","og_description":"Black leather coaster that is minimalistic in appearance and sourced from Swedish farms. Perfect as a drink coaster and table coaster.","og_url":"https:\/\/fredfloris.eu\/nb\/productpage\/birka-coasters\/?wmc-currency=NOK","og_site_name":"FredFloris","article_publisher":"https:\/\/www.facebook.com\/FredFloris.Artisan.Studio\/","article_modified_time":"2024-06-24T19:26:17+00:00","og_image":[{"width":2560,"height":1707,"url":"https:\/\/fredfloris.eu\/wp-content\/uploads\/2023\/09\/IMG_5580-scaled.jpg","type":"image\/jpeg"}],"twitter_card":"summary_large_image","twitter_site":"@_fredfloris_","twitter_misc":{"Ansl. lesetid":"2 minutter"},"schema":{"@context":"https:\/\/schema.org","@graph":[{"@type":"WebPage","@id":"https:\/\/fredfloris.eu\/productpage\/birka-coasters\/","url":"https:\/\/fredfloris.eu\/productpage\/birka-coasters\/","name":"Underlegg i svart l\u00e6r med korkunderlag | FredFloris","isPartOf":{"@id":"https:\/\/fredfloris.eu\/#website"},"primaryImageOfPage":{"@id":"https:\/\/fredfloris.eu\/productpage\/birka-coasters\/#primaryimage"},"image":{"@id":"https:\/\/fredfloris.eu\/productpage\/birka-coasters\/#primaryimage"},"thumbnailUrl":"https:\/\/fredfloris.eu\/wp-content\/uploads\/2023\/09\/IMG_5580-scaled.jpg","datePublished":"2022-05-16T14:45:25+00:00","dateModified":"2024-06-24T19:26:17+00:00","description":"Svart skinnunderlegg med minimalistisk utseende og opprinnelse fra svenske g\u00e5rder. Perfekt som drinkunderlegg og bordsk\u00e5ner.","breadcrumb":{"@id":"https:\/\/fredfloris.eu\/productpage\/birka-coasters\/#breadcrumb"},"inLanguage":"nb-NO","potentialAction":[{"@type":"ReadAction","target":["https:\/\/fredfloris.eu\/productpage\/birka-coasters\/"]}]},{"@type":"ImageObject","inLanguage":"nb-NO","@id":"https:\/\/fredfloris.eu\/productpage\/birka-coasters\/#primaryimage","url":"https:\/\/fredfloris.eu\/wp-content\/uploads\/2023\/09\/IMG_5580-scaled.jpg","contentUrl":"https:\/\/fredfloris.eu\/wp-content\/uploads\/2023\/09\/IMG_5580-scaled.jpg","width":2560,"height":1707,"caption":"Product: Birka - Leather Coasters, Colour: Black & Brown, Cork Backing For Coasters"},{"@type":"BreadcrumbList","@id":"https:\/\/fredfloris.eu\/productpage\/birka-coasters\/#breadcrumb","itemListElement":[{"@type":"ListItem","position":1,"name":"Home","item":"https:\/\/fredfloris.eu\/"},{"@type":"ListItem","position":2,"name":"Shop","item":"https:\/\/fredfloris.eu\/shop\/"},{"@type":"ListItem","position":3,"name":"Birka &#8211; Leather Coasters"}]},{"@type":"WebSite","@id":"https:\/\/fredfloris.eu\/#website","url":"https:\/\/fredfloris.eu\/","name":"FredFloris","description":"H\u00e5ndlagde skinnvarer - laget i Sverige","publisher":{"@id":"https:\/\/fredfloris.eu\/#organization"},"potentialAction":[{"@type":"SearchAction","target":{"@type":"EntryPoint","urlTemplate":"https:\/\/fredfloris.eu\/?s={search_term_string}"},"query-input":{"@type":"PropertyValueSpecification","valueRequired":true,"valueName":"search_term_string"}}],"inLanguage":"nb-NO"},{"@type":"Organization","@id":"https:\/\/fredfloris.eu\/#organization","name":"FredFloris","url":"https:\/\/fredfloris.eu\/","logo":{"@type":"ImageObject","inLanguage":"nb-NO","@id":"https:\/\/fredfloris.eu\/#\/schema\/logo\/image\/","url":"https:\/\/fredfloris.eu\/wp-content\/uploads\/2022\/03\/FredFloris-med-hel-nal-och-text.png","contentUrl":"https:\/\/fredfloris.eu\/wp-content\/uploads\/2022\/03\/FredFloris-med-hel-nal-och-text.png","width":591,"height":283,"caption":"FredFloris"},"image":{"@id":"https:\/\/fredfloris.eu\/#\/schema\/logo\/image\/"},"sameAs":["https:\/\/www.facebook.com\/FredFloris.Artisan.Studio\/","https:\/\/x.com\/_fredfloris_","https:\/\/www.instagram.com\/fredfloris.artisan.studio\/"]}]}},"brands":[{"id":203,"name":"FredFloris","slug":"fredfloris"}],"_links":{"self":[{"href":"https:\/\/fredfloris.eu\/nb\/wp-json\/wp\/v2\/product\/5121","targetHints":{"allow":["GET"]}}],"collection":[{"href":"https:\/\/fredfloris.eu\/nb\/wp-json\/wp\/v2\/product"}],"about":[{"href":"https:\/\/fredfloris.eu\/nb\/wp-json\/wp\/v2\/types\/product"}],"version-history":[{"count":15,"href":"https:\/\/fredfloris.eu\/nb\/wp-json\/wp\/v2\/product\/5121\/revisions"}],"predecessor-version":[{"id":11550,"href":"https:\/\/fredfloris.eu\/nb\/wp-json\/wp\/v2\/product\/5121\/revisions\/11550"}],"wp:featuredmedia":[{"embeddable":true,"href":"https:\/\/fredfloris.eu\/nb\/wp-json\/wp\/v2\/media\/10483"}],"wp:attachment":[{"href":"https:\/\/fredfloris.eu\/nb\/wp-json\/wp\/v2\/media?parent=5121"}],"wp:term":[{"taxonomy":"pwb-brand","embeddable":true,"href":"https:\/\/fredfloris.eu\/nb\/wp-json\/wp\/v2\/pwb-brand?post=5121"},{"taxonomy":"product_brand","embeddable":true,"href":"https:\/\/fredfloris.eu\/nb\/wp-json\/wp\/v2\/product_brand?post=5121"},{"taxonomy":"product_cat","embeddable":true,"href":"https:\/\/fredfloris.eu\/nb\/wp-json\/wp\/v2\/product_cat?post=5121"},{"taxonomy":"product_tag","embeddable":true,"href":"https:\/\/fredfloris.eu\/nb\/wp-json\/wp\/v2\/product_tag?post=5121"},{"taxonomy":"woo-feed-brand","embeddable":true,"href":"https:\/\/fredfloris.eu\/nb\/wp-json\/wp\/v2\/woo-feed-brand?post=5121"}],"curies":[{"name":"wp","href":"https:\/\/api.w.org\/{rel}","templated":true}]}}