{"id":5148,"date":"2022-05-16T17:20:21","date_gmt":"2022-05-16T15:20:21","guid":{"rendered":"https:\/\/fredfloris.eu\/?post_type=product&#038;p=5148"},"modified":"2024-06-24T21:20:00","modified_gmt":"2024-06-24T19:20:00","slug":"a5-daybook","status":"publish","type":"product","link":"https:\/\/fredfloris.eu\/nb\/productpage\/a5-daybook\/","title":{"rendered":"Dickens, Shelley eller Keats - A5 dagbokomslag i l\u00e6r"},"content":{"rendered":"<p><strong>Personalisering:<\/strong> Legg til et navn eller en melding uten ekstra kostnad. Hvis du vil tilpasse med ditt eget design, legger du bare b\u00e5de produktet og det valgte designet i handlekurven.<\/p>\n<p><a class=\"lumise-customize-button button alt\" href=\"https:\/\/fredfloris.eu\/nb\/productpage\/customize-dickens-shelley-or-keats-a5-journals\/?wmc-currency=NOK\" name=\"customize\">Tilpass<\/a><\/p>\n<p><strong>L\u00f8ft ditt profesjonelle image med v\u00e5rt dagbokomslag i skinn.<\/strong> Dette dagbokomslaget er laget for \u00e5 gi et godt f\u00f8rsteinntrykk, og s\u00f8rger for at du alltid er forberedt. Enten det gjelder hastem\u00f8ter, uformelle avtaler eller \u00f8yeblikk med uventet inspirasjon, er det uvurderlig \u00e5 ha penn og papir for h\u00e5nden. \u00c5 skrive med penn og papir f\u00f8les ikke bare befriende, men forenkler ogs\u00e5 prosessen med \u00e5 nedfelle ideer, noe som passer perfekt til dine personlige preferanser.<\/p>\n<p><strong>Optimal st\u00f8rrelse og lagring:<\/strong> Dette dagbokomslaget er designet for \u00e5 passe til en A5-notatblokk og har den perfekte st\u00f8rrelsen \u00e5 ha med seg. Det har en stor lomme bak omslaget og to mindre lommer p\u00e5 innsiden, som er ideelle for oppbevaring av favorittpennen, slik at du alltid har den innen rekkevidde.<\/p>\n<p>Med hver dagbok i skinn f\u00f8lger det gratis med ett eksemplar av hver av v\u00e5re <a href=\"https:\/\/fredfloris.eu\/nb\/productpage\/notebooks-journals\/?wmc-currency=NOK\">Svanemerkede og milj\u00f8merkede notatb\u00f8ker fra Easy on The Planet<\/a>.<\/p>\n<p><strong>Produktspesifikasjoner:<\/strong><\/p>\n<ul>\n<li><strong>Laget helt for h\u00e5nd i v\u00e5rt familieeide Leather Art Studio<\/strong><\/li>\n<li><strong>Materialer:<\/strong> Tre forskjellige l\u00e6rtyper, hver av dem valgt ut for \u00e5 gi den rette f\u00f8lelsen og fleksibiliteten som trengs for bestemte deler av dagboken<\/li>\n<li><strong>Fargealternativer:<\/strong>\n<ul>\n<li><strong>Utvendig:<\/strong> Tilgjengelig i svart<\/li>\n<li><strong>Klaff og mindre innerlomme:<\/strong> Velg mellom m\u00f8rk Cognac, m\u00f8rk gul, bl\u00e5gr\u00f8nn<\/li>\n<\/ul>\n<\/li>\n<li><strong>Dimensjoner:<\/strong> Bredde n\u00e5r den er brettet sammen: 170 mm, H\u00f8yde: 235 mm<\/li>\n<li><strong>Broguing:<\/strong> H\u00e5ndstansede broguing-detaljer gir stil og definisjon til designet<\/li>\n<li><strong>S\u00f8m<\/strong>: Tradisjonell sadelmaker s\u00f8m, sydd for h\u00e5nd<\/li>\n<li><strong>Funksjoner:<\/strong> Denne dagboken kan fylles p\u00e5 nytt, noe som gj\u00f8r den til et varig tilbeh\u00f8r<\/li>\n<li><strong>Tr\u00e5d:<\/strong> Konstruert med Tiger Ritza 25-tr\u00e5d, kjent for sin styrke og elastisitet<\/li>\n<\/ul>\n<p>&nbsp;<\/p>\n<p>S\u00f8keord: H\u00e5ndlaget dagbok i l\u00e6r som kan fylles p\u00e5 igjen, dagbokomslag i l\u00e6r<\/p>","protected":false},"excerpt":{"rendered":"<p>Dagboken v\u00e5r er laget av tre forskjellige typer l\u00e6r, og til utsiden av dagboken bruker vi et vegetabilsk garvet fullnarvet skinn fra oksens skuldre, tykkelsen er ca. 3,5 mm, men det har likevel et robust temperament, noe som gj\u00f8r det til et veldig fint alternativ for \u00e5 lage en dagbok.<\/p>\n<pre><\/pre>\n<p>Det andre l\u00e6ret vi brukte, er til den st\u00f8rre innerlommen. Vi brukte et 2 mm tykt skinn som er mykere og mykere, noe som gir fleksibilitet n\u00e5r du skal legge inn gjenstander. De mindre innvendige lommene og klaffen er laget av 1,8 mm vokset skinn, noe som gir interi\u00f8ret en fin glans. Broguing-detaljene p\u00e5 klaffen er laget for h\u00e5nd med en hulls\u00f8m.<\/p>\n<pre><\/pre>\n<p>Alle kantene p\u00e5 denne h\u00e5ndlagde dagboken i l\u00e6r er avrundet, slipt og malt med stor presisjon for \u00e5 sikre at det fullnarvede l\u00e6ret bevares, og den er toppet med hj\u00f8rnebeskyttere i messingbelagt st\u00e5l. Dagboken i l\u00e6r avsluttes med en elastisk stropp som binder denne velarbeidede dagboken perfekt sammen.<\/p>\n<pre><\/pre>\n<p>Det anilinbehandlede l\u00e6ret leveres av Mapel &amp; C, og det pull-up\/voksede l\u00e6ret leveres av Badalassi Carlo. Begge garveriene bruker den gamle toskanske Vacchetta-oppskriften for \u00e5 garve l\u00e6ret, og begge er en del av respektable organisasjoner, henholdsvis Toscanas garveridistriktsselskaper og Pelle Conciata al Vegetale-konsortiet.<\/p>","protected":false},"featured_media":10226,"template":"","meta":[],"pwb-brand":[203],"product_brand":[],"product_cat":[110,100],"product_tag":[123,136,105],"woo-feed-brand":[],"class_list":{"0":"post-5148","1":"product","2":"type-product","3":"status-publish","4":"has-post-thumbnail","6":"pwb-brand-fredfloris","7":"product_cat-journals","8":"product_cat-leathergoods","9":"product_tag-full-grain-leather","10":"product_tag-handmade","11":"product_tag-made-to-order","12":"product_shipping_class-large-goods","13":"pa_leather-colour-petrol-waxed","14":"pa_leather-colour-dark-cognac-waxed","15":"pa_leather-colour-mustard-waxed","16":"pa_primary-leather-colour-black-mapelec-thick2","18":"first","19":"instock","20":"taxable","21":"shipping-taxable","22":"purchasable","23":"product-type-variable","24":"has-default-attributes"},"yoast_head":"<!-- This site is optimized with the Yoast SEO plugin v27.2 - https:\/\/yoast.com\/product\/yoast-seo-wordpress\/ -->\n<title>Personalized Refillable Leather daybook| FredFloris<\/title>\n<meta name=\"description\" content=\"Experience a luxury handmade leather daybook. Made using the finest Italian vegetable-tanned full-grain leather. Refillable leather daybook\" \/>\n<meta name=\"robots\" content=\"index, follow, max-snippet:-1, max-image-preview:large, max-video-preview:-1\" \/>\n<link rel=\"canonical\" href=\"https:\/\/fredfloris.eu\/nb\/productpage\/a5-daybook\/?wmc-currency=NOK\" \/>\n<meta property=\"og:locale\" content=\"nb_NO\" \/>\n<meta property=\"og:type\" content=\"article\" \/>\n<meta property=\"og:title\" content=\"Personalized Refillable Leather daybook| FredFloris\" \/>\n<meta property=\"og:description\" content=\"Experience a luxury handmade leather daybook. Made using the finest Italian vegetable-tanned full-grain leather. Refillable leather daybook\" \/>\n<meta property=\"og:url\" content=\"https:\/\/fredfloris.eu\/nb\/productpage\/a5-daybook\/?wmc-currency=NOK\" \/>\n<meta property=\"og:site_name\" content=\"FredFloris\" \/>\n<meta property=\"article:publisher\" content=\"https:\/\/www.facebook.com\/FredFloris.Artisan.Studio\/\" \/>\n<meta property=\"article:modified_time\" content=\"2024-06-24T19:20:00+00:00\" \/>\n<meta property=\"og:image\" content=\"https:\/\/fredfloris.eu\/wp-content\/uploads\/2022\/11\/IMG_3892-scaled.jpg\" \/>\n\t<meta property=\"og:image:width\" content=\"2560\" \/>\n\t<meta property=\"og:image:height\" content=\"1707\" \/>\n\t<meta property=\"og:image:type\" content=\"image\/jpeg\" \/>\n<meta name=\"twitter:card\" content=\"summary_large_image\" \/>\n<meta name=\"twitter:site\" content=\"@_fredfloris_\" \/>\n<meta name=\"twitter:label1\" content=\"Ansl. lesetid\" \/>\n\t<meta name=\"twitter:data1\" content=\"2 minutter\" \/>\n<script type=\"application\/ld+json\" class=\"yoast-schema-graph\">{\"@context\":\"https:\/\/schema.org\",\"@graph\":[{\"@type\":\"WebPage\",\"@id\":\"https:\/\/fredfloris.eu\/productpage\/a5-daybook\/\",\"url\":\"https:\/\/fredfloris.eu\/productpage\/a5-daybook\/\",\"name\":\"Personalized Refillable Leather daybook| FredFloris\",\"isPartOf\":{\"@id\":\"https:\/\/fredfloris.eu\/#website\"},\"primaryImageOfPage\":{\"@id\":\"https:\/\/fredfloris.eu\/productpage\/a5-daybook\/#primaryimage\"},\"image\":{\"@id\":\"https:\/\/fredfloris.eu\/productpage\/a5-daybook\/#primaryimage\"},\"thumbnailUrl\":\"https:\/\/fredfloris.eu\/wp-content\/uploads\/2022\/11\/IMG_3892-scaled.jpg\",\"datePublished\":\"2022-05-16T15:20:21+00:00\",\"dateModified\":\"2024-06-24T19:20:00+00:00\",\"description\":\"Experience a luxury handmade leather daybook. Made using the finest Italian vegetable-tanned full-grain leather. Refillable leather daybook\",\"breadcrumb\":{\"@id\":\"https:\/\/fredfloris.eu\/productpage\/a5-daybook\/#breadcrumb\"},\"inLanguage\":\"nb-NO\",\"potentialAction\":[{\"@type\":\"ReadAction\",\"target\":[\"https:\/\/fredfloris.eu\/productpage\/a5-daybook\/\"]}]},{\"@type\":\"ImageObject\",\"inLanguage\":\"nb-NO\",\"@id\":\"https:\/\/fredfloris.eu\/productpage\/a5-daybook\/#primaryimage\",\"url\":\"https:\/\/fredfloris.eu\/wp-content\/uploads\/2022\/11\/IMG_3892-scaled.jpg\",\"contentUrl\":\"https:\/\/fredfloris.eu\/wp-content\/uploads\/2022\/11\/IMG_3892-scaled.jpg\",\"width\":2560,\"height\":1707,\"caption\":\"Product: Dickens, Shelley or Keats - A5 Journals, Interior, Colour: Black, Dark Cognac, Corner Protectors: Solid Brass\"},{\"@type\":\"BreadcrumbList\",\"@id\":\"https:\/\/fredfloris.eu\/productpage\/a5-daybook\/#breadcrumb\",\"itemListElement\":[{\"@type\":\"ListItem\",\"position\":1,\"name\":\"Home\",\"item\":\"https:\/\/fredfloris.eu\/\"},{\"@type\":\"ListItem\",\"position\":2,\"name\":\"Shop\",\"item\":\"https:\/\/fredfloris.eu\/shop\/\"},{\"@type\":\"ListItem\",\"position\":3,\"name\":\"Dickens, Shelley or Keats &#8211; A5 Leather Daybook Covers\"}]},{\"@type\":\"WebSite\",\"@id\":\"https:\/\/fredfloris.eu\/#website\",\"url\":\"https:\/\/fredfloris.eu\/\",\"name\":\"FredFloris\",\"description\":\"Handcrafted Leathergoods - Made in Sweden\",\"publisher\":{\"@id\":\"https:\/\/fredfloris.eu\/#organization\"},\"potentialAction\":[{\"@type\":\"SearchAction\",\"target\":{\"@type\":\"EntryPoint\",\"urlTemplate\":\"https:\/\/fredfloris.eu\/?s={search_term_string}\"},\"query-input\":{\"@type\":\"PropertyValueSpecification\",\"valueRequired\":true,\"valueName\":\"search_term_string\"}}],\"inLanguage\":\"nb-NO\"},{\"@type\":\"Organization\",\"@id\":\"https:\/\/fredfloris.eu\/#organization\",\"name\":\"FredFloris\",\"url\":\"https:\/\/fredfloris.eu\/\",\"logo\":{\"@type\":\"ImageObject\",\"inLanguage\":\"nb-NO\",\"@id\":\"https:\/\/fredfloris.eu\/#\/schema\/logo\/image\/\",\"url\":\"https:\/\/fredfloris.eu\/wp-content\/uploads\/2022\/03\/FredFloris-med-hel-nal-och-text.png\",\"contentUrl\":\"https:\/\/fredfloris.eu\/wp-content\/uploads\/2022\/03\/FredFloris-med-hel-nal-och-text.png\",\"width\":591,\"height\":283,\"caption\":\"FredFloris\"},\"image\":{\"@id\":\"https:\/\/fredfloris.eu\/#\/schema\/logo\/image\/\"},\"sameAs\":[\"https:\/\/www.facebook.com\/FredFloris.Artisan.Studio\/\",\"https:\/\/x.com\/_fredfloris_\",\"https:\/\/www.instagram.com\/fredfloris.artisan.studio\/\"]}]}<\/script>\n<!-- \/ Yoast SEO plugin. -->","yoast_head_json":{"title":"Personlig dagbok i l\u00e6r som kan fylles p\u00e5 igjen| FredFloris","description":"Opplev en luksuri\u00f8s h\u00e5ndlaget dagbok i skinn. Laget av det fineste italienske vegetabilsk garvede fullnarvede l\u00e6ret. Dagbok i l\u00e6r som kan fylles p\u00e5 igjen","robots":{"index":"index","follow":"follow","max-snippet":"max-snippet:-1","max-image-preview":"max-image-preview:large","max-video-preview":"max-video-preview:-1"},"canonical":"https:\/\/fredfloris.eu\/nb\/productpage\/a5-daybook\/?wmc-currency=NOK","og_locale":"nb_NO","og_type":"article","og_title":"Personalized Refillable Leather daybook| FredFloris","og_description":"Experience a luxury handmade leather daybook. Made using the finest Italian vegetable-tanned full-grain leather. Refillable leather daybook","og_url":"https:\/\/fredfloris.eu\/nb\/productpage\/a5-daybook\/?wmc-currency=NOK","og_site_name":"FredFloris","article_publisher":"https:\/\/www.facebook.com\/FredFloris.Artisan.Studio\/","article_modified_time":"2024-06-24T19:20:00+00:00","og_image":[{"width":2560,"height":1707,"url":"https:\/\/fredfloris.eu\/wp-content\/uploads\/2022\/11\/IMG_3892-scaled.jpg","type":"image\/jpeg"}],"twitter_card":"summary_large_image","twitter_site":"@_fredfloris_","twitter_misc":{"Ansl. lesetid":"2 minutter"},"schema":{"@context":"https:\/\/schema.org","@graph":[{"@type":"WebPage","@id":"https:\/\/fredfloris.eu\/productpage\/a5-daybook\/","url":"https:\/\/fredfloris.eu\/productpage\/a5-daybook\/","name":"Personlig dagbok i l\u00e6r som kan fylles p\u00e5 igjen| FredFloris","isPartOf":{"@id":"https:\/\/fredfloris.eu\/#website"},"primaryImageOfPage":{"@id":"https:\/\/fredfloris.eu\/productpage\/a5-daybook\/#primaryimage"},"image":{"@id":"https:\/\/fredfloris.eu\/productpage\/a5-daybook\/#primaryimage"},"thumbnailUrl":"https:\/\/fredfloris.eu\/wp-content\/uploads\/2022\/11\/IMG_3892-scaled.jpg","datePublished":"2022-05-16T15:20:21+00:00","dateModified":"2024-06-24T19:20:00+00:00","description":"Opplev en luksuri\u00f8s h\u00e5ndlaget dagbok i skinn. Laget av det fineste italienske vegetabilsk garvede fullnarvede l\u00e6ret. Dagbok i l\u00e6r som kan fylles p\u00e5 igjen","breadcrumb":{"@id":"https:\/\/fredfloris.eu\/productpage\/a5-daybook\/#breadcrumb"},"inLanguage":"nb-NO","potentialAction":[{"@type":"ReadAction","target":["https:\/\/fredfloris.eu\/productpage\/a5-daybook\/"]}]},{"@type":"ImageObject","inLanguage":"nb-NO","@id":"https:\/\/fredfloris.eu\/productpage\/a5-daybook\/#primaryimage","url":"https:\/\/fredfloris.eu\/wp-content\/uploads\/2022\/11\/IMG_3892-scaled.jpg","contentUrl":"https:\/\/fredfloris.eu\/wp-content\/uploads\/2022\/11\/IMG_3892-scaled.jpg","width":2560,"height":1707,"caption":"Product: Dickens, Shelley or Keats - A5 Journals, Interior, Colour: Black, Dark Cognac, Corner Protectors: Solid Brass"},{"@type":"BreadcrumbList","@id":"https:\/\/fredfloris.eu\/productpage\/a5-daybook\/#breadcrumb","itemListElement":[{"@type":"ListItem","position":1,"name":"Home","item":"https:\/\/fredfloris.eu\/"},{"@type":"ListItem","position":2,"name":"Shop","item":"https:\/\/fredfloris.eu\/shop\/"},{"@type":"ListItem","position":3,"name":"Dickens, Shelley or Keats &#8211; A5 Leather Daybook Covers"}]},{"@type":"WebSite","@id":"https:\/\/fredfloris.eu\/#website","url":"https:\/\/fredfloris.eu\/","name":"FredFloris","description":"H\u00e5ndlagde skinnvarer - laget i Sverige","publisher":{"@id":"https:\/\/fredfloris.eu\/#organization"},"potentialAction":[{"@type":"SearchAction","target":{"@type":"EntryPoint","urlTemplate":"https:\/\/fredfloris.eu\/?s={search_term_string}"},"query-input":{"@type":"PropertyValueSpecification","valueRequired":true,"valueName":"search_term_string"}}],"inLanguage":"nb-NO"},{"@type":"Organization","@id":"https:\/\/fredfloris.eu\/#organization","name":"FredFloris","url":"https:\/\/fredfloris.eu\/","logo":{"@type":"ImageObject","inLanguage":"nb-NO","@id":"https:\/\/fredfloris.eu\/#\/schema\/logo\/image\/","url":"https:\/\/fredfloris.eu\/wp-content\/uploads\/2022\/03\/FredFloris-med-hel-nal-och-text.png","contentUrl":"https:\/\/fredfloris.eu\/wp-content\/uploads\/2022\/03\/FredFloris-med-hel-nal-och-text.png","width":591,"height":283,"caption":"FredFloris"},"image":{"@id":"https:\/\/fredfloris.eu\/#\/schema\/logo\/image\/"},"sameAs":["https:\/\/www.facebook.com\/FredFloris.Artisan.Studio\/","https:\/\/x.com\/_fredfloris_","https:\/\/www.instagram.com\/fredfloris.artisan.studio\/"]}]}},"brands":[{"id":203,"name":"FredFloris","slug":"fredfloris"}],"_links":{"self":[{"href":"https:\/\/fredfloris.eu\/nb\/wp-json\/wp\/v2\/product\/5148","targetHints":{"allow":["GET"]}}],"collection":[{"href":"https:\/\/fredfloris.eu\/nb\/wp-json\/wp\/v2\/product"}],"about":[{"href":"https:\/\/fredfloris.eu\/nb\/wp-json\/wp\/v2\/types\/product"}],"version-history":[{"count":14,"href":"https:\/\/fredfloris.eu\/nb\/wp-json\/wp\/v2\/product\/5148\/revisions"}],"predecessor-version":[{"id":11548,"href":"https:\/\/fredfloris.eu\/nb\/wp-json\/wp\/v2\/product\/5148\/revisions\/11548"}],"wp:featuredmedia":[{"embeddable":true,"href":"https:\/\/fredfloris.eu\/nb\/wp-json\/wp\/v2\/media\/10226"}],"wp:attachment":[{"href":"https:\/\/fredfloris.eu\/nb\/wp-json\/wp\/v2\/media?parent=5148"}],"wp:term":[{"taxonomy":"pwb-brand","embeddable":true,"href":"https:\/\/fredfloris.eu\/nb\/wp-json\/wp\/v2\/pwb-brand?post=5148"},{"taxonomy":"product_brand","embeddable":true,"href":"https:\/\/fredfloris.eu\/nb\/wp-json\/wp\/v2\/product_brand?post=5148"},{"taxonomy":"product_cat","embeddable":true,"href":"https:\/\/fredfloris.eu\/nb\/wp-json\/wp\/v2\/product_cat?post=5148"},{"taxonomy":"product_tag","embeddable":true,"href":"https:\/\/fredfloris.eu\/nb\/wp-json\/wp\/v2\/product_tag?post=5148"},{"taxonomy":"woo-feed-brand","embeddable":true,"href":"https:\/\/fredfloris.eu\/nb\/wp-json\/wp\/v2\/woo-feed-brand?post=5148"}],"curies":[{"name":"wp","href":"https:\/\/api.w.org\/{rel}","templated":true}]}}