{"id":5154,"date":"2022-05-16T17:32:11","date_gmt":"2022-05-16T15:32:11","guid":{"rendered":"https:\/\/fredfloris.eu\/?post_type=product&#038;p=5154"},"modified":"2024-06-24T21:14:15","modified_gmt":"2024-06-24T19:14:15","slug":"vattern-dopp-kits","status":"publish","type":"product","link":"https:\/\/fredfloris.eu\/nb\/productpage\/vattern-dopp-kits\/","title":{"rendered":"V\u00e4ttern - Store Dopp-sett"},"content":{"rendered":"<p><strong>Personalisering:<\/strong> Legg til et navn, bilde eller en melding uten ekstra kostnad. Hvis du vil tilpasse med ditt eget design, legger du bare b\u00e5de produktet og det valgte designet i handlekurven.<\/p>\n<p><a class=\"lumise-customize-button button alt\" href=\"https:\/\/fredfloris.eu\/nb\/productpage\/customize-vattern-large-dopp-kits\/?wmc-currency=NOK\" name=\"customize\">Tilpass<\/a><\/p>\n<p><strong>Vi presenterer v\u00e5rt f\u00f8rsteklasses Dopp Kit, designet for \u00e5 romme alle de viktigste tingene dine med stil.<\/strong> Denne romslige vesken er laget av fullnarvet skinn og er b\u00e5de myk og slitesterk. Den glatte YKK-glidel\u00e5sen i messing \u00e5pner seg for \u00e5 avsl\u00f8re et vakkert foret interi\u00f8r, perfekt for organisering av egenpleieprodukter og barberingsutstyr. Begynn dagen uten problemer med alt du trenger trygt p\u00e5 plass.<\/p>\n<p><strong>Enkelt, stilig og sofistikert:<\/strong> Det er lett \u00e5 ha tillit til h\u00e5ndverket og levetiden til denne reisevesken. Den lover \u00e5 v\u00e6re en trofast f\u00f8lgesvenn i mange \u00e5r, og vil f\u00f8lge deg p\u00e5 hver eneste reise med p\u00e5litelighet og klasse.<\/p>\n<p><strong>Produktspesifikasjoner:<\/strong><\/p>\n<ul>\n<li><strong>Laget helt for h\u00e5nd i v\u00e5rt familieeide Leather Art Studio<\/strong><\/li>\n<li><strong>Dimensjoner:<\/strong> Bredde: ~255 mm, H\u00f8yde: ~160 mm<\/li>\n<li><strong>Fargealternativer:<\/strong> Tilgjengelig i Cognac og Medium Brown<\/li>\n<li><strong>Materiale:<\/strong> Laget av vegetabilsk garvet fullnarvet kalveskinn, garvet i Italia<\/li>\n<li><strong>S\u00f8m:<\/strong> Tradisjonell sadelmaker s\u00f8m, sydd for h\u00e5nd<\/li>\n<li><strong>Glidel\u00e5s:<\/strong> Utstyrt med en h\u00f8ykvalitets YKK-glidel\u00e5s i messing<\/li>\n<li><strong>F\u00f4r:<\/strong> F\u00f4ret med vegetabilsk garvet fullnarvet skinn for en ekstra touch av luksus<\/li>\n<li><strong>Tr\u00e5d:<\/strong> Sydd med Tiger Ritza 25-tr\u00e5d, kjent for sin styrke og elastisitet<\/li>\n<\/ul>\n<p>&nbsp;<\/p>\n<p>S\u00f8keord: Reisesett i skinn, Toalettmappe<\/p>","protected":false},"excerpt":{"rendered":"<p>V\u00e5rt dopp-sett er laget av et fullnarvet europeisk kalveskinn fra det italienske garveriet Mapel &amp; C i samarbeid med selskaper i garvedistriktet i Toscana. Under garvingsprosessen tilsettes et lett belegg av olje til l\u00e6ret for \u00e5 skape det som kalles pull-up-l\u00e6r. Denne garvemetoden gir Dopp Kit et mer slitt og rustikt utseende.<\/p>\n<pre><\/pre>\n<p>N\u00e5r vi mottar l\u00e6ret i verkstedet v\u00e5rt, blir det sk\u00e5ret til, kantene blir avrundet, pusset og polert for h\u00e5nd, og deretter blir kantene farget for h\u00e5nd. Vi legger stor vekt p\u00e5 detaljer under denne prosessen for \u00e5 bevare l\u00e6rets narv.<\/p>\n<pre><\/pre>\n<p>Innsiden er f\u00f4ret med n\u00f8ytralt kalveskinn som er sydd sammen helt for h\u00e5nd. H\u00e5ndtakene og YKK-glidel\u00e5sen er h\u00e5ndsydd til hoveddelen ved hjelp av den tradisjonelle sadelmakerteknikken. Denne symetoden sikrer produktets holdbarhet, spesielt under store p\u00e5kjenninger og belastninger.<\/p>","protected":false},"featured_media":10187,"template":"","meta":[],"pwb-brand":[203],"product_brand":[],"product_cat":[111,100],"product_tag":[123,136,105],"woo-feed-brand":[],"class_list":{"0":"post-5154","1":"product","2":"type-product","3":"status-publish","4":"has-post-thumbnail","6":"pwb-brand-fredfloris","7":"product_cat-dopp-kits","8":"product_cat-leathergoods","9":"product_tag-full-grain-leather","10":"product_tag-handmade","11":"product_tag-made-to-order","12":"product_shipping_class-large-goods","13":"pa_leather-colour-cognac-pull-up","14":"pa_leather-colour-medium-brown-pull-up","16":"first","17":"instock","18":"taxable","19":"shipping-taxable","20":"purchasable","21":"product-type-variable","22":"has-default-attributes"},"yoast_head":"<!-- This site is optimized with the Yoast SEO plugin v27.2 - https:\/\/yoast.com\/product\/yoast-seo-wordpress\/ -->\n<title>Full-Grain Leather Dopp Kit | FredFloris<\/title>\n<meta name=\"description\" content=\"Our leather travel dopp kit is handmade with full-grain leather and GOTS-certified cotton fabric making the dopp kit bag highly durable.\" \/>\n<meta name=\"robots\" content=\"index, follow, max-snippet:-1, max-image-preview:large, max-video-preview:-1\" \/>\n<link rel=\"canonical\" href=\"https:\/\/fredfloris.eu\/nb\/productpage\/vattern-dopp-kits\/?wmc-currency=NOK\" \/>\n<meta property=\"og:locale\" content=\"nb_NO\" \/>\n<meta property=\"og:type\" content=\"article\" \/>\n<meta property=\"og:title\" content=\"Full-Grain Leather Dopp Kit | FredFloris\" \/>\n<meta property=\"og:description\" content=\"Our leather travel dopp kit is handmade with full-grain leather and GOTS-certified cotton fabric making the dopp kit bag highly durable.\" \/>\n<meta property=\"og:url\" content=\"https:\/\/fredfloris.eu\/nb\/productpage\/vattern-dopp-kits\/?wmc-currency=NOK\" \/>\n<meta property=\"og:site_name\" content=\"FredFloris\" \/>\n<meta property=\"article:publisher\" content=\"https:\/\/www.facebook.com\/FredFloris.Artisan.Studio\/\" \/>\n<meta property=\"article:modified_time\" content=\"2024-06-24T19:14:15+00:00\" \/>\n<meta property=\"og:image\" content=\"https:\/\/fredfloris.eu\/wp-content\/uploads\/2022\/10\/IMG_3810-scaled.jpg\" \/>\n\t<meta property=\"og:image:width\" content=\"2560\" \/>\n\t<meta property=\"og:image:height\" content=\"1707\" \/>\n\t<meta property=\"og:image:type\" content=\"image\/jpeg\" \/>\n<meta name=\"twitter:card\" content=\"summary_large_image\" \/>\n<meta name=\"twitter:site\" content=\"@_fredfloris_\" \/>\n<meta name=\"twitter:label1\" content=\"Ansl. lesetid\" \/>\n\t<meta name=\"twitter:data1\" content=\"2 minutter\" \/>\n<script type=\"application\/ld+json\" class=\"yoast-schema-graph\">{\"@context\":\"https:\/\/schema.org\",\"@graph\":[{\"@type\":\"WebPage\",\"@id\":\"https:\/\/fredfloris.eu\/productpage\/vattern-dopp-kits\/\",\"url\":\"https:\/\/fredfloris.eu\/productpage\/vattern-dopp-kits\/\",\"name\":\"Full-Grain Leather Dopp Kit | FredFloris\",\"isPartOf\":{\"@id\":\"https:\/\/fredfloris.eu\/#website\"},\"primaryImageOfPage\":{\"@id\":\"https:\/\/fredfloris.eu\/productpage\/vattern-dopp-kits\/#primaryimage\"},\"image\":{\"@id\":\"https:\/\/fredfloris.eu\/productpage\/vattern-dopp-kits\/#primaryimage\"},\"thumbnailUrl\":\"https:\/\/fredfloris.eu\/wp-content\/uploads\/2022\/10\/IMG_3810-scaled.jpg\",\"datePublished\":\"2022-05-16T15:32:11+00:00\",\"dateModified\":\"2024-06-24T19:14:15+00:00\",\"description\":\"Our leather travel dopp kit is handmade with full-grain leather and GOTS-certified cotton fabric making the dopp kit bag highly durable.\",\"breadcrumb\":{\"@id\":\"https:\/\/fredfloris.eu\/productpage\/vattern-dopp-kits\/#breadcrumb\"},\"inLanguage\":\"nb-NO\",\"potentialAction\":[{\"@type\":\"ReadAction\",\"target\":[\"https:\/\/fredfloris.eu\/productpage\/vattern-dopp-kits\/\"]}]},{\"@type\":\"ImageObject\",\"inLanguage\":\"nb-NO\",\"@id\":\"https:\/\/fredfloris.eu\/productpage\/vattern-dopp-kits\/#primaryimage\",\"url\":\"https:\/\/fredfloris.eu\/wp-content\/uploads\/2022\/10\/IMG_3810-scaled.jpg\",\"contentUrl\":\"https:\/\/fredfloris.eu\/wp-content\/uploads\/2022\/10\/IMG_3810-scaled.jpg\",\"width\":2560,\"height\":1707,\"caption\":\"Product: Dickens, V\u00e4ttern - Large Dopp Kits, Colour: Medium Brown & Cognac, Thread Colour: Black, YKK Brass Zipper\"},{\"@type\":\"BreadcrumbList\",\"@id\":\"https:\/\/fredfloris.eu\/productpage\/vattern-dopp-kits\/#breadcrumb\",\"itemListElement\":[{\"@type\":\"ListItem\",\"position\":1,\"name\":\"Home\",\"item\":\"https:\/\/fredfloris.eu\/\"},{\"@type\":\"ListItem\",\"position\":2,\"name\":\"Shop\",\"item\":\"https:\/\/fredfloris.eu\/shop\/\"},{\"@type\":\"ListItem\",\"position\":3,\"name\":\"V\u00e4ttern &#8211; Large Dopp Kits\"}]},{\"@type\":\"WebSite\",\"@id\":\"https:\/\/fredfloris.eu\/#website\",\"url\":\"https:\/\/fredfloris.eu\/\",\"name\":\"FredFloris\",\"description\":\"Handcrafted Leathergoods - Made in Sweden\",\"publisher\":{\"@id\":\"https:\/\/fredfloris.eu\/#organization\"},\"potentialAction\":[{\"@type\":\"SearchAction\",\"target\":{\"@type\":\"EntryPoint\",\"urlTemplate\":\"https:\/\/fredfloris.eu\/?s={search_term_string}\"},\"query-input\":{\"@type\":\"PropertyValueSpecification\",\"valueRequired\":true,\"valueName\":\"search_term_string\"}}],\"inLanguage\":\"nb-NO\"},{\"@type\":\"Organization\",\"@id\":\"https:\/\/fredfloris.eu\/#organization\",\"name\":\"FredFloris\",\"url\":\"https:\/\/fredfloris.eu\/\",\"logo\":{\"@type\":\"ImageObject\",\"inLanguage\":\"nb-NO\",\"@id\":\"https:\/\/fredfloris.eu\/#\/schema\/logo\/image\/\",\"url\":\"https:\/\/fredfloris.eu\/wp-content\/uploads\/2022\/03\/FredFloris-med-hel-nal-och-text.png\",\"contentUrl\":\"https:\/\/fredfloris.eu\/wp-content\/uploads\/2022\/03\/FredFloris-med-hel-nal-och-text.png\",\"width\":591,\"height\":283,\"caption\":\"FredFloris\"},\"image\":{\"@id\":\"https:\/\/fredfloris.eu\/#\/schema\/logo\/image\/\"},\"sameAs\":[\"https:\/\/www.facebook.com\/FredFloris.Artisan.Studio\/\",\"https:\/\/x.com\/_fredfloris_\",\"https:\/\/www.instagram.com\/fredfloris.artisan.studio\/\"]}]}<\/script>\n<!-- \/ Yoast SEO plugin. -->","yoast_head_json":{"title":"Dopp Kit i fullnarvet skinn | FredFloris","description":"Reise-doppkofferten v\u00e5r i skinn er h\u00e5ndlaget av fullnarvet skinn og GOTS-sertifisert bomullsstoff, noe som gj\u00f8r den sv\u00e6rt slitesterk.","robots":{"index":"index","follow":"follow","max-snippet":"max-snippet:-1","max-image-preview":"max-image-preview:large","max-video-preview":"max-video-preview:-1"},"canonical":"https:\/\/fredfloris.eu\/nb\/productpage\/vattern-dopp-kits\/?wmc-currency=NOK","og_locale":"nb_NO","og_type":"article","og_title":"Full-Grain Leather Dopp Kit | FredFloris","og_description":"Our leather travel dopp kit is handmade with full-grain leather and GOTS-certified cotton fabric making the dopp kit bag highly durable.","og_url":"https:\/\/fredfloris.eu\/nb\/productpage\/vattern-dopp-kits\/?wmc-currency=NOK","og_site_name":"FredFloris","article_publisher":"https:\/\/www.facebook.com\/FredFloris.Artisan.Studio\/","article_modified_time":"2024-06-24T19:14:15+00:00","og_image":[{"width":2560,"height":1707,"url":"https:\/\/fredfloris.eu\/wp-content\/uploads\/2022\/10\/IMG_3810-scaled.jpg","type":"image\/jpeg"}],"twitter_card":"summary_large_image","twitter_site":"@_fredfloris_","twitter_misc":{"Ansl. lesetid":"2 minutter"},"schema":{"@context":"https:\/\/schema.org","@graph":[{"@type":"WebPage","@id":"https:\/\/fredfloris.eu\/productpage\/vattern-dopp-kits\/","url":"https:\/\/fredfloris.eu\/productpage\/vattern-dopp-kits\/","name":"Dopp Kit i fullnarvet skinn | FredFloris","isPartOf":{"@id":"https:\/\/fredfloris.eu\/#website"},"primaryImageOfPage":{"@id":"https:\/\/fredfloris.eu\/productpage\/vattern-dopp-kits\/#primaryimage"},"image":{"@id":"https:\/\/fredfloris.eu\/productpage\/vattern-dopp-kits\/#primaryimage"},"thumbnailUrl":"https:\/\/fredfloris.eu\/wp-content\/uploads\/2022\/10\/IMG_3810-scaled.jpg","datePublished":"2022-05-16T15:32:11+00:00","dateModified":"2024-06-24T19:14:15+00:00","description":"Reise-doppkofferten v\u00e5r i skinn er h\u00e5ndlaget av fullnarvet skinn og GOTS-sertifisert bomullsstoff, noe som gj\u00f8r den sv\u00e6rt slitesterk.","breadcrumb":{"@id":"https:\/\/fredfloris.eu\/productpage\/vattern-dopp-kits\/#breadcrumb"},"inLanguage":"nb-NO","potentialAction":[{"@type":"ReadAction","target":["https:\/\/fredfloris.eu\/productpage\/vattern-dopp-kits\/"]}]},{"@type":"ImageObject","inLanguage":"nb-NO","@id":"https:\/\/fredfloris.eu\/productpage\/vattern-dopp-kits\/#primaryimage","url":"https:\/\/fredfloris.eu\/wp-content\/uploads\/2022\/10\/IMG_3810-scaled.jpg","contentUrl":"https:\/\/fredfloris.eu\/wp-content\/uploads\/2022\/10\/IMG_3810-scaled.jpg","width":2560,"height":1707,"caption":"Product: Dickens, V\u00e4ttern - Large Dopp Kits, Colour: Medium Brown & Cognac, Thread Colour: Black, YKK Brass Zipper"},{"@type":"BreadcrumbList","@id":"https:\/\/fredfloris.eu\/productpage\/vattern-dopp-kits\/#breadcrumb","itemListElement":[{"@type":"ListItem","position":1,"name":"Home","item":"https:\/\/fredfloris.eu\/"},{"@type":"ListItem","position":2,"name":"Shop","item":"https:\/\/fredfloris.eu\/shop\/"},{"@type":"ListItem","position":3,"name":"V\u00e4ttern &#8211; Large Dopp Kits"}]},{"@type":"WebSite","@id":"https:\/\/fredfloris.eu\/#website","url":"https:\/\/fredfloris.eu\/","name":"FredFloris","description":"H\u00e5ndlagde skinnvarer - laget i Sverige","publisher":{"@id":"https:\/\/fredfloris.eu\/#organization"},"potentialAction":[{"@type":"SearchAction","target":{"@type":"EntryPoint","urlTemplate":"https:\/\/fredfloris.eu\/?s={search_term_string}"},"query-input":{"@type":"PropertyValueSpecification","valueRequired":true,"valueName":"search_term_string"}}],"inLanguage":"nb-NO"},{"@type":"Organization","@id":"https:\/\/fredfloris.eu\/#organization","name":"FredFloris","url":"https:\/\/fredfloris.eu\/","logo":{"@type":"ImageObject","inLanguage":"nb-NO","@id":"https:\/\/fredfloris.eu\/#\/schema\/logo\/image\/","url":"https:\/\/fredfloris.eu\/wp-content\/uploads\/2022\/03\/FredFloris-med-hel-nal-och-text.png","contentUrl":"https:\/\/fredfloris.eu\/wp-content\/uploads\/2022\/03\/FredFloris-med-hel-nal-och-text.png","width":591,"height":283,"caption":"FredFloris"},"image":{"@id":"https:\/\/fredfloris.eu\/#\/schema\/logo\/image\/"},"sameAs":["https:\/\/www.facebook.com\/FredFloris.Artisan.Studio\/","https:\/\/x.com\/_fredfloris_","https:\/\/www.instagram.com\/fredfloris.artisan.studio\/"]}]}},"brands":[{"id":203,"name":"FredFloris","slug":"fredfloris"}],"_links":{"self":[{"href":"https:\/\/fredfloris.eu\/nb\/wp-json\/wp\/v2\/product\/5154","targetHints":{"allow":["GET"]}}],"collection":[{"href":"https:\/\/fredfloris.eu\/nb\/wp-json\/wp\/v2\/product"}],"about":[{"href":"https:\/\/fredfloris.eu\/nb\/wp-json\/wp\/v2\/types\/product"}],"version-history":[{"count":14,"href":"https:\/\/fredfloris.eu\/nb\/wp-json\/wp\/v2\/product\/5154\/revisions"}],"predecessor-version":[{"id":11545,"href":"https:\/\/fredfloris.eu\/nb\/wp-json\/wp\/v2\/product\/5154\/revisions\/11545"}],"wp:featuredmedia":[{"embeddable":true,"href":"https:\/\/fredfloris.eu\/nb\/wp-json\/wp\/v2\/media\/10187"}],"wp:attachment":[{"href":"https:\/\/fredfloris.eu\/nb\/wp-json\/wp\/v2\/media?parent=5154"}],"wp:term":[{"taxonomy":"pwb-brand","embeddable":true,"href":"https:\/\/fredfloris.eu\/nb\/wp-json\/wp\/v2\/pwb-brand?post=5154"},{"taxonomy":"product_brand","embeddable":true,"href":"https:\/\/fredfloris.eu\/nb\/wp-json\/wp\/v2\/product_brand?post=5154"},{"taxonomy":"product_cat","embeddable":true,"href":"https:\/\/fredfloris.eu\/nb\/wp-json\/wp\/v2\/product_cat?post=5154"},{"taxonomy":"product_tag","embeddable":true,"href":"https:\/\/fredfloris.eu\/nb\/wp-json\/wp\/v2\/product_tag?post=5154"},{"taxonomy":"woo-feed-brand","embeddable":true,"href":"https:\/\/fredfloris.eu\/nb\/wp-json\/wp\/v2\/woo-feed-brand?post=5154"}],"curies":[{"name":"wp","href":"https:\/\/api.w.org\/{rel}","templated":true}]}}