{"id":5158,"date":"2022-05-16T17:48:39","date_gmt":"2022-05-16T15:48:39","guid":{"rendered":"https:\/\/fredfloris.eu\/?post_type=product&#038;p=5158"},"modified":"2025-02-22T15:37:45","modified_gmt":"2025-02-22T13:37:45","slug":"vasa-key-wallet","status":"publish","type":"product","link":"https:\/\/fredfloris.eu\/nb\/productpage\/vasa-key-wallet\/","title":{"rendered":"Vasa - N\u00f8kkellommebok"},"content":{"rendered":"<p><strong>Personalisering:<\/strong> Legg til et navn, bilde eller en melding uten ekstra kostnad. Hvis du vil tilpasse med ditt eget design, legger du bare b\u00e5de produktet og det valgte designet i handlekurven.<\/p>\n<p><a class=\"lumise-customize-button button alt\" href=\"https:\/\/fredfloris.eu\/nb\/productpage\/customize-vasa-soft-key-wallet\/?wmc-currency=NOK\" name=\"customize\">Tilpass<\/a><\/p>\n<p><strong>Utforsk n\u00f8kkelenes g\u00e5tefulle verden med v\u00e5r n\u00f8kkelportef\u00f8lje i skinn.<\/strong> N\u00f8kler gir tilgang til de mest verdifulle delene av livene v\u00e5re - hjem, kj\u00f8ret\u00f8y og personlige safer. De er unike og lover mer, og derfor fortjener de omhyggelig h\u00e5ndtering og beskyttelse. V\u00e5r n\u00f8kkelmappe s\u00f8rger for at alle n\u00f8klene dine er trygt organisert og beskyttet i et mykt skinndeksel som festes med en jernknapp. Nittene i rustfritt st\u00e5l holder orden p\u00e5 n\u00f8klene, slik at de er lette \u00e5 finne, f\u00e5 tilgang til og b\u00e6re i vesken eller lommen uten risiko for \u00e5 skrape opp telefonen eller andre verdisaker.<\/p>\n<p><strong>Produktspesifikasjoner:<\/strong><\/p>\n<ul>\n<li><strong>Laget helt for h\u00e5nd i v\u00e5rt familieeide Leather Art Studio<\/strong><\/li>\n<li><strong>Tilpassede alternativer:<\/strong> Velg mellom h\u00f8yre- eller venstreh\u00e5ndsversjoner<\/li>\n<li><strong>St\u00f8rrelse:<\/strong> Bredde: 80 mm, lengde: 125 mm<\/li>\n<li><strong>Farger:<\/strong> Tilgjengelig i Medium Brown og Cognac<\/li>\n<li><strong>Materiale:<\/strong> Laget av fullnarvet skinn, garvet i Italia<\/li>\n<li><strong>Allergivennlig:<\/strong> Har en allergivennlig nagle med dobbel kappe. Merk: N\u00f8kkelbraketten er ikke testet for allergi.<\/li>\n<\/ul>\n<p>&nbsp;<\/p>\n<p>S\u00f8keord: n\u00f8kkelholder lommebok i l\u00e6r, n\u00f8kkelring, n\u00f8kkelholder lommebok<\/p>","protected":false},"excerpt":{"rendered":"<p>V\u00e5r n\u00f8kkelpung i l\u00e6r er laget av et fullnarvet europeisk kalveskinn fra det italienske garveriet Mapel &amp; C i samarbeid med selskaper i garvedistriktet i Toscana. Under garvingsprosessen tilsettes et lett belegg av olje til l\u00e6ret for \u00e5 skape det som kalles pull-up-l\u00e6r. Denne garvemetoden gir Key Wallet et mer slitt og rustikt utseende.<\/p>\n<p>N\u00e5r vi mottar l\u00e6ret i verkstedet v\u00e5rt, skj\u00e6res det ut av skinnet, kantene rundes av, slipes og poleres for h\u00e5nd, og deretter farges kantene for h\u00e5nd. Vi legger stor vekt p\u00e5 detaljer under denne prosessen for \u00e5 bevare l\u00e6rets narv.<\/p>","protected":false},"featured_media":9758,"template":"","meta":[],"pwb-brand":[203],"product_brand":[],"product_cat":[112,100],"product_tag":[123,136,105],"woo-feed-brand":[],"class_list":{"0":"post-5158","1":"product","2":"type-product","3":"status-publish","4":"has-post-thumbnail","6":"pwb-brand-fredfloris","7":"product_cat-key-wallets","8":"product_cat-leathergoods","9":"product_tag-full-grain-leather","10":"product_tag-handmade","11":"product_tag-made-to-order","12":"product_shipping_class-small-goods","13":"pa_leather-colour-cognac-pull-up","14":"pa_leather-colour-medium-brown-pull-up","16":"first","17":"instock","18":"taxable","19":"shipping-taxable","20":"purchasable","21":"product-type-variable","22":"has-default-attributes"},"yoast_head":"<!-- This site is optimized with the Yoast SEO plugin v27.2 - https:\/\/yoast.com\/product\/yoast-seo-wordpress\/ -->\n<title>Leather Key Wallet - Handmade in Sweden | FredFloris<\/title>\n<meta name=\"description\" content=\"Our leather key wallet is handmade from full-grain European leather. The key wallet can hold over 6 keys. Replace your key chain!\" \/>\n<meta name=\"robots\" content=\"index, follow, max-snippet:-1, max-image-preview:large, max-video-preview:-1\" \/>\n<link rel=\"canonical\" href=\"https:\/\/fredfloris.eu\/nb\/productpage\/vasa-key-wallet\/?wmc-currency=NOK\" \/>\n<meta property=\"og:locale\" content=\"nb_NO\" \/>\n<meta property=\"og:type\" content=\"article\" \/>\n<meta property=\"og:title\" content=\"Leather Key Wallet - Handmade in Sweden | FredFloris\" \/>\n<meta property=\"og:description\" content=\"Our leather key wallet is handmade from full-grain European leather. The key wallet can hold over 6 keys. Replace your key chain!\" \/>\n<meta property=\"og:url\" content=\"https:\/\/fredfloris.eu\/nb\/productpage\/vasa-key-wallet\/?wmc-currency=NOK\" \/>\n<meta property=\"og:site_name\" content=\"FredFloris\" \/>\n<meta property=\"article:publisher\" content=\"https:\/\/www.facebook.com\/FredFloris.Artisan.Studio\/\" \/>\n<meta property=\"article:modified_time\" content=\"2025-02-22T13:37:45+00:00\" \/>\n<meta property=\"og:image\" content=\"https:\/\/fredfloris.eu\/wp-content\/uploads\/2022\/05\/IMG_1482-scaled.jpg\" \/>\n\t<meta property=\"og:image:width\" content=\"2560\" \/>\n\t<meta property=\"og:image:height\" content=\"1707\" \/>\n\t<meta property=\"og:image:type\" content=\"image\/jpeg\" \/>\n<meta name=\"twitter:card\" content=\"summary_large_image\" \/>\n<meta name=\"twitter:site\" content=\"@_fredfloris_\" \/>\n<meta name=\"twitter:label1\" content=\"Ansl. lesetid\" \/>\n\t<meta name=\"twitter:data1\" content=\"2 minutter\" \/>\n<script type=\"application\/ld+json\" class=\"yoast-schema-graph\">{\"@context\":\"https:\/\/schema.org\",\"@graph\":[{\"@type\":\"WebPage\",\"@id\":\"https:\/\/fredfloris.eu\/productpage\/vasa-key-wallet\/\",\"url\":\"https:\/\/fredfloris.eu\/productpage\/vasa-key-wallet\/\",\"name\":\"Leather Key Wallet - Handmade in Sweden | FredFloris\",\"isPartOf\":{\"@id\":\"https:\/\/fredfloris.eu\/#website\"},\"primaryImageOfPage\":{\"@id\":\"https:\/\/fredfloris.eu\/productpage\/vasa-key-wallet\/#primaryimage\"},\"image\":{\"@id\":\"https:\/\/fredfloris.eu\/productpage\/vasa-key-wallet\/#primaryimage\"},\"thumbnailUrl\":\"https:\/\/fredfloris.eu\/wp-content\/uploads\/2022\/05\/IMG_1482-scaled.jpg\",\"datePublished\":\"2022-05-16T15:48:39+00:00\",\"dateModified\":\"2025-02-22T13:37:45+00:00\",\"description\":\"Our leather key wallet is handmade from full-grain European leather. The key wallet can hold over 6 keys. Replace your key chain!\",\"breadcrumb\":{\"@id\":\"https:\/\/fredfloris.eu\/productpage\/vasa-key-wallet\/#breadcrumb\"},\"inLanguage\":\"nb-NO\",\"potentialAction\":[{\"@type\":\"ReadAction\",\"target\":[\"https:\/\/fredfloris.eu\/productpage\/vasa-key-wallet\/\"]}]},{\"@type\":\"ImageObject\",\"inLanguage\":\"nb-NO\",\"@id\":\"https:\/\/fredfloris.eu\/productpage\/vasa-key-wallet\/#primaryimage\",\"url\":\"https:\/\/fredfloris.eu\/wp-content\/uploads\/2022\/05\/IMG_1482-scaled.jpg\",\"contentUrl\":\"https:\/\/fredfloris.eu\/wp-content\/uploads\/2022\/05\/IMG_1482-scaled.jpg\",\"width\":2560,\"height\":1707,\"caption\":\"Product: Dickens, Vasa - Key Wallet, Colour: Cognac, Left & Right Handed Options\"},{\"@type\":\"BreadcrumbList\",\"@id\":\"https:\/\/fredfloris.eu\/productpage\/vasa-key-wallet\/#breadcrumb\",\"itemListElement\":[{\"@type\":\"ListItem\",\"position\":1,\"name\":\"Home\",\"item\":\"https:\/\/fredfloris.eu\/\"},{\"@type\":\"ListItem\",\"position\":2,\"name\":\"Shop\",\"item\":\"https:\/\/fredfloris.eu\/shop\/\"},{\"@type\":\"ListItem\",\"position\":3,\"name\":\"Vasa &#8211; Key Wallet\"}]},{\"@type\":\"WebSite\",\"@id\":\"https:\/\/fredfloris.eu\/#website\",\"url\":\"https:\/\/fredfloris.eu\/\",\"name\":\"FredFloris\",\"description\":\"Handcrafted Leathergoods - Made in Sweden\",\"publisher\":{\"@id\":\"https:\/\/fredfloris.eu\/#organization\"},\"potentialAction\":[{\"@type\":\"SearchAction\",\"target\":{\"@type\":\"EntryPoint\",\"urlTemplate\":\"https:\/\/fredfloris.eu\/?s={search_term_string}\"},\"query-input\":{\"@type\":\"PropertyValueSpecification\",\"valueRequired\":true,\"valueName\":\"search_term_string\"}}],\"inLanguage\":\"nb-NO\"},{\"@type\":\"Organization\",\"@id\":\"https:\/\/fredfloris.eu\/#organization\",\"name\":\"FredFloris\",\"url\":\"https:\/\/fredfloris.eu\/\",\"logo\":{\"@type\":\"ImageObject\",\"inLanguage\":\"nb-NO\",\"@id\":\"https:\/\/fredfloris.eu\/#\/schema\/logo\/image\/\",\"url\":\"https:\/\/fredfloris.eu\/wp-content\/uploads\/2022\/03\/FredFloris-med-hel-nal-och-text.png\",\"contentUrl\":\"https:\/\/fredfloris.eu\/wp-content\/uploads\/2022\/03\/FredFloris-med-hel-nal-och-text.png\",\"width\":591,\"height\":283,\"caption\":\"FredFloris\"},\"image\":{\"@id\":\"https:\/\/fredfloris.eu\/#\/schema\/logo\/image\/\"},\"sameAs\":[\"https:\/\/www.facebook.com\/FredFloris.Artisan.Studio\/\",\"https:\/\/x.com\/_fredfloris_\",\"https:\/\/www.instagram.com\/fredfloris.artisan.studio\/\"]}]}<\/script>\n<!-- \/ Yoast SEO plugin. -->","yoast_head_json":{"title":"N\u00f8kkellommebok i skinn - h\u00e5ndlaget i Sverige | FredFloris","description":"V\u00e5r n\u00f8kkelmappe i skinn er h\u00e5ndlaget av fullnarvet europeisk skinn. N\u00f8kkelmappen har plass til over 6 n\u00f8kler. Erstatt n\u00f8kkelknippet ditt!","robots":{"index":"index","follow":"follow","max-snippet":"max-snippet:-1","max-image-preview":"max-image-preview:large","max-video-preview":"max-video-preview:-1"},"canonical":"https:\/\/fredfloris.eu\/nb\/productpage\/vasa-key-wallet\/?wmc-currency=NOK","og_locale":"nb_NO","og_type":"article","og_title":"Leather Key Wallet - Handmade in Sweden | FredFloris","og_description":"Our leather key wallet is handmade from full-grain European leather. The key wallet can hold over 6 keys. Replace your key chain!","og_url":"https:\/\/fredfloris.eu\/nb\/productpage\/vasa-key-wallet\/?wmc-currency=NOK","og_site_name":"FredFloris","article_publisher":"https:\/\/www.facebook.com\/FredFloris.Artisan.Studio\/","article_modified_time":"2025-02-22T13:37:45+00:00","og_image":[{"width":2560,"height":1707,"url":"https:\/\/fredfloris.eu\/wp-content\/uploads\/2022\/05\/IMG_1482-scaled.jpg","type":"image\/jpeg"}],"twitter_card":"summary_large_image","twitter_site":"@_fredfloris_","twitter_misc":{"Ansl. lesetid":"2 minutter"},"schema":{"@context":"https:\/\/schema.org","@graph":[{"@type":"WebPage","@id":"https:\/\/fredfloris.eu\/productpage\/vasa-key-wallet\/","url":"https:\/\/fredfloris.eu\/productpage\/vasa-key-wallet\/","name":"N\u00f8kkellommebok i skinn - h\u00e5ndlaget i Sverige | FredFloris","isPartOf":{"@id":"https:\/\/fredfloris.eu\/#website"},"primaryImageOfPage":{"@id":"https:\/\/fredfloris.eu\/productpage\/vasa-key-wallet\/#primaryimage"},"image":{"@id":"https:\/\/fredfloris.eu\/productpage\/vasa-key-wallet\/#primaryimage"},"thumbnailUrl":"https:\/\/fredfloris.eu\/wp-content\/uploads\/2022\/05\/IMG_1482-scaled.jpg","datePublished":"2022-05-16T15:48:39+00:00","dateModified":"2025-02-22T13:37:45+00:00","description":"V\u00e5r n\u00f8kkelmappe i skinn er h\u00e5ndlaget av fullnarvet europeisk skinn. N\u00f8kkelmappen har plass til over 6 n\u00f8kler. Erstatt n\u00f8kkelknippet ditt!","breadcrumb":{"@id":"https:\/\/fredfloris.eu\/productpage\/vasa-key-wallet\/#breadcrumb"},"inLanguage":"nb-NO","potentialAction":[{"@type":"ReadAction","target":["https:\/\/fredfloris.eu\/productpage\/vasa-key-wallet\/"]}]},{"@type":"ImageObject","inLanguage":"nb-NO","@id":"https:\/\/fredfloris.eu\/productpage\/vasa-key-wallet\/#primaryimage","url":"https:\/\/fredfloris.eu\/wp-content\/uploads\/2022\/05\/IMG_1482-scaled.jpg","contentUrl":"https:\/\/fredfloris.eu\/wp-content\/uploads\/2022\/05\/IMG_1482-scaled.jpg","width":2560,"height":1707,"caption":"Product: Dickens, Vasa - Key Wallet, Colour: Cognac, Left & Right Handed Options"},{"@type":"BreadcrumbList","@id":"https:\/\/fredfloris.eu\/productpage\/vasa-key-wallet\/#breadcrumb","itemListElement":[{"@type":"ListItem","position":1,"name":"Home","item":"https:\/\/fredfloris.eu\/"},{"@type":"ListItem","position":2,"name":"Shop","item":"https:\/\/fredfloris.eu\/shop\/"},{"@type":"ListItem","position":3,"name":"Vasa &#8211; Key Wallet"}]},{"@type":"WebSite","@id":"https:\/\/fredfloris.eu\/#website","url":"https:\/\/fredfloris.eu\/","name":"FredFloris","description":"H\u00e5ndlagde skinnvarer - laget i Sverige","publisher":{"@id":"https:\/\/fredfloris.eu\/#organization"},"potentialAction":[{"@type":"SearchAction","target":{"@type":"EntryPoint","urlTemplate":"https:\/\/fredfloris.eu\/?s={search_term_string}"},"query-input":{"@type":"PropertyValueSpecification","valueRequired":true,"valueName":"search_term_string"}}],"inLanguage":"nb-NO"},{"@type":"Organization","@id":"https:\/\/fredfloris.eu\/#organization","name":"FredFloris","url":"https:\/\/fredfloris.eu\/","logo":{"@type":"ImageObject","inLanguage":"nb-NO","@id":"https:\/\/fredfloris.eu\/#\/schema\/logo\/image\/","url":"https:\/\/fredfloris.eu\/wp-content\/uploads\/2022\/03\/FredFloris-med-hel-nal-och-text.png","contentUrl":"https:\/\/fredfloris.eu\/wp-content\/uploads\/2022\/03\/FredFloris-med-hel-nal-och-text.png","width":591,"height":283,"caption":"FredFloris"},"image":{"@id":"https:\/\/fredfloris.eu\/#\/schema\/logo\/image\/"},"sameAs":["https:\/\/www.facebook.com\/FredFloris.Artisan.Studio\/","https:\/\/x.com\/_fredfloris_","https:\/\/www.instagram.com\/fredfloris.artisan.studio\/"]}]}},"brands":[{"id":203,"name":"FredFloris","slug":"fredfloris"}],"_links":{"self":[{"href":"https:\/\/fredfloris.eu\/nb\/wp-json\/wp\/v2\/product\/5158","targetHints":{"allow":["GET"]}}],"collection":[{"href":"https:\/\/fredfloris.eu\/nb\/wp-json\/wp\/v2\/product"}],"about":[{"href":"https:\/\/fredfloris.eu\/nb\/wp-json\/wp\/v2\/types\/product"}],"version-history":[{"count":18,"href":"https:\/\/fredfloris.eu\/nb\/wp-json\/wp\/v2\/product\/5158\/revisions"}],"predecessor-version":[{"id":11544,"href":"https:\/\/fredfloris.eu\/nb\/wp-json\/wp\/v2\/product\/5158\/revisions\/11544"}],"wp:featuredmedia":[{"embeddable":true,"href":"https:\/\/fredfloris.eu\/nb\/wp-json\/wp\/v2\/media\/9758"}],"wp:attachment":[{"href":"https:\/\/fredfloris.eu\/nb\/wp-json\/wp\/v2\/media?parent=5158"}],"wp:term":[{"taxonomy":"pwb-brand","embeddable":true,"href":"https:\/\/fredfloris.eu\/nb\/wp-json\/wp\/v2\/pwb-brand?post=5158"},{"taxonomy":"product_brand","embeddable":true,"href":"https:\/\/fredfloris.eu\/nb\/wp-json\/wp\/v2\/product_brand?post=5158"},{"taxonomy":"product_cat","embeddable":true,"href":"https:\/\/fredfloris.eu\/nb\/wp-json\/wp\/v2\/product_cat?post=5158"},{"taxonomy":"product_tag","embeddable":true,"href":"https:\/\/fredfloris.eu\/nb\/wp-json\/wp\/v2\/product_tag?post=5158"},{"taxonomy":"woo-feed-brand","embeddable":true,"href":"https:\/\/fredfloris.eu\/nb\/wp-json\/wp\/v2\/woo-feed-brand?post=5158"}],"curies":[{"name":"wp","href":"https:\/\/api.w.org\/{rel}","templated":true}]}}