{"id":5169,"date":"2022-05-16T19:01:56","date_gmt":"2022-05-16T17:01:56","guid":{"rendered":"https:\/\/fredfloris.eu\/?post_type=product&#038;p=5169"},"modified":"2025-02-22T15:44:39","modified_gmt":"2025-02-22T13:44:39","slug":"slim-pocket-card-wallets","status":"publish","type":"product","link":"https:\/\/fredfloris.eu\/nb\/productpage\/slim-pocket-card-wallets\/","title":{"rendered":"Slanke kortlommeb\u00f8ker"},"content":{"rendered":"<p><strong>Personalisering:<\/strong> Legg til et navn eller en melding uten ekstra kostnad. Hvis du vil tilpasse med ditt eget design, legger du bare b\u00e5de produktet og det valgte designet i handlekurven.<\/p>\n<p><a class=\"lumise-customize-button button alt\" href=\"https:\/\/fredfloris.eu\/nb\/productpage\/customize-slim-pocket-card-wallets\/?wmc-currency=NOK\" name=\"customize\">Tilpass<\/a><\/p>\n<p><strong>Omfavn moderne effektivitet med v\u00e5re slanke kortlommeb\u00f8ker, designet for den kontantl\u00f8se tidsalderen.<\/strong> Disse lommeb\u00f8kene er perfekte for deg som setter pris p\u00e5 raske, elegante og sikre transaksjoner. De finnes i to st\u00f8rrelser for \u00e5 passe til din livsstil: Den store versjonen har plass til opptil 8 kort, mens den lille versjonen rommer opptil 4 kort. Velg den st\u00f8rrelsen som passer best til dine behov, og uttrykk din individualitet hver dag.<\/p>\n<p><strong>Produktspesifikasjoner:<\/strong><\/p>\n<ul>\n<li><strong>Laget helt for h\u00e5nd i v\u00e5rt familieeide Leather Art Studio<\/strong><\/li>\n<li><strong>Kapasitetsalternativer:<\/strong> Stor lommebok har plass til opptil 8 kort; liten lommebok har plass til opptil 4 kort<\/li>\n<li><strong>Materiale:<\/strong> Laget av fullnarvet skinn, vegetabilsk garvet i Italia etter den tradisjonelle toskanske Vacchetta-oppskriften<\/li>\n<li><strong>S\u00f8m:<\/strong> Tradisjonell sadelmaker s\u00f8m, sydd for h\u00e5nd<\/li>\n<li><strong>Tr\u00e5d:<\/strong> Konstruert med Tiger Ritza 25, kjent for sin eksepsjonelle styrke<\/li>\n<li><strong>Dimensjoner:<\/strong>\n<ul>\n<li><strong>Stor lommebok:<\/strong> Bredde: 80 mm, h\u00f8yde: 75 mm i lukket tilstand<\/li>\n<li><strong>Liten lommebok:<\/strong> Bredde: 70 mm, h\u00f8yde: 75 mm i lukket tilstand<\/li>\n<\/ul>\n<\/li>\n<li><strong>Fargealternativer:<\/strong> Tilgjengelig i svart, marinebl\u00e5, Cognac, varm Cognac, m\u00f8rk Cognac, m\u00f8rk gul, bl\u00e5gr\u00f8nn<\/li>\n<li><strong>Knappalternativer:<\/strong> Velg mellom en knapp i galvanisert jern eller galvanisert messing<\/li>\n<li><strong>Sikkerhetsfunksjon:<\/strong> Inkluderer en gratis <a href=\"https:\/\/fredfloris.eu\/nb\/productpage\/nfc-card-rfid-blocking\/?wmc-currency=NOK\" rel=\"noopener\">anti-skimming-kort<\/a><\/li>\n<\/ul>\n<p>&nbsp;<\/p>\n<p>S\u00f8keord: Slim kredittkortlommebok i skinn, Slim lommebok i skinn<\/p>","protected":false},"excerpt":{"rendered":"<p>Lommeboken er laget av fullnarvet vegetabilsk garvet l\u00e6r, og l\u00e6ret er sk\u00e5ret ut av skinnet, brettet og sydd sammen med vokset polyestertr\u00e5d av h\u00f8y kvalitet ved hjelp av en tradisjonell sadelmakerh\u00e5ndstikk. Denne symetoden sikrer lommebokens holdbarhet, spesielt under store p\u00e5kjenninger og belastninger. De dekorative linjene som er lagt til lommeboken, er laget med en oppvarmet brettemaskin under kortsporene. Kantene rundes av, slipes og farges deretter for h\u00e5nd ved hjelp av flere lag med kantmaling. Kantmalingen er utf\u00f8rt med stor presisjon for \u00e5 sikre at l\u00e6rets narv bevares.<\/p>\n<pre><\/pre>\n<p>Det anilinbehandlede l\u00e6ret leveres av Mapel &amp; C, og det pull-up\/voksede l\u00e6ret leveres av Badalassi Carlo. Begge garveriene bruker den gamle toskanske Vacchetta-oppskriften for \u00e5 garve l\u00e6ret, og begge er en del av respektable organisasjoner, henholdsvis Toscanas garveridistriktsselskaper og Pelle Conciata al Vegetale-konsortiet.<\/p>","protected":false},"featured_media":3277,"template":"","meta":[],"pwb-brand":[203],"product_brand":[],"product_cat":[100,104],"product_tag":[123,136,105],"woo-feed-brand":[],"class_list":{"0":"post-5169","1":"product","2":"type-product","3":"status-publish","4":"has-post-thumbnail","6":"pwb-brand-fredfloris","7":"product_cat-leathergoods","8":"product_cat-wallets","9":"product_tag-full-grain-leather","10":"product_tag-handmade","11":"product_tag-made-to-order","12":"product_shipping_class-small-goods","13":"pa_leather-colour-black-mapelec-thin","14":"pa_leather-colour-petrol-waxed","15":"pa_leather-colour-cognac","16":"pa_leather-colour-dark-cognac-waxed","17":"pa_leather-colour-mustard-waxed","18":"pa_leather-colour-navy","19":"pa_leather-colour-warm-cognac","21":"first","22":"instock","23":"taxable","24":"shipping-taxable","25":"purchasable","26":"product-type-variable","27":"has-default-attributes"},"yoast_head":"<!-- This site is optimized with the Yoast SEO plugin v27.2 - https:\/\/yoast.com\/product\/yoast-seo-wordpress\/ -->\n<title>Slim Leather Credit Card Wallet | Free Anti-Skimming Card | FredFloris<\/title>\n<meta name=\"description\" content=\"Slim leather credit card wallet made in Sweden. Free anti-skimming card that blocks RFID signals is included with e very leather wallet\" \/>\n<meta name=\"robots\" content=\"index, follow, max-snippet:-1, max-image-preview:large, max-video-preview:-1\" \/>\n<link rel=\"canonical\" href=\"https:\/\/fredfloris.eu\/nb\/productpage\/slim-pocket-card-wallets\/?wmc-currency=NOK\" \/>\n<meta property=\"og:locale\" content=\"nb_NO\" \/>\n<meta property=\"og:type\" content=\"article\" \/>\n<meta property=\"og:title\" content=\"Slim Leather Credit Card Wallet | Free Anti-Skimming Card | FredFloris\" \/>\n<meta property=\"og:description\" content=\"Slim leather credit card wallet made in Sweden. Free anti-skimming card that blocks RFID signals is included with e very leather wallet\" \/>\n<meta property=\"og:url\" content=\"https:\/\/fredfloris.eu\/nb\/productpage\/slim-pocket-card-wallets\/?wmc-currency=NOK\" \/>\n<meta property=\"og:site_name\" content=\"FredFloris\" \/>\n<meta property=\"article:publisher\" content=\"https:\/\/www.facebook.com\/FredFloris.Artisan.Studio\/\" \/>\n<meta property=\"article:modified_time\" content=\"2025-02-22T13:44:39+00:00\" \/>\n<meta property=\"og:image\" content=\"https:\/\/fredfloris.eu\/wp-content\/uploads\/2022\/04\/IMG_1928-scaled.jpg\" \/>\n\t<meta property=\"og:image:width\" content=\"2560\" \/>\n\t<meta property=\"og:image:height\" content=\"1679\" \/>\n\t<meta property=\"og:image:type\" content=\"image\/jpeg\" \/>\n<meta name=\"twitter:card\" content=\"summary_large_image\" \/>\n<meta name=\"twitter:site\" content=\"@_fredfloris_\" \/>\n<meta name=\"twitter:label1\" content=\"Ansl. lesetid\" \/>\n\t<meta name=\"twitter:data1\" content=\"2 minutter\" \/>\n<script type=\"application\/ld+json\" class=\"yoast-schema-graph\">{\"@context\":\"https:\/\/schema.org\",\"@graph\":[{\"@type\":\"WebPage\",\"@id\":\"https:\/\/fredfloris.eu\/productpage\/slim-pocket-card-wallets\/\",\"url\":\"https:\/\/fredfloris.eu\/productpage\/slim-pocket-card-wallets\/\",\"name\":\"Slim Leather Credit Card Wallet | Free Anti-Skimming Card | FredFloris\",\"isPartOf\":{\"@id\":\"https:\/\/fredfloris.eu\/#website\"},\"primaryImageOfPage\":{\"@id\":\"https:\/\/fredfloris.eu\/productpage\/slim-pocket-card-wallets\/#primaryimage\"},\"image\":{\"@id\":\"https:\/\/fredfloris.eu\/productpage\/slim-pocket-card-wallets\/#primaryimage\"},\"thumbnailUrl\":\"https:\/\/fredfloris.eu\/wp-content\/uploads\/2022\/04\/IMG_1928-scaled-e1740231568996.jpg\",\"datePublished\":\"2022-05-16T17:01:56+00:00\",\"dateModified\":\"2025-02-22T13:44:39+00:00\",\"description\":\"Slim leather credit card wallet made in Sweden. Free anti-skimming card that blocks RFID signals is included with e very leather wallet\",\"breadcrumb\":{\"@id\":\"https:\/\/fredfloris.eu\/productpage\/slim-pocket-card-wallets\/#breadcrumb\"},\"inLanguage\":\"nb-NO\",\"potentialAction\":[{\"@type\":\"ReadAction\",\"target\":[\"https:\/\/fredfloris.eu\/productpage\/slim-pocket-card-wallets\/\"]}]},{\"@type\":\"ImageObject\",\"inLanguage\":\"nb-NO\",\"@id\":\"https:\/\/fredfloris.eu\/productpage\/slim-pocket-card-wallets\/#primaryimage\",\"url\":\"https:\/\/fredfloris.eu\/wp-content\/uploads\/2022\/04\/IMG_1928-scaled-e1740231568996.jpg\",\"contentUrl\":\"https:\/\/fredfloris.eu\/wp-content\/uploads\/2022\/04\/IMG_1928-scaled-e1740231568996.jpg\",\"width\":2517,\"height\":1679,\"caption\":\"Product: Pocket Card Wallets \u2013 from left to right, Navy Blue, Dark Cognac, Cognac, Dark Yellow, Blue-Green and Black\"},{\"@type\":\"BreadcrumbList\",\"@id\":\"https:\/\/fredfloris.eu\/productpage\/slim-pocket-card-wallets\/#breadcrumb\",\"itemListElement\":[{\"@type\":\"ListItem\",\"position\":1,\"name\":\"Home\",\"item\":\"https:\/\/fredfloris.eu\/\"},{\"@type\":\"ListItem\",\"position\":2,\"name\":\"Shop\",\"item\":\"https:\/\/fredfloris.eu\/shop\/\"},{\"@type\":\"ListItem\",\"position\":3,\"name\":\"Slim Card Wallets\"}]},{\"@type\":\"WebSite\",\"@id\":\"https:\/\/fredfloris.eu\/#website\",\"url\":\"https:\/\/fredfloris.eu\/\",\"name\":\"FredFloris\",\"description\":\"Handcrafted Leathergoods - Made in Sweden\",\"publisher\":{\"@id\":\"https:\/\/fredfloris.eu\/#organization\"},\"potentialAction\":[{\"@type\":\"SearchAction\",\"target\":{\"@type\":\"EntryPoint\",\"urlTemplate\":\"https:\/\/fredfloris.eu\/?s={search_term_string}\"},\"query-input\":{\"@type\":\"PropertyValueSpecification\",\"valueRequired\":true,\"valueName\":\"search_term_string\"}}],\"inLanguage\":\"nb-NO\"},{\"@type\":\"Organization\",\"@id\":\"https:\/\/fredfloris.eu\/#organization\",\"name\":\"FredFloris\",\"url\":\"https:\/\/fredfloris.eu\/\",\"logo\":{\"@type\":\"ImageObject\",\"inLanguage\":\"nb-NO\",\"@id\":\"https:\/\/fredfloris.eu\/#\/schema\/logo\/image\/\",\"url\":\"https:\/\/fredfloris.eu\/wp-content\/uploads\/2022\/03\/FredFloris-med-hel-nal-och-text.png\",\"contentUrl\":\"https:\/\/fredfloris.eu\/wp-content\/uploads\/2022\/03\/FredFloris-med-hel-nal-och-text.png\",\"width\":591,\"height\":283,\"caption\":\"FredFloris\"},\"image\":{\"@id\":\"https:\/\/fredfloris.eu\/#\/schema\/logo\/image\/\"},\"sameAs\":[\"https:\/\/www.facebook.com\/FredFloris.Artisan.Studio\/\",\"https:\/\/x.com\/_fredfloris_\",\"https:\/\/www.instagram.com\/fredfloris.artisan.studio\/\"]}]}<\/script>\n<!-- \/ Yoast SEO plugin. -->","yoast_head_json":{"title":"Smal kredittkortlommebok i skinn | Gratis anti-skimming-kort | FredFloris","description":"Smal kredittkortlommebok i skinn, produsert i Sverige. Gratis anti-skimming-kort som blokkerer RFID-signaler f\u00f8lger med lommeboken i skinn","robots":{"index":"index","follow":"follow","max-snippet":"max-snippet:-1","max-image-preview":"max-image-preview:large","max-video-preview":"max-video-preview:-1"},"canonical":"https:\/\/fredfloris.eu\/nb\/productpage\/slim-pocket-card-wallets\/?wmc-currency=NOK","og_locale":"nb_NO","og_type":"article","og_title":"Slim Leather Credit Card Wallet | Free Anti-Skimming Card | FredFloris","og_description":"Slim leather credit card wallet made in Sweden. Free anti-skimming card that blocks RFID signals is included with e very leather wallet","og_url":"https:\/\/fredfloris.eu\/nb\/productpage\/slim-pocket-card-wallets\/?wmc-currency=NOK","og_site_name":"FredFloris","article_publisher":"https:\/\/www.facebook.com\/FredFloris.Artisan.Studio\/","article_modified_time":"2025-02-22T13:44:39+00:00","og_image":[{"width":2560,"height":1679,"url":"https:\/\/fredfloris.eu\/wp-content\/uploads\/2022\/04\/IMG_1928-scaled.jpg","type":"image\/jpeg"}],"twitter_card":"summary_large_image","twitter_site":"@_fredfloris_","twitter_misc":{"Ansl. lesetid":"2 minutter"},"schema":{"@context":"https:\/\/schema.org","@graph":[{"@type":"WebPage","@id":"https:\/\/fredfloris.eu\/productpage\/slim-pocket-card-wallets\/","url":"https:\/\/fredfloris.eu\/productpage\/slim-pocket-card-wallets\/","name":"Smal kredittkortlommebok i skinn | Gratis anti-skimming-kort | FredFloris","isPartOf":{"@id":"https:\/\/fredfloris.eu\/#website"},"primaryImageOfPage":{"@id":"https:\/\/fredfloris.eu\/productpage\/slim-pocket-card-wallets\/#primaryimage"},"image":{"@id":"https:\/\/fredfloris.eu\/productpage\/slim-pocket-card-wallets\/#primaryimage"},"thumbnailUrl":"https:\/\/fredfloris.eu\/wp-content\/uploads\/2022\/04\/IMG_1928-scaled-e1740231568996.jpg","datePublished":"2022-05-16T17:01:56+00:00","dateModified":"2025-02-22T13:44:39+00:00","description":"Smal kredittkortlommebok i skinn, produsert i Sverige. Gratis anti-skimming-kort som blokkerer RFID-signaler f\u00f8lger med lommeboken i skinn","breadcrumb":{"@id":"https:\/\/fredfloris.eu\/productpage\/slim-pocket-card-wallets\/#breadcrumb"},"inLanguage":"nb-NO","potentialAction":[{"@type":"ReadAction","target":["https:\/\/fredfloris.eu\/productpage\/slim-pocket-card-wallets\/"]}]},{"@type":"ImageObject","inLanguage":"nb-NO","@id":"https:\/\/fredfloris.eu\/productpage\/slim-pocket-card-wallets\/#primaryimage","url":"https:\/\/fredfloris.eu\/wp-content\/uploads\/2022\/04\/IMG_1928-scaled-e1740231568996.jpg","contentUrl":"https:\/\/fredfloris.eu\/wp-content\/uploads\/2022\/04\/IMG_1928-scaled-e1740231568996.jpg","width":2517,"height":1679,"caption":"Product: Pocket Card Wallets \u2013 from left to right, Navy Blue, Dark Cognac, Cognac, Dark Yellow, Blue-Green and Black"},{"@type":"BreadcrumbList","@id":"https:\/\/fredfloris.eu\/productpage\/slim-pocket-card-wallets\/#breadcrumb","itemListElement":[{"@type":"ListItem","position":1,"name":"Home","item":"https:\/\/fredfloris.eu\/"},{"@type":"ListItem","position":2,"name":"Shop","item":"https:\/\/fredfloris.eu\/shop\/"},{"@type":"ListItem","position":3,"name":"Slim Card Wallets"}]},{"@type":"WebSite","@id":"https:\/\/fredfloris.eu\/#website","url":"https:\/\/fredfloris.eu\/","name":"FredFloris","description":"H\u00e5ndlagde skinnvarer - laget i Sverige","publisher":{"@id":"https:\/\/fredfloris.eu\/#organization"},"potentialAction":[{"@type":"SearchAction","target":{"@type":"EntryPoint","urlTemplate":"https:\/\/fredfloris.eu\/?s={search_term_string}"},"query-input":{"@type":"PropertyValueSpecification","valueRequired":true,"valueName":"search_term_string"}}],"inLanguage":"nb-NO"},{"@type":"Organization","@id":"https:\/\/fredfloris.eu\/#organization","name":"FredFloris","url":"https:\/\/fredfloris.eu\/","logo":{"@type":"ImageObject","inLanguage":"nb-NO","@id":"https:\/\/fredfloris.eu\/#\/schema\/logo\/image\/","url":"https:\/\/fredfloris.eu\/wp-content\/uploads\/2022\/03\/FredFloris-med-hel-nal-och-text.png","contentUrl":"https:\/\/fredfloris.eu\/wp-content\/uploads\/2022\/03\/FredFloris-med-hel-nal-och-text.png","width":591,"height":283,"caption":"FredFloris"},"image":{"@id":"https:\/\/fredfloris.eu\/#\/schema\/logo\/image\/"},"sameAs":["https:\/\/www.facebook.com\/FredFloris.Artisan.Studio\/","https:\/\/x.com\/_fredfloris_","https:\/\/www.instagram.com\/fredfloris.artisan.studio\/"]}]}},"brands":[{"id":203,"name":"FredFloris","slug":"fredfloris"}],"_links":{"self":[{"href":"https:\/\/fredfloris.eu\/nb\/wp-json\/wp\/v2\/product\/5169","targetHints":{"allow":["GET"]}}],"collection":[{"href":"https:\/\/fredfloris.eu\/nb\/wp-json\/wp\/v2\/product"}],"about":[{"href":"https:\/\/fredfloris.eu\/nb\/wp-json\/wp\/v2\/types\/product"}],"version-history":[{"count":22,"href":"https:\/\/fredfloris.eu\/nb\/wp-json\/wp\/v2\/product\/5169\/revisions"}],"predecessor-version":[{"id":11601,"href":"https:\/\/fredfloris.eu\/nb\/wp-json\/wp\/v2\/product\/5169\/revisions\/11601"}],"wp:featuredmedia":[{"embeddable":true,"href":"https:\/\/fredfloris.eu\/nb\/wp-json\/wp\/v2\/media\/3277"}],"wp:attachment":[{"href":"https:\/\/fredfloris.eu\/nb\/wp-json\/wp\/v2\/media?parent=5169"}],"wp:term":[{"taxonomy":"pwb-brand","embeddable":true,"href":"https:\/\/fredfloris.eu\/nb\/wp-json\/wp\/v2\/pwb-brand?post=5169"},{"taxonomy":"product_brand","embeddable":true,"href":"https:\/\/fredfloris.eu\/nb\/wp-json\/wp\/v2\/product_brand?post=5169"},{"taxonomy":"product_cat","embeddable":true,"href":"https:\/\/fredfloris.eu\/nb\/wp-json\/wp\/v2\/product_cat?post=5169"},{"taxonomy":"product_tag","embeddable":true,"href":"https:\/\/fredfloris.eu\/nb\/wp-json\/wp\/v2\/product_tag?post=5169"},{"taxonomy":"woo-feed-brand","embeddable":true,"href":"https:\/\/fredfloris.eu\/nb\/wp-json\/wp\/v2\/woo-feed-brand?post=5169"}],"curies":[{"name":"wp","href":"https:\/\/api.w.org\/{rel}","templated":true}]}}