{"id":5185,"date":"2022-05-16T19:18:45","date_gmt":"2022-05-16T17:18:45","guid":{"rendered":"https:\/\/fredfloris.eu\/?post_type=product&#038;p=5185"},"modified":"2024-06-24T21:08:18","modified_gmt":"2024-06-24T19:08:18","slug":"ws-pocket-card-wallets","status":"publish","type":"product","link":"https:\/\/fredfloris.eu\/nb\/productpage\/ws-pocket-card-wallets\/","title":{"rendered":"Wayfaring Stranger - Kortlommeb\u00f8ker"},"content":{"rendered":"<p><strong>Personalisering:<\/strong> Legg til et navn, bilde eller en melding uten ekstra kostnad. Hvis du vil tilpasse med ditt eget design, legger du bare b\u00e5de produktet og det valgte designet i handlekurven.<\/p>\n<p><a class=\"lumise-customize-button button alt\" href=\"https:\/\/fredfloris.eu\/nb\/productpage\/customize-wayfaring-stranger-pocket-card-wallets\/?wmc-currency=NOK\" name=\"customize\">Tilpass<\/a><\/p>\n<p><strong>Oppdag Wayfaring Stranger, en lommebok designet for den dynamiske personen.<\/strong> Denne lommeboken har plass til opptil 10 kort og brettede sedler, noe som gj\u00f8r den perfekt for deg som alltid er p\u00e5 farten. Den har en praktisk klaff for rask tilgang til det viktigste, og er designet med tanke p\u00e5 effektivitet. Over tid vil det fullnarvede, vegetabilsk garvede l\u00e6ret modnes fra \u00e5 v\u00e6re et tilbeh\u00f8r til \u00e5 bli en velkjent venn, som f\u00e5r mer karakter etter hvert som du bruker den.<\/p>\n<p><strong>Produktspesifikasjoner:<\/strong><\/p>\n<ul>\n<li><strong>Laget helt for h\u00e5nd i v\u00e5rt familieeide Leather Art Studio<\/strong><\/li>\n<li><strong>Kapasitet:<\/strong> Plass til over 10 kort pluss brettede sedler<\/li>\n<li><strong>Lett tilgjengelig design:<\/strong> Klafffunksjon gir enkel tilgang til kortene<\/li>\n<li><strong>Personaliseringsalternativer:<\/strong> Tilgjengelig med gravering av eget navn<\/li>\n<li><strong>Farger:<\/strong> Velg mellom m\u00f8rk Cognac, m\u00f8rk gul, bl\u00e5gr\u00f8nn<\/li>\n<li><strong>Materiale:<\/strong> Fullnarvet skinn, vegetabilsk garvet i Italia etter den gamle toskanske Vacchetta-oppskriften<\/li>\n<li><strong>S\u00f8m:<\/strong> Tradisjonell sadelmaker s\u00f8m, sydd for h\u00e5nd<\/li>\n<li><strong>Tr\u00e5d:<\/strong> Tiger Ritza 25, kjent for sin styrke og kvalitet<\/li>\n<li><strong>Dimensjoner:<\/strong> Bredde: ~75 mm, h\u00f8yde: ~110 mm i lukket tilstand<\/li>\n<li><strong>Sikkerhetsfunksjon:<\/strong> Inkluderer en gratis <a href=\"https:\/\/fredfloris.eu\/nb\/productpage\/nfc-card-rfid-blocking\/?wmc-currency=NOK\" rel=\"noopener\">anti-skimming-kort<\/a><\/li>\n<\/ul>","protected":false},"excerpt":{"rendered":"<p>Skinnet som brukes til \u00e5 lage denne slanke lommeboken kommer fra det italienske garveriet Badalassi Carlo, som er en del av det internasjonalt anerkjente Pelle Conciata al Vegetale-konsortiet.<\/p>\n<pre><\/pre>\n<p>Lommeboken er laget av vegetabilsk garvet fullnarvet skinn, delene er sk\u00e5ret ut av skinnet, og de tre delene er sydd sammen med vokset polyestertr\u00e5d av h\u00f8y kvalitet ved hjelp av en tradisjonell sadelmakers\u00f8mteknikk. Denne symetoden sikrer lommebokens holdbarhet, spesielt under store p\u00e5kjenninger og belastninger. Kantene avrundes, slipes og farges deretter for h\u00e5nd med flere lag med kantmaling. Kanten males med stor presisjon for \u00e5 sikre at l\u00e6rets narv bevares.<\/p>","protected":false},"featured_media":3329,"template":"","meta":[],"pwb-brand":[203],"product_brand":[],"product_cat":[100,104],"product_tag":[123,136,105],"woo-feed-brand":[],"class_list":{"0":"post-5185","1":"product","2":"type-product","3":"status-publish","4":"has-post-thumbnail","6":"pwb-brand-fredfloris","7":"product_cat-leathergoods","8":"product_cat-wallets","9":"product_tag-full-grain-leather","10":"product_tag-handmade","11":"product_tag-made-to-order","12":"product_shipping_class-small-goods","13":"pa_leather-colour-petrol-waxed","14":"pa_leather-colour-dark-cognac-waxed","15":"pa_leather-colour-mustard-waxed","17":"first","18":"instock","19":"taxable","20":"shipping-taxable","21":"purchasable","22":"product-type-variable","23":"has-default-attributes"},"yoast_head":"<!-- This site is optimized with the Yoast SEO plugin v27.2 - https:\/\/yoast.com\/product\/yoast-seo-wordpress\/ -->\n<title>Slim Leather Credit Card Wallet, Handmade in Sweden | FredFloris<\/title>\n<meta name=\"description\" content=\"Our small leather wallet is created from premium materials and is 100% handmade. Free RFID card with every slim leather credit card wallet\" \/>\n<meta name=\"robots\" content=\"index, follow, max-snippet:-1, max-image-preview:large, max-video-preview:-1\" \/>\n<link rel=\"canonical\" href=\"https:\/\/fredfloris.eu\/nb\/productpage\/ws-pocket-card-wallets\/?wmc-currency=NOK\" \/>\n<meta property=\"og:locale\" content=\"nb_NO\" \/>\n<meta property=\"og:type\" content=\"article\" \/>\n<meta property=\"og:title\" content=\"Slim Leather Credit Card Wallet, Handmade in Sweden | FredFloris\" \/>\n<meta property=\"og:description\" content=\"Our small leather wallet is created from premium materials and is 100% handmade. Free RFID card with every slim leather credit card wallet\" \/>\n<meta property=\"og:url\" content=\"https:\/\/fredfloris.eu\/nb\/productpage\/ws-pocket-card-wallets\/?wmc-currency=NOK\" \/>\n<meta property=\"og:site_name\" content=\"FredFloris\" \/>\n<meta property=\"article:publisher\" content=\"https:\/\/www.facebook.com\/FredFloris.Artisan.Studio\/\" \/>\n<meta property=\"article:modified_time\" content=\"2024-06-24T19:08:18+00:00\" \/>\n<meta property=\"og:image\" content=\"https:\/\/fredfloris.eu\/wp-content\/uploads\/2022\/04\/IMG_1635-scaled.jpg\" \/>\n\t<meta property=\"og:image:width\" content=\"2560\" \/>\n\t<meta property=\"og:image:height\" content=\"1707\" \/>\n\t<meta property=\"og:image:type\" content=\"image\/jpeg\" \/>\n<meta name=\"twitter:card\" content=\"summary_large_image\" \/>\n<meta name=\"twitter:site\" content=\"@_fredfloris_\" \/>\n<meta name=\"twitter:label1\" content=\"Ansl. lesetid\" \/>\n\t<meta name=\"twitter:data1\" content=\"2 minutter\" \/>\n<script type=\"application\/ld+json\" class=\"yoast-schema-graph\">{\"@context\":\"https:\/\/schema.org\",\"@graph\":[{\"@type\":\"WebPage\",\"@id\":\"https:\/\/fredfloris.eu\/productpage\/ws-pocket-card-wallets\/\",\"url\":\"https:\/\/fredfloris.eu\/productpage\/ws-pocket-card-wallets\/\",\"name\":\"Slim Leather Credit Card Wallet, Handmade in Sweden | FredFloris\",\"isPartOf\":{\"@id\":\"https:\/\/fredfloris.eu\/#website\"},\"primaryImageOfPage\":{\"@id\":\"https:\/\/fredfloris.eu\/productpage\/ws-pocket-card-wallets\/#primaryimage\"},\"image\":{\"@id\":\"https:\/\/fredfloris.eu\/productpage\/ws-pocket-card-wallets\/#primaryimage\"},\"thumbnailUrl\":\"https:\/\/fredfloris.eu\/wp-content\/uploads\/2022\/04\/IMG_1635-scaled.jpg\",\"datePublished\":\"2022-05-16T17:18:45+00:00\",\"dateModified\":\"2024-06-24T19:08:18+00:00\",\"description\":\"Our small leather wallet is created from premium materials and is 100% handmade. Free RFID card with every slim leather credit card wallet\",\"breadcrumb\":{\"@id\":\"https:\/\/fredfloris.eu\/productpage\/ws-pocket-card-wallets\/#breadcrumb\"},\"inLanguage\":\"nb-NO\",\"potentialAction\":[{\"@type\":\"ReadAction\",\"target\":[\"https:\/\/fredfloris.eu\/productpage\/ws-pocket-card-wallets\/\"]}]},{\"@type\":\"ImageObject\",\"inLanguage\":\"nb-NO\",\"@id\":\"https:\/\/fredfloris.eu\/productpage\/ws-pocket-card-wallets\/#primaryimage\",\"url\":\"https:\/\/fredfloris.eu\/wp-content\/uploads\/2022\/04\/IMG_1635-scaled.jpg\",\"contentUrl\":\"https:\/\/fredfloris.eu\/wp-content\/uploads\/2022\/04\/IMG_1635-scaled.jpg\",\"width\":2560,\"height\":1707,\"caption\":\"Product: Wayfaring Stranger - Pocket Card Wallets \u2013 Colour: Dark Yellow, Dark Cognac and Blue-Green, Thread Colour: Black\"},{\"@type\":\"BreadcrumbList\",\"@id\":\"https:\/\/fredfloris.eu\/productpage\/ws-pocket-card-wallets\/#breadcrumb\",\"itemListElement\":[{\"@type\":\"ListItem\",\"position\":1,\"name\":\"Home\",\"item\":\"https:\/\/fredfloris.eu\/\"},{\"@type\":\"ListItem\",\"position\":2,\"name\":\"Shop\",\"item\":\"https:\/\/fredfloris.eu\/shop\/\"},{\"@type\":\"ListItem\",\"position\":3,\"name\":\"Wayfaring Stranger &#8211; Card Wallets\"}]},{\"@type\":\"WebSite\",\"@id\":\"https:\/\/fredfloris.eu\/#website\",\"url\":\"https:\/\/fredfloris.eu\/\",\"name\":\"FredFloris\",\"description\":\"Handcrafted Leathergoods - Made in Sweden\",\"publisher\":{\"@id\":\"https:\/\/fredfloris.eu\/#organization\"},\"potentialAction\":[{\"@type\":\"SearchAction\",\"target\":{\"@type\":\"EntryPoint\",\"urlTemplate\":\"https:\/\/fredfloris.eu\/?s={search_term_string}\"},\"query-input\":{\"@type\":\"PropertyValueSpecification\",\"valueRequired\":true,\"valueName\":\"search_term_string\"}}],\"inLanguage\":\"nb-NO\"},{\"@type\":\"Organization\",\"@id\":\"https:\/\/fredfloris.eu\/#organization\",\"name\":\"FredFloris\",\"url\":\"https:\/\/fredfloris.eu\/\",\"logo\":{\"@type\":\"ImageObject\",\"inLanguage\":\"nb-NO\",\"@id\":\"https:\/\/fredfloris.eu\/#\/schema\/logo\/image\/\",\"url\":\"https:\/\/fredfloris.eu\/wp-content\/uploads\/2022\/03\/FredFloris-med-hel-nal-och-text.png\",\"contentUrl\":\"https:\/\/fredfloris.eu\/wp-content\/uploads\/2022\/03\/FredFloris-med-hel-nal-och-text.png\",\"width\":591,\"height\":283,\"caption\":\"FredFloris\"},\"image\":{\"@id\":\"https:\/\/fredfloris.eu\/#\/schema\/logo\/image\/\"},\"sameAs\":[\"https:\/\/www.facebook.com\/FredFloris.Artisan.Studio\/\",\"https:\/\/x.com\/_fredfloris_\",\"https:\/\/www.instagram.com\/fredfloris.artisan.studio\/\"]}]}<\/script>\n<!-- \/ Yoast SEO plugin. -->","yoast_head_json":{"title":"Smal kredittkortlommebok i skinn, h\u00e5ndlaget i Sverige | FredFloris","description":"V\u00e5r lille skinnlommebok er laget av f\u00f8rsteklasses materialer og er 100% h\u00e5ndlaget. Gratis RFID-kort med hver slanke kredittkortlommebok i skinn","robots":{"index":"index","follow":"follow","max-snippet":"max-snippet:-1","max-image-preview":"max-image-preview:large","max-video-preview":"max-video-preview:-1"},"canonical":"https:\/\/fredfloris.eu\/nb\/productpage\/ws-pocket-card-wallets\/?wmc-currency=NOK","og_locale":"nb_NO","og_type":"article","og_title":"Slim Leather Credit Card Wallet, Handmade in Sweden | FredFloris","og_description":"Our small leather wallet is created from premium materials and is 100% handmade. Free RFID card with every slim leather credit card wallet","og_url":"https:\/\/fredfloris.eu\/nb\/productpage\/ws-pocket-card-wallets\/?wmc-currency=NOK","og_site_name":"FredFloris","article_publisher":"https:\/\/www.facebook.com\/FredFloris.Artisan.Studio\/","article_modified_time":"2024-06-24T19:08:18+00:00","og_image":[{"width":2560,"height":1707,"url":"https:\/\/fredfloris.eu\/wp-content\/uploads\/2022\/04\/IMG_1635-scaled.jpg","type":"image\/jpeg"}],"twitter_card":"summary_large_image","twitter_site":"@_fredfloris_","twitter_misc":{"Ansl. lesetid":"2 minutter"},"schema":{"@context":"https:\/\/schema.org","@graph":[{"@type":"WebPage","@id":"https:\/\/fredfloris.eu\/productpage\/ws-pocket-card-wallets\/","url":"https:\/\/fredfloris.eu\/productpage\/ws-pocket-card-wallets\/","name":"Smal kredittkortlommebok i skinn, h\u00e5ndlaget i Sverige | FredFloris","isPartOf":{"@id":"https:\/\/fredfloris.eu\/#website"},"primaryImageOfPage":{"@id":"https:\/\/fredfloris.eu\/productpage\/ws-pocket-card-wallets\/#primaryimage"},"image":{"@id":"https:\/\/fredfloris.eu\/productpage\/ws-pocket-card-wallets\/#primaryimage"},"thumbnailUrl":"https:\/\/fredfloris.eu\/wp-content\/uploads\/2022\/04\/IMG_1635-scaled.jpg","datePublished":"2022-05-16T17:18:45+00:00","dateModified":"2024-06-24T19:08:18+00:00","description":"V\u00e5r lille skinnlommebok er laget av f\u00f8rsteklasses materialer og er 100% h\u00e5ndlaget. Gratis RFID-kort med hver slanke kredittkortlommebok i skinn","breadcrumb":{"@id":"https:\/\/fredfloris.eu\/productpage\/ws-pocket-card-wallets\/#breadcrumb"},"inLanguage":"nb-NO","potentialAction":[{"@type":"ReadAction","target":["https:\/\/fredfloris.eu\/productpage\/ws-pocket-card-wallets\/"]}]},{"@type":"ImageObject","inLanguage":"nb-NO","@id":"https:\/\/fredfloris.eu\/productpage\/ws-pocket-card-wallets\/#primaryimage","url":"https:\/\/fredfloris.eu\/wp-content\/uploads\/2022\/04\/IMG_1635-scaled.jpg","contentUrl":"https:\/\/fredfloris.eu\/wp-content\/uploads\/2022\/04\/IMG_1635-scaled.jpg","width":2560,"height":1707,"caption":"Product: Wayfaring Stranger - Pocket Card Wallets \u2013 Colour: Dark Yellow, Dark Cognac and Blue-Green, Thread Colour: Black"},{"@type":"BreadcrumbList","@id":"https:\/\/fredfloris.eu\/productpage\/ws-pocket-card-wallets\/#breadcrumb","itemListElement":[{"@type":"ListItem","position":1,"name":"Home","item":"https:\/\/fredfloris.eu\/"},{"@type":"ListItem","position":2,"name":"Shop","item":"https:\/\/fredfloris.eu\/shop\/"},{"@type":"ListItem","position":3,"name":"Wayfaring Stranger &#8211; Card Wallets"}]},{"@type":"WebSite","@id":"https:\/\/fredfloris.eu\/#website","url":"https:\/\/fredfloris.eu\/","name":"FredFloris","description":"H\u00e5ndlagde skinnvarer - laget i Sverige","publisher":{"@id":"https:\/\/fredfloris.eu\/#organization"},"potentialAction":[{"@type":"SearchAction","target":{"@type":"EntryPoint","urlTemplate":"https:\/\/fredfloris.eu\/?s={search_term_string}"},"query-input":{"@type":"PropertyValueSpecification","valueRequired":true,"valueName":"search_term_string"}}],"inLanguage":"nb-NO"},{"@type":"Organization","@id":"https:\/\/fredfloris.eu\/#organization","name":"FredFloris","url":"https:\/\/fredfloris.eu\/","logo":{"@type":"ImageObject","inLanguage":"nb-NO","@id":"https:\/\/fredfloris.eu\/#\/schema\/logo\/image\/","url":"https:\/\/fredfloris.eu\/wp-content\/uploads\/2022\/03\/FredFloris-med-hel-nal-och-text.png","contentUrl":"https:\/\/fredfloris.eu\/wp-content\/uploads\/2022\/03\/FredFloris-med-hel-nal-och-text.png","width":591,"height":283,"caption":"FredFloris"},"image":{"@id":"https:\/\/fredfloris.eu\/#\/schema\/logo\/image\/"},"sameAs":["https:\/\/www.facebook.com\/FredFloris.Artisan.Studio\/","https:\/\/x.com\/_fredfloris_","https:\/\/www.instagram.com\/fredfloris.artisan.studio\/"]}]}},"brands":[{"id":203,"name":"FredFloris","slug":"fredfloris"}],"_links":{"self":[{"href":"https:\/\/fredfloris.eu\/nb\/wp-json\/wp\/v2\/product\/5185","targetHints":{"allow":["GET"]}}],"collection":[{"href":"https:\/\/fredfloris.eu\/nb\/wp-json\/wp\/v2\/product"}],"about":[{"href":"https:\/\/fredfloris.eu\/nb\/wp-json\/wp\/v2\/types\/product"}],"version-history":[{"count":14,"href":"https:\/\/fredfloris.eu\/nb\/wp-json\/wp\/v2\/product\/5185\/revisions"}],"predecessor-version":[{"id":11542,"href":"https:\/\/fredfloris.eu\/nb\/wp-json\/wp\/v2\/product\/5185\/revisions\/11542"}],"wp:featuredmedia":[{"embeddable":true,"href":"https:\/\/fredfloris.eu\/nb\/wp-json\/wp\/v2\/media\/3329"}],"wp:attachment":[{"href":"https:\/\/fredfloris.eu\/nb\/wp-json\/wp\/v2\/media?parent=5185"}],"wp:term":[{"taxonomy":"pwb-brand","embeddable":true,"href":"https:\/\/fredfloris.eu\/nb\/wp-json\/wp\/v2\/pwb-brand?post=5185"},{"taxonomy":"product_brand","embeddable":true,"href":"https:\/\/fredfloris.eu\/nb\/wp-json\/wp\/v2\/product_brand?post=5185"},{"taxonomy":"product_cat","embeddable":true,"href":"https:\/\/fredfloris.eu\/nb\/wp-json\/wp\/v2\/product_cat?post=5185"},{"taxonomy":"product_tag","embeddable":true,"href":"https:\/\/fredfloris.eu\/nb\/wp-json\/wp\/v2\/product_tag?post=5185"},{"taxonomy":"woo-feed-brand","embeddable":true,"href":"https:\/\/fredfloris.eu\/nb\/wp-json\/wp\/v2\/woo-feed-brand?post=5185"}],"curies":[{"name":"wp","href":"https:\/\/api.w.org\/{rel}","templated":true}]}}