{"id":5267,"date":"2022-05-17T22:19:26","date_gmt":"2022-05-17T20:19:26","guid":{"rendered":"https:\/\/fredfloris.eu\/?post_type=product&#038;p=5267"},"modified":"2024-07-23T20:24:25","modified_gmt":"2024-07-23T18:24:25","slug":"baby-blue-leaf-pearl-earring","status":"publish","type":"product","link":"https:\/\/fredfloris.eu\/nb\/productpage\/baby-blue-leaf-pearl-earring\/","title":{"rendered":"Baby Blue - Tiny Leaf Swarovski perle\u00f8reringer med \u00f8restikker"},"content":{"rendered":"<p><strong>Vi presenterer v\u00e5re Swarovski perle\u00f8reringer, som er omsluttet av gylne blader for et snev av tidl\u00f8s eleganse.<\/strong> Disse delikate \u00f8restikkene har en Swarovski-perle plassert i en buet gren av gylne blader, som minner om gryningen av en ny dag. Kombinasjonen av perle og gull minner om en klassisk Hollywood-stil og tilf\u00f8rer et lag av intriger til ethvert antrekk.<\/p>\n<p><strong>Tilgjengelige alternativer:<\/strong> Utf\u00f8rt i 925 sterlings\u00f8lv med 24K gullbelegg.<\/p>\n<p><strong>Swarovski Perler:<\/strong> Disse perlene er uts\u00f8kte kopier av naturperler, og gir en feilfri glans til en br\u00f8kdel av prisen. Swarovski-perlene er designet for \u00e5 beholde sin glans og skj\u00f8nnhet uansett hvor ofte de brukes, og er et bevis p\u00e5 varig eleganse.<\/p>\n<p><strong>En gjennomtenkt gaveid\u00e9:<\/strong> Perler er tradisjonelt sett en gave til 30-\u00e5rs bryllupsdag, noe som gj\u00f8r disse \u00f8redobbene til et gjennomtenkt og luksuri\u00f8st valg. De er ogs\u00e5 perfekte til bursdager i juni, der perler er f\u00f8dselssteinen, og viser at du bryr deg om den du er glad i.<\/p>\n<p><strong>Allergivennlig:<\/strong> Det gullbelagte s\u00f8lvet i disse sm\u00e5 \u00f8restikkene er fri for nikkel, noe som sikrer at de ikke anl\u00f8per eller irriterer huden. Den sikre l\u00e5sen holder \u00f8redobbene komfortabelt p\u00e5 plass hele dagen.<\/p>\n<p><strong>Smykkepleie:<\/strong> For \u00e5 bevare \u00f8redobbene i perfekt stand b\u00f8r du oppbevare dem i en myk boks eller pose adskilt fra andre smykker. Unng\u00e5 eksponering for kjemikalier for \u00e5 unng\u00e5 skader. Pletteringen, enten det er platina eller gull, er \u00f8mfintlig og vil, som all plettering, falme over tid. Begrens kontakt med kjemikalier og hud for \u00e5 forlenge pletteringens levetid.<\/p>\n<p>&nbsp;<\/p>\n<p>S\u00f8keord: Sm\u00e5 perle\u00f8reringer, \u00d8redobber i s\u00f8lv<\/p>","protected":false},"excerpt":{"rendered":"<p><strong>PRODUKTDIMENSJONER <\/strong>Produktvekt: 1,25 g (par) H\u00f8yde: 10,50 mm, Bredde: 6,70 mm. 24K gullbelagt 925 sterlings\u00f8lv - 0,4 \u00b5m. \u00d8redobbstopperen har silikon innvendig. SKU: bab\/ear\/gol\/pea Merkevare: FredFloris &amp; Partner<\/p>\n<pre><\/pre>\n<p>V\u00e5r erfarne samarbeidspartner i Polen lager \u00f8redobber. Vi bruker 0,4 \u00b5m tykt s\u00f8lvbelagt s\u00f8lv, da det ikke gj\u00f8r smykkene m\u00f8rke eller matte. Produktet er noe motstandsdyktig mot misfarging, men f\u00f8lg v\u00e5re pleieanvisninger for \u00e5 forlenge levetiden til ditt nye smykke.<\/p>","protected":false},"featured_media":4802,"template":"","meta":[],"pwb-brand":[204],"product_brand":[],"product_cat":[113,101,114],"product_tag":[174,163,164,135,195],"woo-feed-brand":[],"class_list":{"0":"post-5267","1":"product","2":"type-product","3":"status-publish","4":"has-post-thumbnail","6":"pwb-brand-fredfloris-partner","7":"product_cat-earrings","8":"product_cat-jewelry","9":"product_cat-stud-earrings","10":"product_tag-back-stopper","11":"product_tag-gold","12":"product_tag-silver","13":"product_tag-stocked","14":"product_tag-swarovski","15":"product_shipping_class-small-goods","17":"first","18":"instock","19":"taxable","20":"shipping-taxable","21":"purchasable","22":"product-type-simple"},"yoast_head":"<!-- This site is optimized with the Yoast SEO plugin v27.2 - https:\/\/yoast.com\/product\/yoast-seo-wordpress\/ -->\n<title>Baby Blue - Tiny Leaf Swarovski Pearl Earrings Studs | FredFloris<\/title>\n<meta name=\"description\" content=\"Leaf Swarovski small stud pearl earring, 24K Gold Plated 925 Sterling Silver. They feature a delicate leaf design alongside shining pearls.\" \/>\n<meta name=\"robots\" content=\"index, follow, max-snippet:-1, max-image-preview:large, max-video-preview:-1\" \/>\n<link rel=\"canonical\" href=\"https:\/\/fredfloris.eu\/nb\/productpage\/baby-blue-leaf-pearl-earring\/?wmc-currency=NOK\" \/>\n<meta property=\"og:locale\" content=\"nb_NO\" \/>\n<meta property=\"og:type\" content=\"article\" \/>\n<meta property=\"og:title\" content=\"Baby Blue - Tiny Leaf Swarovski Pearl Earrings Studs | FredFloris\" \/>\n<meta property=\"og:description\" content=\"Leaf Swarovski small stud pearl earring, 24K Gold Plated 925 Sterling Silver. They feature a delicate leaf design alongside shining pearls.\" \/>\n<meta property=\"og:url\" content=\"https:\/\/fredfloris.eu\/nb\/productpage\/baby-blue-leaf-pearl-earring\/?wmc-currency=NOK\" \/>\n<meta property=\"og:site_name\" content=\"FredFloris\" \/>\n<meta property=\"article:publisher\" content=\"https:\/\/www.facebook.com\/FredFloris.Artisan.Studio\/\" \/>\n<meta property=\"article:modified_time\" content=\"2024-07-23T18:24:25+00:00\" \/>\n<meta property=\"og:image\" content=\"https:\/\/fredfloris.eu\/wp-content\/uploads\/2022\/05\/IMG_0776-scaled.jpg\" \/>\n\t<meta property=\"og:image:width\" content=\"2560\" \/>\n\t<meta property=\"og:image:height\" content=\"1707\" \/>\n\t<meta property=\"og:image:type\" content=\"image\/jpeg\" \/>\n<meta name=\"twitter:card\" content=\"summary_large_image\" \/>\n<meta name=\"twitter:site\" content=\"@_fredfloris_\" \/>\n<meta name=\"twitter:label1\" content=\"Ansl. lesetid\" \/>\n\t<meta name=\"twitter:data1\" content=\"2 minutter\" \/>\n<script type=\"application\/ld+json\" class=\"yoast-schema-graph\">{\"@context\":\"https:\/\/schema.org\",\"@graph\":[{\"@type\":\"WebPage\",\"@id\":\"https:\/\/fredfloris.eu\/productpage\/baby-blue-leaf-pearl-earring\/\",\"url\":\"https:\/\/fredfloris.eu\/productpage\/baby-blue-leaf-pearl-earring\/\",\"name\":\"Baby Blue - Tiny Leaf Swarovski Pearl Earrings Studs | FredFloris\",\"isPartOf\":{\"@id\":\"https:\/\/fredfloris.eu\/#website\"},\"primaryImageOfPage\":{\"@id\":\"https:\/\/fredfloris.eu\/productpage\/baby-blue-leaf-pearl-earring\/#primaryimage\"},\"image\":{\"@id\":\"https:\/\/fredfloris.eu\/productpage\/baby-blue-leaf-pearl-earring\/#primaryimage\"},\"thumbnailUrl\":\"https:\/\/fredfloris.eu\/wp-content\/uploads\/2022\/05\/IMG_0776-scaled.jpg\",\"datePublished\":\"2022-05-17T20:19:26+00:00\",\"dateModified\":\"2024-07-23T18:24:25+00:00\",\"description\":\"Leaf Swarovski small stud pearl earring, 24K Gold Plated 925 Sterling Silver. They feature a delicate leaf design alongside shining pearls.\",\"breadcrumb\":{\"@id\":\"https:\/\/fredfloris.eu\/productpage\/baby-blue-leaf-pearl-earring\/#breadcrumb\"},\"inLanguage\":\"nb-NO\",\"potentialAction\":[{\"@type\":\"ReadAction\",\"target\":[\"https:\/\/fredfloris.eu\/productpage\/baby-blue-leaf-pearl-earring\/\"]}]},{\"@type\":\"ImageObject\",\"inLanguage\":\"nb-NO\",\"@id\":\"https:\/\/fredfloris.eu\/productpage\/baby-blue-leaf-pearl-earring\/#primaryimage\",\"url\":\"https:\/\/fredfloris.eu\/wp-content\/uploads\/2022\/05\/IMG_0776-scaled.jpg\",\"contentUrl\":\"https:\/\/fredfloris.eu\/wp-content\/uploads\/2022\/05\/IMG_0776-scaled.jpg\",\"width\":2560,\"height\":1707,\"caption\":\"Product: Pearl Earrings Studs \u2013 Gold Plated Silver\"},{\"@type\":\"BreadcrumbList\",\"@id\":\"https:\/\/fredfloris.eu\/productpage\/baby-blue-leaf-pearl-earring\/#breadcrumb\",\"itemListElement\":[{\"@type\":\"ListItem\",\"position\":1,\"name\":\"Home\",\"item\":\"https:\/\/fredfloris.eu\/\"},{\"@type\":\"ListItem\",\"position\":2,\"name\":\"Shop\",\"item\":\"https:\/\/fredfloris.eu\/shop\/\"},{\"@type\":\"ListItem\",\"position\":3,\"name\":\"Baby Blue &#8211; Tiny Leaf Swarovski Pearl Earrings Studs\"}]},{\"@type\":\"WebSite\",\"@id\":\"https:\/\/fredfloris.eu\/#website\",\"url\":\"https:\/\/fredfloris.eu\/\",\"name\":\"FredFloris\",\"description\":\"Handcrafted Leathergoods - Made in Sweden\",\"publisher\":{\"@id\":\"https:\/\/fredfloris.eu\/#organization\"},\"potentialAction\":[{\"@type\":\"SearchAction\",\"target\":{\"@type\":\"EntryPoint\",\"urlTemplate\":\"https:\/\/fredfloris.eu\/?s={search_term_string}\"},\"query-input\":{\"@type\":\"PropertyValueSpecification\",\"valueRequired\":true,\"valueName\":\"search_term_string\"}}],\"inLanguage\":\"nb-NO\"},{\"@type\":\"Organization\",\"@id\":\"https:\/\/fredfloris.eu\/#organization\",\"name\":\"FredFloris\",\"url\":\"https:\/\/fredfloris.eu\/\",\"logo\":{\"@type\":\"ImageObject\",\"inLanguage\":\"nb-NO\",\"@id\":\"https:\/\/fredfloris.eu\/#\/schema\/logo\/image\/\",\"url\":\"https:\/\/fredfloris.eu\/wp-content\/uploads\/2022\/03\/FredFloris-med-hel-nal-och-text.png\",\"contentUrl\":\"https:\/\/fredfloris.eu\/wp-content\/uploads\/2022\/03\/FredFloris-med-hel-nal-och-text.png\",\"width\":591,\"height\":283,\"caption\":\"FredFloris\"},\"image\":{\"@id\":\"https:\/\/fredfloris.eu\/#\/schema\/logo\/image\/\"},\"sameAs\":[\"https:\/\/www.facebook.com\/FredFloris.Artisan.Studio\/\",\"https:\/\/x.com\/_fredfloris_\",\"https:\/\/www.instagram.com\/fredfloris.artisan.studio\/\"]}]}<\/script>\n<!-- \/ Yoast SEO plugin. -->","yoast_head_json":{"title":"Baby Blue - Tiny Leaf Swarovski perle\u00f8reringer med \u00f8restikker | FredFloris","description":"Leaf Swarovski liten perle\u00f8rering, 24K gullbelagt 925 sterlings\u00f8lv. De har et delikat bladdesign sammen med skinnende perler.","robots":{"index":"index","follow":"follow","max-snippet":"max-snippet:-1","max-image-preview":"max-image-preview:large","max-video-preview":"max-video-preview:-1"},"canonical":"https:\/\/fredfloris.eu\/nb\/productpage\/baby-blue-leaf-pearl-earring\/?wmc-currency=NOK","og_locale":"nb_NO","og_type":"article","og_title":"Baby Blue - Tiny Leaf Swarovski Pearl Earrings Studs | FredFloris","og_description":"Leaf Swarovski small stud pearl earring, 24K Gold Plated 925 Sterling Silver. They feature a delicate leaf design alongside shining pearls.","og_url":"https:\/\/fredfloris.eu\/nb\/productpage\/baby-blue-leaf-pearl-earring\/?wmc-currency=NOK","og_site_name":"FredFloris","article_publisher":"https:\/\/www.facebook.com\/FredFloris.Artisan.Studio\/","article_modified_time":"2024-07-23T18:24:25+00:00","og_image":[{"width":2560,"height":1707,"url":"https:\/\/fredfloris.eu\/wp-content\/uploads\/2022\/05\/IMG_0776-scaled.jpg","type":"image\/jpeg"}],"twitter_card":"summary_large_image","twitter_site":"@_fredfloris_","twitter_misc":{"Ansl. lesetid":"2 minutter"},"schema":{"@context":"https:\/\/schema.org","@graph":[{"@type":"WebPage","@id":"https:\/\/fredfloris.eu\/productpage\/baby-blue-leaf-pearl-earring\/","url":"https:\/\/fredfloris.eu\/productpage\/baby-blue-leaf-pearl-earring\/","name":"Baby Blue - Tiny Leaf Swarovski perle\u00f8reringer med \u00f8restikker | FredFloris","isPartOf":{"@id":"https:\/\/fredfloris.eu\/#website"},"primaryImageOfPage":{"@id":"https:\/\/fredfloris.eu\/productpage\/baby-blue-leaf-pearl-earring\/#primaryimage"},"image":{"@id":"https:\/\/fredfloris.eu\/productpage\/baby-blue-leaf-pearl-earring\/#primaryimage"},"thumbnailUrl":"https:\/\/fredfloris.eu\/wp-content\/uploads\/2022\/05\/IMG_0776-scaled.jpg","datePublished":"2022-05-17T20:19:26+00:00","dateModified":"2024-07-23T18:24:25+00:00","description":"Leaf Swarovski liten perle\u00f8rering, 24K gullbelagt 925 sterlings\u00f8lv. De har et delikat bladdesign sammen med skinnende perler.","breadcrumb":{"@id":"https:\/\/fredfloris.eu\/productpage\/baby-blue-leaf-pearl-earring\/#breadcrumb"},"inLanguage":"nb-NO","potentialAction":[{"@type":"ReadAction","target":["https:\/\/fredfloris.eu\/productpage\/baby-blue-leaf-pearl-earring\/"]}]},{"@type":"ImageObject","inLanguage":"nb-NO","@id":"https:\/\/fredfloris.eu\/productpage\/baby-blue-leaf-pearl-earring\/#primaryimage","url":"https:\/\/fredfloris.eu\/wp-content\/uploads\/2022\/05\/IMG_0776-scaled.jpg","contentUrl":"https:\/\/fredfloris.eu\/wp-content\/uploads\/2022\/05\/IMG_0776-scaled.jpg","width":2560,"height":1707,"caption":"Product: Pearl Earrings Studs \u2013 Gold Plated Silver"},{"@type":"BreadcrumbList","@id":"https:\/\/fredfloris.eu\/productpage\/baby-blue-leaf-pearl-earring\/#breadcrumb","itemListElement":[{"@type":"ListItem","position":1,"name":"Home","item":"https:\/\/fredfloris.eu\/"},{"@type":"ListItem","position":2,"name":"Shop","item":"https:\/\/fredfloris.eu\/shop\/"},{"@type":"ListItem","position":3,"name":"Baby Blue &#8211; Tiny Leaf Swarovski Pearl Earrings Studs"}]},{"@type":"WebSite","@id":"https:\/\/fredfloris.eu\/#website","url":"https:\/\/fredfloris.eu\/","name":"FredFloris","description":"H\u00e5ndlagde skinnvarer - laget i Sverige","publisher":{"@id":"https:\/\/fredfloris.eu\/#organization"},"potentialAction":[{"@type":"SearchAction","target":{"@type":"EntryPoint","urlTemplate":"https:\/\/fredfloris.eu\/?s={search_term_string}"},"query-input":{"@type":"PropertyValueSpecification","valueRequired":true,"valueName":"search_term_string"}}],"inLanguage":"nb-NO"},{"@type":"Organization","@id":"https:\/\/fredfloris.eu\/#organization","name":"FredFloris","url":"https:\/\/fredfloris.eu\/","logo":{"@type":"ImageObject","inLanguage":"nb-NO","@id":"https:\/\/fredfloris.eu\/#\/schema\/logo\/image\/","url":"https:\/\/fredfloris.eu\/wp-content\/uploads\/2022\/03\/FredFloris-med-hel-nal-och-text.png","contentUrl":"https:\/\/fredfloris.eu\/wp-content\/uploads\/2022\/03\/FredFloris-med-hel-nal-och-text.png","width":591,"height":283,"caption":"FredFloris"},"image":{"@id":"https:\/\/fredfloris.eu\/#\/schema\/logo\/image\/"},"sameAs":["https:\/\/www.facebook.com\/FredFloris.Artisan.Studio\/","https:\/\/x.com\/_fredfloris_","https:\/\/www.instagram.com\/fredfloris.artisan.studio\/"]}]}},"brands":[{"id":204,"name":"FredFloris &amp; Partner","slug":"fredfloris-partner"}],"_links":{"self":[{"href":"https:\/\/fredfloris.eu\/nb\/wp-json\/wp\/v2\/product\/5267","targetHints":{"allow":["GET"]}}],"collection":[{"href":"https:\/\/fredfloris.eu\/nb\/wp-json\/wp\/v2\/product"}],"about":[{"href":"https:\/\/fredfloris.eu\/nb\/wp-json\/wp\/v2\/types\/product"}],"version-history":[{"count":6,"href":"https:\/\/fredfloris.eu\/nb\/wp-json\/wp\/v2\/product\/5267\/revisions"}],"predecessor-version":[{"id":11588,"href":"https:\/\/fredfloris.eu\/nb\/wp-json\/wp\/v2\/product\/5267\/revisions\/11588"}],"wp:featuredmedia":[{"embeddable":true,"href":"https:\/\/fredfloris.eu\/nb\/wp-json\/wp\/v2\/media\/4802"}],"wp:attachment":[{"href":"https:\/\/fredfloris.eu\/nb\/wp-json\/wp\/v2\/media?parent=5267"}],"wp:term":[{"taxonomy":"pwb-brand","embeddable":true,"href":"https:\/\/fredfloris.eu\/nb\/wp-json\/wp\/v2\/pwb-brand?post=5267"},{"taxonomy":"product_brand","embeddable":true,"href":"https:\/\/fredfloris.eu\/nb\/wp-json\/wp\/v2\/product_brand?post=5267"},{"taxonomy":"product_cat","embeddable":true,"href":"https:\/\/fredfloris.eu\/nb\/wp-json\/wp\/v2\/product_cat?post=5267"},{"taxonomy":"product_tag","embeddable":true,"href":"https:\/\/fredfloris.eu\/nb\/wp-json\/wp\/v2\/product_tag?post=5267"},{"taxonomy":"woo-feed-brand","embeddable":true,"href":"https:\/\/fredfloris.eu\/nb\/wp-json\/wp\/v2\/woo-feed-brand?post=5267"}],"curies":[{"name":"wp","href":"https:\/\/api.w.org\/{rel}","templated":true}]}}