{"id":5282,"date":"2022-05-18T18:01:47","date_gmt":"2022-05-18T16:01:47","guid":{"rendered":"https:\/\/fredfloris.eu\/?post_type=product&#038;p=5282"},"modified":"2024-07-23T20:25:25","modified_gmt":"2024-07-23T18:25:25","slug":"round-hoop-30-mm-earrings","status":"publish","type":"product","link":"https:\/\/fredfloris.eu\/nb\/productpage\/round-hoop-30-mm-earrings\/","title":{"rendered":"H\u00f6st - \u00d8redobber med rund b\u00f8yle 30 mm"},"content":{"rendered":"<p><strong>Opplev den tidl\u00f8se appellen til v\u00e5re 30 mm creoles-\u00f8redobber.<\/strong>\u00a0B\u00f8yle\u00f8redobber har v\u00e6rt en del av moten i \u00e5rhundrer og har prydet \u00f8rene til b\u00e5de kongelige og rebeller, og de har aldri g\u00e5tt ut av stilen. Den enkle geometrien trekker oppmerksomheten mot ansiktet ditt, skaper symmetri og rammer inn trekkene dine p\u00e5 en vakker m\u00e5te. Denne stilen fremhever din tiltrekningskraft og attraktivitet, noe som gj\u00f8r den perfekt til spesielle anledninger som bryllup, fester, jobbsammenkomster og familiesammenkomster.<\/p>\n<p><strong>Tilgjengelige alternativer:<\/strong> Utf\u00f8rt i 925 sterlings\u00f8lv med mulighet for platinabelegg eller 24k gullbelegg.<\/p>\n<p><strong>Klassisk design:<\/strong> Disse \u00f8reringene er designet for \u00e5 passe til alle ansiktsformer, hudtoner og stiler, og er en god investering. Den diskrete, men likevel overd\u00e5dige designen gj\u00f8r at de passer til ethvert antrekk.<\/p>\n<p><strong>Laget for \u00e5 gi:<\/strong> Disse runde \u00f8redobbene er en utmerket gave til alle som setter pris p\u00e5 smykker. De passer til enhver anledning og er et gjennomtenkt og stilig valg.<\/p>\n<p><strong>Allergivennlig:<\/strong> \u00d8redobbene er fri for nikkel, noe som forebygger hudirritasjon og misfarging over tid. Den sikre l\u00e5sen holder \u00f8redobbene komfortabelt p\u00e5 plass og s\u00f8rger for at de er b\u00e5de trygge og behagelige \u00e5 ha p\u00e5.<\/p>\n<p><strong>Smykkepleie:<\/strong> For \u00e5 bevare \u00f8redobbene i perfekt stand b\u00f8r du oppbevare dem i en myk boks eller pose adskilt fra andre smykker. Unng\u00e5 eksponering for kjemikalier for \u00e5 unng\u00e5 skader. Pletteringen, enten det er platina eller gull, er \u00f8mfintlig og vil, som all plettering, falme over tid. Begrens kontakt med kjemikalier og hud for \u00e5 forlenge pletteringens levetid.<\/p>\n<p>&nbsp;<\/p>\n<p>S\u00f8keord: chunky s\u00f8lv \u00f8reringer, tykke \u00f8reringer i s\u00f8lv og gull<\/p>","protected":false},"excerpt":{"rendered":"<p><strong>PRODUKTDIMENSJONER <\/strong>Produktvekt: 4,8 g (par)<\/p>\n<p>\u00d8redobbens diameter: 30 mm. Indre hoppringdiameter: 20 mm. Tykkelse: 4 mm. Tilgjengelig i sterling s\u00f8lv\/platinbelagt\/24K gullbelagt - 0,4 \u00b5m.<\/p>\n<pre><\/pre>\n<p>V\u00e5r erfarne samarbeidspartner i Polen lager \u00f8redobber. Vi bruker 0,4 \u00b5m tykt s\u00f8lvbelagt s\u00f8lv, da det ikke gj\u00f8r smykkene m\u00f8rke eller matte. Produktet er noe motstandsdyktig mot misfarging, men f\u00f8lg v\u00e5re pleieanvisninger for \u00e5 forlenge levetiden til ditt nye smykke.<\/p>","protected":false},"featured_media":4777,"template":"","meta":[],"pwb-brand":[204],"product_brand":[],"product_cat":[113,116,101],"product_tag":[163,165,164,135],"woo-feed-brand":[],"class_list":{"0":"post-5282","1":"product","2":"type-product","3":"status-publish","4":"has-post-thumbnail","6":"pwb-brand-fredfloris-partner","7":"product_cat-earrings","8":"product_cat-hoop-earrings","9":"product_cat-jewelry","10":"product_tag-gold","11":"product_tag-platinum","12":"product_tag-silver","13":"product_tag-stocked","14":"product_shipping_class-small-goods","15":"pa_hoops-30-mm-ag-925-24k-gold-plated-04-m","16":"pa_hoops-30-mm-ag-925-platinum-plated-04-m","18":"first","19":"instock","20":"taxable","21":"shipping-taxable","22":"purchasable","23":"product-type-variable"},"yoast_head":"<!-- This site is optimized with the Yoast SEO plugin v27.2 - https:\/\/yoast.com\/product\/yoast-seo-wordpress\/ -->\n<title>Thick &amp; Chunky Gold and Silver Hoop Earrings | FredFloris<\/title>\n<meta name=\"description\" content=\"Everyone needs a reliable pair of thick and chunky hoop earrings, available in 24k gold and platinum plated silver.\" \/>\n<meta name=\"robots\" content=\"index, follow, max-snippet:-1, max-image-preview:large, max-video-preview:-1\" \/>\n<link rel=\"canonical\" href=\"https:\/\/fredfloris.eu\/nb\/productpage\/round-hoop-30-mm-earrings\/?wmc-currency=NOK\" \/>\n<meta property=\"og:locale\" content=\"nb_NO\" \/>\n<meta property=\"og:type\" content=\"article\" \/>\n<meta property=\"og:title\" content=\"Thick &amp; Chunky Gold and Silver Hoop Earrings | FredFloris\" \/>\n<meta property=\"og:description\" content=\"Everyone needs a reliable pair of thick and chunky hoop earrings, available in 24k gold and platinum plated silver.\" \/>\n<meta property=\"og:url\" content=\"https:\/\/fredfloris.eu\/nb\/productpage\/round-hoop-30-mm-earrings\/?wmc-currency=NOK\" \/>\n<meta property=\"og:site_name\" content=\"FredFloris\" \/>\n<meta property=\"article:publisher\" content=\"https:\/\/www.facebook.com\/FredFloris.Artisan.Studio\/\" \/>\n<meta property=\"article:modified_time\" content=\"2024-07-23T18:25:25+00:00\" \/>\n<meta property=\"og:image\" content=\"https:\/\/fredfloris.eu\/wp-content\/uploads\/2022\/05\/IMG_2144-scaled.jpg\" \/>\n\t<meta property=\"og:image:width\" content=\"2560\" \/>\n\t<meta property=\"og:image:height\" content=\"1707\" \/>\n\t<meta property=\"og:image:type\" content=\"image\/jpeg\" \/>\n<meta name=\"twitter:card\" content=\"summary_large_image\" \/>\n<meta name=\"twitter:site\" content=\"@_fredfloris_\" \/>\n<meta name=\"twitter:label1\" content=\"Ansl. lesetid\" \/>\n\t<meta name=\"twitter:data1\" content=\"2 minutter\" \/>\n<script type=\"application\/ld+json\" class=\"yoast-schema-graph\">{\"@context\":\"https:\/\/schema.org\",\"@graph\":[{\"@type\":\"WebPage\",\"@id\":\"https:\/\/fredfloris.eu\/productpage\/round-hoop-30-mm-earrings\/\",\"url\":\"https:\/\/fredfloris.eu\/productpage\/round-hoop-30-mm-earrings\/\",\"name\":\"Thick & Chunky Gold and Silver Hoop Earrings | FredFloris\",\"isPartOf\":{\"@id\":\"https:\/\/fredfloris.eu\/#website\"},\"primaryImageOfPage\":{\"@id\":\"https:\/\/fredfloris.eu\/productpage\/round-hoop-30-mm-earrings\/#primaryimage\"},\"image\":{\"@id\":\"https:\/\/fredfloris.eu\/productpage\/round-hoop-30-mm-earrings\/#primaryimage\"},\"thumbnailUrl\":\"https:\/\/fredfloris.eu\/wp-content\/uploads\/2022\/05\/IMG_2144-scaled-e1740244857277.jpg\",\"datePublished\":\"2022-05-18T16:01:47+00:00\",\"dateModified\":\"2024-07-23T18:25:25+00:00\",\"description\":\"Everyone needs a reliable pair of thick and chunky hoop earrings, available in 24k gold and platinum plated silver.\",\"breadcrumb\":{\"@id\":\"https:\/\/fredfloris.eu\/productpage\/round-hoop-30-mm-earrings\/#breadcrumb\"},\"inLanguage\":\"nb-NO\",\"potentialAction\":[{\"@type\":\"ReadAction\",\"target\":[\"https:\/\/fredfloris.eu\/productpage\/round-hoop-30-mm-earrings\/\"]}]},{\"@type\":\"ImageObject\",\"inLanguage\":\"nb-NO\",\"@id\":\"https:\/\/fredfloris.eu\/productpage\/round-hoop-30-mm-earrings\/#primaryimage\",\"url\":\"https:\/\/fredfloris.eu\/wp-content\/uploads\/2022\/05\/IMG_2144-scaled-e1740244857277.jpg\",\"contentUrl\":\"https:\/\/fredfloris.eu\/wp-content\/uploads\/2022\/05\/IMG_2144-scaled-e1740244857277.jpg\",\"width\":1650,\"height\":1100,\"caption\":\"Product: Round Hoop 30 mm \u2013 Gold and Platinum Plated Silver\"},{\"@type\":\"BreadcrumbList\",\"@id\":\"https:\/\/fredfloris.eu\/productpage\/round-hoop-30-mm-earrings\/#breadcrumb\",\"itemListElement\":[{\"@type\":\"ListItem\",\"position\":1,\"name\":\"Home\",\"item\":\"https:\/\/fredfloris.eu\/\"},{\"@type\":\"ListItem\",\"position\":2,\"name\":\"Shop\",\"item\":\"https:\/\/fredfloris.eu\/shop\/\"},{\"@type\":\"ListItem\",\"position\":3,\"name\":\"H\u00f6st &#8211; Round Hoop 30 mm Earrings\"}]},{\"@type\":\"WebSite\",\"@id\":\"https:\/\/fredfloris.eu\/#website\",\"url\":\"https:\/\/fredfloris.eu\/\",\"name\":\"FredFloris\",\"description\":\"Handcrafted Leathergoods - Made in Sweden\",\"publisher\":{\"@id\":\"https:\/\/fredfloris.eu\/#organization\"},\"potentialAction\":[{\"@type\":\"SearchAction\",\"target\":{\"@type\":\"EntryPoint\",\"urlTemplate\":\"https:\/\/fredfloris.eu\/?s={search_term_string}\"},\"query-input\":{\"@type\":\"PropertyValueSpecification\",\"valueRequired\":true,\"valueName\":\"search_term_string\"}}],\"inLanguage\":\"nb-NO\"},{\"@type\":\"Organization\",\"@id\":\"https:\/\/fredfloris.eu\/#organization\",\"name\":\"FredFloris\",\"url\":\"https:\/\/fredfloris.eu\/\",\"logo\":{\"@type\":\"ImageObject\",\"inLanguage\":\"nb-NO\",\"@id\":\"https:\/\/fredfloris.eu\/#\/schema\/logo\/image\/\",\"url\":\"https:\/\/fredfloris.eu\/wp-content\/uploads\/2022\/03\/FredFloris-med-hel-nal-och-text.png\",\"contentUrl\":\"https:\/\/fredfloris.eu\/wp-content\/uploads\/2022\/03\/FredFloris-med-hel-nal-och-text.png\",\"width\":591,\"height\":283,\"caption\":\"FredFloris\"},\"image\":{\"@id\":\"https:\/\/fredfloris.eu\/#\/schema\/logo\/image\/\"},\"sameAs\":[\"https:\/\/www.facebook.com\/FredFloris.Artisan.Studio\/\",\"https:\/\/x.com\/_fredfloris_\",\"https:\/\/www.instagram.com\/fredfloris.artisan.studio\/\"]}]}<\/script>\n<!-- \/ Yoast SEO plugin. -->","yoast_head_json":{"title":"Tykke og tykke hoop-\u00f8reringer i gull og s\u00f8lv | FredFloris","description":"Alle trenger et par p\u00e5litelige, tykke og kraftige \u00f8redobber, som f\u00e5s i 24k gull og platinabelagt s\u00f8lv.","robots":{"index":"index","follow":"follow","max-snippet":"max-snippet:-1","max-image-preview":"max-image-preview:large","max-video-preview":"max-video-preview:-1"},"canonical":"https:\/\/fredfloris.eu\/nb\/productpage\/round-hoop-30-mm-earrings\/?wmc-currency=NOK","og_locale":"nb_NO","og_type":"article","og_title":"Thick & Chunky Gold and Silver Hoop Earrings | FredFloris","og_description":"Everyone needs a reliable pair of thick and chunky hoop earrings, available in 24k gold and platinum plated silver.","og_url":"https:\/\/fredfloris.eu\/nb\/productpage\/round-hoop-30-mm-earrings\/?wmc-currency=NOK","og_site_name":"FredFloris","article_publisher":"https:\/\/www.facebook.com\/FredFloris.Artisan.Studio\/","article_modified_time":"2024-07-23T18:25:25+00:00","og_image":[{"width":2560,"height":1707,"url":"https:\/\/fredfloris.eu\/wp-content\/uploads\/2022\/05\/IMG_2144-scaled.jpg","type":"image\/jpeg"}],"twitter_card":"summary_large_image","twitter_site":"@_fredfloris_","twitter_misc":{"Ansl. lesetid":"2 minutter"},"schema":{"@context":"https:\/\/schema.org","@graph":[{"@type":"WebPage","@id":"https:\/\/fredfloris.eu\/productpage\/round-hoop-30-mm-earrings\/","url":"https:\/\/fredfloris.eu\/productpage\/round-hoop-30-mm-earrings\/","name":"Tykke og tykke hoop-\u00f8reringer i gull og s\u00f8lv | FredFloris","isPartOf":{"@id":"https:\/\/fredfloris.eu\/#website"},"primaryImageOfPage":{"@id":"https:\/\/fredfloris.eu\/productpage\/round-hoop-30-mm-earrings\/#primaryimage"},"image":{"@id":"https:\/\/fredfloris.eu\/productpage\/round-hoop-30-mm-earrings\/#primaryimage"},"thumbnailUrl":"https:\/\/fredfloris.eu\/wp-content\/uploads\/2022\/05\/IMG_2144-scaled-e1740244857277.jpg","datePublished":"2022-05-18T16:01:47+00:00","dateModified":"2024-07-23T18:25:25+00:00","description":"Alle trenger et par p\u00e5litelige, tykke og kraftige \u00f8redobber, som f\u00e5s i 24k gull og platinabelagt s\u00f8lv.","breadcrumb":{"@id":"https:\/\/fredfloris.eu\/productpage\/round-hoop-30-mm-earrings\/#breadcrumb"},"inLanguage":"nb-NO","potentialAction":[{"@type":"ReadAction","target":["https:\/\/fredfloris.eu\/productpage\/round-hoop-30-mm-earrings\/"]}]},{"@type":"ImageObject","inLanguage":"nb-NO","@id":"https:\/\/fredfloris.eu\/productpage\/round-hoop-30-mm-earrings\/#primaryimage","url":"https:\/\/fredfloris.eu\/wp-content\/uploads\/2022\/05\/IMG_2144-scaled-e1740244857277.jpg","contentUrl":"https:\/\/fredfloris.eu\/wp-content\/uploads\/2022\/05\/IMG_2144-scaled-e1740244857277.jpg","width":1650,"height":1100,"caption":"Product: Round Hoop 30 mm \u2013 Gold and Platinum Plated Silver"},{"@type":"BreadcrumbList","@id":"https:\/\/fredfloris.eu\/productpage\/round-hoop-30-mm-earrings\/#breadcrumb","itemListElement":[{"@type":"ListItem","position":1,"name":"Home","item":"https:\/\/fredfloris.eu\/"},{"@type":"ListItem","position":2,"name":"Shop","item":"https:\/\/fredfloris.eu\/shop\/"},{"@type":"ListItem","position":3,"name":"H\u00f6st &#8211; Round Hoop 30 mm Earrings"}]},{"@type":"WebSite","@id":"https:\/\/fredfloris.eu\/#website","url":"https:\/\/fredfloris.eu\/","name":"FredFloris","description":"H\u00e5ndlagde skinnvarer - laget i Sverige","publisher":{"@id":"https:\/\/fredfloris.eu\/#organization"},"potentialAction":[{"@type":"SearchAction","target":{"@type":"EntryPoint","urlTemplate":"https:\/\/fredfloris.eu\/?s={search_term_string}"},"query-input":{"@type":"PropertyValueSpecification","valueRequired":true,"valueName":"search_term_string"}}],"inLanguage":"nb-NO"},{"@type":"Organization","@id":"https:\/\/fredfloris.eu\/#organization","name":"FredFloris","url":"https:\/\/fredfloris.eu\/","logo":{"@type":"ImageObject","inLanguage":"nb-NO","@id":"https:\/\/fredfloris.eu\/#\/schema\/logo\/image\/","url":"https:\/\/fredfloris.eu\/wp-content\/uploads\/2022\/03\/FredFloris-med-hel-nal-och-text.png","contentUrl":"https:\/\/fredfloris.eu\/wp-content\/uploads\/2022\/03\/FredFloris-med-hel-nal-och-text.png","width":591,"height":283,"caption":"FredFloris"},"image":{"@id":"https:\/\/fredfloris.eu\/#\/schema\/logo\/image\/"},"sameAs":["https:\/\/www.facebook.com\/FredFloris.Artisan.Studio\/","https:\/\/x.com\/_fredfloris_","https:\/\/www.instagram.com\/fredfloris.artisan.studio\/"]}]}},"brands":[{"id":204,"name":"FredFloris &amp; Partner","slug":"fredfloris-partner"}],"_links":{"self":[{"href":"https:\/\/fredfloris.eu\/nb\/wp-json\/wp\/v2\/product\/5282","targetHints":{"allow":["GET"]}}],"collection":[{"href":"https:\/\/fredfloris.eu\/nb\/wp-json\/wp\/v2\/product"}],"about":[{"href":"https:\/\/fredfloris.eu\/nb\/wp-json\/wp\/v2\/types\/product"}],"version-history":[{"count":8,"href":"https:\/\/fredfloris.eu\/nb\/wp-json\/wp\/v2\/product\/5282\/revisions"}],"predecessor-version":[{"id":11587,"href":"https:\/\/fredfloris.eu\/nb\/wp-json\/wp\/v2\/product\/5282\/revisions\/11587"}],"wp:featuredmedia":[{"embeddable":true,"href":"https:\/\/fredfloris.eu\/nb\/wp-json\/wp\/v2\/media\/4777"}],"wp:attachment":[{"href":"https:\/\/fredfloris.eu\/nb\/wp-json\/wp\/v2\/media?parent=5282"}],"wp:term":[{"taxonomy":"pwb-brand","embeddable":true,"href":"https:\/\/fredfloris.eu\/nb\/wp-json\/wp\/v2\/pwb-brand?post=5282"},{"taxonomy":"product_brand","embeddable":true,"href":"https:\/\/fredfloris.eu\/nb\/wp-json\/wp\/v2\/product_brand?post=5282"},{"taxonomy":"product_cat","embeddable":true,"href":"https:\/\/fredfloris.eu\/nb\/wp-json\/wp\/v2\/product_cat?post=5282"},{"taxonomy":"product_tag","embeddable":true,"href":"https:\/\/fredfloris.eu\/nb\/wp-json\/wp\/v2\/product_tag?post=5282"},{"taxonomy":"woo-feed-brand","embeddable":true,"href":"https:\/\/fredfloris.eu\/nb\/wp-json\/wp\/v2\/woo-feed-brand?post=5282"}],"curies":[{"name":"wp","href":"https:\/\/api.w.org\/{rel}","templated":true}]}}