{"id":5340,"date":"2022-05-18T20:01:13","date_gmt":"2022-05-18T18:01:13","guid":{"rendered":"https:\/\/fredfloris.eu\/?post_type=product&#038;p=5340"},"modified":"2024-07-23T20:29:23","modified_gmt":"2024-07-23T18:29:23","slug":"bermuda-blue-swarovski-earrings","status":"publish","type":"product","link":"https:\/\/fredfloris.eu\/nb\/productpage\/bermuda-blue-swarovski-earrings\/","title":{"rendered":"Bermuda Blue - \u00d8redobber med spak Swarovski krystall\u00f8reringer"},"content":{"rendered":"<p><strong>Opplev de forlokkende Bermuda Blue-\u00f8reringene v\u00e5re, inspirert av Bermudahavets dype og mystiske vann.<\/strong> Disse elegante smykkene er dristige og vakre og gir et feminint preg til ethvert antrekk. Den pilformede spakst\u00f8tten holder krystallen sikkert p\u00e5 plass og trekker oppmerksomheten mot de blendende Swarovski-krystallene. Bakstykket er tilgjengelig med enten platina- eller gullbelegg, og blir bredere inn mot krystallen, noe som fremhever Swarovski-krystallens signaturglans.<\/p>\n<p><strong>Uanstrengt stilig:<\/strong> \u00d8redobbene utstr\u00e5ler raffinement og klasse, noe som gj\u00f8r dem perfekte til b\u00e5de fest, kveld og hverdag.<\/p>\n<p><strong>Swarovski Krystaller:<\/strong> Swarovski-krystallene er valgt ut p\u00e5 grunn av sin tidl\u00f8se design og passer til alle hudtoner og ansiktsformer. Krystallene er slipt med stor ekspertise for \u00e5 fange opp og reflektere lyset, og s\u00f8rger for at b\u00e6reren blendes fra alle vinkler. Laget i Wattens i \u00d8sterrike.<\/p>\n<p><strong>Perfekt som gave:<\/strong> Disse uts\u00f8kte \u00f8redobbene er en kj\u00e6rkommen gave til enhver smykkeentusiast. De er ideelle som bryllupsgave og kan ogs\u00e5 fungere som den perfekte \"noe bl\u00e5tt\" til bruden.<\/p>\n<p><strong>Allergivennlig:<\/strong> Spakst\u00f8tten er laget av nikkelfritt sterlings\u00f8lv, noe som forhindrer hudirritasjon og anl\u00f8ping. Denne designen holder \u00f8redobbene sikkert p\u00e5 plass samtidig som den er behagelig \u00e5 b\u00e6re.<\/p>\n<p><strong>Smykkepleie:<\/strong> For \u00e5 bevare \u00f8redobbene i perfekt stand b\u00f8r du oppbevare dem i en myk boks eller pose adskilt fra andre smykker. Unng\u00e5 eksponering for kjemikalier for \u00e5 unng\u00e5 skader. Pletteringen, enten det er platina eller gull, er \u00f8mfintlig og vil, som all plettering, falme over tid. Begrens kontakt med kjemikalier og hud for \u00e5 forlenge pletteringens levetid.<\/p>\n<p>&nbsp;<\/p>\n<p>S\u00f8keord: \u00d8redobber i krystall fra Swarovski, \u00d8redobber i gullkrystall, \u00d8redobber i s\u00f8lvkrystall<\/p>","protected":false},"excerpt":{"rendered":"<p><strong>PRODUKTDIMENSJONER <\/strong>Produktvekt: 6 g (par)<\/p>\n<p>Krystallst\u00f8rrelse: 24 mm. Spakryggh\u00f8yde: 18 mm, bredde: 11,80 mm.<\/p>\n<p>Tilgjengelig i 925 sterlings\u00f8lv\/platinbelagt\/24K gullbelagt - 0,4 \u00b5m.<\/p>\n<pre><\/pre>\n<p>V\u00e5r erfarne samarbeidspartner i Polen lager \u00f8redobber. Vi bruker 0,4 \u00b5m tykt s\u00f8lvbelagt s\u00f8lv, da det ikke gj\u00f8r smykkene m\u00f8rke eller matte. Produktet er noe motstandsdyktig mot misfarging, men f\u00f8lg v\u00e5re pleieanvisninger for \u00e5 forlenge levetiden til ditt nye smykke.<\/p>","protected":false},"featured_media":4880,"template":"","meta":[],"pwb-brand":[204],"product_brand":[],"product_cat":[115,113,101],"product_tag":[163,165,164,135,195],"woo-feed-brand":[],"class_list":{"0":"post-5340","1":"product","2":"type-product","3":"status-publish","4":"has-post-thumbnail","6":"pwb-brand-fredfloris-partner","7":"product_cat-drop-earrings","8":"product_cat-earrings","9":"product_cat-jewelry","10":"product_tag-gold","11":"product_tag-platinum","12":"product_tag-silver","13":"product_tag-stocked","14":"product_tag-swarovski","15":"product_shipping_class-small-goods","16":"pa_leverback-ag-925-24k-gold-plated-04-m","17":"pa_leverback-ag-925-platinum-plated-04-m","18":"pa_swarovski-crystal-swarovski-24mm-bermuda-blue","20":"first","21":"instock","22":"taxable","23":"shipping-taxable","24":"purchasable","25":"product-type-variable"},"yoast_head":"<!-- This site is optimized with the Yoast SEO plugin v27.2 - https:\/\/yoast.com\/product\/yoast-seo-wordpress\/ -->\n<title>Bermuda Blue - Leverback Crystal Earrings From Swarovski | FredFloris<\/title>\n<meta name=\"description\" content=\"Crystal earrings from Swarovski. These crystal earrings are available in 925 sterling silver with platinum plating or 24k gold plating.\" \/>\n<meta name=\"robots\" content=\"index, follow, max-snippet:-1, max-image-preview:large, max-video-preview:-1\" \/>\n<link rel=\"canonical\" href=\"https:\/\/fredfloris.eu\/nb\/productpage\/bermuda-blue-swarovski-earrings\/?wmc-currency=NOK\" \/>\n<meta property=\"og:locale\" content=\"nb_NO\" \/>\n<meta property=\"og:type\" content=\"article\" \/>\n<meta property=\"og:title\" content=\"Bermuda Blue - Leverback Crystal Earrings From Swarovski | FredFloris\" \/>\n<meta property=\"og:description\" content=\"Crystal earrings from Swarovski. These crystal earrings are available in 925 sterling silver with platinum plating or 24k gold plating.\" \/>\n<meta property=\"og:url\" content=\"https:\/\/fredfloris.eu\/nb\/productpage\/bermuda-blue-swarovski-earrings\/?wmc-currency=NOK\" \/>\n<meta property=\"og:site_name\" content=\"FredFloris\" \/>\n<meta property=\"article:publisher\" content=\"https:\/\/www.facebook.com\/FredFloris.Artisan.Studio\/\" \/>\n<meta property=\"article:modified_time\" content=\"2024-07-23T18:29:23+00:00\" \/>\n<meta property=\"og:image\" content=\"https:\/\/fredfloris.eu\/wp-content\/uploads\/2022\/05\/IMG_0725-scaled.jpg\" \/>\n\t<meta property=\"og:image:width\" content=\"2560\" \/>\n\t<meta property=\"og:image:height\" content=\"1707\" \/>\n\t<meta property=\"og:image:type\" content=\"image\/jpeg\" \/>\n<meta name=\"twitter:card\" content=\"summary_large_image\" \/>\n<meta name=\"twitter:site\" content=\"@_fredfloris_\" \/>\n<meta name=\"twitter:label1\" content=\"Ansl. lesetid\" \/>\n\t<meta name=\"twitter:data1\" content=\"2 minutter\" \/>\n<script type=\"application\/ld+json\" class=\"yoast-schema-graph\">{\"@context\":\"https:\/\/schema.org\",\"@graph\":[{\"@type\":\"WebPage\",\"@id\":\"https:\/\/fredfloris.eu\/productpage\/bermuda-blue-swarovski-earrings\/\",\"url\":\"https:\/\/fredfloris.eu\/productpage\/bermuda-blue-swarovski-earrings\/\",\"name\":\"Bermuda Blue - Leverback Crystal Earrings From Swarovski | FredFloris\",\"isPartOf\":{\"@id\":\"https:\/\/fredfloris.eu\/#website\"},\"primaryImageOfPage\":{\"@id\":\"https:\/\/fredfloris.eu\/productpage\/bermuda-blue-swarovski-earrings\/#primaryimage\"},\"image\":{\"@id\":\"https:\/\/fredfloris.eu\/productpage\/bermuda-blue-swarovski-earrings\/#primaryimage\"},\"thumbnailUrl\":\"https:\/\/fredfloris.eu\/wp-content\/uploads\/2022\/05\/IMG_0725-scaled.jpg\",\"datePublished\":\"2022-05-18T18:01:13+00:00\",\"dateModified\":\"2024-07-23T18:29:23+00:00\",\"description\":\"Crystal earrings from Swarovski. These crystal earrings are available in 925 sterling silver with platinum plating or 24k gold plating.\",\"breadcrumb\":{\"@id\":\"https:\/\/fredfloris.eu\/productpage\/bermuda-blue-swarovski-earrings\/#breadcrumb\"},\"inLanguage\":\"nb-NO\",\"potentialAction\":[{\"@type\":\"ReadAction\",\"target\":[\"https:\/\/fredfloris.eu\/productpage\/bermuda-blue-swarovski-earrings\/\"]}]},{\"@type\":\"ImageObject\",\"inLanguage\":\"nb-NO\",\"@id\":\"https:\/\/fredfloris.eu\/productpage\/bermuda-blue-swarovski-earrings\/#primaryimage\",\"url\":\"https:\/\/fredfloris.eu\/wp-content\/uploads\/2022\/05\/IMG_0725-scaled.jpg\",\"contentUrl\":\"https:\/\/fredfloris.eu\/wp-content\/uploads\/2022\/05\/IMG_0725-scaled.jpg\",\"width\":2560,\"height\":1707,\"caption\":\"Product: Bermuda Blue \u2013 Gold and Platinum Plated Silver\"},{\"@type\":\"BreadcrumbList\",\"@id\":\"https:\/\/fredfloris.eu\/productpage\/bermuda-blue-swarovski-earrings\/#breadcrumb\",\"itemListElement\":[{\"@type\":\"ListItem\",\"position\":1,\"name\":\"Home\",\"item\":\"https:\/\/fredfloris.eu\/\"},{\"@type\":\"ListItem\",\"position\":2,\"name\":\"Shop\",\"item\":\"https:\/\/fredfloris.eu\/shop\/\"},{\"@type\":\"ListItem\",\"position\":3,\"name\":\"Bermuda Blue &#8211; Leverback Swarovski Crystal Earrings\"}]},{\"@type\":\"WebSite\",\"@id\":\"https:\/\/fredfloris.eu\/#website\",\"url\":\"https:\/\/fredfloris.eu\/\",\"name\":\"FredFloris\",\"description\":\"Handcrafted Leathergoods - Made in Sweden\",\"publisher\":{\"@id\":\"https:\/\/fredfloris.eu\/#organization\"},\"potentialAction\":[{\"@type\":\"SearchAction\",\"target\":{\"@type\":\"EntryPoint\",\"urlTemplate\":\"https:\/\/fredfloris.eu\/?s={search_term_string}\"},\"query-input\":{\"@type\":\"PropertyValueSpecification\",\"valueRequired\":true,\"valueName\":\"search_term_string\"}}],\"inLanguage\":\"nb-NO\"},{\"@type\":\"Organization\",\"@id\":\"https:\/\/fredfloris.eu\/#organization\",\"name\":\"FredFloris\",\"url\":\"https:\/\/fredfloris.eu\/\",\"logo\":{\"@type\":\"ImageObject\",\"inLanguage\":\"nb-NO\",\"@id\":\"https:\/\/fredfloris.eu\/#\/schema\/logo\/image\/\",\"url\":\"https:\/\/fredfloris.eu\/wp-content\/uploads\/2022\/03\/FredFloris-med-hel-nal-och-text.png\",\"contentUrl\":\"https:\/\/fredfloris.eu\/wp-content\/uploads\/2022\/03\/FredFloris-med-hel-nal-och-text.png\",\"width\":591,\"height\":283,\"caption\":\"FredFloris\"},\"image\":{\"@id\":\"https:\/\/fredfloris.eu\/#\/schema\/logo\/image\/\"},\"sameAs\":[\"https:\/\/www.facebook.com\/FredFloris.Artisan.Studio\/\",\"https:\/\/x.com\/_fredfloris_\",\"https:\/\/www.instagram.com\/fredfloris.artisan.studio\/\"]}]}<\/script>\n<!-- \/ Yoast SEO plugin. -->","yoast_head_json":{"title":"Bermuda Blue - Krystall\u00f8reringer med spakrygg Fra Swarovski | FredFloris","description":"\u00d8redobber i krystall fra Swarovski. Disse krystall\u00f8reringene er tilgjengelige i 925 sterlings\u00f8lv med platinabelegg eller 24k gullbelegg.","robots":{"index":"index","follow":"follow","max-snippet":"max-snippet:-1","max-image-preview":"max-image-preview:large","max-video-preview":"max-video-preview:-1"},"canonical":"https:\/\/fredfloris.eu\/nb\/productpage\/bermuda-blue-swarovski-earrings\/?wmc-currency=NOK","og_locale":"nb_NO","og_type":"article","og_title":"Bermuda Blue - Leverback Crystal Earrings From Swarovski | FredFloris","og_description":"Crystal earrings from Swarovski. These crystal earrings are available in 925 sterling silver with platinum plating or 24k gold plating.","og_url":"https:\/\/fredfloris.eu\/nb\/productpage\/bermuda-blue-swarovski-earrings\/?wmc-currency=NOK","og_site_name":"FredFloris","article_publisher":"https:\/\/www.facebook.com\/FredFloris.Artisan.Studio\/","article_modified_time":"2024-07-23T18:29:23+00:00","og_image":[{"width":2560,"height":1707,"url":"https:\/\/fredfloris.eu\/wp-content\/uploads\/2022\/05\/IMG_0725-scaled.jpg","type":"image\/jpeg"}],"twitter_card":"summary_large_image","twitter_site":"@_fredfloris_","twitter_misc":{"Ansl. lesetid":"2 minutter"},"schema":{"@context":"https:\/\/schema.org","@graph":[{"@type":"WebPage","@id":"https:\/\/fredfloris.eu\/productpage\/bermuda-blue-swarovski-earrings\/","url":"https:\/\/fredfloris.eu\/productpage\/bermuda-blue-swarovski-earrings\/","name":"Bermuda Blue - Krystall\u00f8reringer med spakrygg Fra Swarovski | FredFloris","isPartOf":{"@id":"https:\/\/fredfloris.eu\/#website"},"primaryImageOfPage":{"@id":"https:\/\/fredfloris.eu\/productpage\/bermuda-blue-swarovski-earrings\/#primaryimage"},"image":{"@id":"https:\/\/fredfloris.eu\/productpage\/bermuda-blue-swarovski-earrings\/#primaryimage"},"thumbnailUrl":"https:\/\/fredfloris.eu\/wp-content\/uploads\/2022\/05\/IMG_0725-scaled.jpg","datePublished":"2022-05-18T18:01:13+00:00","dateModified":"2024-07-23T18:29:23+00:00","description":"\u00d8redobber i krystall fra Swarovski. Disse krystall\u00f8reringene er tilgjengelige i 925 sterlings\u00f8lv med platinabelegg eller 24k gullbelegg.","breadcrumb":{"@id":"https:\/\/fredfloris.eu\/productpage\/bermuda-blue-swarovski-earrings\/#breadcrumb"},"inLanguage":"nb-NO","potentialAction":[{"@type":"ReadAction","target":["https:\/\/fredfloris.eu\/productpage\/bermuda-blue-swarovski-earrings\/"]}]},{"@type":"ImageObject","inLanguage":"nb-NO","@id":"https:\/\/fredfloris.eu\/productpage\/bermuda-blue-swarovski-earrings\/#primaryimage","url":"https:\/\/fredfloris.eu\/wp-content\/uploads\/2022\/05\/IMG_0725-scaled.jpg","contentUrl":"https:\/\/fredfloris.eu\/wp-content\/uploads\/2022\/05\/IMG_0725-scaled.jpg","width":2560,"height":1707,"caption":"Product: Bermuda Blue \u2013 Gold and Platinum Plated Silver"},{"@type":"BreadcrumbList","@id":"https:\/\/fredfloris.eu\/productpage\/bermuda-blue-swarovski-earrings\/#breadcrumb","itemListElement":[{"@type":"ListItem","position":1,"name":"Home","item":"https:\/\/fredfloris.eu\/"},{"@type":"ListItem","position":2,"name":"Shop","item":"https:\/\/fredfloris.eu\/shop\/"},{"@type":"ListItem","position":3,"name":"Bermuda Blue &#8211; Leverback Swarovski Crystal Earrings"}]},{"@type":"WebSite","@id":"https:\/\/fredfloris.eu\/#website","url":"https:\/\/fredfloris.eu\/","name":"FredFloris","description":"H\u00e5ndlagde skinnvarer - laget i Sverige","publisher":{"@id":"https:\/\/fredfloris.eu\/#organization"},"potentialAction":[{"@type":"SearchAction","target":{"@type":"EntryPoint","urlTemplate":"https:\/\/fredfloris.eu\/?s={search_term_string}"},"query-input":{"@type":"PropertyValueSpecification","valueRequired":true,"valueName":"search_term_string"}}],"inLanguage":"nb-NO"},{"@type":"Organization","@id":"https:\/\/fredfloris.eu\/#organization","name":"FredFloris","url":"https:\/\/fredfloris.eu\/","logo":{"@type":"ImageObject","inLanguage":"nb-NO","@id":"https:\/\/fredfloris.eu\/#\/schema\/logo\/image\/","url":"https:\/\/fredfloris.eu\/wp-content\/uploads\/2022\/03\/FredFloris-med-hel-nal-och-text.png","contentUrl":"https:\/\/fredfloris.eu\/wp-content\/uploads\/2022\/03\/FredFloris-med-hel-nal-och-text.png","width":591,"height":283,"caption":"FredFloris"},"image":{"@id":"https:\/\/fredfloris.eu\/#\/schema\/logo\/image\/"},"sameAs":["https:\/\/www.facebook.com\/FredFloris.Artisan.Studio\/","https:\/\/x.com\/_fredfloris_","https:\/\/www.instagram.com\/fredfloris.artisan.studio\/"]}]}},"brands":[{"id":204,"name":"FredFloris &amp; Partner","slug":"fredfloris-partner"}],"_links":{"self":[{"href":"https:\/\/fredfloris.eu\/nb\/wp-json\/wp\/v2\/product\/5340","targetHints":{"allow":["GET"]}}],"collection":[{"href":"https:\/\/fredfloris.eu\/nb\/wp-json\/wp\/v2\/product"}],"about":[{"href":"https:\/\/fredfloris.eu\/nb\/wp-json\/wp\/v2\/types\/product"}],"version-history":[{"count":7,"href":"https:\/\/fredfloris.eu\/nb\/wp-json\/wp\/v2\/product\/5340\/revisions"}],"predecessor-version":[{"id":11584,"href":"https:\/\/fredfloris.eu\/nb\/wp-json\/wp\/v2\/product\/5340\/revisions\/11584"}],"wp:featuredmedia":[{"embeddable":true,"href":"https:\/\/fredfloris.eu\/nb\/wp-json\/wp\/v2\/media\/4880"}],"wp:attachment":[{"href":"https:\/\/fredfloris.eu\/nb\/wp-json\/wp\/v2\/media?parent=5340"}],"wp:term":[{"taxonomy":"pwb-brand","embeddable":true,"href":"https:\/\/fredfloris.eu\/nb\/wp-json\/wp\/v2\/pwb-brand?post=5340"},{"taxonomy":"product_brand","embeddable":true,"href":"https:\/\/fredfloris.eu\/nb\/wp-json\/wp\/v2\/product_brand?post=5340"},{"taxonomy":"product_cat","embeddable":true,"href":"https:\/\/fredfloris.eu\/nb\/wp-json\/wp\/v2\/product_cat?post=5340"},{"taxonomy":"product_tag","embeddable":true,"href":"https:\/\/fredfloris.eu\/nb\/wp-json\/wp\/v2\/product_tag?post=5340"},{"taxonomy":"woo-feed-brand","embeddable":true,"href":"https:\/\/fredfloris.eu\/nb\/wp-json\/wp\/v2\/woo-feed-brand?post=5340"}],"curies":[{"name":"wp","href":"https:\/\/api.w.org\/{rel}","templated":true}]}}