{"id":5344,"date":"2022-05-18T20:14:17","date_gmt":"2022-05-18T18:14:17","guid":{"rendered":"https:\/\/fredfloris.eu\/?post_type=product&#038;p=5344"},"modified":"2024-07-23T20:32:47","modified_gmt":"2024-07-23T18:32:47","slug":"light-sapphire-swarovski-earrings","status":"publish","type":"product","link":"https:\/\/fredfloris.eu\/nb\/productpage\/light-sapphire-swarovski-earrings\/","title":{"rendered":"Light Sapphire - \u00d8redobber med spak Swarovski krystall\u00f8reringer"},"content":{"rendered":"<p><strong>Opplev tidl\u00f8s eleganse med v\u00e5re dr\u00e5pe\u00f8reringer i krystall.<\/strong> Den enkle, men fantastiske kombinasjonen av edelt metall og klare krystaller gj\u00f8r disse \u00f8redobbene til et uunnv\u00e6rlig moteplagg. Med dem p\u00e5 minner du om skj\u00f8nnheten til en klassisk filmstjerne. Disse elegante \u00f8redobbene har en sterk bl\u00e5 nyanse og en anhengsform som forlenger ansiktet og smigrer ansiktstrekkene dine. De er perfekte til spesielle anledninger som bryllup, fest, jobb og familiesammenkomster.<\/p>\n<p><strong>Tilgjengelige materialer:<\/strong> \u00d8redobbene er tilgjengelige i 925 sterlings\u00f8lv med enten platinabelegg eller 24k gullbelegg.<\/p>\n<p><strong>Swarovski Krystaller:<\/strong> Disse \u00f8redobbene i Swarovski-krystall er kjent for sin str\u00e5lende, lysreflekterende sliping og mystiske farge, og er et p\u00e5litelig valg til enhver anledning. Hvert smykke er laget i Wattens i \u00d8sterrike.<\/p>\n<p><strong>En gjennomtenkt gave:<\/strong> Den skinnende, lyse safirfargen p\u00e5 disse \u00f8redobbene gj\u00f8r dem til et tidl\u00f8st tilskudd til enhver smykkesamling og det perfekte \"noe bl\u00e5tt\" for en brud.<\/p>\n<p><strong>Allergivennlig:<\/strong> B\u00f8yleinnfatningen er laget av nikkelfritt sterlings\u00f8lv, noe som forhindrer hudirritasjon og anl\u00f8ping. Spakbaksiden holder \u00f8redobbene sikkert p\u00e5 plass, samtidig som den er behagelig for brukeren.<\/p>\n<p><strong>Smykkepleie:<\/strong> For \u00e5 bevare \u00f8redobbene i perfekt stand b\u00f8r du oppbevare dem i en myk boks eller pose adskilt fra andre smykker. Unng\u00e5 eksponering for kjemikalier for \u00e5 unng\u00e5 skader. Pletteringen, enten det er platina eller gull, er \u00f8mfintlig og vil, som all plettering, falme over tid. Begrens kontakt med kjemikalier og hud for \u00e5 forlenge pletteringens levetid.<\/p>\n<p>&nbsp;<\/p>\n<p>S\u00f8keord: Leverback Swarovski krystall \u00f8redobber, krystall dr\u00e5pe \u00f8redobber<\/p>","protected":false},"excerpt":{"rendered":"<p><strong>PRODUKTDIMENSJONER <\/strong>Produktvekt: 6 g (par)<\/p>\n<p>Krystallst\u00f8rrelse: 22 mm. Spakryggh\u00f8yde: 18 mm, bredde: 11,80 mm.<\/p>\n<p>Tilgjengelig i 925 sterlings\u00f8lv\/platinbelagt\/24K gullbelagt - 0,4 \u00b5m.<\/p>\n<pre><\/pre>\n<p>V\u00e5r erfarne samarbeidspartner i Polen lager \u00f8redobber. Vi bruker 0,4 \u00b5m tykt s\u00f8lvbelagt s\u00f8lv, da det ikke gj\u00f8r smykkene m\u00f8rke eller matte. Produktet er noe motstandsdyktig mot misfarging, men f\u00f8lg v\u00e5re pleieanvisninger for \u00e5 forlenge levetiden til ditt nye smykke.<\/p>","protected":false},"featured_media":4855,"template":"","meta":[],"pwb-brand":[204],"product_brand":[],"product_cat":[115,113,101],"product_tag":[163,165,164,135,195],"woo-feed-brand":[],"class_list":{"0":"post-5344","1":"product","2":"type-product","3":"status-publish","4":"has-post-thumbnail","6":"pwb-brand-fredfloris-partner","7":"product_cat-drop-earrings","8":"product_cat-earrings","9":"product_cat-jewelry","10":"product_tag-gold","11":"product_tag-platinum","12":"product_tag-silver","13":"product_tag-stocked","14":"product_tag-swarovski","15":"product_shipping_class-small-goods","16":"pa_leverback-ag-925-24k-gold-plated-04-m","17":"pa_leverback-ag-925-platinum-plated-04-m","18":"pa_swarovski-crystal-swarovski-22mm-light-sapphire","20":"first","21":"instock","22":"taxable","23":"shipping-taxable","24":"purchasable","25":"product-type-variable"},"yoast_head":"<!-- This site is optimized with the Yoast SEO plugin v27.2 - https:\/\/yoast.com\/product\/yoast-seo-wordpress\/ -->\n<title>Light Sapphire - Leverback Swarovski Crystal Earrings | FredFloris<\/title>\n<meta name=\"description\" content=\"Swarovski leverback crystal earrings, Platinum &amp; 24K Gold Plated 925 Sterling Silver crystal drop earrings, Gifts for her.\" \/>\n<meta name=\"robots\" content=\"index, follow, max-snippet:-1, max-image-preview:large, max-video-preview:-1\" \/>\n<link rel=\"canonical\" href=\"https:\/\/fredfloris.eu\/nb\/productpage\/light-sapphire-swarovski-earrings\/?wmc-currency=NOK\" \/>\n<meta property=\"og:locale\" content=\"nb_NO\" \/>\n<meta property=\"og:type\" content=\"article\" \/>\n<meta property=\"og:title\" content=\"Light Sapphire - Leverback Swarovski Crystal Earrings | FredFloris\" \/>\n<meta property=\"og:description\" content=\"Swarovski leverback crystal earrings, Platinum &amp; 24K Gold Plated 925 Sterling Silver crystal drop earrings, Gifts for her.\" \/>\n<meta property=\"og:url\" content=\"https:\/\/fredfloris.eu\/nb\/productpage\/light-sapphire-swarovski-earrings\/?wmc-currency=NOK\" \/>\n<meta property=\"og:site_name\" content=\"FredFloris\" \/>\n<meta property=\"article:publisher\" content=\"https:\/\/www.facebook.com\/FredFloris.Artisan.Studio\/\" \/>\n<meta property=\"article:modified_time\" content=\"2024-07-23T18:32:47+00:00\" \/>\n<meta property=\"og:image\" content=\"https:\/\/fredfloris.eu\/wp-content\/uploads\/2022\/05\/IMG_2193-scaled.jpg\" \/>\n\t<meta property=\"og:image:width\" content=\"2560\" \/>\n\t<meta property=\"og:image:height\" content=\"1707\" \/>\n\t<meta property=\"og:image:type\" content=\"image\/jpeg\" \/>\n<meta name=\"twitter:card\" content=\"summary_large_image\" \/>\n<meta name=\"twitter:site\" content=\"@_fredfloris_\" \/>\n<meta name=\"twitter:label1\" content=\"Ansl. lesetid\" \/>\n\t<meta name=\"twitter:data1\" content=\"2 minutter\" \/>\n<script type=\"application\/ld+json\" class=\"yoast-schema-graph\">{\"@context\":\"https:\/\/schema.org\",\"@graph\":[{\"@type\":\"WebPage\",\"@id\":\"https:\/\/fredfloris.eu\/productpage\/light-sapphire-swarovski-earrings\/\",\"url\":\"https:\/\/fredfloris.eu\/productpage\/light-sapphire-swarovski-earrings\/\",\"name\":\"Light Sapphire - Leverback Swarovski Crystal Earrings | FredFloris\",\"isPartOf\":{\"@id\":\"https:\/\/fredfloris.eu\/#website\"},\"primaryImageOfPage\":{\"@id\":\"https:\/\/fredfloris.eu\/productpage\/light-sapphire-swarovski-earrings\/#primaryimage\"},\"image\":{\"@id\":\"https:\/\/fredfloris.eu\/productpage\/light-sapphire-swarovski-earrings\/#primaryimage\"},\"thumbnailUrl\":\"https:\/\/fredfloris.eu\/wp-content\/uploads\/2022\/05\/IMG_2193-scaled-e1740244068830.jpg\",\"datePublished\":\"2022-05-18T18:14:17+00:00\",\"dateModified\":\"2024-07-23T18:32:47+00:00\",\"description\":\"Swarovski leverback crystal earrings, Platinum & 24K Gold Plated 925 Sterling Silver crystal drop earrings, Gifts for her.\",\"breadcrumb\":{\"@id\":\"https:\/\/fredfloris.eu\/productpage\/light-sapphire-swarovski-earrings\/#breadcrumb\"},\"inLanguage\":\"nb-NO\",\"potentialAction\":[{\"@type\":\"ReadAction\",\"target\":[\"https:\/\/fredfloris.eu\/productpage\/light-sapphire-swarovski-earrings\/\"]}]},{\"@type\":\"ImageObject\",\"inLanguage\":\"nb-NO\",\"@id\":\"https:\/\/fredfloris.eu\/productpage\/light-sapphire-swarovski-earrings\/#primaryimage\",\"url\":\"https:\/\/fredfloris.eu\/wp-content\/uploads\/2022\/05\/IMG_2193-scaled-e1740244068830.jpg\",\"contentUrl\":\"https:\/\/fredfloris.eu\/wp-content\/uploads\/2022\/05\/IMG_2193-scaled-e1740244068830.jpg\",\"width\":1502,\"height\":1002,\"caption\":\"Product: Light Sapphire \u2013 Gold and Platinum Plated Silver\"},{\"@type\":\"BreadcrumbList\",\"@id\":\"https:\/\/fredfloris.eu\/productpage\/light-sapphire-swarovski-earrings\/#breadcrumb\",\"itemListElement\":[{\"@type\":\"ListItem\",\"position\":1,\"name\":\"Home\",\"item\":\"https:\/\/fredfloris.eu\/\"},{\"@type\":\"ListItem\",\"position\":2,\"name\":\"Shop\",\"item\":\"https:\/\/fredfloris.eu\/shop\/\"},{\"@type\":\"ListItem\",\"position\":3,\"name\":\"Light Sapphire &#8211; Leverback Swarovski Crystal Earrings\"}]},{\"@type\":\"WebSite\",\"@id\":\"https:\/\/fredfloris.eu\/#website\",\"url\":\"https:\/\/fredfloris.eu\/\",\"name\":\"FredFloris\",\"description\":\"Handcrafted Leathergoods - Made in Sweden\",\"publisher\":{\"@id\":\"https:\/\/fredfloris.eu\/#organization\"},\"potentialAction\":[{\"@type\":\"SearchAction\",\"target\":{\"@type\":\"EntryPoint\",\"urlTemplate\":\"https:\/\/fredfloris.eu\/?s={search_term_string}\"},\"query-input\":{\"@type\":\"PropertyValueSpecification\",\"valueRequired\":true,\"valueName\":\"search_term_string\"}}],\"inLanguage\":\"nb-NO\"},{\"@type\":\"Organization\",\"@id\":\"https:\/\/fredfloris.eu\/#organization\",\"name\":\"FredFloris\",\"url\":\"https:\/\/fredfloris.eu\/\",\"logo\":{\"@type\":\"ImageObject\",\"inLanguage\":\"nb-NO\",\"@id\":\"https:\/\/fredfloris.eu\/#\/schema\/logo\/image\/\",\"url\":\"https:\/\/fredfloris.eu\/wp-content\/uploads\/2022\/03\/FredFloris-med-hel-nal-och-text.png\",\"contentUrl\":\"https:\/\/fredfloris.eu\/wp-content\/uploads\/2022\/03\/FredFloris-med-hel-nal-och-text.png\",\"width\":591,\"height\":283,\"caption\":\"FredFloris\"},\"image\":{\"@id\":\"https:\/\/fredfloris.eu\/#\/schema\/logo\/image\/\"},\"sameAs\":[\"https:\/\/www.facebook.com\/FredFloris.Artisan.Studio\/\",\"https:\/\/x.com\/_fredfloris_\",\"https:\/\/www.instagram.com\/fredfloris.artisan.studio\/\"]}]}<\/script>\n<!-- \/ Yoast SEO plugin. -->","yoast_head_json":{"title":"Light Sapphire - Swarovski krystall\u00f8reringer med spakrygg | FredFloris","description":"Swarovski krystall\u00f8reringer med spak, Platinum &amp; 24K Gold Plated 925 Sterling Silver krystall \u00f8redobber, Gaver til henne.","robots":{"index":"index","follow":"follow","max-snippet":"max-snippet:-1","max-image-preview":"max-image-preview:large","max-video-preview":"max-video-preview:-1"},"canonical":"https:\/\/fredfloris.eu\/nb\/productpage\/light-sapphire-swarovski-earrings\/?wmc-currency=NOK","og_locale":"nb_NO","og_type":"article","og_title":"Light Sapphire - Leverback Swarovski Crystal Earrings | FredFloris","og_description":"Swarovski leverback crystal earrings, Platinum & 24K Gold Plated 925 Sterling Silver crystal drop earrings, Gifts for her.","og_url":"https:\/\/fredfloris.eu\/nb\/productpage\/light-sapphire-swarovski-earrings\/?wmc-currency=NOK","og_site_name":"FredFloris","article_publisher":"https:\/\/www.facebook.com\/FredFloris.Artisan.Studio\/","article_modified_time":"2024-07-23T18:32:47+00:00","og_image":[{"width":2560,"height":1707,"url":"https:\/\/fredfloris.eu\/wp-content\/uploads\/2022\/05\/IMG_2193-scaled.jpg","type":"image\/jpeg"}],"twitter_card":"summary_large_image","twitter_site":"@_fredfloris_","twitter_misc":{"Ansl. lesetid":"2 minutter"},"schema":{"@context":"https:\/\/schema.org","@graph":[{"@type":"WebPage","@id":"https:\/\/fredfloris.eu\/productpage\/light-sapphire-swarovski-earrings\/","url":"https:\/\/fredfloris.eu\/productpage\/light-sapphire-swarovski-earrings\/","name":"Light Sapphire - Swarovski krystall\u00f8reringer med spakrygg | FredFloris","isPartOf":{"@id":"https:\/\/fredfloris.eu\/#website"},"primaryImageOfPage":{"@id":"https:\/\/fredfloris.eu\/productpage\/light-sapphire-swarovski-earrings\/#primaryimage"},"image":{"@id":"https:\/\/fredfloris.eu\/productpage\/light-sapphire-swarovski-earrings\/#primaryimage"},"thumbnailUrl":"https:\/\/fredfloris.eu\/wp-content\/uploads\/2022\/05\/IMG_2193-scaled-e1740244068830.jpg","datePublished":"2022-05-18T18:14:17+00:00","dateModified":"2024-07-23T18:32:47+00:00","description":"Swarovski krystall\u00f8reringer med spak, Platinum &amp; 24K Gold Plated 925 Sterling Silver krystall \u00f8redobber, Gaver til henne.","breadcrumb":{"@id":"https:\/\/fredfloris.eu\/productpage\/light-sapphire-swarovski-earrings\/#breadcrumb"},"inLanguage":"nb-NO","potentialAction":[{"@type":"ReadAction","target":["https:\/\/fredfloris.eu\/productpage\/light-sapphire-swarovski-earrings\/"]}]},{"@type":"ImageObject","inLanguage":"nb-NO","@id":"https:\/\/fredfloris.eu\/productpage\/light-sapphire-swarovski-earrings\/#primaryimage","url":"https:\/\/fredfloris.eu\/wp-content\/uploads\/2022\/05\/IMG_2193-scaled-e1740244068830.jpg","contentUrl":"https:\/\/fredfloris.eu\/wp-content\/uploads\/2022\/05\/IMG_2193-scaled-e1740244068830.jpg","width":1502,"height":1002,"caption":"Product: Light Sapphire \u2013 Gold and Platinum Plated Silver"},{"@type":"BreadcrumbList","@id":"https:\/\/fredfloris.eu\/productpage\/light-sapphire-swarovski-earrings\/#breadcrumb","itemListElement":[{"@type":"ListItem","position":1,"name":"Home","item":"https:\/\/fredfloris.eu\/"},{"@type":"ListItem","position":2,"name":"Shop","item":"https:\/\/fredfloris.eu\/shop\/"},{"@type":"ListItem","position":3,"name":"Light Sapphire &#8211; Leverback Swarovski Crystal Earrings"}]},{"@type":"WebSite","@id":"https:\/\/fredfloris.eu\/#website","url":"https:\/\/fredfloris.eu\/","name":"FredFloris","description":"H\u00e5ndlagde skinnvarer - laget i Sverige","publisher":{"@id":"https:\/\/fredfloris.eu\/#organization"},"potentialAction":[{"@type":"SearchAction","target":{"@type":"EntryPoint","urlTemplate":"https:\/\/fredfloris.eu\/?s={search_term_string}"},"query-input":{"@type":"PropertyValueSpecification","valueRequired":true,"valueName":"search_term_string"}}],"inLanguage":"nb-NO"},{"@type":"Organization","@id":"https:\/\/fredfloris.eu\/#organization","name":"FredFloris","url":"https:\/\/fredfloris.eu\/","logo":{"@type":"ImageObject","inLanguage":"nb-NO","@id":"https:\/\/fredfloris.eu\/#\/schema\/logo\/image\/","url":"https:\/\/fredfloris.eu\/wp-content\/uploads\/2022\/03\/FredFloris-med-hel-nal-och-text.png","contentUrl":"https:\/\/fredfloris.eu\/wp-content\/uploads\/2022\/03\/FredFloris-med-hel-nal-och-text.png","width":591,"height":283,"caption":"FredFloris"},"image":{"@id":"https:\/\/fredfloris.eu\/#\/schema\/logo\/image\/"},"sameAs":["https:\/\/www.facebook.com\/FredFloris.Artisan.Studio\/","https:\/\/x.com\/_fredfloris_","https:\/\/www.instagram.com\/fredfloris.artisan.studio\/"]}]}},"brands":[{"id":204,"name":"FredFloris &amp; Partner","slug":"fredfloris-partner"}],"_links":{"self":[{"href":"https:\/\/fredfloris.eu\/nb\/wp-json\/wp\/v2\/product\/5344","targetHints":{"allow":["GET"]}}],"collection":[{"href":"https:\/\/fredfloris.eu\/nb\/wp-json\/wp\/v2\/product"}],"about":[{"href":"https:\/\/fredfloris.eu\/nb\/wp-json\/wp\/v2\/types\/product"}],"version-history":[{"count":9,"href":"https:\/\/fredfloris.eu\/nb\/wp-json\/wp\/v2\/product\/5344\/revisions"}],"predecessor-version":[{"id":11582,"href":"https:\/\/fredfloris.eu\/nb\/wp-json\/wp\/v2\/product\/5344\/revisions\/11582"}],"wp:featuredmedia":[{"embeddable":true,"href":"https:\/\/fredfloris.eu\/nb\/wp-json\/wp\/v2\/media\/4855"}],"wp:attachment":[{"href":"https:\/\/fredfloris.eu\/nb\/wp-json\/wp\/v2\/media?parent=5344"}],"wp:term":[{"taxonomy":"pwb-brand","embeddable":true,"href":"https:\/\/fredfloris.eu\/nb\/wp-json\/wp\/v2\/pwb-brand?post=5344"},{"taxonomy":"product_brand","embeddable":true,"href":"https:\/\/fredfloris.eu\/nb\/wp-json\/wp\/v2\/product_brand?post=5344"},{"taxonomy":"product_cat","embeddable":true,"href":"https:\/\/fredfloris.eu\/nb\/wp-json\/wp\/v2\/product_cat?post=5344"},{"taxonomy":"product_tag","embeddable":true,"href":"https:\/\/fredfloris.eu\/nb\/wp-json\/wp\/v2\/product_tag?post=5344"},{"taxonomy":"woo-feed-brand","embeddable":true,"href":"https:\/\/fredfloris.eu\/nb\/wp-json\/wp\/v2\/woo-feed-brand?post=5344"}],"curies":[{"name":"wp","href":"https:\/\/api.w.org\/{rel}","templated":true}]}}