{"id":5392,"date":"2022-05-19T18:18:03","date_gmt":"2022-05-19T16:18:03","guid":{"rendered":"https:\/\/fredfloris.eu\/?post_type=product&#038;p=5392"},"modified":"2024-06-24T21:36:21","modified_gmt":"2024-06-24T19:36:21","slug":"notebooks-journals","status":"publish","type":"product","link":"https:\/\/fredfloris.eu\/nb\/productpage\/notebooks-journals\/","title":{"rendered":"Pappersider for FredFloris Dagb\u00f8ker"},"content":{"rendered":"<p><strong>Oppdag v\u00e5re allsidige perforerte linjerte A5-sider, perfekte for raske notater eller som skissebok.<\/strong> Disse sidene er designet for \u00e5 brukes sammen med v\u00e5r A5 <a href=\"https:\/\/fredfloris.eu\/nb\/productpage\/a5-journals\/?wmc-currency=NOK\">dagb\u00f8ker <\/a>Med den innbundne siden kan du lage et innbundet sideoppsett som er b\u00e5de stilig og funksjonelt. Ideell for personlig bruk eller p\u00e5 kontoret, der det er viktig \u00e5 ta raske notater.<\/p>\n<p><strong>Produktspesifikasjoner:<\/strong><\/p>\n<ul>\n<li><strong>St\u00f8rrelse:<\/strong> A5<\/li>\n<li><strong>Milj\u00f8vennlige sertifiseringer:<\/strong> Tildelt Svanemerket og Easy On the Planet Ecolabel for milj\u00f8messig b\u00e6rekraft.<\/li>\n<li><strong>Design:<\/strong> Perforerte linjer for enkel avrivning og linjerte linjer for pen skriving.<\/li>\n<li><strong>Antall sider:<\/strong> 100<\/li>\n<li><strong>Innbinding:<\/strong> Stiftede i toppen og forsterket med tekstilb\u00e5nd for bedre holdbarhet.<\/li>\n<\/ul>\n<p>&nbsp;<\/p>\n<p>Disse sidene passer utmerket for alt fra studenter til profesjonelle, og er et p\u00e5litelig og milj\u00f8bevisst valg for dine skrivebehov.<\/p>\n<p>&nbsp;<\/p>","protected":false},"excerpt":{"rendered":"<h5>Svanemerket<\/h5>\n<pre><\/pre>\n<p>Svanemerket ble opprettet i 1989 som et kriterium for produksjon av batterier, og det begynte som en felles innsats mellom Sverige, Norge, Finland og Island for en mer b\u00e6rekraftig planet. Etter hvert som forbrukernes milj\u00f8bevissthet \u00f8kte, \u00f8kte ogs\u00e5 Svanemerkets rekkevidde. I dag er Svanemerket blitt en stor organisasjon som arbeider for et b\u00e6rekraftig samfunn. Gjennom en streng verifiseringsprosess unders\u00f8ker Svanemerket kjemikaliebruk, sertifiseringer og dokumentasjon av hvert enkelt produkt for \u00e5 sikre at det oppfyller Svanemerkets standard. Svanemerket gjennomg\u00e5r kriteriene for alle produkter og tjenester \u00e5rlig for \u00e5 sikre at kravene er oppdaterte i forhold til markedet.<\/p>\n<pre><\/pre>\n<h5>Sk\u00e5nsom mot planeten<\/h5>\n<pre><\/pre>\n<p>Easy on the Planet-programmet arbeider sammen med kundene for \u00e5 redusere milj\u00f8p\u00e5virkningen fra produksjon og materielle varer. Produkter som er merket med Easy on the Plant- eller EasyTree-symbolet, er produsert p\u00e5 en milj\u00f8bevisst m\u00e5te. For at et produkt skal anses som Easy on the Planet-sertifisert, kan det ikke inneholde stoffer som gir grunn til bekymring, slik de er oppf\u00f8rt p\u00e5 REACH-kandidatlisten. N\u00e5r kundene kj\u00f8per disse produktene, har de ikke bare en positiv innvirkning p\u00e5 milj\u00f8et, men reduserer ogs\u00e5 sitt eget karbonfotavtrykk. For hvert Easy on the Planet-sertifisert produkt som kj\u00f8pes, planter Easy on the Planet-organisasjonen et tre p\u00e5 vegne av kunden.<\/p>","protected":false},"featured_media":5367,"template":"","meta":[],"pwb-brand":[],"product_brand":[],"product_cat":[187,186],"product_tag":[193,191,135,192],"woo-feed-brand":[],"class_list":{"0":"post-5392","1":"product","2":"type-product","3":"status-publish","4":"has-post-thumbnail","6":"product_cat-accessories","7":"product_cat-notebooks","8":"product_tag-a5","9":"product_tag-draw","10":"product_tag-stocked","11":"product_tag-write","12":"product_shipping_class-midsized-goods","14":"first","15":"instock","16":"taxable","17":"shipping-taxable","18":"purchasable","19":"product-type-variable"},"yoast_head":"<!-- This site is optimized with the Yoast SEO plugin v27.2 - https:\/\/yoast.com\/product\/yoast-seo-wordpress\/ -->\n<title>Perforated Lined Notebooks For FredFloris Journals | FredFloris<\/title>\n<meta name=\"description\" content=\"Perforated lined notebooks and sketchbooks. Nordic Swan ecolabel notebook &amp; Easy on the Planet ecolabeled notebooks, perfect for quick notes\" \/>\n<meta name=\"robots\" content=\"index, follow, max-snippet:-1, max-image-preview:large, max-video-preview:-1\" \/>\n<link rel=\"canonical\" href=\"https:\/\/fredfloris.eu\/nb\/productpage\/notebooks-journals\/?wmc-currency=NOK\" \/>\n<meta property=\"og:locale\" content=\"nb_NO\" \/>\n<meta property=\"og:type\" content=\"article\" \/>\n<meta property=\"og:title\" content=\"Perforated Lined Notebooks For FredFloris Journals | FredFloris\" \/>\n<meta property=\"og:description\" content=\"Perforated lined notebooks and sketchbooks. Nordic Swan ecolabel notebook &amp; Easy on the Planet ecolabeled notebooks, perfect for quick notes\" \/>\n<meta property=\"og:url\" content=\"https:\/\/fredfloris.eu\/nb\/productpage\/notebooks-journals\/?wmc-currency=NOK\" \/>\n<meta property=\"og:site_name\" content=\"FredFloris\" \/>\n<meta property=\"article:publisher\" content=\"https:\/\/www.facebook.com\/FredFloris.Artisan.Studio\/\" \/>\n<meta property=\"article:modified_time\" content=\"2024-06-24T19:36:21+00:00\" \/>\n<meta property=\"og:image\" content=\"https:\/\/fredfloris.eu\/wp-content\/uploads\/2022\/05\/IMG_2765-scaled.jpg\" \/>\n\t<meta property=\"og:image:width\" content=\"2560\" \/>\n\t<meta property=\"og:image:height\" content=\"1707\" \/>\n\t<meta property=\"og:image:type\" content=\"image\/jpeg\" \/>\n<meta name=\"twitter:card\" content=\"summary_large_image\" \/>\n<meta name=\"twitter:site\" content=\"@_fredfloris_\" \/>\n<meta name=\"twitter:label1\" content=\"Ansl. lesetid\" \/>\n\t<meta name=\"twitter:data1\" content=\"1 minutt\" \/>\n<script type=\"application\/ld+json\" class=\"yoast-schema-graph\">{\"@context\":\"https:\/\/schema.org\",\"@graph\":[{\"@type\":\"WebPage\",\"@id\":\"https:\/\/fredfloris.eu\/productpage\/notebooks-journals\/\",\"url\":\"https:\/\/fredfloris.eu\/productpage\/notebooks-journals\/\",\"name\":\"Perforated Lined Notebooks For FredFloris Journals | FredFloris\",\"isPartOf\":{\"@id\":\"https:\/\/fredfloris.eu\/#website\"},\"primaryImageOfPage\":{\"@id\":\"https:\/\/fredfloris.eu\/productpage\/notebooks-journals\/#primaryimage\"},\"image\":{\"@id\":\"https:\/\/fredfloris.eu\/productpage\/notebooks-journals\/#primaryimage\"},\"thumbnailUrl\":\"https:\/\/fredfloris.eu\/wp-content\/uploads\/2022\/05\/IMG_2765-scaled.jpg\",\"datePublished\":\"2022-05-19T16:18:03+00:00\",\"dateModified\":\"2024-06-24T19:36:21+00:00\",\"description\":\"Perforated lined notebooks and sketchbooks. Nordic Swan ecolabel notebook & Easy on the Planet ecolabeled notebooks, perfect for quick notes\",\"breadcrumb\":{\"@id\":\"https:\/\/fredfloris.eu\/productpage\/notebooks-journals\/#breadcrumb\"},\"inLanguage\":\"nb-NO\",\"potentialAction\":[{\"@type\":\"ReadAction\",\"target\":[\"https:\/\/fredfloris.eu\/productpage\/notebooks-journals\/\"]}]},{\"@type\":\"ImageObject\",\"inLanguage\":\"nb-NO\",\"@id\":\"https:\/\/fredfloris.eu\/productpage\/notebooks-journals\/#primaryimage\",\"url\":\"https:\/\/fredfloris.eu\/wp-content\/uploads\/2022\/05\/IMG_2765-scaled.jpg\",\"contentUrl\":\"https:\/\/fredfloris.eu\/wp-content\/uploads\/2022\/05\/IMG_2765-scaled.jpg\",\"width\":2560,\"height\":1707,\"caption\":\"Product: Notebooks for FredFloris Journals\"},{\"@type\":\"BreadcrumbList\",\"@id\":\"https:\/\/fredfloris.eu\/productpage\/notebooks-journals\/#breadcrumb\",\"itemListElement\":[{\"@type\":\"ListItem\",\"position\":1,\"name\":\"Home\",\"item\":\"https:\/\/fredfloris.eu\/\"},{\"@type\":\"ListItem\",\"position\":2,\"name\":\"Shop\",\"item\":\"https:\/\/fredfloris.eu\/shop\/\"},{\"@type\":\"ListItem\",\"position\":3,\"name\":\"Papper Pages for FredFloris Daybooks\"}]},{\"@type\":\"WebSite\",\"@id\":\"https:\/\/fredfloris.eu\/#website\",\"url\":\"https:\/\/fredfloris.eu\/\",\"name\":\"FredFloris\",\"description\":\"Handcrafted Leathergoods - Made in Sweden\",\"publisher\":{\"@id\":\"https:\/\/fredfloris.eu\/#organization\"},\"potentialAction\":[{\"@type\":\"SearchAction\",\"target\":{\"@type\":\"EntryPoint\",\"urlTemplate\":\"https:\/\/fredfloris.eu\/?s={search_term_string}\"},\"query-input\":{\"@type\":\"PropertyValueSpecification\",\"valueRequired\":true,\"valueName\":\"search_term_string\"}}],\"inLanguage\":\"nb-NO\"},{\"@type\":\"Organization\",\"@id\":\"https:\/\/fredfloris.eu\/#organization\",\"name\":\"FredFloris\",\"url\":\"https:\/\/fredfloris.eu\/\",\"logo\":{\"@type\":\"ImageObject\",\"inLanguage\":\"nb-NO\",\"@id\":\"https:\/\/fredfloris.eu\/#\/schema\/logo\/image\/\",\"url\":\"https:\/\/fredfloris.eu\/wp-content\/uploads\/2022\/03\/FredFloris-med-hel-nal-och-text.png\",\"contentUrl\":\"https:\/\/fredfloris.eu\/wp-content\/uploads\/2022\/03\/FredFloris-med-hel-nal-och-text.png\",\"width\":591,\"height\":283,\"caption\":\"FredFloris\"},\"image\":{\"@id\":\"https:\/\/fredfloris.eu\/#\/schema\/logo\/image\/\"},\"sameAs\":[\"https:\/\/www.facebook.com\/FredFloris.Artisan.Studio\/\",\"https:\/\/x.com\/_fredfloris_\",\"https:\/\/www.instagram.com\/fredfloris.artisan.studio\/\"]}]}<\/script>\n<!-- \/ Yoast SEO plugin. -->","yoast_head_json":{"title":"Perforerte linjerte notatb\u00f8ker til FredFloris Journals | FredFloris","description":"Perforerte, linjerte notatb\u00f8ker og skisseb\u00f8ker. Svanemerkede notatb\u00f8ker og Easy on the Planet-merkede notatb\u00f8ker, perfekt for raske notater","robots":{"index":"index","follow":"follow","max-snippet":"max-snippet:-1","max-image-preview":"max-image-preview:large","max-video-preview":"max-video-preview:-1"},"canonical":"https:\/\/fredfloris.eu\/nb\/productpage\/notebooks-journals\/?wmc-currency=NOK","og_locale":"nb_NO","og_type":"article","og_title":"Perforated Lined Notebooks For FredFloris Journals | FredFloris","og_description":"Perforated lined notebooks and sketchbooks. Nordic Swan ecolabel notebook & Easy on the Planet ecolabeled notebooks, perfect for quick notes","og_url":"https:\/\/fredfloris.eu\/nb\/productpage\/notebooks-journals\/?wmc-currency=NOK","og_site_name":"FredFloris","article_publisher":"https:\/\/www.facebook.com\/FredFloris.Artisan.Studio\/","article_modified_time":"2024-06-24T19:36:21+00:00","og_image":[{"width":2560,"height":1707,"url":"https:\/\/fredfloris.eu\/wp-content\/uploads\/2022\/05\/IMG_2765-scaled.jpg","type":"image\/jpeg"}],"twitter_card":"summary_large_image","twitter_site":"@_fredfloris_","twitter_misc":{"Ansl. lesetid":"1 minutt"},"schema":{"@context":"https:\/\/schema.org","@graph":[{"@type":"WebPage","@id":"https:\/\/fredfloris.eu\/productpage\/notebooks-journals\/","url":"https:\/\/fredfloris.eu\/productpage\/notebooks-journals\/","name":"Perforerte linjerte notatb\u00f8ker til FredFloris Journals | FredFloris","isPartOf":{"@id":"https:\/\/fredfloris.eu\/#website"},"primaryImageOfPage":{"@id":"https:\/\/fredfloris.eu\/productpage\/notebooks-journals\/#primaryimage"},"image":{"@id":"https:\/\/fredfloris.eu\/productpage\/notebooks-journals\/#primaryimage"},"thumbnailUrl":"https:\/\/fredfloris.eu\/wp-content\/uploads\/2022\/05\/IMG_2765-scaled.jpg","datePublished":"2022-05-19T16:18:03+00:00","dateModified":"2024-06-24T19:36:21+00:00","description":"Perforerte, linjerte notatb\u00f8ker og skisseb\u00f8ker. Svanemerkede notatb\u00f8ker og Easy on the Planet-merkede notatb\u00f8ker, perfekt for raske notater","breadcrumb":{"@id":"https:\/\/fredfloris.eu\/productpage\/notebooks-journals\/#breadcrumb"},"inLanguage":"nb-NO","potentialAction":[{"@type":"ReadAction","target":["https:\/\/fredfloris.eu\/productpage\/notebooks-journals\/"]}]},{"@type":"ImageObject","inLanguage":"nb-NO","@id":"https:\/\/fredfloris.eu\/productpage\/notebooks-journals\/#primaryimage","url":"https:\/\/fredfloris.eu\/wp-content\/uploads\/2022\/05\/IMG_2765-scaled.jpg","contentUrl":"https:\/\/fredfloris.eu\/wp-content\/uploads\/2022\/05\/IMG_2765-scaled.jpg","width":2560,"height":1707,"caption":"Product: Notebooks for FredFloris Journals"},{"@type":"BreadcrumbList","@id":"https:\/\/fredfloris.eu\/productpage\/notebooks-journals\/#breadcrumb","itemListElement":[{"@type":"ListItem","position":1,"name":"Home","item":"https:\/\/fredfloris.eu\/"},{"@type":"ListItem","position":2,"name":"Shop","item":"https:\/\/fredfloris.eu\/shop\/"},{"@type":"ListItem","position":3,"name":"Papper Pages for FredFloris Daybooks"}]},{"@type":"WebSite","@id":"https:\/\/fredfloris.eu\/#website","url":"https:\/\/fredfloris.eu\/","name":"FredFloris","description":"H\u00e5ndlagde skinnvarer - laget i Sverige","publisher":{"@id":"https:\/\/fredfloris.eu\/#organization"},"potentialAction":[{"@type":"SearchAction","target":{"@type":"EntryPoint","urlTemplate":"https:\/\/fredfloris.eu\/?s={search_term_string}"},"query-input":{"@type":"PropertyValueSpecification","valueRequired":true,"valueName":"search_term_string"}}],"inLanguage":"nb-NO"},{"@type":"Organization","@id":"https:\/\/fredfloris.eu\/#organization","name":"FredFloris","url":"https:\/\/fredfloris.eu\/","logo":{"@type":"ImageObject","inLanguage":"nb-NO","@id":"https:\/\/fredfloris.eu\/#\/schema\/logo\/image\/","url":"https:\/\/fredfloris.eu\/wp-content\/uploads\/2022\/03\/FredFloris-med-hel-nal-och-text.png","contentUrl":"https:\/\/fredfloris.eu\/wp-content\/uploads\/2022\/03\/FredFloris-med-hel-nal-och-text.png","width":591,"height":283,"caption":"FredFloris"},"image":{"@id":"https:\/\/fredfloris.eu\/#\/schema\/logo\/image\/"},"sameAs":["https:\/\/www.facebook.com\/FredFloris.Artisan.Studio\/","https:\/\/x.com\/_fredfloris_","https:\/\/www.instagram.com\/fredfloris.artisan.studio\/"]}]}},"brands":[],"_links":{"self":[{"href":"https:\/\/fredfloris.eu\/nb\/wp-json\/wp\/v2\/product\/5392","targetHints":{"allow":["GET"]}}],"collection":[{"href":"https:\/\/fredfloris.eu\/nb\/wp-json\/wp\/v2\/product"}],"about":[{"href":"https:\/\/fredfloris.eu\/nb\/wp-json\/wp\/v2\/types\/product"}],"version-history":[{"count":6,"href":"https:\/\/fredfloris.eu\/nb\/wp-json\/wp\/v2\/product\/5392\/revisions"}],"predecessor-version":[{"id":11556,"href":"https:\/\/fredfloris.eu\/nb\/wp-json\/wp\/v2\/product\/5392\/revisions\/11556"}],"wp:featuredmedia":[{"embeddable":true,"href":"https:\/\/fredfloris.eu\/nb\/wp-json\/wp\/v2\/media\/5367"}],"wp:attachment":[{"href":"https:\/\/fredfloris.eu\/nb\/wp-json\/wp\/v2\/media?parent=5392"}],"wp:term":[{"taxonomy":"pwb-brand","embeddable":true,"href":"https:\/\/fredfloris.eu\/nb\/wp-json\/wp\/v2\/pwb-brand?post=5392"},{"taxonomy":"product_brand","embeddable":true,"href":"https:\/\/fredfloris.eu\/nb\/wp-json\/wp\/v2\/product_brand?post=5392"},{"taxonomy":"product_cat","embeddable":true,"href":"https:\/\/fredfloris.eu\/nb\/wp-json\/wp\/v2\/product_cat?post=5392"},{"taxonomy":"product_tag","embeddable":true,"href":"https:\/\/fredfloris.eu\/nb\/wp-json\/wp\/v2\/product_tag?post=5392"},{"taxonomy":"woo-feed-brand","embeddable":true,"href":"https:\/\/fredfloris.eu\/nb\/wp-json\/wp\/v2\/woo-feed-brand?post=5392"}],"curies":[{"name":"wp","href":"https:\/\/api.w.org\/{rel}","templated":true}]}}