{"id":8676,"date":"2022-06-22T22:09:00","date_gmt":"2022-06-22T20:09:00","guid":{"rendered":"https:\/\/fredfloris.eu\/?post_type=product&#038;p=8676"},"modified":"2024-06-24T19:37:43","modified_gmt":"2024-06-24T17:37:43","slug":"customize-dickens-shelley-or-keats-a5-journals","status":"publish","type":"product","link":"https:\/\/fredfloris.eu\/nb\/productpage\/customize-dickens-shelley-or-keats-a5-journals\/","title":{"rendered":"Tilpass - Dickens, Shelley eller Keats - A5 dagb\u00f8ker"},"content":{"rendered":"<p>Dette er en personaliseringsside for <a href=\"https:\/\/fredfloris.eu\/nb\/productpage\/a5-journals\/?wmc-currency=NOK\">Dickens, Shelley eller Keats - A5 dagb\u00f8ker<\/a><\/p>\n<p>For en omfattende veiledning om hvordan du bruker verkt\u00f8yet, se v\u00e5r generelle veiledning <a href=\"https:\/\/fredfloris.eu\/nb\/personalize-guide\/?wmc-currency=NOK\">her<\/a><\/p>\n<p>&nbsp;<\/p>\n<p>Hvis du \u00f8nsker \u00e5 tilpasse dette produktet, legger du b\u00e5de produktet og designet ditt i handlekurven. Personaliseringen koster ikke noe ekstra og h\u00e5ndteres i kassen, slik at vi kan matche bestillingen din med design\u00f8nsket ditt.<\/p>\n<p>Legg produktet i handlekurven, og rediger deretter produktet i designportalen. Mer informasjon om hvordan designportalen fungerer <a href=\"https:\/\/fredfloris.eu\/nb\/personalize-guide\/?wmc-currency=NOK\">finner du her.<\/a> N\u00e5r du er forn\u00f8yd med designet, legger du det i handlekurven.<\/p>\n<p>&nbsp;<\/p>\n<hr \/>\n<p>&nbsp;<\/p>\n<p style=\"text-align: left;\">Trenger du litt inspirasjon? Sjekk ut de gratis ressursene p\u00e5 <a href=\"https:\/\/openclipart.org\/\" target=\"_new\" rel=\"noopener\">\u00c5pne Clip Art<\/a>hvor du kan finne en rekke bilder som egner seg for lasergravering.<\/p>\n<p>Hvis du har sp\u00f8rsm\u00e5l om lasergraveringsforesp\u00f8rselen din, ikke n\u00f8l med \u00e5 kontakte oss.<\/p>\n<p>&nbsp;<\/p>","protected":false},"excerpt":{"rendered":"<p>P\u00e5 dette produktet kan du velge mellom lasergravering og varmepressing p\u00e5 utsiden av forsiden nederst til h\u00f8yre.<\/p>\n<p>Noen produktdesign kan vise r\u00f8de linjer, vennligst ikke plasser noe p\u00e5 disse, da de indikerer s\u00f8mlinjer og andre ting.<\/p>","protected":false},"featured_media":8674,"template":"","meta":[],"pwb-brand":[],"product_brand":[],"product_cat":[15],"product_tag":[205,105],"woo-feed-brand":[],"class_list":{"0":"post-8676","1":"product","2":"type-product","3":"status-publish","4":"has-post-thumbnail","6":"product_cat-uncategorized","7":"product_tag-customize","8":"product_tag-made-to-order","10":"first","11":"instock","12":"taxable","13":"shipping-taxable","14":"purchasable","15":"product-type-simple"},"yoast_head":"<!-- This site is optimized with the Yoast SEO plugin v27.2 - https:\/\/yoast.com\/product\/yoast-seo-wordpress\/ -->\n<title>Customize - Dickens, Shelley or Keats - A5 Journals | FredFloris<\/title>\n<meta name=\"robots\" content=\"noindex, follow\" \/>\n<meta property=\"og:locale\" content=\"nb_NO\" \/>\n<meta property=\"og:type\" content=\"article\" \/>\n<meta property=\"og:title\" content=\"Customize - Dickens, Shelley or Keats - A5 Journals | FredFloris\" \/>\n<meta property=\"og:description\" content=\"On this product you may choose between a laser engraving and a heat press option on the exterior front bottom right.  Some product designs may show red lines please do not place anything on these as they indicate stitching lines and other things.\" \/>\n<meta property=\"og:url\" content=\"https:\/\/fredfloris.eu\/nb\/productpage\/customize-dickens-shelley-or-keats-a5-journals\/?wmc-currency=NOK\" \/>\n<meta property=\"og:site_name\" content=\"FredFloris\" \/>\n<meta property=\"article:publisher\" content=\"https:\/\/www.facebook.com\/FredFloris.Artisan.Studio\/\" \/>\n<meta property=\"article:modified_time\" content=\"2024-06-24T17:37:43+00:00\" \/>\n<meta property=\"og:image\" content=\"https:\/\/fredfloris.eu\/wp-content\/uploads\/2022\/06\/Journal-A5-Inside-scaled.jpg\" \/>\n\t<meta property=\"og:image:width\" content=\"2560\" \/>\n\t<meta property=\"og:image:height\" content=\"2134\" \/>\n\t<meta property=\"og:image:type\" content=\"image\/jpeg\" \/>\n<meta name=\"twitter:card\" content=\"summary_large_image\" \/>\n<meta name=\"twitter:site\" content=\"@_fredfloris_\" \/>\n<meta name=\"twitter:label1\" content=\"Ansl. lesetid\" \/>\n\t<meta name=\"twitter:data1\" content=\"1 minutt\" \/>\n<script type=\"application\/ld+json\" class=\"yoast-schema-graph\">{\"@context\":\"https:\/\/schema.org\",\"@graph\":[{\"@type\":\"WebPage\",\"@id\":\"https:\/\/fredfloris.eu\/productpage\/customize-dickens-shelley-or-keats-a5-journals\/\",\"url\":\"https:\/\/fredfloris.eu\/productpage\/customize-dickens-shelley-or-keats-a5-journals\/\",\"name\":\"Customize - Dickens, Shelley or Keats - A5 Journals | FredFloris\",\"isPartOf\":{\"@id\":\"https:\/\/fredfloris.eu\/#website\"},\"primaryImageOfPage\":{\"@id\":\"https:\/\/fredfloris.eu\/productpage\/customize-dickens-shelley-or-keats-a5-journals\/#primaryimage\"},\"image\":{\"@id\":\"https:\/\/fredfloris.eu\/productpage\/customize-dickens-shelley-or-keats-a5-journals\/#primaryimage\"},\"thumbnailUrl\":\"https:\/\/fredfloris.eu\/wp-content\/uploads\/2022\/06\/Journal-A5-Inside-scaled.jpg\",\"datePublished\":\"2022-06-22T20:09:00+00:00\",\"dateModified\":\"2024-06-24T17:37:43+00:00\",\"breadcrumb\":{\"@id\":\"https:\/\/fredfloris.eu\/productpage\/customize-dickens-shelley-or-keats-a5-journals\/#breadcrumb\"},\"inLanguage\":\"nb-NO\",\"potentialAction\":[{\"@type\":\"ReadAction\",\"target\":[\"https:\/\/fredfloris.eu\/productpage\/customize-dickens-shelley-or-keats-a5-journals\/\"]}]},{\"@type\":\"ImageObject\",\"inLanguage\":\"nb-NO\",\"@id\":\"https:\/\/fredfloris.eu\/productpage\/customize-dickens-shelley-or-keats-a5-journals\/#primaryimage\",\"url\":\"https:\/\/fredfloris.eu\/wp-content\/uploads\/2022\/06\/Journal-A5-Inside-scaled.jpg\",\"contentUrl\":\"https:\/\/fredfloris.eu\/wp-content\/uploads\/2022\/06\/Journal-A5-Inside-scaled.jpg\",\"width\":2560,\"height\":2134,\"caption\":\"Product: Dickens, Shelley or Keats - A5 Journals CUSTOMIZE\"},{\"@type\":\"BreadcrumbList\",\"@id\":\"https:\/\/fredfloris.eu\/productpage\/customize-dickens-shelley-or-keats-a5-journals\/#breadcrumb\",\"itemListElement\":[{\"@type\":\"ListItem\",\"position\":1,\"name\":\"Home\",\"item\":\"https:\/\/fredfloris.eu\/\"},{\"@type\":\"ListItem\",\"position\":2,\"name\":\"Shop\",\"item\":\"https:\/\/fredfloris.eu\/shop\/\"},{\"@type\":\"ListItem\",\"position\":3,\"name\":\"Customize &#8211; Dickens, Shelley or Keats &#8211; A5 Journals\"}]},{\"@type\":\"WebSite\",\"@id\":\"https:\/\/fredfloris.eu\/#website\",\"url\":\"https:\/\/fredfloris.eu\/\",\"name\":\"FredFloris\",\"description\":\"Handcrafted Leathergoods - Made in Sweden\",\"publisher\":{\"@id\":\"https:\/\/fredfloris.eu\/#organization\"},\"potentialAction\":[{\"@type\":\"SearchAction\",\"target\":{\"@type\":\"EntryPoint\",\"urlTemplate\":\"https:\/\/fredfloris.eu\/?s={search_term_string}\"},\"query-input\":{\"@type\":\"PropertyValueSpecification\",\"valueRequired\":true,\"valueName\":\"search_term_string\"}}],\"inLanguage\":\"nb-NO\"},{\"@type\":\"Organization\",\"@id\":\"https:\/\/fredfloris.eu\/#organization\",\"name\":\"FredFloris\",\"url\":\"https:\/\/fredfloris.eu\/\",\"logo\":{\"@type\":\"ImageObject\",\"inLanguage\":\"nb-NO\",\"@id\":\"https:\/\/fredfloris.eu\/#\/schema\/logo\/image\/\",\"url\":\"https:\/\/fredfloris.eu\/wp-content\/uploads\/2022\/03\/FredFloris-med-hel-nal-och-text.png\",\"contentUrl\":\"https:\/\/fredfloris.eu\/wp-content\/uploads\/2022\/03\/FredFloris-med-hel-nal-och-text.png\",\"width\":591,\"height\":283,\"caption\":\"FredFloris\"},\"image\":{\"@id\":\"https:\/\/fredfloris.eu\/#\/schema\/logo\/image\/\"},\"sameAs\":[\"https:\/\/www.facebook.com\/FredFloris.Artisan.Studio\/\",\"https:\/\/x.com\/_fredfloris_\",\"https:\/\/www.instagram.com\/fredfloris.artisan.studio\/\"]}]}<\/script>\n<!-- \/ Yoast SEO plugin. -->","yoast_head_json":{"title":"Tilpass - Dickens, Shelley or Keats - A5 Journals | FredFloris","robots":{"index":"noindex","follow":"follow"},"og_locale":"nb_NO","og_type":"article","og_title":"Customize - Dickens, Shelley or Keats - A5 Journals | FredFloris","og_description":"On this product you may choose between a laser engraving and a heat press option on the exterior front bottom right.  Some product designs may show red lines please do not place anything on these as they indicate stitching lines and other things.","og_url":"https:\/\/fredfloris.eu\/nb\/productpage\/customize-dickens-shelley-or-keats-a5-journals\/?wmc-currency=NOK","og_site_name":"FredFloris","article_publisher":"https:\/\/www.facebook.com\/FredFloris.Artisan.Studio\/","article_modified_time":"2024-06-24T17:37:43+00:00","og_image":[{"width":2560,"height":2134,"url":"https:\/\/fredfloris.eu\/wp-content\/uploads\/2022\/06\/Journal-A5-Inside-scaled.jpg","type":"image\/jpeg"}],"twitter_card":"summary_large_image","twitter_site":"@_fredfloris_","twitter_misc":{"Ansl. lesetid":"1 minutt"},"schema":{"@context":"https:\/\/schema.org","@graph":[{"@type":"WebPage","@id":"https:\/\/fredfloris.eu\/productpage\/customize-dickens-shelley-or-keats-a5-journals\/","url":"https:\/\/fredfloris.eu\/productpage\/customize-dickens-shelley-or-keats-a5-journals\/","name":"Tilpass - Dickens, Shelley or Keats - A5 Journals | FredFloris","isPartOf":{"@id":"https:\/\/fredfloris.eu\/#website"},"primaryImageOfPage":{"@id":"https:\/\/fredfloris.eu\/productpage\/customize-dickens-shelley-or-keats-a5-journals\/#primaryimage"},"image":{"@id":"https:\/\/fredfloris.eu\/productpage\/customize-dickens-shelley-or-keats-a5-journals\/#primaryimage"},"thumbnailUrl":"https:\/\/fredfloris.eu\/wp-content\/uploads\/2022\/06\/Journal-A5-Inside-scaled.jpg","datePublished":"2022-06-22T20:09:00+00:00","dateModified":"2024-06-24T17:37:43+00:00","breadcrumb":{"@id":"https:\/\/fredfloris.eu\/productpage\/customize-dickens-shelley-or-keats-a5-journals\/#breadcrumb"},"inLanguage":"nb-NO","potentialAction":[{"@type":"ReadAction","target":["https:\/\/fredfloris.eu\/productpage\/customize-dickens-shelley-or-keats-a5-journals\/"]}]},{"@type":"ImageObject","inLanguage":"nb-NO","@id":"https:\/\/fredfloris.eu\/productpage\/customize-dickens-shelley-or-keats-a5-journals\/#primaryimage","url":"https:\/\/fredfloris.eu\/wp-content\/uploads\/2022\/06\/Journal-A5-Inside-scaled.jpg","contentUrl":"https:\/\/fredfloris.eu\/wp-content\/uploads\/2022\/06\/Journal-A5-Inside-scaled.jpg","width":2560,"height":2134,"caption":"Product: Dickens, Shelley or Keats - A5 Journals CUSTOMIZE"},{"@type":"BreadcrumbList","@id":"https:\/\/fredfloris.eu\/productpage\/customize-dickens-shelley-or-keats-a5-journals\/#breadcrumb","itemListElement":[{"@type":"ListItem","position":1,"name":"Home","item":"https:\/\/fredfloris.eu\/"},{"@type":"ListItem","position":2,"name":"Shop","item":"https:\/\/fredfloris.eu\/shop\/"},{"@type":"ListItem","position":3,"name":"Customize &#8211; Dickens, Shelley or Keats &#8211; A5 Journals"}]},{"@type":"WebSite","@id":"https:\/\/fredfloris.eu\/#website","url":"https:\/\/fredfloris.eu\/","name":"FredFloris","description":"H\u00e5ndlagde skinnvarer - laget i Sverige","publisher":{"@id":"https:\/\/fredfloris.eu\/#organization"},"potentialAction":[{"@type":"SearchAction","target":{"@type":"EntryPoint","urlTemplate":"https:\/\/fredfloris.eu\/?s={search_term_string}"},"query-input":{"@type":"PropertyValueSpecification","valueRequired":true,"valueName":"search_term_string"}}],"inLanguage":"nb-NO"},{"@type":"Organization","@id":"https:\/\/fredfloris.eu\/#organization","name":"FredFloris","url":"https:\/\/fredfloris.eu\/","logo":{"@type":"ImageObject","inLanguage":"nb-NO","@id":"https:\/\/fredfloris.eu\/#\/schema\/logo\/image\/","url":"https:\/\/fredfloris.eu\/wp-content\/uploads\/2022\/03\/FredFloris-med-hel-nal-och-text.png","contentUrl":"https:\/\/fredfloris.eu\/wp-content\/uploads\/2022\/03\/FredFloris-med-hel-nal-och-text.png","width":591,"height":283,"caption":"FredFloris"},"image":{"@id":"https:\/\/fredfloris.eu\/#\/schema\/logo\/image\/"},"sameAs":["https:\/\/www.facebook.com\/FredFloris.Artisan.Studio\/","https:\/\/x.com\/_fredfloris_","https:\/\/www.instagram.com\/fredfloris.artisan.studio\/"]}]}},"brands":[],"_links":{"self":[{"href":"https:\/\/fredfloris.eu\/nb\/wp-json\/wp\/v2\/product\/8676","targetHints":{"allow":["GET"]}}],"collection":[{"href":"https:\/\/fredfloris.eu\/nb\/wp-json\/wp\/v2\/product"}],"about":[{"href":"https:\/\/fredfloris.eu\/nb\/wp-json\/wp\/v2\/types\/product"}],"version-history":[{"count":10,"href":"https:\/\/fredfloris.eu\/nb\/wp-json\/wp\/v2\/product\/8676\/revisions"}],"predecessor-version":[{"id":11499,"href":"https:\/\/fredfloris.eu\/nb\/wp-json\/wp\/v2\/product\/8676\/revisions\/11499"}],"wp:featuredmedia":[{"embeddable":true,"href":"https:\/\/fredfloris.eu\/nb\/wp-json\/wp\/v2\/media\/8674"}],"wp:attachment":[{"href":"https:\/\/fredfloris.eu\/nb\/wp-json\/wp\/v2\/media?parent=8676"}],"wp:term":[{"taxonomy":"pwb-brand","embeddable":true,"href":"https:\/\/fredfloris.eu\/nb\/wp-json\/wp\/v2\/pwb-brand?post=8676"},{"taxonomy":"product_brand","embeddable":true,"href":"https:\/\/fredfloris.eu\/nb\/wp-json\/wp\/v2\/product_brand?post=8676"},{"taxonomy":"product_cat","embeddable":true,"href":"https:\/\/fredfloris.eu\/nb\/wp-json\/wp\/v2\/product_cat?post=8676"},{"taxonomy":"product_tag","embeddable":true,"href":"https:\/\/fredfloris.eu\/nb\/wp-json\/wp\/v2\/product_tag?post=8676"},{"taxonomy":"woo-feed-brand","embeddable":true,"href":"https:\/\/fredfloris.eu\/nb\/wp-json\/wp\/v2\/woo-feed-brand?post=8676"}],"curies":[{"name":"wp","href":"https:\/\/api.w.org\/{rel}","templated":true}]}}