{"id":9920,"date":"2022-08-21T16:06:42","date_gmt":"2022-08-21T14:06:42","guid":{"rendered":"https:\/\/fredfloris.eu\/?post_type=product&#038;p=9920"},"modified":"2024-06-24T20:37:58","modified_gmt":"2024-06-24T18:37:58","slug":"sevede-onyx-cufflinks","status":"publish","type":"product","link":"https:\/\/fredfloris.eu\/nb\/productpage\/sevede-onyx-cufflinks\/","title":{"rendered":"Sevede - Mansjettknapper i onyks"},"content":{"rendered":"<p><strong>H\u00e5ndtrykket ditt er mektig - det forsegler avtaler, gir f\u00f8rsteinntrykk og viser takknemlighet. N\u00e5r du strekker ut h\u00e5nden, kommer mansjettknappene dine godt til syne og signaliserer stil og selvtillit p\u00e5 en subtil m\u00e5te.\u00a0<\/strong><\/p>\n<p><strong>Vi presenterer v\u00e5re Sevede mansjettknapper i onyks:<\/strong> Disse mansjettknappene har en dristig skive av svart onyks innfattet i en ramme av edelt metall, og understreker stilen din med formalitet. Designet er ryddig, presist og poengtert, noe som forsterker kommunikasjonen din gjennom mote. Den svarte edelstenen passer perfekt til svarte belter og sko, og gir et helhetlig uttrykk til dine formelle antrekk.<\/p>\n<p><strong>Produktspesifikasjoner:<\/strong><\/p>\n<ul>\n<li><strong>Basismateriale:<\/strong> Gullbelagt sterlings\u00f8lv 925<\/li>\n<li><strong>Innvendig diameter:<\/strong> 18 mm<\/li>\n<li><strong>Vekt:<\/strong> Omtrent 11 gram per par<\/li>\n<li><strong>Edelsten:<\/strong> Naturlig svart onyks<\/li>\n<li><strong>Funksjoner:<\/strong> Nikkelfri og allergivennlig for \u00e5 forhindre hudirritasjon<\/li>\n<\/ul>\n<p>&nbsp;<\/p>\n<p>S\u00f8keord: Manschettknapper i onyx, Klassisk skjorte mansjettknapper i gull<\/p>","protected":false},"excerpt":{"rendered":"<p><strong>PRODUKTDIMENSJONER <\/strong>Produktvekt: 11 g (par), mansjettknappens indre diameter: 18 mm.<\/p>\n<p>Tilgjengelig i 925 sterlings\u00f8lv med 24K gullbelegg - 0,4 \u00b5m.<\/p>\n<p>SKU: sev\/cuf\/gol\/ony<br \/>\nMerkevare: FredFloris &amp; Partner<\/p>\n<pre><\/pre>\n<p>V\u00e5r erfarne samarbeidspartner i Polen lager \u00f8redobber. Vi bruker 0,4 \u00b5m tykt s\u00f8lvbelagt s\u00f8lv, da det ikke gj\u00f8r smykkene m\u00f8rke eller matte. Produktet er noe motstandsdyktig mot misfarging, men f\u00f8lg v\u00e5re pleieanvisninger for \u00e5 forlenge levetiden til ditt nye smykke. Vi monterer edelstenen p\u00e5 basen i v\u00e5rt studio i Sverige.<\/p>\n<pre><\/pre>\n<p>Dette produktet er laget av naturmateriale: form, farge og tykkelse kan variere.<\/p>","protected":false},"featured_media":9882,"template":"","meta":[],"pwb-brand":[204],"product_brand":[],"product_cat":[118,121,101],"product_tag":[357,163,360,135],"woo-feed-brand":[],"class_list":{"0":"post-9920","1":"product","2":"type-product","3":"status-publish","4":"has-post-thumbnail","6":"pwb-brand-fredfloris-partner","7":"product_cat-cufflinks","8":"product_cat-gem-cufflinks","9":"product_cat-jewelry","10":"product_tag-gemstone","11":"product_tag-gold","12":"product_tag-onyx","13":"product_tag-stocked","14":"product_shipping_class-small-goods","16":"first","17":"instock","18":"taxable","19":"shipping-taxable","20":"purchasable","21":"product-type-simple"},"yoast_head":"<!-- This site is optimized with the Yoast SEO plugin v27.2 - https:\/\/yoast.com\/product\/yoast-seo-wordpress\/ -->\n<title>Sevede - Onyx Cufflinks | FredFloris<\/title>\n<meta name=\"description\" content=\"Check out our Onyx natural gemstone cufflinks in gold plated silver, a true classic shirt cufflink, made to last! Make for a great gift!\" \/>\n<meta name=\"robots\" content=\"index, follow, max-snippet:-1, max-image-preview:large, max-video-preview:-1\" \/>\n<link rel=\"canonical\" href=\"https:\/\/fredfloris.eu\/nb\/productpage\/sevede-onyx-cufflinks\/?wmc-currency=NOK\" \/>\n<meta property=\"og:locale\" content=\"nb_NO\" \/>\n<meta property=\"og:type\" content=\"article\" \/>\n<meta property=\"og:title\" content=\"Sevede - Onyx Cufflinks | FredFloris\" \/>\n<meta property=\"og:description\" content=\"Check out our Onyx natural gemstone cufflinks in gold plated silver, a true classic shirt cufflink, made to last! Make for a great gift!\" \/>\n<meta property=\"og:url\" content=\"https:\/\/fredfloris.eu\/nb\/productpage\/sevede-onyx-cufflinks\/?wmc-currency=NOK\" \/>\n<meta property=\"og:site_name\" content=\"FredFloris\" \/>\n<meta property=\"article:publisher\" content=\"https:\/\/www.facebook.com\/FredFloris.Artisan.Studio\/\" \/>\n<meta property=\"article:modified_time\" content=\"2024-06-24T18:37:58+00:00\" \/>\n<meta property=\"og:image\" content=\"https:\/\/fredfloris.eu\/wp-content\/uploads\/2022\/08\/IMG_3191-scaled.jpg\" \/>\n\t<meta property=\"og:image:width\" content=\"2560\" \/>\n\t<meta property=\"og:image:height\" content=\"1707\" \/>\n\t<meta property=\"og:image:type\" content=\"image\/jpeg\" \/>\n<meta name=\"twitter:card\" content=\"summary_large_image\" \/>\n<meta name=\"twitter:site\" content=\"@_fredfloris_\" \/>\n<meta name=\"twitter:label1\" content=\"Ansl. lesetid\" \/>\n\t<meta name=\"twitter:data1\" content=\"1 minutt\" \/>\n<script type=\"application\/ld+json\" class=\"yoast-schema-graph\">{\"@context\":\"https:\/\/schema.org\",\"@graph\":[{\"@type\":\"WebPage\",\"@id\":\"https:\/\/fredfloris.eu\/productpage\/sevede-onyx-cufflinks\/\",\"url\":\"https:\/\/fredfloris.eu\/productpage\/sevede-onyx-cufflinks\/\",\"name\":\"Sevede - Onyx Cufflinks | FredFloris\",\"isPartOf\":{\"@id\":\"https:\/\/fredfloris.eu\/#website\"},\"primaryImageOfPage\":{\"@id\":\"https:\/\/fredfloris.eu\/productpage\/sevede-onyx-cufflinks\/#primaryimage\"},\"image\":{\"@id\":\"https:\/\/fredfloris.eu\/productpage\/sevede-onyx-cufflinks\/#primaryimage\"},\"thumbnailUrl\":\"https:\/\/fredfloris.eu\/wp-content\/uploads\/2022\/08\/IMG_3191-scaled.jpg\",\"datePublished\":\"2022-08-21T14:06:42+00:00\",\"dateModified\":\"2024-06-24T18:37:58+00:00\",\"description\":\"Check out our Onyx natural gemstone cufflinks in gold plated silver, a true classic shirt cufflink, made to last! Make for a great gift!\",\"breadcrumb\":{\"@id\":\"https:\/\/fredfloris.eu\/productpage\/sevede-onyx-cufflinks\/#breadcrumb\"},\"inLanguage\":\"nb-NO\",\"potentialAction\":[{\"@type\":\"ReadAction\",\"target\":[\"https:\/\/fredfloris.eu\/productpage\/sevede-onyx-cufflinks\/\"]}]},{\"@type\":\"ImageObject\",\"inLanguage\":\"nb-NO\",\"@id\":\"https:\/\/fredfloris.eu\/productpage\/sevede-onyx-cufflinks\/#primaryimage\",\"url\":\"https:\/\/fredfloris.eu\/wp-content\/uploads\/2022\/08\/IMG_3191-scaled.jpg\",\"contentUrl\":\"https:\/\/fredfloris.eu\/wp-content\/uploads\/2022\/08\/IMG_3191-scaled.jpg\",\"width\":2560,\"height\":1707,\"caption\":\"Product: Sevede - Onyx Cufflinks \u2013 Gold Plated Silver\"},{\"@type\":\"BreadcrumbList\",\"@id\":\"https:\/\/fredfloris.eu\/productpage\/sevede-onyx-cufflinks\/#breadcrumb\",\"itemListElement\":[{\"@type\":\"ListItem\",\"position\":1,\"name\":\"Home\",\"item\":\"https:\/\/fredfloris.eu\/\"},{\"@type\":\"ListItem\",\"position\":2,\"name\":\"Shop\",\"item\":\"https:\/\/fredfloris.eu\/shop\/\"},{\"@type\":\"ListItem\",\"position\":3,\"name\":\"Sevede &#8211; Onyx Cufflinks\"}]},{\"@type\":\"WebSite\",\"@id\":\"https:\/\/fredfloris.eu\/#website\",\"url\":\"https:\/\/fredfloris.eu\/\",\"name\":\"FredFloris\",\"description\":\"Handcrafted Leathergoods - Made in Sweden\",\"publisher\":{\"@id\":\"https:\/\/fredfloris.eu\/#organization\"},\"potentialAction\":[{\"@type\":\"SearchAction\",\"target\":{\"@type\":\"EntryPoint\",\"urlTemplate\":\"https:\/\/fredfloris.eu\/?s={search_term_string}\"},\"query-input\":{\"@type\":\"PropertyValueSpecification\",\"valueRequired\":true,\"valueName\":\"search_term_string\"}}],\"inLanguage\":\"nb-NO\"},{\"@type\":\"Organization\",\"@id\":\"https:\/\/fredfloris.eu\/#organization\",\"name\":\"FredFloris\",\"url\":\"https:\/\/fredfloris.eu\/\",\"logo\":{\"@type\":\"ImageObject\",\"inLanguage\":\"nb-NO\",\"@id\":\"https:\/\/fredfloris.eu\/#\/schema\/logo\/image\/\",\"url\":\"https:\/\/fredfloris.eu\/wp-content\/uploads\/2022\/03\/FredFloris-med-hel-nal-och-text.png\",\"contentUrl\":\"https:\/\/fredfloris.eu\/wp-content\/uploads\/2022\/03\/FredFloris-med-hel-nal-och-text.png\",\"width\":591,\"height\":283,\"caption\":\"FredFloris\"},\"image\":{\"@id\":\"https:\/\/fredfloris.eu\/#\/schema\/logo\/image\/\"},\"sameAs\":[\"https:\/\/www.facebook.com\/FredFloris.Artisan.Studio\/\",\"https:\/\/x.com\/_fredfloris_\",\"https:\/\/www.instagram.com\/fredfloris.artisan.studio\/\"]}]}<\/script>\n<!-- \/ Yoast SEO plugin. -->","yoast_head_json":{"title":"Sevede - Mansjettknapper i onyks | FredFloris","description":"Ta en titt p\u00e5 v\u00e5re mansjettknapper i gullbelagt s\u00f8lv med naturlig edelsten Onyx, en ekte klassisk skjortemansjettknapp som er laget for \u00e5 vare! En flott gave!","robots":{"index":"index","follow":"follow","max-snippet":"max-snippet:-1","max-image-preview":"max-image-preview:large","max-video-preview":"max-video-preview:-1"},"canonical":"https:\/\/fredfloris.eu\/nb\/productpage\/sevede-onyx-cufflinks\/?wmc-currency=NOK","og_locale":"nb_NO","og_type":"article","og_title":"Sevede - Onyx Cufflinks | FredFloris","og_description":"Check out our Onyx natural gemstone cufflinks in gold plated silver, a true classic shirt cufflink, made to last! Make for a great gift!","og_url":"https:\/\/fredfloris.eu\/nb\/productpage\/sevede-onyx-cufflinks\/?wmc-currency=NOK","og_site_name":"FredFloris","article_publisher":"https:\/\/www.facebook.com\/FredFloris.Artisan.Studio\/","article_modified_time":"2024-06-24T18:37:58+00:00","og_image":[{"width":2560,"height":1707,"url":"https:\/\/fredfloris.eu\/wp-content\/uploads\/2022\/08\/IMG_3191-scaled.jpg","type":"image\/jpeg"}],"twitter_card":"summary_large_image","twitter_site":"@_fredfloris_","twitter_misc":{"Ansl. lesetid":"1 minutt"},"schema":{"@context":"https:\/\/schema.org","@graph":[{"@type":"WebPage","@id":"https:\/\/fredfloris.eu\/productpage\/sevede-onyx-cufflinks\/","url":"https:\/\/fredfloris.eu\/productpage\/sevede-onyx-cufflinks\/","name":"Sevede - Mansjettknapper i onyks | FredFloris","isPartOf":{"@id":"https:\/\/fredfloris.eu\/#website"},"primaryImageOfPage":{"@id":"https:\/\/fredfloris.eu\/productpage\/sevede-onyx-cufflinks\/#primaryimage"},"image":{"@id":"https:\/\/fredfloris.eu\/productpage\/sevede-onyx-cufflinks\/#primaryimage"},"thumbnailUrl":"https:\/\/fredfloris.eu\/wp-content\/uploads\/2022\/08\/IMG_3191-scaled.jpg","datePublished":"2022-08-21T14:06:42+00:00","dateModified":"2024-06-24T18:37:58+00:00","description":"Ta en titt p\u00e5 v\u00e5re mansjettknapper i gullbelagt s\u00f8lv med naturlig edelsten Onyx, en ekte klassisk skjortemansjettknapp som er laget for \u00e5 vare! En flott gave!","breadcrumb":{"@id":"https:\/\/fredfloris.eu\/productpage\/sevede-onyx-cufflinks\/#breadcrumb"},"inLanguage":"nb-NO","potentialAction":[{"@type":"ReadAction","target":["https:\/\/fredfloris.eu\/productpage\/sevede-onyx-cufflinks\/"]}]},{"@type":"ImageObject","inLanguage":"nb-NO","@id":"https:\/\/fredfloris.eu\/productpage\/sevede-onyx-cufflinks\/#primaryimage","url":"https:\/\/fredfloris.eu\/wp-content\/uploads\/2022\/08\/IMG_3191-scaled.jpg","contentUrl":"https:\/\/fredfloris.eu\/wp-content\/uploads\/2022\/08\/IMG_3191-scaled.jpg","width":2560,"height":1707,"caption":"Product: Sevede - Onyx Cufflinks \u2013 Gold Plated Silver"},{"@type":"BreadcrumbList","@id":"https:\/\/fredfloris.eu\/productpage\/sevede-onyx-cufflinks\/#breadcrumb","itemListElement":[{"@type":"ListItem","position":1,"name":"Home","item":"https:\/\/fredfloris.eu\/"},{"@type":"ListItem","position":2,"name":"Shop","item":"https:\/\/fredfloris.eu\/shop\/"},{"@type":"ListItem","position":3,"name":"Sevede &#8211; Onyx Cufflinks"}]},{"@type":"WebSite","@id":"https:\/\/fredfloris.eu\/#website","url":"https:\/\/fredfloris.eu\/","name":"FredFloris","description":"H\u00e5ndlagde skinnvarer - laget i Sverige","publisher":{"@id":"https:\/\/fredfloris.eu\/#organization"},"potentialAction":[{"@type":"SearchAction","target":{"@type":"EntryPoint","urlTemplate":"https:\/\/fredfloris.eu\/?s={search_term_string}"},"query-input":{"@type":"PropertyValueSpecification","valueRequired":true,"valueName":"search_term_string"}}],"inLanguage":"nb-NO"},{"@type":"Organization","@id":"https:\/\/fredfloris.eu\/#organization","name":"FredFloris","url":"https:\/\/fredfloris.eu\/","logo":{"@type":"ImageObject","inLanguage":"nb-NO","@id":"https:\/\/fredfloris.eu\/#\/schema\/logo\/image\/","url":"https:\/\/fredfloris.eu\/wp-content\/uploads\/2022\/03\/FredFloris-med-hel-nal-och-text.png","contentUrl":"https:\/\/fredfloris.eu\/wp-content\/uploads\/2022\/03\/FredFloris-med-hel-nal-och-text.png","width":591,"height":283,"caption":"FredFloris"},"image":{"@id":"https:\/\/fredfloris.eu\/#\/schema\/logo\/image\/"},"sameAs":["https:\/\/www.facebook.com\/FredFloris.Artisan.Studio\/","https:\/\/x.com\/_fredfloris_","https:\/\/www.instagram.com\/fredfloris.artisan.studio\/"]}]}},"brands":[{"id":204,"name":"FredFloris &amp; Partner","slug":"fredfloris-partner"}],"_links":{"self":[{"href":"https:\/\/fredfloris.eu\/nb\/wp-json\/wp\/v2\/product\/9920","targetHints":{"allow":["GET"]}}],"collection":[{"href":"https:\/\/fredfloris.eu\/nb\/wp-json\/wp\/v2\/product"}],"about":[{"href":"https:\/\/fredfloris.eu\/nb\/wp-json\/wp\/v2\/types\/product"}],"version-history":[{"count":12,"href":"https:\/\/fredfloris.eu\/nb\/wp-json\/wp\/v2\/product\/9920\/revisions"}],"predecessor-version":[{"id":11528,"href":"https:\/\/fredfloris.eu\/nb\/wp-json\/wp\/v2\/product\/9920\/revisions\/11528"}],"wp:featuredmedia":[{"embeddable":true,"href":"https:\/\/fredfloris.eu\/nb\/wp-json\/wp\/v2\/media\/9882"}],"wp:attachment":[{"href":"https:\/\/fredfloris.eu\/nb\/wp-json\/wp\/v2\/media?parent=9920"}],"wp:term":[{"taxonomy":"pwb-brand","embeddable":true,"href":"https:\/\/fredfloris.eu\/nb\/wp-json\/wp\/v2\/pwb-brand?post=9920"},{"taxonomy":"product_brand","embeddable":true,"href":"https:\/\/fredfloris.eu\/nb\/wp-json\/wp\/v2\/product_brand?post=9920"},{"taxonomy":"product_cat","embeddable":true,"href":"https:\/\/fredfloris.eu\/nb\/wp-json\/wp\/v2\/product_cat?post=9920"},{"taxonomy":"product_tag","embeddable":true,"href":"https:\/\/fredfloris.eu\/nb\/wp-json\/wp\/v2\/product_tag?post=9920"},{"taxonomy":"woo-feed-brand","embeddable":true,"href":"https:\/\/fredfloris.eu\/nb\/wp-json\/wp\/v2\/woo-feed-brand?post=9920"}],"curies":[{"name":"wp","href":"https:\/\/api.w.org\/{rel}","templated":true}]}}