{"id":9923,"date":"2022-08-21T16:07:31","date_gmt":"2022-08-21T14:07:31","guid":{"rendered":"https:\/\/fredfloris.eu\/?post_type=product&#038;p=9923"},"modified":"2024-06-24T20:35:40","modified_gmt":"2024-06-24T18:35:40","slug":"njudung-tigers-eye-cufflinks","status":"publish","type":"product","link":"https:\/\/fredfloris.eu\/nb\/productpage\/njudung-tigers-eye-cufflinks\/","title":{"rendered":"Njudung - Mansjettknapper med tiger\u00f8ye"},"content":{"rendered":"<p><strong>Oppdag v\u00e5re Njudung mansjettknapper, med en skive av Tiger\u00f8ye-edelsten innfattet i en ramme av edelt metall.<\/strong> N\u00e5r lyset treffer disse mansjettknappene, avsl\u00f8rer de gylne h\u00f8ydepunkter i edelstenens rike r\u00f8dbrune fargetoner, noe som gir et snev av naturlig skj\u00f8nnhet og glans til ethvert antrekk.<\/p>\n<p>Disse mansjettknappene er b\u00e5de funksjonelle og dekorative, noe som gj\u00f8r dem perfekte i alle sammenhenger, fra kontoret til festlige anledninger.<\/p>\n<p><strong>Produktspesifikasjoner:<\/strong><\/p>\n<ul>\n<li><strong>Basismateriale:<\/strong> Gullbelagt sterlings\u00f8lv 925<\/li>\n<li><strong>Innvendig diameter:<\/strong> 18 mm<\/li>\n<li><strong>Vekt:<\/strong> Omtrent 11 gram per par<\/li>\n<li><strong>Edelsten:<\/strong> Naturlig tiger\u00f8ye<\/li>\n<li><strong>Funksjoner:<\/strong> Nikkelfri og allergivennlig for \u00e5 forhindre hudirritasjon<\/li>\n<\/ul>\n<p>&nbsp;<\/p>\n<p>S\u00f8keord: Manschettknapper med tiger\u00f8ye, Klassisk skjorte mansjettknapper i gull<\/p>","protected":false},"excerpt":{"rendered":"<p><strong>PRODUKTDIMENSJONER <\/strong>Produktvekt: 11 g (par), mansjettknappens indre diameter: 18 mm.<\/p>\n<p>Tilgjengelig i 925 sterlings\u00f8lv med 24K gullbelegg - 0,4 \u00b5m.<\/p>\n<p>SKU: nju\/cuf\/gol\/tig<br \/>\nMerkevare: FredFloris &amp; Partner<\/p>\n<pre><\/pre>\n<p>V\u00e5r erfarne samarbeidspartner i Polen lager \u00f8redobber. Vi bruker 0,4 \u00b5m tykt s\u00f8lvbelagt s\u00f8lv, da det ikke gj\u00f8r smykkene m\u00f8rke eller matte. Produktet er noe motstandsdyktig mot misfarging, men f\u00f8lg v\u00e5re pleieanvisninger for \u00e5 forlenge levetiden til ditt nye smykke. Vi monterer edelstenen p\u00e5 basen i v\u00e5rt studio i Sverige.<\/p>\n<pre><\/pre>\n<p>Dette produktet er laget av naturmateriale: form, farge og tykkelse kan variere.<\/p>","protected":false},"featured_media":9902,"template":"","meta":[],"pwb-brand":[204],"product_brand":[],"product_cat":[118,121,101],"product_tag":[357,163,135,359],"woo-feed-brand":[],"class_list":{"0":"post-9923","1":"product","2":"type-product","3":"status-publish","4":"has-post-thumbnail","6":"pwb-brand-fredfloris-partner","7":"product_cat-cufflinks","8":"product_cat-gem-cufflinks","9":"product_cat-jewelry","10":"product_tag-gemstone","11":"product_tag-gold","12":"product_tag-stocked","13":"product_tag-tigers-eye","14":"product_shipping_class-small-goods","16":"first","17":"instock","18":"taxable","19":"shipping-taxable","20":"purchasable","21":"product-type-simple"},"yoast_head":"<!-- This site is optimized with the Yoast SEO plugin v27.2 - https:\/\/yoast.com\/product\/yoast-seo-wordpress\/ -->\n<title>Njudung - Tigers Eye Cufflinks | FredFloris<\/title>\n<meta name=\"description\" content=\"Check out our Tigers eye natural gemstone cufflinks in gold plated silver, a true classic shirt cufflink, made to last! Make for a great gift!\" \/>\n<meta name=\"robots\" content=\"index, follow, max-snippet:-1, max-image-preview:large, max-video-preview:-1\" \/>\n<link rel=\"canonical\" href=\"https:\/\/fredfloris.eu\/nb\/productpage\/njudung-tigers-eye-cufflinks\/?wmc-currency=NOK\" \/>\n<meta property=\"og:locale\" content=\"nb_NO\" \/>\n<meta property=\"og:type\" content=\"article\" \/>\n<meta property=\"og:title\" content=\"Njudung - Tigers Eye Cufflinks | FredFloris\" \/>\n<meta property=\"og:description\" content=\"Check out our Tigers eye natural gemstone cufflinks in gold plated silver, a true classic shirt cufflink, made to last! Make for a great gift!\" \/>\n<meta property=\"og:url\" content=\"https:\/\/fredfloris.eu\/nb\/productpage\/njudung-tigers-eye-cufflinks\/?wmc-currency=NOK\" \/>\n<meta property=\"og:site_name\" content=\"FredFloris\" \/>\n<meta property=\"article:publisher\" content=\"https:\/\/www.facebook.com\/FredFloris.Artisan.Studio\/\" \/>\n<meta property=\"article:modified_time\" content=\"2024-06-24T18:35:40+00:00\" \/>\n<meta property=\"og:image\" content=\"https:\/\/fredfloris.eu\/wp-content\/uploads\/2022\/08\/IMG_3204-scaled.jpg\" \/>\n\t<meta property=\"og:image:width\" content=\"2560\" \/>\n\t<meta property=\"og:image:height\" content=\"1707\" \/>\n\t<meta property=\"og:image:type\" content=\"image\/jpeg\" \/>\n<meta name=\"twitter:card\" content=\"summary_large_image\" \/>\n<meta name=\"twitter:site\" content=\"@_fredfloris_\" \/>\n<meta name=\"twitter:label1\" content=\"Ansl. lesetid\" \/>\n\t<meta name=\"twitter:data1\" content=\"1 minutt\" \/>\n<script type=\"application\/ld+json\" class=\"yoast-schema-graph\">{\"@context\":\"https:\/\/schema.org\",\"@graph\":[{\"@type\":\"WebPage\",\"@id\":\"https:\/\/fredfloris.eu\/productpage\/njudung-tigers-eye-cufflinks\/\",\"url\":\"https:\/\/fredfloris.eu\/productpage\/njudung-tigers-eye-cufflinks\/\",\"name\":\"Njudung - Tigers Eye Cufflinks | FredFloris\",\"isPartOf\":{\"@id\":\"https:\/\/fredfloris.eu\/#website\"},\"primaryImageOfPage\":{\"@id\":\"https:\/\/fredfloris.eu\/productpage\/njudung-tigers-eye-cufflinks\/#primaryimage\"},\"image\":{\"@id\":\"https:\/\/fredfloris.eu\/productpage\/njudung-tigers-eye-cufflinks\/#primaryimage\"},\"thumbnailUrl\":\"https:\/\/fredfloris.eu\/wp-content\/uploads\/2022\/08\/IMG_3204-scaled.jpg\",\"datePublished\":\"2022-08-21T14:07:31+00:00\",\"dateModified\":\"2024-06-24T18:35:40+00:00\",\"description\":\"Check out our Tigers eye natural gemstone cufflinks in gold plated silver, a true classic shirt cufflink, made to last! Make for a great gift!\",\"breadcrumb\":{\"@id\":\"https:\/\/fredfloris.eu\/productpage\/njudung-tigers-eye-cufflinks\/#breadcrumb\"},\"inLanguage\":\"nb-NO\",\"potentialAction\":[{\"@type\":\"ReadAction\",\"target\":[\"https:\/\/fredfloris.eu\/productpage\/njudung-tigers-eye-cufflinks\/\"]}]},{\"@type\":\"ImageObject\",\"inLanguage\":\"nb-NO\",\"@id\":\"https:\/\/fredfloris.eu\/productpage\/njudung-tigers-eye-cufflinks\/#primaryimage\",\"url\":\"https:\/\/fredfloris.eu\/wp-content\/uploads\/2022\/08\/IMG_3204-scaled.jpg\",\"contentUrl\":\"https:\/\/fredfloris.eu\/wp-content\/uploads\/2022\/08\/IMG_3204-scaled.jpg\",\"width\":2560,\"height\":1707,\"caption\":\"Product: Njudung - Tigers eye Cufflinks \u2013 Gold Plated Silver\"},{\"@type\":\"BreadcrumbList\",\"@id\":\"https:\/\/fredfloris.eu\/productpage\/njudung-tigers-eye-cufflinks\/#breadcrumb\",\"itemListElement\":[{\"@type\":\"ListItem\",\"position\":1,\"name\":\"Home\",\"item\":\"https:\/\/fredfloris.eu\/\"},{\"@type\":\"ListItem\",\"position\":2,\"name\":\"Shop\",\"item\":\"https:\/\/fredfloris.eu\/shop\/\"},{\"@type\":\"ListItem\",\"position\":3,\"name\":\"Njudung &#8211; Tigers Eye Cufflinks\"}]},{\"@type\":\"WebSite\",\"@id\":\"https:\/\/fredfloris.eu\/#website\",\"url\":\"https:\/\/fredfloris.eu\/\",\"name\":\"FredFloris\",\"description\":\"Handcrafted Leathergoods - Made in Sweden\",\"publisher\":{\"@id\":\"https:\/\/fredfloris.eu\/#organization\"},\"potentialAction\":[{\"@type\":\"SearchAction\",\"target\":{\"@type\":\"EntryPoint\",\"urlTemplate\":\"https:\/\/fredfloris.eu\/?s={search_term_string}\"},\"query-input\":{\"@type\":\"PropertyValueSpecification\",\"valueRequired\":true,\"valueName\":\"search_term_string\"}}],\"inLanguage\":\"nb-NO\"},{\"@type\":\"Organization\",\"@id\":\"https:\/\/fredfloris.eu\/#organization\",\"name\":\"FredFloris\",\"url\":\"https:\/\/fredfloris.eu\/\",\"logo\":{\"@type\":\"ImageObject\",\"inLanguage\":\"nb-NO\",\"@id\":\"https:\/\/fredfloris.eu\/#\/schema\/logo\/image\/\",\"url\":\"https:\/\/fredfloris.eu\/wp-content\/uploads\/2022\/03\/FredFloris-med-hel-nal-och-text.png\",\"contentUrl\":\"https:\/\/fredfloris.eu\/wp-content\/uploads\/2022\/03\/FredFloris-med-hel-nal-och-text.png\",\"width\":591,\"height\":283,\"caption\":\"FredFloris\"},\"image\":{\"@id\":\"https:\/\/fredfloris.eu\/#\/schema\/logo\/image\/\"},\"sameAs\":[\"https:\/\/www.facebook.com\/FredFloris.Artisan.Studio\/\",\"https:\/\/x.com\/_fredfloris_\",\"https:\/\/www.instagram.com\/fredfloris.artisan.studio\/\"]}]}<\/script>\n<!-- \/ Yoast SEO plugin. -->","yoast_head_json":{"title":"Njudung - Tigers Eye mansjettknapper | FredFloris","description":"Ta en titt p\u00e5 v\u00e5re Tigers eye mansjettknapper i gullbelagt s\u00f8lv, en ekte klassisk skjorte mansjettknapp, laget for \u00e5 vare! En flott gave!","robots":{"index":"index","follow":"follow","max-snippet":"max-snippet:-1","max-image-preview":"max-image-preview:large","max-video-preview":"max-video-preview:-1"},"canonical":"https:\/\/fredfloris.eu\/nb\/productpage\/njudung-tigers-eye-cufflinks\/?wmc-currency=NOK","og_locale":"nb_NO","og_type":"article","og_title":"Njudung - Tigers Eye Cufflinks | FredFloris","og_description":"Check out our Tigers eye natural gemstone cufflinks in gold plated silver, a true classic shirt cufflink, made to last! Make for a great gift!","og_url":"https:\/\/fredfloris.eu\/nb\/productpage\/njudung-tigers-eye-cufflinks\/?wmc-currency=NOK","og_site_name":"FredFloris","article_publisher":"https:\/\/www.facebook.com\/FredFloris.Artisan.Studio\/","article_modified_time":"2024-06-24T18:35:40+00:00","og_image":[{"width":2560,"height":1707,"url":"https:\/\/fredfloris.eu\/wp-content\/uploads\/2022\/08\/IMG_3204-scaled.jpg","type":"image\/jpeg"}],"twitter_card":"summary_large_image","twitter_site":"@_fredfloris_","twitter_misc":{"Ansl. lesetid":"1 minutt"},"schema":{"@context":"https:\/\/schema.org","@graph":[{"@type":"WebPage","@id":"https:\/\/fredfloris.eu\/productpage\/njudung-tigers-eye-cufflinks\/","url":"https:\/\/fredfloris.eu\/productpage\/njudung-tigers-eye-cufflinks\/","name":"Njudung - Tigers Eye mansjettknapper | FredFloris","isPartOf":{"@id":"https:\/\/fredfloris.eu\/#website"},"primaryImageOfPage":{"@id":"https:\/\/fredfloris.eu\/productpage\/njudung-tigers-eye-cufflinks\/#primaryimage"},"image":{"@id":"https:\/\/fredfloris.eu\/productpage\/njudung-tigers-eye-cufflinks\/#primaryimage"},"thumbnailUrl":"https:\/\/fredfloris.eu\/wp-content\/uploads\/2022\/08\/IMG_3204-scaled.jpg","datePublished":"2022-08-21T14:07:31+00:00","dateModified":"2024-06-24T18:35:40+00:00","description":"Ta en titt p\u00e5 v\u00e5re Tigers eye mansjettknapper i gullbelagt s\u00f8lv, en ekte klassisk skjorte mansjettknapp, laget for \u00e5 vare! En flott gave!","breadcrumb":{"@id":"https:\/\/fredfloris.eu\/productpage\/njudung-tigers-eye-cufflinks\/#breadcrumb"},"inLanguage":"nb-NO","potentialAction":[{"@type":"ReadAction","target":["https:\/\/fredfloris.eu\/productpage\/njudung-tigers-eye-cufflinks\/"]}]},{"@type":"ImageObject","inLanguage":"nb-NO","@id":"https:\/\/fredfloris.eu\/productpage\/njudung-tigers-eye-cufflinks\/#primaryimage","url":"https:\/\/fredfloris.eu\/wp-content\/uploads\/2022\/08\/IMG_3204-scaled.jpg","contentUrl":"https:\/\/fredfloris.eu\/wp-content\/uploads\/2022\/08\/IMG_3204-scaled.jpg","width":2560,"height":1707,"caption":"Product: Njudung - Tigers eye Cufflinks \u2013 Gold Plated Silver"},{"@type":"BreadcrumbList","@id":"https:\/\/fredfloris.eu\/productpage\/njudung-tigers-eye-cufflinks\/#breadcrumb","itemListElement":[{"@type":"ListItem","position":1,"name":"Home","item":"https:\/\/fredfloris.eu\/"},{"@type":"ListItem","position":2,"name":"Shop","item":"https:\/\/fredfloris.eu\/shop\/"},{"@type":"ListItem","position":3,"name":"Njudung &#8211; Tigers Eye Cufflinks"}]},{"@type":"WebSite","@id":"https:\/\/fredfloris.eu\/#website","url":"https:\/\/fredfloris.eu\/","name":"FredFloris","description":"H\u00e5ndlagde skinnvarer - laget i Sverige","publisher":{"@id":"https:\/\/fredfloris.eu\/#organization"},"potentialAction":[{"@type":"SearchAction","target":{"@type":"EntryPoint","urlTemplate":"https:\/\/fredfloris.eu\/?s={search_term_string}"},"query-input":{"@type":"PropertyValueSpecification","valueRequired":true,"valueName":"search_term_string"}}],"inLanguage":"nb-NO"},{"@type":"Organization","@id":"https:\/\/fredfloris.eu\/#organization","name":"FredFloris","url":"https:\/\/fredfloris.eu\/","logo":{"@type":"ImageObject","inLanguage":"nb-NO","@id":"https:\/\/fredfloris.eu\/#\/schema\/logo\/image\/","url":"https:\/\/fredfloris.eu\/wp-content\/uploads\/2022\/03\/FredFloris-med-hel-nal-och-text.png","contentUrl":"https:\/\/fredfloris.eu\/wp-content\/uploads\/2022\/03\/FredFloris-med-hel-nal-och-text.png","width":591,"height":283,"caption":"FredFloris"},"image":{"@id":"https:\/\/fredfloris.eu\/#\/schema\/logo\/image\/"},"sameAs":["https:\/\/www.facebook.com\/FredFloris.Artisan.Studio\/","https:\/\/x.com\/_fredfloris_","https:\/\/www.instagram.com\/fredfloris.artisan.studio\/"]}]}},"brands":[{"id":204,"name":"FredFloris &amp; Partner","slug":"fredfloris-partner"}],"_links":{"self":[{"href":"https:\/\/fredfloris.eu\/nb\/wp-json\/wp\/v2\/product\/9923","targetHints":{"allow":["GET"]}}],"collection":[{"href":"https:\/\/fredfloris.eu\/nb\/wp-json\/wp\/v2\/product"}],"about":[{"href":"https:\/\/fredfloris.eu\/nb\/wp-json\/wp\/v2\/types\/product"}],"version-history":[{"count":9,"href":"https:\/\/fredfloris.eu\/nb\/wp-json\/wp\/v2\/product\/9923\/revisions"}],"predecessor-version":[{"id":11527,"href":"https:\/\/fredfloris.eu\/nb\/wp-json\/wp\/v2\/product\/9923\/revisions\/11527"}],"wp:featuredmedia":[{"embeddable":true,"href":"https:\/\/fredfloris.eu\/nb\/wp-json\/wp\/v2\/media\/9902"}],"wp:attachment":[{"href":"https:\/\/fredfloris.eu\/nb\/wp-json\/wp\/v2\/media?parent=9923"}],"wp:term":[{"taxonomy":"pwb-brand","embeddable":true,"href":"https:\/\/fredfloris.eu\/nb\/wp-json\/wp\/v2\/pwb-brand?post=9923"},{"taxonomy":"product_brand","embeddable":true,"href":"https:\/\/fredfloris.eu\/nb\/wp-json\/wp\/v2\/product_brand?post=9923"},{"taxonomy":"product_cat","embeddable":true,"href":"https:\/\/fredfloris.eu\/nb\/wp-json\/wp\/v2\/product_cat?post=9923"},{"taxonomy":"product_tag","embeddable":true,"href":"https:\/\/fredfloris.eu\/nb\/wp-json\/wp\/v2\/product_tag?post=9923"},{"taxonomy":"woo-feed-brand","embeddable":true,"href":"https:\/\/fredfloris.eu\/nb\/wp-json\/wp\/v2\/woo-feed-brand?post=9923"}],"curies":[{"name":"wp","href":"https:\/\/api.w.org\/{rel}","templated":true}]}}