{"id":10760,"date":"2024-02-27T20:41:14","date_gmt":"2024-02-27T18:41:14","guid":{"rendered":"https:\/\/fredfloris.eu\/?post_type=product&#038;p=10760"},"modified":"2025-01-05T12:22:59","modified_gmt":"2025-01-05T10:22:59","slug":"personalised-leather-labels","status":"publish","type":"product","link":"https:\/\/fredfloris.eu\/nl\/productpage\/personalised-leather-labels\/","title":{"rendered":"Gepersonaliseerde Leren Etiketten"},"content":{"rendered":"<p><strong>Personalisatie:<\/strong> Om zelf uw eigen ontwerp te maken, voegt u zowel het artikel als het door u gekozen ontwerp toe aan uw shoppingbag.<\/p>\n<p><a class=\"lumise-customize-button button alt\" href=\"https:\/\/fredfloris.eu\/nl\/productpage\/customize-leather-labels\/?wmc-currency=EUR\" name=\"customize\">Aanpassen<\/a><\/p>\n<p>Geef uw handgemaakte artikelen de ultieme finishing touch met een gepersonaliseerd leren label. Elk label is niet zomaar een accessoire, maar een statement van kwaliteit en individualiteit.<\/p>\n<p>Onze etiketten worden geproduceerd met behulp van een nauwkeurig lasergraveer- en snijproces, waardoor elk etiket een kenmerkende donkere rand krijgt, wat een element van verfijnde afwerking toevoegt. Elk etiket is behandeld om de natuurlijke brandgeur te minimaliseren, de resterende geur verdwijnt na verloop van tijd. Deze labels zijn perfect om een persoonlijk tintje toe te voegen aan artikelen zoals gebreide sjaals of mutsen.<\/p>\n<p>&nbsp;<\/p>\n<p><strong>Kleuren en dikte:<\/strong><\/p>\n<ul>\n<li><strong>Cognac<\/strong>: 2 mm plantaardig gelooid leer uit Itali\u00eb<\/li>\n<li><strong>Lichtbruin<\/strong>: 1 mm plantaardig gelooid leer uit Itali\u00eb<\/li>\n<li><strong>Natuurlijk<\/strong>: Ongeverfd leer, 1 mm plantaardig gelooid leer uit Itali\u00eb<\/li>\n<\/ul>\n<p>&nbsp;<\/p>\n<p>Als u een aangepaste kleur of dikte wenst, neem dan contact met ons op om onze huidige voorraadopties te bekijken.<\/p>\n<p>&nbsp;<\/p>\n<p><strong>Maten en Vormen:<\/strong><\/p>\n<ul>\n<li><strong>Cirkel:<\/strong> De beschikbare diameters zijn 15 mm, 20 mm, 25 mm, 30 mm en 35 mm.<\/li>\n<li><strong>Vierkant:<\/strong> Maten zijn 20\u00d720 mm, 25\u00d725 mm en 30\u00d730 mm.<\/li>\n<li><strong>Rechthoek:<\/strong> Verkrijgbaar tot afmetingen van 40\u00d715 mm en 70\u00d720 mm<\/li>\n<\/ul>\n<p>&nbsp;<\/p>\n<p>Aangepaste maten zijn beschikbaar om de perfecte pasvorm voor uw ontwerpen te garanderen. Neem contact met ons op voordat u een bestelling plaatst voor aangepaste maten, of wij nemen contact met u op als u een \u2018kleinere dan\u2019 maat bestelt om de details te bespreken.<\/p>\n<p><strong>Opties voor bevestiging:<\/strong><\/p>\n<ul>\n<li>Gaten voor klinknagels of schroeven<\/li>\n<li>Gaten voor handstikken<\/li>\n<li>Geleidingsmarkeringen voor machinaal naaien<\/li>\n<li>Opties zonder gaten of markeringen zijn op aanvraag verkrijgbaar.<\/li>\n<\/ul>\n<p>&nbsp;<\/p>\n<p><strong>Ondersteuning en diensten:<\/strong><\/p>\n<p>Ons team staat klaar om u te helpen met eventuele vragen of specifieke verzoeken. Kleine correcties aan uw ontwerp zijn bij de prijs inbegrepen.<\/p>\n<p><em><strong>Nadat u uw bestelling hebt geplaatst, zullen wij de verstrekte informatie verzamelen en u vragen om deze te verifi\u00ebren, zodat er geen misverstanden ontstaan.<\/strong><\/em><\/p>\n<p><em><strong>We maken ook een voorbeeld van uw ontwerp en sturen u een afbeelding ter goedkeuring voordat we het eindproduct verzenden.<\/strong><\/em><\/p>\n<p>Voor uitgebreidere aanpassingen kunt u onze ontwerpservices overwegen, zoals Bestandscontrole &amp; Fix of Bewerken &amp; Ontwerpen.<\/p>\n<p>Bij FredFloris waarderen we de schoonheid van handgemaakte artikelen, perfect voor persoonlijk gebruik of als speciale cadeaus.<\/p>\n<p>&nbsp;<\/p>\n<p>&nbsp;<\/p>\n<p>Trefwoorden: Gepersonaliseerde Leren Labels, Aangepaste Naailabels, leren label, haaklabel, Leren labels voor brei DIY<\/p>","protected":false},"excerpt":{"rendered":"<p>SKU: per\/lea\/lab<\/p>","protected":false},"featured_media":11712,"template":"","meta":[],"pwb-brand":[203],"product_brand":[],"product_cat":[392],"product_tag":[105],"woo-feed-brand":[],"class_list":{"0":"post-10760","1":"product","2":"type-product","3":"status-publish","4":"has-post-thumbnail","6":"pwb-brand-fredfloris","7":"product_cat-sewing-labels","8":"product_tag-made-to-order","9":"product_shipping_class-small-goods","10":"pa_leather-colour-cognac-pull-up","11":"pa_leather-colour-light-brown-no1","12":"pa_leather-colour-natural","14":"first","15":"instock","16":"taxable","17":"shipping-taxable","18":"purchasable","19":"product-type-variable","20":"has-default-attributes"},"yoast_head":"<!-- This site is optimized with the Yoast SEO plugin v27.2 - https:\/\/yoast.com\/product\/yoast-seo-wordpress\/ -->\n<title>Custom Leather Labels for Crafting | Personalised Sewing Tags<\/title>\n<meta name=\"description\" content=\"Elevate your handmade creations with our Custom Leather Labels. Perfect for knitters, crocheters, and crafters, these personalised sewing tags, add a unique touch to any project.\" \/>\n<meta name=\"robots\" content=\"index, follow, max-snippet:-1, max-image-preview:large, max-video-preview:-1\" \/>\n<link rel=\"canonical\" href=\"https:\/\/fredfloris.eu\/nl\/productpage\/personalised-leather-labels\/?wmc-currency=EUR\" \/>\n<meta property=\"og:locale\" content=\"nl_NL\" \/>\n<meta property=\"og:type\" content=\"article\" \/>\n<meta property=\"og:title\" content=\"Custom Leather Labels for Crafting | Personalised Sewing Tags\" \/>\n<meta property=\"og:description\" content=\"Elevate your handmade creations with our Custom Leather Labels. Perfect for knitters, crocheters, and crafters, these personalised sewing tags, add a unique touch to any project.\" \/>\n<meta property=\"og:url\" content=\"https:\/\/fredfloris.eu\/nl\/productpage\/personalised-leather-labels\/?wmc-currency=EUR\" \/>\n<meta property=\"og:site_name\" content=\"FredFloris\" \/>\n<meta property=\"article:publisher\" content=\"https:\/\/www.facebook.com\/FredFloris.Artisan.Studio\/\" \/>\n<meta property=\"article:modified_time\" content=\"2025-01-05T10:22:59+00:00\" \/>\n<meta property=\"og:image\" content=\"https:\/\/fredfloris.eu\/wp-content\/uploads\/2025\/01\/IMG_6475-scaled.jpg\" \/>\n\t<meta property=\"og:image:width\" content=\"2560\" \/>\n\t<meta property=\"og:image:height\" content=\"1707\" \/>\n\t<meta property=\"og:image:type\" content=\"image\/jpeg\" \/>\n<meta name=\"twitter:card\" content=\"summary_large_image\" \/>\n<meta name=\"twitter:site\" content=\"@_fredfloris_\" \/>\n<meta name=\"twitter:label1\" content=\"Geschatte leestijd\" \/>\n\t<meta name=\"twitter:data1\" content=\"2 minuten\" \/>\n<script type=\"application\/ld+json\" class=\"yoast-schema-graph\">{\"@context\":\"https:\/\/schema.org\",\"@graph\":[{\"@type\":\"WebPage\",\"@id\":\"https:\/\/fredfloris.eu\/productpage\/personalised-leather-labels\/\",\"url\":\"https:\/\/fredfloris.eu\/productpage\/personalised-leather-labels\/\",\"name\":\"Custom Leather Labels for Crafting | Personalised Sewing Tags\",\"isPartOf\":{\"@id\":\"https:\/\/fredfloris.eu\/#website\"},\"primaryImageOfPage\":{\"@id\":\"https:\/\/fredfloris.eu\/productpage\/personalised-leather-labels\/#primaryimage\"},\"image\":{\"@id\":\"https:\/\/fredfloris.eu\/productpage\/personalised-leather-labels\/#primaryimage\"},\"thumbnailUrl\":\"https:\/\/fredfloris.eu\/wp-content\/uploads\/2025\/01\/IMG_6475-scaled.jpg\",\"datePublished\":\"2024-02-27T18:41:14+00:00\",\"dateModified\":\"2025-01-05T10:22:59+00:00\",\"description\":\"Elevate your handmade creations with our Custom Leather Labels. Perfect for knitters, crocheters, and crafters, these personalised sewing tags, add a unique touch to any project.\",\"breadcrumb\":{\"@id\":\"https:\/\/fredfloris.eu\/productpage\/personalised-leather-labels\/#breadcrumb\"},\"inLanguage\":\"nl-NL\",\"potentialAction\":[{\"@type\":\"ReadAction\",\"target\":[\"https:\/\/fredfloris.eu\/productpage\/personalised-leather-labels\/\"]}]},{\"@type\":\"ImageObject\",\"inLanguage\":\"nl-NL\",\"@id\":\"https:\/\/fredfloris.eu\/productpage\/personalised-leather-labels\/#primaryimage\",\"url\":\"https:\/\/fredfloris.eu\/wp-content\/uploads\/2025\/01\/IMG_6475-scaled.jpg\",\"contentUrl\":\"https:\/\/fredfloris.eu\/wp-content\/uploads\/2025\/01\/IMG_6475-scaled.jpg\",\"width\":2560,\"height\":1707,\"caption\":\"Product: Personalised Leather Labels\"},{\"@type\":\"BreadcrumbList\",\"@id\":\"https:\/\/fredfloris.eu\/productpage\/personalised-leather-labels\/#breadcrumb\",\"itemListElement\":[{\"@type\":\"ListItem\",\"position\":1,\"name\":\"Home\",\"item\":\"https:\/\/fredfloris.eu\/\"},{\"@type\":\"ListItem\",\"position\":2,\"name\":\"Shop\",\"item\":\"https:\/\/fredfloris.eu\/shop\/\"},{\"@type\":\"ListItem\",\"position\":3,\"name\":\"Personalised Leather Labels\"}]},{\"@type\":\"WebSite\",\"@id\":\"https:\/\/fredfloris.eu\/#website\",\"url\":\"https:\/\/fredfloris.eu\/\",\"name\":\"FredFloris\",\"description\":\"Handcrafted Leathergoods - Made in Sweden\",\"publisher\":{\"@id\":\"https:\/\/fredfloris.eu\/#organization\"},\"potentialAction\":[{\"@type\":\"SearchAction\",\"target\":{\"@type\":\"EntryPoint\",\"urlTemplate\":\"https:\/\/fredfloris.eu\/?s={search_term_string}\"},\"query-input\":{\"@type\":\"PropertyValueSpecification\",\"valueRequired\":true,\"valueName\":\"search_term_string\"}}],\"inLanguage\":\"nl-NL\"},{\"@type\":\"Organization\",\"@id\":\"https:\/\/fredfloris.eu\/#organization\",\"name\":\"FredFloris\",\"url\":\"https:\/\/fredfloris.eu\/\",\"logo\":{\"@type\":\"ImageObject\",\"inLanguage\":\"nl-NL\",\"@id\":\"https:\/\/fredfloris.eu\/#\/schema\/logo\/image\/\",\"url\":\"https:\/\/fredfloris.eu\/wp-content\/uploads\/2022\/03\/FredFloris-med-hel-nal-och-text.png\",\"contentUrl\":\"https:\/\/fredfloris.eu\/wp-content\/uploads\/2022\/03\/FredFloris-med-hel-nal-och-text.png\",\"width\":591,\"height\":283,\"caption\":\"FredFloris\"},\"image\":{\"@id\":\"https:\/\/fredfloris.eu\/#\/schema\/logo\/image\/\"},\"sameAs\":[\"https:\/\/www.facebook.com\/FredFloris.Artisan.Studio\/\",\"https:\/\/x.com\/_fredfloris_\",\"https:\/\/www.instagram.com\/fredfloris.artisan.studio\/\"]}]}<\/script>\n<!-- \/ Yoast SEO plugin. -->","yoast_head_json":{"title":"Custom Leather Labels voor Knutselen | Gepersonaliseerde Naailabels","description":"Verfraai uw handgemaakte creaties met onze Custom Leather Labels. Deze gepersonaliseerde naailabels zijn perfect voor breisters, haaksters en ambachtslieden en geven elk project een uniek tintje.","robots":{"index":"index","follow":"follow","max-snippet":"max-snippet:-1","max-image-preview":"max-image-preview:large","max-video-preview":"max-video-preview:-1"},"canonical":"https:\/\/fredfloris.eu\/nl\/productpage\/personalised-leather-labels\/?wmc-currency=EUR","og_locale":"nl_NL","og_type":"article","og_title":"Custom Leather Labels for Crafting | Personalised Sewing Tags","og_description":"Elevate your handmade creations with our Custom Leather Labels. Perfect for knitters, crocheters, and crafters, these personalised sewing tags, add a unique touch to any project.","og_url":"https:\/\/fredfloris.eu\/nl\/productpage\/personalised-leather-labels\/?wmc-currency=EUR","og_site_name":"FredFloris","article_publisher":"https:\/\/www.facebook.com\/FredFloris.Artisan.Studio\/","article_modified_time":"2025-01-05T10:22:59+00:00","og_image":[{"width":2560,"height":1707,"url":"https:\/\/fredfloris.eu\/wp-content\/uploads\/2025\/01\/IMG_6475-scaled.jpg","type":"image\/jpeg"}],"twitter_card":"summary_large_image","twitter_site":"@_fredfloris_","twitter_misc":{"Geschatte leestijd":"2 minuten"},"schema":{"@context":"https:\/\/schema.org","@graph":[{"@type":"WebPage","@id":"https:\/\/fredfloris.eu\/productpage\/personalised-leather-labels\/","url":"https:\/\/fredfloris.eu\/productpage\/personalised-leather-labels\/","name":"Custom Leather Labels voor Knutselen | Gepersonaliseerde Naailabels","isPartOf":{"@id":"https:\/\/fredfloris.eu\/#website"},"primaryImageOfPage":{"@id":"https:\/\/fredfloris.eu\/productpage\/personalised-leather-labels\/#primaryimage"},"image":{"@id":"https:\/\/fredfloris.eu\/productpage\/personalised-leather-labels\/#primaryimage"},"thumbnailUrl":"https:\/\/fredfloris.eu\/wp-content\/uploads\/2025\/01\/IMG_6475-scaled.jpg","datePublished":"2024-02-27T18:41:14+00:00","dateModified":"2025-01-05T10:22:59+00:00","description":"Verfraai uw handgemaakte creaties met onze Custom Leather Labels. Deze gepersonaliseerde naailabels zijn perfect voor breisters, haaksters en ambachtslieden en geven elk project een uniek tintje.","breadcrumb":{"@id":"https:\/\/fredfloris.eu\/productpage\/personalised-leather-labels\/#breadcrumb"},"inLanguage":"nl-NL","potentialAction":[{"@type":"ReadAction","target":["https:\/\/fredfloris.eu\/productpage\/personalised-leather-labels\/"]}]},{"@type":"ImageObject","inLanguage":"nl-NL","@id":"https:\/\/fredfloris.eu\/productpage\/personalised-leather-labels\/#primaryimage","url":"https:\/\/fredfloris.eu\/wp-content\/uploads\/2025\/01\/IMG_6475-scaled.jpg","contentUrl":"https:\/\/fredfloris.eu\/wp-content\/uploads\/2025\/01\/IMG_6475-scaled.jpg","width":2560,"height":1707,"caption":"Product: Personalised Leather Labels"},{"@type":"BreadcrumbList","@id":"https:\/\/fredfloris.eu\/productpage\/personalised-leather-labels\/#breadcrumb","itemListElement":[{"@type":"ListItem","position":1,"name":"Home","item":"https:\/\/fredfloris.eu\/"},{"@type":"ListItem","position":2,"name":"Shop","item":"https:\/\/fredfloris.eu\/shop\/"},{"@type":"ListItem","position":3,"name":"Personalised Leather Labels"}]},{"@type":"WebSite","@id":"https:\/\/fredfloris.eu\/#website","url":"https:\/\/fredfloris.eu\/","name":"FredFloris","description":"Handgemaakte lederwaren - Made in Sweden","publisher":{"@id":"https:\/\/fredfloris.eu\/#organization"},"potentialAction":[{"@type":"SearchAction","target":{"@type":"EntryPoint","urlTemplate":"https:\/\/fredfloris.eu\/?s={search_term_string}"},"query-input":{"@type":"PropertyValueSpecification","valueRequired":true,"valueName":"search_term_string"}}],"inLanguage":"nl-NL"},{"@type":"Organization","@id":"https:\/\/fredfloris.eu\/#organization","name":"FredFloris","url":"https:\/\/fredfloris.eu\/","logo":{"@type":"ImageObject","inLanguage":"nl-NL","@id":"https:\/\/fredfloris.eu\/#\/schema\/logo\/image\/","url":"https:\/\/fredfloris.eu\/wp-content\/uploads\/2022\/03\/FredFloris-med-hel-nal-och-text.png","contentUrl":"https:\/\/fredfloris.eu\/wp-content\/uploads\/2022\/03\/FredFloris-med-hel-nal-och-text.png","width":591,"height":283,"caption":"FredFloris"},"image":{"@id":"https:\/\/fredfloris.eu\/#\/schema\/logo\/image\/"},"sameAs":["https:\/\/www.facebook.com\/FredFloris.Artisan.Studio\/","https:\/\/x.com\/_fredfloris_","https:\/\/www.instagram.com\/fredfloris.artisan.studio\/"]}]}},"brands":[{"id":203,"name":"FredFloris","slug":"fredfloris"}],"_links":{"self":[{"href":"https:\/\/fredfloris.eu\/nl\/wp-json\/wp\/v2\/product\/10760","targetHints":{"allow":["GET"]}}],"collection":[{"href":"https:\/\/fredfloris.eu\/nl\/wp-json\/wp\/v2\/product"}],"about":[{"href":"https:\/\/fredfloris.eu\/nl\/wp-json\/wp\/v2\/types\/product"}],"version-history":[{"count":38,"href":"https:\/\/fredfloris.eu\/nl\/wp-json\/wp\/v2\/product\/10760\/revisions"}],"predecessor-version":[{"id":11131,"href":"https:\/\/fredfloris.eu\/nl\/wp-json\/wp\/v2\/product\/10760\/revisions\/11131"}],"wp:featuredmedia":[{"embeddable":true,"href":"https:\/\/fredfloris.eu\/nl\/wp-json\/wp\/v2\/media\/11712"}],"wp:attachment":[{"href":"https:\/\/fredfloris.eu\/nl\/wp-json\/wp\/v2\/media?parent=10760"}],"wp:term":[{"taxonomy":"pwb-brand","embeddable":true,"href":"https:\/\/fredfloris.eu\/nl\/wp-json\/wp\/v2\/pwb-brand?post=10760"},{"taxonomy":"product_brand","embeddable":true,"href":"https:\/\/fredfloris.eu\/nl\/wp-json\/wp\/v2\/product_brand?post=10760"},{"taxonomy":"product_cat","embeddable":true,"href":"https:\/\/fredfloris.eu\/nl\/wp-json\/wp\/v2\/product_cat?post=10760"},{"taxonomy":"product_tag","embeddable":true,"href":"https:\/\/fredfloris.eu\/nl\/wp-json\/wp\/v2\/product_tag?post=10760"},{"taxonomy":"woo-feed-brand","embeddable":true,"href":"https:\/\/fredfloris.eu\/nl\/wp-json\/wp\/v2\/woo-feed-brand?post=10760"}],"curies":[{"name":"wp","href":"https:\/\/api.w.org\/{rel}","templated":true}]}}