{"id":5121,"date":"2022-05-16T16:45:25","date_gmt":"2022-05-16T14:45:25","guid":{"rendered":"https:\/\/fredfloris.eu\/?post_type=product&#038;p=5121"},"modified":"2024-06-24T21:26:17","modified_gmt":"2024-06-24T19:26:17","slug":"birka-coasters","status":"publish","type":"product","link":"https:\/\/fredfloris.eu\/nl\/productpage\/birka-coasters\/","title":{"rendered":"Birka - Leren Onderzetters"},"content":{"rendered":"<p><strong>De prijs is voor een set van 6 leren onderzetters<\/strong><\/p>\n<p><strong>Personalisatie:<\/strong> Voeg zonder extra kosten een naam, afbeelding of bericht toe. Als u uw eigen ontwerp wilt toevoegen, voegt u gewoon zowel het product als het door u gekozen ontwerp aan uw mandje toe.<\/p>\n<p><a class=\"lumise-customize-button button alt\" href=\"https:\/\/fredfloris.eu\/nl\/productpage\/customize-birka-leather-coasters\/?wmc-currency=EUR\" name=\"customize\">Aanpassen<\/a><\/p>\n<p><strong>Verfraai uw huis met onze set van 6 leren onderzetters, ontworpen om uw oppervlakken te beschermen en uw meubels aan te vullen.<\/strong> Deze onderzetters combineren een moderne ronde vorm met de tijdloze aantrekkingskracht van leer, waardoor traditionele en hedendaagse stijlen naadloos in elkaar overgaan. Of u nu geniet van het geluid van kletterend ijs in een glas of van het zachte gerinkel van een lepel in keramiek, deze onderzetters zorgen ervoor dat uw drankje een verfijnde rustplaats heeft.<\/p>\n<p><strong>Productspecificaties:<\/strong><\/p>\n<ul>\n<li><strong>Volledig met de hand gemaakt in onze Leather Art Studio in familiebezit<\/strong><\/li>\n<li><strong>Materiaal:<\/strong> Gemaakt van plantaardig gelooid volnerf Zweeds leer<\/li>\n<li><strong>Steun:<\/strong> De Portugese kurkrug verbetert de stabiliteit en voegt een extra beschermingslaag toe aan uw meubilair<\/li>\n<li><strong>Waterbestendigheid:<\/strong> Ontworpen om de condens van uw drank te weerstaan, zodat oppervlakken droog en schoon blijven<\/li>\n<li><strong>Grootte:<\/strong> Elke onderzetter heeft een diameter van 100 mm<\/li>\n<li><strong>Kleuropties:<\/strong> Verkrijgbaar in zwart en bruin, zodat u het bij uw inrichting kunt laten passen of een contrasterend accent kunt toevoegen<\/li>\n<\/ul>\n<p>&nbsp;<\/p>\n<p>&nbsp;<\/p>\n<p>Zoekwoorden: Zwarte leren onderzetter, Tafel, drank leren onderzetter<\/p>","protected":false},"excerpt":{"rendered":"<p>Het volnerfleer is afkomstig van lokale Zweedse boerderijen en plantaardig gelooid door de Zweedse looierij T\u00e4rnsj\u00f6 Garveri. De looierij in T\u00e4rnsj\u00f6 is in het bezit van het Organic 100 en TUV certificaat dat garandeert dat de producten die in de looierij geproduceerd worden biologisch 95% zijn en in een veilige faciliteit worden gemaakt.<\/p>\n<pre><\/pre>\n<p>Zodra we het leer hebben ontvangen, maakt ons atelier de onderzetters helemaal met de hand. Onze onderzetter wordt gesneden uit het dikke Zweedse leer en vervolgens gevoerd met natuurlijk Portugees kurk. Om het uiterlijk af te maken, is onze onderzetter voorzien van ons kenmerkende logo in reli\u00ebf.<\/p>\n<pre><\/pre>\n<p>SKU: bir\/coa\/lea\/bla Merk: FredFloris<\/p>","protected":false},"featured_media":10483,"template":"","meta":[],"pwb-brand":[203],"product_brand":[],"product_cat":[109,100],"product_tag":[123,136,105],"woo-feed-brand":[],"class_list":{"0":"post-5121","1":"product","2":"type-product","3":"status-publish","4":"has-post-thumbnail","6":"pwb-brand-fredfloris","7":"product_cat-coasters","8":"product_cat-leathergoods","9":"product_tag-full-grain-leather","10":"product_tag-handmade","11":"product_tag-made-to-order","12":"product_shipping_class-small-goods","13":"pa_leather-colour-black-croupon-swedish","14":"pa_leather-colour-brown-croupon-swedish","16":"first","17":"instock","18":"taxable","19":"shipping-taxable","20":"purchasable","21":"product-type-variable"},"yoast_head":"<!-- This site is optimized with the Yoast SEO plugin v27.2 - https:\/\/yoast.com\/product\/yoast-seo-wordpress\/ -->\n<title>Black Leather Coaster With Cork Backing | FredFloris<\/title>\n<meta name=\"description\" content=\"Black leather coaster that is minimalistic in appearance and sourced from Swedish farms. Perfect as a drink coaster and table coaster.\" \/>\n<meta name=\"robots\" content=\"index, follow, max-snippet:-1, max-image-preview:large, max-video-preview:-1\" \/>\n<link rel=\"canonical\" href=\"https:\/\/fredfloris.eu\/nl\/productpage\/birka-coasters\/?wmc-currency=EUR\" \/>\n<meta property=\"og:locale\" content=\"nl_NL\" \/>\n<meta property=\"og:type\" content=\"article\" \/>\n<meta property=\"og:title\" content=\"Black Leather Coaster With Cork Backing | FredFloris\" \/>\n<meta property=\"og:description\" content=\"Black leather coaster that is minimalistic in appearance and sourced from Swedish farms. Perfect as a drink coaster and table coaster.\" \/>\n<meta property=\"og:url\" content=\"https:\/\/fredfloris.eu\/nl\/productpage\/birka-coasters\/?wmc-currency=EUR\" \/>\n<meta property=\"og:site_name\" content=\"FredFloris\" \/>\n<meta property=\"article:publisher\" content=\"https:\/\/www.facebook.com\/FredFloris.Artisan.Studio\/\" \/>\n<meta property=\"article:modified_time\" content=\"2024-06-24T19:26:17+00:00\" \/>\n<meta property=\"og:image\" content=\"https:\/\/fredfloris.eu\/wp-content\/uploads\/2023\/09\/IMG_5580-scaled.jpg\" \/>\n\t<meta property=\"og:image:width\" content=\"2560\" \/>\n\t<meta property=\"og:image:height\" content=\"1707\" \/>\n\t<meta property=\"og:image:type\" content=\"image\/jpeg\" \/>\n<meta name=\"twitter:card\" content=\"summary_large_image\" \/>\n<meta name=\"twitter:site\" content=\"@_fredfloris_\" \/>\n<meta name=\"twitter:label1\" content=\"Geschatte leestijd\" \/>\n\t<meta name=\"twitter:data1\" content=\"2 minuten\" \/>\n<script type=\"application\/ld+json\" class=\"yoast-schema-graph\">{\"@context\":\"https:\/\/schema.org\",\"@graph\":[{\"@type\":\"WebPage\",\"@id\":\"https:\/\/fredfloris.eu\/productpage\/birka-coasters\/\",\"url\":\"https:\/\/fredfloris.eu\/productpage\/birka-coasters\/\",\"name\":\"Black Leather Coaster With Cork Backing | FredFloris\",\"isPartOf\":{\"@id\":\"https:\/\/fredfloris.eu\/#website\"},\"primaryImageOfPage\":{\"@id\":\"https:\/\/fredfloris.eu\/productpage\/birka-coasters\/#primaryimage\"},\"image\":{\"@id\":\"https:\/\/fredfloris.eu\/productpage\/birka-coasters\/#primaryimage\"},\"thumbnailUrl\":\"https:\/\/fredfloris.eu\/wp-content\/uploads\/2023\/09\/IMG_5580-scaled.jpg\",\"datePublished\":\"2022-05-16T14:45:25+00:00\",\"dateModified\":\"2024-06-24T19:26:17+00:00\",\"description\":\"Black leather coaster that is minimalistic in appearance and sourced from Swedish farms. Perfect as a drink coaster and table coaster.\",\"breadcrumb\":{\"@id\":\"https:\/\/fredfloris.eu\/productpage\/birka-coasters\/#breadcrumb\"},\"inLanguage\":\"nl-NL\",\"potentialAction\":[{\"@type\":\"ReadAction\",\"target\":[\"https:\/\/fredfloris.eu\/productpage\/birka-coasters\/\"]}]},{\"@type\":\"ImageObject\",\"inLanguage\":\"nl-NL\",\"@id\":\"https:\/\/fredfloris.eu\/productpage\/birka-coasters\/#primaryimage\",\"url\":\"https:\/\/fredfloris.eu\/wp-content\/uploads\/2023\/09\/IMG_5580-scaled.jpg\",\"contentUrl\":\"https:\/\/fredfloris.eu\/wp-content\/uploads\/2023\/09\/IMG_5580-scaled.jpg\",\"width\":2560,\"height\":1707,\"caption\":\"Product: Birka - Leather Coasters, Colour: Black & Brown, Cork Backing For Coasters\"},{\"@type\":\"BreadcrumbList\",\"@id\":\"https:\/\/fredfloris.eu\/productpage\/birka-coasters\/#breadcrumb\",\"itemListElement\":[{\"@type\":\"ListItem\",\"position\":1,\"name\":\"Home\",\"item\":\"https:\/\/fredfloris.eu\/\"},{\"@type\":\"ListItem\",\"position\":2,\"name\":\"Shop\",\"item\":\"https:\/\/fredfloris.eu\/shop\/\"},{\"@type\":\"ListItem\",\"position\":3,\"name\":\"Birka &#8211; Leather Coasters\"}]},{\"@type\":\"WebSite\",\"@id\":\"https:\/\/fredfloris.eu\/#website\",\"url\":\"https:\/\/fredfloris.eu\/\",\"name\":\"FredFloris\",\"description\":\"Handcrafted Leathergoods - Made in Sweden\",\"publisher\":{\"@id\":\"https:\/\/fredfloris.eu\/#organization\"},\"potentialAction\":[{\"@type\":\"SearchAction\",\"target\":{\"@type\":\"EntryPoint\",\"urlTemplate\":\"https:\/\/fredfloris.eu\/?s={search_term_string}\"},\"query-input\":{\"@type\":\"PropertyValueSpecification\",\"valueRequired\":true,\"valueName\":\"search_term_string\"}}],\"inLanguage\":\"nl-NL\"},{\"@type\":\"Organization\",\"@id\":\"https:\/\/fredfloris.eu\/#organization\",\"name\":\"FredFloris\",\"url\":\"https:\/\/fredfloris.eu\/\",\"logo\":{\"@type\":\"ImageObject\",\"inLanguage\":\"nl-NL\",\"@id\":\"https:\/\/fredfloris.eu\/#\/schema\/logo\/image\/\",\"url\":\"https:\/\/fredfloris.eu\/wp-content\/uploads\/2022\/03\/FredFloris-med-hel-nal-och-text.png\",\"contentUrl\":\"https:\/\/fredfloris.eu\/wp-content\/uploads\/2022\/03\/FredFloris-med-hel-nal-och-text.png\",\"width\":591,\"height\":283,\"caption\":\"FredFloris\"},\"image\":{\"@id\":\"https:\/\/fredfloris.eu\/#\/schema\/logo\/image\/\"},\"sameAs\":[\"https:\/\/www.facebook.com\/FredFloris.Artisan.Studio\/\",\"https:\/\/x.com\/_fredfloris_\",\"https:\/\/www.instagram.com\/fredfloris.artisan.studio\/\"]}]}<\/script>\n<!-- \/ Yoast SEO plugin. -->","yoast_head_json":{"title":"Zwart Leren Onderzetter Met Kurk Steun | FredFloris","description":"Zwartleren onderzetter die er minimalistisch uitziet en afkomstig is van Zweedse boerderijen. Perfect als onderzetter voor drank en tafel.","robots":{"index":"index","follow":"follow","max-snippet":"max-snippet:-1","max-image-preview":"max-image-preview:large","max-video-preview":"max-video-preview:-1"},"canonical":"https:\/\/fredfloris.eu\/nl\/productpage\/birka-coasters\/?wmc-currency=EUR","og_locale":"nl_NL","og_type":"article","og_title":"Black Leather Coaster With Cork Backing | FredFloris","og_description":"Black leather coaster that is minimalistic in appearance and sourced from Swedish farms. Perfect as a drink coaster and table coaster.","og_url":"https:\/\/fredfloris.eu\/nl\/productpage\/birka-coasters\/?wmc-currency=EUR","og_site_name":"FredFloris","article_publisher":"https:\/\/www.facebook.com\/FredFloris.Artisan.Studio\/","article_modified_time":"2024-06-24T19:26:17+00:00","og_image":[{"width":2560,"height":1707,"url":"https:\/\/fredfloris.eu\/wp-content\/uploads\/2023\/09\/IMG_5580-scaled.jpg","type":"image\/jpeg"}],"twitter_card":"summary_large_image","twitter_site":"@_fredfloris_","twitter_misc":{"Geschatte leestijd":"2 minuten"},"schema":{"@context":"https:\/\/schema.org","@graph":[{"@type":"WebPage","@id":"https:\/\/fredfloris.eu\/productpage\/birka-coasters\/","url":"https:\/\/fredfloris.eu\/productpage\/birka-coasters\/","name":"Zwart Leren Onderzetter Met Kurk Steun | FredFloris","isPartOf":{"@id":"https:\/\/fredfloris.eu\/#website"},"primaryImageOfPage":{"@id":"https:\/\/fredfloris.eu\/productpage\/birka-coasters\/#primaryimage"},"image":{"@id":"https:\/\/fredfloris.eu\/productpage\/birka-coasters\/#primaryimage"},"thumbnailUrl":"https:\/\/fredfloris.eu\/wp-content\/uploads\/2023\/09\/IMG_5580-scaled.jpg","datePublished":"2022-05-16T14:45:25+00:00","dateModified":"2024-06-24T19:26:17+00:00","description":"Zwartleren onderzetter die er minimalistisch uitziet en afkomstig is van Zweedse boerderijen. Perfect als onderzetter voor drank en tafel.","breadcrumb":{"@id":"https:\/\/fredfloris.eu\/productpage\/birka-coasters\/#breadcrumb"},"inLanguage":"nl-NL","potentialAction":[{"@type":"ReadAction","target":["https:\/\/fredfloris.eu\/productpage\/birka-coasters\/"]}]},{"@type":"ImageObject","inLanguage":"nl-NL","@id":"https:\/\/fredfloris.eu\/productpage\/birka-coasters\/#primaryimage","url":"https:\/\/fredfloris.eu\/wp-content\/uploads\/2023\/09\/IMG_5580-scaled.jpg","contentUrl":"https:\/\/fredfloris.eu\/wp-content\/uploads\/2023\/09\/IMG_5580-scaled.jpg","width":2560,"height":1707,"caption":"Product: Birka - Leather Coasters, Colour: Black & Brown, Cork Backing For Coasters"},{"@type":"BreadcrumbList","@id":"https:\/\/fredfloris.eu\/productpage\/birka-coasters\/#breadcrumb","itemListElement":[{"@type":"ListItem","position":1,"name":"Home","item":"https:\/\/fredfloris.eu\/"},{"@type":"ListItem","position":2,"name":"Shop","item":"https:\/\/fredfloris.eu\/shop\/"},{"@type":"ListItem","position":3,"name":"Birka &#8211; Leather Coasters"}]},{"@type":"WebSite","@id":"https:\/\/fredfloris.eu\/#website","url":"https:\/\/fredfloris.eu\/","name":"FredFloris","description":"Handgemaakte lederwaren - Made in Sweden","publisher":{"@id":"https:\/\/fredfloris.eu\/#organization"},"potentialAction":[{"@type":"SearchAction","target":{"@type":"EntryPoint","urlTemplate":"https:\/\/fredfloris.eu\/?s={search_term_string}"},"query-input":{"@type":"PropertyValueSpecification","valueRequired":true,"valueName":"search_term_string"}}],"inLanguage":"nl-NL"},{"@type":"Organization","@id":"https:\/\/fredfloris.eu\/#organization","name":"FredFloris","url":"https:\/\/fredfloris.eu\/","logo":{"@type":"ImageObject","inLanguage":"nl-NL","@id":"https:\/\/fredfloris.eu\/#\/schema\/logo\/image\/","url":"https:\/\/fredfloris.eu\/wp-content\/uploads\/2022\/03\/FredFloris-med-hel-nal-och-text.png","contentUrl":"https:\/\/fredfloris.eu\/wp-content\/uploads\/2022\/03\/FredFloris-med-hel-nal-och-text.png","width":591,"height":283,"caption":"FredFloris"},"image":{"@id":"https:\/\/fredfloris.eu\/#\/schema\/logo\/image\/"},"sameAs":["https:\/\/www.facebook.com\/FredFloris.Artisan.Studio\/","https:\/\/x.com\/_fredfloris_","https:\/\/www.instagram.com\/fredfloris.artisan.studio\/"]}]}},"brands":[{"id":203,"name":"FredFloris","slug":"fredfloris"}],"_links":{"self":[{"href":"https:\/\/fredfloris.eu\/nl\/wp-json\/wp\/v2\/product\/5121","targetHints":{"allow":["GET"]}}],"collection":[{"href":"https:\/\/fredfloris.eu\/nl\/wp-json\/wp\/v2\/product"}],"about":[{"href":"https:\/\/fredfloris.eu\/nl\/wp-json\/wp\/v2\/types\/product"}],"version-history":[{"count":15,"href":"https:\/\/fredfloris.eu\/nl\/wp-json\/wp\/v2\/product\/5121\/revisions"}],"predecessor-version":[{"id":11550,"href":"https:\/\/fredfloris.eu\/nl\/wp-json\/wp\/v2\/product\/5121\/revisions\/11550"}],"wp:featuredmedia":[{"embeddable":true,"href":"https:\/\/fredfloris.eu\/nl\/wp-json\/wp\/v2\/media\/10483"}],"wp:attachment":[{"href":"https:\/\/fredfloris.eu\/nl\/wp-json\/wp\/v2\/media?parent=5121"}],"wp:term":[{"taxonomy":"pwb-brand","embeddable":true,"href":"https:\/\/fredfloris.eu\/nl\/wp-json\/wp\/v2\/pwb-brand?post=5121"},{"taxonomy":"product_brand","embeddable":true,"href":"https:\/\/fredfloris.eu\/nl\/wp-json\/wp\/v2\/product_brand?post=5121"},{"taxonomy":"product_cat","embeddable":true,"href":"https:\/\/fredfloris.eu\/nl\/wp-json\/wp\/v2\/product_cat?post=5121"},{"taxonomy":"product_tag","embeddable":true,"href":"https:\/\/fredfloris.eu\/nl\/wp-json\/wp\/v2\/product_tag?post=5121"},{"taxonomy":"woo-feed-brand","embeddable":true,"href":"https:\/\/fredfloris.eu\/nl\/wp-json\/wp\/v2\/woo-feed-brand?post=5121"}],"curies":[{"name":"wp","href":"https:\/\/api.w.org\/{rel}","templated":true}]}}