{"id":9964,"date":"2022-08-28T15:18:40","date_gmt":"2022-08-28T13:18:40","guid":{"rendered":"https:\/\/fredfloris.eu\/?page_id=9964"},"modified":"2024-04-13T11:00:48","modified_gmt":"2024-04-13T09:00:48","slug":"after-sale","status":"publish","type":"page","link":"https:\/\/fredfloris.eu\/pl\/after-sale\/","title":{"rendered":"Obs\u0142uga posprzeda\u017cna"},"content":{"rendered":"<div data-elementor-type=\"wp-page\" data-elementor-id=\"9964\" class=\"elementor elementor-9964\" data-elementor-post-type=\"page\">\n\t\t\t\t\t\t<section class=\"elementor-section elementor-top-section elementor-element elementor-element-efd9c59 elementor-section-boxed elementor-section-height-default elementor-section-height-default\" data-id=\"efd9c59\" data-element_type=\"section\" data-e-type=\"section\" data-settings=\"{&quot;ekit_has_onepagescroll_dot&quot;:&quot;yes&quot;}\">\n\t\t\t\t\t\t<div class=\"elementor-container elementor-column-gap-default\">\n\t\t\t\t\t<div class=\"elementor-column elementor-col-100 elementor-top-column elementor-element elementor-element-fdf3e88\" data-id=\"fdf3e88\" data-element_type=\"column\" data-e-type=\"column\">\n\t\t\t<div class=\"elementor-widget-wrap elementor-element-populated\">\n\t\t\t\t\t\t<div class=\"elementor-element elementor-element-73dec92 elementor-widget elementor-widget-heading\" data-id=\"73dec92\" data-element_type=\"widget\" data-e-type=\"widget\" data-settings=\"{&quot;ekit_we_effect_on&quot;:&quot;none&quot;}\" data-widget_type=\"heading.default\">\n\t\t\t\t<div class=\"elementor-widget-container\">\n\t\t\t\t\t<h1 class=\"elementor-heading-title elementor-size-default\">Obs\u0142uga posprzeda\u017cna<\/h1>\t\t\t\t<\/div>\n\t\t\t\t<\/div>\n\t\t\t\t<div class=\"elementor-element elementor-element-8473bb2 elementor-widget elementor-widget-text-editor\" data-id=\"8473bb2\" data-element_type=\"widget\" data-e-type=\"widget\" data-settings=\"{&quot;ekit_we_effect_on&quot;:&quot;none&quot;}\" data-widget_type=\"text-editor.default\">\n\t\t\t\t<div class=\"elementor-widget-container\">\n\t\t\t\t\t\t\t\t\t<p>W FredFloris jeste\u015bmy dumni z tworzenia wysokiej jako\u015bci produkt\u00f3w, kt\u00f3re s\u0105 nie tylko stylowe i eleganckie, ale tak\u017ce zr\u00f3wnowa\u017cone i trwa\u0142e. Wierzymy, \u017ce zr\u00f3wnowa\u017cony rozw\u00f3j to nie tylko przemijaj\u0105cy trend, ale zobowi\u0105zanie na ca\u0142e \u017cycie i chcemy, aby nasi klienci mogli cieszy\u0107 si\u0119 naszymi produktami przez kolejne pokolenia.<\/p><p>Nasze produkty s\u0105 wykonane z najlepszych materia\u0142\u00f3w, jakie mo\u017cna kupi\u0107 za pieni\u0105dze, zapewniaj\u0105c ich trwa\u0142o\u015b\u0107 i d\u0142ugowieczno\u015b\u0107. Rozumiemy jednak, \u017ce nawet najlepiej wykonane produkty mog\u0105 z czasem wymaga\u0107 opieki i uwagi. Dlatego te\u017c oferujemy Pa\u0144stwu specjalne us\u0142ugi w zakresie piel\u0119gnacji i naprawy wszystkich produkt\u00f3w sk\u00f3rzanych FredFloris. Nasi wykwalifikowani rzemie\u015blnicy mog\u0105 fachowo zaj\u0105\u0107 si\u0119 naprawami i renowacj\u0105. Niezale\u017cnie od tego, czy Pa\u0144stwa produkt wymaga wymiany zamka b\u0142yskawicznego, ponownego barwienia w celu przywr\u00f3cenia pierwotnego blasku, ponownego wypalania w celu przywr\u00f3cenia po\u0142ysku lub ponownego szycia w celu wzmocnienia struktury, nasi rzemie\u015blnicy zapewni\u0105, \u017ce Pa\u0144stwa produkt b\u0119dzie wygl\u0105da\u0142 jak nowy.<\/p><p>Wierzymy w warto\u015b\u0107 rzemios\u0142a i znaczenie zachowania pi\u0119kna i funkcjonalno\u015bci naszych produkt\u00f3w. Oferuj\u0105c us\u0142ugi piel\u0119gnacji i naprawy, staramy si\u0119 wyd\u0142u\u017cy\u0107 \u017cywotno\u015b\u0107 naszych produkt\u00f3w i zmniejszy\u0107 ilo\u015b\u0107 odpad\u00f3w, przyczyniaj\u0105c si\u0119 do bardziej zr\u00f3wnowa\u017conego podej\u015bcia do mody. W przypadku FredFloris nasza opieka nie ogranicza si\u0119 do punktu zakupu. Dok\u0142adamy wszelkich stara\u0144, aby zapewni\u0107 naszym klientom wyj\u0105tkow\u0105 obs\u0142ug\u0119 posprzeda\u017cow\u0105, dzi\u0119ki czemu mog\u0105 Pa\u0144stwo cieszy\u0107 si\u0119 produktami FredFloris przez wiele lat. Nasz zesp\u00f3\u0142 jest zawsze gotowy, aby pom\u00f3c Pa\u0144stwu we wszelkich potrzebach zwi\u0105zanych z piel\u0119gnacj\u0105 lub napraw\u0105 i staramy si\u0119 przekracza\u0107 Pa\u0144stwa oczekiwania w ka\u017cdym aspekcie naszych us\u0142ug.<\/p><p>W FredFloris zr\u00f3wnowa\u017cony rozw\u00f3j wygl\u0105da dobrze na Pa\u0144stwu, a my jeste\u015bmy tutaj, aby zapewni\u0107, \u017ce b\u0119d\u0105 Pa\u0144stwo wygl\u0105da\u0107 dobrze przez reszt\u0119 \u017cycia. Prosz\u0119 nam zaufa\u0107, \u017ce zapewnimy Pa\u0144stwu wyj\u0105tkow\u0105 opiek\u0119 i us\u0142ugi naprawcze, kt\u00f3re sprawi\u0105, \u017ce Pa\u0144stwa produkty FredFloris b\u0119d\u0105 wygl\u0105da\u0107 jak najlepiej, zachowuj\u0105c swoj\u0105 elegancj\u0119 i zapewniaj\u0105c, \u017ce b\u0119d\u0105 mog\u0142y by\u0107 piel\u0119gnowane przez kolejne pokolenia.<\/p>\t\t\t\t\t\t\t\t<\/div>\n\t\t\t\t<\/div>\n\t\t\t\t\t<\/div>\n\t\t<\/div>\n\t\t\t\t\t<\/div>\n\t\t<\/section>\n\t\t\t\t<\/div>","protected":false},"excerpt":{"rendered":"<p>After-Sale Service At FredFloris, we take pride in crafting high-quality products that are not only stylish and elegant but also sustainable and built to last. We believe that sustainability is not just a passing trend but a lifelong commitment, and we want our customers to enjoy our products for generations to come. Our products are [&hellip;]<\/p>\n","protected":false},"author":1,"featured_media":0,"parent":0,"menu_order":0,"comment_status":"closed","ping_status":"closed","template":"","meta":{"footnotes":""},"class_list":["post-9964","page","type-page","status-publish","hentry"],"yoast_head":"<!-- This site is optimized with the Yoast SEO plugin v27.2 - https:\/\/yoast.com\/product\/yoast-seo-wordpress\/ -->\n<title>Sustainable Leather Care &amp; Repair Services | FredFloris<\/title>\n<meta name=\"description\" content=\"Extend the lifespan of your FredFloris leather products with our expert care &amp; repair services. Trust us for sustainable craftsmanship &amp; exceptional after-sale service.\" \/>\n<meta name=\"robots\" content=\"index, follow, max-snippet:-1, max-image-preview:large, max-video-preview:-1\" \/>\n<link rel=\"canonical\" href=\"https:\/\/fredfloris.eu\/pl\/after-sale\/?wmc-currency=PLN\" \/>\n<meta property=\"og:locale\" content=\"pl_PL\" \/>\n<meta property=\"og:type\" content=\"article\" \/>\n<meta property=\"og:title\" content=\"Sustainable Leather Care &amp; Repair Services | FredFloris\" \/>\n<meta property=\"og:description\" content=\"Extend the lifespan of your FredFloris leather products with our expert care &amp; repair services. Trust us for sustainable craftsmanship &amp; exceptional after-sale service.\" \/>\n<meta property=\"og:url\" content=\"https:\/\/fredfloris.eu\/pl\/after-sale\/?wmc-currency=PLN\" \/>\n<meta property=\"og:site_name\" content=\"FredFloris\" \/>\n<meta property=\"article:publisher\" content=\"https:\/\/www.facebook.com\/FredFloris.Artisan.Studio\/\" \/>\n<meta property=\"article:modified_time\" content=\"2024-04-13T09:00:48+00:00\" \/>\n<meta name=\"twitter:card\" content=\"summary_large_image\" \/>\n<meta name=\"twitter:site\" content=\"@_fredfloris_\" \/>\n<meta name=\"twitter:label1\" content=\"Szacowany czas czytania\" \/>\n\t<meta name=\"twitter:data1\" content=\"2 minuty\" \/>\n<script type=\"application\/ld+json\" class=\"yoast-schema-graph\">{\"@context\":\"https:\/\/schema.org\",\"@graph\":[{\"@type\":\"WebPage\",\"@id\":\"https:\/\/fredfloris.eu\/after-sale\/\",\"url\":\"https:\/\/fredfloris.eu\/after-sale\/\",\"name\":\"Sustainable Leather Care & Repair Services | FredFloris\",\"isPartOf\":{\"@id\":\"https:\/\/fredfloris.eu\/#website\"},\"datePublished\":\"2022-08-28T13:18:40+00:00\",\"dateModified\":\"2024-04-13T09:00:48+00:00\",\"description\":\"Extend the lifespan of your FredFloris leather products with our expert care & repair services. Trust us for sustainable craftsmanship & exceptional after-sale service.\",\"breadcrumb\":{\"@id\":\"https:\/\/fredfloris.eu\/after-sale\/#breadcrumb\"},\"inLanguage\":\"pl-PL\",\"potentialAction\":[{\"@type\":\"ReadAction\",\"target\":[\"https:\/\/fredfloris.eu\/after-sale\/\"]}]},{\"@type\":\"BreadcrumbList\",\"@id\":\"https:\/\/fredfloris.eu\/after-sale\/#breadcrumb\",\"itemListElement\":[{\"@type\":\"ListItem\",\"position\":1,\"name\":\"Home\",\"item\":\"https:\/\/fredfloris.eu\/\"},{\"@type\":\"ListItem\",\"position\":2,\"name\":\"After-Sale Service\"}]},{\"@type\":\"WebSite\",\"@id\":\"https:\/\/fredfloris.eu\/#website\",\"url\":\"https:\/\/fredfloris.eu\/\",\"name\":\"FredFloris\",\"description\":\"Handcrafted Leathergoods - Made in Sweden\",\"publisher\":{\"@id\":\"https:\/\/fredfloris.eu\/#organization\"},\"potentialAction\":[{\"@type\":\"SearchAction\",\"target\":{\"@type\":\"EntryPoint\",\"urlTemplate\":\"https:\/\/fredfloris.eu\/?s={search_term_string}\"},\"query-input\":{\"@type\":\"PropertyValueSpecification\",\"valueRequired\":true,\"valueName\":\"search_term_string\"}}],\"inLanguage\":\"pl-PL\"},{\"@type\":\"Organization\",\"@id\":\"https:\/\/fredfloris.eu\/#organization\",\"name\":\"FredFloris\",\"url\":\"https:\/\/fredfloris.eu\/\",\"logo\":{\"@type\":\"ImageObject\",\"inLanguage\":\"pl-PL\",\"@id\":\"https:\/\/fredfloris.eu\/#\/schema\/logo\/image\/\",\"url\":\"https:\/\/fredfloris.eu\/wp-content\/uploads\/2022\/03\/FredFloris-med-hel-nal-och-text.png\",\"contentUrl\":\"https:\/\/fredfloris.eu\/wp-content\/uploads\/2022\/03\/FredFloris-med-hel-nal-och-text.png\",\"width\":591,\"height\":283,\"caption\":\"FredFloris\"},\"image\":{\"@id\":\"https:\/\/fredfloris.eu\/#\/schema\/logo\/image\/\"},\"sameAs\":[\"https:\/\/www.facebook.com\/FredFloris.Artisan.Studio\/\",\"https:\/\/x.com\/_fredfloris_\",\"https:\/\/www.instagram.com\/fredfloris.artisan.studio\/\"]}]}<\/script>\n<!-- \/ Yoast SEO plugin. -->","yoast_head_json":{"title":"Zr\u00f3wnowa\u017cone us\u0142ugi piel\u0119gnacji i naprawy sk\u00f3ry | FredFloris","description":"Przed\u0142u\u017c \u017cywotno\u015b\u0107 swoich produkt\u00f3w sk\u00f3rzanych FredFloris dzi\u0119ki naszym specjalistycznym us\u0142ugom piel\u0119gnacji i naprawy. Prosz\u0119 nam zaufa\u0107 w kwestii trwa\u0142ego kunsztu i wyj\u0105tkowej obs\u0142ugi posprzeda\u017cowej.","robots":{"index":"index","follow":"follow","max-snippet":"max-snippet:-1","max-image-preview":"max-image-preview:large","max-video-preview":"max-video-preview:-1"},"canonical":"https:\/\/fredfloris.eu\/pl\/after-sale\/?wmc-currency=PLN","og_locale":"pl_PL","og_type":"article","og_title":"Sustainable Leather Care & Repair Services | FredFloris","og_description":"Extend the lifespan of your FredFloris leather products with our expert care & repair services. Trust us for sustainable craftsmanship & exceptional after-sale service.","og_url":"https:\/\/fredfloris.eu\/pl\/after-sale\/?wmc-currency=PLN","og_site_name":"FredFloris","article_publisher":"https:\/\/www.facebook.com\/FredFloris.Artisan.Studio\/","article_modified_time":"2024-04-13T09:00:48+00:00","twitter_card":"summary_large_image","twitter_site":"@_fredfloris_","twitter_misc":{"Szacowany czas czytania":"2 minuty"},"schema":{"@context":"https:\/\/schema.org","@graph":[{"@type":"WebPage","@id":"https:\/\/fredfloris.eu\/after-sale\/","url":"https:\/\/fredfloris.eu\/after-sale\/","name":"Zr\u00f3wnowa\u017cone us\u0142ugi piel\u0119gnacji i naprawy sk\u00f3ry | FredFloris","isPartOf":{"@id":"https:\/\/fredfloris.eu\/#website"},"datePublished":"2022-08-28T13:18:40+00:00","dateModified":"2024-04-13T09:00:48+00:00","description":"Przed\u0142u\u017c \u017cywotno\u015b\u0107 swoich produkt\u00f3w sk\u00f3rzanych FredFloris dzi\u0119ki naszym specjalistycznym us\u0142ugom piel\u0119gnacji i naprawy. Prosz\u0119 nam zaufa\u0107 w kwestii trwa\u0142ego kunsztu i wyj\u0105tkowej obs\u0142ugi posprzeda\u017cowej.","breadcrumb":{"@id":"https:\/\/fredfloris.eu\/after-sale\/#breadcrumb"},"inLanguage":"pl-PL","potentialAction":[{"@type":"ReadAction","target":["https:\/\/fredfloris.eu\/after-sale\/"]}]},{"@type":"BreadcrumbList","@id":"https:\/\/fredfloris.eu\/after-sale\/#breadcrumb","itemListElement":[{"@type":"ListItem","position":1,"name":"Home","item":"https:\/\/fredfloris.eu\/"},{"@type":"ListItem","position":2,"name":"After-Sale Service"}]},{"@type":"WebSite","@id":"https:\/\/fredfloris.eu\/#website","url":"https:\/\/fredfloris.eu\/","name":"FredFloris","description":"R\u0119cznie wykonane wyroby sk\u00f3rzane - wyprodukowane w Szwecji","publisher":{"@id":"https:\/\/fredfloris.eu\/#organization"},"potentialAction":[{"@type":"SearchAction","target":{"@type":"EntryPoint","urlTemplate":"https:\/\/fredfloris.eu\/?s={search_term_string}"},"query-input":{"@type":"PropertyValueSpecification","valueRequired":true,"valueName":"search_term_string"}}],"inLanguage":"pl-PL"},{"@type":"Organization","@id":"https:\/\/fredfloris.eu\/#organization","name":"FredFloris","url":"https:\/\/fredfloris.eu\/","logo":{"@type":"ImageObject","inLanguage":"pl-PL","@id":"https:\/\/fredfloris.eu\/#\/schema\/logo\/image\/","url":"https:\/\/fredfloris.eu\/wp-content\/uploads\/2022\/03\/FredFloris-med-hel-nal-och-text.png","contentUrl":"https:\/\/fredfloris.eu\/wp-content\/uploads\/2022\/03\/FredFloris-med-hel-nal-och-text.png","width":591,"height":283,"caption":"FredFloris"},"image":{"@id":"https:\/\/fredfloris.eu\/#\/schema\/logo\/image\/"},"sameAs":["https:\/\/www.facebook.com\/FredFloris.Artisan.Studio\/","https:\/\/x.com\/_fredfloris_","https:\/\/www.instagram.com\/fredfloris.artisan.studio\/"]}]}},"_links":{"self":[{"href":"https:\/\/fredfloris.eu\/pl\/wp-json\/wp\/v2\/pages\/9964","targetHints":{"allow":["GET"]}}],"collection":[{"href":"https:\/\/fredfloris.eu\/pl\/wp-json\/wp\/v2\/pages"}],"about":[{"href":"https:\/\/fredfloris.eu\/pl\/wp-json\/wp\/v2\/types\/page"}],"author":[{"embeddable":true,"href":"https:\/\/fredfloris.eu\/pl\/wp-json\/wp\/v2\/users\/1"}],"replies":[{"embeddable":true,"href":"https:\/\/fredfloris.eu\/pl\/wp-json\/wp\/v2\/comments?post=9964"}],"version-history":[{"count":20,"href":"https:\/\/fredfloris.eu\/pl\/wp-json\/wp\/v2\/pages\/9964\/revisions"}],"predecessor-version":[{"id":11045,"href":"https:\/\/fredfloris.eu\/pl\/wp-json\/wp\/v2\/pages\/9964\/revisions\/11045"}],"wp:attachment":[{"href":"https:\/\/fredfloris.eu\/pl\/wp-json\/wp\/v2\/media?parent=9964"}],"curies":[{"name":"wp","href":"https:\/\/api.w.org\/{rel}","templated":true}]}}