{"id":10043,"date":"2022-10-10T17:33:04","date_gmt":"2022-10-10T15:33:04","guid":{"rendered":"https:\/\/fredfloris.eu\/?post_type=product&#038;p=10043"},"modified":"2025-05-25T16:35:40","modified_gmt":"2025-05-25T14:35:40","slug":"cashmere-wool-spray","status":"publish","type":"product","link":"https:\/\/fredfloris.eu\/pl\/productpage\/cashmere-wool-spray\/","title":{"rendered":"Kaszmir \/ We\u0142na w sprayu"},"content":{"rendered":"<p>Prosz\u0119 cieszy\u0107 si\u0119 \u015bwie\u017cym i przyjemnym zapachem przy ka\u017cdym u\u017cyciu naszego lekko perfumowanego sprayu do kaszmiru. Dost\u0119pny w r\u00f3\u017cnych mieszankach zapachowych, zapewnia subtelny, ale od\u015bwie\u017caj\u0105cy dotyk odzie\u017cy - idealny do od\u015bwie\u017cania odzie\u017cy mi\u0119dzy praniami, podczas ch\u0142odniejszych wieczor\u00f3w lub w miesi\u0105cach zimowych.<\/p>\n<p>Nasz spray sk\u0142ada si\u0119 z wody destylowanej, denaturatu i czystych olejk\u00f3w eterycznych. Skutecznie pomaga usuwa\u0107 nieprzyjemne zapachy i odstrasza mole, przed\u0142u\u017caj\u0105c \u017cywotno\u015b\u0107 Pa\u0144stwa ulubionej odzie\u017cy z we\u0142ny lub kaszmiru, jednocze\u015bnie zmniejszaj\u0105c potrzeb\u0119 cz\u0119stego prania.<\/p>\n<p><strong>Opakowanie:<\/strong> Spray znajduje si\u0119 w plastikowej butelce 100% z recyklingu (rPET), co podkre\u015bla nasze zaanga\u017cowanie w zr\u00f3wnowa\u017cony rozw\u00f3j \u015brodowiska. Butelka mo\u017ce by\u0107 ponownie poddana recyklingowi po zu\u017cyciu produktu, promuj\u0105c sta\u0142\u0105 odpowiedzialno\u015b\u0107 za \u015brodowisko.<\/p>\n<p data-start=\"617\" data-end=\"640\"><strong data-start=\"617\" data-end=\"638\">Dost\u0119pne zapachy:<\/strong><\/p>\n<ul data-start=\"641\" data-end=\"746\">\n<li data-start=\"641\" data-end=\"685\"><strong data-start=\"643\" data-end=\"659\">Zapach nr 1 - <\/strong>Eukaliptus i mi\u0119ta pieprzowa: Orze\u017awiaj\u0105ca mieszanka o ch\u0142odnym i od\u015bwie\u017caj\u0105cym zapachu.<\/li>\n<li data-start=\"686\" data-end=\"746\"><strong data-start=\"688\" data-end=\"704\">Zapach nr 2 - <\/strong>Lawenda, drzewo herbaciane, bergamotka i geranium: Do\u015b\u0107 odwa\u017cna i z\u0142o\u017cona mieszanka, kwiatowa, zio\u0142owa i lekko cytrusowa.<\/li>\n<li data-start=\"686\" data-end=\"746\"><strong data-start=\"341\" data-end=\"374\">Zapach nr 3 - <\/strong>Lavandin Super: Aromatyczny z uspokajaj\u0105cym, lekko zio\u0142owym charakterem<\/li>\n<li data-start=\"686\" data-end=\"746\"><strong data-start=\"438\" data-end=\"474\">Zapach nr 4 - <\/strong>Pomara\u0144cza i bergamotka: Jasny i podnosz\u0105cy na duchu z wyra\u017anym cytrusowym profilem<\/li>\n<\/ul>\n<p>&nbsp;<\/p>\n<p><strong>Specyfikacja produktu:<\/strong><\/p>\n<ul>\n<li data-start=\"1139\" data-end=\"1159\"><strong data-start=\"1141\" data-end=\"1150\">Rozmiar:<\/strong> 400 ml<\/li>\n<li data-start=\"1160\" data-end=\"1235\"><strong data-start=\"1162\" data-end=\"1178\">Sk\u0142adniki:<\/strong> Woda destylowana, alkohol denaturowany i olejki eteryczne<\/li>\n<li data-start=\"1236\" data-end=\"1314\"><strong data-start=\"1238\" data-end=\"1252\">Pojemnik:<\/strong> Przezroczysta butelka rPET o pojemno\u015bci 400 ml, wykonana z PET pochodz\u0105cego z recyklingu 100%<\/li>\n<\/ul>\n<p>&nbsp;<\/p>\n<p>Prosz\u0119 wstrz\u0105sn\u0105\u0107 butelk\u0105 przed ka\u017cdym u\u017cyciem, aby zapewni\u0107 r\u00f3wnomierne wymieszanie olejk\u00f3w eterycznych. Ten spray zosta\u0142 zaprojektowany tak, aby nie plami\u0142 ubra\u0144.<\/p>\n<p>Ten produkt mo\u017cna r\u00f3wnie\u017c kupi\u0107 w ramach naszej oferty <a href=\"https:\/\/fredfloris.eu\/pl\/productpage\/cashmere-care-kit\/?wmc-currency=PLN\">Zestaw piel\u0119gnacyjny<\/a><\/p>\n<p>&nbsp;<\/p>\n<p>Wyszukiwane s\u0142owa: Szampon do prania we\u0142ny i kaszmiru<\/p>","protected":false},"excerpt":{"rendered":"<p>Rozmiar: 400 ml<\/p>\n<p>SKU: cas\/car\/spr<br \/>\nMarka: FredFloris (Made in Sweden)<\/p>","protected":false},"featured_media":11882,"template":"","meta":[],"pwb-brand":[203],"product_brand":[],"product_cat":[361,362],"product_tag":[380,135],"woo-feed-brand":[],"class_list":{"0":"post-10043","1":"product","2":"type-product","3":"status-publish","4":"has-post-thumbnail","6":"pwb-brand-fredfloris","7":"product_cat-knitwear","8":"product_cat-knitwear-care-products","9":"product_tag-knitwear-care","10":"product_tag-stocked","11":"product_shipping_class-large-goods","13":"first","14":"instock","15":"taxable","16":"shipping-taxable","17":"purchasable","18":"product-type-variable"},"yoast_head":"<!-- This site is optimized with the Yoast SEO plugin v27.2 - https:\/\/yoast.com\/product\/yoast-seo-wordpress\/ -->\n<title>Cashmere \/ Wool Spray | FredFloris<\/title>\n<meta name=\"description\" content=\"Enjoy a fresh and pleasant scent with every use of our lightly fragranced cashmere spray. Our Cashmere &amp; Wool spray is made in-house.\" \/>\n<meta name=\"robots\" content=\"index, follow, max-snippet:-1, max-image-preview:large, max-video-preview:-1\" \/>\n<link rel=\"canonical\" href=\"https:\/\/fredfloris.eu\/pl\/productpage\/cashmere-wool-spray\/?wmc-currency=PLN\" \/>\n<meta property=\"og:locale\" content=\"pl_PL\" \/>\n<meta property=\"og:type\" content=\"article\" \/>\n<meta property=\"og:title\" content=\"Cashmere \/ Wool Spray | FredFloris\" \/>\n<meta property=\"og:description\" content=\"Enjoy a fresh and pleasant scent with every use of our lightly fragranced cashmere spray. Our Cashmere &amp; Wool spray is made in-house.\" \/>\n<meta property=\"og:url\" content=\"https:\/\/fredfloris.eu\/pl\/productpage\/cashmere-wool-spray\/?wmc-currency=PLN\" \/>\n<meta property=\"og:site_name\" content=\"FredFloris\" \/>\n<meta property=\"article:publisher\" content=\"https:\/\/www.facebook.com\/FredFloris.Artisan.Studio\/\" \/>\n<meta property=\"article:modified_time\" content=\"2025-05-25T14:35:40+00:00\" \/>\n<meta property=\"og:image\" content=\"https:\/\/fredfloris.eu\/wp-content\/uploads\/2025\/02\/IMG_6482-scaled.jpg\" \/>\n\t<meta property=\"og:image:width\" content=\"2560\" \/>\n\t<meta property=\"og:image:height\" content=\"1707\" \/>\n\t<meta property=\"og:image:type\" content=\"image\/jpeg\" \/>\n<meta name=\"twitter:card\" content=\"summary_large_image\" \/>\n<meta name=\"twitter:site\" content=\"@_fredfloris_\" \/>\n<meta name=\"twitter:label1\" content=\"Szacowany czas czytania\" \/>\n\t<meta name=\"twitter:data1\" content=\"2 minuty\" \/>\n<script type=\"application\/ld+json\" class=\"yoast-schema-graph\">{\"@context\":\"https:\/\/schema.org\",\"@graph\":[{\"@type\":\"WebPage\",\"@id\":\"https:\/\/fredfloris.eu\/productpage\/cashmere-wool-spray\/\",\"url\":\"https:\/\/fredfloris.eu\/productpage\/cashmere-wool-spray\/\",\"name\":\"Cashmere \/ Wool Spray | FredFloris\",\"isPartOf\":{\"@id\":\"https:\/\/fredfloris.eu\/#website\"},\"primaryImageOfPage\":{\"@id\":\"https:\/\/fredfloris.eu\/productpage\/cashmere-wool-spray\/#primaryimage\"},\"image\":{\"@id\":\"https:\/\/fredfloris.eu\/productpage\/cashmere-wool-spray\/#primaryimage\"},\"thumbnailUrl\":\"https:\/\/fredfloris.eu\/wp-content\/uploads\/2025\/02\/IMG_6482-scaled.jpg\",\"datePublished\":\"2022-10-10T15:33:04+00:00\",\"dateModified\":\"2025-05-25T14:35:40+00:00\",\"description\":\"Enjoy a fresh and pleasant scent with every use of our lightly fragranced cashmere spray. Our Cashmere & Wool spray is made in-house.\",\"breadcrumb\":{\"@id\":\"https:\/\/fredfloris.eu\/productpage\/cashmere-wool-spray\/#breadcrumb\"},\"inLanguage\":\"pl-PL\",\"potentialAction\":[{\"@type\":\"ReadAction\",\"target\":[\"https:\/\/fredfloris.eu\/productpage\/cashmere-wool-spray\/\"]}]},{\"@type\":\"ImageObject\",\"inLanguage\":\"pl-PL\",\"@id\":\"https:\/\/fredfloris.eu\/productpage\/cashmere-wool-spray\/#primaryimage\",\"url\":\"https:\/\/fredfloris.eu\/wp-content\/uploads\/2025\/02\/IMG_6482-scaled.jpg\",\"contentUrl\":\"https:\/\/fredfloris.eu\/wp-content\/uploads\/2025\/02\/IMG_6482-scaled.jpg\",\"width\":2560,\"height\":1707,\"caption\":\"Product: Cashmere \/ Wool Spray\"},{\"@type\":\"BreadcrumbList\",\"@id\":\"https:\/\/fredfloris.eu\/productpage\/cashmere-wool-spray\/#breadcrumb\",\"itemListElement\":[{\"@type\":\"ListItem\",\"position\":1,\"name\":\"Home\",\"item\":\"https:\/\/fredfloris.eu\/\"},{\"@type\":\"ListItem\",\"position\":2,\"name\":\"Shop\",\"item\":\"https:\/\/fredfloris.eu\/shop\/\"},{\"@type\":\"ListItem\",\"position\":3,\"name\":\"Cashmere \/ Wool Spray\"}]},{\"@type\":\"WebSite\",\"@id\":\"https:\/\/fredfloris.eu\/#website\",\"url\":\"https:\/\/fredfloris.eu\/\",\"name\":\"FredFloris\",\"description\":\"Handcrafted Leathergoods - Made in Sweden\",\"publisher\":{\"@id\":\"https:\/\/fredfloris.eu\/#organization\"},\"potentialAction\":[{\"@type\":\"SearchAction\",\"target\":{\"@type\":\"EntryPoint\",\"urlTemplate\":\"https:\/\/fredfloris.eu\/?s={search_term_string}\"},\"query-input\":{\"@type\":\"PropertyValueSpecification\",\"valueRequired\":true,\"valueName\":\"search_term_string\"}}],\"inLanguage\":\"pl-PL\"},{\"@type\":\"Organization\",\"@id\":\"https:\/\/fredfloris.eu\/#organization\",\"name\":\"FredFloris\",\"url\":\"https:\/\/fredfloris.eu\/\",\"logo\":{\"@type\":\"ImageObject\",\"inLanguage\":\"pl-PL\",\"@id\":\"https:\/\/fredfloris.eu\/#\/schema\/logo\/image\/\",\"url\":\"https:\/\/fredfloris.eu\/wp-content\/uploads\/2022\/03\/FredFloris-med-hel-nal-och-text.png\",\"contentUrl\":\"https:\/\/fredfloris.eu\/wp-content\/uploads\/2022\/03\/FredFloris-med-hel-nal-och-text.png\",\"width\":591,\"height\":283,\"caption\":\"FredFloris\"},\"image\":{\"@id\":\"https:\/\/fredfloris.eu\/#\/schema\/logo\/image\/\"},\"sameAs\":[\"https:\/\/www.facebook.com\/FredFloris.Artisan.Studio\/\",\"https:\/\/x.com\/_fredfloris_\",\"https:\/\/www.instagram.com\/fredfloris.artisan.studio\/\"]}]}<\/script>\n<!-- \/ Yoast SEO plugin. -->","yoast_head_json":{"title":"Kaszmir \/ We\u0142na w sprayu | FredFloris","description":"Prosz\u0119 cieszy\u0107 si\u0119 \u015bwie\u017cym i przyjemnym zapachem przy ka\u017cdym u\u017cyciu naszego lekko perfumowanego sprayu do kaszmiru. Nasz spray Cashmere &amp; Wool jest produkowany we w\u0142asnym zakresie.","robots":{"index":"index","follow":"follow","max-snippet":"max-snippet:-1","max-image-preview":"max-image-preview:large","max-video-preview":"max-video-preview:-1"},"canonical":"https:\/\/fredfloris.eu\/pl\/productpage\/cashmere-wool-spray\/?wmc-currency=PLN","og_locale":"pl_PL","og_type":"article","og_title":"Cashmere \/ Wool Spray | FredFloris","og_description":"Enjoy a fresh and pleasant scent with every use of our lightly fragranced cashmere spray. Our Cashmere & Wool spray is made in-house.","og_url":"https:\/\/fredfloris.eu\/pl\/productpage\/cashmere-wool-spray\/?wmc-currency=PLN","og_site_name":"FredFloris","article_publisher":"https:\/\/www.facebook.com\/FredFloris.Artisan.Studio\/","article_modified_time":"2025-05-25T14:35:40+00:00","og_image":[{"width":2560,"height":1707,"url":"https:\/\/fredfloris.eu\/wp-content\/uploads\/2025\/02\/IMG_6482-scaled.jpg","type":"image\/jpeg"}],"twitter_card":"summary_large_image","twitter_site":"@_fredfloris_","twitter_misc":{"Szacowany czas czytania":"2 minuty"},"schema":{"@context":"https:\/\/schema.org","@graph":[{"@type":"WebPage","@id":"https:\/\/fredfloris.eu\/productpage\/cashmere-wool-spray\/","url":"https:\/\/fredfloris.eu\/productpage\/cashmere-wool-spray\/","name":"Kaszmir \/ We\u0142na w sprayu | FredFloris","isPartOf":{"@id":"https:\/\/fredfloris.eu\/#website"},"primaryImageOfPage":{"@id":"https:\/\/fredfloris.eu\/productpage\/cashmere-wool-spray\/#primaryimage"},"image":{"@id":"https:\/\/fredfloris.eu\/productpage\/cashmere-wool-spray\/#primaryimage"},"thumbnailUrl":"https:\/\/fredfloris.eu\/wp-content\/uploads\/2025\/02\/IMG_6482-scaled.jpg","datePublished":"2022-10-10T15:33:04+00:00","dateModified":"2025-05-25T14:35:40+00:00","description":"Prosz\u0119 cieszy\u0107 si\u0119 \u015bwie\u017cym i przyjemnym zapachem przy ka\u017cdym u\u017cyciu naszego lekko perfumowanego sprayu do kaszmiru. Nasz spray Cashmere &amp; Wool jest produkowany we w\u0142asnym zakresie.","breadcrumb":{"@id":"https:\/\/fredfloris.eu\/productpage\/cashmere-wool-spray\/#breadcrumb"},"inLanguage":"pl-PL","potentialAction":[{"@type":"ReadAction","target":["https:\/\/fredfloris.eu\/productpage\/cashmere-wool-spray\/"]}]},{"@type":"ImageObject","inLanguage":"pl-PL","@id":"https:\/\/fredfloris.eu\/productpage\/cashmere-wool-spray\/#primaryimage","url":"https:\/\/fredfloris.eu\/wp-content\/uploads\/2025\/02\/IMG_6482-scaled.jpg","contentUrl":"https:\/\/fredfloris.eu\/wp-content\/uploads\/2025\/02\/IMG_6482-scaled.jpg","width":2560,"height":1707,"caption":"Product: Cashmere \/ Wool Spray"},{"@type":"BreadcrumbList","@id":"https:\/\/fredfloris.eu\/productpage\/cashmere-wool-spray\/#breadcrumb","itemListElement":[{"@type":"ListItem","position":1,"name":"Home","item":"https:\/\/fredfloris.eu\/"},{"@type":"ListItem","position":2,"name":"Shop","item":"https:\/\/fredfloris.eu\/shop\/"},{"@type":"ListItem","position":3,"name":"Cashmere \/ Wool Spray"}]},{"@type":"WebSite","@id":"https:\/\/fredfloris.eu\/#website","url":"https:\/\/fredfloris.eu\/","name":"FredFloris","description":"R\u0119cznie wykonane wyroby sk\u00f3rzane - wyprodukowane w Szwecji","publisher":{"@id":"https:\/\/fredfloris.eu\/#organization"},"potentialAction":[{"@type":"SearchAction","target":{"@type":"EntryPoint","urlTemplate":"https:\/\/fredfloris.eu\/?s={search_term_string}"},"query-input":{"@type":"PropertyValueSpecification","valueRequired":true,"valueName":"search_term_string"}}],"inLanguage":"pl-PL"},{"@type":"Organization","@id":"https:\/\/fredfloris.eu\/#organization","name":"FredFloris","url":"https:\/\/fredfloris.eu\/","logo":{"@type":"ImageObject","inLanguage":"pl-PL","@id":"https:\/\/fredfloris.eu\/#\/schema\/logo\/image\/","url":"https:\/\/fredfloris.eu\/wp-content\/uploads\/2022\/03\/FredFloris-med-hel-nal-och-text.png","contentUrl":"https:\/\/fredfloris.eu\/wp-content\/uploads\/2022\/03\/FredFloris-med-hel-nal-och-text.png","width":591,"height":283,"caption":"FredFloris"},"image":{"@id":"https:\/\/fredfloris.eu\/#\/schema\/logo\/image\/"},"sameAs":["https:\/\/www.facebook.com\/FredFloris.Artisan.Studio\/","https:\/\/x.com\/_fredfloris_","https:\/\/www.instagram.com\/fredfloris.artisan.studio\/"]}]}},"brands":[{"id":203,"name":"FredFloris","slug":"fredfloris"}],"_links":{"self":[{"href":"https:\/\/fredfloris.eu\/pl\/wp-json\/wp\/v2\/product\/10043","targetHints":{"allow":["GET"]}}],"collection":[{"href":"https:\/\/fredfloris.eu\/pl\/wp-json\/wp\/v2\/product"}],"about":[{"href":"https:\/\/fredfloris.eu\/pl\/wp-json\/wp\/v2\/types\/product"}],"version-history":[{"count":20,"href":"https:\/\/fredfloris.eu\/pl\/wp-json\/wp\/v2\/product\/10043\/revisions"}],"predecessor-version":[{"id":12161,"href":"https:\/\/fredfloris.eu\/pl\/wp-json\/wp\/v2\/product\/10043\/revisions\/12161"}],"wp:featuredmedia":[{"embeddable":true,"href":"https:\/\/fredfloris.eu\/pl\/wp-json\/wp\/v2\/media\/11882"}],"wp:attachment":[{"href":"https:\/\/fredfloris.eu\/pl\/wp-json\/wp\/v2\/media?parent=10043"}],"wp:term":[{"taxonomy":"pwb-brand","embeddable":true,"href":"https:\/\/fredfloris.eu\/pl\/wp-json\/wp\/v2\/pwb-brand?post=10043"},{"taxonomy":"product_brand","embeddable":true,"href":"https:\/\/fredfloris.eu\/pl\/wp-json\/wp\/v2\/product_brand?post=10043"},{"taxonomy":"product_cat","embeddable":true,"href":"https:\/\/fredfloris.eu\/pl\/wp-json\/wp\/v2\/product_cat?post=10043"},{"taxonomy":"product_tag","embeddable":true,"href":"https:\/\/fredfloris.eu\/pl\/wp-json\/wp\/v2\/product_tag?post=10043"},{"taxonomy":"woo-feed-brand","embeddable":true,"href":"https:\/\/fredfloris.eu\/pl\/wp-json\/wp\/v2\/woo-feed-brand?post=10043"}],"curies":[{"name":"wp","href":"https:\/\/api.w.org\/{rel}","templated":true}]}}