{"id":10048,"date":"2022-10-10T17:33:05","date_gmt":"2022-10-10T15:33:05","guid":{"rendered":"https:\/\/fredfloris.eu\/?post_type=product&#038;p=10048"},"modified":"2025-11-11T09:08:15","modified_gmt":"2025-11-11T08:08:15","slug":"red-cedar-hearts-prevent-clothes-moths","status":"publish","type":"product","link":"https:\/\/fredfloris.eu\/pl\/productpage\/red-cedar-hearts-prevent-clothes-moths\/","title":{"rendered":"Serca z czerwonego cedru - zapobiegaj\u0105 molom odzie\u017cowym"},"content":{"rendered":"<p><strong>Cena dotyczy jednego pude\u0142ka cedrowych serc, zawieraj\u0105cego 15 sztuk.<\/strong><\/p>\n<p>Nasze serca z czerwonego cedru pozwol\u0105 Pa\u0144stwu zadba\u0107 o dzianiny. Prosz\u0119 cieszy\u0107 si\u0119 \u015bwie\u017cym zapachem, kt\u00f3ry uwalniaj\u0105 za ka\u017cdym razem, gdy otwieraj\u0105 Pa\u0144stwo szaf\u0119 - to wspania\u0142y pocz\u0105tek dnia. Te drewniane serca skutecznie chroni\u0105 ubrania przed molami, pluskwami, rybikami i innymi owadami, zabezpieczaj\u0105c ciep\u0142\u0105 odzie\u017c.<\/p>\n<p>Wykonane w Szwecji cedrowe serca s\u0105 niezb\u0119dne do utrzymania garderoby w dobrym stanie. Prosz\u0119 umie\u015bci\u0107 je w\u015br\u00f3d we\u0142nianych lub kaszmirowych ubra\u0144, w szufladach lub wisz\u0105cych w szafie, aby zapewni\u0107 im odpowiedni\u0105 ochron\u0119.<\/p>\n<p><strong>Materia\u0142:<\/strong> Czerwone drewno cedrowe<\/p>\n<p>Ten produkt mo\u017cna r\u00f3wnie\u017c kupi\u0107 w ramach naszej oferty <a href=\"https:\/\/fredfloris.eu\/pl\/productpage\/cashmere-care-kit\/?wmc-currency=PLN\">Zestaw piel\u0119gnacyjny<\/a><\/p>\n<p>&nbsp;<\/p>\n<p>Wyszukiwane s\u0142owa: Zapobieganie molom odzie\u017cowym, pluskwom, rybom srebrzystym i owadom<\/p>","protected":false},"excerpt":{"rendered":"<p>Rozmiar: 30x25x10 mm<\/p>\n<p>SKU: red\/car\/ced\/hea<br \/>\nMarka: FredFloris &amp; Partner<\/p>","protected":false},"featured_media":10029,"template":"","meta":[],"pwb-brand":[203],"product_brand":[],"product_cat":[361,362],"product_tag":[380,135],"woo-feed-brand":[],"class_list":{"0":"post-10048","1":"product","2":"type-product","3":"status-publish","4":"has-post-thumbnail","6":"pwb-brand-fredfloris","7":"product_cat-knitwear","8":"product_cat-knitwear-care-products","9":"product_tag-knitwear-care","10":"product_tag-stocked","11":"product_shipping_class-small-goods","13":"first","14":"outofstock","15":"taxable","16":"shipping-taxable","17":"purchasable","18":"product-type-simple"},"yoast_head":"<!-- This site is optimized with the Yoast SEO plugin v27.2 - https:\/\/yoast.com\/product\/yoast-seo-wordpress\/ -->\n<title>Red Cedar Hearts \u2013 Prevent Clothes Moths | FredFloris<\/title>\n<meta name=\"description\" content=\"Our Red Cedar Hearts protects your clothes and prevents moths, bedbugs, silverfish and insects. Place inside the drawers or in your wardrobe.\" \/>\n<meta name=\"robots\" content=\"index, follow, max-snippet:-1, max-image-preview:large, max-video-preview:-1\" \/>\n<link rel=\"canonical\" href=\"https:\/\/fredfloris.eu\/pl\/productpage\/red-cedar-hearts-prevent-clothes-moths\/?wmc-currency=PLN\" \/>\n<meta property=\"og:locale\" content=\"pl_PL\" \/>\n<meta property=\"og:type\" content=\"article\" \/>\n<meta property=\"og:title\" content=\"Red Cedar Hearts \u2013 Prevent Clothes Moths | FredFloris\" \/>\n<meta property=\"og:description\" content=\"Our Red Cedar Hearts protects your clothes and prevents moths, bedbugs, silverfish and insects. Place inside the drawers or in your wardrobe.\" \/>\n<meta property=\"og:url\" content=\"https:\/\/fredfloris.eu\/pl\/productpage\/red-cedar-hearts-prevent-clothes-moths\/?wmc-currency=PLN\" \/>\n<meta property=\"og:site_name\" content=\"FredFloris\" \/>\n<meta property=\"article:publisher\" content=\"https:\/\/www.facebook.com\/FredFloris.Artisan.Studio\/\" \/>\n<meta property=\"article:modified_time\" content=\"2025-11-11T08:08:15+00:00\" \/>\n<meta property=\"og:image\" content=\"https:\/\/fredfloris.eu\/wp-content\/uploads\/2022\/10\/IMG_3404-scaled.jpg\" \/>\n\t<meta property=\"og:image:width\" content=\"2560\" \/>\n\t<meta property=\"og:image:height\" content=\"1707\" \/>\n\t<meta property=\"og:image:type\" content=\"image\/jpeg\" \/>\n<meta name=\"twitter:card\" content=\"summary_large_image\" \/>\n<meta name=\"twitter:site\" content=\"@_fredfloris_\" \/>\n<meta name=\"twitter:label1\" content=\"Szacowany czas czytania\" \/>\n\t<meta name=\"twitter:data1\" content=\"1 minuta\" \/>\n<script type=\"application\/ld+json\" class=\"yoast-schema-graph\">{\"@context\":\"https:\/\/schema.org\",\"@graph\":[{\"@type\":\"WebPage\",\"@id\":\"https:\/\/fredfloris.eu\/productpage\/red-cedar-hearts-prevent-clothes-moths\/\",\"url\":\"https:\/\/fredfloris.eu\/productpage\/red-cedar-hearts-prevent-clothes-moths\/\",\"name\":\"Red Cedar Hearts \u2013 Prevent Clothes Moths | FredFloris\",\"isPartOf\":{\"@id\":\"https:\/\/fredfloris.eu\/#website\"},\"primaryImageOfPage\":{\"@id\":\"https:\/\/fredfloris.eu\/productpage\/red-cedar-hearts-prevent-clothes-moths\/#primaryimage\"},\"image\":{\"@id\":\"https:\/\/fredfloris.eu\/productpage\/red-cedar-hearts-prevent-clothes-moths\/#primaryimage\"},\"thumbnailUrl\":\"https:\/\/fredfloris.eu\/wp-content\/uploads\/2022\/10\/IMG_3404-scaled.jpg\",\"datePublished\":\"2022-10-10T15:33:05+00:00\",\"dateModified\":\"2025-11-11T08:08:15+00:00\",\"description\":\"Our Red Cedar Hearts protects your clothes and prevents moths, bedbugs, silverfish and insects. Place inside the drawers or in your wardrobe.\",\"breadcrumb\":{\"@id\":\"https:\/\/fredfloris.eu\/productpage\/red-cedar-hearts-prevent-clothes-moths\/#breadcrumb\"},\"inLanguage\":\"pl-PL\",\"potentialAction\":[{\"@type\":\"ReadAction\",\"target\":[\"https:\/\/fredfloris.eu\/productpage\/red-cedar-hearts-prevent-clothes-moths\/\"]}]},{\"@type\":\"ImageObject\",\"inLanguage\":\"pl-PL\",\"@id\":\"https:\/\/fredfloris.eu\/productpage\/red-cedar-hearts-prevent-clothes-moths\/#primaryimage\",\"url\":\"https:\/\/fredfloris.eu\/wp-content\/uploads\/2022\/10\/IMG_3404-scaled.jpg\",\"contentUrl\":\"https:\/\/fredfloris.eu\/wp-content\/uploads\/2022\/10\/IMG_3404-scaled.jpg\",\"width\":2560,\"height\":1707,\"caption\":\"Product: Red Cedar Hearts \u2013 Prevent Clothes Moths\"},{\"@type\":\"BreadcrumbList\",\"@id\":\"https:\/\/fredfloris.eu\/productpage\/red-cedar-hearts-prevent-clothes-moths\/#breadcrumb\",\"itemListElement\":[{\"@type\":\"ListItem\",\"position\":1,\"name\":\"Home\",\"item\":\"https:\/\/fredfloris.eu\/\"},{\"@type\":\"ListItem\",\"position\":2,\"name\":\"Shop\",\"item\":\"https:\/\/fredfloris.eu\/shop\/\"},{\"@type\":\"ListItem\",\"position\":3,\"name\":\"Red Cedar Hearts \u2013 Prevent Clothes Moths\"}]},{\"@type\":\"WebSite\",\"@id\":\"https:\/\/fredfloris.eu\/#website\",\"url\":\"https:\/\/fredfloris.eu\/\",\"name\":\"FredFloris\",\"description\":\"Handcrafted Leathergoods - Made in Sweden\",\"publisher\":{\"@id\":\"https:\/\/fredfloris.eu\/#organization\"},\"potentialAction\":[{\"@type\":\"SearchAction\",\"target\":{\"@type\":\"EntryPoint\",\"urlTemplate\":\"https:\/\/fredfloris.eu\/?s={search_term_string}\"},\"query-input\":{\"@type\":\"PropertyValueSpecification\",\"valueRequired\":true,\"valueName\":\"search_term_string\"}}],\"inLanguage\":\"pl-PL\"},{\"@type\":\"Organization\",\"@id\":\"https:\/\/fredfloris.eu\/#organization\",\"name\":\"FredFloris\",\"url\":\"https:\/\/fredfloris.eu\/\",\"logo\":{\"@type\":\"ImageObject\",\"inLanguage\":\"pl-PL\",\"@id\":\"https:\/\/fredfloris.eu\/#\/schema\/logo\/image\/\",\"url\":\"https:\/\/fredfloris.eu\/wp-content\/uploads\/2022\/03\/FredFloris-med-hel-nal-och-text.png\",\"contentUrl\":\"https:\/\/fredfloris.eu\/wp-content\/uploads\/2022\/03\/FredFloris-med-hel-nal-och-text.png\",\"width\":591,\"height\":283,\"caption\":\"FredFloris\"},\"image\":{\"@id\":\"https:\/\/fredfloris.eu\/#\/schema\/logo\/image\/\"},\"sameAs\":[\"https:\/\/www.facebook.com\/FredFloris.Artisan.Studio\/\",\"https:\/\/x.com\/_fredfloris_\",\"https:\/\/www.instagram.com\/fredfloris.artisan.studio\/\"]}]}<\/script>\n<!-- \/ Yoast SEO plugin. -->","yoast_head_json":{"title":"Czerwone cedrowe serca - zapobiegaj\u0105 molom odzie\u017cowym | FredFloris","description":"Nasze czerwone cedrowe serca chroni\u0105 Pa\u0144stwa ubrania i zapobiegaj\u0105 molom, pluskwom, rybkom i owadom. Prosz\u0119 umie\u015bci\u0107 wewn\u0105trz szuflad lub w szafie.","robots":{"index":"index","follow":"follow","max-snippet":"max-snippet:-1","max-image-preview":"max-image-preview:large","max-video-preview":"max-video-preview:-1"},"canonical":"https:\/\/fredfloris.eu\/pl\/productpage\/red-cedar-hearts-prevent-clothes-moths\/?wmc-currency=PLN","og_locale":"pl_PL","og_type":"article","og_title":"Red Cedar Hearts \u2013 Prevent Clothes Moths | FredFloris","og_description":"Our Red Cedar Hearts protects your clothes and prevents moths, bedbugs, silverfish and insects. Place inside the drawers or in your wardrobe.","og_url":"https:\/\/fredfloris.eu\/pl\/productpage\/red-cedar-hearts-prevent-clothes-moths\/?wmc-currency=PLN","og_site_name":"FredFloris","article_publisher":"https:\/\/www.facebook.com\/FredFloris.Artisan.Studio\/","article_modified_time":"2025-11-11T08:08:15+00:00","og_image":[{"width":2560,"height":1707,"url":"https:\/\/fredfloris.eu\/wp-content\/uploads\/2022\/10\/IMG_3404-scaled.jpg","type":"image\/jpeg"}],"twitter_card":"summary_large_image","twitter_site":"@_fredfloris_","twitter_misc":{"Szacowany czas czytania":"1 minuta"},"schema":{"@context":"https:\/\/schema.org","@graph":[{"@type":"WebPage","@id":"https:\/\/fredfloris.eu\/productpage\/red-cedar-hearts-prevent-clothes-moths\/","url":"https:\/\/fredfloris.eu\/productpage\/red-cedar-hearts-prevent-clothes-moths\/","name":"Czerwone cedrowe serca - zapobiegaj\u0105 molom odzie\u017cowym | FredFloris","isPartOf":{"@id":"https:\/\/fredfloris.eu\/#website"},"primaryImageOfPage":{"@id":"https:\/\/fredfloris.eu\/productpage\/red-cedar-hearts-prevent-clothes-moths\/#primaryimage"},"image":{"@id":"https:\/\/fredfloris.eu\/productpage\/red-cedar-hearts-prevent-clothes-moths\/#primaryimage"},"thumbnailUrl":"https:\/\/fredfloris.eu\/wp-content\/uploads\/2022\/10\/IMG_3404-scaled.jpg","datePublished":"2022-10-10T15:33:05+00:00","dateModified":"2025-11-11T08:08:15+00:00","description":"Nasze czerwone cedrowe serca chroni\u0105 Pa\u0144stwa ubrania i zapobiegaj\u0105 molom, pluskwom, rybkom i owadom. Prosz\u0119 umie\u015bci\u0107 wewn\u0105trz szuflad lub w szafie.","breadcrumb":{"@id":"https:\/\/fredfloris.eu\/productpage\/red-cedar-hearts-prevent-clothes-moths\/#breadcrumb"},"inLanguage":"pl-PL","potentialAction":[{"@type":"ReadAction","target":["https:\/\/fredfloris.eu\/productpage\/red-cedar-hearts-prevent-clothes-moths\/"]}]},{"@type":"ImageObject","inLanguage":"pl-PL","@id":"https:\/\/fredfloris.eu\/productpage\/red-cedar-hearts-prevent-clothes-moths\/#primaryimage","url":"https:\/\/fredfloris.eu\/wp-content\/uploads\/2022\/10\/IMG_3404-scaled.jpg","contentUrl":"https:\/\/fredfloris.eu\/wp-content\/uploads\/2022\/10\/IMG_3404-scaled.jpg","width":2560,"height":1707,"caption":"Product: Red Cedar Hearts \u2013 Prevent Clothes Moths"},{"@type":"BreadcrumbList","@id":"https:\/\/fredfloris.eu\/productpage\/red-cedar-hearts-prevent-clothes-moths\/#breadcrumb","itemListElement":[{"@type":"ListItem","position":1,"name":"Home","item":"https:\/\/fredfloris.eu\/"},{"@type":"ListItem","position":2,"name":"Shop","item":"https:\/\/fredfloris.eu\/shop\/"},{"@type":"ListItem","position":3,"name":"Red Cedar Hearts \u2013 Prevent Clothes Moths"}]},{"@type":"WebSite","@id":"https:\/\/fredfloris.eu\/#website","url":"https:\/\/fredfloris.eu\/","name":"FredFloris","description":"R\u0119cznie wykonane wyroby sk\u00f3rzane - wyprodukowane w Szwecji","publisher":{"@id":"https:\/\/fredfloris.eu\/#organization"},"potentialAction":[{"@type":"SearchAction","target":{"@type":"EntryPoint","urlTemplate":"https:\/\/fredfloris.eu\/?s={search_term_string}"},"query-input":{"@type":"PropertyValueSpecification","valueRequired":true,"valueName":"search_term_string"}}],"inLanguage":"pl-PL"},{"@type":"Organization","@id":"https:\/\/fredfloris.eu\/#organization","name":"FredFloris","url":"https:\/\/fredfloris.eu\/","logo":{"@type":"ImageObject","inLanguage":"pl-PL","@id":"https:\/\/fredfloris.eu\/#\/schema\/logo\/image\/","url":"https:\/\/fredfloris.eu\/wp-content\/uploads\/2022\/03\/FredFloris-med-hel-nal-och-text.png","contentUrl":"https:\/\/fredfloris.eu\/wp-content\/uploads\/2022\/03\/FredFloris-med-hel-nal-och-text.png","width":591,"height":283,"caption":"FredFloris"},"image":{"@id":"https:\/\/fredfloris.eu\/#\/schema\/logo\/image\/"},"sameAs":["https:\/\/www.facebook.com\/FredFloris.Artisan.Studio\/","https:\/\/x.com\/_fredfloris_","https:\/\/www.instagram.com\/fredfloris.artisan.studio\/"]}]}},"brands":[{"id":203,"name":"FredFloris","slug":"fredfloris"}],"_links":{"self":[{"href":"https:\/\/fredfloris.eu\/pl\/wp-json\/wp\/v2\/product\/10048","targetHints":{"allow":["GET"]}}],"collection":[{"href":"https:\/\/fredfloris.eu\/pl\/wp-json\/wp\/v2\/product"}],"about":[{"href":"https:\/\/fredfloris.eu\/pl\/wp-json\/wp\/v2\/types\/product"}],"version-history":[{"count":7,"href":"https:\/\/fredfloris.eu\/pl\/wp-json\/wp\/v2\/product\/10048\/revisions"}],"predecessor-version":[{"id":11142,"href":"https:\/\/fredfloris.eu\/pl\/wp-json\/wp\/v2\/product\/10048\/revisions\/11142"}],"wp:featuredmedia":[{"embeddable":true,"href":"https:\/\/fredfloris.eu\/pl\/wp-json\/wp\/v2\/media\/10029"}],"wp:attachment":[{"href":"https:\/\/fredfloris.eu\/pl\/wp-json\/wp\/v2\/media?parent=10048"}],"wp:term":[{"taxonomy":"pwb-brand","embeddable":true,"href":"https:\/\/fredfloris.eu\/pl\/wp-json\/wp\/v2\/pwb-brand?post=10048"},{"taxonomy":"product_brand","embeddable":true,"href":"https:\/\/fredfloris.eu\/pl\/wp-json\/wp\/v2\/product_brand?post=10048"},{"taxonomy":"product_cat","embeddable":true,"href":"https:\/\/fredfloris.eu\/pl\/wp-json\/wp\/v2\/product_cat?post=10048"},{"taxonomy":"product_tag","embeddable":true,"href":"https:\/\/fredfloris.eu\/pl\/wp-json\/wp\/v2\/product_tag?post=10048"},{"taxonomy":"woo-feed-brand","embeddable":true,"href":"https:\/\/fredfloris.eu\/pl\/wp-json\/wp\/v2\/woo-feed-brand?post=10048"}],"curies":[{"name":"wp","href":"https:\/\/api.w.org\/{rel}","templated":true}]}}