{"id":10059,"date":"2022-10-10T17:37:30","date_gmt":"2022-10-10T15:37:30","guid":{"rendered":"https:\/\/fredfloris.eu\/?post_type=product&#038;p=10059"},"modified":"2025-11-11T09:09:14","modified_gmt":"2025-11-11T08:09:14","slug":"cashmere-care-kit","status":"publish","type":"product","link":"https:\/\/fredfloris.eu\/pl\/productpage\/cashmere-care-kit\/","title":{"rendered":"Zestaw do piel\u0119gnacji kaszmiru"},"content":{"rendered":"<p>Dbanie o odzie\u017c jest cz\u0119\u015bci\u0105 dbania o siebie.<\/p>\n<p>Nasze produkty do piel\u0119gnacji odzie\u017cy przed\u0142u\u017caj\u0105 \u017cywotno\u015b\u0107 Pa\u0144stwa ulubionej dzianiny, dzi\u0119ki czemu staje si\u0119 ona artyku\u0142em na ca\u0142e \u017cycie.<\/p>\n<p>Kupuj\u0105c ten zestaw, mog\u0105 Pa\u0144stwo zaoszcz\u0119dzi\u0107 ponad 10% ceny regularnej.<\/p>\n<p><strong>Zestaw zawiera:\u00a0<\/strong><\/p>\n<ul>\n<li><a href=\"https:\/\/fredfloris.eu\/pl\/productpage\/cashmere-wool-spray\/?wmc-currency=PLN\">Nasz spray do kaszmiru i we\u0142ny<\/a> - Usuwa nieprzyjemny zapach i brud mi\u0119dzy praniami<\/li>\n<li><a href=\"https:\/\/fredfloris.eu\/pl\/productpage\/horse-hair-clothes-brush\/?wmc-currency=PLN\">Nasza szczotka do ubra\u0144 z w\u0142osia ko\u0144skiego<\/a> - Pomaga zapobiega\u0107 gromadzeniu si\u0119 brudu<\/li>\n<li><a href=\"https:\/\/fredfloris.eu\/pl\/productpage\/red-cedar-hearts-prevent-clothes-moths\/?wmc-currency=PLN\">Nasze serca z czerwonego cedru<\/a> - Odstrasza mole i inne szkodniki<\/li>\n<li><a href=\"https:\/\/fredfloris.eu\/pl\/productpage\/natural-stain-removing-bile-soap\/?wmc-currency=PLN\">Nasza kostka myd\u0142a \u017c\u00f3\u0142ciowego<\/a> - Jest odporny na plamy, a jednocze\u015bnie przyjazny dla \u015brodowiska<\/li>\n<\/ul>\n<p>&nbsp;<\/p>\n<p>Zalecamy r\u00f3wnie\u017c wzbogacenie tego zestawu o grzebie\u0144 do kaszmiru lub elektryczn\u0105 maszynk\u0119 do tkanin i \u017celazko parowe. Chocia\u017c sami nie sprzedajemy tych produkt\u00f3w, s\u0105 one \u0142atwo dost\u0119pne w lokalnych sklepach z elektronik\u0105.<\/p>\n<p>&nbsp;<\/p>\n<p>Wyszukiwane has\u0142o: ca\u0142kowicie naturalne myd\u0142o, detergent do prania we\u0142ny, zapobieganie molom odzie\u017cowym, pluskwom, rybkom srebrnym i owadom<\/p>","protected":false},"excerpt":{"rendered":"<p>SKU: cas\/car\/kit<\/p>","protected":false},"featured_media":10018,"template":"","meta":[],"pwb-brand":[204],"product_brand":[],"product_cat":[361,362],"product_tag":[380,135],"woo-feed-brand":[],"class_list":{"0":"post-10059","1":"product","2":"type-product","3":"status-publish","4":"has-post-thumbnail","6":"pwb-brand-fredfloris-partner","7":"product_cat-knitwear","8":"product_cat-knitwear-care-products","9":"product_tag-knitwear-care","10":"product_tag-stocked","11":"product_shipping_class-large-goods","13":"first","14":"outofstock","15":"taxable","16":"shipping-taxable","17":"purchasable","18":"product-type-simple"},"yoast_head":"<!-- This site is optimized with the Yoast SEO plugin v27.2 - https:\/\/yoast.com\/product\/yoast-seo-wordpress\/ -->\n<title>Cashmere Care Kit | FredFloris<\/title>\n<meta name=\"description\" content=\"Our Cashmer care kit includes are own Cashmere\/Wool spray, a horsehair clothes brush, Red ceder - used to prevent clothes mothes and our bile soap.\" \/>\n<meta name=\"robots\" content=\"index, follow, max-snippet:-1, max-image-preview:large, max-video-preview:-1\" \/>\n<link rel=\"canonical\" href=\"https:\/\/fredfloris.eu\/pl\/productpage\/cashmere-care-kit\/?wmc-currency=PLN\" \/>\n<meta property=\"og:locale\" content=\"pl_PL\" \/>\n<meta property=\"og:type\" content=\"article\" \/>\n<meta property=\"og:title\" content=\"Cashmere Care Kit | FredFloris\" \/>\n<meta property=\"og:description\" content=\"Our Cashmer care kit includes are own Cashmere\/Wool spray, a horsehair clothes brush, Red ceder - used to prevent clothes mothes and our bile soap.\" \/>\n<meta property=\"og:url\" content=\"https:\/\/fredfloris.eu\/pl\/productpage\/cashmere-care-kit\/?wmc-currency=PLN\" \/>\n<meta property=\"og:site_name\" content=\"FredFloris\" \/>\n<meta property=\"article:publisher\" content=\"https:\/\/www.facebook.com\/FredFloris.Artisan.Studio\/\" \/>\n<meta property=\"article:modified_time\" content=\"2025-11-11T08:09:14+00:00\" \/>\n<meta property=\"og:image\" content=\"https:\/\/fredfloris.eu\/wp-content\/uploads\/2022\/10\/IMG_3653-scaled.jpg\" \/>\n\t<meta property=\"og:image:width\" content=\"2560\" \/>\n\t<meta property=\"og:image:height\" content=\"1707\" \/>\n\t<meta property=\"og:image:type\" content=\"image\/jpeg\" \/>\n<meta name=\"twitter:card\" content=\"summary_large_image\" \/>\n<meta name=\"twitter:site\" content=\"@_fredfloris_\" \/>\n<meta name=\"twitter:label1\" content=\"Szacowany czas czytania\" \/>\n\t<meta name=\"twitter:data1\" content=\"1 minuta\" \/>\n<script type=\"application\/ld+json\" class=\"yoast-schema-graph\">{\"@context\":\"https:\/\/schema.org\",\"@graph\":[{\"@type\":\"WebPage\",\"@id\":\"https:\/\/fredfloris.eu\/productpage\/cashmere-care-kit\/\",\"url\":\"https:\/\/fredfloris.eu\/productpage\/cashmere-care-kit\/\",\"name\":\"Cashmere Care Kit | FredFloris\",\"isPartOf\":{\"@id\":\"https:\/\/fredfloris.eu\/#website\"},\"primaryImageOfPage\":{\"@id\":\"https:\/\/fredfloris.eu\/productpage\/cashmere-care-kit\/#primaryimage\"},\"image\":{\"@id\":\"https:\/\/fredfloris.eu\/productpage\/cashmere-care-kit\/#primaryimage\"},\"thumbnailUrl\":\"https:\/\/fredfloris.eu\/wp-content\/uploads\/2022\/10\/IMG_3653-scaled.jpg\",\"datePublished\":\"2022-10-10T15:37:30+00:00\",\"dateModified\":\"2025-11-11T08:09:14+00:00\",\"description\":\"Our Cashmer care kit includes are own Cashmere\/Wool spray, a horsehair clothes brush, Red ceder - used to prevent clothes mothes and our bile soap.\",\"breadcrumb\":{\"@id\":\"https:\/\/fredfloris.eu\/productpage\/cashmere-care-kit\/#breadcrumb\"},\"inLanguage\":\"pl-PL\",\"potentialAction\":[{\"@type\":\"ReadAction\",\"target\":[\"https:\/\/fredfloris.eu\/productpage\/cashmere-care-kit\/\"]}]},{\"@type\":\"ImageObject\",\"inLanguage\":\"pl-PL\",\"@id\":\"https:\/\/fredfloris.eu\/productpage\/cashmere-care-kit\/#primaryimage\",\"url\":\"https:\/\/fredfloris.eu\/wp-content\/uploads\/2022\/10\/IMG_3653-scaled.jpg\",\"contentUrl\":\"https:\/\/fredfloris.eu\/wp-content\/uploads\/2022\/10\/IMG_3653-scaled.jpg\",\"width\":2560,\"height\":1707,\"caption\":\"Product: Clothes Brush, Red Cedar Hearts, Mild Natural Bile Soap, Cashmere \/ Wool spray\"},{\"@type\":\"BreadcrumbList\",\"@id\":\"https:\/\/fredfloris.eu\/productpage\/cashmere-care-kit\/#breadcrumb\",\"itemListElement\":[{\"@type\":\"ListItem\",\"position\":1,\"name\":\"Home\",\"item\":\"https:\/\/fredfloris.eu\/\"},{\"@type\":\"ListItem\",\"position\":2,\"name\":\"Shop\",\"item\":\"https:\/\/fredfloris.eu\/shop\/\"},{\"@type\":\"ListItem\",\"position\":3,\"name\":\"Cashmere Care Kit\"}]},{\"@type\":\"WebSite\",\"@id\":\"https:\/\/fredfloris.eu\/#website\",\"url\":\"https:\/\/fredfloris.eu\/\",\"name\":\"FredFloris\",\"description\":\"Handcrafted Leathergoods - Made in Sweden\",\"publisher\":{\"@id\":\"https:\/\/fredfloris.eu\/#organization\"},\"potentialAction\":[{\"@type\":\"SearchAction\",\"target\":{\"@type\":\"EntryPoint\",\"urlTemplate\":\"https:\/\/fredfloris.eu\/?s={search_term_string}\"},\"query-input\":{\"@type\":\"PropertyValueSpecification\",\"valueRequired\":true,\"valueName\":\"search_term_string\"}}],\"inLanguage\":\"pl-PL\"},{\"@type\":\"Organization\",\"@id\":\"https:\/\/fredfloris.eu\/#organization\",\"name\":\"FredFloris\",\"url\":\"https:\/\/fredfloris.eu\/\",\"logo\":{\"@type\":\"ImageObject\",\"inLanguage\":\"pl-PL\",\"@id\":\"https:\/\/fredfloris.eu\/#\/schema\/logo\/image\/\",\"url\":\"https:\/\/fredfloris.eu\/wp-content\/uploads\/2022\/03\/FredFloris-med-hel-nal-och-text.png\",\"contentUrl\":\"https:\/\/fredfloris.eu\/wp-content\/uploads\/2022\/03\/FredFloris-med-hel-nal-och-text.png\",\"width\":591,\"height\":283,\"caption\":\"FredFloris\"},\"image\":{\"@id\":\"https:\/\/fredfloris.eu\/#\/schema\/logo\/image\/\"},\"sameAs\":[\"https:\/\/www.facebook.com\/FredFloris.Artisan.Studio\/\",\"https:\/\/x.com\/_fredfloris_\",\"https:\/\/www.instagram.com\/fredfloris.artisan.studio\/\"]}]}<\/script>\n<!-- \/ Yoast SEO plugin. -->","yoast_head_json":{"title":"Zestaw do piel\u0119gnacji kaszmiru | FredFloris","description":"Nasz zestaw piel\u0119gnacyjny Cashmer zawiera w\u0142asny spray Cashmere\/Wool, szczotk\u0119 do ubra\u0144 z ko\u0144skiego w\u0142osia, Red ceder - u\u017cywany do zapobiegania powstawaniu moli oraz nasze myd\u0142o \u017c\u00f3\u0142ciowe.","robots":{"index":"index","follow":"follow","max-snippet":"max-snippet:-1","max-image-preview":"max-image-preview:large","max-video-preview":"max-video-preview:-1"},"canonical":"https:\/\/fredfloris.eu\/pl\/productpage\/cashmere-care-kit\/?wmc-currency=PLN","og_locale":"pl_PL","og_type":"article","og_title":"Cashmere Care Kit | FredFloris","og_description":"Our Cashmer care kit includes are own Cashmere\/Wool spray, a horsehair clothes brush, Red ceder - used to prevent clothes mothes and our bile soap.","og_url":"https:\/\/fredfloris.eu\/pl\/productpage\/cashmere-care-kit\/?wmc-currency=PLN","og_site_name":"FredFloris","article_publisher":"https:\/\/www.facebook.com\/FredFloris.Artisan.Studio\/","article_modified_time":"2025-11-11T08:09:14+00:00","og_image":[{"width":2560,"height":1707,"url":"https:\/\/fredfloris.eu\/wp-content\/uploads\/2022\/10\/IMG_3653-scaled.jpg","type":"image\/jpeg"}],"twitter_card":"summary_large_image","twitter_site":"@_fredfloris_","twitter_misc":{"Szacowany czas czytania":"1 minuta"},"schema":{"@context":"https:\/\/schema.org","@graph":[{"@type":"WebPage","@id":"https:\/\/fredfloris.eu\/productpage\/cashmere-care-kit\/","url":"https:\/\/fredfloris.eu\/productpage\/cashmere-care-kit\/","name":"Zestaw do piel\u0119gnacji kaszmiru | FredFloris","isPartOf":{"@id":"https:\/\/fredfloris.eu\/#website"},"primaryImageOfPage":{"@id":"https:\/\/fredfloris.eu\/productpage\/cashmere-care-kit\/#primaryimage"},"image":{"@id":"https:\/\/fredfloris.eu\/productpage\/cashmere-care-kit\/#primaryimage"},"thumbnailUrl":"https:\/\/fredfloris.eu\/wp-content\/uploads\/2022\/10\/IMG_3653-scaled.jpg","datePublished":"2022-10-10T15:37:30+00:00","dateModified":"2025-11-11T08:09:14+00:00","description":"Nasz zestaw piel\u0119gnacyjny Cashmer zawiera w\u0142asny spray Cashmere\/Wool, szczotk\u0119 do ubra\u0144 z ko\u0144skiego w\u0142osia, Red ceder - u\u017cywany do zapobiegania powstawaniu moli oraz nasze myd\u0142o \u017c\u00f3\u0142ciowe.","breadcrumb":{"@id":"https:\/\/fredfloris.eu\/productpage\/cashmere-care-kit\/#breadcrumb"},"inLanguage":"pl-PL","potentialAction":[{"@type":"ReadAction","target":["https:\/\/fredfloris.eu\/productpage\/cashmere-care-kit\/"]}]},{"@type":"ImageObject","inLanguage":"pl-PL","@id":"https:\/\/fredfloris.eu\/productpage\/cashmere-care-kit\/#primaryimage","url":"https:\/\/fredfloris.eu\/wp-content\/uploads\/2022\/10\/IMG_3653-scaled.jpg","contentUrl":"https:\/\/fredfloris.eu\/wp-content\/uploads\/2022\/10\/IMG_3653-scaled.jpg","width":2560,"height":1707,"caption":"Product: Clothes Brush, Red Cedar Hearts, Mild Natural Bile Soap, Cashmere \/ Wool spray"},{"@type":"BreadcrumbList","@id":"https:\/\/fredfloris.eu\/productpage\/cashmere-care-kit\/#breadcrumb","itemListElement":[{"@type":"ListItem","position":1,"name":"Home","item":"https:\/\/fredfloris.eu\/"},{"@type":"ListItem","position":2,"name":"Shop","item":"https:\/\/fredfloris.eu\/shop\/"},{"@type":"ListItem","position":3,"name":"Cashmere Care Kit"}]},{"@type":"WebSite","@id":"https:\/\/fredfloris.eu\/#website","url":"https:\/\/fredfloris.eu\/","name":"FredFloris","description":"R\u0119cznie wykonane wyroby sk\u00f3rzane - wyprodukowane w Szwecji","publisher":{"@id":"https:\/\/fredfloris.eu\/#organization"},"potentialAction":[{"@type":"SearchAction","target":{"@type":"EntryPoint","urlTemplate":"https:\/\/fredfloris.eu\/?s={search_term_string}"},"query-input":{"@type":"PropertyValueSpecification","valueRequired":true,"valueName":"search_term_string"}}],"inLanguage":"pl-PL"},{"@type":"Organization","@id":"https:\/\/fredfloris.eu\/#organization","name":"FredFloris","url":"https:\/\/fredfloris.eu\/","logo":{"@type":"ImageObject","inLanguage":"pl-PL","@id":"https:\/\/fredfloris.eu\/#\/schema\/logo\/image\/","url":"https:\/\/fredfloris.eu\/wp-content\/uploads\/2022\/03\/FredFloris-med-hel-nal-och-text.png","contentUrl":"https:\/\/fredfloris.eu\/wp-content\/uploads\/2022\/03\/FredFloris-med-hel-nal-och-text.png","width":591,"height":283,"caption":"FredFloris"},"image":{"@id":"https:\/\/fredfloris.eu\/#\/schema\/logo\/image\/"},"sameAs":["https:\/\/www.facebook.com\/FredFloris.Artisan.Studio\/","https:\/\/x.com\/_fredfloris_","https:\/\/www.instagram.com\/fredfloris.artisan.studio\/"]}]}},"brands":[{"id":204,"name":"FredFloris &amp; Partner","slug":"fredfloris-partner"}],"_links":{"self":[{"href":"https:\/\/fredfloris.eu\/pl\/wp-json\/wp\/v2\/product\/10059","targetHints":{"allow":["GET"]}}],"collection":[{"href":"https:\/\/fredfloris.eu\/pl\/wp-json\/wp\/v2\/product"}],"about":[{"href":"https:\/\/fredfloris.eu\/pl\/wp-json\/wp\/v2\/types\/product"}],"version-history":[{"count":11,"href":"https:\/\/fredfloris.eu\/pl\/wp-json\/wp\/v2\/product\/10059\/revisions"}],"predecessor-version":[{"id":11575,"href":"https:\/\/fredfloris.eu\/pl\/wp-json\/wp\/v2\/product\/10059\/revisions\/11575"}],"wp:featuredmedia":[{"embeddable":true,"href":"https:\/\/fredfloris.eu\/pl\/wp-json\/wp\/v2\/media\/10018"}],"wp:attachment":[{"href":"https:\/\/fredfloris.eu\/pl\/wp-json\/wp\/v2\/media?parent=10059"}],"wp:term":[{"taxonomy":"pwb-brand","embeddable":true,"href":"https:\/\/fredfloris.eu\/pl\/wp-json\/wp\/v2\/pwb-brand?post=10059"},{"taxonomy":"product_brand","embeddable":true,"href":"https:\/\/fredfloris.eu\/pl\/wp-json\/wp\/v2\/product_brand?post=10059"},{"taxonomy":"product_cat","embeddable":true,"href":"https:\/\/fredfloris.eu\/pl\/wp-json\/wp\/v2\/product_cat?post=10059"},{"taxonomy":"product_tag","embeddable":true,"href":"https:\/\/fredfloris.eu\/pl\/wp-json\/wp\/v2\/product_tag?post=10059"},{"taxonomy":"woo-feed-brand","embeddable":true,"href":"https:\/\/fredfloris.eu\/pl\/wp-json\/wp\/v2\/woo-feed-brand?post=10059"}],"curies":[{"name":"wp","href":"https:\/\/api.w.org\/{rel}","templated":true}]}}