{"id":5025,"date":"2022-05-15T23:05:02","date_gmt":"2022-05-15T21:05:02","guid":{"rendered":"https:\/\/fredfloris.eu\/?post_type=product&#038;p=5025"},"modified":"2025-01-18T23:05:50","modified_gmt":"2025-01-18T21:05:50","slug":"llb-bookmarks","status":"publish","type":"product","link":"https:\/\/fredfloris.eu\/pl\/productpage\/llb-bookmarks\/","title":{"rendered":"Lagerl\u00f6f, Lindgren or Bremmer - Zak\u0142adki"},"content":{"rendered":"<p><a href=\"https:\/\/fredfloris.eu\/pl\/personalize-guide\/?wmc-currency=PLN\">Prosz\u0119 przeczyta\u0107 nasz przewodnik o tym, jak spersonalizowa\u0107 ten produkt.<\/a><\/p>\n<p><strong>Prosz\u0119 odkry\u0107 prost\u0105 przyjemno\u015b\u0107, jak\u0105 daje nasza spersonalizowana sk\u00f3rzana zak\u0142adka do ksi\u0105\u017cki.<\/strong> Idealna dla tych, kt\u00f3rzy ceni\u0105 sobie dotyk ksi\u0105\u017cki, ta zak\u0142adka jest wykonana z garbowanej ro\u015blinnie sk\u00f3ry licowej i jest idealna do zatrzymania si\u0119 i refleksji nad tym, co Pa\u0144stwo przeczytali. Jest r\u00f3wnie przyjemna w dotyku i trwa\u0142a jak papierowe strony, kt\u00f3re b\u0119dzie oznacza\u0107.<\/p>\n<p><strong>Idealny prezent:<\/strong> Idealna dla pisarzy, czytelnik\u00f3w lub nauczycieli, kt\u00f3rzy ceni\u0105 moc s\u0142\u00f3w, ta zak\u0142adka jest trwa\u0142ym prezentem, kt\u00f3ry wzbogaci ka\u017cd\u0105 lektur\u0119.<\/p>\n<p><strong>Specyfikacja produktu:<\/strong><\/p>\n<ul>\n<li><strong>Wykonane w ca\u0142o\u015bci r\u0119cznie w naszym rodzinnym Leather Art Studio<\/strong><\/li>\n<li><strong>Jako\u015b\u0107 sk\u00f3ry:<\/strong> Wykonane z garbowanej ro\u015blinnie sk\u00f3ry byka, garbowanej w Toskanii we W\u0142oszech<\/li>\n<li><strong>Personalizacja:<\/strong> Zawiera laserowo grawerowane detale dla unikalnego akcentu<\/li>\n<li><strong>Kolor i wyko\u0144czenie:<\/strong> Sk\u00f3ra w kolorze aniliny z woskowo-\u017cywicznym spodem zapewniaj\u0105cym trwa\u0142o\u015b\u0107<\/li>\n<li><strong>Za\u0142\u0105cznik:<\/strong> Posiada sznurek z w\u0142\u00f3kna konopnego, aby utrzyma\u0107 si\u0119 na miejscu<\/li>\n<li><strong>Wymiary:<\/strong> Szeroko\u015b\u0107: 33 mm, D\u0142ugo\u015b\u0107: 200 mm<\/li>\n<\/ul>\n<p>&nbsp;<\/p>\n<p>Wyszukiwane s\u0142owa: Grawerowana laserowo sk\u00f3rzana zak\u0142adka do ksi\u0105\u017cki, Spersonalizowane sk\u00f3rzane zak\u0142adki do ksi\u0105\u017cek<\/p>","protected":false},"excerpt":{"rendered":"<p>Ta zak\u0142adka do ksi\u0105\u017cki zosta\u0142a wykonana z najwy\u017cszej jako\u015bci garbowanej ro\u015blinnie sk\u00f3ry licowej dostarczonej przez w\u0142osk\u0105 firm\u0119 Mapel &amp; C we wsp\u00f3\u0142pracy z toska\u0144skimi firmami zajmuj\u0105cymi si\u0119 garbowaniem. Wyci\u0119ta z tej samej europejskiej sk\u00f3ry byka, co nasz pasek Maggie May, ta zak\u0142adka jest naturalnie barwiona przy u\u017cyciu aniliny i ma pi\u0119kne p\u00f3\u0142trwa\u0142e wyko\u0144czenie woskiem. Do wykonania fr\u0119dzli u\u017cyli\u015bmy naturalnego sznurka z w\u0142\u00f3kna konopnego, dzi\u0119ki czemu zak\u0142adka jest prosta i delikatna.<\/p>","protected":false},"featured_media":3078,"template":"","meta":[],"pwb-brand":[203],"product_brand":[],"product_cat":[108,100],"product_tag":[123,136,146,105],"woo-feed-brand":[],"class_list":{"0":"post-5025","1":"product","2":"type-product","3":"status-publish","4":"has-post-thumbnail","6":"pwb-brand-fredfloris","7":"product_cat-bookmarks","8":"product_cat-leathergoods","9":"product_tag-full-grain-leather","10":"product_tag-handmade","11":"product_tag-laser-engraving","12":"product_tag-made-to-order","13":"product_shipping_class-small-goods","14":"pa_leather-colour-tan-belt","16":"first","17":"instock","18":"taxable","19":"shipping-taxable","20":"purchasable","21":"product-type-simple"},"yoast_head":"<!-- This site is optimized with the Yoast SEO plugin v27.2 - https:\/\/yoast.com\/product\/yoast-seo-wordpress\/ -->\n<title>Laser Engraved Leather Bookmark | FredFloris<\/title>\n<meta name=\"description\" content=\"Beautiful leather bookmark, personalised bookmarks with your own design. This laser engraved bookmark is a perfect gift for any bookworm.\" \/>\n<meta name=\"robots\" content=\"index, follow, max-snippet:-1, max-image-preview:large, max-video-preview:-1\" \/>\n<link rel=\"canonical\" href=\"https:\/\/fredfloris.eu\/pl\/productpage\/llb-bookmarks\/?wmc-currency=PLN\" \/>\n<meta property=\"og:locale\" content=\"pl_PL\" \/>\n<meta property=\"og:type\" content=\"article\" \/>\n<meta property=\"og:title\" content=\"Laser Engraved Leather Bookmark | FredFloris\" \/>\n<meta property=\"og:description\" content=\"Beautiful leather bookmark, personalised bookmarks with your own design. This laser engraved bookmark is a perfect gift for any bookworm.\" \/>\n<meta property=\"og:url\" content=\"https:\/\/fredfloris.eu\/pl\/productpage\/llb-bookmarks\/?wmc-currency=PLN\" \/>\n<meta property=\"og:site_name\" content=\"FredFloris\" \/>\n<meta property=\"article:publisher\" content=\"https:\/\/www.facebook.com\/FredFloris.Artisan.Studio\/\" \/>\n<meta property=\"article:modified_time\" content=\"2025-01-18T21:05:50+00:00\" \/>\n<meta property=\"og:image\" content=\"https:\/\/fredfloris.eu\/wp-content\/uploads\/2022\/04\/IMG_1500-scaled.jpg\" \/>\n\t<meta property=\"og:image:width\" content=\"2560\" \/>\n\t<meta property=\"og:image:height\" content=\"1722\" \/>\n\t<meta property=\"og:image:type\" content=\"image\/jpeg\" \/>\n<meta name=\"twitter:card\" content=\"summary_large_image\" \/>\n<meta name=\"twitter:site\" content=\"@_fredfloris_\" \/>\n<meta name=\"twitter:label1\" content=\"Szacowany czas czytania\" \/>\n\t<meta name=\"twitter:data1\" content=\"1 minuta\" \/>\n<script type=\"application\/ld+json\" class=\"yoast-schema-graph\">{\"@context\":\"https:\/\/schema.org\",\"@graph\":[{\"@type\":\"WebPage\",\"@id\":\"https:\/\/fredfloris.eu\/productpage\/llb-bookmarks\/\",\"url\":\"https:\/\/fredfloris.eu\/productpage\/llb-bookmarks\/\",\"name\":\"Laser Engraved Leather Bookmark | FredFloris\",\"isPartOf\":{\"@id\":\"https:\/\/fredfloris.eu\/#website\"},\"primaryImageOfPage\":{\"@id\":\"https:\/\/fredfloris.eu\/productpage\/llb-bookmarks\/#primaryimage\"},\"image\":{\"@id\":\"https:\/\/fredfloris.eu\/productpage\/llb-bookmarks\/#primaryimage\"},\"thumbnailUrl\":\"https:\/\/fredfloris.eu\/wp-content\/uploads\/2022\/04\/IMG_1500-scaled.jpg\",\"datePublished\":\"2022-05-15T21:05:02+00:00\",\"dateModified\":\"2025-01-18T21:05:50+00:00\",\"description\":\"Beautiful leather bookmark, personalised bookmarks with your own design. This laser engraved bookmark is a perfect gift for any bookworm.\",\"breadcrumb\":{\"@id\":\"https:\/\/fredfloris.eu\/productpage\/llb-bookmarks\/#breadcrumb\"},\"inLanguage\":\"pl-PL\",\"potentialAction\":[{\"@type\":\"ReadAction\",\"target\":[\"https:\/\/fredfloris.eu\/productpage\/llb-bookmarks\/\"]}]},{\"@type\":\"ImageObject\",\"inLanguage\":\"pl-PL\",\"@id\":\"https:\/\/fredfloris.eu\/productpage\/llb-bookmarks\/#primaryimage\",\"url\":\"https:\/\/fredfloris.eu\/wp-content\/uploads\/2022\/04\/IMG_1500-scaled.jpg\",\"contentUrl\":\"https:\/\/fredfloris.eu\/wp-content\/uploads\/2022\/04\/IMG_1500-scaled.jpg\",\"width\":2560,\"height\":1722,\"caption\":\"Tan leather bookmark, with laser engraving\"},{\"@type\":\"BreadcrumbList\",\"@id\":\"https:\/\/fredfloris.eu\/productpage\/llb-bookmarks\/#breadcrumb\",\"itemListElement\":[{\"@type\":\"ListItem\",\"position\":1,\"name\":\"Home\",\"item\":\"https:\/\/fredfloris.eu\/\"},{\"@type\":\"ListItem\",\"position\":2,\"name\":\"Shop\",\"item\":\"https:\/\/fredfloris.eu\/shop\/\"},{\"@type\":\"ListItem\",\"position\":3,\"name\":\"Lagerl\u00f6f, Lindgren or Bremmer &#8211; Bookmarks\"}]},{\"@type\":\"WebSite\",\"@id\":\"https:\/\/fredfloris.eu\/#website\",\"url\":\"https:\/\/fredfloris.eu\/\",\"name\":\"FredFloris\",\"description\":\"Handcrafted Leathergoods - Made in Sweden\",\"publisher\":{\"@id\":\"https:\/\/fredfloris.eu\/#organization\"},\"potentialAction\":[{\"@type\":\"SearchAction\",\"target\":{\"@type\":\"EntryPoint\",\"urlTemplate\":\"https:\/\/fredfloris.eu\/?s={search_term_string}\"},\"query-input\":{\"@type\":\"PropertyValueSpecification\",\"valueRequired\":true,\"valueName\":\"search_term_string\"}}],\"inLanguage\":\"pl-PL\"},{\"@type\":\"Organization\",\"@id\":\"https:\/\/fredfloris.eu\/#organization\",\"name\":\"FredFloris\",\"url\":\"https:\/\/fredfloris.eu\/\",\"logo\":{\"@type\":\"ImageObject\",\"inLanguage\":\"pl-PL\",\"@id\":\"https:\/\/fredfloris.eu\/#\/schema\/logo\/image\/\",\"url\":\"https:\/\/fredfloris.eu\/wp-content\/uploads\/2022\/03\/FredFloris-med-hel-nal-och-text.png\",\"contentUrl\":\"https:\/\/fredfloris.eu\/wp-content\/uploads\/2022\/03\/FredFloris-med-hel-nal-och-text.png\",\"width\":591,\"height\":283,\"caption\":\"FredFloris\"},\"image\":{\"@id\":\"https:\/\/fredfloris.eu\/#\/schema\/logo\/image\/\"},\"sameAs\":[\"https:\/\/www.facebook.com\/FredFloris.Artisan.Studio\/\",\"https:\/\/x.com\/_fredfloris_\",\"https:\/\/www.instagram.com\/fredfloris.artisan.studio\/\"]}]}<\/script>\n<!-- \/ Yoast SEO plugin. -->","yoast_head_json":{"title":"Grawerowana laserowo sk\u00f3rzana zak\u0142adka do ksi\u0105\u017cki | FredFloris","description":"Pi\u0119kna sk\u00f3rzana zak\u0142adka do ksi\u0105\u017cki, spersonalizowana zak\u0142adka z Pa\u0144stwa w\u0142asnym wzorem. Ta grawerowana laserowo zak\u0142adka jest idealnym prezentem dla ka\u017cdego mola ksi\u0105\u017ckowego.","robots":{"index":"index","follow":"follow","max-snippet":"max-snippet:-1","max-image-preview":"max-image-preview:large","max-video-preview":"max-video-preview:-1"},"canonical":"https:\/\/fredfloris.eu\/pl\/productpage\/llb-bookmarks\/?wmc-currency=PLN","og_locale":"pl_PL","og_type":"article","og_title":"Laser Engraved Leather Bookmark | FredFloris","og_description":"Beautiful leather bookmark, personalised bookmarks with your own design. This laser engraved bookmark is a perfect gift for any bookworm.","og_url":"https:\/\/fredfloris.eu\/pl\/productpage\/llb-bookmarks\/?wmc-currency=PLN","og_site_name":"FredFloris","article_publisher":"https:\/\/www.facebook.com\/FredFloris.Artisan.Studio\/","article_modified_time":"2025-01-18T21:05:50+00:00","og_image":[{"width":2560,"height":1722,"url":"https:\/\/fredfloris.eu\/wp-content\/uploads\/2022\/04\/IMG_1500-scaled.jpg","type":"image\/jpeg"}],"twitter_card":"summary_large_image","twitter_site":"@_fredfloris_","twitter_misc":{"Szacowany czas czytania":"1 minuta"},"schema":{"@context":"https:\/\/schema.org","@graph":[{"@type":"WebPage","@id":"https:\/\/fredfloris.eu\/productpage\/llb-bookmarks\/","url":"https:\/\/fredfloris.eu\/productpage\/llb-bookmarks\/","name":"Grawerowana laserowo sk\u00f3rzana zak\u0142adka do ksi\u0105\u017cki | FredFloris","isPartOf":{"@id":"https:\/\/fredfloris.eu\/#website"},"primaryImageOfPage":{"@id":"https:\/\/fredfloris.eu\/productpage\/llb-bookmarks\/#primaryimage"},"image":{"@id":"https:\/\/fredfloris.eu\/productpage\/llb-bookmarks\/#primaryimage"},"thumbnailUrl":"https:\/\/fredfloris.eu\/wp-content\/uploads\/2022\/04\/IMG_1500-scaled.jpg","datePublished":"2022-05-15T21:05:02+00:00","dateModified":"2025-01-18T21:05:50+00:00","description":"Pi\u0119kna sk\u00f3rzana zak\u0142adka do ksi\u0105\u017cki, spersonalizowana zak\u0142adka z Pa\u0144stwa w\u0142asnym wzorem. Ta grawerowana laserowo zak\u0142adka jest idealnym prezentem dla ka\u017cdego mola ksi\u0105\u017ckowego.","breadcrumb":{"@id":"https:\/\/fredfloris.eu\/productpage\/llb-bookmarks\/#breadcrumb"},"inLanguage":"pl-PL","potentialAction":[{"@type":"ReadAction","target":["https:\/\/fredfloris.eu\/productpage\/llb-bookmarks\/"]}]},{"@type":"ImageObject","inLanguage":"pl-PL","@id":"https:\/\/fredfloris.eu\/productpage\/llb-bookmarks\/#primaryimage","url":"https:\/\/fredfloris.eu\/wp-content\/uploads\/2022\/04\/IMG_1500-scaled.jpg","contentUrl":"https:\/\/fredfloris.eu\/wp-content\/uploads\/2022\/04\/IMG_1500-scaled.jpg","width":2560,"height":1722,"caption":"Tan leather bookmark, with laser engraving"},{"@type":"BreadcrumbList","@id":"https:\/\/fredfloris.eu\/productpage\/llb-bookmarks\/#breadcrumb","itemListElement":[{"@type":"ListItem","position":1,"name":"Home","item":"https:\/\/fredfloris.eu\/"},{"@type":"ListItem","position":2,"name":"Shop","item":"https:\/\/fredfloris.eu\/shop\/"},{"@type":"ListItem","position":3,"name":"Lagerl\u00f6f, Lindgren or Bremmer &#8211; Bookmarks"}]},{"@type":"WebSite","@id":"https:\/\/fredfloris.eu\/#website","url":"https:\/\/fredfloris.eu\/","name":"FredFloris","description":"R\u0119cznie wykonane wyroby sk\u00f3rzane - wyprodukowane w Szwecji","publisher":{"@id":"https:\/\/fredfloris.eu\/#organization"},"potentialAction":[{"@type":"SearchAction","target":{"@type":"EntryPoint","urlTemplate":"https:\/\/fredfloris.eu\/?s={search_term_string}"},"query-input":{"@type":"PropertyValueSpecification","valueRequired":true,"valueName":"search_term_string"}}],"inLanguage":"pl-PL"},{"@type":"Organization","@id":"https:\/\/fredfloris.eu\/#organization","name":"FredFloris","url":"https:\/\/fredfloris.eu\/","logo":{"@type":"ImageObject","inLanguage":"pl-PL","@id":"https:\/\/fredfloris.eu\/#\/schema\/logo\/image\/","url":"https:\/\/fredfloris.eu\/wp-content\/uploads\/2022\/03\/FredFloris-med-hel-nal-och-text.png","contentUrl":"https:\/\/fredfloris.eu\/wp-content\/uploads\/2022\/03\/FredFloris-med-hel-nal-och-text.png","width":591,"height":283,"caption":"FredFloris"},"image":{"@id":"https:\/\/fredfloris.eu\/#\/schema\/logo\/image\/"},"sameAs":["https:\/\/www.facebook.com\/FredFloris.Artisan.Studio\/","https:\/\/x.com\/_fredfloris_","https:\/\/www.instagram.com\/fredfloris.artisan.studio\/"]}]}},"brands":[{"id":203,"name":"FredFloris","slug":"fredfloris"}],"_links":{"self":[{"href":"https:\/\/fredfloris.eu\/pl\/wp-json\/wp\/v2\/product\/5025","targetHints":{"allow":["GET"]}}],"collection":[{"href":"https:\/\/fredfloris.eu\/pl\/wp-json\/wp\/v2\/product"}],"about":[{"href":"https:\/\/fredfloris.eu\/pl\/wp-json\/wp\/v2\/types\/product"}],"version-history":[{"count":9,"href":"https:\/\/fredfloris.eu\/pl\/wp-json\/wp\/v2\/product\/5025\/revisions"}],"predecessor-version":[{"id":11323,"href":"https:\/\/fredfloris.eu\/pl\/wp-json\/wp\/v2\/product\/5025\/revisions\/11323"}],"wp:featuredmedia":[{"embeddable":true,"href":"https:\/\/fredfloris.eu\/pl\/wp-json\/wp\/v2\/media\/3078"}],"wp:attachment":[{"href":"https:\/\/fredfloris.eu\/pl\/wp-json\/wp\/v2\/media?parent=5025"}],"wp:term":[{"taxonomy":"pwb-brand","embeddable":true,"href":"https:\/\/fredfloris.eu\/pl\/wp-json\/wp\/v2\/pwb-brand?post=5025"},{"taxonomy":"product_brand","embeddable":true,"href":"https:\/\/fredfloris.eu\/pl\/wp-json\/wp\/v2\/product_brand?post=5025"},{"taxonomy":"product_cat","embeddable":true,"href":"https:\/\/fredfloris.eu\/pl\/wp-json\/wp\/v2\/product_cat?post=5025"},{"taxonomy":"product_tag","embeddable":true,"href":"https:\/\/fredfloris.eu\/pl\/wp-json\/wp\/v2\/product_tag?post=5025"},{"taxonomy":"woo-feed-brand","embeddable":true,"href":"https:\/\/fredfloris.eu\/pl\/wp-json\/wp\/v2\/woo-feed-brand?post=5025"}],"curies":[{"name":"wp","href":"https:\/\/api.w.org\/{rel}","templated":true}]}}