{"id":5121,"date":"2022-05-16T16:45:25","date_gmt":"2022-05-16T14:45:25","guid":{"rendered":"https:\/\/fredfloris.eu\/?post_type=product&#038;p=5121"},"modified":"2024-06-24T21:26:17","modified_gmt":"2024-06-24T19:26:17","slug":"birka-coasters","status":"publish","type":"product","link":"https:\/\/fredfloris.eu\/pl\/productpage\/birka-coasters\/","title":{"rendered":"Birka - Podstawki sk\u00f3rzane"},"content":{"rendered":"<p><strong>Cena dotyczy zestawu 6 sk\u00f3rzanych podstawek<\/strong><\/p>\n<p><strong>Personalizacja:<\/strong> Dodaj imi\u0119, zdj\u0119cie lub wiadomo\u015b\u0107 bez dodatkowych koszt\u00f3w. Aby doda\u0107 w\u0142asny projekt, wystarczy doda\u0107 do koszyka zar\u00f3wno produkt, jak i wybrany projekt.<\/p>\n<p><a class=\"lumise-customize-button button alt\" href=\"https:\/\/fredfloris.eu\/pl\/productpage\/customize-birka-leather-coasters\/?wmc-currency=PLN\" name=\"customize\">Dostosuj<\/a><\/p>\n<p><strong>Wzboga\u0107 sw\u00f3j dom dzi\u0119ki naszemu zestawowi 6 sk\u00f3rzanych podstawek, zaprojektowanych w celu ochrony powierzchni i uzupe\u0142nienia mebli.<\/strong> Podstawki te \u0142\u0105cz\u0105 nowoczesny okr\u0105g\u0142y kszta\u0142t z ponadczasowym urokiem sk\u00f3ry, p\u0142ynnie \u0142\u0105cz\u0105c tradycyjny i wsp\u00f3\u0142czesny styl. Niezale\u017cnie od tego, czy ciesz\u0105 si\u0119 Pa\u0144stwo d\u017awi\u0119kiem lodu brz\u0119cz\u0105cego w szklance, czy delikatnym brz\u0119kiem \u0142y\u017ceczki w ceramice, te podstawki zapewni\u0105, \u017ce Pa\u0144stwa nap\u00f3j b\u0119dzie mia\u0142 wyrafinowane miejsce spoczynku.<\/p>\n<p><strong>Specyfikacja produktu:<\/strong><\/p>\n<ul>\n<li><strong>Wykonane w ca\u0142o\u015bci r\u0119cznie w naszym rodzinnym Leather Art Studio<\/strong><\/li>\n<li><strong>Materia\u0142:<\/strong> Wykonane z garbowanej ro\u015blinnie szwedzkiej sk\u00f3ry licowej<\/li>\n<li><strong>Podk\u0142ad:<\/strong> Pod\u0142o\u017ce z portugalskiego korka zwi\u0119ksza stabilno\u015b\u0107 i stanowi dodatkow\u0105 warstw\u0119 ochronn\u0105 dla Pa\u0144stwa mebli.<\/li>\n<li><strong>Wodoodporno\u015b\u0107:<\/strong> Zaprojektowany, aby wytrzyma\u0107 kondensacj\u0119 z napoju, utrzymuj\u0105c powierzchnie suche i czyste<\/li>\n<li><strong>Rozmiar:<\/strong> Ka\u017cda podstawka ma \u015brednic\u0119 100 mm<\/li>\n<li><strong>Opcje kolor\u00f3w:<\/strong> Dost\u0119pne w kolorze czarnym i br\u0105zowym, co pozwala na dopasowanie do wystroju lub dodanie kontrastuj\u0105cego akcentu<\/li>\n<\/ul>\n<p>&nbsp;<\/p>\n<p>&nbsp;<\/p>\n<p>Wyszukiwane s\u0142owa: Podk\u0142adka sk\u00f3rzana czarna, St\u00f3\u0142, Podk\u0142adka sk\u00f3rzana pod nap\u00f3j<\/p>","protected":false},"excerpt":{"rendered":"<p>Pe\u0142noziarnista sk\u00f3ra pochodzi z lokalnych szwedzkich gospodarstw i jest garbowana ro\u015blinnie w szwedzkiej garbarni T\u00e4rnsj\u00f6 Garveri. Garbarnia T\u00e4rnsj\u00f6 posiada certyfikaty Organic 100 i TUV, kt\u00f3re zapewniaj\u0105, \u017ce produkty wytwarzane w garbarni s\u0105 odpowiednio 95% ekologiczne i wykonane w bezpiecznym i chronionym obiekcie.<\/p>\n<pre><\/pre>\n<p>Po dostarczeniu sk\u00f3ry, nasz warsztat wykonuje podk\u0142adki ca\u0142kowicie r\u0119cznie. Nasza podk\u0142adka jest wycinana z grubej szwedzkiej sk\u00f3ry, a nast\u0119pnie wy\u0142o\u017cona naturalnym portugalskim korkiem. Aby wyko\u0144czy\u0107 wygl\u0105d, nasza podk\u0142adka ma wyt\u0142oczone nasze logo.<\/p>\n<pre><\/pre>\n<p>SKU: bir\/coa\/lea\/bla Marka: FredFloris<\/p>","protected":false},"featured_media":10483,"template":"","meta":[],"pwb-brand":[203],"product_brand":[],"product_cat":[109,100],"product_tag":[123,136,105],"woo-feed-brand":[],"class_list":{"0":"post-5121","1":"product","2":"type-product","3":"status-publish","4":"has-post-thumbnail","6":"pwb-brand-fredfloris","7":"product_cat-coasters","8":"product_cat-leathergoods","9":"product_tag-full-grain-leather","10":"product_tag-handmade","11":"product_tag-made-to-order","12":"product_shipping_class-small-goods","13":"pa_leather-colour-black-croupon-swedish","14":"pa_leather-colour-brown-croupon-swedish","16":"first","17":"instock","18":"taxable","19":"shipping-taxable","20":"purchasable","21":"product-type-variable"},"yoast_head":"<!-- This site is optimized with the Yoast SEO plugin v27.2 - https:\/\/yoast.com\/product\/yoast-seo-wordpress\/ -->\n<title>Black Leather Coaster With Cork Backing | FredFloris<\/title>\n<meta name=\"description\" content=\"Black leather coaster that is minimalistic in appearance and sourced from Swedish farms. Perfect as a drink coaster and table coaster.\" \/>\n<meta name=\"robots\" content=\"index, follow, max-snippet:-1, max-image-preview:large, max-video-preview:-1\" \/>\n<link rel=\"canonical\" href=\"https:\/\/fredfloris.eu\/pl\/productpage\/birka-coasters\/?wmc-currency=PLN\" \/>\n<meta property=\"og:locale\" content=\"pl_PL\" \/>\n<meta property=\"og:type\" content=\"article\" \/>\n<meta property=\"og:title\" content=\"Black Leather Coaster With Cork Backing | FredFloris\" \/>\n<meta property=\"og:description\" content=\"Black leather coaster that is minimalistic in appearance and sourced from Swedish farms. Perfect as a drink coaster and table coaster.\" \/>\n<meta property=\"og:url\" content=\"https:\/\/fredfloris.eu\/pl\/productpage\/birka-coasters\/?wmc-currency=PLN\" \/>\n<meta property=\"og:site_name\" content=\"FredFloris\" \/>\n<meta property=\"article:publisher\" content=\"https:\/\/www.facebook.com\/FredFloris.Artisan.Studio\/\" \/>\n<meta property=\"article:modified_time\" content=\"2024-06-24T19:26:17+00:00\" \/>\n<meta property=\"og:image\" content=\"https:\/\/fredfloris.eu\/wp-content\/uploads\/2023\/09\/IMG_5580-scaled.jpg\" \/>\n\t<meta property=\"og:image:width\" content=\"2560\" \/>\n\t<meta property=\"og:image:height\" content=\"1707\" \/>\n\t<meta property=\"og:image:type\" content=\"image\/jpeg\" \/>\n<meta name=\"twitter:card\" content=\"summary_large_image\" \/>\n<meta name=\"twitter:site\" content=\"@_fredfloris_\" \/>\n<meta name=\"twitter:label1\" content=\"Szacowany czas czytania\" \/>\n\t<meta name=\"twitter:data1\" content=\"2 minuty\" \/>\n<script type=\"application\/ld+json\" class=\"yoast-schema-graph\">{\"@context\":\"https:\/\/schema.org\",\"@graph\":[{\"@type\":\"WebPage\",\"@id\":\"https:\/\/fredfloris.eu\/productpage\/birka-coasters\/\",\"url\":\"https:\/\/fredfloris.eu\/productpage\/birka-coasters\/\",\"name\":\"Black Leather Coaster With Cork Backing | FredFloris\",\"isPartOf\":{\"@id\":\"https:\/\/fredfloris.eu\/#website\"},\"primaryImageOfPage\":{\"@id\":\"https:\/\/fredfloris.eu\/productpage\/birka-coasters\/#primaryimage\"},\"image\":{\"@id\":\"https:\/\/fredfloris.eu\/productpage\/birka-coasters\/#primaryimage\"},\"thumbnailUrl\":\"https:\/\/fredfloris.eu\/wp-content\/uploads\/2023\/09\/IMG_5580-scaled.jpg\",\"datePublished\":\"2022-05-16T14:45:25+00:00\",\"dateModified\":\"2024-06-24T19:26:17+00:00\",\"description\":\"Black leather coaster that is minimalistic in appearance and sourced from Swedish farms. Perfect as a drink coaster and table coaster.\",\"breadcrumb\":{\"@id\":\"https:\/\/fredfloris.eu\/productpage\/birka-coasters\/#breadcrumb\"},\"inLanguage\":\"pl-PL\",\"potentialAction\":[{\"@type\":\"ReadAction\",\"target\":[\"https:\/\/fredfloris.eu\/productpage\/birka-coasters\/\"]}]},{\"@type\":\"ImageObject\",\"inLanguage\":\"pl-PL\",\"@id\":\"https:\/\/fredfloris.eu\/productpage\/birka-coasters\/#primaryimage\",\"url\":\"https:\/\/fredfloris.eu\/wp-content\/uploads\/2023\/09\/IMG_5580-scaled.jpg\",\"contentUrl\":\"https:\/\/fredfloris.eu\/wp-content\/uploads\/2023\/09\/IMG_5580-scaled.jpg\",\"width\":2560,\"height\":1707,\"caption\":\"Product: Birka - Leather Coasters, Colour: Black & Brown, Cork Backing For Coasters\"},{\"@type\":\"BreadcrumbList\",\"@id\":\"https:\/\/fredfloris.eu\/productpage\/birka-coasters\/#breadcrumb\",\"itemListElement\":[{\"@type\":\"ListItem\",\"position\":1,\"name\":\"Home\",\"item\":\"https:\/\/fredfloris.eu\/\"},{\"@type\":\"ListItem\",\"position\":2,\"name\":\"Shop\",\"item\":\"https:\/\/fredfloris.eu\/shop\/\"},{\"@type\":\"ListItem\",\"position\":3,\"name\":\"Birka &#8211; Leather Coasters\"}]},{\"@type\":\"WebSite\",\"@id\":\"https:\/\/fredfloris.eu\/#website\",\"url\":\"https:\/\/fredfloris.eu\/\",\"name\":\"FredFloris\",\"description\":\"Handcrafted Leathergoods - Made in Sweden\",\"publisher\":{\"@id\":\"https:\/\/fredfloris.eu\/#organization\"},\"potentialAction\":[{\"@type\":\"SearchAction\",\"target\":{\"@type\":\"EntryPoint\",\"urlTemplate\":\"https:\/\/fredfloris.eu\/?s={search_term_string}\"},\"query-input\":{\"@type\":\"PropertyValueSpecification\",\"valueRequired\":true,\"valueName\":\"search_term_string\"}}],\"inLanguage\":\"pl-PL\"},{\"@type\":\"Organization\",\"@id\":\"https:\/\/fredfloris.eu\/#organization\",\"name\":\"FredFloris\",\"url\":\"https:\/\/fredfloris.eu\/\",\"logo\":{\"@type\":\"ImageObject\",\"inLanguage\":\"pl-PL\",\"@id\":\"https:\/\/fredfloris.eu\/#\/schema\/logo\/image\/\",\"url\":\"https:\/\/fredfloris.eu\/wp-content\/uploads\/2022\/03\/FredFloris-med-hel-nal-och-text.png\",\"contentUrl\":\"https:\/\/fredfloris.eu\/wp-content\/uploads\/2022\/03\/FredFloris-med-hel-nal-och-text.png\",\"width\":591,\"height\":283,\"caption\":\"FredFloris\"},\"image\":{\"@id\":\"https:\/\/fredfloris.eu\/#\/schema\/logo\/image\/\"},\"sameAs\":[\"https:\/\/www.facebook.com\/FredFloris.Artisan.Studio\/\",\"https:\/\/x.com\/_fredfloris_\",\"https:\/\/www.instagram.com\/fredfloris.artisan.studio\/\"]}]}<\/script>\n<!-- \/ Yoast SEO plugin. -->","yoast_head_json":{"title":"Czarna sk\u00f3rzana podk\u0142adka z korkowym spodem | FredFloris","description":"Czarna sk\u00f3rzana podk\u0142adka o minimalistycznym wygl\u0105dzie, pochodz\u0105ca ze szwedzkich farm. Idealna jako podk\u0142adka pod drinki i podk\u0142adka na st\u00f3\u0142.","robots":{"index":"index","follow":"follow","max-snippet":"max-snippet:-1","max-image-preview":"max-image-preview:large","max-video-preview":"max-video-preview:-1"},"canonical":"https:\/\/fredfloris.eu\/pl\/productpage\/birka-coasters\/?wmc-currency=PLN","og_locale":"pl_PL","og_type":"article","og_title":"Black Leather Coaster With Cork Backing | FredFloris","og_description":"Black leather coaster that is minimalistic in appearance and sourced from Swedish farms. Perfect as a drink coaster and table coaster.","og_url":"https:\/\/fredfloris.eu\/pl\/productpage\/birka-coasters\/?wmc-currency=PLN","og_site_name":"FredFloris","article_publisher":"https:\/\/www.facebook.com\/FredFloris.Artisan.Studio\/","article_modified_time":"2024-06-24T19:26:17+00:00","og_image":[{"width":2560,"height":1707,"url":"https:\/\/fredfloris.eu\/wp-content\/uploads\/2023\/09\/IMG_5580-scaled.jpg","type":"image\/jpeg"}],"twitter_card":"summary_large_image","twitter_site":"@_fredfloris_","twitter_misc":{"Szacowany czas czytania":"2 minuty"},"schema":{"@context":"https:\/\/schema.org","@graph":[{"@type":"WebPage","@id":"https:\/\/fredfloris.eu\/productpage\/birka-coasters\/","url":"https:\/\/fredfloris.eu\/productpage\/birka-coasters\/","name":"Czarna sk\u00f3rzana podk\u0142adka z korkowym spodem | FredFloris","isPartOf":{"@id":"https:\/\/fredfloris.eu\/#website"},"primaryImageOfPage":{"@id":"https:\/\/fredfloris.eu\/productpage\/birka-coasters\/#primaryimage"},"image":{"@id":"https:\/\/fredfloris.eu\/productpage\/birka-coasters\/#primaryimage"},"thumbnailUrl":"https:\/\/fredfloris.eu\/wp-content\/uploads\/2023\/09\/IMG_5580-scaled.jpg","datePublished":"2022-05-16T14:45:25+00:00","dateModified":"2024-06-24T19:26:17+00:00","description":"Czarna sk\u00f3rzana podk\u0142adka o minimalistycznym wygl\u0105dzie, pochodz\u0105ca ze szwedzkich farm. Idealna jako podk\u0142adka pod drinki i podk\u0142adka na st\u00f3\u0142.","breadcrumb":{"@id":"https:\/\/fredfloris.eu\/productpage\/birka-coasters\/#breadcrumb"},"inLanguage":"pl-PL","potentialAction":[{"@type":"ReadAction","target":["https:\/\/fredfloris.eu\/productpage\/birka-coasters\/"]}]},{"@type":"ImageObject","inLanguage":"pl-PL","@id":"https:\/\/fredfloris.eu\/productpage\/birka-coasters\/#primaryimage","url":"https:\/\/fredfloris.eu\/wp-content\/uploads\/2023\/09\/IMG_5580-scaled.jpg","contentUrl":"https:\/\/fredfloris.eu\/wp-content\/uploads\/2023\/09\/IMG_5580-scaled.jpg","width":2560,"height":1707,"caption":"Product: Birka - Leather Coasters, Colour: Black & Brown, Cork Backing For Coasters"},{"@type":"BreadcrumbList","@id":"https:\/\/fredfloris.eu\/productpage\/birka-coasters\/#breadcrumb","itemListElement":[{"@type":"ListItem","position":1,"name":"Home","item":"https:\/\/fredfloris.eu\/"},{"@type":"ListItem","position":2,"name":"Shop","item":"https:\/\/fredfloris.eu\/shop\/"},{"@type":"ListItem","position":3,"name":"Birka &#8211; Leather Coasters"}]},{"@type":"WebSite","@id":"https:\/\/fredfloris.eu\/#website","url":"https:\/\/fredfloris.eu\/","name":"FredFloris","description":"R\u0119cznie wykonane wyroby sk\u00f3rzane - wyprodukowane w Szwecji","publisher":{"@id":"https:\/\/fredfloris.eu\/#organization"},"potentialAction":[{"@type":"SearchAction","target":{"@type":"EntryPoint","urlTemplate":"https:\/\/fredfloris.eu\/?s={search_term_string}"},"query-input":{"@type":"PropertyValueSpecification","valueRequired":true,"valueName":"search_term_string"}}],"inLanguage":"pl-PL"},{"@type":"Organization","@id":"https:\/\/fredfloris.eu\/#organization","name":"FredFloris","url":"https:\/\/fredfloris.eu\/","logo":{"@type":"ImageObject","inLanguage":"pl-PL","@id":"https:\/\/fredfloris.eu\/#\/schema\/logo\/image\/","url":"https:\/\/fredfloris.eu\/wp-content\/uploads\/2022\/03\/FredFloris-med-hel-nal-och-text.png","contentUrl":"https:\/\/fredfloris.eu\/wp-content\/uploads\/2022\/03\/FredFloris-med-hel-nal-och-text.png","width":591,"height":283,"caption":"FredFloris"},"image":{"@id":"https:\/\/fredfloris.eu\/#\/schema\/logo\/image\/"},"sameAs":["https:\/\/www.facebook.com\/FredFloris.Artisan.Studio\/","https:\/\/x.com\/_fredfloris_","https:\/\/www.instagram.com\/fredfloris.artisan.studio\/"]}]}},"brands":[{"id":203,"name":"FredFloris","slug":"fredfloris"}],"_links":{"self":[{"href":"https:\/\/fredfloris.eu\/pl\/wp-json\/wp\/v2\/product\/5121","targetHints":{"allow":["GET"]}}],"collection":[{"href":"https:\/\/fredfloris.eu\/pl\/wp-json\/wp\/v2\/product"}],"about":[{"href":"https:\/\/fredfloris.eu\/pl\/wp-json\/wp\/v2\/types\/product"}],"version-history":[{"count":15,"href":"https:\/\/fredfloris.eu\/pl\/wp-json\/wp\/v2\/product\/5121\/revisions"}],"predecessor-version":[{"id":11550,"href":"https:\/\/fredfloris.eu\/pl\/wp-json\/wp\/v2\/product\/5121\/revisions\/11550"}],"wp:featuredmedia":[{"embeddable":true,"href":"https:\/\/fredfloris.eu\/pl\/wp-json\/wp\/v2\/media\/10483"}],"wp:attachment":[{"href":"https:\/\/fredfloris.eu\/pl\/wp-json\/wp\/v2\/media?parent=5121"}],"wp:term":[{"taxonomy":"pwb-brand","embeddable":true,"href":"https:\/\/fredfloris.eu\/pl\/wp-json\/wp\/v2\/pwb-brand?post=5121"},{"taxonomy":"product_brand","embeddable":true,"href":"https:\/\/fredfloris.eu\/pl\/wp-json\/wp\/v2\/product_brand?post=5121"},{"taxonomy":"product_cat","embeddable":true,"href":"https:\/\/fredfloris.eu\/pl\/wp-json\/wp\/v2\/product_cat?post=5121"},{"taxonomy":"product_tag","embeddable":true,"href":"https:\/\/fredfloris.eu\/pl\/wp-json\/wp\/v2\/product_tag?post=5121"},{"taxonomy":"woo-feed-brand","embeddable":true,"href":"https:\/\/fredfloris.eu\/pl\/wp-json\/wp\/v2\/woo-feed-brand?post=5121"}],"curies":[{"name":"wp","href":"https:\/\/api.w.org\/{rel}","templated":true}]}}