{"id":5148,"date":"2022-05-16T17:20:21","date_gmt":"2022-05-16T15:20:21","guid":{"rendered":"https:\/\/fredfloris.eu\/?post_type=product&#038;p=5148"},"modified":"2024-06-24T21:20:00","modified_gmt":"2024-06-24T19:20:00","slug":"a5-daybook","status":"publish","type":"product","link":"https:\/\/fredfloris.eu\/pl\/productpage\/a5-daybook\/","title":{"rendered":"Dickens, Shelley lub Keats - sk\u00f3rzane ok\u0142adki na notes A5"},"content":{"rendered":"<p><strong>Personalizacja:<\/strong> Prosz\u0119 doda\u0107 imi\u0119 lub wiadomo\u015b\u0107 bez dodatkowych koszt\u00f3w. Aby spersonalizowa\u0107 produkt za pomoc\u0105 w\u0142asnego wzoru, wystarczy doda\u0107 do koszyka zar\u00f3wno produkt, jak i wybrany wz\u00f3r.<\/p>\n<p><a class=\"lumise-customize-button button alt\" href=\"https:\/\/fredfloris.eu\/pl\/productpage\/customize-dickens-shelley-or-keats-a5-journals\/?wmc-currency=PLN\" name=\"customize\">Dostosuj<\/a><\/p>\n<p><strong>Podnie\u015b sw\u00f3j profesjonalny wizerunek dzi\u0119ki naszej sk\u00f3rzanej ok\u0142adce na notes.<\/strong> Stworzona z my\u015bl\u0105 o zrobieniu dobrego pierwszego wra\u017cenia, ta ok\u0142adka dziennika zapewnia, \u017ce s\u0105 Pa\u0144stwo zawsze przygotowani. Niezale\u017cnie od tego, czy chodzi o pilne spotkania, niezobowi\u0105zuj\u0105ce spotkania, czy te\u017c chwile nieoczekiwanej inspiracji, posiadanie pod r\u0119k\u0105 d\u0142ugopisu i papieru jest nieocenione. Pisanie za pomoc\u0105 d\u0142ugopisu i papieru nie tylko daje poczucie wolno\u015bci, ale tak\u017ce upraszcza proces rejestrowania pomys\u0142\u00f3w, idealnie dopasowuj\u0105c si\u0119 do osobistych preferencji.<\/p>\n<p><strong>Optymalny rozmiar i przechowywanie:<\/strong> Zaprojektowana tak, aby zmie\u015bci\u0107 notatnik A5, ta ok\u0142adka na notes dzienny ma idealny rozmiar do noszenia przy sobie. Posiada jedn\u0105 du\u017c\u0105 kiesze\u0144 za ok\u0142adk\u0105 i dwie mniejsze kieszenie wewn\u0105trz, idealne do przechowywania ulubionego d\u0142ugopisu i zapewnienia, \u017ce jest on zawsze w zasi\u0119gu r\u0119ki.<\/p>\n<p>Do ka\u017cdego sk\u00f3rzanego daybooka do\u0142\u0105czony jest bezp\u0142atnie jeden z naszych <a href=\"https:\/\/fredfloris.eu\/pl\/productpage\/notebooks-journals\/?wmc-currency=PLN\">Notesy Nordic Swan i Easy on The Planet z oznakowaniem ekologicznym<\/a>.<\/p>\n<p><strong>Specyfikacja produktu:<\/strong><\/p>\n<ul>\n<li><strong>Wykonane w ca\u0142o\u015bci r\u0119cznie w naszym rodzinnym Leather Art Studio<\/strong><\/li>\n<li><strong>Materia\u0142y:<\/strong> Wykorzystuje trzy r\u00f3\u017cne rodzaje sk\u00f3ry, z kt\u00f3rych ka\u017cdy zosta\u0142 wybrany z my\u015bl\u0105 o odpowiednim wyczuciu i elastyczno\u015bci potrzebnej w okre\u015blonych sekcjach dziennika.<\/li>\n<li><strong>Opcje kolor\u00f3w:<\/strong>\n<ul>\n<li><strong>Na zewn\u0105trz:<\/strong> Dost\u0119pne w kolorze czarnym<\/li>\n<li><strong>Klapka i mniejsza kiesze\u0144 wewn\u0119trzna:<\/strong> Prosz\u0119 wybra\u0107 spo\u015br\u00f3d ciemnego Cognac, ciemno\u017c\u00f3\u0142tego, niebiesko-zielonego<\/li>\n<\/ul>\n<\/li>\n<li><strong>Wymiary:<\/strong> Szeroko\u015b\u0107 po z\u0142o\u017ceniu: 170 mm, Wysoko\u015b\u0107: 235 mm<\/li>\n<li><strong>Broguing:<\/strong> R\u0119cznie dziurkowane detale dodaj\u0105 szyku i wyrazisto\u015bci wzornictwu.<\/li>\n<li><strong>Szycie<\/strong>: Tradycyjne szwy rymarskie, szyte r\u0119cznie<\/li>\n<li><strong>Cechy:<\/strong> Ksi\u0105\u017ceczk\u0119 mo\u017cna uzupe\u0142nia\u0107, co czyni j\u0105 trwa\u0142ym akcesorium.<\/li>\n<li><strong>W\u0105tek:<\/strong> Wykonane z nici Tiger Ritza 25, znanych ze swojej wytrzyma\u0142o\u015bci i odporno\u015bci.<\/li>\n<\/ul>\n<p>&nbsp;<\/p>\n<p>Wyszukiwane s\u0142owa: R\u0119cznie robiony sk\u00f3rzany daybook z mo\u017cliwo\u015bci\u0105 wielokrotnego nape\u0142niania, sk\u00f3rzana ok\u0142adka na daybook<\/p>","protected":false},"excerpt":{"rendered":"<p>Wykonany z trzech r\u00f3\u017cnych rodzaj\u00f3w sk\u00f3ry, na zewn\u0105trz naszego daybooka u\u017cywamy garbowanej ro\u015blinnie sk\u00f3ry pe\u0142noziarnistej z \u0142opatek byka, grubo\u015b\u0107 wynosi oko\u0142o 3,5 mm, ale nie ma mocnego temperamentu, dzi\u0119ki czemu jest to bardzo dobra opcja do wykonania daybooka.<\/p>\n<pre><\/pre>\n<p>Druga sk\u00f3ra, kt\u00f3rej u\u017cyli\u015bmy, jest przeznaczona na wi\u0119ksz\u0105 kiesze\u0144 wewn\u0119trzn\u0105. U\u017cyli\u015bmy sk\u00f3ry o grubo\u015bci 2 mm, kt\u00f3ra jest przyjemniejsza w dotyku i mi\u0119kka, co pozwala na elastyczno\u015b\u0107 przy wk\u0142adaniu przedmiot\u00f3w. Wreszcie, mniejsze wewn\u0119trzne kieszenie i klapa zosta\u0142y wykonane z woskowanej sk\u00f3ry o grubo\u015bci 1,8 mm, nadaj\u0105c ca\u0142emu wn\u0119trzu \u0142adny po\u0142ysk. Brokatowe detale na klapie zosta\u0142y wykonane r\u0119cznie za pomoc\u0105 dziurkacza.<\/p>\n<pre><\/pre>\n<p>Wszystkie kraw\u0119dzie tego r\u0119cznie wykonanego sk\u00f3rzanego dziennika s\u0105 zaokr\u0105glane, szlifowane i malowane z wielk\u0105 precyzj\u0105, aby zapewni\u0107 trwa\u0142o\u015b\u0107 pe\u0142noziarnistej sk\u00f3ry i zwie\u0144czone mosi\u0119\u017cnymi stalowymi ochraniaczami naro\u017cnik\u00f3w. Sk\u00f3rzany daybook jest wyko\u0144czony elastycznym paskiem, kt\u00f3ry doskonale spaja ten dobrze wykonany dziennik.<\/p>\n<pre><\/pre>\n<p>Sk\u00f3ra wyko\u0144czona anilin\u0105 jest dostarczana przez Mapel &amp; C, a sk\u00f3ra pull-up\/woskowana jest dostarczana przez Badalassi Carlo. Obie garbarnie wykorzystuj\u0105 staro\u017cytn\u0105 toska\u0144sk\u0105 receptur\u0119 Vacchetta do garbowania sk\u00f3ry i obie s\u0105 cz\u0119\u015bci\u0105 szanowanych organizacji, odpowiednio toska\u0144skich firm garbarskich i konsorcjum Pelle Conciata al Vegetale.<\/p>","protected":false},"featured_media":10226,"template":"","meta":[],"pwb-brand":[203],"product_brand":[],"product_cat":[110,100],"product_tag":[123,136,105],"woo-feed-brand":[],"class_list":{"0":"post-5148","1":"product","2":"type-product","3":"status-publish","4":"has-post-thumbnail","6":"pwb-brand-fredfloris","7":"product_cat-journals","8":"product_cat-leathergoods","9":"product_tag-full-grain-leather","10":"product_tag-handmade","11":"product_tag-made-to-order","12":"product_shipping_class-large-goods","13":"pa_leather-colour-petrol-waxed","14":"pa_leather-colour-dark-cognac-waxed","15":"pa_leather-colour-mustard-waxed","16":"pa_primary-leather-colour-black-mapelec-thick2","18":"first","19":"instock","20":"taxable","21":"shipping-taxable","22":"purchasable","23":"product-type-variable","24":"has-default-attributes"},"yoast_head":"<!-- This site is optimized with the Yoast SEO plugin v27.2 - https:\/\/yoast.com\/product\/yoast-seo-wordpress\/ -->\n<title>Personalized Refillable Leather daybook| FredFloris<\/title>\n<meta name=\"description\" content=\"Experience a luxury handmade leather daybook. Made using the finest Italian vegetable-tanned full-grain leather. Refillable leather daybook\" \/>\n<meta name=\"robots\" content=\"index, follow, max-snippet:-1, max-image-preview:large, max-video-preview:-1\" \/>\n<link rel=\"canonical\" href=\"https:\/\/fredfloris.eu\/pl\/productpage\/a5-daybook\/?wmc-currency=PLN\" \/>\n<meta property=\"og:locale\" content=\"pl_PL\" \/>\n<meta property=\"og:type\" content=\"article\" \/>\n<meta property=\"og:title\" content=\"Personalized Refillable Leather daybook| FredFloris\" \/>\n<meta property=\"og:description\" content=\"Experience a luxury handmade leather daybook. Made using the finest Italian vegetable-tanned full-grain leather. Refillable leather daybook\" \/>\n<meta property=\"og:url\" content=\"https:\/\/fredfloris.eu\/pl\/productpage\/a5-daybook\/?wmc-currency=PLN\" \/>\n<meta property=\"og:site_name\" content=\"FredFloris\" \/>\n<meta property=\"article:publisher\" content=\"https:\/\/www.facebook.com\/FredFloris.Artisan.Studio\/\" \/>\n<meta property=\"article:modified_time\" content=\"2024-06-24T19:20:00+00:00\" \/>\n<meta property=\"og:image\" content=\"https:\/\/fredfloris.eu\/wp-content\/uploads\/2022\/11\/IMG_3892-scaled.jpg\" \/>\n\t<meta property=\"og:image:width\" content=\"2560\" \/>\n\t<meta property=\"og:image:height\" content=\"1707\" \/>\n\t<meta property=\"og:image:type\" content=\"image\/jpeg\" \/>\n<meta name=\"twitter:card\" content=\"summary_large_image\" \/>\n<meta name=\"twitter:site\" content=\"@_fredfloris_\" \/>\n<meta name=\"twitter:label1\" content=\"Szacowany czas czytania\" \/>\n\t<meta name=\"twitter:data1\" content=\"2 minuty\" \/>\n<script type=\"application\/ld+json\" class=\"yoast-schema-graph\">{\"@context\":\"https:\/\/schema.org\",\"@graph\":[{\"@type\":\"WebPage\",\"@id\":\"https:\/\/fredfloris.eu\/productpage\/a5-daybook\/\",\"url\":\"https:\/\/fredfloris.eu\/productpage\/a5-daybook\/\",\"name\":\"Personalized Refillable Leather daybook| FredFloris\",\"isPartOf\":{\"@id\":\"https:\/\/fredfloris.eu\/#website\"},\"primaryImageOfPage\":{\"@id\":\"https:\/\/fredfloris.eu\/productpage\/a5-daybook\/#primaryimage\"},\"image\":{\"@id\":\"https:\/\/fredfloris.eu\/productpage\/a5-daybook\/#primaryimage\"},\"thumbnailUrl\":\"https:\/\/fredfloris.eu\/wp-content\/uploads\/2022\/11\/IMG_3892-scaled.jpg\",\"datePublished\":\"2022-05-16T15:20:21+00:00\",\"dateModified\":\"2024-06-24T19:20:00+00:00\",\"description\":\"Experience a luxury handmade leather daybook. Made using the finest Italian vegetable-tanned full-grain leather. Refillable leather daybook\",\"breadcrumb\":{\"@id\":\"https:\/\/fredfloris.eu\/productpage\/a5-daybook\/#breadcrumb\"},\"inLanguage\":\"pl-PL\",\"potentialAction\":[{\"@type\":\"ReadAction\",\"target\":[\"https:\/\/fredfloris.eu\/productpage\/a5-daybook\/\"]}]},{\"@type\":\"ImageObject\",\"inLanguage\":\"pl-PL\",\"@id\":\"https:\/\/fredfloris.eu\/productpage\/a5-daybook\/#primaryimage\",\"url\":\"https:\/\/fredfloris.eu\/wp-content\/uploads\/2022\/11\/IMG_3892-scaled.jpg\",\"contentUrl\":\"https:\/\/fredfloris.eu\/wp-content\/uploads\/2022\/11\/IMG_3892-scaled.jpg\",\"width\":2560,\"height\":1707,\"caption\":\"Product: Dickens, Shelley or Keats - A5 Journals, Interior, Colour: Black, Dark Cognac, Corner Protectors: Solid Brass\"},{\"@type\":\"BreadcrumbList\",\"@id\":\"https:\/\/fredfloris.eu\/productpage\/a5-daybook\/#breadcrumb\",\"itemListElement\":[{\"@type\":\"ListItem\",\"position\":1,\"name\":\"Home\",\"item\":\"https:\/\/fredfloris.eu\/\"},{\"@type\":\"ListItem\",\"position\":2,\"name\":\"Shop\",\"item\":\"https:\/\/fredfloris.eu\/shop\/\"},{\"@type\":\"ListItem\",\"position\":3,\"name\":\"Dickens, Shelley or Keats &#8211; A5 Leather Daybook Covers\"}]},{\"@type\":\"WebSite\",\"@id\":\"https:\/\/fredfloris.eu\/#website\",\"url\":\"https:\/\/fredfloris.eu\/\",\"name\":\"FredFloris\",\"description\":\"Handcrafted Leathergoods - Made in Sweden\",\"publisher\":{\"@id\":\"https:\/\/fredfloris.eu\/#organization\"},\"potentialAction\":[{\"@type\":\"SearchAction\",\"target\":{\"@type\":\"EntryPoint\",\"urlTemplate\":\"https:\/\/fredfloris.eu\/?s={search_term_string}\"},\"query-input\":{\"@type\":\"PropertyValueSpecification\",\"valueRequired\":true,\"valueName\":\"search_term_string\"}}],\"inLanguage\":\"pl-PL\"},{\"@type\":\"Organization\",\"@id\":\"https:\/\/fredfloris.eu\/#organization\",\"name\":\"FredFloris\",\"url\":\"https:\/\/fredfloris.eu\/\",\"logo\":{\"@type\":\"ImageObject\",\"inLanguage\":\"pl-PL\",\"@id\":\"https:\/\/fredfloris.eu\/#\/schema\/logo\/image\/\",\"url\":\"https:\/\/fredfloris.eu\/wp-content\/uploads\/2022\/03\/FredFloris-med-hel-nal-och-text.png\",\"contentUrl\":\"https:\/\/fredfloris.eu\/wp-content\/uploads\/2022\/03\/FredFloris-med-hel-nal-och-text.png\",\"width\":591,\"height\":283,\"caption\":\"FredFloris\"},\"image\":{\"@id\":\"https:\/\/fredfloris.eu\/#\/schema\/logo\/image\/\"},\"sameAs\":[\"https:\/\/www.facebook.com\/FredFloris.Artisan.Studio\/\",\"https:\/\/x.com\/_fredfloris_\",\"https:\/\/www.instagram.com\/fredfloris.artisan.studio\/\"]}]}<\/script>\n<!-- \/ Yoast SEO plugin. -->","yoast_head_json":{"title":"Spersonalizowany sk\u00f3rzany notes z mo\u017cliwo\u015bci\u0105 uzupe\u0142nienia| FredFloris","description":"Poznaj luksusowy, r\u0119cznie wykonany sk\u00f3rzany notatnik. Wykonany z najlepszej w\u0142oskiej sk\u00f3ry garbowanej ro\u015blinnie. Sk\u00f3rzany notatnik z mo\u017cliwo\u015bci\u0105 wielokrotnego nape\u0142niania","robots":{"index":"index","follow":"follow","max-snippet":"max-snippet:-1","max-image-preview":"max-image-preview:large","max-video-preview":"max-video-preview:-1"},"canonical":"https:\/\/fredfloris.eu\/pl\/productpage\/a5-daybook\/?wmc-currency=PLN","og_locale":"pl_PL","og_type":"article","og_title":"Personalized Refillable Leather daybook| FredFloris","og_description":"Experience a luxury handmade leather daybook. Made using the finest Italian vegetable-tanned full-grain leather. Refillable leather daybook","og_url":"https:\/\/fredfloris.eu\/pl\/productpage\/a5-daybook\/?wmc-currency=PLN","og_site_name":"FredFloris","article_publisher":"https:\/\/www.facebook.com\/FredFloris.Artisan.Studio\/","article_modified_time":"2024-06-24T19:20:00+00:00","og_image":[{"width":2560,"height":1707,"url":"https:\/\/fredfloris.eu\/wp-content\/uploads\/2022\/11\/IMG_3892-scaled.jpg","type":"image\/jpeg"}],"twitter_card":"summary_large_image","twitter_site":"@_fredfloris_","twitter_misc":{"Szacowany czas czytania":"2 minuty"},"schema":{"@context":"https:\/\/schema.org","@graph":[{"@type":"WebPage","@id":"https:\/\/fredfloris.eu\/productpage\/a5-daybook\/","url":"https:\/\/fredfloris.eu\/productpage\/a5-daybook\/","name":"Spersonalizowany sk\u00f3rzany notes z mo\u017cliwo\u015bci\u0105 uzupe\u0142nienia| FredFloris","isPartOf":{"@id":"https:\/\/fredfloris.eu\/#website"},"primaryImageOfPage":{"@id":"https:\/\/fredfloris.eu\/productpage\/a5-daybook\/#primaryimage"},"image":{"@id":"https:\/\/fredfloris.eu\/productpage\/a5-daybook\/#primaryimage"},"thumbnailUrl":"https:\/\/fredfloris.eu\/wp-content\/uploads\/2022\/11\/IMG_3892-scaled.jpg","datePublished":"2022-05-16T15:20:21+00:00","dateModified":"2024-06-24T19:20:00+00:00","description":"Poznaj luksusowy, r\u0119cznie wykonany sk\u00f3rzany notatnik. Wykonany z najlepszej w\u0142oskiej sk\u00f3ry garbowanej ro\u015blinnie. Sk\u00f3rzany notatnik z mo\u017cliwo\u015bci\u0105 wielokrotnego nape\u0142niania","breadcrumb":{"@id":"https:\/\/fredfloris.eu\/productpage\/a5-daybook\/#breadcrumb"},"inLanguage":"pl-PL","potentialAction":[{"@type":"ReadAction","target":["https:\/\/fredfloris.eu\/productpage\/a5-daybook\/"]}]},{"@type":"ImageObject","inLanguage":"pl-PL","@id":"https:\/\/fredfloris.eu\/productpage\/a5-daybook\/#primaryimage","url":"https:\/\/fredfloris.eu\/wp-content\/uploads\/2022\/11\/IMG_3892-scaled.jpg","contentUrl":"https:\/\/fredfloris.eu\/wp-content\/uploads\/2022\/11\/IMG_3892-scaled.jpg","width":2560,"height":1707,"caption":"Product: Dickens, Shelley or Keats - A5 Journals, Interior, Colour: Black, Dark Cognac, Corner Protectors: Solid Brass"},{"@type":"BreadcrumbList","@id":"https:\/\/fredfloris.eu\/productpage\/a5-daybook\/#breadcrumb","itemListElement":[{"@type":"ListItem","position":1,"name":"Home","item":"https:\/\/fredfloris.eu\/"},{"@type":"ListItem","position":2,"name":"Shop","item":"https:\/\/fredfloris.eu\/shop\/"},{"@type":"ListItem","position":3,"name":"Dickens, Shelley or Keats &#8211; A5 Leather Daybook Covers"}]},{"@type":"WebSite","@id":"https:\/\/fredfloris.eu\/#website","url":"https:\/\/fredfloris.eu\/","name":"FredFloris","description":"R\u0119cznie wykonane wyroby sk\u00f3rzane - wyprodukowane w Szwecji","publisher":{"@id":"https:\/\/fredfloris.eu\/#organization"},"potentialAction":[{"@type":"SearchAction","target":{"@type":"EntryPoint","urlTemplate":"https:\/\/fredfloris.eu\/?s={search_term_string}"},"query-input":{"@type":"PropertyValueSpecification","valueRequired":true,"valueName":"search_term_string"}}],"inLanguage":"pl-PL"},{"@type":"Organization","@id":"https:\/\/fredfloris.eu\/#organization","name":"FredFloris","url":"https:\/\/fredfloris.eu\/","logo":{"@type":"ImageObject","inLanguage":"pl-PL","@id":"https:\/\/fredfloris.eu\/#\/schema\/logo\/image\/","url":"https:\/\/fredfloris.eu\/wp-content\/uploads\/2022\/03\/FredFloris-med-hel-nal-och-text.png","contentUrl":"https:\/\/fredfloris.eu\/wp-content\/uploads\/2022\/03\/FredFloris-med-hel-nal-och-text.png","width":591,"height":283,"caption":"FredFloris"},"image":{"@id":"https:\/\/fredfloris.eu\/#\/schema\/logo\/image\/"},"sameAs":["https:\/\/www.facebook.com\/FredFloris.Artisan.Studio\/","https:\/\/x.com\/_fredfloris_","https:\/\/www.instagram.com\/fredfloris.artisan.studio\/"]}]}},"brands":[{"id":203,"name":"FredFloris","slug":"fredfloris"}],"_links":{"self":[{"href":"https:\/\/fredfloris.eu\/pl\/wp-json\/wp\/v2\/product\/5148","targetHints":{"allow":["GET"]}}],"collection":[{"href":"https:\/\/fredfloris.eu\/pl\/wp-json\/wp\/v2\/product"}],"about":[{"href":"https:\/\/fredfloris.eu\/pl\/wp-json\/wp\/v2\/types\/product"}],"version-history":[{"count":14,"href":"https:\/\/fredfloris.eu\/pl\/wp-json\/wp\/v2\/product\/5148\/revisions"}],"predecessor-version":[{"id":11548,"href":"https:\/\/fredfloris.eu\/pl\/wp-json\/wp\/v2\/product\/5148\/revisions\/11548"}],"wp:featuredmedia":[{"embeddable":true,"href":"https:\/\/fredfloris.eu\/pl\/wp-json\/wp\/v2\/media\/10226"}],"wp:attachment":[{"href":"https:\/\/fredfloris.eu\/pl\/wp-json\/wp\/v2\/media?parent=5148"}],"wp:term":[{"taxonomy":"pwb-brand","embeddable":true,"href":"https:\/\/fredfloris.eu\/pl\/wp-json\/wp\/v2\/pwb-brand?post=5148"},{"taxonomy":"product_brand","embeddable":true,"href":"https:\/\/fredfloris.eu\/pl\/wp-json\/wp\/v2\/product_brand?post=5148"},{"taxonomy":"product_cat","embeddable":true,"href":"https:\/\/fredfloris.eu\/pl\/wp-json\/wp\/v2\/product_cat?post=5148"},{"taxonomy":"product_tag","embeddable":true,"href":"https:\/\/fredfloris.eu\/pl\/wp-json\/wp\/v2\/product_tag?post=5148"},{"taxonomy":"woo-feed-brand","embeddable":true,"href":"https:\/\/fredfloris.eu\/pl\/wp-json\/wp\/v2\/woo-feed-brand?post=5148"}],"curies":[{"name":"wp","href":"https:\/\/api.w.org\/{rel}","templated":true}]}}