{"id":5154,"date":"2022-05-16T17:32:11","date_gmt":"2022-05-16T15:32:11","guid":{"rendered":"https:\/\/fredfloris.eu\/?post_type=product&#038;p=5154"},"modified":"2024-06-24T21:14:15","modified_gmt":"2024-06-24T19:14:15","slug":"vattern-dopp-kits","status":"publish","type":"product","link":"https:\/\/fredfloris.eu\/pl\/productpage\/vattern-dopp-kits\/","title":{"rendered":"V\u00e4ttern - Du\u017ce zestawy Dopp"},"content":{"rendered":"<p><strong>Personalizacja:<\/strong> Dodaj imi\u0119, zdj\u0119cie lub wiadomo\u015b\u0107 bez dodatkowych koszt\u00f3w. Aby doda\u0107 w\u0142asny projekt, wystarczy doda\u0107 do koszyka zar\u00f3wno produkt, jak i wybrany projekt.<\/p>\n<p><a class=\"lumise-customize-button button alt\" href=\"https:\/\/fredfloris.eu\/pl\/productpage\/customize-vattern-large-dopp-kits\/?wmc-currency=PLN\" name=\"customize\">Dostosuj<\/a><\/p>\n<p><strong>Przedstawiamy nasz wysokiej jako\u015bci zestaw Dopp Kit, zaprojektowany tak, aby pomie\u015bci\u0107 wszystkie niezb\u0119dne rzeczy w dobrym stylu.<\/strong> Wykonana z pe\u0142noziarnistej sk\u00f3ry, ta przestronna torba jest zar\u00f3wno mi\u0119kka, jak i trwa\u0142a. G\u0142adki mosi\u0119\u017cny zamek b\u0142yskawiczny YKK otwiera si\u0119, ods\u0142aniaj\u0105c pi\u0119knie wy\u015bcie\u0142ane wn\u0119trze, idealne do organizowania produkt\u00f3w do piel\u0119gnacji i sprz\u0119tu do golenia. Rozpocznij dzie\u0144 bez wysi\u0142ku, maj\u0105c wszystko, czego potrzebujesz, bezpiecznie na swoim miejscu.<\/p>\n<p><strong>Prosty, stylowy i wyrafinowany:<\/strong> Zaufanie do kunsztu i trwa\u0142o\u015bci tej torby podr\u00f3\u017cnej jest \u0142atwe. Obiecuje by\u0107 wiernym towarzyszem przez wiele lat, towarzysz\u0105c ci w ka\u017cdej podr\u00f3\u017cy z niezawodno\u015bci\u0105 i klas\u0105.<\/p>\n<p><strong>Specyfikacja produktu:<\/strong><\/p>\n<ul>\n<li><strong>Wykonane w ca\u0142o\u015bci r\u0119cznie w naszym rodzinnym Leather Art Studio<\/strong><\/li>\n<li><strong>Wymiary:<\/strong> Szeroko\u015b\u0107: ~255 mm, Wysoko\u015b\u0107: ~160 mm<\/li>\n<li><strong>Opcje kolor\u00f3w:<\/strong> Dost\u0119pne w kolorach Cognac i \u015bredni br\u0105z<\/li>\n<li><strong>Materia\u0142:<\/strong> Wykonane z garbowanej ro\u015blinnie sk\u00f3ry ciel\u0119cej, garbowanej we W\u0142oszech<\/li>\n<li><strong>Szwy:<\/strong> Tradycyjne szwy rymarskie, szyte r\u0119cznie<\/li>\n<li><strong>Zamek b\u0142yskawiczny:<\/strong> Wyposa\u017cony w wysokiej jako\u015bci mosi\u0119\u017cny zamek b\u0142yskawiczny YKK<\/li>\n<li><strong>Podszewka:<\/strong> Podszewka z garbowanej ro\u015blinnie sk\u00f3ry licowej zapewnia dodatkowy powiew luksusu.<\/li>\n<li><strong>W\u0105tek:<\/strong> Szyte nici\u0105 Tiger Ritza 25, znan\u0105 ze swojej wytrzyma\u0142o\u015bci i odporno\u015bci.<\/li>\n<\/ul>\n<p>&nbsp;<\/p>\n<p>Wyszukiwane s\u0142owa: Podr\u00f3\u017cny sk\u00f3rzany zestaw dopp, Torba na przybory toaletowe<\/p>","protected":false},"excerpt":{"rendered":"<p>Nasz zestaw dopp zosta\u0142 stworzony z pe\u0142noziarnistej europejskiej sk\u00f3ry ciel\u0119cej dostarczonej przez w\u0142osk\u0105 garbarni\u0119 Mapel &amp; C we wsp\u00f3\u0142pracy z toska\u0144skimi firmami garbarskimi. Podczas procesu garbowania do sk\u00f3ry dodawana jest lekka warstwa oleju, aby stworzy\u0107 tak zwan\u0105 sk\u00f3r\u0119 pull-up. Ta metoda garbowania nadaje zestawowi Dopp Kit bardziej rustykalny wygl\u0105d.<\/p>\n<pre><\/pre>\n<p>Po otrzymaniu w naszym warsztacie, sk\u00f3ra jest ci\u0119ta, kraw\u0119dzie s\u0105 zaokr\u0105glane, szlifowane, r\u0119cznie polerowane, a nast\u0119pnie kraw\u0119dzie s\u0105 r\u0119cznie barwione. Podczas tego procesu przywi\u0105zujemy du\u017c\u0105 wag\u0119 do szczeg\u00f3\u0142\u00f3w, aby zachowa\u0107 struktur\u0119 sk\u00f3ry.<\/p>\n<pre><\/pre>\n<p>Wn\u0119trze jest wy\u0142o\u017cone neutraln\u0105 sk\u00f3r\u0105 ciel\u0119c\u0105, kt\u00f3ra jest w ca\u0142o\u015bci szyta r\u0119cznie. Uchwyty i zamek b\u0142yskawiczny YKK s\u0105 r\u0119cznie przyszyte do g\u0142\u00f3wnego elementu przy u\u017cyciu tradycyjnej techniki szycia siodlarskiego. Ta metoda szycia zapewnia trwa\u0142o\u015b\u0107 produktu, zw\u0142aszcza przy du\u017cym obci\u0105\u017ceniu i napr\u0119\u017ceniu.<\/p>","protected":false},"featured_media":10187,"template":"","meta":[],"pwb-brand":[203],"product_brand":[],"product_cat":[111,100],"product_tag":[123,136,105],"woo-feed-brand":[],"class_list":{"0":"post-5154","1":"product","2":"type-product","3":"status-publish","4":"has-post-thumbnail","6":"pwb-brand-fredfloris","7":"product_cat-dopp-kits","8":"product_cat-leathergoods","9":"product_tag-full-grain-leather","10":"product_tag-handmade","11":"product_tag-made-to-order","12":"product_shipping_class-large-goods","13":"pa_leather-colour-cognac-pull-up","14":"pa_leather-colour-medium-brown-pull-up","16":"first","17":"instock","18":"taxable","19":"shipping-taxable","20":"purchasable","21":"product-type-variable","22":"has-default-attributes"},"yoast_head":"<!-- This site is optimized with the Yoast SEO plugin v27.2 - https:\/\/yoast.com\/product\/yoast-seo-wordpress\/ -->\n<title>Full-Grain Leather Dopp Kit | FredFloris<\/title>\n<meta name=\"description\" content=\"Our leather travel dopp kit is handmade with full-grain leather and GOTS-certified cotton fabric making the dopp kit bag highly durable.\" \/>\n<meta name=\"robots\" content=\"index, follow, max-snippet:-1, max-image-preview:large, max-video-preview:-1\" \/>\n<link rel=\"canonical\" href=\"https:\/\/fredfloris.eu\/pl\/productpage\/vattern-dopp-kits\/?wmc-currency=PLN\" \/>\n<meta property=\"og:locale\" content=\"pl_PL\" \/>\n<meta property=\"og:type\" content=\"article\" \/>\n<meta property=\"og:title\" content=\"Full-Grain Leather Dopp Kit | FredFloris\" \/>\n<meta property=\"og:description\" content=\"Our leather travel dopp kit is handmade with full-grain leather and GOTS-certified cotton fabric making the dopp kit bag highly durable.\" \/>\n<meta property=\"og:url\" content=\"https:\/\/fredfloris.eu\/pl\/productpage\/vattern-dopp-kits\/?wmc-currency=PLN\" \/>\n<meta property=\"og:site_name\" content=\"FredFloris\" \/>\n<meta property=\"article:publisher\" content=\"https:\/\/www.facebook.com\/FredFloris.Artisan.Studio\/\" \/>\n<meta property=\"article:modified_time\" content=\"2024-06-24T19:14:15+00:00\" \/>\n<meta property=\"og:image\" content=\"https:\/\/fredfloris.eu\/wp-content\/uploads\/2022\/10\/IMG_3810-scaled.jpg\" \/>\n\t<meta property=\"og:image:width\" content=\"2560\" \/>\n\t<meta property=\"og:image:height\" content=\"1707\" \/>\n\t<meta property=\"og:image:type\" content=\"image\/jpeg\" \/>\n<meta name=\"twitter:card\" content=\"summary_large_image\" \/>\n<meta name=\"twitter:site\" content=\"@_fredfloris_\" \/>\n<meta name=\"twitter:label1\" content=\"Szacowany czas czytania\" \/>\n\t<meta name=\"twitter:data1\" content=\"2 minuty\" \/>\n<script type=\"application\/ld+json\" class=\"yoast-schema-graph\">{\"@context\":\"https:\/\/schema.org\",\"@graph\":[{\"@type\":\"WebPage\",\"@id\":\"https:\/\/fredfloris.eu\/productpage\/vattern-dopp-kits\/\",\"url\":\"https:\/\/fredfloris.eu\/productpage\/vattern-dopp-kits\/\",\"name\":\"Full-Grain Leather Dopp Kit | FredFloris\",\"isPartOf\":{\"@id\":\"https:\/\/fredfloris.eu\/#website\"},\"primaryImageOfPage\":{\"@id\":\"https:\/\/fredfloris.eu\/productpage\/vattern-dopp-kits\/#primaryimage\"},\"image\":{\"@id\":\"https:\/\/fredfloris.eu\/productpage\/vattern-dopp-kits\/#primaryimage\"},\"thumbnailUrl\":\"https:\/\/fredfloris.eu\/wp-content\/uploads\/2022\/10\/IMG_3810-scaled.jpg\",\"datePublished\":\"2022-05-16T15:32:11+00:00\",\"dateModified\":\"2024-06-24T19:14:15+00:00\",\"description\":\"Our leather travel dopp kit is handmade with full-grain leather and GOTS-certified cotton fabric making the dopp kit bag highly durable.\",\"breadcrumb\":{\"@id\":\"https:\/\/fredfloris.eu\/productpage\/vattern-dopp-kits\/#breadcrumb\"},\"inLanguage\":\"pl-PL\",\"potentialAction\":[{\"@type\":\"ReadAction\",\"target\":[\"https:\/\/fredfloris.eu\/productpage\/vattern-dopp-kits\/\"]}]},{\"@type\":\"ImageObject\",\"inLanguage\":\"pl-PL\",\"@id\":\"https:\/\/fredfloris.eu\/productpage\/vattern-dopp-kits\/#primaryimage\",\"url\":\"https:\/\/fredfloris.eu\/wp-content\/uploads\/2022\/10\/IMG_3810-scaled.jpg\",\"contentUrl\":\"https:\/\/fredfloris.eu\/wp-content\/uploads\/2022\/10\/IMG_3810-scaled.jpg\",\"width\":2560,\"height\":1707,\"caption\":\"Product: Dickens, V\u00e4ttern - Large Dopp Kits, Colour: Medium Brown & Cognac, Thread Colour: Black, YKK Brass Zipper\"},{\"@type\":\"BreadcrumbList\",\"@id\":\"https:\/\/fredfloris.eu\/productpage\/vattern-dopp-kits\/#breadcrumb\",\"itemListElement\":[{\"@type\":\"ListItem\",\"position\":1,\"name\":\"Home\",\"item\":\"https:\/\/fredfloris.eu\/\"},{\"@type\":\"ListItem\",\"position\":2,\"name\":\"Shop\",\"item\":\"https:\/\/fredfloris.eu\/shop\/\"},{\"@type\":\"ListItem\",\"position\":3,\"name\":\"V\u00e4ttern &#8211; Large Dopp Kits\"}]},{\"@type\":\"WebSite\",\"@id\":\"https:\/\/fredfloris.eu\/#website\",\"url\":\"https:\/\/fredfloris.eu\/\",\"name\":\"FredFloris\",\"description\":\"Handcrafted Leathergoods - Made in Sweden\",\"publisher\":{\"@id\":\"https:\/\/fredfloris.eu\/#organization\"},\"potentialAction\":[{\"@type\":\"SearchAction\",\"target\":{\"@type\":\"EntryPoint\",\"urlTemplate\":\"https:\/\/fredfloris.eu\/?s={search_term_string}\"},\"query-input\":{\"@type\":\"PropertyValueSpecification\",\"valueRequired\":true,\"valueName\":\"search_term_string\"}}],\"inLanguage\":\"pl-PL\"},{\"@type\":\"Organization\",\"@id\":\"https:\/\/fredfloris.eu\/#organization\",\"name\":\"FredFloris\",\"url\":\"https:\/\/fredfloris.eu\/\",\"logo\":{\"@type\":\"ImageObject\",\"inLanguage\":\"pl-PL\",\"@id\":\"https:\/\/fredfloris.eu\/#\/schema\/logo\/image\/\",\"url\":\"https:\/\/fredfloris.eu\/wp-content\/uploads\/2022\/03\/FredFloris-med-hel-nal-och-text.png\",\"contentUrl\":\"https:\/\/fredfloris.eu\/wp-content\/uploads\/2022\/03\/FredFloris-med-hel-nal-och-text.png\",\"width\":591,\"height\":283,\"caption\":\"FredFloris\"},\"image\":{\"@id\":\"https:\/\/fredfloris.eu\/#\/schema\/logo\/image\/\"},\"sameAs\":[\"https:\/\/www.facebook.com\/FredFloris.Artisan.Studio\/\",\"https:\/\/x.com\/_fredfloris_\",\"https:\/\/www.instagram.com\/fredfloris.artisan.studio\/\"]}]}<\/script>\n<!-- \/ Yoast SEO plugin. -->","yoast_head_json":{"title":"Zestaw Dopp Kit ze sk\u00f3ry licowej | FredFloris","description":"Nasz sk\u00f3rzany zestaw podr\u00f3\u017cny jest wykonany r\u0119cznie z pe\u0142noziarnistej sk\u00f3ry i tkaniny bawe\u0142nianej z certyfikatem GOTS, dzi\u0119ki czemu torba jest bardzo trwa\u0142a.","robots":{"index":"index","follow":"follow","max-snippet":"max-snippet:-1","max-image-preview":"max-image-preview:large","max-video-preview":"max-video-preview:-1"},"canonical":"https:\/\/fredfloris.eu\/pl\/productpage\/vattern-dopp-kits\/?wmc-currency=PLN","og_locale":"pl_PL","og_type":"article","og_title":"Full-Grain Leather Dopp Kit | FredFloris","og_description":"Our leather travel dopp kit is handmade with full-grain leather and GOTS-certified cotton fabric making the dopp kit bag highly durable.","og_url":"https:\/\/fredfloris.eu\/pl\/productpage\/vattern-dopp-kits\/?wmc-currency=PLN","og_site_name":"FredFloris","article_publisher":"https:\/\/www.facebook.com\/FredFloris.Artisan.Studio\/","article_modified_time":"2024-06-24T19:14:15+00:00","og_image":[{"width":2560,"height":1707,"url":"https:\/\/fredfloris.eu\/wp-content\/uploads\/2022\/10\/IMG_3810-scaled.jpg","type":"image\/jpeg"}],"twitter_card":"summary_large_image","twitter_site":"@_fredfloris_","twitter_misc":{"Szacowany czas czytania":"2 minuty"},"schema":{"@context":"https:\/\/schema.org","@graph":[{"@type":"WebPage","@id":"https:\/\/fredfloris.eu\/productpage\/vattern-dopp-kits\/","url":"https:\/\/fredfloris.eu\/productpage\/vattern-dopp-kits\/","name":"Zestaw Dopp Kit ze sk\u00f3ry licowej | FredFloris","isPartOf":{"@id":"https:\/\/fredfloris.eu\/#website"},"primaryImageOfPage":{"@id":"https:\/\/fredfloris.eu\/productpage\/vattern-dopp-kits\/#primaryimage"},"image":{"@id":"https:\/\/fredfloris.eu\/productpage\/vattern-dopp-kits\/#primaryimage"},"thumbnailUrl":"https:\/\/fredfloris.eu\/wp-content\/uploads\/2022\/10\/IMG_3810-scaled.jpg","datePublished":"2022-05-16T15:32:11+00:00","dateModified":"2024-06-24T19:14:15+00:00","description":"Nasz sk\u00f3rzany zestaw podr\u00f3\u017cny jest wykonany r\u0119cznie z pe\u0142noziarnistej sk\u00f3ry i tkaniny bawe\u0142nianej z certyfikatem GOTS, dzi\u0119ki czemu torba jest bardzo trwa\u0142a.","breadcrumb":{"@id":"https:\/\/fredfloris.eu\/productpage\/vattern-dopp-kits\/#breadcrumb"},"inLanguage":"pl-PL","potentialAction":[{"@type":"ReadAction","target":["https:\/\/fredfloris.eu\/productpage\/vattern-dopp-kits\/"]}]},{"@type":"ImageObject","inLanguage":"pl-PL","@id":"https:\/\/fredfloris.eu\/productpage\/vattern-dopp-kits\/#primaryimage","url":"https:\/\/fredfloris.eu\/wp-content\/uploads\/2022\/10\/IMG_3810-scaled.jpg","contentUrl":"https:\/\/fredfloris.eu\/wp-content\/uploads\/2022\/10\/IMG_3810-scaled.jpg","width":2560,"height":1707,"caption":"Product: Dickens, V\u00e4ttern - Large Dopp Kits, Colour: Medium Brown & Cognac, Thread Colour: Black, YKK Brass Zipper"},{"@type":"BreadcrumbList","@id":"https:\/\/fredfloris.eu\/productpage\/vattern-dopp-kits\/#breadcrumb","itemListElement":[{"@type":"ListItem","position":1,"name":"Home","item":"https:\/\/fredfloris.eu\/"},{"@type":"ListItem","position":2,"name":"Shop","item":"https:\/\/fredfloris.eu\/shop\/"},{"@type":"ListItem","position":3,"name":"V\u00e4ttern &#8211; Large Dopp Kits"}]},{"@type":"WebSite","@id":"https:\/\/fredfloris.eu\/#website","url":"https:\/\/fredfloris.eu\/","name":"FredFloris","description":"R\u0119cznie wykonane wyroby sk\u00f3rzane - wyprodukowane w Szwecji","publisher":{"@id":"https:\/\/fredfloris.eu\/#organization"},"potentialAction":[{"@type":"SearchAction","target":{"@type":"EntryPoint","urlTemplate":"https:\/\/fredfloris.eu\/?s={search_term_string}"},"query-input":{"@type":"PropertyValueSpecification","valueRequired":true,"valueName":"search_term_string"}}],"inLanguage":"pl-PL"},{"@type":"Organization","@id":"https:\/\/fredfloris.eu\/#organization","name":"FredFloris","url":"https:\/\/fredfloris.eu\/","logo":{"@type":"ImageObject","inLanguage":"pl-PL","@id":"https:\/\/fredfloris.eu\/#\/schema\/logo\/image\/","url":"https:\/\/fredfloris.eu\/wp-content\/uploads\/2022\/03\/FredFloris-med-hel-nal-och-text.png","contentUrl":"https:\/\/fredfloris.eu\/wp-content\/uploads\/2022\/03\/FredFloris-med-hel-nal-och-text.png","width":591,"height":283,"caption":"FredFloris"},"image":{"@id":"https:\/\/fredfloris.eu\/#\/schema\/logo\/image\/"},"sameAs":["https:\/\/www.facebook.com\/FredFloris.Artisan.Studio\/","https:\/\/x.com\/_fredfloris_","https:\/\/www.instagram.com\/fredfloris.artisan.studio\/"]}]}},"brands":[{"id":203,"name":"FredFloris","slug":"fredfloris"}],"_links":{"self":[{"href":"https:\/\/fredfloris.eu\/pl\/wp-json\/wp\/v2\/product\/5154","targetHints":{"allow":["GET"]}}],"collection":[{"href":"https:\/\/fredfloris.eu\/pl\/wp-json\/wp\/v2\/product"}],"about":[{"href":"https:\/\/fredfloris.eu\/pl\/wp-json\/wp\/v2\/types\/product"}],"version-history":[{"count":14,"href":"https:\/\/fredfloris.eu\/pl\/wp-json\/wp\/v2\/product\/5154\/revisions"}],"predecessor-version":[{"id":11545,"href":"https:\/\/fredfloris.eu\/pl\/wp-json\/wp\/v2\/product\/5154\/revisions\/11545"}],"wp:featuredmedia":[{"embeddable":true,"href":"https:\/\/fredfloris.eu\/pl\/wp-json\/wp\/v2\/media\/10187"}],"wp:attachment":[{"href":"https:\/\/fredfloris.eu\/pl\/wp-json\/wp\/v2\/media?parent=5154"}],"wp:term":[{"taxonomy":"pwb-brand","embeddable":true,"href":"https:\/\/fredfloris.eu\/pl\/wp-json\/wp\/v2\/pwb-brand?post=5154"},{"taxonomy":"product_brand","embeddable":true,"href":"https:\/\/fredfloris.eu\/pl\/wp-json\/wp\/v2\/product_brand?post=5154"},{"taxonomy":"product_cat","embeddable":true,"href":"https:\/\/fredfloris.eu\/pl\/wp-json\/wp\/v2\/product_cat?post=5154"},{"taxonomy":"product_tag","embeddable":true,"href":"https:\/\/fredfloris.eu\/pl\/wp-json\/wp\/v2\/product_tag?post=5154"},{"taxonomy":"woo-feed-brand","embeddable":true,"href":"https:\/\/fredfloris.eu\/pl\/wp-json\/wp\/v2\/woo-feed-brand?post=5154"}],"curies":[{"name":"wp","href":"https:\/\/api.w.org\/{rel}","templated":true}]}}