{"id":5169,"date":"2022-05-16T19:01:56","date_gmt":"2022-05-16T17:01:56","guid":{"rendered":"https:\/\/fredfloris.eu\/?post_type=product&#038;p=5169"},"modified":"2025-02-22T15:44:39","modified_gmt":"2025-02-22T13:44:39","slug":"slim-pocket-card-wallets","status":"publish","type":"product","link":"https:\/\/fredfloris.eu\/pl\/productpage\/slim-pocket-card-wallets\/","title":{"rendered":"W\u0105skie portfele na karty"},"content":{"rendered":"<p><strong>Personalizacja:<\/strong> Prosz\u0119 doda\u0107 imi\u0119 lub wiadomo\u015b\u0107 bez dodatkowych koszt\u00f3w. Aby spersonalizowa\u0107 produkt za pomoc\u0105 w\u0142asnego wzoru, wystarczy doda\u0107 do koszyka zar\u00f3wno produkt, jak i wybrany wz\u00f3r.<\/p>\n<p><a class=\"lumise-customize-button button alt\" href=\"https:\/\/fredfloris.eu\/pl\/productpage\/customize-slim-pocket-card-wallets\/?wmc-currency=PLN\" name=\"customize\">Dostosuj<\/a><\/p>\n<p><strong>Nasze w\u0105skie portfele na karty, zaprojektowane z my\u015bl\u0105 o erze bezgot\u00f3wkowej, zapewniaj\u0105 nowoczesn\u0105 wydajno\u015b\u0107.<\/strong> Te portfele s\u0105 idealne dla tych, kt\u00f3rzy ceni\u0105 sobie szybkie, eleganckie i bezpieczne transakcje. Dost\u0119pne s\u0105 w dw\u00f3ch rozmiarach, aby dopasowa\u0107 si\u0119 do Pa\u0144stwa stylu \u017cycia: du\u017ca wersja pomie\u015bci do 8 kart, podczas gdy ma\u0142a wersja pomie\u015bci do 4 kart. Prosz\u0119 wybra\u0107 rozmiar, kt\u00f3ry najlepiej odpowiada Pa\u0144stwa potrzebom i codziennie wyra\u017ca\u0107 swoj\u0105 indywidualno\u015b\u0107.<\/p>\n<p><strong>Specyfikacja produktu:<\/strong><\/p>\n<ul>\n<li><strong>Wykonane w ca\u0142o\u015bci r\u0119cznie w naszym rodzinnym Leather Art Studio<\/strong><\/li>\n<li><strong>Opcje pojemno\u015bci:<\/strong> Du\u017cy portfel mie\u015bci do 8 kart; ma\u0142y portfel mie\u015bci do 4 kart<\/li>\n<li><strong>Materia\u0142:<\/strong> Wykonane z pe\u0142noziarnistej sk\u00f3ry, garbowanej ro\u015blinnie we W\u0142oszech przy u\u017cyciu tradycyjnej toska\u0144skiej receptury Vacchetta.<\/li>\n<li><strong>Szwy:<\/strong> Tradycyjne szwy rymarskie, szyte r\u0119cznie<\/li>\n<li><strong>W\u0105tek:<\/strong> Wykonana z materia\u0142u Tiger Ritza 25, znanego z wyj\u0105tkowej wytrzyma\u0142o\u015bci<\/li>\n<li><strong>Wymiary:<\/strong>\n<ul>\n<li><strong>Du\u017cy portfel:<\/strong> Szeroko\u015b\u0107: 80 mm, wysoko\u015b\u0107: 75 mm po zamkni\u0119ciu<\/li>\n<li><strong>Ma\u0142y portfel:<\/strong> Szeroko\u015b\u0107: 70 mm, wysoko\u015b\u0107: 75 mm po zamkni\u0119ciu<\/li>\n<\/ul>\n<\/li>\n<li><strong>Opcje kolor\u00f3w:<\/strong> Dost\u0119pne w kolorach: czarny, granatowy, Cognac, ciep\u0142y Cognac, ciemny Cognac, ciemno\u017c\u00f3\u0142ty, niebiesko-zielony<\/li>\n<li><strong>Opcje przycisk\u00f3w:<\/strong> Prosz\u0119 wybra\u0107 przycisk z galwanizowanego \u017celaza lub galwanizowanego mosi\u0105dzu<\/li>\n<li><strong>Funkcja bezpiecze\u0144stwa:<\/strong> Obejmuje bezp\u0142atny <a href=\"https:\/\/fredfloris.eu\/pl\/productpage\/nfc-card-rfid-blocking\/?wmc-currency=PLN\" rel=\"noopener\">karta antypo\u015blizgowa<\/a><\/li>\n<\/ul>\n<p>&nbsp;<\/p>\n<p>Wyszukiwane s\u0142owa: Slim sk\u00f3rzany portfel na karty kredytowe, Slim sk\u00f3rzany portfel<\/p>","protected":false},"excerpt":{"rendered":"<p>Stworzony z garbowanej ro\u015blinnie sk\u00f3ry licowej, sk\u00f3ra jest wycinana ze sk\u00f3ry, sk\u0142adana i zszywana wysokiej jako\u015bci woskowan\u0105 nici\u0105 poliestrow\u0105 przy u\u017cyciu tradycyjnej techniki r\u0119cznego szycia siodlarskiego. Ta metoda szycia zapewnia trwa\u0142o\u015b\u0107 portfela, zw\u0142aszcza przy du\u017cym obci\u0105\u017ceniu i napr\u0119\u017ceniu. Ozdobne linie, kt\u00f3re zosta\u0142y dodane do portfela, s\u0105 wykonane za pomoc\u0105 podgrzewanej big\u00f3wki poni\u017cej miejsc na karty. Kraw\u0119dzie s\u0105 zaokr\u0105glane, szlifowane, a nast\u0119pnie barwione r\u0119cznie przy u\u017cyciu kilku warstw farby do kraw\u0119dzi. Malowanie kraw\u0119dzi odbywa si\u0119 z wielk\u0105 precyzj\u0105, aby zapewni\u0107 zachowanie ziarnisto\u015bci sk\u00f3ry.<\/p>\n<pre><\/pre>\n<p>Sk\u00f3ra wyko\u0144czona anilin\u0105 jest dostarczana przez Mapel &amp; C, a sk\u00f3ra pull-up\/woskowana jest dostarczana przez Badalassi Carlo. Obie garbarnie wykorzystuj\u0105 staro\u017cytn\u0105 toska\u0144sk\u0105 receptur\u0119 Vacchetta do garbowania sk\u00f3ry i obie s\u0105 cz\u0119\u015bci\u0105 szanowanych organizacji, odpowiednio toska\u0144skich firm garbarskich i konsorcjum Pelle Conciata al Vegetale.<\/p>","protected":false},"featured_media":3277,"template":"","meta":[],"pwb-brand":[203],"product_brand":[],"product_cat":[100,104],"product_tag":[123,136,105],"woo-feed-brand":[],"class_list":{"0":"post-5169","1":"product","2":"type-product","3":"status-publish","4":"has-post-thumbnail","6":"pwb-brand-fredfloris","7":"product_cat-leathergoods","8":"product_cat-wallets","9":"product_tag-full-grain-leather","10":"product_tag-handmade","11":"product_tag-made-to-order","12":"product_shipping_class-small-goods","13":"pa_leather-colour-black-mapelec-thin","14":"pa_leather-colour-petrol-waxed","15":"pa_leather-colour-cognac","16":"pa_leather-colour-dark-cognac-waxed","17":"pa_leather-colour-mustard-waxed","18":"pa_leather-colour-navy","19":"pa_leather-colour-warm-cognac","21":"first","22":"instock","23":"taxable","24":"shipping-taxable","25":"purchasable","26":"product-type-variable","27":"has-default-attributes"},"yoast_head":"<!-- This site is optimized with the Yoast SEO plugin v27.2 - https:\/\/yoast.com\/product\/yoast-seo-wordpress\/ -->\n<title>Slim Leather Credit Card Wallet | Free Anti-Skimming Card | FredFloris<\/title>\n<meta name=\"description\" content=\"Slim leather credit card wallet made in Sweden. Free anti-skimming card that blocks RFID signals is included with e very leather wallet\" \/>\n<meta name=\"robots\" content=\"index, follow, max-snippet:-1, max-image-preview:large, max-video-preview:-1\" \/>\n<link rel=\"canonical\" href=\"https:\/\/fredfloris.eu\/pl\/productpage\/slim-pocket-card-wallets\/?wmc-currency=PLN\" \/>\n<meta property=\"og:locale\" content=\"pl_PL\" \/>\n<meta property=\"og:type\" content=\"article\" \/>\n<meta property=\"og:title\" content=\"Slim Leather Credit Card Wallet | Free Anti-Skimming Card | FredFloris\" \/>\n<meta property=\"og:description\" content=\"Slim leather credit card wallet made in Sweden. Free anti-skimming card that blocks RFID signals is included with e very leather wallet\" \/>\n<meta property=\"og:url\" content=\"https:\/\/fredfloris.eu\/pl\/productpage\/slim-pocket-card-wallets\/?wmc-currency=PLN\" \/>\n<meta property=\"og:site_name\" content=\"FredFloris\" \/>\n<meta property=\"article:publisher\" content=\"https:\/\/www.facebook.com\/FredFloris.Artisan.Studio\/\" \/>\n<meta property=\"article:modified_time\" content=\"2025-02-22T13:44:39+00:00\" \/>\n<meta property=\"og:image\" content=\"https:\/\/fredfloris.eu\/wp-content\/uploads\/2022\/04\/IMG_1928-scaled.jpg\" \/>\n\t<meta property=\"og:image:width\" content=\"2560\" \/>\n\t<meta property=\"og:image:height\" content=\"1679\" \/>\n\t<meta property=\"og:image:type\" content=\"image\/jpeg\" \/>\n<meta name=\"twitter:card\" content=\"summary_large_image\" \/>\n<meta name=\"twitter:site\" content=\"@_fredfloris_\" \/>\n<meta name=\"twitter:label1\" content=\"Szacowany czas czytania\" \/>\n\t<meta name=\"twitter:data1\" content=\"2 minuty\" \/>\n<script type=\"application\/ld+json\" class=\"yoast-schema-graph\">{\"@context\":\"https:\/\/schema.org\",\"@graph\":[{\"@type\":\"WebPage\",\"@id\":\"https:\/\/fredfloris.eu\/productpage\/slim-pocket-card-wallets\/\",\"url\":\"https:\/\/fredfloris.eu\/productpage\/slim-pocket-card-wallets\/\",\"name\":\"Slim Leather Credit Card Wallet | Free Anti-Skimming Card | FredFloris\",\"isPartOf\":{\"@id\":\"https:\/\/fredfloris.eu\/#website\"},\"primaryImageOfPage\":{\"@id\":\"https:\/\/fredfloris.eu\/productpage\/slim-pocket-card-wallets\/#primaryimage\"},\"image\":{\"@id\":\"https:\/\/fredfloris.eu\/productpage\/slim-pocket-card-wallets\/#primaryimage\"},\"thumbnailUrl\":\"https:\/\/fredfloris.eu\/wp-content\/uploads\/2022\/04\/IMG_1928-scaled-e1740231568996.jpg\",\"datePublished\":\"2022-05-16T17:01:56+00:00\",\"dateModified\":\"2025-02-22T13:44:39+00:00\",\"description\":\"Slim leather credit card wallet made in Sweden. Free anti-skimming card that blocks RFID signals is included with e very leather wallet\",\"breadcrumb\":{\"@id\":\"https:\/\/fredfloris.eu\/productpage\/slim-pocket-card-wallets\/#breadcrumb\"},\"inLanguage\":\"pl-PL\",\"potentialAction\":[{\"@type\":\"ReadAction\",\"target\":[\"https:\/\/fredfloris.eu\/productpage\/slim-pocket-card-wallets\/\"]}]},{\"@type\":\"ImageObject\",\"inLanguage\":\"pl-PL\",\"@id\":\"https:\/\/fredfloris.eu\/productpage\/slim-pocket-card-wallets\/#primaryimage\",\"url\":\"https:\/\/fredfloris.eu\/wp-content\/uploads\/2022\/04\/IMG_1928-scaled-e1740231568996.jpg\",\"contentUrl\":\"https:\/\/fredfloris.eu\/wp-content\/uploads\/2022\/04\/IMG_1928-scaled-e1740231568996.jpg\",\"width\":2517,\"height\":1679,\"caption\":\"Product: Pocket Card Wallets \u2013 from left to right, Navy Blue, Dark Cognac, Cognac, Dark Yellow, Blue-Green and Black\"},{\"@type\":\"BreadcrumbList\",\"@id\":\"https:\/\/fredfloris.eu\/productpage\/slim-pocket-card-wallets\/#breadcrumb\",\"itemListElement\":[{\"@type\":\"ListItem\",\"position\":1,\"name\":\"Home\",\"item\":\"https:\/\/fredfloris.eu\/\"},{\"@type\":\"ListItem\",\"position\":2,\"name\":\"Shop\",\"item\":\"https:\/\/fredfloris.eu\/shop\/\"},{\"@type\":\"ListItem\",\"position\":3,\"name\":\"Slim Card Wallets\"}]},{\"@type\":\"WebSite\",\"@id\":\"https:\/\/fredfloris.eu\/#website\",\"url\":\"https:\/\/fredfloris.eu\/\",\"name\":\"FredFloris\",\"description\":\"Handcrafted Leathergoods - Made in Sweden\",\"publisher\":{\"@id\":\"https:\/\/fredfloris.eu\/#organization\"},\"potentialAction\":[{\"@type\":\"SearchAction\",\"target\":{\"@type\":\"EntryPoint\",\"urlTemplate\":\"https:\/\/fredfloris.eu\/?s={search_term_string}\"},\"query-input\":{\"@type\":\"PropertyValueSpecification\",\"valueRequired\":true,\"valueName\":\"search_term_string\"}}],\"inLanguage\":\"pl-PL\"},{\"@type\":\"Organization\",\"@id\":\"https:\/\/fredfloris.eu\/#organization\",\"name\":\"FredFloris\",\"url\":\"https:\/\/fredfloris.eu\/\",\"logo\":{\"@type\":\"ImageObject\",\"inLanguage\":\"pl-PL\",\"@id\":\"https:\/\/fredfloris.eu\/#\/schema\/logo\/image\/\",\"url\":\"https:\/\/fredfloris.eu\/wp-content\/uploads\/2022\/03\/FredFloris-med-hel-nal-och-text.png\",\"contentUrl\":\"https:\/\/fredfloris.eu\/wp-content\/uploads\/2022\/03\/FredFloris-med-hel-nal-och-text.png\",\"width\":591,\"height\":283,\"caption\":\"FredFloris\"},\"image\":{\"@id\":\"https:\/\/fredfloris.eu\/#\/schema\/logo\/image\/\"},\"sameAs\":[\"https:\/\/www.facebook.com\/FredFloris.Artisan.Studio\/\",\"https:\/\/x.com\/_fredfloris_\",\"https:\/\/www.instagram.com\/fredfloris.artisan.studio\/\"]}]}<\/script>\n<!-- \/ Yoast SEO plugin. -->","yoast_head_json":{"title":"Smuk\u0142y sk\u00f3rzany portfel na karty kredytowe | Bezp\u0142atna karta antykradzie\u017cowa | FredFloris","description":"Smuk\u0142y sk\u00f3rzany portfel na karty kredytowe wyprodukowany w Szwecji. Do sk\u00f3rzanego portfela do\u0142\u0105czona jest bezp\u0142atna karta blokuj\u0105ca sygna\u0142y RFID.","robots":{"index":"index","follow":"follow","max-snippet":"max-snippet:-1","max-image-preview":"max-image-preview:large","max-video-preview":"max-video-preview:-1"},"canonical":"https:\/\/fredfloris.eu\/pl\/productpage\/slim-pocket-card-wallets\/?wmc-currency=PLN","og_locale":"pl_PL","og_type":"article","og_title":"Slim Leather Credit Card Wallet | Free Anti-Skimming Card | FredFloris","og_description":"Slim leather credit card wallet made in Sweden. Free anti-skimming card that blocks RFID signals is included with e very leather wallet","og_url":"https:\/\/fredfloris.eu\/pl\/productpage\/slim-pocket-card-wallets\/?wmc-currency=PLN","og_site_name":"FredFloris","article_publisher":"https:\/\/www.facebook.com\/FredFloris.Artisan.Studio\/","article_modified_time":"2025-02-22T13:44:39+00:00","og_image":[{"width":2560,"height":1679,"url":"https:\/\/fredfloris.eu\/wp-content\/uploads\/2022\/04\/IMG_1928-scaled.jpg","type":"image\/jpeg"}],"twitter_card":"summary_large_image","twitter_site":"@_fredfloris_","twitter_misc":{"Szacowany czas czytania":"2 minuty"},"schema":{"@context":"https:\/\/schema.org","@graph":[{"@type":"WebPage","@id":"https:\/\/fredfloris.eu\/productpage\/slim-pocket-card-wallets\/","url":"https:\/\/fredfloris.eu\/productpage\/slim-pocket-card-wallets\/","name":"Smuk\u0142y sk\u00f3rzany portfel na karty kredytowe | Bezp\u0142atna karta antykradzie\u017cowa | FredFloris","isPartOf":{"@id":"https:\/\/fredfloris.eu\/#website"},"primaryImageOfPage":{"@id":"https:\/\/fredfloris.eu\/productpage\/slim-pocket-card-wallets\/#primaryimage"},"image":{"@id":"https:\/\/fredfloris.eu\/productpage\/slim-pocket-card-wallets\/#primaryimage"},"thumbnailUrl":"https:\/\/fredfloris.eu\/wp-content\/uploads\/2022\/04\/IMG_1928-scaled-e1740231568996.jpg","datePublished":"2022-05-16T17:01:56+00:00","dateModified":"2025-02-22T13:44:39+00:00","description":"Smuk\u0142y sk\u00f3rzany portfel na karty kredytowe wyprodukowany w Szwecji. Do sk\u00f3rzanego portfela do\u0142\u0105czona jest bezp\u0142atna karta blokuj\u0105ca sygna\u0142y RFID.","breadcrumb":{"@id":"https:\/\/fredfloris.eu\/productpage\/slim-pocket-card-wallets\/#breadcrumb"},"inLanguage":"pl-PL","potentialAction":[{"@type":"ReadAction","target":["https:\/\/fredfloris.eu\/productpage\/slim-pocket-card-wallets\/"]}]},{"@type":"ImageObject","inLanguage":"pl-PL","@id":"https:\/\/fredfloris.eu\/productpage\/slim-pocket-card-wallets\/#primaryimage","url":"https:\/\/fredfloris.eu\/wp-content\/uploads\/2022\/04\/IMG_1928-scaled-e1740231568996.jpg","contentUrl":"https:\/\/fredfloris.eu\/wp-content\/uploads\/2022\/04\/IMG_1928-scaled-e1740231568996.jpg","width":2517,"height":1679,"caption":"Product: Pocket Card Wallets \u2013 from left to right, Navy Blue, Dark Cognac, Cognac, Dark Yellow, Blue-Green and Black"},{"@type":"BreadcrumbList","@id":"https:\/\/fredfloris.eu\/productpage\/slim-pocket-card-wallets\/#breadcrumb","itemListElement":[{"@type":"ListItem","position":1,"name":"Home","item":"https:\/\/fredfloris.eu\/"},{"@type":"ListItem","position":2,"name":"Shop","item":"https:\/\/fredfloris.eu\/shop\/"},{"@type":"ListItem","position":3,"name":"Slim Card Wallets"}]},{"@type":"WebSite","@id":"https:\/\/fredfloris.eu\/#website","url":"https:\/\/fredfloris.eu\/","name":"FredFloris","description":"R\u0119cznie wykonane wyroby sk\u00f3rzane - wyprodukowane w Szwecji","publisher":{"@id":"https:\/\/fredfloris.eu\/#organization"},"potentialAction":[{"@type":"SearchAction","target":{"@type":"EntryPoint","urlTemplate":"https:\/\/fredfloris.eu\/?s={search_term_string}"},"query-input":{"@type":"PropertyValueSpecification","valueRequired":true,"valueName":"search_term_string"}}],"inLanguage":"pl-PL"},{"@type":"Organization","@id":"https:\/\/fredfloris.eu\/#organization","name":"FredFloris","url":"https:\/\/fredfloris.eu\/","logo":{"@type":"ImageObject","inLanguage":"pl-PL","@id":"https:\/\/fredfloris.eu\/#\/schema\/logo\/image\/","url":"https:\/\/fredfloris.eu\/wp-content\/uploads\/2022\/03\/FredFloris-med-hel-nal-och-text.png","contentUrl":"https:\/\/fredfloris.eu\/wp-content\/uploads\/2022\/03\/FredFloris-med-hel-nal-och-text.png","width":591,"height":283,"caption":"FredFloris"},"image":{"@id":"https:\/\/fredfloris.eu\/#\/schema\/logo\/image\/"},"sameAs":["https:\/\/www.facebook.com\/FredFloris.Artisan.Studio\/","https:\/\/x.com\/_fredfloris_","https:\/\/www.instagram.com\/fredfloris.artisan.studio\/"]}]}},"brands":[{"id":203,"name":"FredFloris","slug":"fredfloris"}],"_links":{"self":[{"href":"https:\/\/fredfloris.eu\/pl\/wp-json\/wp\/v2\/product\/5169","targetHints":{"allow":["GET"]}}],"collection":[{"href":"https:\/\/fredfloris.eu\/pl\/wp-json\/wp\/v2\/product"}],"about":[{"href":"https:\/\/fredfloris.eu\/pl\/wp-json\/wp\/v2\/types\/product"}],"version-history":[{"count":22,"href":"https:\/\/fredfloris.eu\/pl\/wp-json\/wp\/v2\/product\/5169\/revisions"}],"predecessor-version":[{"id":11601,"href":"https:\/\/fredfloris.eu\/pl\/wp-json\/wp\/v2\/product\/5169\/revisions\/11601"}],"wp:featuredmedia":[{"embeddable":true,"href":"https:\/\/fredfloris.eu\/pl\/wp-json\/wp\/v2\/media\/3277"}],"wp:attachment":[{"href":"https:\/\/fredfloris.eu\/pl\/wp-json\/wp\/v2\/media?parent=5169"}],"wp:term":[{"taxonomy":"pwb-brand","embeddable":true,"href":"https:\/\/fredfloris.eu\/pl\/wp-json\/wp\/v2\/pwb-brand?post=5169"},{"taxonomy":"product_brand","embeddable":true,"href":"https:\/\/fredfloris.eu\/pl\/wp-json\/wp\/v2\/product_brand?post=5169"},{"taxonomy":"product_cat","embeddable":true,"href":"https:\/\/fredfloris.eu\/pl\/wp-json\/wp\/v2\/product_cat?post=5169"},{"taxonomy":"product_tag","embeddable":true,"href":"https:\/\/fredfloris.eu\/pl\/wp-json\/wp\/v2\/product_tag?post=5169"},{"taxonomy":"woo-feed-brand","embeddable":true,"href":"https:\/\/fredfloris.eu\/pl\/wp-json\/wp\/v2\/woo-feed-brand?post=5169"}],"curies":[{"name":"wp","href":"https:\/\/api.w.org\/{rel}","templated":true}]}}